{"id":127846,"date":"2019-10-28T16:15:01","date_gmt":"2019-10-28T15:15:01","guid":{"rendered":"https:\/\/www.eliassen.nl\/?product=adezz-zubehoer-adezz-outdoor-kamine"},"modified":"2024-12-17T17:13:26","modified_gmt":"2024-12-17T16:13:26","slug":"burni-outdoor-kamine-adezz-zubehor","status":"publish","type":"product","link":"https:\/\/dev.eliassen.nl\/de\/burni-outdoor-kamine-adezz-zubehor\/","title":{"rendered":"Burni Outdoor-Kamine Adezz-Zubeh\u00f6r"},"content":{"rendered":"<p>Hier finden Sie alles Zubeh\u00f6r, das Sie f\u00fcr Ihren Adezz-Kamin ben\u00f6tigen. Sie k\u00f6nnen zwischen 2 mm dickem Cortenstahl oder dem gleichen Stahlpulver w\u00e4hlen, das in derselben schwarzen Farbe RAL9005 beschichtet ist. <br \/>Die Abflussrohre passen perfekt zusammen, die Rohre sind 154 mm dick, biegen sich in 45 und 90 Grad, so dass Sie alle Richtungen abdecken k\u00f6nnen. corderit).<\/p>\n<p><strong>ACHTUNG: Die Enok-Kamine und der Stig XL ben\u00f6tigen ein Rohr von 204 mm !! Alle anderen gen\u00fcgen der normalen Gr\u00f6\u00dfe.<\/strong><\/p>\n<p><strong><span style=\"color: #ff0000;\">Treffen Sie Ihre Wahl hier oben.<\/span><\/strong><\/p>\n<ul>\n<li><span style=\"color: #ff0000;\"><strong><span style=\"background-color: #ffffff;\">NIEDERL\u00c4NDISCHE KUNDEN: Bitte w\u00e4hlen Sie &#8220;Abholung des Artikels&#8221; im Warenkorb. Es werden keine Versandkosten berechnet und wir werden Ihre Bestellung so schnell wie m\u00f6glich versenden.<\/span><\/strong><\/span><\/li>\n<\/ul>\n","protected":false},"excerpt":{"rendered":"<p>Hier finden Sie alles Zubeh\u00f6r, das Sie f\u00fcr Ihren Adezz-Kamin ben\u00f6tigen. Sie k\u00f6nnen zwischen 2 mm dickem Cortenstahl oder dem gleichen Stahlpulver w\u00e4hlen, das in derselben schwarzen Farbe RAL9005 beschichtet ist. Die Abflussrohre passen perfekt zusammen, die Rohre sind 154 mm dick, biegen sich in 45 und 90 Grad, so dass Sie alle Richtungen abdecken &hellip;<\/p>\n","protected":false},"featured_media":7327,"template":"","meta":{"_acf_changed":false},"product_brand":[],"product_cat":[1473],"product_tag":[],"class_list":{"0":"post-127846","1":"product","2":"type-product","3":"status-publish","4":"has-post-thumbnail","6":"product_cat-geen-categorie","8":"first","9":"onbackorder","10":"taxable","11":"shipping-taxable","12":"purchasable","13":"product-type-variable"},"acf":[],"yoast_head":"<!-- This site is optimized with the Yoast SEO plugin v23.8 - https:\/\/yoast.com\/wordpress\/plugins\/seo\/ -->\n<title>Buni Outdoor-Kamine Adezz Zubeh\u00f6r<\/title>\n<meta name=\"description\" content=\"Bij Eliassen koopt u Burni tuinhaarden Adezz accessoires online of live te bekijken in de showroom. Bestel direct online.\" \/>\n<meta name=\"robots\" content=\"noindex, follow, max-snippet:-1, max-image-preview:large, max-video-preview:-1\" \/>\n<meta property=\"og:locale\" content=\"de_DE\" \/>\n<meta property=\"og:type\" content=\"article\" \/>\n<meta property=\"og:title\" content=\"Buni Outdoor-Kamine Adezz Zubeh\u00f6r\" \/>\n<meta property=\"og:description\" content=\"Bij Eliassen koopt u Burni tuinhaarden Adezz accessoires online of live te bekijken in de showroom. Bestel direct online.\" \/>\n<meta property=\"og:url\" content=\"https:\/\/dev.eliassen.nl\/de\/burni-outdoor-kamine-adezz-zubehor\/\" \/>\n<meta property=\"og:site_name\" content=\"Eliassen.nl\" \/>\n<meta property=\"article:publisher\" content=\"https:\/\/www.facebook.com\/TuincentrumEliassenAmmerzoden\" \/>\n<meta property=\"article:modified_time\" content=\"2024-12-17T16:13:26+00:00\" \/>\n<meta property=\"og:image\" content=\"https:\/\/dev.eliassen.nl\/wp-content\/uploads\/2024\/01\/burniaccesories.jpg\" \/>\n\t<meta property=\"og:image:width\" content=\"1024\" \/>\n\t<meta property=\"og:image:height\" content=\"401\" \/>\n\t<meta property=\"og:image:type\" content=\"image\/jpeg\" \/>\n<meta name=\"twitter:card\" content=\"summary_large_image\" \/>\n<script type=\"application\/ld+json\" class=\"yoast-schema-graph\">{\"@context\":\"https:\/\/schema.org\",\"@graph\":[{\"@type\":\"WebPage\",\"@id\":\"https:\/\/dev.eliassen.nl\/de\/burni-outdoor-kamine-adezz-zubehor\/\",\"url\":\"https:\/\/dev.eliassen.nl\/de\/burni-outdoor-kamine-adezz-zubehor\/\",\"name\":\"Buni Outdoor-Kamine Adezz Zubeh\u00f6r\",\"isPartOf\":{\"@id\":\"https:\/\/dev.eliassen.nl\/de\/#website\"},\"primaryImageOfPage\":{\"@id\":\"https:\/\/dev.eliassen.nl\/de\/burni-outdoor-kamine-adezz-zubehor\/#primaryimage\"},\"image\":{\"@id\":\"https:\/\/dev.eliassen.nl\/de\/burni-outdoor-kamine-adezz-zubehor\/#primaryimage\"},\"thumbnailUrl\":\"https:\/\/dev.eliassen.nl\/wp-content\/uploads\/2024\/01\/burniaccesories.jpg\",\"datePublished\":\"2019-10-28T15:15:01+00:00\",\"dateModified\":\"2024-12-17T16:13:26+00:00\",\"description\":\"Bij Eliassen koopt u Burni tuinhaarden Adezz accessoires online of live te bekijken in de showroom. Bestel direct online.\",\"breadcrumb\":{\"@id\":\"https:\/\/dev.eliassen.nl\/de\/burni-outdoor-kamine-adezz-zubehor\/#breadcrumb\"},\"inLanguage\":\"de\",\"potentialAction\":[{\"@type\":\"ReadAction\",\"target\":[\"https:\/\/dev.eliassen.nl\/de\/burni-outdoor-kamine-adezz-zubehor\/\"]}]},{\"@type\":\"ImageObject\",\"inLanguage\":\"de\",\"@id\":\"https:\/\/dev.eliassen.nl\/de\/burni-outdoor-kamine-adezz-zubehor\/#primaryimage\",\"url\":\"https:\/\/dev.eliassen.nl\/wp-content\/uploads\/2024\/01\/burniaccesories.jpg\",\"contentUrl\":\"https:\/\/dev.eliassen.nl\/wp-content\/uploads\/2024\/01\/burniaccesories.jpg\",\"width\":1024,\"height\":401,\"caption\":\"burni-accesories\"},{\"@type\":\"BreadcrumbList\",\"@id\":\"https:\/\/dev.eliassen.nl\/de\/burni-outdoor-kamine-adezz-zubehor\/#breadcrumb\",\"itemListElement\":[{\"@type\":\"ListItem\",\"position\":1,\"name\":\"Home\",\"item\":\"https:\/\/dev.eliassen.nl\/de\/\"},{\"@type\":\"ListItem\",\"position\":2,\"name\":\"Shop\",\"item\":\"https:\/\/dev.eliassen.nl\/nl\/winkel\/\"},{\"@type\":\"ListItem\",\"position\":3,\"name\":\"Geen categorie\",\"item\":\"https:\/\/dev.eliassen.nl\/de\/geen-categorie-de\/\"},{\"@type\":\"ListItem\",\"position\":4,\"name\":\"Burni Outdoor-Kamine Adezz-Zubeh\u00f6r\"}]},{\"@type\":\"WebSite\",\"@id\":\"https:\/\/dev.eliassen.nl\/de\/#website\",\"url\":\"https:\/\/dev.eliassen.nl\/de\/\",\"name\":\"Eliassen Home & Garden Pleasure\",\"description\":\"\",\"publisher\":{\"@id\":\"https:\/\/dev.eliassen.nl\/de\/#organization\"},\"alternateName\":\"Eliassen.nl\",\"potentialAction\":[{\"@type\":\"SearchAction\",\"target\":{\"@type\":\"EntryPoint\",\"urlTemplate\":\"https:\/\/dev.eliassen.nl\/de\/?s={search_term_string}\"},\"query-input\":{\"@type\":\"PropertyValueSpecification\",\"valueRequired\":true,\"valueName\":\"search_term_string\"}}],\"inLanguage\":\"de\"},{\"@type\":\"Organization\",\"@id\":\"https:\/\/dev.eliassen.nl\/de\/#organization\",\"name\":\"Eliassen Home & Garden Pleasure\",\"url\":\"https:\/\/dev.eliassen.nl\/de\/\",\"logo\":{\"@type\":\"ImageObject\",\"inLanguage\":\"de\",\"@id\":\"https:\/\/dev.eliassen.nl\/de\/#\/schema\/logo\/image\/\",\"url\":\"https:\/\/www.eliassen.nl\/wp-content\/uploads\/2024\/01\/logo_4nd.jpg\",\"contentUrl\":\"https:\/\/www.eliassen.nl\/wp-content\/uploads\/2024\/01\/logo_4nd.jpg\",\"width\":500,\"height\":500,\"caption\":\"Eliassen Home & Garden Pleasure\"},\"image\":{\"@id\":\"https:\/\/dev.eliassen.nl\/de\/#\/schema\/logo\/image\/\"},\"sameAs\":[\"https:\/\/www.facebook.com\/TuincentrumEliassenAmmerzoden\",\"https:\/\/www.instagram.com\/eliassenhomeandgarden\/\",\"https:\/\/nl.pinterest.com\/eliassenhomeandgarden\/\",\"https:\/\/www.youtube.com\/@eliassenhomegardenpleasure4558\"]}]}<\/script>\n<!-- \/ Yoast SEO plugin. -->","yoast_head_json":{"title":"Buni Outdoor-Kamine Adezz Zubeh\u00f6r","description":"Bij Eliassen koopt u Burni tuinhaarden Adezz accessoires online of live te bekijken in de showroom. Bestel direct online.","robots":{"index":"noindex","follow":"follow","max-snippet":"max-snippet:-1","max-image-preview":"max-image-preview:large","max-video-preview":"max-video-preview:-1"},"og_locale":"de_DE","og_type":"article","og_title":"Buni Outdoor-Kamine Adezz Zubeh\u00f6r","og_description":"Bij Eliassen koopt u Burni tuinhaarden Adezz accessoires online of live te bekijken in de showroom. Bestel direct online.","og_url":"https:\/\/dev.eliassen.nl\/de\/burni-outdoor-kamine-adezz-zubehor\/","og_site_name":"Eliassen.nl","article_publisher":"https:\/\/www.facebook.com\/TuincentrumEliassenAmmerzoden","article_modified_time":"2024-12-17T16:13:26+00:00","og_image":[{"width":1024,"height":401,"url":"https:\/\/dev.eliassen.nl\/wp-content\/uploads\/2024\/01\/burniaccesories.jpg","type":"image\/jpeg"}],"twitter_card":"summary_large_image","schema":{"@context":"https:\/\/schema.org","@graph":[{"@type":"WebPage","@id":"https:\/\/dev.eliassen.nl\/de\/burni-outdoor-kamine-adezz-zubehor\/","url":"https:\/\/dev.eliassen.nl\/de\/burni-outdoor-kamine-adezz-zubehor\/","name":"Buni Outdoor-Kamine Adezz Zubeh\u00f6r","isPartOf":{"@id":"https:\/\/dev.eliassen.nl\/de\/#website"},"primaryImageOfPage":{"@id":"https:\/\/dev.eliassen.nl\/de\/burni-outdoor-kamine-adezz-zubehor\/#primaryimage"},"image":{"@id":"https:\/\/dev.eliassen.nl\/de\/burni-outdoor-kamine-adezz-zubehor\/#primaryimage"},"thumbnailUrl":"https:\/\/dev.eliassen.nl\/wp-content\/uploads\/2024\/01\/burniaccesories.jpg","datePublished":"2019-10-28T15:15:01+00:00","dateModified":"2024-12-17T16:13:26+00:00","description":"Bij Eliassen koopt u Burni tuinhaarden Adezz accessoires online of live te bekijken in de showroom. Bestel direct online.","breadcrumb":{"@id":"https:\/\/dev.eliassen.nl\/de\/burni-outdoor-kamine-adezz-zubehor\/#breadcrumb"},"inLanguage":"de","potentialAction":[{"@type":"ReadAction","target":["https:\/\/dev.eliassen.nl\/de\/burni-outdoor-kamine-adezz-zubehor\/"]}]},{"@type":"ImageObject","inLanguage":"de","@id":"https:\/\/dev.eliassen.nl\/de\/burni-outdoor-kamine-adezz-zubehor\/#primaryimage","url":"https:\/\/dev.eliassen.nl\/wp-content\/uploads\/2024\/01\/burniaccesories.jpg","contentUrl":"https:\/\/dev.eliassen.nl\/wp-content\/uploads\/2024\/01\/burniaccesories.jpg","width":1024,"height":401,"caption":"burni-accesories"},{"@type":"BreadcrumbList","@id":"https:\/\/dev.eliassen.nl\/de\/burni-outdoor-kamine-adezz-zubehor\/#breadcrumb","itemListElement":[{"@type":"ListItem","position":1,"name":"Home","item":"https:\/\/dev.eliassen.nl\/de\/"},{"@type":"ListItem","position":2,"name":"Shop","item":"https:\/\/dev.eliassen.nl\/nl\/winkel\/"},{"@type":"ListItem","position":3,"name":"Geen categorie","item":"https:\/\/dev.eliassen.nl\/de\/geen-categorie-de\/"},{"@type":"ListItem","position":4,"name":"Burni Outdoor-Kamine Adezz-Zubeh\u00f6r"}]},{"@type":"WebSite","@id":"https:\/\/dev.eliassen.nl\/de\/#website","url":"https:\/\/dev.eliassen.nl\/de\/","name":"Eliassen Home & Garden Pleasure","description":"","publisher":{"@id":"https:\/\/dev.eliassen.nl\/de\/#organization"},"alternateName":"Eliassen.nl","potentialAction":[{"@type":"SearchAction","target":{"@type":"EntryPoint","urlTemplate":"https:\/\/dev.eliassen.nl\/de\/?s={search_term_string}"},"query-input":{"@type":"PropertyValueSpecification","valueRequired":true,"valueName":"search_term_string"}}],"inLanguage":"de"},{"@type":"Organization","@id":"https:\/\/dev.eliassen.nl\/de\/#organization","name":"Eliassen Home & Garden Pleasure","url":"https:\/\/dev.eliassen.nl\/de\/","logo":{"@type":"ImageObject","inLanguage":"de","@id":"https:\/\/dev.eliassen.nl\/de\/#\/schema\/logo\/image\/","url":"https:\/\/www.eliassen.nl\/wp-content\/uploads\/2024\/01\/logo_4nd.jpg","contentUrl":"https:\/\/www.eliassen.nl\/wp-content\/uploads\/2024\/01\/logo_4nd.jpg","width":500,"height":500,"caption":"Eliassen Home & Garden Pleasure"},"image":{"@id":"https:\/\/dev.eliassen.nl\/de\/#\/schema\/logo\/image\/"},"sameAs":["https:\/\/www.facebook.com\/TuincentrumEliassenAmmerzoden","https:\/\/www.instagram.com\/eliassenhomeandgarden\/","https:\/\/nl.pinterest.com\/eliassenhomeandgarden\/","https:\/\/www.youtube.com\/@eliassenhomegardenpleasure4558"]}]}},"df_price":30,"df_sale_price":"","df_regular_price":30,"df_image_link":"https:\/\/dev.eliassen.nl\/wp-content\/uploads\/2024\/01\/burniaccesories.jpg","image":"https:\/\/dev.eliassen.nl\/wp-content\/uploads\/2024\/01\/burniaccesories.jpg","price_search":"<span class=\"woocommerce-Price-amount amount\"><bdi><span class=\"woocommerce-Price-currencySymbol\">&euro;<\/span>&nbsp;30,00<\/bdi><\/span>","category":"Geen categorie","_links":{"self":[{"href":"https:\/\/dev.eliassen.nl\/de\/wp-json\/wp\/v2\/product\/127846","targetHints":{"allow":["GET"]}}],"collection":[{"href":"https:\/\/dev.eliassen.nl\/de\/wp-json\/wp\/v2\/product"}],"about":[{"href":"https:\/\/dev.eliassen.nl\/de\/wp-json\/wp\/v2\/types\/product"}],"wp:featuredmedia":[{"embeddable":true,"href":"https:\/\/dev.eliassen.nl\/de\/wp-json\/wp\/v2\/media\/7327"}],"wp:attachment":[{"href":"https:\/\/dev.eliassen.nl\/de\/wp-json\/wp\/v2\/media?parent=127846"}],"wp:term":[{"taxonomy":"product_brand","embeddable":true,"href":"https:\/\/dev.eliassen.nl\/de\/wp-json\/wp\/v2\/product_brand?post=127846"},{"taxonomy":"product_cat","embeddable":true,"href":"https:\/\/dev.eliassen.nl\/de\/wp-json\/wp\/v2\/product_cat?post=127846"},{"taxonomy":"product_tag","embeddable":true,"href":"https:\/\/dev.eliassen.nl\/de\/wp-json\/wp\/v2\/product_tag?post=127846"}],"curies":[{"name":"wp","href":"https:\/\/api.w.org\/{rel}","templated":true}]}}