{"id":127915,"date":"2019-10-28T16:16:14","date_gmt":"2019-10-28T15:16:14","guid":{"rendered":"https:\/\/www.eliassen.nl\/?product=enok-chiminea-3-modelle"},"modified":"2024-12-17T17:13:44","modified_gmt":"2024-12-17T16:13:44","slug":"gartenfeuer-enok-burni-adezz-in-2-modellen","status":"publish","type":"product","link":"https:\/\/dev.eliassen.nl\/de\/gartenfeuer-enok-burni-adezz-in-2-modellen\/","title":{"rendered":"Gartenfeuer Enok Burni Adezz in 2 Modellen"},"content":{"rendered":"<p>Abmessungen Enok: Hier <a href=\"https:\/\/cdn.webshopapp.com\/shops\/62885\/files\/219551930\/enok-bk2a.pdf\" target=\"_blank\" rel=\"noopener\">klicken<\/a><\/p>\n<p>Der Enok Kaminofen von Burni Adezz besteht aus 3 mm dickem, <em>doppelwandigem<\/em> Cortenstahl. Da Cortenstahl verwendet wird, entsteht auf dem Enok Gartenofen eine patinierte Rostfarbe. Solange der breite Enok Au\u00dfenofen f\u00fcr l\u00e4ngere Zeit drau\u00dfen bleibt, wird er immer sch\u00f6ner. Ein wichtiges Merkmal von Corten-Stahl ist, dass er nicht von selbst rosten kann. Dies ist gut f\u00fcr die Qualit\u00e4t des Standheizers Burni Enok. Da die Qualit\u00e4t der Burni-Gartenkamine garantiert ist, gew\u00e4hrt Burni eine volle 5-Jahres-Garantie auf den Enok-Gartenkamin, der f\u00fcr einen Au\u00dfenofen einzigartig ist. Der Burni Enok Stand-Terrassenheizer kann auch mit einem hitzebest\u00e4ndigen schwarzen Mattlack beschichtet werden. Beim Burni Enok Stand-Terrassenherd k\u00f6nnen Sie verschiedene Zubeh\u00f6rteile wie einen Grill bestellen, um den Au\u00dfenofen zu grillen. Ein Enok Kamin von Burni Adezz sollte auf Ihrer Terrasse oder im Garten nicht fehlen! Der Enok Kamin ist in der normalen Standversion oder als Modell erh\u00e4ltlich, das Sie an der Wand montieren. <br \/>Die gew\u00f6hnliche stehende Version ist 100 cm breit, 50 cm tief und 100 cm hoch. Das Wandmodell ist 100 cm breit x 50 cm tief x 50 cm hoch. <br \/>Es wurde die M\u00f6glichkeit vorgesehen, einen 70 cm gro\u00dfen Grillrost in 3 H\u00f6hen zu verwenden. <br \/>Dieses Grillgitter ist nicht im Lieferumfang enthalten. <br \/>Wenn Sie absolut nicht wollen, dass Rauch austritt, steht f\u00fcr diesen Terrassenheizer auch eine schlie\u00dfende T\u00fcr zur Verf\u00fcgung. Diese sind zusammen mit s\u00e4mtlichem Zubeh\u00f6r in dieser Produktgruppe erh\u00e4ltlich. <br \/><strong><span style=\"color: #ff0000;\">W\u00e4hlen Sie hier Ihre Implementierung aus.<\/span><\/strong><\/p>\n<p><strong><span style=\"color: #ff0000;\">Dieser Modellkamin ben\u00f6tigt Ablaufrohre mit einem Durchmesser von 204 mm.<\/span><\/strong><\/p>\n<p>Haben Sie eine Frage zu diesem Enok Gartenkamin? Klicken Sie <a href=\"mailto:info@eliassen.nl\"><span style=\"color: #ff0000;\">HIER<\/span><\/a> und stellen Sie Ihre Frage.<\/p>\n<ul>\n<li><span style=\"color: #ff0000;\"><strong><span style=\"background-color: #ffffff;\">NIEDERL\u00c4NDISCHE KUNDEN: Bitte w\u00e4hlen Sie &#8220;Abholung des Artikels&#8221; im Warenkorb. Es werden keine Versandkosten berechnet und wir werden Ihre Bestellung so schnell wie m\u00f6glich versenden.<\/span><\/strong><\/span><\/li>\n<\/ul>\n<p>Tipp: Nehmen Sie vor allem genug Rohr f\u00fcr den Rauchabzug, ab 250 Abtriebsh\u00f6he hat man wenig bis keine Probleme mit dem Rauch, es geht \u00fcber Menschen.<\/p>\n<p><strong>Wir haben mehrere Burni-Kamine im Ausstellungsraum, schauen Sie vorbei.<\/strong><\/p>\n<ul>\n<li>Material: 3mm Cortical <strong>doppelwandig<\/strong><\/li>\n<li>Gewicht: ca. 90kg<\/li>\n<li>Garantie: 5 Jahre<\/li>\n<li>Gr\u00f6\u00dfe: siehe Beschreibung<\/li>\n<li>Schnell geliefert<\/li>\n<li><strong>Kostenloser Versand innerhalb der Niederlande.<\/strong><\/li>\n<\/ul>\n<p>\u00a0<\/p>\n","protected":false},"excerpt":{"rendered":"<p>Rufen Sie uns an oder mailen Sie uns f\u00fcr den besten Preis!<\/p>\n","protected":false},"featured_media":176584,"template":"","meta":{"_acf_changed":false},"product_brand":[6920],"product_cat":[773,764,752],"product_tag":[],"class_list":{"0":"post-127915","1":"product","2":"type-product","3":"status-publish","4":"has-post-thumbnail","6":"product_brand-adezz-de","7":"product_cat-adezz-produkte","8":"product_cat-terrassenkamine-feuerstellen","9":"product_cat-weitere-artikel","11":"first","12":"onbackorder","13":"taxable","14":"shipping-taxable","15":"purchasable","16":"product-type-variable"},"acf":[],"yoast_head":"<!-- This site is optimized with the Yoast SEO plugin v23.8 - https:\/\/yoast.com\/wordpress\/plugins\/seo\/ -->\n<title>Garten Kamin Enok Burni Adezz in 3 Modelle<\/title>\n<meta name=\"description\" content=\"Terrasse Kamin\" \/>\n<meta name=\"robots\" content=\"noindex, follow, max-snippet:-1, max-image-preview:large, max-video-preview:-1\" \/>\n<meta property=\"og:locale\" content=\"de_DE\" \/>\n<meta property=\"og:type\" content=\"article\" \/>\n<meta property=\"og:title\" content=\"Garten Kamin Enok Burni Adezz in 3 Modelle\" \/>\n<meta property=\"og:description\" content=\"Terrasse Kamin\" \/>\n<meta property=\"og:url\" content=\"https:\/\/dev.eliassen.nl\/de\/gartenfeuer-enok-burni-adezz-in-2-modellen\/\" \/>\n<meta property=\"og:site_name\" content=\"Eliassen.nl\" \/>\n<meta property=\"article:publisher\" content=\"https:\/\/www.facebook.com\/TuincentrumEliassenAmmerzoden\" \/>\n<meta property=\"article:modified_time\" content=\"2024-12-17T16:13:44+00:00\" \/>\n<meta property=\"og:image\" content=\"https:\/\/dev.eliassen.nl\/wp-content\/uploads\/2019\/10\/enok.jpg\" \/>\n\t<meta property=\"og:image:width\" content=\"460\" \/>\n\t<meta property=\"og:image:height\" content=\"440\" \/>\n\t<meta property=\"og:image:type\" content=\"image\/jpeg\" \/>\n<meta name=\"twitter:card\" content=\"summary_large_image\" \/>\n<script type=\"application\/ld+json\" class=\"yoast-schema-graph\">{\"@context\":\"https:\/\/schema.org\",\"@graph\":[{\"@type\":\"WebPage\",\"@id\":\"https:\/\/dev.eliassen.nl\/de\/gartenfeuer-enok-burni-adezz-in-2-modellen\/\",\"url\":\"https:\/\/dev.eliassen.nl\/de\/gartenfeuer-enok-burni-adezz-in-2-modellen\/\",\"name\":\"Garten Kamin Enok Burni Adezz in 3 Modelle\",\"isPartOf\":{\"@id\":\"https:\/\/dev.eliassen.nl\/de\/#website\"},\"primaryImageOfPage\":{\"@id\":\"https:\/\/dev.eliassen.nl\/de\/gartenfeuer-enok-burni-adezz-in-2-modellen\/#primaryimage\"},\"image\":{\"@id\":\"https:\/\/dev.eliassen.nl\/de\/gartenfeuer-enok-burni-adezz-in-2-modellen\/#primaryimage\"},\"thumbnailUrl\":\"https:\/\/dev.eliassen.nl\/wp-content\/uploads\/2019\/10\/enok.jpg\",\"datePublished\":\"2019-10-28T15:16:14+00:00\",\"dateModified\":\"2024-12-17T16:13:44+00:00\",\"description\":\"Terrasse Kamin\",\"breadcrumb\":{\"@id\":\"https:\/\/dev.eliassen.nl\/de\/gartenfeuer-enok-burni-adezz-in-2-modellen\/#breadcrumb\"},\"inLanguage\":\"de\",\"potentialAction\":[{\"@type\":\"ReadAction\",\"target\":[\"https:\/\/dev.eliassen.nl\/de\/gartenfeuer-enok-burni-adezz-in-2-modellen\/\"]}]},{\"@type\":\"ImageObject\",\"inLanguage\":\"de\",\"@id\":\"https:\/\/dev.eliassen.nl\/de\/gartenfeuer-enok-burni-adezz-in-2-modellen\/#primaryimage\",\"url\":\"https:\/\/dev.eliassen.nl\/wp-content\/uploads\/2019\/10\/enok.jpg\",\"contentUrl\":\"https:\/\/dev.eliassen.nl\/wp-content\/uploads\/2019\/10\/enok.jpg\",\"width\":460,\"height\":440},{\"@type\":\"BreadcrumbList\",\"@id\":\"https:\/\/dev.eliassen.nl\/de\/gartenfeuer-enok-burni-adezz-in-2-modellen\/#breadcrumb\",\"itemListElement\":[{\"@type\":\"ListItem\",\"position\":1,\"name\":\"Home\",\"item\":\"https:\/\/dev.eliassen.nl\/de\/\"},{\"@type\":\"ListItem\",\"position\":2,\"name\":\"Shop\",\"item\":\"https:\/\/dev.eliassen.nl\/nl\/winkel\/\"},{\"@type\":\"ListItem\",\"position\":3,\"name\":\"Weitere Artikel\",\"item\":\"https:\/\/dev.eliassen.nl\/de\/weitere-artikel\/\"},{\"@type\":\"ListItem\",\"position\":4,\"name\":\"Terrassenkamine Feuerstellen\",\"item\":\"https:\/\/dev.eliassen.nl\/de\/garten-andere\/terrassenkamine-feuerstellen\/\"},{\"@type\":\"ListItem\",\"position\":5,\"name\":\"Gartenfeuer Enok Burni Adezz in 2 Modellen\"}]},{\"@type\":\"WebSite\",\"@id\":\"https:\/\/dev.eliassen.nl\/de\/#website\",\"url\":\"https:\/\/dev.eliassen.nl\/de\/\",\"name\":\"Eliassen Home & Garden Pleasure\",\"description\":\"\",\"publisher\":{\"@id\":\"https:\/\/dev.eliassen.nl\/de\/#organization\"},\"alternateName\":\"Eliassen.nl\",\"potentialAction\":[{\"@type\":\"SearchAction\",\"target\":{\"@type\":\"EntryPoint\",\"urlTemplate\":\"https:\/\/dev.eliassen.nl\/de\/?s={search_term_string}\"},\"query-input\":{\"@type\":\"PropertyValueSpecification\",\"valueRequired\":true,\"valueName\":\"search_term_string\"}}],\"inLanguage\":\"de\"},{\"@type\":\"Organization\",\"@id\":\"https:\/\/dev.eliassen.nl\/de\/#organization\",\"name\":\"Eliassen Home & Garden Pleasure\",\"url\":\"https:\/\/dev.eliassen.nl\/de\/\",\"logo\":{\"@type\":\"ImageObject\",\"inLanguage\":\"de\",\"@id\":\"https:\/\/dev.eliassen.nl\/de\/#\/schema\/logo\/image\/\",\"url\":\"https:\/\/www.eliassen.nl\/wp-content\/uploads\/2024\/01\/logo_4nd.jpg\",\"contentUrl\":\"https:\/\/www.eliassen.nl\/wp-content\/uploads\/2024\/01\/logo_4nd.jpg\",\"width\":500,\"height\":500,\"caption\":\"Eliassen Home & Garden Pleasure\"},\"image\":{\"@id\":\"https:\/\/dev.eliassen.nl\/de\/#\/schema\/logo\/image\/\"},\"sameAs\":[\"https:\/\/www.facebook.com\/TuincentrumEliassenAmmerzoden\",\"https:\/\/www.instagram.com\/eliassenhomeandgarden\/\",\"https:\/\/nl.pinterest.com\/eliassenhomeandgarden\/\",\"https:\/\/www.youtube.com\/@eliassenhomegardenpleasure4558\"]}]}<\/script>\n<!-- \/ Yoast SEO plugin. -->","yoast_head_json":{"title":"Garten Kamin Enok Burni Adezz in 3 Modelle","description":"Terrasse Kamin","robots":{"index":"noindex","follow":"follow","max-snippet":"max-snippet:-1","max-image-preview":"max-image-preview:large","max-video-preview":"max-video-preview:-1"},"og_locale":"de_DE","og_type":"article","og_title":"Garten Kamin Enok Burni Adezz in 3 Modelle","og_description":"Terrasse Kamin","og_url":"https:\/\/dev.eliassen.nl\/de\/gartenfeuer-enok-burni-adezz-in-2-modellen\/","og_site_name":"Eliassen.nl","article_publisher":"https:\/\/www.facebook.com\/TuincentrumEliassenAmmerzoden","article_modified_time":"2024-12-17T16:13:44+00:00","og_image":[{"width":460,"height":440,"url":"https:\/\/dev.eliassen.nl\/wp-content\/uploads\/2019\/10\/enok.jpg","type":"image\/jpeg"}],"twitter_card":"summary_large_image","schema":{"@context":"https:\/\/schema.org","@graph":[{"@type":"WebPage","@id":"https:\/\/dev.eliassen.nl\/de\/gartenfeuer-enok-burni-adezz-in-2-modellen\/","url":"https:\/\/dev.eliassen.nl\/de\/gartenfeuer-enok-burni-adezz-in-2-modellen\/","name":"Garten Kamin Enok Burni Adezz in 3 Modelle","isPartOf":{"@id":"https:\/\/dev.eliassen.nl\/de\/#website"},"primaryImageOfPage":{"@id":"https:\/\/dev.eliassen.nl\/de\/gartenfeuer-enok-burni-adezz-in-2-modellen\/#primaryimage"},"image":{"@id":"https:\/\/dev.eliassen.nl\/de\/gartenfeuer-enok-burni-adezz-in-2-modellen\/#primaryimage"},"thumbnailUrl":"https:\/\/dev.eliassen.nl\/wp-content\/uploads\/2019\/10\/enok.jpg","datePublished":"2019-10-28T15:16:14+00:00","dateModified":"2024-12-17T16:13:44+00:00","description":"Terrasse Kamin","breadcrumb":{"@id":"https:\/\/dev.eliassen.nl\/de\/gartenfeuer-enok-burni-adezz-in-2-modellen\/#breadcrumb"},"inLanguage":"de","potentialAction":[{"@type":"ReadAction","target":["https:\/\/dev.eliassen.nl\/de\/gartenfeuer-enok-burni-adezz-in-2-modellen\/"]}]},{"@type":"ImageObject","inLanguage":"de","@id":"https:\/\/dev.eliassen.nl\/de\/gartenfeuer-enok-burni-adezz-in-2-modellen\/#primaryimage","url":"https:\/\/dev.eliassen.nl\/wp-content\/uploads\/2019\/10\/enok.jpg","contentUrl":"https:\/\/dev.eliassen.nl\/wp-content\/uploads\/2019\/10\/enok.jpg","width":460,"height":440},{"@type":"BreadcrumbList","@id":"https:\/\/dev.eliassen.nl\/de\/gartenfeuer-enok-burni-adezz-in-2-modellen\/#breadcrumb","itemListElement":[{"@type":"ListItem","position":1,"name":"Home","item":"https:\/\/dev.eliassen.nl\/de\/"},{"@type":"ListItem","position":2,"name":"Shop","item":"https:\/\/dev.eliassen.nl\/nl\/winkel\/"},{"@type":"ListItem","position":3,"name":"Weitere Artikel","item":"https:\/\/dev.eliassen.nl\/de\/weitere-artikel\/"},{"@type":"ListItem","position":4,"name":"Terrassenkamine Feuerstellen","item":"https:\/\/dev.eliassen.nl\/de\/garten-andere\/terrassenkamine-feuerstellen\/"},{"@type":"ListItem","position":5,"name":"Gartenfeuer Enok Burni Adezz in 2 Modellen"}]},{"@type":"WebSite","@id":"https:\/\/dev.eliassen.nl\/de\/#website","url":"https:\/\/dev.eliassen.nl\/de\/","name":"Eliassen Home & Garden Pleasure","description":"","publisher":{"@id":"https:\/\/dev.eliassen.nl\/de\/#organization"},"alternateName":"Eliassen.nl","potentialAction":[{"@type":"SearchAction","target":{"@type":"EntryPoint","urlTemplate":"https:\/\/dev.eliassen.nl\/de\/?s={search_term_string}"},"query-input":{"@type":"PropertyValueSpecification","valueRequired":true,"valueName":"search_term_string"}}],"inLanguage":"de"},{"@type":"Organization","@id":"https:\/\/dev.eliassen.nl\/de\/#organization","name":"Eliassen Home & Garden Pleasure","url":"https:\/\/dev.eliassen.nl\/de\/","logo":{"@type":"ImageObject","inLanguage":"de","@id":"https:\/\/dev.eliassen.nl\/de\/#\/schema\/logo\/image\/","url":"https:\/\/www.eliassen.nl\/wp-content\/uploads\/2024\/01\/logo_4nd.jpg","contentUrl":"https:\/\/www.eliassen.nl\/wp-content\/uploads\/2024\/01\/logo_4nd.jpg","width":500,"height":500,"caption":"Eliassen Home & Garden Pleasure"},"image":{"@id":"https:\/\/dev.eliassen.nl\/de\/#\/schema\/logo\/image\/"},"sameAs":["https:\/\/www.facebook.com\/TuincentrumEliassenAmmerzoden","https:\/\/www.instagram.com\/eliassenhomeandgarden\/","https:\/\/nl.pinterest.com\/eliassenhomeandgarden\/","https:\/\/www.youtube.com\/@eliassenhomegardenpleasure4558"]}]}},"df_price":799,"df_sale_price":"","df_regular_price":799,"df_image_link":"https:\/\/dev.eliassen.nl\/wp-content\/uploads\/2019\/10\/enok-300x287.jpg","image":"https:\/\/dev.eliassen.nl\/wp-content\/uploads\/2019\/10\/enok-150x150.jpg","price_search":"<span class=\"woocommerce-Price-amount amount\"><bdi><span class=\"woocommerce-Price-currencySymbol\">&euro;<\/span>&nbsp;799,00<\/bdi><\/span>","category":"Adezz-Produkte","_links":{"self":[{"href":"https:\/\/dev.eliassen.nl\/de\/wp-json\/wp\/v2\/product\/127915","targetHints":{"allow":["GET"]}}],"collection":[{"href":"https:\/\/dev.eliassen.nl\/de\/wp-json\/wp\/v2\/product"}],"about":[{"href":"https:\/\/dev.eliassen.nl\/de\/wp-json\/wp\/v2\/types\/product"}],"wp:featuredmedia":[{"embeddable":true,"href":"https:\/\/dev.eliassen.nl\/de\/wp-json\/wp\/v2\/media\/176584"}],"wp:attachment":[{"href":"https:\/\/dev.eliassen.nl\/de\/wp-json\/wp\/v2\/media?parent=127915"}],"wp:term":[{"taxonomy":"product_brand","embeddable":true,"href":"https:\/\/dev.eliassen.nl\/de\/wp-json\/wp\/v2\/product_brand?post=127915"},{"taxonomy":"product_cat","embeddable":true,"href":"https:\/\/dev.eliassen.nl\/de\/wp-json\/wp\/v2\/product_cat?post=127915"},{"taxonomy":"product_tag","embeddable":true,"href":"https:\/\/dev.eliassen.nl\/de\/wp-json\/wp\/v2\/product_tag?post=127915"}],"curies":[{"name":"wp","href":"https:\/\/api.w.org\/{rel}","templated":true}]}}