{"id":127928,"date":"2019-10-28T16:16:28","date_gmt":"2019-10-28T15:16:28","guid":{"rendered":"https:\/\/www.eliassen.nl\/?product=adezz-thor-chiminea-burni"},"modified":"2024-12-17T17:13:45","modified_gmt":"2024-12-17T16:13:45","slug":"gartenkamin-stig-burni-adezz","status":"publish","type":"product","link":"https:\/\/dev.eliassen.nl\/de\/gartenkamin-stig-burni-adezz\/","title":{"rendered":"Gartenkamin Stig Burni Adezz"},"content":{"rendered":"<p>Der Stig Gartenofen von Burni Adezz besteht aus 3 mm dickem <em>doppelwandigem<\/em> Cortenstahl. Da Cortenstahl verwendet wird, entsteht auf dem Stig-Gartenkamin eine patinierte Rostfarbe. Je l\u00e4nger die breite Stig-Terrassenheizung bei jedem Wetter drau\u00dfen ist, desto sch\u00f6ner ist die Farbe. Eine wichtige Eigenschaft von Cortenstahl ist, dass er nicht von selbst korrodiert, was der Qualit\u00e4t der stehenden Terrassenheizung Burni Stig zugute kommt. Da die Qualit\u00e4t der Burni-Garten\u00f6fen garantiert ist, gew\u00e4hrt Burni 5 Jahre Garantie auf den Stig-Gartenofen, der f\u00fcr einen Au\u00dfenkamin einzigartig ist. Es ist auch m\u00f6glich, den stehenden Gartenofen Burni Stig mit einem hitzebest\u00e4ndigen schwarzen Mattlack \u00fcberziehen zu lassen. Sie k\u00f6nnen verschiedene Zubeh\u00f6rteile f\u00fcr die stehende Terrassenheizung Burni Enok bestellen, z. B. einen Grill, damit Sie um die Au\u00dfenheizung herum grillen k\u00f6nnen. Ein Stig-Au\u00dfenofen von Burni sollte daher auf Ihrer Terrasse oder im Garten nicht fehlen! <br \/>Die Stig-Terrassenheizung ist 50 cm breit, 50 cm tief und 100 cm hoch. <br \/>Es ist vorgesehen, einen 40-cm-Grillrost in 3 H\u00f6hen zu verwenden. <br \/>Dieses Grillgitter wird nicht standardm\u00e4\u00dfig mitgeliefert. <br \/>Tipp: Nehmen Sie gen\u00fcgend Rohr f\u00fcr den Rauchauslass. Ab einer Auslassh\u00f6he von 250 Personen treten kaum oder gar keine Probleme mit dem Rauch auf. Er wird dann \u00fcber Personen geleitet. <a href=\"mailto:info@eliassen.nl\">Mailen<\/a> Sie <a href=\"mailto:info@eliassen.nl\">HIER,<\/a> wenn Sie eine Frage zu diesem Produkt haben.<\/p>\n<ul>\n<li><span style=\"color: #ff0000;\"><strong><span style=\"background-color: #ffffff;\">NIEDERL\u00c4NDISCHE KUNDEN: Bitte w\u00e4hlen Sie im Warenkorb die Option &#8220;Abholung im Gesch\u00e4ft&#8221;. Dann werden keine Versandkosten berechnet und wir senden Ihre Bestellung so schnell wie m\u00f6glich.<\/span><\/strong><\/span><\/li>\n<\/ul>\n<p><strong>Wir haben verschiedene Burni-Kamine im Ausstellungsraum, kommen Sie und schauen Sie sich das an.<\/strong><\/p>\n<ul>\n<li>Material: 3mm Cortenstahl<\/li>\n<li>Garantie: 5 Jahre<\/li>\n<li>Gewicht ca. 80 kg<\/li>\n<li>Gr\u00f6\u00dfe: siehe Beschreibung<\/li>\n<li>Schnell geliefert<\/li>\n<li><strong>Kostenloser Versand innerhalb der Niederlande.<\/strong><\/li>\n<\/ul>\n<p>\u00a0<\/p>\n","protected":false},"excerpt":{"rendered":"<p>Rufen Sie uns an oder mailen Sie uns f\u00fcr den besten Preis!<\/p>\n","protected":false},"featured_media":176575,"template":"","meta":{"_acf_changed":false},"product_brand":[6920],"product_cat":[773,764,752],"product_tag":[],"class_list":{"0":"post-127928","1":"product","2":"type-product","3":"status-publish","4":"has-post-thumbnail","6":"product_brand-adezz-de","7":"product_cat-adezz-produkte","8":"product_cat-terrassenkamine-feuerstellen","9":"product_cat-weitere-artikel","11":"first","12":"onbackorder","13":"taxable","14":"shipping-taxable","15":"purchasable","16":"product-type-variable"},"acf":[],"yoast_head":"<!-- This site is optimized with the Yoast SEO plugin v23.8 - https:\/\/yoast.com\/wordpress\/plugins\/seo\/ -->\n<title>Gartenkamin Stig Burni Adezz<\/title>\n<meta name=\"description\" content=\"Bij Eliassen koopt u Tuinhaard Stig Burni Adezz online of live te bekijken in de showroom. Wij hebben de mooiste tuin overig, terrashaarden vuurkorven\" \/>\n<meta name=\"robots\" content=\"noindex, follow, max-snippet:-1, max-image-preview:large, max-video-preview:-1\" \/>\n<meta property=\"og:locale\" content=\"de_DE\" \/>\n<meta property=\"og:type\" content=\"article\" \/>\n<meta property=\"og:title\" content=\"Gartenkamin Stig Burni Adezz\" \/>\n<meta property=\"og:description\" content=\"Bij Eliassen koopt u Tuinhaard Stig Burni Adezz online of live te bekijken in de showroom. Wij hebben de mooiste tuin overig, terrashaarden vuurkorven\" \/>\n<meta property=\"og:url\" content=\"https:\/\/dev.eliassen.nl\/de\/gartenkamin-stig-burni-adezz\/\" \/>\n<meta property=\"og:site_name\" content=\"Eliassen.nl\" \/>\n<meta property=\"article:publisher\" content=\"https:\/\/www.facebook.com\/TuincentrumEliassenAmmerzoden\" \/>\n<meta property=\"article:modified_time\" content=\"2024-12-17T16:13:45+00:00\" \/>\n<meta property=\"og:image\" content=\"https:\/\/dev.eliassen.nl\/wp-content\/uploads\/2019\/10\/stig1.jpg\" \/>\n\t<meta property=\"og:image:width\" content=\"469\" \/>\n\t<meta property=\"og:image:height\" content=\"473\" \/>\n\t<meta property=\"og:image:type\" content=\"image\/jpeg\" \/>\n<meta name=\"twitter:card\" content=\"summary_large_image\" \/>\n<script type=\"application\/ld+json\" class=\"yoast-schema-graph\">{\"@context\":\"https:\/\/schema.org\",\"@graph\":[{\"@type\":\"WebPage\",\"@id\":\"https:\/\/dev.eliassen.nl\/de\/gartenkamin-stig-burni-adezz\/\",\"url\":\"https:\/\/dev.eliassen.nl\/de\/gartenkamin-stig-burni-adezz\/\",\"name\":\"Gartenkamin Stig Burni Adezz\",\"isPartOf\":{\"@id\":\"https:\/\/dev.eliassen.nl\/de\/#website\"},\"primaryImageOfPage\":{\"@id\":\"https:\/\/dev.eliassen.nl\/de\/gartenkamin-stig-burni-adezz\/#primaryimage\"},\"image\":{\"@id\":\"https:\/\/dev.eliassen.nl\/de\/gartenkamin-stig-burni-adezz\/#primaryimage\"},\"thumbnailUrl\":\"https:\/\/dev.eliassen.nl\/wp-content\/uploads\/2019\/10\/stig1.jpg\",\"datePublished\":\"2019-10-28T15:16:28+00:00\",\"dateModified\":\"2024-12-17T16:13:45+00:00\",\"description\":\"Bij Eliassen koopt u Tuinhaard Stig Burni Adezz online of live te bekijken in de showroom. Wij hebben de mooiste tuin overig, terrashaarden vuurkorven\",\"breadcrumb\":{\"@id\":\"https:\/\/dev.eliassen.nl\/de\/gartenkamin-stig-burni-adezz\/#breadcrumb\"},\"inLanguage\":\"de\",\"potentialAction\":[{\"@type\":\"ReadAction\",\"target\":[\"https:\/\/dev.eliassen.nl\/de\/gartenkamin-stig-burni-adezz\/\"]}]},{\"@type\":\"ImageObject\",\"inLanguage\":\"de\",\"@id\":\"https:\/\/dev.eliassen.nl\/de\/gartenkamin-stig-burni-adezz\/#primaryimage\",\"url\":\"https:\/\/dev.eliassen.nl\/wp-content\/uploads\/2019\/10\/stig1.jpg\",\"contentUrl\":\"https:\/\/dev.eliassen.nl\/wp-content\/uploads\/2019\/10\/stig1.jpg\",\"width\":469,\"height\":473},{\"@type\":\"BreadcrumbList\",\"@id\":\"https:\/\/dev.eliassen.nl\/de\/gartenkamin-stig-burni-adezz\/#breadcrumb\",\"itemListElement\":[{\"@type\":\"ListItem\",\"position\":1,\"name\":\"Home\",\"item\":\"https:\/\/dev.eliassen.nl\/de\/\"},{\"@type\":\"ListItem\",\"position\":2,\"name\":\"Shop\",\"item\":\"https:\/\/dev.eliassen.nl\/nl\/winkel\/\"},{\"@type\":\"ListItem\",\"position\":3,\"name\":\"Weitere Artikel\",\"item\":\"https:\/\/dev.eliassen.nl\/de\/weitere-artikel\/\"},{\"@type\":\"ListItem\",\"position\":4,\"name\":\"Terrassenkamine Feuerstellen\",\"item\":\"https:\/\/dev.eliassen.nl\/de\/garten-andere\/terrassenkamine-feuerstellen\/\"},{\"@type\":\"ListItem\",\"position\":5,\"name\":\"Gartenkamin Stig Burni Adezz\"}]},{\"@type\":\"WebSite\",\"@id\":\"https:\/\/dev.eliassen.nl\/de\/#website\",\"url\":\"https:\/\/dev.eliassen.nl\/de\/\",\"name\":\"Eliassen Home & Garden Pleasure\",\"description\":\"\",\"publisher\":{\"@id\":\"https:\/\/dev.eliassen.nl\/de\/#organization\"},\"alternateName\":\"Eliassen.nl\",\"potentialAction\":[{\"@type\":\"SearchAction\",\"target\":{\"@type\":\"EntryPoint\",\"urlTemplate\":\"https:\/\/dev.eliassen.nl\/de\/?s={search_term_string}\"},\"query-input\":{\"@type\":\"PropertyValueSpecification\",\"valueRequired\":true,\"valueName\":\"search_term_string\"}}],\"inLanguage\":\"de\"},{\"@type\":\"Organization\",\"@id\":\"https:\/\/dev.eliassen.nl\/de\/#organization\",\"name\":\"Eliassen Home & Garden Pleasure\",\"url\":\"https:\/\/dev.eliassen.nl\/de\/\",\"logo\":{\"@type\":\"ImageObject\",\"inLanguage\":\"de\",\"@id\":\"https:\/\/dev.eliassen.nl\/de\/#\/schema\/logo\/image\/\",\"url\":\"https:\/\/www.eliassen.nl\/wp-content\/uploads\/2024\/01\/logo_4nd.jpg\",\"contentUrl\":\"https:\/\/www.eliassen.nl\/wp-content\/uploads\/2024\/01\/logo_4nd.jpg\",\"width\":500,\"height\":500,\"caption\":\"Eliassen Home & Garden Pleasure\"},\"image\":{\"@id\":\"https:\/\/dev.eliassen.nl\/de\/#\/schema\/logo\/image\/\"},\"sameAs\":[\"https:\/\/www.facebook.com\/TuincentrumEliassenAmmerzoden\",\"https:\/\/www.instagram.com\/eliassenhomeandgarden\/\",\"https:\/\/nl.pinterest.com\/eliassenhomeandgarden\/\",\"https:\/\/www.youtube.com\/@eliassenhomegardenpleasure4558\"]}]}<\/script>\n<!-- \/ Yoast SEO plugin. -->","yoast_head_json":{"title":"Gartenkamin Stig Burni Adezz","description":"Bij Eliassen koopt u Tuinhaard Stig Burni Adezz online of live te bekijken in de showroom. Wij hebben de mooiste tuin overig, terrashaarden vuurkorven","robots":{"index":"noindex","follow":"follow","max-snippet":"max-snippet:-1","max-image-preview":"max-image-preview:large","max-video-preview":"max-video-preview:-1"},"og_locale":"de_DE","og_type":"article","og_title":"Gartenkamin Stig Burni Adezz","og_description":"Bij Eliassen koopt u Tuinhaard Stig Burni Adezz online of live te bekijken in de showroom. Wij hebben de mooiste tuin overig, terrashaarden vuurkorven","og_url":"https:\/\/dev.eliassen.nl\/de\/gartenkamin-stig-burni-adezz\/","og_site_name":"Eliassen.nl","article_publisher":"https:\/\/www.facebook.com\/TuincentrumEliassenAmmerzoden","article_modified_time":"2024-12-17T16:13:45+00:00","og_image":[{"width":469,"height":473,"url":"https:\/\/dev.eliassen.nl\/wp-content\/uploads\/2019\/10\/stig1.jpg","type":"image\/jpeg"}],"twitter_card":"summary_large_image","schema":{"@context":"https:\/\/schema.org","@graph":[{"@type":"WebPage","@id":"https:\/\/dev.eliassen.nl\/de\/gartenkamin-stig-burni-adezz\/","url":"https:\/\/dev.eliassen.nl\/de\/gartenkamin-stig-burni-adezz\/","name":"Gartenkamin Stig Burni Adezz","isPartOf":{"@id":"https:\/\/dev.eliassen.nl\/de\/#website"},"primaryImageOfPage":{"@id":"https:\/\/dev.eliassen.nl\/de\/gartenkamin-stig-burni-adezz\/#primaryimage"},"image":{"@id":"https:\/\/dev.eliassen.nl\/de\/gartenkamin-stig-burni-adezz\/#primaryimage"},"thumbnailUrl":"https:\/\/dev.eliassen.nl\/wp-content\/uploads\/2019\/10\/stig1.jpg","datePublished":"2019-10-28T15:16:28+00:00","dateModified":"2024-12-17T16:13:45+00:00","description":"Bij Eliassen koopt u Tuinhaard Stig Burni Adezz online of live te bekijken in de showroom. Wij hebben de mooiste tuin overig, terrashaarden vuurkorven","breadcrumb":{"@id":"https:\/\/dev.eliassen.nl\/de\/gartenkamin-stig-burni-adezz\/#breadcrumb"},"inLanguage":"de","potentialAction":[{"@type":"ReadAction","target":["https:\/\/dev.eliassen.nl\/de\/gartenkamin-stig-burni-adezz\/"]}]},{"@type":"ImageObject","inLanguage":"de","@id":"https:\/\/dev.eliassen.nl\/de\/gartenkamin-stig-burni-adezz\/#primaryimage","url":"https:\/\/dev.eliassen.nl\/wp-content\/uploads\/2019\/10\/stig1.jpg","contentUrl":"https:\/\/dev.eliassen.nl\/wp-content\/uploads\/2019\/10\/stig1.jpg","width":469,"height":473},{"@type":"BreadcrumbList","@id":"https:\/\/dev.eliassen.nl\/de\/gartenkamin-stig-burni-adezz\/#breadcrumb","itemListElement":[{"@type":"ListItem","position":1,"name":"Home","item":"https:\/\/dev.eliassen.nl\/de\/"},{"@type":"ListItem","position":2,"name":"Shop","item":"https:\/\/dev.eliassen.nl\/nl\/winkel\/"},{"@type":"ListItem","position":3,"name":"Weitere Artikel","item":"https:\/\/dev.eliassen.nl\/de\/weitere-artikel\/"},{"@type":"ListItem","position":4,"name":"Terrassenkamine Feuerstellen","item":"https:\/\/dev.eliassen.nl\/de\/garten-andere\/terrassenkamine-feuerstellen\/"},{"@type":"ListItem","position":5,"name":"Gartenkamin Stig Burni Adezz"}]},{"@type":"WebSite","@id":"https:\/\/dev.eliassen.nl\/de\/#website","url":"https:\/\/dev.eliassen.nl\/de\/","name":"Eliassen Home & Garden Pleasure","description":"","publisher":{"@id":"https:\/\/dev.eliassen.nl\/de\/#organization"},"alternateName":"Eliassen.nl","potentialAction":[{"@type":"SearchAction","target":{"@type":"EntryPoint","urlTemplate":"https:\/\/dev.eliassen.nl\/de\/?s={search_term_string}"},"query-input":{"@type":"PropertyValueSpecification","valueRequired":true,"valueName":"search_term_string"}}],"inLanguage":"de"},{"@type":"Organization","@id":"https:\/\/dev.eliassen.nl\/de\/#organization","name":"Eliassen Home & Garden Pleasure","url":"https:\/\/dev.eliassen.nl\/de\/","logo":{"@type":"ImageObject","inLanguage":"de","@id":"https:\/\/dev.eliassen.nl\/de\/#\/schema\/logo\/image\/","url":"https:\/\/www.eliassen.nl\/wp-content\/uploads\/2024\/01\/logo_4nd.jpg","contentUrl":"https:\/\/www.eliassen.nl\/wp-content\/uploads\/2024\/01\/logo_4nd.jpg","width":500,"height":500,"caption":"Eliassen Home & Garden Pleasure"},"image":{"@id":"https:\/\/dev.eliassen.nl\/de\/#\/schema\/logo\/image\/"},"sameAs":["https:\/\/www.facebook.com\/TuincentrumEliassenAmmerzoden","https:\/\/www.instagram.com\/eliassenhomeandgarden\/","https:\/\/nl.pinterest.com\/eliassenhomeandgarden\/","https:\/\/www.youtube.com\/@eliassenhomegardenpleasure4558"]}]}},"df_price":699,"df_sale_price":"","df_regular_price":699,"df_image_link":"https:\/\/dev.eliassen.nl\/wp-content\/uploads\/2019\/10\/stig1-297x300.jpg","image":"https:\/\/dev.eliassen.nl\/wp-content\/uploads\/2019\/10\/stig1-150x150.jpg","price_search":"<span class=\"woocommerce-Price-amount amount\"><bdi><span class=\"woocommerce-Price-currencySymbol\">&euro;<\/span>&nbsp;699,00<\/bdi><\/span>","category":"Adezz-Produkte","_links":{"self":[{"href":"https:\/\/dev.eliassen.nl\/de\/wp-json\/wp\/v2\/product\/127928","targetHints":{"allow":["GET"]}}],"collection":[{"href":"https:\/\/dev.eliassen.nl\/de\/wp-json\/wp\/v2\/product"}],"about":[{"href":"https:\/\/dev.eliassen.nl\/de\/wp-json\/wp\/v2\/types\/product"}],"wp:featuredmedia":[{"embeddable":true,"href":"https:\/\/dev.eliassen.nl\/de\/wp-json\/wp\/v2\/media\/176575"}],"wp:attachment":[{"href":"https:\/\/dev.eliassen.nl\/de\/wp-json\/wp\/v2\/media?parent=127928"}],"wp:term":[{"taxonomy":"product_brand","embeddable":true,"href":"https:\/\/dev.eliassen.nl\/de\/wp-json\/wp\/v2\/product_brand?post=127928"},{"taxonomy":"product_cat","embeddable":true,"href":"https:\/\/dev.eliassen.nl\/de\/wp-json\/wp\/v2\/product_cat?post=127928"},{"taxonomy":"product_tag","embeddable":true,"href":"https:\/\/dev.eliassen.nl\/de\/wp-json\/wp\/v2\/product_tag?post=127928"}],"curies":[{"name":"wp","href":"https:\/\/api.w.org\/{rel}","templated":true}]}}