{"id":128107,"date":"2019-10-28T16:19:49","date_gmt":"2019-10-28T15:19:49","guid":{"rendered":"https:\/\/www.eliassen.nl\/?product=ganesha-in-lotus-ist-in-2-groessen"},"modified":"2024-12-05T16:46:16","modified_gmt":"2024-12-05T15:46:16","slug":"ganesha-im-lotus-sitzt-80cm","status":"publish","type":"product","link":"https:\/\/dev.eliassen.nl\/de\/ganesha-im-lotus-sitzt-80cm\/","title":{"rendered":"Ganesha im Lotus sitzt 80cm"},"content":{"rendered":"<p>Ganesha, der hinduistische Gott der Weisheit, sitzt im Lotus. Hergestellt aus Gussstein in Schwarzbraun.<br \/>Dieses Modell ist in 2 Gr\u00f6\u00dfen erh\u00e4ltlich, die kleinste Gr\u00f6\u00dfe ist massiv, die gr\u00f6\u00dfte ist hohl.<\/p>\n<p><span style=\"color: #ff0000;\">HINWEIS: Die 60-cm-Version hat ein Geldglas in der Hand, die 80-cm-Version ein Buch.<\/span><\/p>\n<p><strong>Wir haben jetzt auch dieses Modell in grauer Farbe. Sie k\u00f6nnen beim Auschecken angeben, welche Farbe Sie m\u00f6chten.<\/strong><\/p>\n<p><span style=\"color: #ff0000;\"><strong>W\u00e4hlen<\/strong> <strong>Sie hier oben Ihre Gr\u00f6\u00dfe.<\/strong><\/span><\/p>\n<p>H\u00f6he Gr\u00f6\u00dfe: 56 oder 80 cm<\/p>\n<ul>\n<li>Opp Gr\u00f6\u00dfe: 38 x 28 oder 50 x 40<\/li>\n<li>Farbe: schwarz \/ grau<\/li>\n<li>Hochwertiger Gussstein<\/li>\n<li>Geeignet f\u00fcr den Innen- und Au\u00dfenbereich<\/li>\n<li>Handgemacht<\/li>\n<li>Schnell geliefert<\/li>\n<li><strong>Viele dieser Serien k\u00f6nnen auch in unserem Shop angesehen werden<\/strong><\/li>\n<li>Ganesha hat seinen Elefantenkopf f\u00fcr ein tragisches Missverst\u00e4ndnis verantwortlich gemacht. Eines Tages, als Shiva (Vater) das Haus verl\u00e4sst, macht Parvati (Mutter), basierend auf Hautflocken und \u00d6len, ihren Sohn Ganesha. Als Shiva nach Hause kam, verschluckte sich der erwachende Ganesha. Shiva glaubte, er habe es mit einem Rivalen zu tun und schnitt ihm den Kopf ab. Parvati war untr\u00f6stlich. Die Diener wurden angewiesen, einen neuen Kopf f\u00fcr das ungl\u00fcckliche, wenn n\u00f6tig, des ersten Lebewesens zu finden, dem sie begegneten. Es stellte sich heraus, dass es sich um einen Elefanten handelte, also ist Ganeshas R\u00fcssel vom Kopf eines Elefanten entfernt.<\/li>\n<\/ul>\n<p>So wurde er wieder lebendig, aber er musste seine Existenz mit einem neugierigen Kopf beenden.<br \/>Ganesha wird oft als Sentinel dargestellt. Er hat dann einen Stock oder eine Axt in seinen vier H\u00e4nden. Mit der Axt hackt er falsche Illusionen weg, er m\u00f6chte mit dem Stock nachsehen. In seiner Figur gibt es eine interessantere Symbolik zu entdecken, wie es bei den meisten hinduistischen G\u00f6ttern der Fall ist.<br \/>Zum Beispiel symbolisiert eine abgebildete Seerose Ganeshas Unerschrockenheit und Reinheit. Einer seiner Sto\u00dfz\u00e4hne ist manchmal gebrochen; Dies zeigt, dass selbst G\u00f6tter nicht perfekt sind. In einer seiner H\u00e4nde, oft Reis, ist ein Zeichen der F\u00fclle. Seine Krone ist nat\u00fcrlich ein Zeichen der Heiligkeit, und seine kleinen Augen repr\u00e4sentieren das Bed\u00fcrfnis, nach innen zu schauen und sich selbst zu verstehen.<br \/>Der Berg Ganesha ist eine Ratte, die zeigt, dass Gro\u00df und Klein in Frieden zusammenleben k\u00f6nnen.<br \/>Ganesha ist der Gott der Weisheit, der Gl\u00fcck und Schutz bringt.<br \/>Zu Beginn jeder Reise, jedes Rituals und jedes Gro\u00dfereignisses wird Ganesha zun\u00e4chst angerufen und verehrt.<br \/>Klicken Sie hier auf Ihre Gr\u00f6\u00dfe<\/p>\n<p><iframe loading=\"lazy\" src=\"\/\/www.youtube.com\/embed\/S0gTFnsRDJg\" width=\"560\" height=\"314\" allowfullscreen=\"allowfullscreen\"><\/iframe><\/p>\n","protected":false},"excerpt":{"rendered":"<p>Ganesha, der hinduistische Gott der Weisheit, sitzt im Lotus. Hergestellt aus Gussstein in Schwarzbraun.Dieses Modell ist in 2 Gr\u00f6\u00dfen erh\u00e4ltlich, die kleinste Gr\u00f6\u00dfe ist massiv, die gr\u00f6\u00dfte ist hohl. HINWEIS: Die 60-cm-Version hat ein Geldglas in der Hand, die 80-cm-Version ein Buch. Wir haben jetzt auch dieses Modell in grauer Farbe. Sie k\u00f6nnen beim Auschecken &hellip;<\/p>\n","protected":false},"featured_media":7921,"template":"","meta":{"_acf_changed":false},"product_brand":[6916],"product_cat":[677,686,7239],"product_tag":[],"class_list":{"0":"post-128107","1":"product","2":"type-product","3":"status-publish","4":"has-post-thumbnail","6":"product_brand-eliassen-de","7":"product_cat-betonstatuen","8":"product_cat-hinduistische-bilder","9":"product_cat-statuen-skulpturen","11":"first","12":"instock","13":"taxable","14":"shipping-taxable","15":"purchasable","16":"product-type-variable"},"acf":[],"yoast_head":"<!-- This site is optimized with the Yoast SEO plugin v23.8 - https:\/\/yoast.com\/wordpress\/plugins\/seo\/ -->\n<title>Ganesha im Lotus gibt es in 2 Gr\u00f6\u00dfen<\/title>\n<meta name=\"description\" content=\"Bij Eliassen koopt u Ganesha in lotus zit 80cm online of live te bekijken in de showroom. Wij hebben de mooiste stenen beelden, hindoe beelden\" \/>\n<meta name=\"robots\" content=\"noindex, follow, max-snippet:-1, max-image-preview:large, max-video-preview:-1\" \/>\n<meta property=\"og:locale\" content=\"de_DE\" \/>\n<meta property=\"og:type\" content=\"article\" \/>\n<meta property=\"og:title\" content=\"Ganesha im Lotus gibt es in 2 Gr\u00f6\u00dfen\" \/>\n<meta property=\"og:description\" content=\"Bij Eliassen koopt u Ganesha in lotus zit 80cm online of live te bekijken in de showroom. Wij hebben de mooiste stenen beelden, hindoe beelden\" \/>\n<meta property=\"og:url\" content=\"https:\/\/dev.eliassen.nl\/de\/ganesha-im-lotus-sitzt-80cm\/\" \/>\n<meta property=\"og:site_name\" content=\"Eliassen.nl\" \/>\n<meta property=\"article:publisher\" content=\"https:\/\/www.facebook.com\/TuincentrumEliassenAmmerzoden\" \/>\n<meta property=\"article:modified_time\" content=\"2024-12-05T15:46:16+00:00\" \/>\n<meta property=\"og:image\" content=\"https:\/\/dev.eliassen.nl\/wp-content\/uploads\/2024\/01\/brgls80jpg.jpg\" \/>\n\t<meta property=\"og:image:width\" content=\"749\" \/>\n\t<meta property=\"og:image:height\" content=\"1024\" \/>\n\t<meta property=\"og:image:type\" content=\"image\/jpeg\" \/>\n<meta name=\"twitter:card\" content=\"summary_large_image\" \/>\n<script type=\"application\/ld+json\" class=\"yoast-schema-graph\">{\"@context\":\"https:\/\/schema.org\",\"@graph\":[{\"@type\":\"WebPage\",\"@id\":\"https:\/\/dev.eliassen.nl\/de\/ganesha-im-lotus-sitzt-80cm\/\",\"url\":\"https:\/\/dev.eliassen.nl\/de\/ganesha-im-lotus-sitzt-80cm\/\",\"name\":\"Ganesha im Lotus gibt es in 2 Gr\u00f6\u00dfen\",\"isPartOf\":{\"@id\":\"https:\/\/dev.eliassen.nl\/de\/#website\"},\"primaryImageOfPage\":{\"@id\":\"https:\/\/dev.eliassen.nl\/de\/ganesha-im-lotus-sitzt-80cm\/#primaryimage\"},\"image\":{\"@id\":\"https:\/\/dev.eliassen.nl\/de\/ganesha-im-lotus-sitzt-80cm\/#primaryimage\"},\"thumbnailUrl\":\"https:\/\/dev.eliassen.nl\/wp-content\/uploads\/2024\/01\/brgls80jpg.jpg\",\"datePublished\":\"2019-10-28T15:19:49+00:00\",\"dateModified\":\"2024-12-05T15:46:16+00:00\",\"description\":\"Bij Eliassen koopt u Ganesha in lotus zit 80cm online of live te bekijken in de showroom. Wij hebben de mooiste stenen beelden, hindoe beelden\",\"breadcrumb\":{\"@id\":\"https:\/\/dev.eliassen.nl\/de\/ganesha-im-lotus-sitzt-80cm\/#breadcrumb\"},\"inLanguage\":\"de\",\"potentialAction\":[{\"@type\":\"ReadAction\",\"target\":[\"https:\/\/dev.eliassen.nl\/de\/ganesha-im-lotus-sitzt-80cm\/\"]}]},{\"@type\":\"ImageObject\",\"inLanguage\":\"de\",\"@id\":\"https:\/\/dev.eliassen.nl\/de\/ganesha-im-lotus-sitzt-80cm\/#primaryimage\",\"url\":\"https:\/\/dev.eliassen.nl\/wp-content\/uploads\/2024\/01\/brgls80jpg.jpg\",\"contentUrl\":\"https:\/\/dev.eliassen.nl\/wp-content\/uploads\/2024\/01\/brgls80jpg.jpg\",\"width\":749,\"height\":1024,\"caption\":\"br-gls-80jpg\"},{\"@type\":\"BreadcrumbList\",\"@id\":\"https:\/\/dev.eliassen.nl\/de\/ganesha-im-lotus-sitzt-80cm\/#breadcrumb\",\"itemListElement\":[{\"@type\":\"ListItem\",\"position\":1,\"name\":\"Home\",\"item\":\"https:\/\/dev.eliassen.nl\/de\/\"},{\"@type\":\"ListItem\",\"position\":2,\"name\":\"Shop\",\"item\":\"https:\/\/dev.eliassen.nl\/nl\/winkel\/\"},{\"@type\":\"ListItem\",\"position\":3,\"name\":\"Statuen-Skulpturen\",\"item\":\"https:\/\/dev.eliassen.nl\/de\/statuen-skulpturen\/\"},{\"@type\":\"ListItem\",\"position\":4,\"name\":\"Betonstatuen\",\"item\":\"https:\/\/dev.eliassen.nl\/de\/bilder\/betonstatuen\/\"},{\"@type\":\"ListItem\",\"position\":5,\"name\":\"Hinduistische Bilder\",\"item\":\"https:\/\/dev.eliassen.nl\/de\/bilder\/betonstatuen\/hinduistische-bilder\/\"},{\"@type\":\"ListItem\",\"position\":6,\"name\":\"Ganesha im Lotus sitzt 80cm\"}]},{\"@type\":\"WebSite\",\"@id\":\"https:\/\/dev.eliassen.nl\/de\/#website\",\"url\":\"https:\/\/dev.eliassen.nl\/de\/\",\"name\":\"Eliassen Home & Garden Pleasure\",\"description\":\"\",\"publisher\":{\"@id\":\"https:\/\/dev.eliassen.nl\/de\/#organization\"},\"alternateName\":\"Eliassen.nl\",\"potentialAction\":[{\"@type\":\"SearchAction\",\"target\":{\"@type\":\"EntryPoint\",\"urlTemplate\":\"https:\/\/dev.eliassen.nl\/de\/?s={search_term_string}\"},\"query-input\":{\"@type\":\"PropertyValueSpecification\",\"valueRequired\":true,\"valueName\":\"search_term_string\"}}],\"inLanguage\":\"de\"},{\"@type\":\"Organization\",\"@id\":\"https:\/\/dev.eliassen.nl\/de\/#organization\",\"name\":\"Eliassen Home & Garden Pleasure\",\"url\":\"https:\/\/dev.eliassen.nl\/de\/\",\"logo\":{\"@type\":\"ImageObject\",\"inLanguage\":\"de\",\"@id\":\"https:\/\/dev.eliassen.nl\/de\/#\/schema\/logo\/image\/\",\"url\":\"https:\/\/www.eliassen.nl\/wp-content\/uploads\/2024\/01\/logo_4nd.jpg\",\"contentUrl\":\"https:\/\/www.eliassen.nl\/wp-content\/uploads\/2024\/01\/logo_4nd.jpg\",\"width\":500,\"height\":500,\"caption\":\"Eliassen Home & Garden Pleasure\"},\"image\":{\"@id\":\"https:\/\/dev.eliassen.nl\/de\/#\/schema\/logo\/image\/\"},\"sameAs\":[\"https:\/\/www.facebook.com\/TuincentrumEliassenAmmerzoden\",\"https:\/\/www.instagram.com\/eliassenhomeandgarden\/\",\"https:\/\/nl.pinterest.com\/eliassenhomeandgarden\/\",\"https:\/\/www.youtube.com\/@eliassenhomegardenpleasure4558\"]}]}<\/script>\n<!-- \/ Yoast SEO plugin. -->","yoast_head_json":{"title":"Ganesha im Lotus gibt es in 2 Gr\u00f6\u00dfen","description":"Bij Eliassen koopt u Ganesha in lotus zit 80cm online of live te bekijken in de showroom. Wij hebben de mooiste stenen beelden, hindoe beelden","robots":{"index":"noindex","follow":"follow","max-snippet":"max-snippet:-1","max-image-preview":"max-image-preview:large","max-video-preview":"max-video-preview:-1"},"og_locale":"de_DE","og_type":"article","og_title":"Ganesha im Lotus gibt es in 2 Gr\u00f6\u00dfen","og_description":"Bij Eliassen koopt u Ganesha in lotus zit 80cm online of live te bekijken in de showroom. Wij hebben de mooiste stenen beelden, hindoe beelden","og_url":"https:\/\/dev.eliassen.nl\/de\/ganesha-im-lotus-sitzt-80cm\/","og_site_name":"Eliassen.nl","article_publisher":"https:\/\/www.facebook.com\/TuincentrumEliassenAmmerzoden","article_modified_time":"2024-12-05T15:46:16+00:00","og_image":[{"width":749,"height":1024,"url":"https:\/\/dev.eliassen.nl\/wp-content\/uploads\/2024\/01\/brgls80jpg.jpg","type":"image\/jpeg"}],"twitter_card":"summary_large_image","schema":{"@context":"https:\/\/schema.org","@graph":[{"@type":"WebPage","@id":"https:\/\/dev.eliassen.nl\/de\/ganesha-im-lotus-sitzt-80cm\/","url":"https:\/\/dev.eliassen.nl\/de\/ganesha-im-lotus-sitzt-80cm\/","name":"Ganesha im Lotus gibt es in 2 Gr\u00f6\u00dfen","isPartOf":{"@id":"https:\/\/dev.eliassen.nl\/de\/#website"},"primaryImageOfPage":{"@id":"https:\/\/dev.eliassen.nl\/de\/ganesha-im-lotus-sitzt-80cm\/#primaryimage"},"image":{"@id":"https:\/\/dev.eliassen.nl\/de\/ganesha-im-lotus-sitzt-80cm\/#primaryimage"},"thumbnailUrl":"https:\/\/dev.eliassen.nl\/wp-content\/uploads\/2024\/01\/brgls80jpg.jpg","datePublished":"2019-10-28T15:19:49+00:00","dateModified":"2024-12-05T15:46:16+00:00","description":"Bij Eliassen koopt u Ganesha in lotus zit 80cm online of live te bekijken in de showroom. Wij hebben de mooiste stenen beelden, hindoe beelden","breadcrumb":{"@id":"https:\/\/dev.eliassen.nl\/de\/ganesha-im-lotus-sitzt-80cm\/#breadcrumb"},"inLanguage":"de","potentialAction":[{"@type":"ReadAction","target":["https:\/\/dev.eliassen.nl\/de\/ganesha-im-lotus-sitzt-80cm\/"]}]},{"@type":"ImageObject","inLanguage":"de","@id":"https:\/\/dev.eliassen.nl\/de\/ganesha-im-lotus-sitzt-80cm\/#primaryimage","url":"https:\/\/dev.eliassen.nl\/wp-content\/uploads\/2024\/01\/brgls80jpg.jpg","contentUrl":"https:\/\/dev.eliassen.nl\/wp-content\/uploads\/2024\/01\/brgls80jpg.jpg","width":749,"height":1024,"caption":"br-gls-80jpg"},{"@type":"BreadcrumbList","@id":"https:\/\/dev.eliassen.nl\/de\/ganesha-im-lotus-sitzt-80cm\/#breadcrumb","itemListElement":[{"@type":"ListItem","position":1,"name":"Home","item":"https:\/\/dev.eliassen.nl\/de\/"},{"@type":"ListItem","position":2,"name":"Shop","item":"https:\/\/dev.eliassen.nl\/nl\/winkel\/"},{"@type":"ListItem","position":3,"name":"Statuen-Skulpturen","item":"https:\/\/dev.eliassen.nl\/de\/statuen-skulpturen\/"},{"@type":"ListItem","position":4,"name":"Betonstatuen","item":"https:\/\/dev.eliassen.nl\/de\/bilder\/betonstatuen\/"},{"@type":"ListItem","position":5,"name":"Hinduistische Bilder","item":"https:\/\/dev.eliassen.nl\/de\/bilder\/betonstatuen\/hinduistische-bilder\/"},{"@type":"ListItem","position":6,"name":"Ganesha im Lotus sitzt 80cm"}]},{"@type":"WebSite","@id":"https:\/\/dev.eliassen.nl\/de\/#website","url":"https:\/\/dev.eliassen.nl\/de\/","name":"Eliassen Home & Garden Pleasure","description":"","publisher":{"@id":"https:\/\/dev.eliassen.nl\/de\/#organization"},"alternateName":"Eliassen.nl","potentialAction":[{"@type":"SearchAction","target":{"@type":"EntryPoint","urlTemplate":"https:\/\/dev.eliassen.nl\/de\/?s={search_term_string}"},"query-input":{"@type":"PropertyValueSpecification","valueRequired":true,"valueName":"search_term_string"}}],"inLanguage":"de"},{"@type":"Organization","@id":"https:\/\/dev.eliassen.nl\/de\/#organization","name":"Eliassen Home & Garden Pleasure","url":"https:\/\/dev.eliassen.nl\/de\/","logo":{"@type":"ImageObject","inLanguage":"de","@id":"https:\/\/dev.eliassen.nl\/de\/#\/schema\/logo\/image\/","url":"https:\/\/www.eliassen.nl\/wp-content\/uploads\/2024\/01\/logo_4nd.jpg","contentUrl":"https:\/\/www.eliassen.nl\/wp-content\/uploads\/2024\/01\/logo_4nd.jpg","width":500,"height":500,"caption":"Eliassen Home & Garden Pleasure"},"image":{"@id":"https:\/\/dev.eliassen.nl\/de\/#\/schema\/logo\/image\/"},"sameAs":["https:\/\/www.facebook.com\/TuincentrumEliassenAmmerzoden","https:\/\/www.instagram.com\/eliassenhomeandgarden\/","https:\/\/nl.pinterest.com\/eliassenhomeandgarden\/","https:\/\/www.youtube.com\/@eliassenhomegardenpleasure4558"]}]}},"df_price":349,"df_sale_price":"","df_regular_price":349,"df_image_link":"https:\/\/dev.eliassen.nl\/wp-content\/uploads\/2024\/01\/brgls80jpg.jpg","image":"https:\/\/dev.eliassen.nl\/wp-content\/uploads\/2024\/01\/brgls80jpg.jpg","price_search":"<span class=\"woocommerce-Price-amount amount\"><bdi><span class=\"woocommerce-Price-currencySymbol\">&euro;<\/span>&nbsp;349,00<\/bdi><\/span>","category":"Betonstatuen","_links":{"self":[{"href":"https:\/\/dev.eliassen.nl\/de\/wp-json\/wp\/v2\/product\/128107","targetHints":{"allow":["GET"]}}],"collection":[{"href":"https:\/\/dev.eliassen.nl\/de\/wp-json\/wp\/v2\/product"}],"about":[{"href":"https:\/\/dev.eliassen.nl\/de\/wp-json\/wp\/v2\/types\/product"}],"wp:featuredmedia":[{"embeddable":true,"href":"https:\/\/dev.eliassen.nl\/de\/wp-json\/wp\/v2\/media\/7921"}],"wp:attachment":[{"href":"https:\/\/dev.eliassen.nl\/de\/wp-json\/wp\/v2\/media?parent=128107"}],"wp:term":[{"taxonomy":"product_brand","embeddable":true,"href":"https:\/\/dev.eliassen.nl\/de\/wp-json\/wp\/v2\/product_brand?post=128107"},{"taxonomy":"product_cat","embeddable":true,"href":"https:\/\/dev.eliassen.nl\/de\/wp-json\/wp\/v2\/product_cat?post=128107"},{"taxonomy":"product_tag","embeddable":true,"href":"https:\/\/dev.eliassen.nl\/de\/wp-json\/wp\/v2\/product_tag?post=128107"}],"curies":[{"name":"wp","href":"https:\/\/api.w.org\/{rel}","templated":true}]}}