{"id":128114,"date":"2019-10-28T16:19:50","date_gmt":"2019-10-28T15:19:50","guid":{"rendered":"https:\/\/www.eliassen.nl\/?product=dewi-tara-bild-in-zwei-groessen"},"modified":"2024-12-05T16:46:18","modified_gmt":"2024-12-05T15:46:18","slug":"dewi-tara-bild-in-zwei-dimensionen","status":"publish","type":"product","link":"https:\/\/dev.eliassen.nl\/de\/dewi-tara-bild-in-zwei-dimensionen\/","title":{"rendered":"Dewi Tara Statue 50cm"},"content":{"rendered":"<p>Hindu-G\u00f6ttin Dewi Tara, sitzend im Loyus-Sitz, erh\u00e4ltlich in 2 Gr\u00f6\u00dfen, 50 und 70 cm hoch. Hergestellt aus Kunststein in der Farbe Schwarz\/Braun. Sie hat eine Lotusblume in ihrer Hand, die sich \u00fcber ihren Arm bis zu ihrer Schulter schl\u00e4ngelt.<br \/><span style=\"color: #ff0000;\"><strong>W\u00e4hlen Sie hier oben Ihre Gr\u00f6\u00dfe<\/strong><\/span><\/p>\n<ul>\n<li>H\u00f6he: 50 cm<\/li>\n<li>OPP-Gr\u00f6\u00dfe: 25 x 24 cm<\/li>\n<li>Farbe: Schwarz\/Grau<\/li>\n<li>Hochwertiger Kunststein<\/li>\n<li>Geeignet f\u00fcr den Innen- und Au\u00dfenbereich<\/li>\n<li>Handgefertigt<\/li>\n<li>Schnell geliefert<\/li>\n<li><strong>Viele dieser Serien k\u00f6nnen auch in unserem Shop besichtigt werden<\/strong><\/li>\n<\/ul>\n<p>Dewi Tara ist eine tibetisch-buddhistische G\u00f6ttin. \u201eTara\u201c bedeutet sowohl \u201eStern\u201c als auch \u201eRetter\u201c. Tara wurde als Retterin des Volkes verehrt und sie verk\u00f6rpert Mitgef\u00fchl. Sie wird auch als Mahatara, die Gro\u00dfe Tara, die Mutter aller Dinge, verehrt. Sie ist die G\u00f6ttin der Erleuchtung, die ihre Anh\u00e4nger zur Weisheit f\u00fchrt. Sie hat 108 Namen. Tara kann ein wenig mit unserer Maria verglichen werden; Sie bitten sie um Rat und Hilfe. Sie ist auch die G\u00f6ttin der Sch\u00f6nheit.<\/p>\n<p><iframe loading=\"lazy\" src=\"\/\/www.youtube.com\/embed\/S0gTFnsRDJg\" width=\"560\" height=\"314\" allowfullscreen=\"allowfullscreen\"><\/iframe><\/p>\n","protected":false},"excerpt":{"rendered":"<p>\u2713 25x24x50cm hoch \u2713 Hochwertiger Kunststein \u2713 Wundersch\u00f6n detailliert<\/p>\n","protected":false},"featured_media":7948,"template":"","meta":{"_acf_changed":false},"product_brand":[6916],"product_cat":[677,686,7076],"product_tag":[],"class_list":{"0":"post-128114","1":"product","2":"type-product","3":"status-publish","4":"has-post-thumbnail","6":"product_brand-eliassen-de","7":"product_cat-betonstatuen","8":"product_cat-hinduistische-bilder","9":"product_cat-statues-figures","11":"first","12":"outofstock","13":"taxable","14":"shipping-taxable","15":"purchasable","16":"product-type-variable"},"acf":[],"yoast_head":"<!-- This site is optimized with the Yoast SEO plugin v23.8 - https:\/\/yoast.com\/wordpress\/plugins\/seo\/ -->\n<title>Dewi Tara Bild in zwei Dimensionen<\/title>\n<meta name=\"description\" content=\"Bij Eliassen koopt u Dewi Tara beeld 50cm online of live te bekijken in de showroom. Wij hebben de mooiste stenen beelden, hindoe beelden\" \/>\n<meta name=\"robots\" content=\"noindex, follow, max-snippet:-1, max-image-preview:large, max-video-preview:-1\" \/>\n<meta property=\"og:locale\" content=\"de_DE\" \/>\n<meta property=\"og:type\" content=\"article\" \/>\n<meta property=\"og:title\" content=\"Dewi Tara Bild in zwei Dimensionen\" \/>\n<meta property=\"og:description\" content=\"Bij Eliassen koopt u Dewi Tara beeld 50cm online of live te bekijken in de showroom. Wij hebben de mooiste stenen beelden, hindoe beelden\" \/>\n<meta property=\"og:url\" content=\"https:\/\/dev.eliassen.nl\/de\/dewi-tara-bild-in-zwei-dimensionen\/\" \/>\n<meta property=\"og:site_name\" content=\"Eliassen.nl\" \/>\n<meta property=\"article:publisher\" content=\"https:\/\/www.facebook.com\/TuincentrumEliassenAmmerzoden\" \/>\n<meta property=\"article:modified_time\" content=\"2024-12-05T15:46:18+00:00\" \/>\n<meta property=\"og:image\" content=\"https:\/\/dev.eliassen.nl\/wp-content\/uploads\/2024\/01\/dewitarabeeldin2maten.jpg\" \/>\n\t<meta property=\"og:image:width\" content=\"768\" \/>\n\t<meta property=\"og:image:height\" content=\"1024\" \/>\n\t<meta property=\"og:image:type\" content=\"image\/jpeg\" \/>\n<meta name=\"twitter:card\" content=\"summary_large_image\" \/>\n<script type=\"application\/ld+json\" class=\"yoast-schema-graph\">{\"@context\":\"https:\/\/schema.org\",\"@graph\":[{\"@type\":\"WebPage\",\"@id\":\"https:\/\/dev.eliassen.nl\/de\/dewi-tara-bild-in-zwei-dimensionen\/\",\"url\":\"https:\/\/dev.eliassen.nl\/de\/dewi-tara-bild-in-zwei-dimensionen\/\",\"name\":\"Dewi Tara Bild in zwei Dimensionen\",\"isPartOf\":{\"@id\":\"https:\/\/dev.eliassen.nl\/de\/#website\"},\"primaryImageOfPage\":{\"@id\":\"https:\/\/dev.eliassen.nl\/de\/dewi-tara-bild-in-zwei-dimensionen\/#primaryimage\"},\"image\":{\"@id\":\"https:\/\/dev.eliassen.nl\/de\/dewi-tara-bild-in-zwei-dimensionen\/#primaryimage\"},\"thumbnailUrl\":\"https:\/\/dev.eliassen.nl\/wp-content\/uploads\/2024\/01\/dewitarabeeldin2maten.jpg\",\"datePublished\":\"2019-10-28T15:19:50+00:00\",\"dateModified\":\"2024-12-05T15:46:18+00:00\",\"description\":\"Bij Eliassen koopt u Dewi Tara beeld 50cm online of live te bekijken in de showroom. Wij hebben de mooiste stenen beelden, hindoe beelden\",\"breadcrumb\":{\"@id\":\"https:\/\/dev.eliassen.nl\/de\/dewi-tara-bild-in-zwei-dimensionen\/#breadcrumb\"},\"inLanguage\":\"de\",\"potentialAction\":[{\"@type\":\"ReadAction\",\"target\":[\"https:\/\/dev.eliassen.nl\/de\/dewi-tara-bild-in-zwei-dimensionen\/\"]}]},{\"@type\":\"ImageObject\",\"inLanguage\":\"de\",\"@id\":\"https:\/\/dev.eliassen.nl\/de\/dewi-tara-bild-in-zwei-dimensionen\/#primaryimage\",\"url\":\"https:\/\/dev.eliassen.nl\/wp-content\/uploads\/2024\/01\/dewitarabeeldin2maten.jpg\",\"contentUrl\":\"https:\/\/dev.eliassen.nl\/wp-content\/uploads\/2024\/01\/dewitarabeeldin2maten.jpg\",\"width\":768,\"height\":1024,\"caption\":\"dewi-tara-beeld-in-2-maten\"},{\"@type\":\"BreadcrumbList\",\"@id\":\"https:\/\/dev.eliassen.nl\/de\/dewi-tara-bild-in-zwei-dimensionen\/#breadcrumb\",\"itemListElement\":[{\"@type\":\"ListItem\",\"position\":1,\"name\":\"Home\",\"item\":\"https:\/\/dev.eliassen.nl\/de\/\"},{\"@type\":\"ListItem\",\"position\":2,\"name\":\"Shop\",\"item\":\"https:\/\/dev.eliassen.nl\/nl\/winkel\/\"},{\"@type\":\"ListItem\",\"position\":3,\"name\":\"Statuen-Skulpturen\",\"item\":\"https:\/\/dev.eliassen.nl\/de\/statuen-skulpturen\/\"},{\"@type\":\"ListItem\",\"position\":4,\"name\":\"Betonstatuen\",\"item\":\"https:\/\/dev.eliassen.nl\/de\/bilder\/betonstatuen\/\"},{\"@type\":\"ListItem\",\"position\":5,\"name\":\"Hinduistische Bilder\",\"item\":\"https:\/\/dev.eliassen.nl\/de\/bilder\/betonstatuen\/hinduistische-bilder\/\"},{\"@type\":\"ListItem\",\"position\":6,\"name\":\"Dewi Tara Statue 50cm\"}]},{\"@type\":\"WebSite\",\"@id\":\"https:\/\/dev.eliassen.nl\/de\/#website\",\"url\":\"https:\/\/dev.eliassen.nl\/de\/\",\"name\":\"Eliassen Home & Garden Pleasure\",\"description\":\"\",\"publisher\":{\"@id\":\"https:\/\/dev.eliassen.nl\/de\/#organization\"},\"alternateName\":\"Eliassen.nl\",\"potentialAction\":[{\"@type\":\"SearchAction\",\"target\":{\"@type\":\"EntryPoint\",\"urlTemplate\":\"https:\/\/dev.eliassen.nl\/de\/?s={search_term_string}\"},\"query-input\":{\"@type\":\"PropertyValueSpecification\",\"valueRequired\":true,\"valueName\":\"search_term_string\"}}],\"inLanguage\":\"de\"},{\"@type\":\"Organization\",\"@id\":\"https:\/\/dev.eliassen.nl\/de\/#organization\",\"name\":\"Eliassen Home & Garden Pleasure\",\"url\":\"https:\/\/dev.eliassen.nl\/de\/\",\"logo\":{\"@type\":\"ImageObject\",\"inLanguage\":\"de\",\"@id\":\"https:\/\/dev.eliassen.nl\/de\/#\/schema\/logo\/image\/\",\"url\":\"https:\/\/www.eliassen.nl\/wp-content\/uploads\/2024\/01\/logo_4nd.jpg\",\"contentUrl\":\"https:\/\/www.eliassen.nl\/wp-content\/uploads\/2024\/01\/logo_4nd.jpg\",\"width\":500,\"height\":500,\"caption\":\"Eliassen Home & Garden Pleasure\"},\"image\":{\"@id\":\"https:\/\/dev.eliassen.nl\/de\/#\/schema\/logo\/image\/\"},\"sameAs\":[\"https:\/\/www.facebook.com\/TuincentrumEliassenAmmerzoden\",\"https:\/\/www.instagram.com\/eliassenhomeandgarden\/\",\"https:\/\/nl.pinterest.com\/eliassenhomeandgarden\/\",\"https:\/\/www.youtube.com\/@eliassenhomegardenpleasure4558\"]}]}<\/script>\n<!-- \/ Yoast SEO plugin. -->","yoast_head_json":{"title":"Dewi Tara Bild in zwei Dimensionen","description":"Bij Eliassen koopt u Dewi Tara beeld 50cm online of live te bekijken in de showroom. Wij hebben de mooiste stenen beelden, hindoe beelden","robots":{"index":"noindex","follow":"follow","max-snippet":"max-snippet:-1","max-image-preview":"max-image-preview:large","max-video-preview":"max-video-preview:-1"},"og_locale":"de_DE","og_type":"article","og_title":"Dewi Tara Bild in zwei Dimensionen","og_description":"Bij Eliassen koopt u Dewi Tara beeld 50cm online of live te bekijken in de showroom. Wij hebben de mooiste stenen beelden, hindoe beelden","og_url":"https:\/\/dev.eliassen.nl\/de\/dewi-tara-bild-in-zwei-dimensionen\/","og_site_name":"Eliassen.nl","article_publisher":"https:\/\/www.facebook.com\/TuincentrumEliassenAmmerzoden","article_modified_time":"2024-12-05T15:46:18+00:00","og_image":[{"width":768,"height":1024,"url":"https:\/\/dev.eliassen.nl\/wp-content\/uploads\/2024\/01\/dewitarabeeldin2maten.jpg","type":"image\/jpeg"}],"twitter_card":"summary_large_image","schema":{"@context":"https:\/\/schema.org","@graph":[{"@type":"WebPage","@id":"https:\/\/dev.eliassen.nl\/de\/dewi-tara-bild-in-zwei-dimensionen\/","url":"https:\/\/dev.eliassen.nl\/de\/dewi-tara-bild-in-zwei-dimensionen\/","name":"Dewi Tara Bild in zwei Dimensionen","isPartOf":{"@id":"https:\/\/dev.eliassen.nl\/de\/#website"},"primaryImageOfPage":{"@id":"https:\/\/dev.eliassen.nl\/de\/dewi-tara-bild-in-zwei-dimensionen\/#primaryimage"},"image":{"@id":"https:\/\/dev.eliassen.nl\/de\/dewi-tara-bild-in-zwei-dimensionen\/#primaryimage"},"thumbnailUrl":"https:\/\/dev.eliassen.nl\/wp-content\/uploads\/2024\/01\/dewitarabeeldin2maten.jpg","datePublished":"2019-10-28T15:19:50+00:00","dateModified":"2024-12-05T15:46:18+00:00","description":"Bij Eliassen koopt u Dewi Tara beeld 50cm online of live te bekijken in de showroom. Wij hebben de mooiste stenen beelden, hindoe beelden","breadcrumb":{"@id":"https:\/\/dev.eliassen.nl\/de\/dewi-tara-bild-in-zwei-dimensionen\/#breadcrumb"},"inLanguage":"de","potentialAction":[{"@type":"ReadAction","target":["https:\/\/dev.eliassen.nl\/de\/dewi-tara-bild-in-zwei-dimensionen\/"]}]},{"@type":"ImageObject","inLanguage":"de","@id":"https:\/\/dev.eliassen.nl\/de\/dewi-tara-bild-in-zwei-dimensionen\/#primaryimage","url":"https:\/\/dev.eliassen.nl\/wp-content\/uploads\/2024\/01\/dewitarabeeldin2maten.jpg","contentUrl":"https:\/\/dev.eliassen.nl\/wp-content\/uploads\/2024\/01\/dewitarabeeldin2maten.jpg","width":768,"height":1024,"caption":"dewi-tara-beeld-in-2-maten"},{"@type":"BreadcrumbList","@id":"https:\/\/dev.eliassen.nl\/de\/dewi-tara-bild-in-zwei-dimensionen\/#breadcrumb","itemListElement":[{"@type":"ListItem","position":1,"name":"Home","item":"https:\/\/dev.eliassen.nl\/de\/"},{"@type":"ListItem","position":2,"name":"Shop","item":"https:\/\/dev.eliassen.nl\/nl\/winkel\/"},{"@type":"ListItem","position":3,"name":"Statuen-Skulpturen","item":"https:\/\/dev.eliassen.nl\/de\/statuen-skulpturen\/"},{"@type":"ListItem","position":4,"name":"Betonstatuen","item":"https:\/\/dev.eliassen.nl\/de\/bilder\/betonstatuen\/"},{"@type":"ListItem","position":5,"name":"Hinduistische Bilder","item":"https:\/\/dev.eliassen.nl\/de\/bilder\/betonstatuen\/hinduistische-bilder\/"},{"@type":"ListItem","position":6,"name":"Dewi Tara Statue 50cm"}]},{"@type":"WebSite","@id":"https:\/\/dev.eliassen.nl\/de\/#website","url":"https:\/\/dev.eliassen.nl\/de\/","name":"Eliassen Home & Garden Pleasure","description":"","publisher":{"@id":"https:\/\/dev.eliassen.nl\/de\/#organization"},"alternateName":"Eliassen.nl","potentialAction":[{"@type":"SearchAction","target":{"@type":"EntryPoint","urlTemplate":"https:\/\/dev.eliassen.nl\/de\/?s={search_term_string}"},"query-input":{"@type":"PropertyValueSpecification","valueRequired":true,"valueName":"search_term_string"}}],"inLanguage":"de"},{"@type":"Organization","@id":"https:\/\/dev.eliassen.nl\/de\/#organization","name":"Eliassen Home & Garden Pleasure","url":"https:\/\/dev.eliassen.nl\/de\/","logo":{"@type":"ImageObject","inLanguage":"de","@id":"https:\/\/dev.eliassen.nl\/de\/#\/schema\/logo\/image\/","url":"https:\/\/www.eliassen.nl\/wp-content\/uploads\/2024\/01\/logo_4nd.jpg","contentUrl":"https:\/\/www.eliassen.nl\/wp-content\/uploads\/2024\/01\/logo_4nd.jpg","width":500,"height":500,"caption":"Eliassen Home & Garden Pleasure"},"image":{"@id":"https:\/\/dev.eliassen.nl\/de\/#\/schema\/logo\/image\/"},"sameAs":["https:\/\/www.facebook.com\/TuincentrumEliassenAmmerzoden","https:\/\/www.instagram.com\/eliassenhomeandgarden\/","https:\/\/nl.pinterest.com\/eliassenhomeandgarden\/","https:\/\/www.youtube.com\/@eliassenhomegardenpleasure4558"]}]}},"df_price":77.5,"df_sale_price":"","df_regular_price":77.5,"df_image_link":"https:\/\/dev.eliassen.nl\/wp-content\/uploads\/2024\/01\/dewitarabeeldin2maten.jpg","image":"https:\/\/dev.eliassen.nl\/wp-content\/uploads\/2024\/01\/dewitarabeeldin2maten.jpg","price_search":"<span class=\"woocommerce-Price-amount amount\"><bdi><span class=\"woocommerce-Price-currencySymbol\">&euro;<\/span>&nbsp;77,50<\/bdi><\/span>","category":"Betonstatuen","_links":{"self":[{"href":"https:\/\/dev.eliassen.nl\/de\/wp-json\/wp\/v2\/product\/128114","targetHints":{"allow":["GET"]}}],"collection":[{"href":"https:\/\/dev.eliassen.nl\/de\/wp-json\/wp\/v2\/product"}],"about":[{"href":"https:\/\/dev.eliassen.nl\/de\/wp-json\/wp\/v2\/types\/product"}],"wp:featuredmedia":[{"embeddable":true,"href":"https:\/\/dev.eliassen.nl\/de\/wp-json\/wp\/v2\/media\/7948"}],"wp:attachment":[{"href":"https:\/\/dev.eliassen.nl\/de\/wp-json\/wp\/v2\/media?parent=128114"}],"wp:term":[{"taxonomy":"product_brand","embeddable":true,"href":"https:\/\/dev.eliassen.nl\/de\/wp-json\/wp\/v2\/product_brand?post=128114"},{"taxonomy":"product_cat","embeddable":true,"href":"https:\/\/dev.eliassen.nl\/de\/wp-json\/wp\/v2\/product_cat?post=128114"},{"taxonomy":"product_tag","embeddable":true,"href":"https:\/\/dev.eliassen.nl\/de\/wp-json\/wp\/v2\/product_tag?post=128114"}],"curies":[{"name":"wp","href":"https:\/\/api.w.org\/{rel}","templated":true}]}}