{"id":128139,"date":"2019-10-28T16:20:26","date_gmt":"2019-10-28T15:20:26","guid":{"rendered":"https:\/\/www.eliassen.nl\/?product=lions-chinesische-tempelwaechter-in-3-groessen-ei"},"modified":"2025-01-07T19:30:16","modified_gmt":"2025-01-07T18:30:16","slug":"leeuwen-gesetzt-chinesische-tempelwachter-in-3-dimensionen","status":"publish","type":"product","link":"https:\/\/dev.eliassen.nl\/de\/leeuwen-gesetzt-chinesische-tempelwachter-in-3-dimensionen\/","title":{"rendered":"Steinstatuen L\u00f6we Set chinesischer Tempelw\u00e4chter Torw\u00e4chter in 3 Gr\u00f6\u00dfen"},"content":{"rendered":"<p>Mit diesem Set aus 2 Tempell\u00f6wen-Steinstatuen oder Tempelw\u00e4chtern erh\u00e4lt Ihr Zuhause oder Garten einen ganz eigenen, einzigartigen Stil. Im Mund eine Kugel, die sich frei bewegen l\u00e4sst. Verkauf nur pro Set. Hergestellt aus hochwertigem Kunststein in dunkelbrauner Farbe.<br \/><span style=\"color: #ff0000;\"><strong>W\u00e4hlen Sie hier oben Ihre Gr\u00f6\u00dfe<\/strong> .<\/span><\/p>\n<p><span style=\"color: #000000;\">Gro\u00dfer eigener Lagerbestand.<\/span><span style=\"color: #ff0000;\"><span style=\"color: #ff0000;\"><br \/><\/span><\/span><\/p>\n<ul>\n<li>H\u00f6hengr\u00f6\u00dfe: 40, 60 oder 75 cm<\/li>\n<li>Opp-Gr\u00f6\u00dfe: 25 x 35, 33 x 44 oder 49 x 59<\/li>\n<li>Farbe: Schwarz\/Grau<\/li>\n<li>Hochwertiger Kunststein<\/li>\n<li>Geeignet f\u00fcr den Innen- und Au\u00dfenbereich<\/li>\n<li>Handgefertigt<\/li>\n<li>Schnell geliefert<\/li>\n<li><strong>Viele dieser Serien k\u00f6nnen auch in unserem Shop besichtigt werden<\/strong><\/li>\n<\/ul>\n<p><strong><iframe loading=\"lazy\" src=\"\/\/www.youtube.com\/embed\/S0gTFnsRDJg\" width=\"560\" height=\"314\" allowfullscreen=\"allowfullscreen\"><\/iframe><\/strong><\/p>\n","protected":false},"excerpt":{"rendered":"<p>\u2713 40cm, 60cm oder 75cm hoch \u2713 Hochwertiger Kunststein \u2713 Handgefertigt<\/p>\n","protected":false},"featured_media":8017,"template":"","meta":{"_acf_changed":false},"product_brand":[6916],"product_cat":[677,698,7239],"product_tag":[],"class_list":{"0":"post-128139","1":"product","2":"type-product","3":"status-publish","4":"has-post-thumbnail","6":"product_brand-eliassen-de","7":"product_cat-betonstatuen","8":"product_cat-tierbilder","9":"product_cat-statuen-skulpturen","11":"first","12":"instock","13":"taxable","14":"shipping-taxable","15":"purchasable","16":"product-type-variable"},"acf":[],"yoast_head":"<!-- This site is optimized with the Yoast SEO plugin v23.8 - https:\/\/yoast.com\/wordpress\/plugins\/seo\/ -->\n<title>Leeuwen gesetzt chinesische Tempelw\u00e4chter in 3 Dimensionen<\/title>\n<meta name=\"description\" content=\"Stenen beelden Leeuwen set chinese tempelwachters in 3 maten. Gemaakt van hoge kwaliteit gietsteen in een donkerbruine kleur.\" \/>\n<meta name=\"robots\" content=\"noindex, follow, max-snippet:-1, max-image-preview:large, max-video-preview:-1\" \/>\n<meta property=\"og:locale\" content=\"de_DE\" \/>\n<meta property=\"og:type\" content=\"article\" \/>\n<meta property=\"og:title\" content=\"Leeuwen gesetzt chinesische Tempelw\u00e4chter in 3 Dimensionen\" \/>\n<meta property=\"og:description\" content=\"Stenen beelden Leeuwen set chinese tempelwachters in 3 maten. Gemaakt van hoge kwaliteit gietsteen in een donkerbruine kleur.\" \/>\n<meta property=\"og:url\" content=\"https:\/\/dev.eliassen.nl\/de\/leeuwen-gesetzt-chinesische-tempelwachter-in-3-dimensionen\/\" \/>\n<meta property=\"og:site_name\" content=\"Eliassen.nl\" \/>\n<meta property=\"article:publisher\" content=\"https:\/\/www.facebook.com\/TuincentrumEliassenAmmerzoden\" \/>\n<meta property=\"article:modified_time\" content=\"2025-01-07T18:30:16+00:00\" \/>\n<meta property=\"og:image\" content=\"https:\/\/dev.eliassen.nl\/wp-content\/uploads\/2024\/01\/brctl75jpg.jpg\" \/>\n\t<meta property=\"og:image:width\" content=\"1024\" \/>\n\t<meta property=\"og:image:height\" content=\"749\" \/>\n\t<meta property=\"og:image:type\" content=\"image\/jpeg\" \/>\n<meta name=\"twitter:card\" content=\"summary_large_image\" \/>\n<script type=\"application\/ld+json\" class=\"yoast-schema-graph\">{\"@context\":\"https:\/\/schema.org\",\"@graph\":[{\"@type\":\"WebPage\",\"@id\":\"https:\/\/dev.eliassen.nl\/de\/leeuwen-gesetzt-chinesische-tempelwachter-in-3-dimensionen\/\",\"url\":\"https:\/\/dev.eliassen.nl\/de\/leeuwen-gesetzt-chinesische-tempelwachter-in-3-dimensionen\/\",\"name\":\"Leeuwen gesetzt chinesische Tempelw\u00e4chter in 3 Dimensionen\",\"isPartOf\":{\"@id\":\"https:\/\/dev.eliassen.nl\/de\/#website\"},\"primaryImageOfPage\":{\"@id\":\"https:\/\/dev.eliassen.nl\/de\/leeuwen-gesetzt-chinesische-tempelwachter-in-3-dimensionen\/#primaryimage\"},\"image\":{\"@id\":\"https:\/\/dev.eliassen.nl\/de\/leeuwen-gesetzt-chinesische-tempelwachter-in-3-dimensionen\/#primaryimage\"},\"thumbnailUrl\":\"https:\/\/dev.eliassen.nl\/wp-content\/uploads\/2024\/01\/brctl75jpg.jpg\",\"datePublished\":\"2019-10-28T15:20:26+00:00\",\"dateModified\":\"2025-01-07T18:30:16+00:00\",\"description\":\"Stenen beelden Leeuwen set chinese tempelwachters in 3 maten. Gemaakt van hoge kwaliteit gietsteen in een donkerbruine kleur.\",\"breadcrumb\":{\"@id\":\"https:\/\/dev.eliassen.nl\/de\/leeuwen-gesetzt-chinesische-tempelwachter-in-3-dimensionen\/#breadcrumb\"},\"inLanguage\":\"de\",\"potentialAction\":[{\"@type\":\"ReadAction\",\"target\":[\"https:\/\/dev.eliassen.nl\/de\/leeuwen-gesetzt-chinesische-tempelwachter-in-3-dimensionen\/\"]}]},{\"@type\":\"ImageObject\",\"inLanguage\":\"de\",\"@id\":\"https:\/\/dev.eliassen.nl\/de\/leeuwen-gesetzt-chinesische-tempelwachter-in-3-dimensionen\/#primaryimage\",\"url\":\"https:\/\/dev.eliassen.nl\/wp-content\/uploads\/2024\/01\/brctl75jpg.jpg\",\"contentUrl\":\"https:\/\/dev.eliassen.nl\/wp-content\/uploads\/2024\/01\/brctl75jpg.jpg\",\"width\":1024,\"height\":749,\"caption\":\"br-ctl-75jpg\"},{\"@type\":\"BreadcrumbList\",\"@id\":\"https:\/\/dev.eliassen.nl\/de\/leeuwen-gesetzt-chinesische-tempelwachter-in-3-dimensionen\/#breadcrumb\",\"itemListElement\":[{\"@type\":\"ListItem\",\"position\":1,\"name\":\"Home\",\"item\":\"https:\/\/dev.eliassen.nl\/de\/\"},{\"@type\":\"ListItem\",\"position\":2,\"name\":\"Shop\",\"item\":\"https:\/\/dev.eliassen.nl\/nl\/winkel\/\"},{\"@type\":\"ListItem\",\"position\":3,\"name\":\"Statuen-Skulpturen\",\"item\":\"https:\/\/dev.eliassen.nl\/de\/statuen-skulpturen\/\"},{\"@type\":\"ListItem\",\"position\":4,\"name\":\"Betonstatuen\",\"item\":\"https:\/\/dev.eliassen.nl\/de\/bilder\/betonstatuen\/\"},{\"@type\":\"ListItem\",\"position\":5,\"name\":\"Tierbilder\",\"item\":\"https:\/\/dev.eliassen.nl\/de\/bilder\/betonstatuen\/tierbilder\/\"},{\"@type\":\"ListItem\",\"position\":6,\"name\":\"Steinstatuen L\u00f6we Set chinesischer Tempelw\u00e4chter Torw\u00e4chter in 3 Gr\u00f6\u00dfen\"}]},{\"@type\":\"WebSite\",\"@id\":\"https:\/\/dev.eliassen.nl\/de\/#website\",\"url\":\"https:\/\/dev.eliassen.nl\/de\/\",\"name\":\"Eliassen Home & Garden Pleasure\",\"description\":\"\",\"publisher\":{\"@id\":\"https:\/\/dev.eliassen.nl\/de\/#organization\"},\"alternateName\":\"Eliassen.nl\",\"potentialAction\":[{\"@type\":\"SearchAction\",\"target\":{\"@type\":\"EntryPoint\",\"urlTemplate\":\"https:\/\/dev.eliassen.nl\/de\/?s={search_term_string}\"},\"query-input\":{\"@type\":\"PropertyValueSpecification\",\"valueRequired\":true,\"valueName\":\"search_term_string\"}}],\"inLanguage\":\"de\"},{\"@type\":\"Organization\",\"@id\":\"https:\/\/dev.eliassen.nl\/de\/#organization\",\"name\":\"Eliassen Home & Garden Pleasure\",\"url\":\"https:\/\/dev.eliassen.nl\/de\/\",\"logo\":{\"@type\":\"ImageObject\",\"inLanguage\":\"de\",\"@id\":\"https:\/\/dev.eliassen.nl\/de\/#\/schema\/logo\/image\/\",\"url\":\"https:\/\/www.eliassen.nl\/wp-content\/uploads\/2024\/01\/logo_4nd.jpg\",\"contentUrl\":\"https:\/\/www.eliassen.nl\/wp-content\/uploads\/2024\/01\/logo_4nd.jpg\",\"width\":500,\"height\":500,\"caption\":\"Eliassen Home & Garden Pleasure\"},\"image\":{\"@id\":\"https:\/\/dev.eliassen.nl\/de\/#\/schema\/logo\/image\/\"},\"sameAs\":[\"https:\/\/www.facebook.com\/TuincentrumEliassenAmmerzoden\",\"https:\/\/www.instagram.com\/eliassenhomeandgarden\/\",\"https:\/\/nl.pinterest.com\/eliassenhomeandgarden\/\",\"https:\/\/www.youtube.com\/@eliassenhomegardenpleasure4558\"]}]}<\/script>\n<!-- \/ Yoast SEO plugin. -->","yoast_head_json":{"title":"Leeuwen gesetzt chinesische Tempelw\u00e4chter in 3 Dimensionen","description":"Stenen beelden Leeuwen set chinese tempelwachters in 3 maten. Gemaakt van hoge kwaliteit gietsteen in een donkerbruine kleur.","robots":{"index":"noindex","follow":"follow","max-snippet":"max-snippet:-1","max-image-preview":"max-image-preview:large","max-video-preview":"max-video-preview:-1"},"og_locale":"de_DE","og_type":"article","og_title":"Leeuwen gesetzt chinesische Tempelw\u00e4chter in 3 Dimensionen","og_description":"Stenen beelden Leeuwen set chinese tempelwachters in 3 maten. Gemaakt van hoge kwaliteit gietsteen in een donkerbruine kleur.","og_url":"https:\/\/dev.eliassen.nl\/de\/leeuwen-gesetzt-chinesische-tempelwachter-in-3-dimensionen\/","og_site_name":"Eliassen.nl","article_publisher":"https:\/\/www.facebook.com\/TuincentrumEliassenAmmerzoden","article_modified_time":"2025-01-07T18:30:16+00:00","og_image":[{"width":1024,"height":749,"url":"https:\/\/dev.eliassen.nl\/wp-content\/uploads\/2024\/01\/brctl75jpg.jpg","type":"image\/jpeg"}],"twitter_card":"summary_large_image","schema":{"@context":"https:\/\/schema.org","@graph":[{"@type":"WebPage","@id":"https:\/\/dev.eliassen.nl\/de\/leeuwen-gesetzt-chinesische-tempelwachter-in-3-dimensionen\/","url":"https:\/\/dev.eliassen.nl\/de\/leeuwen-gesetzt-chinesische-tempelwachter-in-3-dimensionen\/","name":"Leeuwen gesetzt chinesische Tempelw\u00e4chter in 3 Dimensionen","isPartOf":{"@id":"https:\/\/dev.eliassen.nl\/de\/#website"},"primaryImageOfPage":{"@id":"https:\/\/dev.eliassen.nl\/de\/leeuwen-gesetzt-chinesische-tempelwachter-in-3-dimensionen\/#primaryimage"},"image":{"@id":"https:\/\/dev.eliassen.nl\/de\/leeuwen-gesetzt-chinesische-tempelwachter-in-3-dimensionen\/#primaryimage"},"thumbnailUrl":"https:\/\/dev.eliassen.nl\/wp-content\/uploads\/2024\/01\/brctl75jpg.jpg","datePublished":"2019-10-28T15:20:26+00:00","dateModified":"2025-01-07T18:30:16+00:00","description":"Stenen beelden Leeuwen set chinese tempelwachters in 3 maten. Gemaakt van hoge kwaliteit gietsteen in een donkerbruine kleur.","breadcrumb":{"@id":"https:\/\/dev.eliassen.nl\/de\/leeuwen-gesetzt-chinesische-tempelwachter-in-3-dimensionen\/#breadcrumb"},"inLanguage":"de","potentialAction":[{"@type":"ReadAction","target":["https:\/\/dev.eliassen.nl\/de\/leeuwen-gesetzt-chinesische-tempelwachter-in-3-dimensionen\/"]}]},{"@type":"ImageObject","inLanguage":"de","@id":"https:\/\/dev.eliassen.nl\/de\/leeuwen-gesetzt-chinesische-tempelwachter-in-3-dimensionen\/#primaryimage","url":"https:\/\/dev.eliassen.nl\/wp-content\/uploads\/2024\/01\/brctl75jpg.jpg","contentUrl":"https:\/\/dev.eliassen.nl\/wp-content\/uploads\/2024\/01\/brctl75jpg.jpg","width":1024,"height":749,"caption":"br-ctl-75jpg"},{"@type":"BreadcrumbList","@id":"https:\/\/dev.eliassen.nl\/de\/leeuwen-gesetzt-chinesische-tempelwachter-in-3-dimensionen\/#breadcrumb","itemListElement":[{"@type":"ListItem","position":1,"name":"Home","item":"https:\/\/dev.eliassen.nl\/de\/"},{"@type":"ListItem","position":2,"name":"Shop","item":"https:\/\/dev.eliassen.nl\/nl\/winkel\/"},{"@type":"ListItem","position":3,"name":"Statuen-Skulpturen","item":"https:\/\/dev.eliassen.nl\/de\/statuen-skulpturen\/"},{"@type":"ListItem","position":4,"name":"Betonstatuen","item":"https:\/\/dev.eliassen.nl\/de\/bilder\/betonstatuen\/"},{"@type":"ListItem","position":5,"name":"Tierbilder","item":"https:\/\/dev.eliassen.nl\/de\/bilder\/betonstatuen\/tierbilder\/"},{"@type":"ListItem","position":6,"name":"Steinstatuen L\u00f6we Set chinesischer Tempelw\u00e4chter Torw\u00e4chter in 3 Gr\u00f6\u00dfen"}]},{"@type":"WebSite","@id":"https:\/\/dev.eliassen.nl\/de\/#website","url":"https:\/\/dev.eliassen.nl\/de\/","name":"Eliassen Home & Garden Pleasure","description":"","publisher":{"@id":"https:\/\/dev.eliassen.nl\/de\/#organization"},"alternateName":"Eliassen.nl","potentialAction":[{"@type":"SearchAction","target":{"@type":"EntryPoint","urlTemplate":"https:\/\/dev.eliassen.nl\/de\/?s={search_term_string}"},"query-input":{"@type":"PropertyValueSpecification","valueRequired":true,"valueName":"search_term_string"}}],"inLanguage":"de"},{"@type":"Organization","@id":"https:\/\/dev.eliassen.nl\/de\/#organization","name":"Eliassen Home & Garden Pleasure","url":"https:\/\/dev.eliassen.nl\/de\/","logo":{"@type":"ImageObject","inLanguage":"de","@id":"https:\/\/dev.eliassen.nl\/de\/#\/schema\/logo\/image\/","url":"https:\/\/www.eliassen.nl\/wp-content\/uploads\/2024\/01\/logo_4nd.jpg","contentUrl":"https:\/\/www.eliassen.nl\/wp-content\/uploads\/2024\/01\/logo_4nd.jpg","width":500,"height":500,"caption":"Eliassen Home & Garden Pleasure"},"image":{"@id":"https:\/\/dev.eliassen.nl\/de\/#\/schema\/logo\/image\/"},"sameAs":["https:\/\/www.facebook.com\/TuincentrumEliassenAmmerzoden","https:\/\/www.instagram.com\/eliassenhomeandgarden\/","https:\/\/nl.pinterest.com\/eliassenhomeandgarden\/","https:\/\/www.youtube.com\/@eliassenhomegardenpleasure4558"]}]}},"df_price":189,"df_sale_price":"","df_regular_price":189,"df_image_link":"https:\/\/dev.eliassen.nl\/wp-content\/uploads\/2024\/01\/brctl75jpg.jpg","image":"https:\/\/dev.eliassen.nl\/wp-content\/uploads\/2024\/01\/brctl75jpg.jpg","price_search":"<span class=\"woocommerce-Price-amount amount\"><bdi><span class=\"woocommerce-Price-currencySymbol\">&euro;<\/span>&nbsp;189,00<\/bdi><\/span>","category":"Betonstatuen","_links":{"self":[{"href":"https:\/\/dev.eliassen.nl\/de\/wp-json\/wp\/v2\/product\/128139","targetHints":{"allow":["GET"]}}],"collection":[{"href":"https:\/\/dev.eliassen.nl\/de\/wp-json\/wp\/v2\/product"}],"about":[{"href":"https:\/\/dev.eliassen.nl\/de\/wp-json\/wp\/v2\/types\/product"}],"wp:featuredmedia":[{"embeddable":true,"href":"https:\/\/dev.eliassen.nl\/de\/wp-json\/wp\/v2\/media\/8017"}],"wp:attachment":[{"href":"https:\/\/dev.eliassen.nl\/de\/wp-json\/wp\/v2\/media?parent=128139"}],"wp:term":[{"taxonomy":"product_brand","embeddable":true,"href":"https:\/\/dev.eliassen.nl\/de\/wp-json\/wp\/v2\/product_brand?post=128139"},{"taxonomy":"product_cat","embeddable":true,"href":"https:\/\/dev.eliassen.nl\/de\/wp-json\/wp\/v2\/product_cat?post=128139"},{"taxonomy":"product_tag","embeddable":true,"href":"https:\/\/dev.eliassen.nl\/de\/wp-json\/wp\/v2\/product_tag?post=128139"}],"curies":[{"name":"wp","href":"https:\/\/api.w.org\/{rel}","templated":true}]}}