{"id":128195,"date":"2019-10-28T16:21:35","date_gmt":"2019-10-28T15:21:35","guid":{"rendered":"https:\/\/www.eliassen.nl\/?product=eliassen-kei-wasserkugel-original-in-5-groessen"},"modified":"2024-12-05T16:46:32","modified_gmt":"2024-12-05T15:46:32","slug":"kei-wasserball-original-in-5-grossen","status":"publish","type":"product","link":"https:\/\/dev.eliassen.nl\/de\/kei-wasserball-original-in-5-grossen\/","title":{"rendered":"Kei-Wasserball Original in 5 Gr\u00f6\u00dfen"},"content":{"rendered":"<p><strong><img decoding=\"async\" src=\"https:\/\/www.eliassen.nl\/wp-content\/uploads\/content\/keibollen-offerte-2024-april.png\" alt=\"\" width=\"700\" \/><br \/>Dies ist ein separates Ornament. Sehen Sie hier, welche ben\u00f6tigten Teile pro Gr\u00f6\u00dfe enthalten sind.<br \/>Auch ein individuelles Angebot mit unterschiedlichen Anforderungen ist m\u00f6glich, bitte kontaktieren Sie uns. Bitte kontaktieren Sie uns auch, um mehrere Varianten zu kombinieren.<\/strong><\/p>\n<p><img decoding=\"async\" src=\"https:\/\/www.eliassen.nl\/wp-content\/uploads\/content\/afbeelding1.png\" alt=\"\" width=\"400\" height=\"187\" \/><br \/><strong>Oben sehen Sie, wie viele Dekosteine wir pro Kugelgr\u00f6\u00dfe empfehlen. Diese finden Sie <span style=\"color: #0000ff;\"><a style=\"color: #0000ff;\" href=\"https:\/\/www.eliassen.nl\/nl\/tuin-overig\/sierstenen\/\">hier<\/a><\/span> .<\/strong><br \/><strong><span style=\"color: #0000ff;\"><a style=\"color: #0000ff;\" href=\"https:\/\/www.eliassen.nl\/nl\/waterornamenten\/onderdelen-waterornamenten\/\">Hier<\/a><\/span> sind Strahler zur Beleuchtung der Kugel zu sehen.<\/strong><\/p>\n<p>Sehen Sie sich diese wundersch\u00f6ne Kei-Wasserkugel an, die in 5 Gr\u00f6\u00dfen erh\u00e4ltlich ist. Machen Sie Ihren Garten exklusiv und besonders mit diesen Wasserb\u00e4llen aus wasserfestem Kunststein mit einem Durchmesser von 35, 50, 63, 80 oder nicht weniger als 100 cm. Komplett mit <span style=\"text-decoration: underline;\">ganzen<\/span> Flusskieseln eingelegt, sehr exklusiv und arbeitsintensiv in der Herstellung. Da diese Kugeln von Hand und nicht maschinell hergestellt werden, kommt es bei diesen Kugeln immer zu Unregelm\u00e4\u00dfigkeiten. Erzeugt ein sch\u00f6nes, pl\u00e4tscherndes Ger\u00e4usch und ein sehr sch\u00f6nes Funkeln, besonders im Dunkeln mit einem Scheinwerfer darauf. <strong>Teile zur Komplettierung finden Sie in der Untergruppe \u201eZubeh\u00f6r\u201c.<\/strong><\/p>\n<p><strong>Vergessen Sie nicht, unseren gr\u00f6\u00dften Showroom mit 300 Modellen zu besuchen!<\/strong><\/p>\n<p>Schm\u00fccken Sie das sch\u00f6ne Innere Ihres Gartens mit einem Wasserspiel. Dieser wundersch\u00f6ne Brunnen in Kugelform ist handgefertigt und besteht aus zahlreichen Kieselsteinen, um diesen sch\u00f6nen und besonderen Effekt zu erzielen. Der Keibul hat eine helle Farbe, aber wenn er feucht ist, erscheint er dunkler. Sehen Sie sich das Video unten an, um den Spezialeffekt zu sehen.<\/p>\n<p>Haben Sie eine Frage zu diesem Produkt? Sie k\u00f6nnen uns gerne kontaktieren.<\/p>\n<ul>\n<li>100 % handgefertigt<\/li>\n<li>Verwendung ganzer Flusskiesel<\/li>\n<li>100 % frostbest\u00e4ndig<\/li>\n<li>Material: Beton mit Flusskieseln<\/li>\n<li>Kann bei uns live angeschaut werden<\/li>\n<li>Dies ist ein separates Ornament. Bitte erkundigen Sie sich nach weiteren ben\u00f6tigten Teilen.\n<p><iframe loading=\"lazy\" src=\"https:\/\/www.youtube.com\/embed\/U_ahZ-FPgq0\" width=\"560\" height=\"315\" frameborder=\"0\" allowfullscreen=\"allowfullscreen\"><\/iframe><br \/><video controls=\"controls\" width=\"500\" height=\"250\"><source src=\"https:\/\/cdn.webshopapp.com\/shops\/289658\/files\/444295059\/eliassen-kei-waterbol-original-in-5-maten.mp4\" type=\"video\/mp4\" \/><\/video><\/li>\n<\/ul>\n","protected":false},"excerpt":{"rendered":"<p>Dies ist ein separates Ornament. Bitte erkundigen Sie sich nach weiteren ben\u00f6tigten Teilen. Oder w\u00e4hlen Sie ein Standardset inklusive eventueller Dekosteine und Beleuchtung (siehe Beschreibung)<\/p>\n","protected":false},"featured_media":8128,"template":"","meta":{"_acf_changed":false},"product_brand":[6916],"product_cat":[539,551,569,536],"product_tag":[],"class_list":{"0":"post-128195","1":"product","2":"type-product","3":"status-publish","4":"has-post-thumbnail","6":"product_brand-eliassen-de","7":"product_cat-einzigartige-eigene-modelle-von-losen-wasserspiele","8":"product_cat-lose-wasserspiele","9":"product_cat-wasserbaelle","10":"product_cat-wassereigenschaften","12":"first","13":"instock","14":"taxable","15":"shipping-taxable","16":"purchasable","17":"product-type-variable"},"acf":[],"yoast_head":"<!-- This site is optimized with the Yoast SEO plugin v23.8 - https:\/\/yoast.com\/wordpress\/plugins\/seo\/ -->\n<title>Kei Wasserball Original in 5 Gr\u00f6\u00dfen aus Beton f\u00fcr den Garten<\/title>\n<meta name=\"description\" content=\"Kei-Wasserkugeln sind in 5 Gr\u00f6\u00dfen erh\u00e4ltlich, sodass Sie zwischen kleinen und gro\u00dfen Wasserkugeln w\u00e4hlen k\u00f6nnen. Aus Beton. Sehr exklusiv. Auch LIVE in unser...\" \/>\n<meta name=\"robots\" content=\"noindex, follow, max-snippet:-1, max-image-preview:large, max-video-preview:-1\" \/>\n<meta property=\"og:locale\" content=\"de_DE\" \/>\n<meta property=\"og:type\" content=\"article\" \/>\n<meta property=\"og:title\" content=\"Kei Wasserball Original in 5 Gr\u00f6\u00dfen aus Beton f\u00fcr den Garten\" \/>\n<meta property=\"og:description\" content=\"Kei-Wasserkugeln sind in 5 Gr\u00f6\u00dfen erh\u00e4ltlich, sodass Sie zwischen kleinen und gro\u00dfen Wasserkugeln w\u00e4hlen k\u00f6nnen. Aus Beton. Sehr exklusiv. Auch LIVE in unser...\" \/>\n<meta property=\"og:url\" content=\"https:\/\/dev.eliassen.nl\/de\/kei-wasserball-original-in-5-grossen\/\" \/>\n<meta property=\"og:site_name\" content=\"Eliassen.nl\" \/>\n<meta property=\"article:publisher\" content=\"https:\/\/www.facebook.com\/TuincentrumEliassenAmmerzoden\" \/>\n<meta property=\"article:modified_time\" content=\"2024-12-05T15:46:32+00:00\" \/>\n<meta property=\"og:image\" content=\"https:\/\/dev.eliassen.nl\/wp-content\/uploads\/2024\/01\/keiwaterboloriginalin5mateneliassennl.jpg\" \/>\n\t<meta property=\"og:image:width\" content=\"1024\" \/>\n\t<meta property=\"og:image:height\" content=\"576\" \/>\n\t<meta property=\"og:image:type\" content=\"image\/jpeg\" \/>\n<meta name=\"twitter:card\" content=\"summary_large_image\" \/>\n<script type=\"application\/ld+json\" class=\"yoast-schema-graph\">{\"@context\":\"https:\/\/schema.org\",\"@graph\":[{\"@type\":\"WebPage\",\"@id\":\"https:\/\/dev.eliassen.nl\/de\/kei-wasserball-original-in-5-grossen\/\",\"url\":\"https:\/\/dev.eliassen.nl\/de\/kei-wasserball-original-in-5-grossen\/\",\"name\":\"Kei Wasserball Original in 5 Gr\u00f6\u00dfen aus Beton f\u00fcr den Garten\",\"isPartOf\":{\"@id\":\"https:\/\/dev.eliassen.nl\/de\/#website\"},\"primaryImageOfPage\":{\"@id\":\"https:\/\/dev.eliassen.nl\/de\/kei-wasserball-original-in-5-grossen\/#primaryimage\"},\"image\":{\"@id\":\"https:\/\/dev.eliassen.nl\/de\/kei-wasserball-original-in-5-grossen\/#primaryimage\"},\"thumbnailUrl\":\"https:\/\/dev.eliassen.nl\/wp-content\/uploads\/2024\/01\/keiwaterboloriginalin5mateneliassennl.jpg\",\"datePublished\":\"2019-10-28T15:21:35+00:00\",\"dateModified\":\"2024-12-05T15:46:32+00:00\",\"description\":\"Kei-Wasserkugeln sind in 5 Gr\u00f6\u00dfen erh\u00e4ltlich, sodass Sie zwischen kleinen und gro\u00dfen Wasserkugeln w\u00e4hlen k\u00f6nnen. Aus Beton. Sehr exklusiv. Auch LIVE in unser...\",\"breadcrumb\":{\"@id\":\"https:\/\/dev.eliassen.nl\/de\/kei-wasserball-original-in-5-grossen\/#breadcrumb\"},\"inLanguage\":\"de\",\"potentialAction\":[{\"@type\":\"ReadAction\",\"target\":[\"https:\/\/dev.eliassen.nl\/de\/kei-wasserball-original-in-5-grossen\/\"]}]},{\"@type\":\"ImageObject\",\"inLanguage\":\"de\",\"@id\":\"https:\/\/dev.eliassen.nl\/de\/kei-wasserball-original-in-5-grossen\/#primaryimage\",\"url\":\"https:\/\/dev.eliassen.nl\/wp-content\/uploads\/2024\/01\/keiwaterboloriginalin5mateneliassennl.jpg\",\"contentUrl\":\"https:\/\/dev.eliassen.nl\/wp-content\/uploads\/2024\/01\/keiwaterboloriginalin5mateneliassennl.jpg\",\"width\":1024,\"height\":576,\"caption\":\"Kei waterbol Original in 5 maten - Eliassen.nl\"},{\"@type\":\"BreadcrumbList\",\"@id\":\"https:\/\/dev.eliassen.nl\/de\/kei-wasserball-original-in-5-grossen\/#breadcrumb\",\"itemListElement\":[{\"@type\":\"ListItem\",\"position\":1,\"name\":\"Home\",\"item\":\"https:\/\/dev.eliassen.nl\/de\/\"},{\"@type\":\"ListItem\",\"position\":2,\"name\":\"Shop\",\"item\":\"https:\/\/dev.eliassen.nl\/nl\/winkel\/\"},{\"@type\":\"ListItem\",\"position\":3,\"name\":\"Wasserspiele\",\"item\":\"https:\/\/dev.eliassen.nl\/de\/wassereigenschaften\/\"},{\"@type\":\"ListItem\",\"position\":4,\"name\":\"Einzigartige eigene Modelle von losen Wasserspielen\",\"item\":\"https:\/\/dev.eliassen.nl\/de\/wassereigenschaften\/einzigartige-eigene-modelle-von-losen-wasserspiele\/\"},{\"@type\":\"ListItem\",\"position\":5,\"name\":\"Kei-Wasserball Original in 5 Gr\u00f6\u00dfen\"}]},{\"@type\":\"WebSite\",\"@id\":\"https:\/\/dev.eliassen.nl\/de\/#website\",\"url\":\"https:\/\/dev.eliassen.nl\/de\/\",\"name\":\"Eliassen Home & Garden Pleasure\",\"description\":\"\",\"publisher\":{\"@id\":\"https:\/\/dev.eliassen.nl\/de\/#organization\"},\"alternateName\":\"Eliassen.nl\",\"potentialAction\":[{\"@type\":\"SearchAction\",\"target\":{\"@type\":\"EntryPoint\",\"urlTemplate\":\"https:\/\/dev.eliassen.nl\/de\/?s={search_term_string}\"},\"query-input\":{\"@type\":\"PropertyValueSpecification\",\"valueRequired\":true,\"valueName\":\"search_term_string\"}}],\"inLanguage\":\"de\"},{\"@type\":\"Organization\",\"@id\":\"https:\/\/dev.eliassen.nl\/de\/#organization\",\"name\":\"Eliassen Home & Garden Pleasure\",\"url\":\"https:\/\/dev.eliassen.nl\/de\/\",\"logo\":{\"@type\":\"ImageObject\",\"inLanguage\":\"de\",\"@id\":\"https:\/\/dev.eliassen.nl\/de\/#\/schema\/logo\/image\/\",\"url\":\"https:\/\/www.eliassen.nl\/wp-content\/uploads\/2024\/01\/logo_4nd.jpg\",\"contentUrl\":\"https:\/\/www.eliassen.nl\/wp-content\/uploads\/2024\/01\/logo_4nd.jpg\",\"width\":500,\"height\":500,\"caption\":\"Eliassen Home & Garden Pleasure\"},\"image\":{\"@id\":\"https:\/\/dev.eliassen.nl\/de\/#\/schema\/logo\/image\/\"},\"sameAs\":[\"https:\/\/www.facebook.com\/TuincentrumEliassenAmmerzoden\",\"https:\/\/www.instagram.com\/eliassenhomeandgarden\/\",\"https:\/\/nl.pinterest.com\/eliassenhomeandgarden\/\",\"https:\/\/www.youtube.com\/@eliassenhomegardenpleasure4558\"]}]}<\/script>\n<!-- \/ Yoast SEO plugin. -->","yoast_head_json":{"title":"Kei Wasserball Original in 5 Gr\u00f6\u00dfen aus Beton f\u00fcr den Garten","description":"Kei-Wasserkugeln sind in 5 Gr\u00f6\u00dfen erh\u00e4ltlich, sodass Sie zwischen kleinen und gro\u00dfen Wasserkugeln w\u00e4hlen k\u00f6nnen. Aus Beton. Sehr exklusiv. Auch LIVE in unser...","robots":{"index":"noindex","follow":"follow","max-snippet":"max-snippet:-1","max-image-preview":"max-image-preview:large","max-video-preview":"max-video-preview:-1"},"og_locale":"de_DE","og_type":"article","og_title":"Kei Wasserball Original in 5 Gr\u00f6\u00dfen aus Beton f\u00fcr den Garten","og_description":"Kei-Wasserkugeln sind in 5 Gr\u00f6\u00dfen erh\u00e4ltlich, sodass Sie zwischen kleinen und gro\u00dfen Wasserkugeln w\u00e4hlen k\u00f6nnen. Aus Beton. Sehr exklusiv. Auch LIVE in unser...","og_url":"https:\/\/dev.eliassen.nl\/de\/kei-wasserball-original-in-5-grossen\/","og_site_name":"Eliassen.nl","article_publisher":"https:\/\/www.facebook.com\/TuincentrumEliassenAmmerzoden","article_modified_time":"2024-12-05T15:46:32+00:00","og_image":[{"width":1024,"height":576,"url":"https:\/\/dev.eliassen.nl\/wp-content\/uploads\/2024\/01\/keiwaterboloriginalin5mateneliassennl.jpg","type":"image\/jpeg"}],"twitter_card":"summary_large_image","schema":{"@context":"https:\/\/schema.org","@graph":[{"@type":"WebPage","@id":"https:\/\/dev.eliassen.nl\/de\/kei-wasserball-original-in-5-grossen\/","url":"https:\/\/dev.eliassen.nl\/de\/kei-wasserball-original-in-5-grossen\/","name":"Kei Wasserball Original in 5 Gr\u00f6\u00dfen aus Beton f\u00fcr den Garten","isPartOf":{"@id":"https:\/\/dev.eliassen.nl\/de\/#website"},"primaryImageOfPage":{"@id":"https:\/\/dev.eliassen.nl\/de\/kei-wasserball-original-in-5-grossen\/#primaryimage"},"image":{"@id":"https:\/\/dev.eliassen.nl\/de\/kei-wasserball-original-in-5-grossen\/#primaryimage"},"thumbnailUrl":"https:\/\/dev.eliassen.nl\/wp-content\/uploads\/2024\/01\/keiwaterboloriginalin5mateneliassennl.jpg","datePublished":"2019-10-28T15:21:35+00:00","dateModified":"2024-12-05T15:46:32+00:00","description":"Kei-Wasserkugeln sind in 5 Gr\u00f6\u00dfen erh\u00e4ltlich, sodass Sie zwischen kleinen und gro\u00dfen Wasserkugeln w\u00e4hlen k\u00f6nnen. Aus Beton. Sehr exklusiv. Auch LIVE in unser...","breadcrumb":{"@id":"https:\/\/dev.eliassen.nl\/de\/kei-wasserball-original-in-5-grossen\/#breadcrumb"},"inLanguage":"de","potentialAction":[{"@type":"ReadAction","target":["https:\/\/dev.eliassen.nl\/de\/kei-wasserball-original-in-5-grossen\/"]}]},{"@type":"ImageObject","inLanguage":"de","@id":"https:\/\/dev.eliassen.nl\/de\/kei-wasserball-original-in-5-grossen\/#primaryimage","url":"https:\/\/dev.eliassen.nl\/wp-content\/uploads\/2024\/01\/keiwaterboloriginalin5mateneliassennl.jpg","contentUrl":"https:\/\/dev.eliassen.nl\/wp-content\/uploads\/2024\/01\/keiwaterboloriginalin5mateneliassennl.jpg","width":1024,"height":576,"caption":"Kei waterbol Original in 5 maten - Eliassen.nl"},{"@type":"BreadcrumbList","@id":"https:\/\/dev.eliassen.nl\/de\/kei-wasserball-original-in-5-grossen\/#breadcrumb","itemListElement":[{"@type":"ListItem","position":1,"name":"Home","item":"https:\/\/dev.eliassen.nl\/de\/"},{"@type":"ListItem","position":2,"name":"Shop","item":"https:\/\/dev.eliassen.nl\/nl\/winkel\/"},{"@type":"ListItem","position":3,"name":"Wasserspiele","item":"https:\/\/dev.eliassen.nl\/de\/wassereigenschaften\/"},{"@type":"ListItem","position":4,"name":"Einzigartige eigene Modelle von losen Wasserspielen","item":"https:\/\/dev.eliassen.nl\/de\/wassereigenschaften\/einzigartige-eigene-modelle-von-losen-wasserspiele\/"},{"@type":"ListItem","position":5,"name":"Kei-Wasserball Original in 5 Gr\u00f6\u00dfen"}]},{"@type":"WebSite","@id":"https:\/\/dev.eliassen.nl\/de\/#website","url":"https:\/\/dev.eliassen.nl\/de\/","name":"Eliassen Home & Garden Pleasure","description":"","publisher":{"@id":"https:\/\/dev.eliassen.nl\/de\/#organization"},"alternateName":"Eliassen.nl","potentialAction":[{"@type":"SearchAction","target":{"@type":"EntryPoint","urlTemplate":"https:\/\/dev.eliassen.nl\/de\/?s={search_term_string}"},"query-input":{"@type":"PropertyValueSpecification","valueRequired":true,"valueName":"search_term_string"}}],"inLanguage":"de"},{"@type":"Organization","@id":"https:\/\/dev.eliassen.nl\/de\/#organization","name":"Eliassen Home & Garden Pleasure","url":"https:\/\/dev.eliassen.nl\/de\/","logo":{"@type":"ImageObject","inLanguage":"de","@id":"https:\/\/dev.eliassen.nl\/de\/#\/schema\/logo\/image\/","url":"https:\/\/www.eliassen.nl\/wp-content\/uploads\/2024\/01\/logo_4nd.jpg","contentUrl":"https:\/\/www.eliassen.nl\/wp-content\/uploads\/2024\/01\/logo_4nd.jpg","width":500,"height":500,"caption":"Eliassen Home & Garden Pleasure"},"image":{"@id":"https:\/\/dev.eliassen.nl\/de\/#\/schema\/logo\/image\/"},"sameAs":["https:\/\/www.facebook.com\/TuincentrumEliassenAmmerzoden","https:\/\/www.instagram.com\/eliassenhomeandgarden\/","https:\/\/nl.pinterest.com\/eliassenhomeandgarden\/","https:\/\/www.youtube.com\/@eliassenhomegardenpleasure4558"]}]}},"df_price":179,"df_sale_price":"","df_regular_price":179,"df_image_link":"https:\/\/dev.eliassen.nl\/wp-content\/uploads\/2024\/01\/keiwaterboloriginalin5mateneliassennl.jpg","image":"https:\/\/dev.eliassen.nl\/wp-content\/uploads\/2024\/01\/keiwaterboloriginalin5mateneliassennl.jpg","price_search":"<span class=\"woocommerce-Price-amount amount\"><bdi><span class=\"woocommerce-Price-currencySymbol\">&euro;<\/span>&nbsp;179,00<\/bdi><\/span>","category":"Einzigartige eigene Modelle von losen Wasserspielen","_links":{"self":[{"href":"https:\/\/dev.eliassen.nl\/de\/wp-json\/wp\/v2\/product\/128195","targetHints":{"allow":["GET"]}}],"collection":[{"href":"https:\/\/dev.eliassen.nl\/de\/wp-json\/wp\/v2\/product"}],"about":[{"href":"https:\/\/dev.eliassen.nl\/de\/wp-json\/wp\/v2\/types\/product"}],"wp:featuredmedia":[{"embeddable":true,"href":"https:\/\/dev.eliassen.nl\/de\/wp-json\/wp\/v2\/media\/8128"}],"wp:attachment":[{"href":"https:\/\/dev.eliassen.nl\/de\/wp-json\/wp\/v2\/media?parent=128195"}],"wp:term":[{"taxonomy":"product_brand","embeddable":true,"href":"https:\/\/dev.eliassen.nl\/de\/wp-json\/wp\/v2\/product_brand?post=128195"},{"taxonomy":"product_cat","embeddable":true,"href":"https:\/\/dev.eliassen.nl\/de\/wp-json\/wp\/v2\/product_cat?post=128195"},{"taxonomy":"product_tag","embeddable":true,"href":"https:\/\/dev.eliassen.nl\/de\/wp-json\/wp\/v2\/product_tag?post=128195"}],"curies":[{"name":"wp","href":"https:\/\/api.w.org\/{rel}","templated":true}]}}