{"id":128211,"date":"2019-10-28T16:21:49","date_gmt":"2019-10-28T15:21:49","guid":{"rendered":"https:\/\/www.eliassen.nl\/?product=wasser-eigenschaft-wasser-kugel"},"modified":"2024-12-05T16:46:34","modified_gmt":"2024-12-05T15:46:34","slug":"wasser-eigenschaft-wasser-kugel","status":"publish","type":"product","link":"https:\/\/dev.eliassen.nl\/de\/wasser-eigenschaft-wasser-kugel\/","title":{"rendered":"Wasser-Eigenschaft Wasser-Kugel"},"content":{"rendered":"<h6>Dieses einzigartige Wasser &#8211; Funktion handgefertigt jeden Stil Garten passen. Es ist aus strapazierf\u00e4higem Beton, leicht zu installieren und einfach permanent zu bewegen. <br \/>Dieses Wasser &#8211; Funktion flie\u00dft von oben einem Wasserfall, der einstellbar ist. So k\u00f6nnen Sie , ob Sie sich f\u00fcr einen Wasserfall, einen pl\u00e4tschernden Brunnen oder etwas hier wie dazwischen. Auf diese Weise besitzen Sie den Wasserlauf in der Hand. Zum Beispiel im Garten oder auf der Terrasse mit dem Klang von einem Wasserfall im Hintergrund Besuch zu sitzen dann Sie auf die h\u00f6chste Einstellung gesetzt. Haben Sie ein Buch beruhigen wollen dann die Gl\u00fchbirne Wasser auf die niedrigste Einstellung drehen und einen pl\u00e4tschernden Brunnen im Hintergrund genie\u00dfen. <\/p>\n<p>Wegen seiner Form dieses Wasser &#8211; Funktion ist mobil und einfach von jeder Person \u00fcberall zu rollen. Dann f\u00fcllen es mit Wasser, stecken Sie es in die Steckdose stecken und schlie\u00dflich was Sie tun m\u00fcssen , um diese einzigartige Wasser &#8211; Funktion in Ihrem Garten zu genie\u00dfen.<\/h6>\n<h6>Sie k\u00f6nnen ohne Licht dieses Globus bestellen, mit nur warmwei\u00dfes Licht und eine LED &#8211; Lampe , die eine beliebige Farbe geben kann, mit Fernbedienung.<\/h6>\n<h6><span style=\"color: #ff0000;\">W\u00e4hlen Sie Ihre Top<\/span> &#8211; <span style=\"color: #ff0000;\">Leistung<\/span> <br \/>Gr\u00f6\u00dfe: doosnede 58 cm. H\u00f6he 52 cm.<\/h6>\n<h6>Gewicht: 50 kg<\/h6>\n<h6>Farbe: anthrazit <br \/>Kapazit\u00e4t: 45 Liter <br \/>Stroomverbr: 35 W 230V \/ 50Hz <br \/>Kabell\u00e4nge: 9 Meter<\/h6>\n","protected":false},"excerpt":{"rendered":"<p>Dieses einzigartige Wasser &#8211; Funktion handgefertigt jeden Stil Garten passen. Es ist aus strapazierf\u00e4higem Beton, leicht zu installieren und einfach permanent zu bewegen. Dieses Wasser &#8211; Funktion flie\u00dft von oben einem Wasserfall, der einstellbar ist. So k\u00f6nnen Sie , ob Sie sich f\u00fcr einen Wasserfall, einen pl\u00e4tschernden Brunnen oder etwas hier wie dazwischen. Auf diese &hellip;<\/p>\n","protected":false},"featured_media":8182,"template":"","meta":{"_acf_changed":false},"product_brand":[],"product_cat":[548,536],"product_tag":[],"class_list":{"0":"post-128211","1":"product","2":"type-product","3":"status-publish","4":"has-post-thumbnail","6":"product_cat-terrassenbrunnen","7":"product_cat-wassereigenschaften","9":"first","10":"instock","11":"taxable","12":"shipping-taxable","13":"purchasable","14":"product-type-variable"},"acf":[],"yoast_head":"<!-- This site is optimized with the Yoast SEO plugin v23.8 - https:\/\/yoast.com\/wordpress\/plugins\/seo\/ -->\n<title>Waterornament bol voor tuin - Eliassen.nl<\/title>\n<meta name=\"description\" content=\"Waterornament bol voor tuin. Een prachtig exemplaar bolvormig waterornament te verkrijgen met ledlamp die elke gewenste kleur kan geven.\" \/>\n<meta name=\"robots\" content=\"noindex, follow, max-snippet:-1, max-image-preview:large, max-video-preview:-1\" \/>\n<meta property=\"og:locale\" content=\"de_DE\" \/>\n<meta property=\"og:type\" content=\"article\" \/>\n<meta property=\"og:title\" content=\"Waterornament bol voor tuin - Eliassen.nl\" \/>\n<meta property=\"og:description\" content=\"Waterornament bol voor tuin. Een prachtig exemplaar bolvormig waterornament te verkrijgen met ledlamp die elke gewenste kleur kan geven.\" \/>\n<meta property=\"og:url\" content=\"https:\/\/dev.eliassen.nl\/de\/wasser-eigenschaft-wasser-kugel\/\" \/>\n<meta property=\"og:site_name\" content=\"Eliassen.nl\" \/>\n<meta property=\"article:publisher\" content=\"https:\/\/www.facebook.com\/TuincentrumEliassenAmmerzoden\" \/>\n<meta property=\"article:modified_time\" content=\"2024-12-05T15:46:34+00:00\" \/>\n<meta property=\"og:image\" content=\"https:\/\/dev.eliassen.nl\/wp-content\/uploads\/2024\/01\/facebook.jpg\" \/>\n\t<meta property=\"og:image:width\" content=\"1024\" \/>\n\t<meta property=\"og:image:height\" content=\"537\" \/>\n\t<meta property=\"og:image:type\" content=\"image\/jpeg\" \/>\n<meta name=\"twitter:card\" content=\"summary_large_image\" \/>\n<script type=\"application\/ld+json\" class=\"yoast-schema-graph\">{\"@context\":\"https:\/\/schema.org\",\"@graph\":[{\"@type\":\"WebPage\",\"@id\":\"https:\/\/dev.eliassen.nl\/de\/wasser-eigenschaft-wasser-kugel\/\",\"url\":\"https:\/\/dev.eliassen.nl\/de\/wasser-eigenschaft-wasser-kugel\/\",\"name\":\"Waterornament bol voor tuin - Eliassen.nl\",\"isPartOf\":{\"@id\":\"https:\/\/dev.eliassen.nl\/de\/#website\"},\"primaryImageOfPage\":{\"@id\":\"https:\/\/dev.eliassen.nl\/de\/wasser-eigenschaft-wasser-kugel\/#primaryimage\"},\"image\":{\"@id\":\"https:\/\/dev.eliassen.nl\/de\/wasser-eigenschaft-wasser-kugel\/#primaryimage\"},\"thumbnailUrl\":\"https:\/\/dev.eliassen.nl\/wp-content\/uploads\/2024\/01\/facebook.jpg\",\"datePublished\":\"2019-10-28T15:21:49+00:00\",\"dateModified\":\"2024-12-05T15:46:34+00:00\",\"description\":\"Waterornament bol voor tuin. Een prachtig exemplaar bolvormig waterornament te verkrijgen met ledlamp die elke gewenste kleur kan geven.\",\"breadcrumb\":{\"@id\":\"https:\/\/dev.eliassen.nl\/de\/wasser-eigenschaft-wasser-kugel\/#breadcrumb\"},\"inLanguage\":\"de\",\"potentialAction\":[{\"@type\":\"ReadAction\",\"target\":[\"https:\/\/dev.eliassen.nl\/de\/wasser-eigenschaft-wasser-kugel\/\"]}]},{\"@type\":\"ImageObject\",\"inLanguage\":\"de\",\"@id\":\"https:\/\/dev.eliassen.nl\/de\/wasser-eigenschaft-wasser-kugel\/#primaryimage\",\"url\":\"https:\/\/dev.eliassen.nl\/wp-content\/uploads\/2024\/01\/facebook.jpg\",\"contentUrl\":\"https:\/\/dev.eliassen.nl\/wp-content\/uploads\/2024\/01\/facebook.jpg\",\"width\":1024,\"height\":537,\"caption\":\"facebook\"},{\"@type\":\"BreadcrumbList\",\"@id\":\"https:\/\/dev.eliassen.nl\/de\/wasser-eigenschaft-wasser-kugel\/#breadcrumb\",\"itemListElement\":[{\"@type\":\"ListItem\",\"position\":1,\"name\":\"Home\",\"item\":\"https:\/\/dev.eliassen.nl\/de\/\"},{\"@type\":\"ListItem\",\"position\":2,\"name\":\"Shop\",\"item\":\"https:\/\/dev.eliassen.nl\/nl\/winkel\/\"},{\"@type\":\"ListItem\",\"position\":3,\"name\":\"Wasserspiele\",\"item\":\"https:\/\/dev.eliassen.nl\/de\/wassereigenschaften\/\"},{\"@type\":\"ListItem\",\"position\":4,\"name\":\"Terrassenbrunnen\",\"item\":\"https:\/\/dev.eliassen.nl\/de\/wassereigenschaften\/terrassenbrunnen\/\"},{\"@type\":\"ListItem\",\"position\":5,\"name\":\"Wasser-Eigenschaft Wasser-Kugel\"}]},{\"@type\":\"WebSite\",\"@id\":\"https:\/\/dev.eliassen.nl\/de\/#website\",\"url\":\"https:\/\/dev.eliassen.nl\/de\/\",\"name\":\"Eliassen Home & Garden Pleasure\",\"description\":\"\",\"publisher\":{\"@id\":\"https:\/\/dev.eliassen.nl\/de\/#organization\"},\"alternateName\":\"Eliassen.nl\",\"potentialAction\":[{\"@type\":\"SearchAction\",\"target\":{\"@type\":\"EntryPoint\",\"urlTemplate\":\"https:\/\/dev.eliassen.nl\/de\/?s={search_term_string}\"},\"query-input\":{\"@type\":\"PropertyValueSpecification\",\"valueRequired\":true,\"valueName\":\"search_term_string\"}}],\"inLanguage\":\"de\"},{\"@type\":\"Organization\",\"@id\":\"https:\/\/dev.eliassen.nl\/de\/#organization\",\"name\":\"Eliassen Home & Garden Pleasure\",\"url\":\"https:\/\/dev.eliassen.nl\/de\/\",\"logo\":{\"@type\":\"ImageObject\",\"inLanguage\":\"de\",\"@id\":\"https:\/\/dev.eliassen.nl\/de\/#\/schema\/logo\/image\/\",\"url\":\"https:\/\/www.eliassen.nl\/wp-content\/uploads\/2024\/01\/logo_4nd.jpg\",\"contentUrl\":\"https:\/\/www.eliassen.nl\/wp-content\/uploads\/2024\/01\/logo_4nd.jpg\",\"width\":500,\"height\":500,\"caption\":\"Eliassen Home & Garden Pleasure\"},\"image\":{\"@id\":\"https:\/\/dev.eliassen.nl\/de\/#\/schema\/logo\/image\/\"},\"sameAs\":[\"https:\/\/www.facebook.com\/TuincentrumEliassenAmmerzoden\",\"https:\/\/www.instagram.com\/eliassenhomeandgarden\/\",\"https:\/\/nl.pinterest.com\/eliassenhomeandgarden\/\",\"https:\/\/www.youtube.com\/@eliassenhomegardenpleasure4558\"]}]}<\/script>\n<!-- \/ Yoast SEO plugin. -->","yoast_head_json":{"title":"Waterornament bol voor tuin - Eliassen.nl","description":"Waterornament bol voor tuin. Een prachtig exemplaar bolvormig waterornament te verkrijgen met ledlamp die elke gewenste kleur kan geven.","robots":{"index":"noindex","follow":"follow","max-snippet":"max-snippet:-1","max-image-preview":"max-image-preview:large","max-video-preview":"max-video-preview:-1"},"og_locale":"de_DE","og_type":"article","og_title":"Waterornament bol voor tuin - Eliassen.nl","og_description":"Waterornament bol voor tuin. Een prachtig exemplaar bolvormig waterornament te verkrijgen met ledlamp die elke gewenste kleur kan geven.","og_url":"https:\/\/dev.eliassen.nl\/de\/wasser-eigenschaft-wasser-kugel\/","og_site_name":"Eliassen.nl","article_publisher":"https:\/\/www.facebook.com\/TuincentrumEliassenAmmerzoden","article_modified_time":"2024-12-05T15:46:34+00:00","og_image":[{"width":1024,"height":537,"url":"https:\/\/dev.eliassen.nl\/wp-content\/uploads\/2024\/01\/facebook.jpg","type":"image\/jpeg"}],"twitter_card":"summary_large_image","schema":{"@context":"https:\/\/schema.org","@graph":[{"@type":"WebPage","@id":"https:\/\/dev.eliassen.nl\/de\/wasser-eigenschaft-wasser-kugel\/","url":"https:\/\/dev.eliassen.nl\/de\/wasser-eigenschaft-wasser-kugel\/","name":"Waterornament bol voor tuin - Eliassen.nl","isPartOf":{"@id":"https:\/\/dev.eliassen.nl\/de\/#website"},"primaryImageOfPage":{"@id":"https:\/\/dev.eliassen.nl\/de\/wasser-eigenschaft-wasser-kugel\/#primaryimage"},"image":{"@id":"https:\/\/dev.eliassen.nl\/de\/wasser-eigenschaft-wasser-kugel\/#primaryimage"},"thumbnailUrl":"https:\/\/dev.eliassen.nl\/wp-content\/uploads\/2024\/01\/facebook.jpg","datePublished":"2019-10-28T15:21:49+00:00","dateModified":"2024-12-05T15:46:34+00:00","description":"Waterornament bol voor tuin. Een prachtig exemplaar bolvormig waterornament te verkrijgen met ledlamp die elke gewenste kleur kan geven.","breadcrumb":{"@id":"https:\/\/dev.eliassen.nl\/de\/wasser-eigenschaft-wasser-kugel\/#breadcrumb"},"inLanguage":"de","potentialAction":[{"@type":"ReadAction","target":["https:\/\/dev.eliassen.nl\/de\/wasser-eigenschaft-wasser-kugel\/"]}]},{"@type":"ImageObject","inLanguage":"de","@id":"https:\/\/dev.eliassen.nl\/de\/wasser-eigenschaft-wasser-kugel\/#primaryimage","url":"https:\/\/dev.eliassen.nl\/wp-content\/uploads\/2024\/01\/facebook.jpg","contentUrl":"https:\/\/dev.eliassen.nl\/wp-content\/uploads\/2024\/01\/facebook.jpg","width":1024,"height":537,"caption":"facebook"},{"@type":"BreadcrumbList","@id":"https:\/\/dev.eliassen.nl\/de\/wasser-eigenschaft-wasser-kugel\/#breadcrumb","itemListElement":[{"@type":"ListItem","position":1,"name":"Home","item":"https:\/\/dev.eliassen.nl\/de\/"},{"@type":"ListItem","position":2,"name":"Shop","item":"https:\/\/dev.eliassen.nl\/nl\/winkel\/"},{"@type":"ListItem","position":3,"name":"Wasserspiele","item":"https:\/\/dev.eliassen.nl\/de\/wassereigenschaften\/"},{"@type":"ListItem","position":4,"name":"Terrassenbrunnen","item":"https:\/\/dev.eliassen.nl\/de\/wassereigenschaften\/terrassenbrunnen\/"},{"@type":"ListItem","position":5,"name":"Wasser-Eigenschaft Wasser-Kugel"}]},{"@type":"WebSite","@id":"https:\/\/dev.eliassen.nl\/de\/#website","url":"https:\/\/dev.eliassen.nl\/de\/","name":"Eliassen Home & Garden Pleasure","description":"","publisher":{"@id":"https:\/\/dev.eliassen.nl\/de\/#organization"},"alternateName":"Eliassen.nl","potentialAction":[{"@type":"SearchAction","target":{"@type":"EntryPoint","urlTemplate":"https:\/\/dev.eliassen.nl\/de\/?s={search_term_string}"},"query-input":{"@type":"PropertyValueSpecification","valueRequired":true,"valueName":"search_term_string"}}],"inLanguage":"de"},{"@type":"Organization","@id":"https:\/\/dev.eliassen.nl\/de\/#organization","name":"Eliassen Home & Garden Pleasure","url":"https:\/\/dev.eliassen.nl\/de\/","logo":{"@type":"ImageObject","inLanguage":"de","@id":"https:\/\/dev.eliassen.nl\/de\/#\/schema\/logo\/image\/","url":"https:\/\/www.eliassen.nl\/wp-content\/uploads\/2024\/01\/logo_4nd.jpg","contentUrl":"https:\/\/www.eliassen.nl\/wp-content\/uploads\/2024\/01\/logo_4nd.jpg","width":500,"height":500,"caption":"Eliassen Home & Garden Pleasure"},"image":{"@id":"https:\/\/dev.eliassen.nl\/de\/#\/schema\/logo\/image\/"},"sameAs":["https:\/\/www.facebook.com\/TuincentrumEliassenAmmerzoden","https:\/\/www.instagram.com\/eliassenhomeandgarden\/","https:\/\/nl.pinterest.com\/eliassenhomeandgarden\/","https:\/\/www.youtube.com\/@eliassenhomegardenpleasure4558"]}]}},"df_price":544,"df_sale_price":"","df_regular_price":544,"df_image_link":"https:\/\/dev.eliassen.nl\/wp-content\/uploads\/2024\/01\/facebook.jpg","image":"https:\/\/dev.eliassen.nl\/wp-content\/uploads\/2024\/01\/facebook.jpg","price_search":"<span class=\"woocommerce-Price-amount amount\"><bdi><span class=\"woocommerce-Price-currencySymbol\">&euro;<\/span>&nbsp;544,00<\/bdi><\/span>","category":"Terrassenbrunnen","_links":{"self":[{"href":"https:\/\/dev.eliassen.nl\/de\/wp-json\/wp\/v2\/product\/128211","targetHints":{"allow":["GET"]}}],"collection":[{"href":"https:\/\/dev.eliassen.nl\/de\/wp-json\/wp\/v2\/product"}],"about":[{"href":"https:\/\/dev.eliassen.nl\/de\/wp-json\/wp\/v2\/types\/product"}],"wp:featuredmedia":[{"embeddable":true,"href":"https:\/\/dev.eliassen.nl\/de\/wp-json\/wp\/v2\/media\/8182"}],"wp:attachment":[{"href":"https:\/\/dev.eliassen.nl\/de\/wp-json\/wp\/v2\/media?parent=128211"}],"wp:term":[{"taxonomy":"product_brand","embeddable":true,"href":"https:\/\/dev.eliassen.nl\/de\/wp-json\/wp\/v2\/product_brand?post=128211"},{"taxonomy":"product_cat","embeddable":true,"href":"https:\/\/dev.eliassen.nl\/de\/wp-json\/wp\/v2\/product_cat?post=128211"},{"taxonomy":"product_tag","embeddable":true,"href":"https:\/\/dev.eliassen.nl\/de\/wp-json\/wp\/v2\/product_tag?post=128211"}],"curies":[{"name":"wp","href":"https:\/\/api.w.org\/{rel}","templated":true}]}}