{"id":128236,"date":"2019-10-28T16:22:01","date_gmt":"2019-10-28T15:22:01","guid":{"rendered":"https:\/\/www.eliassen.nl\/?product=eliassen-schwarze-rose-wasserspiel"},"modified":"2024-12-05T16:46:39","modified_gmt":"2024-12-05T15:46:39","slug":"wasserbrunnenblume-black-rose-50cm","status":"publish","type":"product","link":"https:\/\/dev.eliassen.nl\/de\/wasserbrunnenblume-black-rose-50cm\/","title":{"rendered":"Wasserbrunnenblume Black Rose 50cm"},"content":{"rendered":"<p><strong><video controls=\"controls\" width=\"500\" height=\"250\"><source src=\"https:\/\/cdn.webshopapp.com\/shops\/289658\/files\/444295067\/waterfontein-zwarte-roos-eliassennl.mp4\" type=\"video\/mp4\" \/><\/video><\/strong><\/p>\n<p><strong>Dies ist ein separates Ornament. Bitte erkundigen Sie sich nach weiteren ben\u00f6tigten Teilen.<\/strong><\/p>\n<p>Wasserfont\u00e4nenblume, selbst hergestellt und entwickelt, nirgendwo anders erh\u00e4ltlich. Blumenmodell, sehr arbeitsintensiv in der Herstellung. Aus poliertem Basalt. K\u00fcnstlerisches Objekt in sehr kleiner Auflage. Die Gr\u00f6\u00dfe betr\u00e4gt 50 x 50 cm. Sieht auch sehr sch\u00f6n aus, wenn sie in einen Teich oder in ein modernes Teichbecken gestellt wird.<\/p>\n<p><strong>Tipp:<\/strong> Unsere eigenen polierten schwarzen Dekokiesel in 3 Gr\u00f6\u00dfen eignen sich sehr gut zum Platzieren \u00fcber dem Gitter, sie bilden einen sehr sch\u00f6nen Kontrast zum Ornament. Vergessen Sie nicht, unseren Showaufbau mit 300 Modellen zu besuchen, wo Sie das meiste davon in Betrieb sehen und eine gute Erkl\u00e4rung erhalten k\u00f6nnen!<\/p>\n<ul>\n<li>fester Basalt<\/li>\n<li>bleibt sch\u00f6n<\/li>\n<li>sehr einzigartiges Design, nur bei uns erh\u00e4ltlich<\/li>\n<\/ul>\n<p>Haben Sie Fragen zu diesem Artikel oder ben\u00f6tigen Sie Ratschl\u00e4ge, wie Sie dieses Modell mit allen anderen Notwendigkeiten erg\u00e4nzen k\u00f6nnen? Sie k\u00f6nnen uns gerne kontaktieren.<\/p>\n","protected":false},"excerpt":{"rendered":"<p>Dies ist ein separates Ornament. Bitte erkundigen Sie sich nach weiteren ben\u00f6tigten Teilen.<\/p>\n","protected":false},"featured_media":8239,"template":"","meta":{"_acf_changed":false},"product_brand":[6916],"product_cat":[539,551,569,536],"product_tag":[],"class_list":{"0":"post-128236","1":"product","2":"type-product","3":"status-publish","4":"has-post-thumbnail","6":"product_brand-eliassen-de","7":"product_cat-einzigartige-eigene-modelle-von-losen-wasserspiele","8":"product_cat-lose-wasserspiele","9":"product_cat-wasserbaelle","10":"product_cat-wassereigenschaften","12":"first","13":"instock","14":"taxable","15":"shipping-taxable","16":"purchasable","17":"product-type-variable"},"acf":[],"yoast_head":"<!-- This site is optimized with the Yoast SEO plugin v23.8 - https:\/\/yoast.com\/wordpress\/plugins\/seo\/ -->\n<title>Springbrunnenblume (schwarz) Black Rose | 50cm | Eliassen.nl<\/title>\n<meta name=\"description\" content=\"Ein EINZIGARTIGER Blumenbrunnen f\u00fcr den Garten. NIRGENDWO ANDERS ZU VERKAUFEN! Eigens entwickelt. Mehr als 300 Wasserspiele k\u00f6nnen LIVE in unserem Shop besic...\" \/>\n<meta name=\"robots\" content=\"noindex, follow, max-snippet:-1, max-image-preview:large, max-video-preview:-1\" \/>\n<meta property=\"og:locale\" content=\"de_DE\" \/>\n<meta property=\"og:type\" content=\"article\" \/>\n<meta property=\"og:title\" content=\"Springbrunnenblume (schwarz) Black Rose | 50cm | Eliassen.nl\" \/>\n<meta property=\"og:description\" content=\"Ein EINZIGARTIGER Blumenbrunnen f\u00fcr den Garten. NIRGENDWO ANDERS ZU VERKAUFEN! Eigens entwickelt. Mehr als 300 Wasserspiele k\u00f6nnen LIVE in unserem Shop besic...\" \/>\n<meta property=\"og:url\" content=\"https:\/\/dev.eliassen.nl\/de\/wasserbrunnenblume-black-rose-50cm\/\" \/>\n<meta property=\"og:site_name\" content=\"Eliassen.nl\" \/>\n<meta property=\"article:publisher\" content=\"https:\/\/www.facebook.com\/TuincentrumEliassenAmmerzoden\" \/>\n<meta property=\"article:modified_time\" content=\"2024-12-05T15:46:39+00:00\" \/>\n<meta property=\"og:image\" content=\"https:\/\/dev.eliassen.nl\/wp-content\/uploads\/2024\/01\/mijnproject2.png\" \/>\n\t<meta property=\"og:image:width\" content=\"750\" \/>\n\t<meta property=\"og:image:height\" content=\"1000\" \/>\n\t<meta property=\"og:image:type\" content=\"image\/png\" \/>\n<meta name=\"twitter:card\" content=\"summary_large_image\" \/>\n<script type=\"application\/ld+json\" class=\"yoast-schema-graph\">{\"@context\":\"https:\/\/schema.org\",\"@graph\":[{\"@type\":\"WebPage\",\"@id\":\"https:\/\/dev.eliassen.nl\/de\/wasserbrunnenblume-black-rose-50cm\/\",\"url\":\"https:\/\/dev.eliassen.nl\/de\/wasserbrunnenblume-black-rose-50cm\/\",\"name\":\"Springbrunnenblume (schwarz) Black Rose | 50cm | Eliassen.nl\",\"isPartOf\":{\"@id\":\"https:\/\/dev.eliassen.nl\/de\/#website\"},\"primaryImageOfPage\":{\"@id\":\"https:\/\/dev.eliassen.nl\/de\/wasserbrunnenblume-black-rose-50cm\/#primaryimage\"},\"image\":{\"@id\":\"https:\/\/dev.eliassen.nl\/de\/wasserbrunnenblume-black-rose-50cm\/#primaryimage\"},\"thumbnailUrl\":\"https:\/\/dev.eliassen.nl\/wp-content\/uploads\/2024\/01\/mijnproject2.png\",\"datePublished\":\"2019-10-28T15:22:01+00:00\",\"dateModified\":\"2024-12-05T15:46:39+00:00\",\"description\":\"Ein EINZIGARTIGER Blumenbrunnen f\u00fcr den Garten. NIRGENDWO ANDERS ZU VERKAUFEN! Eigens entwickelt. Mehr als 300 Wasserspiele k\u00f6nnen LIVE in unserem Shop besic...\",\"breadcrumb\":{\"@id\":\"https:\/\/dev.eliassen.nl\/de\/wasserbrunnenblume-black-rose-50cm\/#breadcrumb\"},\"inLanguage\":\"de\",\"potentialAction\":[{\"@type\":\"ReadAction\",\"target\":[\"https:\/\/dev.eliassen.nl\/de\/wasserbrunnenblume-black-rose-50cm\/\"]}]},{\"@type\":\"ImageObject\",\"inLanguage\":\"de\",\"@id\":\"https:\/\/dev.eliassen.nl\/de\/wasserbrunnenblume-black-rose-50cm\/#primaryimage\",\"url\":\"https:\/\/dev.eliassen.nl\/wp-content\/uploads\/2024\/01\/mijnproject2.png\",\"contentUrl\":\"https:\/\/dev.eliassen.nl\/wp-content\/uploads\/2024\/01\/mijnproject2.png\",\"width\":750,\"height\":1000,\"caption\":\"Mijn project (2)\"},{\"@type\":\"BreadcrumbList\",\"@id\":\"https:\/\/dev.eliassen.nl\/de\/wasserbrunnenblume-black-rose-50cm\/#breadcrumb\",\"itemListElement\":[{\"@type\":\"ListItem\",\"position\":1,\"name\":\"Home\",\"item\":\"https:\/\/dev.eliassen.nl\/de\/\"},{\"@type\":\"ListItem\",\"position\":2,\"name\":\"Shop\",\"item\":\"https:\/\/dev.eliassen.nl\/nl\/winkel\/\"},{\"@type\":\"ListItem\",\"position\":3,\"name\":\"Wasserspiele\",\"item\":\"https:\/\/dev.eliassen.nl\/de\/wassereigenschaften\/\"},{\"@type\":\"ListItem\",\"position\":4,\"name\":\"Einzigartige eigene Modelle von losen Wasserspielen\",\"item\":\"https:\/\/dev.eliassen.nl\/de\/wassereigenschaften\/einzigartige-eigene-modelle-von-losen-wasserspiele\/\"},{\"@type\":\"ListItem\",\"position\":5,\"name\":\"Wasserbrunnenblume Black Rose 50cm\"}]},{\"@type\":\"WebSite\",\"@id\":\"https:\/\/dev.eliassen.nl\/de\/#website\",\"url\":\"https:\/\/dev.eliassen.nl\/de\/\",\"name\":\"Eliassen Home & Garden Pleasure\",\"description\":\"\",\"publisher\":{\"@id\":\"https:\/\/dev.eliassen.nl\/de\/#organization\"},\"alternateName\":\"Eliassen.nl\",\"potentialAction\":[{\"@type\":\"SearchAction\",\"target\":{\"@type\":\"EntryPoint\",\"urlTemplate\":\"https:\/\/dev.eliassen.nl\/de\/?s={search_term_string}\"},\"query-input\":{\"@type\":\"PropertyValueSpecification\",\"valueRequired\":true,\"valueName\":\"search_term_string\"}}],\"inLanguage\":\"de\"},{\"@type\":\"Organization\",\"@id\":\"https:\/\/dev.eliassen.nl\/de\/#organization\",\"name\":\"Eliassen Home & Garden Pleasure\",\"url\":\"https:\/\/dev.eliassen.nl\/de\/\",\"logo\":{\"@type\":\"ImageObject\",\"inLanguage\":\"de\",\"@id\":\"https:\/\/dev.eliassen.nl\/de\/#\/schema\/logo\/image\/\",\"url\":\"https:\/\/www.eliassen.nl\/wp-content\/uploads\/2024\/01\/logo_4nd.jpg\",\"contentUrl\":\"https:\/\/www.eliassen.nl\/wp-content\/uploads\/2024\/01\/logo_4nd.jpg\",\"width\":500,\"height\":500,\"caption\":\"Eliassen Home & Garden Pleasure\"},\"image\":{\"@id\":\"https:\/\/dev.eliassen.nl\/de\/#\/schema\/logo\/image\/\"},\"sameAs\":[\"https:\/\/www.facebook.com\/TuincentrumEliassenAmmerzoden\",\"https:\/\/www.instagram.com\/eliassenhomeandgarden\/\",\"https:\/\/nl.pinterest.com\/eliassenhomeandgarden\/\",\"https:\/\/www.youtube.com\/@eliassenhomegardenpleasure4558\"]}]}<\/script>\n<!-- \/ Yoast SEO plugin. -->","yoast_head_json":{"title":"Springbrunnenblume (schwarz) Black Rose | 50cm | Eliassen.nl","description":"Ein EINZIGARTIGER Blumenbrunnen f\u00fcr den Garten. NIRGENDWO ANDERS ZU VERKAUFEN! Eigens entwickelt. Mehr als 300 Wasserspiele k\u00f6nnen LIVE in unserem Shop besic...","robots":{"index":"noindex","follow":"follow","max-snippet":"max-snippet:-1","max-image-preview":"max-image-preview:large","max-video-preview":"max-video-preview:-1"},"og_locale":"de_DE","og_type":"article","og_title":"Springbrunnenblume (schwarz) Black Rose | 50cm | Eliassen.nl","og_description":"Ein EINZIGARTIGER Blumenbrunnen f\u00fcr den Garten. NIRGENDWO ANDERS ZU VERKAUFEN! Eigens entwickelt. Mehr als 300 Wasserspiele k\u00f6nnen LIVE in unserem Shop besic...","og_url":"https:\/\/dev.eliassen.nl\/de\/wasserbrunnenblume-black-rose-50cm\/","og_site_name":"Eliassen.nl","article_publisher":"https:\/\/www.facebook.com\/TuincentrumEliassenAmmerzoden","article_modified_time":"2024-12-05T15:46:39+00:00","og_image":[{"width":750,"height":1000,"url":"https:\/\/dev.eliassen.nl\/wp-content\/uploads\/2024\/01\/mijnproject2.png","type":"image\/png"}],"twitter_card":"summary_large_image","schema":{"@context":"https:\/\/schema.org","@graph":[{"@type":"WebPage","@id":"https:\/\/dev.eliassen.nl\/de\/wasserbrunnenblume-black-rose-50cm\/","url":"https:\/\/dev.eliassen.nl\/de\/wasserbrunnenblume-black-rose-50cm\/","name":"Springbrunnenblume (schwarz) Black Rose | 50cm | Eliassen.nl","isPartOf":{"@id":"https:\/\/dev.eliassen.nl\/de\/#website"},"primaryImageOfPage":{"@id":"https:\/\/dev.eliassen.nl\/de\/wasserbrunnenblume-black-rose-50cm\/#primaryimage"},"image":{"@id":"https:\/\/dev.eliassen.nl\/de\/wasserbrunnenblume-black-rose-50cm\/#primaryimage"},"thumbnailUrl":"https:\/\/dev.eliassen.nl\/wp-content\/uploads\/2024\/01\/mijnproject2.png","datePublished":"2019-10-28T15:22:01+00:00","dateModified":"2024-12-05T15:46:39+00:00","description":"Ein EINZIGARTIGER Blumenbrunnen f\u00fcr den Garten. NIRGENDWO ANDERS ZU VERKAUFEN! Eigens entwickelt. Mehr als 300 Wasserspiele k\u00f6nnen LIVE in unserem Shop besic...","breadcrumb":{"@id":"https:\/\/dev.eliassen.nl\/de\/wasserbrunnenblume-black-rose-50cm\/#breadcrumb"},"inLanguage":"de","potentialAction":[{"@type":"ReadAction","target":["https:\/\/dev.eliassen.nl\/de\/wasserbrunnenblume-black-rose-50cm\/"]}]},{"@type":"ImageObject","inLanguage":"de","@id":"https:\/\/dev.eliassen.nl\/de\/wasserbrunnenblume-black-rose-50cm\/#primaryimage","url":"https:\/\/dev.eliassen.nl\/wp-content\/uploads\/2024\/01\/mijnproject2.png","contentUrl":"https:\/\/dev.eliassen.nl\/wp-content\/uploads\/2024\/01\/mijnproject2.png","width":750,"height":1000,"caption":"Mijn project (2)"},{"@type":"BreadcrumbList","@id":"https:\/\/dev.eliassen.nl\/de\/wasserbrunnenblume-black-rose-50cm\/#breadcrumb","itemListElement":[{"@type":"ListItem","position":1,"name":"Home","item":"https:\/\/dev.eliassen.nl\/de\/"},{"@type":"ListItem","position":2,"name":"Shop","item":"https:\/\/dev.eliassen.nl\/nl\/winkel\/"},{"@type":"ListItem","position":3,"name":"Wasserspiele","item":"https:\/\/dev.eliassen.nl\/de\/wassereigenschaften\/"},{"@type":"ListItem","position":4,"name":"Einzigartige eigene Modelle von losen Wasserspielen","item":"https:\/\/dev.eliassen.nl\/de\/wassereigenschaften\/einzigartige-eigene-modelle-von-losen-wasserspiele\/"},{"@type":"ListItem","position":5,"name":"Wasserbrunnenblume Black Rose 50cm"}]},{"@type":"WebSite","@id":"https:\/\/dev.eliassen.nl\/de\/#website","url":"https:\/\/dev.eliassen.nl\/de\/","name":"Eliassen Home & Garden Pleasure","description":"","publisher":{"@id":"https:\/\/dev.eliassen.nl\/de\/#organization"},"alternateName":"Eliassen.nl","potentialAction":[{"@type":"SearchAction","target":{"@type":"EntryPoint","urlTemplate":"https:\/\/dev.eliassen.nl\/de\/?s={search_term_string}"},"query-input":{"@type":"PropertyValueSpecification","valueRequired":true,"valueName":"search_term_string"}}],"inLanguage":"de"},{"@type":"Organization","@id":"https:\/\/dev.eliassen.nl\/de\/#organization","name":"Eliassen Home & Garden Pleasure","url":"https:\/\/dev.eliassen.nl\/de\/","logo":{"@type":"ImageObject","inLanguage":"de","@id":"https:\/\/dev.eliassen.nl\/de\/#\/schema\/logo\/image\/","url":"https:\/\/www.eliassen.nl\/wp-content\/uploads\/2024\/01\/logo_4nd.jpg","contentUrl":"https:\/\/www.eliassen.nl\/wp-content\/uploads\/2024\/01\/logo_4nd.jpg","width":500,"height":500,"caption":"Eliassen Home & Garden Pleasure"},"image":{"@id":"https:\/\/dev.eliassen.nl\/de\/#\/schema\/logo\/image\/"},"sameAs":["https:\/\/www.facebook.com\/TuincentrumEliassenAmmerzoden","https:\/\/www.instagram.com\/eliassenhomeandgarden\/","https:\/\/nl.pinterest.com\/eliassenhomeandgarden\/","https:\/\/www.youtube.com\/@eliassenhomegardenpleasure4558"]}]}},"df_price":550,"df_sale_price":"","df_regular_price":550,"df_image_link":"https:\/\/dev.eliassen.nl\/wp-content\/uploads\/2024\/01\/mijnproject2.png","image":"https:\/\/dev.eliassen.nl\/wp-content\/uploads\/2024\/01\/mijnproject2.png","price_search":"<span class=\"woocommerce-Price-amount amount\"><bdi><span class=\"woocommerce-Price-currencySymbol\">&euro;<\/span>&nbsp;550,00<\/bdi><\/span>","category":"Einzigartige eigene Modelle von losen Wasserspielen","_links":{"self":[{"href":"https:\/\/dev.eliassen.nl\/de\/wp-json\/wp\/v2\/product\/128236","targetHints":{"allow":["GET"]}}],"collection":[{"href":"https:\/\/dev.eliassen.nl\/de\/wp-json\/wp\/v2\/product"}],"about":[{"href":"https:\/\/dev.eliassen.nl\/de\/wp-json\/wp\/v2\/types\/product"}],"wp:featuredmedia":[{"embeddable":true,"href":"https:\/\/dev.eliassen.nl\/de\/wp-json\/wp\/v2\/media\/8239"}],"wp:attachment":[{"href":"https:\/\/dev.eliassen.nl\/de\/wp-json\/wp\/v2\/media?parent=128236"}],"wp:term":[{"taxonomy":"product_brand","embeddable":true,"href":"https:\/\/dev.eliassen.nl\/de\/wp-json\/wp\/v2\/product_brand?post=128236"},{"taxonomy":"product_cat","embeddable":true,"href":"https:\/\/dev.eliassen.nl\/de\/wp-json\/wp\/v2\/product_cat?post=128236"},{"taxonomy":"product_tag","embeddable":true,"href":"https:\/\/dev.eliassen.nl\/de\/wp-json\/wp\/v2\/product_tag?post=128236"}],"curies":[{"name":"wp","href":"https:\/\/api.w.org\/{rel}","templated":true}]}}