{"id":128327,"date":"2019-10-28T16:22:55","date_gmt":"2019-10-28T15:22:55","guid":{"rendered":"https:\/\/www.eliassen.nl\/?product=eliassen-globe-bewaesserung-zwiebeln-in-4-groessen"},"modified":"2024-12-05T16:46:47","modified_gmt":"2024-12-05T15:46:47","slug":"globe-wasserkugeln-weltkarte-in-4-grossen-granit","status":"publish","type":"product","link":"https:\/\/dev.eliassen.nl\/de\/globe-wasserkugeln-weltkarte-in-4-grossen-granit\/","title":{"rendered":"Globe Wasserkugeln Weltkarte in 4 Gr\u00f6\u00dfen Granit"},"content":{"rendered":"<p><strong>Dies ist eine lose Verzierung. Erkundigen Sie sich nach den anderen erforderlichen Teilen.<\/strong><\/p>\n<p>Sch\u00f6ne Wasserkugeln in Globe-Version, selbst entwickelt und nur bei uns erh\u00e4ltlich. Aus Granit, die Meere sind geh\u00e4mmert, die L\u00e4nder poliert. Der Durchmesser dieser Kugeln betr\u00e4gt 25,35,45 und 60cm. Schauen Sie sich die Spezifikationen an, was Sie sonst noch brauchen. Wenn Sie weitere Fragen haben, rufen Sie uns an oder mailen Sie uns.<\/p>\n<p><strong>Tipp<\/strong> : Unsere eigenen schwarzen, polierten schwarzen Kieselsteine, erh\u00e4ltlich in 3 Gr\u00f6\u00dfen, bilden einen wunderbaren Kontrast zu den S\u00e4ulen!<\/p>\n<p><strong>Vergessen Sie nicht, unseren Showroom zu besuchen, wo Sie auch gut beraten werden.<\/strong><\/p>\n<ul>\n<li>Ornament aus massivem Granit<\/li>\n<li>Teilweise poliert<\/li>\n<li>Bleibt f\u00fcr immer sch\u00f6n<\/li>\n<li>Sehr einzigartiges Design, nur bei uns erh\u00e4ltlich<\/li>\n<li>Etwa 20-200 kg<br \/>Haben Sie Fragen zu diesem Artikel oder ben\u00f6tigen Sie Beratung, um dieses Modell mit allen anderen Zubeh\u00f6rteilen zu vervollst\u00e4ndigen? Sie k\u00f6nnen uns gerne kontaktieren.<\/li>\n<\/ul>\n","protected":false},"excerpt":{"rendered":"<p>Dies ist eine lose Verzierung. Erkundigen Sie sich nach den anderen erforderlichen Teilen.<\/p>\n","protected":false},"featured_media":8404,"template":"","meta":{"_acf_changed":false},"product_brand":[6916],"product_cat":[539,551,569,536],"product_tag":[],"class_list":{"0":"post-128327","1":"product","2":"type-product","3":"status-publish","4":"has-post-thumbnail","6":"product_brand-eliassen-de","7":"product_cat-einzigartige-eigene-modelle-von-losen-wasserspiele","8":"product_cat-lose-wasserspiele","9":"product_cat-wasserbaelle","10":"product_cat-wassereigenschaften","12":"first","13":"instock","14":"taxable","15":"shipping-taxable","16":"purchasable","17":"product-type-variable"},"acf":[],"yoast_head":"<!-- This site is optimized with the Yoast SEO plugin v23.8 - https:\/\/yoast.com\/wordpress\/plugins\/seo\/ -->\n<title>Globe Wasserkugeln Weltkarte in 4 Gr\u00f6\u00dfen Granit | Eliassen.nl<\/title>\n<meta name=\"description\" content=\"Kugelgranit-Wasserkugeln, die eine Weltkarte zeigen. Eigenes Design und nur bei uns erh\u00e4ltlich! Mehr als +300 Ornamente sind LIVE in unserem Shop ausgestellt!\" \/>\n<meta name=\"robots\" content=\"noindex, follow, max-snippet:-1, max-image-preview:large, max-video-preview:-1\" \/>\n<meta property=\"og:locale\" content=\"de_DE\" \/>\n<meta property=\"og:type\" content=\"article\" \/>\n<meta property=\"og:title\" content=\"Globe Wasserkugeln Weltkarte in 4 Gr\u00f6\u00dfen Granit | Eliassen.nl\" \/>\n<meta property=\"og:description\" content=\"Kugelgranit-Wasserkugeln, die eine Weltkarte zeigen. Eigenes Design und nur bei uns erh\u00e4ltlich! Mehr als +300 Ornamente sind LIVE in unserem Shop ausgestellt!\" \/>\n<meta property=\"og:url\" content=\"https:\/\/dev.eliassen.nl\/de\/globe-wasserkugeln-weltkarte-in-4-grossen-granit\/\" \/>\n<meta property=\"og:site_name\" content=\"Eliassen.nl\" \/>\n<meta property=\"article:publisher\" content=\"https:\/\/www.facebook.com\/TuincentrumEliassenAmmerzoden\" \/>\n<meta property=\"article:modified_time\" content=\"2024-12-05T15:46:47+00:00\" \/>\n<meta property=\"og:image\" content=\"https:\/\/dev.eliassen.nl\/wp-content\/uploads\/2024\/01\/globewaterbollenwereldkaartin4matengraniete.jpg\" \/>\n\t<meta property=\"og:image:width\" content=\"1024\" \/>\n\t<meta property=\"og:image:height\" content=\"768\" \/>\n\t<meta property=\"og:image:type\" content=\"image\/jpeg\" \/>\n<meta name=\"twitter:card\" content=\"summary_large_image\" \/>\n<script type=\"application\/ld+json\" class=\"yoast-schema-graph\">{\"@context\":\"https:\/\/schema.org\",\"@graph\":[{\"@type\":\"WebPage\",\"@id\":\"https:\/\/dev.eliassen.nl\/de\/globe-wasserkugeln-weltkarte-in-4-grossen-granit\/\",\"url\":\"https:\/\/dev.eliassen.nl\/de\/globe-wasserkugeln-weltkarte-in-4-grossen-granit\/\",\"name\":\"Globe Wasserkugeln Weltkarte in 4 Gr\u00f6\u00dfen Granit | Eliassen.nl\",\"isPartOf\":{\"@id\":\"https:\/\/dev.eliassen.nl\/de\/#website\"},\"primaryImageOfPage\":{\"@id\":\"https:\/\/dev.eliassen.nl\/de\/globe-wasserkugeln-weltkarte-in-4-grossen-granit\/#primaryimage\"},\"image\":{\"@id\":\"https:\/\/dev.eliassen.nl\/de\/globe-wasserkugeln-weltkarte-in-4-grossen-granit\/#primaryimage\"},\"thumbnailUrl\":\"https:\/\/dev.eliassen.nl\/wp-content\/uploads\/2024\/01\/globewaterbollenwereldkaartin4matengraniete.jpg\",\"datePublished\":\"2019-10-28T15:22:55+00:00\",\"dateModified\":\"2024-12-05T15:46:47+00:00\",\"description\":\"Kugelgranit-Wasserkugeln, die eine Weltkarte zeigen. Eigenes Design und nur bei uns erh\u00e4ltlich! Mehr als +300 Ornamente sind LIVE in unserem Shop ausgestellt!\",\"breadcrumb\":{\"@id\":\"https:\/\/dev.eliassen.nl\/de\/globe-wasserkugeln-weltkarte-in-4-grossen-granit\/#breadcrumb\"},\"inLanguage\":\"de\",\"potentialAction\":[{\"@type\":\"ReadAction\",\"target\":[\"https:\/\/dev.eliassen.nl\/de\/globe-wasserkugeln-weltkarte-in-4-grossen-granit\/\"]}]},{\"@type\":\"ImageObject\",\"inLanguage\":\"de\",\"@id\":\"https:\/\/dev.eliassen.nl\/de\/globe-wasserkugeln-weltkarte-in-4-grossen-granit\/#primaryimage\",\"url\":\"https:\/\/dev.eliassen.nl\/wp-content\/uploads\/2024\/01\/globewaterbollenwereldkaartin4matengraniete.jpg\",\"contentUrl\":\"https:\/\/dev.eliassen.nl\/wp-content\/uploads\/2024\/01\/globewaterbollenwereldkaartin4matengraniete.jpg\",\"width\":1024,\"height\":768,\"caption\":\"Globe waterbollen wereldkaart in 4 maten graniet | Eliassen.nl\"},{\"@type\":\"BreadcrumbList\",\"@id\":\"https:\/\/dev.eliassen.nl\/de\/globe-wasserkugeln-weltkarte-in-4-grossen-granit\/#breadcrumb\",\"itemListElement\":[{\"@type\":\"ListItem\",\"position\":1,\"name\":\"Home\",\"item\":\"https:\/\/dev.eliassen.nl\/de\/\"},{\"@type\":\"ListItem\",\"position\":2,\"name\":\"Shop\",\"item\":\"https:\/\/dev.eliassen.nl\/nl\/winkel\/\"},{\"@type\":\"ListItem\",\"position\":3,\"name\":\"Wasserspiele\",\"item\":\"https:\/\/dev.eliassen.nl\/de\/wassereigenschaften\/\"},{\"@type\":\"ListItem\",\"position\":4,\"name\":\"Einzigartige eigene Modelle von losen Wasserspielen\",\"item\":\"https:\/\/dev.eliassen.nl\/de\/wassereigenschaften\/einzigartige-eigene-modelle-von-losen-wasserspiele\/\"},{\"@type\":\"ListItem\",\"position\":5,\"name\":\"Globe Wasserkugeln Weltkarte in 4 Gr\u00f6\u00dfen Granit\"}]},{\"@type\":\"WebSite\",\"@id\":\"https:\/\/dev.eliassen.nl\/de\/#website\",\"url\":\"https:\/\/dev.eliassen.nl\/de\/\",\"name\":\"Eliassen Home & Garden Pleasure\",\"description\":\"\",\"publisher\":{\"@id\":\"https:\/\/dev.eliassen.nl\/de\/#organization\"},\"alternateName\":\"Eliassen.nl\",\"potentialAction\":[{\"@type\":\"SearchAction\",\"target\":{\"@type\":\"EntryPoint\",\"urlTemplate\":\"https:\/\/dev.eliassen.nl\/de\/?s={search_term_string}\"},\"query-input\":{\"@type\":\"PropertyValueSpecification\",\"valueRequired\":true,\"valueName\":\"search_term_string\"}}],\"inLanguage\":\"de\"},{\"@type\":\"Organization\",\"@id\":\"https:\/\/dev.eliassen.nl\/de\/#organization\",\"name\":\"Eliassen Home & Garden Pleasure\",\"url\":\"https:\/\/dev.eliassen.nl\/de\/\",\"logo\":{\"@type\":\"ImageObject\",\"inLanguage\":\"de\",\"@id\":\"https:\/\/dev.eliassen.nl\/de\/#\/schema\/logo\/image\/\",\"url\":\"https:\/\/www.eliassen.nl\/wp-content\/uploads\/2024\/01\/logo_4nd.jpg\",\"contentUrl\":\"https:\/\/www.eliassen.nl\/wp-content\/uploads\/2024\/01\/logo_4nd.jpg\",\"width\":500,\"height\":500,\"caption\":\"Eliassen Home & Garden Pleasure\"},\"image\":{\"@id\":\"https:\/\/dev.eliassen.nl\/de\/#\/schema\/logo\/image\/\"},\"sameAs\":[\"https:\/\/www.facebook.com\/TuincentrumEliassenAmmerzoden\",\"https:\/\/www.instagram.com\/eliassenhomeandgarden\/\",\"https:\/\/nl.pinterest.com\/eliassenhomeandgarden\/\",\"https:\/\/www.youtube.com\/@eliassenhomegardenpleasure4558\"]}]}<\/script>\n<!-- \/ Yoast SEO plugin. -->","yoast_head_json":{"title":"Globe Wasserkugeln Weltkarte in 4 Gr\u00f6\u00dfen Granit | Eliassen.nl","description":"Kugelgranit-Wasserkugeln, die eine Weltkarte zeigen. Eigenes Design und nur bei uns erh\u00e4ltlich! Mehr als +300 Ornamente sind LIVE in unserem Shop ausgestellt!","robots":{"index":"noindex","follow":"follow","max-snippet":"max-snippet:-1","max-image-preview":"max-image-preview:large","max-video-preview":"max-video-preview:-1"},"og_locale":"de_DE","og_type":"article","og_title":"Globe Wasserkugeln Weltkarte in 4 Gr\u00f6\u00dfen Granit | Eliassen.nl","og_description":"Kugelgranit-Wasserkugeln, die eine Weltkarte zeigen. Eigenes Design und nur bei uns erh\u00e4ltlich! Mehr als +300 Ornamente sind LIVE in unserem Shop ausgestellt!","og_url":"https:\/\/dev.eliassen.nl\/de\/globe-wasserkugeln-weltkarte-in-4-grossen-granit\/","og_site_name":"Eliassen.nl","article_publisher":"https:\/\/www.facebook.com\/TuincentrumEliassenAmmerzoden","article_modified_time":"2024-12-05T15:46:47+00:00","og_image":[{"width":1024,"height":768,"url":"https:\/\/dev.eliassen.nl\/wp-content\/uploads\/2024\/01\/globewaterbollenwereldkaartin4matengraniete.jpg","type":"image\/jpeg"}],"twitter_card":"summary_large_image","schema":{"@context":"https:\/\/schema.org","@graph":[{"@type":"WebPage","@id":"https:\/\/dev.eliassen.nl\/de\/globe-wasserkugeln-weltkarte-in-4-grossen-granit\/","url":"https:\/\/dev.eliassen.nl\/de\/globe-wasserkugeln-weltkarte-in-4-grossen-granit\/","name":"Globe Wasserkugeln Weltkarte in 4 Gr\u00f6\u00dfen Granit | Eliassen.nl","isPartOf":{"@id":"https:\/\/dev.eliassen.nl\/de\/#website"},"primaryImageOfPage":{"@id":"https:\/\/dev.eliassen.nl\/de\/globe-wasserkugeln-weltkarte-in-4-grossen-granit\/#primaryimage"},"image":{"@id":"https:\/\/dev.eliassen.nl\/de\/globe-wasserkugeln-weltkarte-in-4-grossen-granit\/#primaryimage"},"thumbnailUrl":"https:\/\/dev.eliassen.nl\/wp-content\/uploads\/2024\/01\/globewaterbollenwereldkaartin4matengraniete.jpg","datePublished":"2019-10-28T15:22:55+00:00","dateModified":"2024-12-05T15:46:47+00:00","description":"Kugelgranit-Wasserkugeln, die eine Weltkarte zeigen. Eigenes Design und nur bei uns erh\u00e4ltlich! Mehr als +300 Ornamente sind LIVE in unserem Shop ausgestellt!","breadcrumb":{"@id":"https:\/\/dev.eliassen.nl\/de\/globe-wasserkugeln-weltkarte-in-4-grossen-granit\/#breadcrumb"},"inLanguage":"de","potentialAction":[{"@type":"ReadAction","target":["https:\/\/dev.eliassen.nl\/de\/globe-wasserkugeln-weltkarte-in-4-grossen-granit\/"]}]},{"@type":"ImageObject","inLanguage":"de","@id":"https:\/\/dev.eliassen.nl\/de\/globe-wasserkugeln-weltkarte-in-4-grossen-granit\/#primaryimage","url":"https:\/\/dev.eliassen.nl\/wp-content\/uploads\/2024\/01\/globewaterbollenwereldkaartin4matengraniete.jpg","contentUrl":"https:\/\/dev.eliassen.nl\/wp-content\/uploads\/2024\/01\/globewaterbollenwereldkaartin4matengraniete.jpg","width":1024,"height":768,"caption":"Globe waterbollen wereldkaart in 4 maten graniet | Eliassen.nl"},{"@type":"BreadcrumbList","@id":"https:\/\/dev.eliassen.nl\/de\/globe-wasserkugeln-weltkarte-in-4-grossen-granit\/#breadcrumb","itemListElement":[{"@type":"ListItem","position":1,"name":"Home","item":"https:\/\/dev.eliassen.nl\/de\/"},{"@type":"ListItem","position":2,"name":"Shop","item":"https:\/\/dev.eliassen.nl\/nl\/winkel\/"},{"@type":"ListItem","position":3,"name":"Wasserspiele","item":"https:\/\/dev.eliassen.nl\/de\/wassereigenschaften\/"},{"@type":"ListItem","position":4,"name":"Einzigartige eigene Modelle von losen Wasserspielen","item":"https:\/\/dev.eliassen.nl\/de\/wassereigenschaften\/einzigartige-eigene-modelle-von-losen-wasserspiele\/"},{"@type":"ListItem","position":5,"name":"Globe Wasserkugeln Weltkarte in 4 Gr\u00f6\u00dfen Granit"}]},{"@type":"WebSite","@id":"https:\/\/dev.eliassen.nl\/de\/#website","url":"https:\/\/dev.eliassen.nl\/de\/","name":"Eliassen Home & Garden Pleasure","description":"","publisher":{"@id":"https:\/\/dev.eliassen.nl\/de\/#organization"},"alternateName":"Eliassen.nl","potentialAction":[{"@type":"SearchAction","target":{"@type":"EntryPoint","urlTemplate":"https:\/\/dev.eliassen.nl\/de\/?s={search_term_string}"},"query-input":{"@type":"PropertyValueSpecification","valueRequired":true,"valueName":"search_term_string"}}],"inLanguage":"de"},{"@type":"Organization","@id":"https:\/\/dev.eliassen.nl\/de\/#organization","name":"Eliassen Home & Garden Pleasure","url":"https:\/\/dev.eliassen.nl\/de\/","logo":{"@type":"ImageObject","inLanguage":"de","@id":"https:\/\/dev.eliassen.nl\/de\/#\/schema\/logo\/image\/","url":"https:\/\/www.eliassen.nl\/wp-content\/uploads\/2024\/01\/logo_4nd.jpg","contentUrl":"https:\/\/www.eliassen.nl\/wp-content\/uploads\/2024\/01\/logo_4nd.jpg","width":500,"height":500,"caption":"Eliassen Home & Garden Pleasure"},"image":{"@id":"https:\/\/dev.eliassen.nl\/de\/#\/schema\/logo\/image\/"},"sameAs":["https:\/\/www.facebook.com\/TuincentrumEliassenAmmerzoden","https:\/\/www.instagram.com\/eliassenhomeandgarden\/","https:\/\/nl.pinterest.com\/eliassenhomeandgarden\/","https:\/\/www.youtube.com\/@eliassenhomegardenpleasure4558"]}]}},"df_price":129,"df_sale_price":"","df_regular_price":129,"df_image_link":"https:\/\/dev.eliassen.nl\/wp-content\/uploads\/2024\/01\/globewaterbollenwereldkaartin4matengraniete.jpg","image":"https:\/\/dev.eliassen.nl\/wp-content\/uploads\/2024\/01\/globewaterbollenwereldkaartin4matengraniete.jpg","price_search":"<span class=\"woocommerce-Price-amount amount\"><bdi><span class=\"woocommerce-Price-currencySymbol\">&euro;<\/span>&nbsp;129,00<\/bdi><\/span>","category":"Einzigartige eigene Modelle von losen Wasserspielen","_links":{"self":[{"href":"https:\/\/dev.eliassen.nl\/de\/wp-json\/wp\/v2\/product\/128327","targetHints":{"allow":["GET"]}}],"collection":[{"href":"https:\/\/dev.eliassen.nl\/de\/wp-json\/wp\/v2\/product"}],"about":[{"href":"https:\/\/dev.eliassen.nl\/de\/wp-json\/wp\/v2\/types\/product"}],"wp:featuredmedia":[{"embeddable":true,"href":"https:\/\/dev.eliassen.nl\/de\/wp-json\/wp\/v2\/media\/8404"}],"wp:attachment":[{"href":"https:\/\/dev.eliassen.nl\/de\/wp-json\/wp\/v2\/media?parent=128327"}],"wp:term":[{"taxonomy":"product_brand","embeddable":true,"href":"https:\/\/dev.eliassen.nl\/de\/wp-json\/wp\/v2\/product_brand?post=128327"},{"taxonomy":"product_cat","embeddable":true,"href":"https:\/\/dev.eliassen.nl\/de\/wp-json\/wp\/v2\/product_cat?post=128327"},{"taxonomy":"product_tag","embeddable":true,"href":"https:\/\/dev.eliassen.nl\/de\/wp-json\/wp\/v2\/product_tag?post=128327"}],"curies":[{"name":"wp","href":"https:\/\/api.w.org\/{rel}","templated":true}]}}