{"id":128485,"date":"2019-10-28T16:42:38","date_gmt":"2019-10-28T15:42:38","guid":{"rendered":"https:\/\/www.eliassen.nl\/?product=bueste-karl-exclusive"},"modified":"2024-12-05T16:47:18","modified_gmt":"2024-12-05T15:47:18","slug":"buste-karl-der-grosse-exklusiv-70cm","status":"publish","type":"product","link":"https:\/\/dev.eliassen.nl\/de\/buste-karl-der-grosse-exklusiv-70cm\/","title":{"rendered":"B\u00fcste Karl der Gro\u00dfe Exklusiv 70cm"},"content":{"rendered":"<p>Wir sind die einzige Verkaufsstelle f\u00fcr den K\u00fcnstler Rens Jakop. Dieser K\u00fcnstler, der unbekannt bleiben m\u00f6chte, fertigt sehr sch\u00f6ne Tiere und andere Skulpturen aus Eisen und Edelstahl. Wenn Sie etwas Einzigartiges in Ihrem Garten, Haus oder Gesch\u00e4ft w\u00fcnschen, k\u00f6nnen Sie sicher sein, dass Sie diese B\u00fcste Karls des Gro\u00dfen nirgendwo anders kaufen k\u00f6nnen!!<\/p>\n<ul>\n<li>Gr\u00f6\u00dfe: ca. 28x40x70cm<\/li>\n<li>Sehr einzigartig, <strong>nirgendwo anders erh\u00e4ltlich<\/strong><\/li>\n<li>Alle Modelle werden von Hand gefertigt, ohne jegliche Bearbeitung<\/li>\n<li>Kann auch problemlos drau\u00dfen aufgestellt werden.<\/li>\n<li>Wir haben dieses Modell in beiden Versionen im Showroom<\/li>\n<li>Garantierte Lebensdauer f\u00fcr 20 Jahre<\/li>\n<li>Kommen Sie gerne vorbei und schauen Sie sich in unserem Showroom um.<\/li>\n<li>Suchen Sie einen Sockel f\u00fcr diese B\u00fcste? Geben Sie dann oben in die Suchleiste das Wort \u201eSockel\u201c ein.<\/li>\n<\/ul>\n","protected":false},"excerpt":{"rendered":"<p>Gr\u00f6\u00dfe: ca. 28x40x70cm<\/p>\n","protected":false},"featured_media":9205,"template":"","meta":{"_acf_changed":false},"product_brand":[6916],"product_cat":[659,662],"product_tag":[],"class_list":{"0":"post-128485","1":"product","2":"type-product","3":"status-publish","4":"has-post-thumbnail","6":"product_brand-eliassen-de","7":"product_cat-dekoration-aus-metall","8":"product_cat-gartenstatuen-aus-metall","10":"first","11":"instock","12":"sale","13":"taxable","14":"shipping-taxable","15":"purchasable","16":"product-type-variable"},"acf":[],"yoast_head":"<!-- This site is optimized with the Yoast SEO plugin v23.8 - https:\/\/yoast.com\/wordpress\/plugins\/seo\/ -->\n<title>B\u00fcste Karl der Gro\u00dfe Exklusiv | Eliassen<\/title>\n<meta name=\"description\" content=\"Bei Eliassen k\u00f6nnen Sie die B\u00fcste Karls des Gro\u00dfen exklusiv online kaufen oder live im Showroom besichtigen. Bestellen Sie direkt online.\" \/>\n<meta name=\"robots\" content=\"noindex, follow, max-snippet:-1, max-image-preview:large, max-video-preview:-1\" \/>\n<meta property=\"og:locale\" content=\"de_DE\" \/>\n<meta property=\"og:type\" content=\"article\" \/>\n<meta property=\"og:title\" content=\"B\u00fcste Karl der Gro\u00dfe Exklusiv | Eliassen\" \/>\n<meta property=\"og:description\" content=\"Bei Eliassen k\u00f6nnen Sie die B\u00fcste Karls des Gro\u00dfen exklusiv online kaufen oder live im Showroom besichtigen. Bestellen Sie direkt online.\" \/>\n<meta property=\"og:url\" content=\"https:\/\/dev.eliassen.nl\/de\/buste-karl-der-grosse-exklusiv-70cm\/\" \/>\n<meta property=\"og:site_name\" content=\"Eliassen.nl\" \/>\n<meta property=\"article:publisher\" content=\"https:\/\/www.facebook.com\/TuincentrumEliassenAmmerzoden\" \/>\n<meta property=\"article:modified_time\" content=\"2024-12-05T15:47:18+00:00\" \/>\n<meta property=\"og:image\" content=\"https:\/\/dev.eliassen.nl\/wp-content\/uploads\/2024\/01\/portraets4.jpg\" \/>\n\t<meta property=\"og:image:width\" content=\"517\" \/>\n\t<meta property=\"og:image:height\" content=\"1024\" \/>\n\t<meta property=\"og:image:type\" content=\"image\/jpeg\" \/>\n<meta name=\"twitter:card\" content=\"summary_large_image\" \/>\n<script type=\"application\/ld+json\" class=\"yoast-schema-graph\">{\"@context\":\"https:\/\/schema.org\",\"@graph\":[{\"@type\":\"WebPage\",\"@id\":\"https:\/\/dev.eliassen.nl\/de\/buste-karl-der-grosse-exklusiv-70cm\/\",\"url\":\"https:\/\/dev.eliassen.nl\/de\/buste-karl-der-grosse-exklusiv-70cm\/\",\"name\":\"B\u00fcste Karl der Gro\u00dfe Exklusiv | Eliassen\",\"isPartOf\":{\"@id\":\"https:\/\/dev.eliassen.nl\/de\/#website\"},\"primaryImageOfPage\":{\"@id\":\"https:\/\/dev.eliassen.nl\/de\/buste-karl-der-grosse-exklusiv-70cm\/#primaryimage\"},\"image\":{\"@id\":\"https:\/\/dev.eliassen.nl\/de\/buste-karl-der-grosse-exklusiv-70cm\/#primaryimage\"},\"thumbnailUrl\":\"https:\/\/dev.eliassen.nl\/wp-content\/uploads\/2024\/01\/portraets4.jpg\",\"datePublished\":\"2019-10-28T15:42:38+00:00\",\"dateModified\":\"2024-12-05T15:47:18+00:00\",\"description\":\"Bei Eliassen k\u00f6nnen Sie die B\u00fcste Karls des Gro\u00dfen exklusiv online kaufen oder live im Showroom besichtigen. Bestellen Sie direkt online.\",\"breadcrumb\":{\"@id\":\"https:\/\/dev.eliassen.nl\/de\/buste-karl-der-grosse-exklusiv-70cm\/#breadcrumb\"},\"inLanguage\":\"de\",\"potentialAction\":[{\"@type\":\"ReadAction\",\"target\":[\"https:\/\/dev.eliassen.nl\/de\/buste-karl-der-grosse-exklusiv-70cm\/\"]}]},{\"@type\":\"ImageObject\",\"inLanguage\":\"de\",\"@id\":\"https:\/\/dev.eliassen.nl\/de\/buste-karl-der-grosse-exklusiv-70cm\/#primaryimage\",\"url\":\"https:\/\/dev.eliassen.nl\/wp-content\/uploads\/2024\/01\/portraets4.jpg\",\"contentUrl\":\"https:\/\/dev.eliassen.nl\/wp-content\/uploads\/2024\/01\/portraets4.jpg\",\"width\":517,\"height\":1024,\"caption\":\"portraets4\"},{\"@type\":\"BreadcrumbList\",\"@id\":\"https:\/\/dev.eliassen.nl\/de\/buste-karl-der-grosse-exklusiv-70cm\/#breadcrumb\",\"itemListElement\":[{\"@type\":\"ListItem\",\"position\":1,\"name\":\"Home\",\"item\":\"https:\/\/dev.eliassen.nl\/de\/\"},{\"@type\":\"ListItem\",\"position\":2,\"name\":\"Shop\",\"item\":\"https:\/\/dev.eliassen.nl\/nl\/winkel\/\"},{\"@type\":\"ListItem\",\"position\":3,\"name\":\"Dekoration aus Metall\",\"item\":\"https:\/\/dev.eliassen.nl\/de\/dekoration-aus-metall\/\"},{\"@type\":\"ListItem\",\"position\":4,\"name\":\"Gartenstatuen aus Metall\",\"item\":\"https:\/\/dev.eliassen.nl\/de\/dekoration-aus-metall\/gartenstatuen-aus-metall\/\"},{\"@type\":\"ListItem\",\"position\":5,\"name\":\"B\u00fcste Karl der Gro\u00dfe Exklusiv 70cm\"}]},{\"@type\":\"WebSite\",\"@id\":\"https:\/\/dev.eliassen.nl\/de\/#website\",\"url\":\"https:\/\/dev.eliassen.nl\/de\/\",\"name\":\"Eliassen Home & Garden Pleasure\",\"description\":\"\",\"publisher\":{\"@id\":\"https:\/\/dev.eliassen.nl\/de\/#organization\"},\"alternateName\":\"Eliassen.nl\",\"potentialAction\":[{\"@type\":\"SearchAction\",\"target\":{\"@type\":\"EntryPoint\",\"urlTemplate\":\"https:\/\/dev.eliassen.nl\/de\/?s={search_term_string}\"},\"query-input\":{\"@type\":\"PropertyValueSpecification\",\"valueRequired\":true,\"valueName\":\"search_term_string\"}}],\"inLanguage\":\"de\"},{\"@type\":\"Organization\",\"@id\":\"https:\/\/dev.eliassen.nl\/de\/#organization\",\"name\":\"Eliassen Home & Garden Pleasure\",\"url\":\"https:\/\/dev.eliassen.nl\/de\/\",\"logo\":{\"@type\":\"ImageObject\",\"inLanguage\":\"de\",\"@id\":\"https:\/\/dev.eliassen.nl\/de\/#\/schema\/logo\/image\/\",\"url\":\"https:\/\/www.eliassen.nl\/wp-content\/uploads\/2024\/01\/logo_4nd.jpg\",\"contentUrl\":\"https:\/\/www.eliassen.nl\/wp-content\/uploads\/2024\/01\/logo_4nd.jpg\",\"width\":500,\"height\":500,\"caption\":\"Eliassen Home & Garden Pleasure\"},\"image\":{\"@id\":\"https:\/\/dev.eliassen.nl\/de\/#\/schema\/logo\/image\/\"},\"sameAs\":[\"https:\/\/www.facebook.com\/TuincentrumEliassenAmmerzoden\",\"https:\/\/www.instagram.com\/eliassenhomeandgarden\/\",\"https:\/\/nl.pinterest.com\/eliassenhomeandgarden\/\",\"https:\/\/www.youtube.com\/@eliassenhomegardenpleasure4558\"]}]}<\/script>\n<!-- \/ Yoast SEO plugin. -->","yoast_head_json":{"title":"B\u00fcste Karl der Gro\u00dfe Exklusiv | Eliassen","description":"Bei Eliassen k\u00f6nnen Sie die B\u00fcste Karls des Gro\u00dfen exklusiv online kaufen oder live im Showroom besichtigen. Bestellen Sie direkt online.","robots":{"index":"noindex","follow":"follow","max-snippet":"max-snippet:-1","max-image-preview":"max-image-preview:large","max-video-preview":"max-video-preview:-1"},"og_locale":"de_DE","og_type":"article","og_title":"B\u00fcste Karl der Gro\u00dfe Exklusiv | Eliassen","og_description":"Bei Eliassen k\u00f6nnen Sie die B\u00fcste Karls des Gro\u00dfen exklusiv online kaufen oder live im Showroom besichtigen. Bestellen Sie direkt online.","og_url":"https:\/\/dev.eliassen.nl\/de\/buste-karl-der-grosse-exklusiv-70cm\/","og_site_name":"Eliassen.nl","article_publisher":"https:\/\/www.facebook.com\/TuincentrumEliassenAmmerzoden","article_modified_time":"2024-12-05T15:47:18+00:00","og_image":[{"width":517,"height":1024,"url":"https:\/\/dev.eliassen.nl\/wp-content\/uploads\/2024\/01\/portraets4.jpg","type":"image\/jpeg"}],"twitter_card":"summary_large_image","schema":{"@context":"https:\/\/schema.org","@graph":[{"@type":"WebPage","@id":"https:\/\/dev.eliassen.nl\/de\/buste-karl-der-grosse-exklusiv-70cm\/","url":"https:\/\/dev.eliassen.nl\/de\/buste-karl-der-grosse-exklusiv-70cm\/","name":"B\u00fcste Karl der Gro\u00dfe Exklusiv | Eliassen","isPartOf":{"@id":"https:\/\/dev.eliassen.nl\/de\/#website"},"primaryImageOfPage":{"@id":"https:\/\/dev.eliassen.nl\/de\/buste-karl-der-grosse-exklusiv-70cm\/#primaryimage"},"image":{"@id":"https:\/\/dev.eliassen.nl\/de\/buste-karl-der-grosse-exklusiv-70cm\/#primaryimage"},"thumbnailUrl":"https:\/\/dev.eliassen.nl\/wp-content\/uploads\/2024\/01\/portraets4.jpg","datePublished":"2019-10-28T15:42:38+00:00","dateModified":"2024-12-05T15:47:18+00:00","description":"Bei Eliassen k\u00f6nnen Sie die B\u00fcste Karls des Gro\u00dfen exklusiv online kaufen oder live im Showroom besichtigen. Bestellen Sie direkt online.","breadcrumb":{"@id":"https:\/\/dev.eliassen.nl\/de\/buste-karl-der-grosse-exklusiv-70cm\/#breadcrumb"},"inLanguage":"de","potentialAction":[{"@type":"ReadAction","target":["https:\/\/dev.eliassen.nl\/de\/buste-karl-der-grosse-exklusiv-70cm\/"]}]},{"@type":"ImageObject","inLanguage":"de","@id":"https:\/\/dev.eliassen.nl\/de\/buste-karl-der-grosse-exklusiv-70cm\/#primaryimage","url":"https:\/\/dev.eliassen.nl\/wp-content\/uploads\/2024\/01\/portraets4.jpg","contentUrl":"https:\/\/dev.eliassen.nl\/wp-content\/uploads\/2024\/01\/portraets4.jpg","width":517,"height":1024,"caption":"portraets4"},{"@type":"BreadcrumbList","@id":"https:\/\/dev.eliassen.nl\/de\/buste-karl-der-grosse-exklusiv-70cm\/#breadcrumb","itemListElement":[{"@type":"ListItem","position":1,"name":"Home","item":"https:\/\/dev.eliassen.nl\/de\/"},{"@type":"ListItem","position":2,"name":"Shop","item":"https:\/\/dev.eliassen.nl\/nl\/winkel\/"},{"@type":"ListItem","position":3,"name":"Dekoration aus Metall","item":"https:\/\/dev.eliassen.nl\/de\/dekoration-aus-metall\/"},{"@type":"ListItem","position":4,"name":"Gartenstatuen aus Metall","item":"https:\/\/dev.eliassen.nl\/de\/dekoration-aus-metall\/gartenstatuen-aus-metall\/"},{"@type":"ListItem","position":5,"name":"B\u00fcste Karl der Gro\u00dfe Exklusiv 70cm"}]},{"@type":"WebSite","@id":"https:\/\/dev.eliassen.nl\/de\/#website","url":"https:\/\/dev.eliassen.nl\/de\/","name":"Eliassen Home & Garden Pleasure","description":"","publisher":{"@id":"https:\/\/dev.eliassen.nl\/de\/#organization"},"alternateName":"Eliassen.nl","potentialAction":[{"@type":"SearchAction","target":{"@type":"EntryPoint","urlTemplate":"https:\/\/dev.eliassen.nl\/de\/?s={search_term_string}"},"query-input":{"@type":"PropertyValueSpecification","valueRequired":true,"valueName":"search_term_string"}}],"inLanguage":"de"},{"@type":"Organization","@id":"https:\/\/dev.eliassen.nl\/de\/#organization","name":"Eliassen Home & Garden Pleasure","url":"https:\/\/dev.eliassen.nl\/de\/","logo":{"@type":"ImageObject","inLanguage":"de","@id":"https:\/\/dev.eliassen.nl\/de\/#\/schema\/logo\/image\/","url":"https:\/\/www.eliassen.nl\/wp-content\/uploads\/2024\/01\/logo_4nd.jpg","contentUrl":"https:\/\/www.eliassen.nl\/wp-content\/uploads\/2024\/01\/logo_4nd.jpg","width":500,"height":500,"caption":"Eliassen Home & Garden Pleasure"},"image":{"@id":"https:\/\/dev.eliassen.nl\/de\/#\/schema\/logo\/image\/"},"sameAs":["https:\/\/www.facebook.com\/TuincentrumEliassenAmmerzoden","https:\/\/www.instagram.com\/eliassenhomeandgarden\/","https:\/\/nl.pinterest.com\/eliassenhomeandgarden\/","https:\/\/www.youtube.com\/@eliassenhomegardenpleasure4558"]}]}},"df_price":400,"df_sale_price":"","df_regular_price":400,"df_image_link":"https:\/\/dev.eliassen.nl\/wp-content\/uploads\/2024\/01\/portraets4.jpg","image":"https:\/\/dev.eliassen.nl\/wp-content\/uploads\/2024\/01\/portraets4.jpg","price_search":"<span class=\"woocommerce-Price-amount amount\"><bdi><span class=\"woocommerce-Price-currencySymbol\">&euro;<\/span>&nbsp;400,00<\/bdi><\/span>","category":"Dekoration aus Metall","_links":{"self":[{"href":"https:\/\/dev.eliassen.nl\/de\/wp-json\/wp\/v2\/product\/128485","targetHints":{"allow":["GET"]}}],"collection":[{"href":"https:\/\/dev.eliassen.nl\/de\/wp-json\/wp\/v2\/product"}],"about":[{"href":"https:\/\/dev.eliassen.nl\/de\/wp-json\/wp\/v2\/types\/product"}],"wp:featuredmedia":[{"embeddable":true,"href":"https:\/\/dev.eliassen.nl\/de\/wp-json\/wp\/v2\/media\/9205"}],"wp:attachment":[{"href":"https:\/\/dev.eliassen.nl\/de\/wp-json\/wp\/v2\/media?parent=128485"}],"wp:term":[{"taxonomy":"product_brand","embeddable":true,"href":"https:\/\/dev.eliassen.nl\/de\/wp-json\/wp\/v2\/product_brand?post=128485"},{"taxonomy":"product_cat","embeddable":true,"href":"https:\/\/dev.eliassen.nl\/de\/wp-json\/wp\/v2\/product_cat?post=128485"},{"taxonomy":"product_tag","embeddable":true,"href":"https:\/\/dev.eliassen.nl\/de\/wp-json\/wp\/v2\/product_tag?post=128485"}],"curies":[{"name":"wp","href":"https:\/\/api.w.org\/{rel}","templated":true}]}}