{"id":128529,"date":"2019-10-28T16:44:03","date_gmt":"2019-10-28T15:44:03","guid":{"rendered":"https:\/\/www.eliassen.nl\/?product=gartenstatue-stellen-sie-mann-frau-oder-paar-gegen"},"modified":"2024-12-05T16:47:27","modified_gmt":"2024-12-05T15:47:27","slug":"gartenstatue-stellen-sie-mann-frau-oder-paar-gegenuber","status":"publish","type":"product","link":"https:\/\/dev.eliassen.nl\/de\/gartenstatue-stellen-sie-mann-frau-oder-paar-gegenuber\/","title":{"rendered":"Gartenstatue Stellen Sie Mann, Frau oder Paar gegen\u00fcber"},"content":{"rendered":"<p>Sch\u00f6n geformte Gesichter eines Mannes und einer Frau. Ein sch\u00f6nes St\u00fcck Dekoration in Ihrem Garten, aber sicherlich auch in Ihrem Zuhause. Hergestellt aus dem besten Gussstein.<\/p>\n<p>In m\u00e4nnlicher oder weiblicher Version, aber auch als Paar zu bestellen.<\/p>\n<p><span style=\"color: #ff0000;\">W\u00e4hlen Sie hier Ihre Implementierung.<\/span><\/p>\n<ul>\n<li>Massiver Gussstein<\/li>\n<li>Farbe nat\u00fcrlich<\/li>\n<li>Gr\u00f6\u00dfe M\u00e4nner Gesicht 27cm br 57cm hoch 20 kg<\/li>\n<li>Gr\u00f6\u00dfe Frauen Gesicht 25cm br, 50cm hoch, 15 kg<\/li>\n<li>10 Jahre Garantie<\/li>\n<li>Wir bem\u00fchen uns, dieses Produkt immer in unserem Ausstellungsraum zu haben, damit Sie dieses Modell auch live sehen k\u00f6nnen. Rufen Sie an oder mailen Sie uns, wenn Sie kommen wollen, um Missverst\u00e4ndnisse zu vermeiden.<\/li>\n<\/ul>\n<p>\u00a0<\/p>\n","protected":false},"excerpt":{"rendered":"<p>Sch\u00f6n geformte Gesichter eines Mannes und einer Frau. Ein sch\u00f6nes St\u00fcck Dekoration in Ihrem Garten, aber sicherlich auch in Ihrem Zuhause. Hergestellt aus dem besten Gussstein. In m\u00e4nnlicher oder weiblicher Version, aber auch als Paar zu bestellen. W\u00e4hlen Sie hier Ihre Implementierung. Massiver Gussstein Farbe nat\u00fcrlich Gr\u00f6\u00dfe M\u00e4nner Gesicht 27cm br 57cm hoch 20 kg &hellip;<\/p>\n","protected":false},"featured_media":9328,"template":"","meta":{"_acf_changed":false},"product_brand":[6916],"product_cat":[704,677,7076],"product_tag":[],"class_list":{"0":"post-128529","1":"product","2":"type-product","3":"status-publish","4":"has-post-thumbnail","6":"product_brand-eliassen-de","7":"product_cat-andere-modelle-gartenstatuen","8":"product_cat-betonstatuen","9":"product_cat-statues-figures","11":"first","12":"instock","13":"taxable","14":"shipping-taxable","15":"purchasable","16":"product-type-variable"},"acf":[],"yoast_head":"<!-- This site is optimized with the Yoast SEO plugin v23.8 - https:\/\/yoast.com\/wordpress\/plugins\/seo\/ -->\n<title>Gartenstatue Stellen Sie Mann, Frau oder Paar gegen\u00fcber<\/title>\n<meta name=\"description\" content=\"Prachtig vormgegeven gezichten van een man en een vrouw gemaakt van massief gietsteen. Een prachtig stuk decoratie in uw tuin maar ook zeker in uw huis.\" \/>\n<meta name=\"robots\" content=\"noindex, follow, max-snippet:-1, max-image-preview:large, max-video-preview:-1\" \/>\n<meta property=\"og:locale\" content=\"de_DE\" \/>\n<meta property=\"og:type\" content=\"article\" \/>\n<meta property=\"og:title\" content=\"Gartenstatue Stellen Sie Mann, Frau oder Paar gegen\u00fcber\" \/>\n<meta property=\"og:description\" content=\"Prachtig vormgegeven gezichten van een man en een vrouw gemaakt van massief gietsteen. Een prachtig stuk decoratie in uw tuin maar ook zeker in uw huis.\" \/>\n<meta property=\"og:url\" content=\"https:\/\/dev.eliassen.nl\/de\/gartenstatue-stellen-sie-mann-frau-oder-paar-gegenuber\/\" \/>\n<meta property=\"og:site_name\" content=\"Eliassen.nl\" \/>\n<meta property=\"article:publisher\" content=\"https:\/\/www.facebook.com\/TuincentrumEliassenAmmerzoden\" \/>\n<meta property=\"article:modified_time\" content=\"2024-12-05T15:47:27+00:00\" \/>\n<meta property=\"og:image\" content=\"https:\/\/dev.eliassen.nl\/wp-content\/uploads\/2024\/01\/naamloos_2nd.jpg\" \/>\n\t<meta property=\"og:image:width\" content=\"830\" \/>\n\t<meta property=\"og:image:height\" content=\"595\" \/>\n\t<meta property=\"og:image:type\" content=\"image\/jpeg\" \/>\n<meta name=\"twitter:card\" content=\"summary_large_image\" \/>\n<script type=\"application\/ld+json\" class=\"yoast-schema-graph\">{\"@context\":\"https:\/\/schema.org\",\"@graph\":[{\"@type\":\"WebPage\",\"@id\":\"https:\/\/dev.eliassen.nl\/de\/gartenstatue-stellen-sie-mann-frau-oder-paar-gegenuber\/\",\"url\":\"https:\/\/dev.eliassen.nl\/de\/gartenstatue-stellen-sie-mann-frau-oder-paar-gegenuber\/\",\"name\":\"Gartenstatue Stellen Sie Mann, Frau oder Paar gegen\u00fcber\",\"isPartOf\":{\"@id\":\"https:\/\/dev.eliassen.nl\/de\/#website\"},\"primaryImageOfPage\":{\"@id\":\"https:\/\/dev.eliassen.nl\/de\/gartenstatue-stellen-sie-mann-frau-oder-paar-gegenuber\/#primaryimage\"},\"image\":{\"@id\":\"https:\/\/dev.eliassen.nl\/de\/gartenstatue-stellen-sie-mann-frau-oder-paar-gegenuber\/#primaryimage\"},\"thumbnailUrl\":\"https:\/\/dev.eliassen.nl\/wp-content\/uploads\/2024\/01\/naamloos_2nd.jpg\",\"datePublished\":\"2019-10-28T15:44:03+00:00\",\"dateModified\":\"2024-12-05T15:47:27+00:00\",\"description\":\"Prachtig vormgegeven gezichten van een man en een vrouw gemaakt van massief gietsteen. Een prachtig stuk decoratie in uw tuin maar ook zeker in uw huis.\",\"breadcrumb\":{\"@id\":\"https:\/\/dev.eliassen.nl\/de\/gartenstatue-stellen-sie-mann-frau-oder-paar-gegenuber\/#breadcrumb\"},\"inLanguage\":\"de\",\"potentialAction\":[{\"@type\":\"ReadAction\",\"target\":[\"https:\/\/dev.eliassen.nl\/de\/gartenstatue-stellen-sie-mann-frau-oder-paar-gegenuber\/\"]}]},{\"@type\":\"ImageObject\",\"inLanguage\":\"de\",\"@id\":\"https:\/\/dev.eliassen.nl\/de\/gartenstatue-stellen-sie-mann-frau-oder-paar-gegenuber\/#primaryimage\",\"url\":\"https:\/\/dev.eliassen.nl\/wp-content\/uploads\/2024\/01\/naamloos_2nd.jpg\",\"contentUrl\":\"https:\/\/dev.eliassen.nl\/wp-content\/uploads\/2024\/01\/naamloos_2nd.jpg\",\"width\":830,\"height\":595,\"caption\":\"naamloos\"},{\"@type\":\"BreadcrumbList\",\"@id\":\"https:\/\/dev.eliassen.nl\/de\/gartenstatue-stellen-sie-mann-frau-oder-paar-gegenuber\/#breadcrumb\",\"itemListElement\":[{\"@type\":\"ListItem\",\"position\":1,\"name\":\"Home\",\"item\":\"https:\/\/dev.eliassen.nl\/de\/\"},{\"@type\":\"ListItem\",\"position\":2,\"name\":\"Shop\",\"item\":\"https:\/\/dev.eliassen.nl\/nl\/winkel\/\"},{\"@type\":\"ListItem\",\"position\":3,\"name\":\"Statuen-Skulpturen\",\"item\":\"https:\/\/dev.eliassen.nl\/de\/statuen-skulpturen\/\"},{\"@type\":\"ListItem\",\"position\":4,\"name\":\"Betonstatuen\",\"item\":\"https:\/\/dev.eliassen.nl\/de\/bilder\/betonstatuen\/\"},{\"@type\":\"ListItem\",\"position\":5,\"name\":\"Andere Modelle Gartenstatuen\",\"item\":\"https:\/\/dev.eliassen.nl\/de\/bilder\/betonstatuen\/andere-modelle-gartenstatuen\/\"},{\"@type\":\"ListItem\",\"position\":6,\"name\":\"Gartenstatue Stellen Sie Mann, Frau oder Paar gegen\u00fcber\"}]},{\"@type\":\"WebSite\",\"@id\":\"https:\/\/dev.eliassen.nl\/de\/#website\",\"url\":\"https:\/\/dev.eliassen.nl\/de\/\",\"name\":\"Eliassen Home & Garden Pleasure\",\"description\":\"\",\"publisher\":{\"@id\":\"https:\/\/dev.eliassen.nl\/de\/#organization\"},\"alternateName\":\"Eliassen.nl\",\"potentialAction\":[{\"@type\":\"SearchAction\",\"target\":{\"@type\":\"EntryPoint\",\"urlTemplate\":\"https:\/\/dev.eliassen.nl\/de\/?s={search_term_string}\"},\"query-input\":{\"@type\":\"PropertyValueSpecification\",\"valueRequired\":true,\"valueName\":\"search_term_string\"}}],\"inLanguage\":\"de\"},{\"@type\":\"Organization\",\"@id\":\"https:\/\/dev.eliassen.nl\/de\/#organization\",\"name\":\"Eliassen Home & Garden Pleasure\",\"url\":\"https:\/\/dev.eliassen.nl\/de\/\",\"logo\":{\"@type\":\"ImageObject\",\"inLanguage\":\"de\",\"@id\":\"https:\/\/dev.eliassen.nl\/de\/#\/schema\/logo\/image\/\",\"url\":\"https:\/\/www.eliassen.nl\/wp-content\/uploads\/2024\/01\/logo_4nd.jpg\",\"contentUrl\":\"https:\/\/www.eliassen.nl\/wp-content\/uploads\/2024\/01\/logo_4nd.jpg\",\"width\":500,\"height\":500,\"caption\":\"Eliassen Home & Garden Pleasure\"},\"image\":{\"@id\":\"https:\/\/dev.eliassen.nl\/de\/#\/schema\/logo\/image\/\"},\"sameAs\":[\"https:\/\/www.facebook.com\/TuincentrumEliassenAmmerzoden\",\"https:\/\/www.instagram.com\/eliassenhomeandgarden\/\",\"https:\/\/nl.pinterest.com\/eliassenhomeandgarden\/\",\"https:\/\/www.youtube.com\/@eliassenhomegardenpleasure4558\"]}]}<\/script>\n<!-- \/ Yoast SEO plugin. -->","yoast_head_json":{"title":"Gartenstatue Stellen Sie Mann, Frau oder Paar gegen\u00fcber","description":"Prachtig vormgegeven gezichten van een man en een vrouw gemaakt van massief gietsteen. Een prachtig stuk decoratie in uw tuin maar ook zeker in uw huis.","robots":{"index":"noindex","follow":"follow","max-snippet":"max-snippet:-1","max-image-preview":"max-image-preview:large","max-video-preview":"max-video-preview:-1"},"og_locale":"de_DE","og_type":"article","og_title":"Gartenstatue Stellen Sie Mann, Frau oder Paar gegen\u00fcber","og_description":"Prachtig vormgegeven gezichten van een man en een vrouw gemaakt van massief gietsteen. Een prachtig stuk decoratie in uw tuin maar ook zeker in uw huis.","og_url":"https:\/\/dev.eliassen.nl\/de\/gartenstatue-stellen-sie-mann-frau-oder-paar-gegenuber\/","og_site_name":"Eliassen.nl","article_publisher":"https:\/\/www.facebook.com\/TuincentrumEliassenAmmerzoden","article_modified_time":"2024-12-05T15:47:27+00:00","og_image":[{"width":830,"height":595,"url":"https:\/\/dev.eliassen.nl\/wp-content\/uploads\/2024\/01\/naamloos_2nd.jpg","type":"image\/jpeg"}],"twitter_card":"summary_large_image","schema":{"@context":"https:\/\/schema.org","@graph":[{"@type":"WebPage","@id":"https:\/\/dev.eliassen.nl\/de\/gartenstatue-stellen-sie-mann-frau-oder-paar-gegenuber\/","url":"https:\/\/dev.eliassen.nl\/de\/gartenstatue-stellen-sie-mann-frau-oder-paar-gegenuber\/","name":"Gartenstatue Stellen Sie Mann, Frau oder Paar gegen\u00fcber","isPartOf":{"@id":"https:\/\/dev.eliassen.nl\/de\/#website"},"primaryImageOfPage":{"@id":"https:\/\/dev.eliassen.nl\/de\/gartenstatue-stellen-sie-mann-frau-oder-paar-gegenuber\/#primaryimage"},"image":{"@id":"https:\/\/dev.eliassen.nl\/de\/gartenstatue-stellen-sie-mann-frau-oder-paar-gegenuber\/#primaryimage"},"thumbnailUrl":"https:\/\/dev.eliassen.nl\/wp-content\/uploads\/2024\/01\/naamloos_2nd.jpg","datePublished":"2019-10-28T15:44:03+00:00","dateModified":"2024-12-05T15:47:27+00:00","description":"Prachtig vormgegeven gezichten van een man en een vrouw gemaakt van massief gietsteen. Een prachtig stuk decoratie in uw tuin maar ook zeker in uw huis.","breadcrumb":{"@id":"https:\/\/dev.eliassen.nl\/de\/gartenstatue-stellen-sie-mann-frau-oder-paar-gegenuber\/#breadcrumb"},"inLanguage":"de","potentialAction":[{"@type":"ReadAction","target":["https:\/\/dev.eliassen.nl\/de\/gartenstatue-stellen-sie-mann-frau-oder-paar-gegenuber\/"]}]},{"@type":"ImageObject","inLanguage":"de","@id":"https:\/\/dev.eliassen.nl\/de\/gartenstatue-stellen-sie-mann-frau-oder-paar-gegenuber\/#primaryimage","url":"https:\/\/dev.eliassen.nl\/wp-content\/uploads\/2024\/01\/naamloos_2nd.jpg","contentUrl":"https:\/\/dev.eliassen.nl\/wp-content\/uploads\/2024\/01\/naamloos_2nd.jpg","width":830,"height":595,"caption":"naamloos"},{"@type":"BreadcrumbList","@id":"https:\/\/dev.eliassen.nl\/de\/gartenstatue-stellen-sie-mann-frau-oder-paar-gegenuber\/#breadcrumb","itemListElement":[{"@type":"ListItem","position":1,"name":"Home","item":"https:\/\/dev.eliassen.nl\/de\/"},{"@type":"ListItem","position":2,"name":"Shop","item":"https:\/\/dev.eliassen.nl\/nl\/winkel\/"},{"@type":"ListItem","position":3,"name":"Statuen-Skulpturen","item":"https:\/\/dev.eliassen.nl\/de\/statuen-skulpturen\/"},{"@type":"ListItem","position":4,"name":"Betonstatuen","item":"https:\/\/dev.eliassen.nl\/de\/bilder\/betonstatuen\/"},{"@type":"ListItem","position":5,"name":"Andere Modelle Gartenstatuen","item":"https:\/\/dev.eliassen.nl\/de\/bilder\/betonstatuen\/andere-modelle-gartenstatuen\/"},{"@type":"ListItem","position":6,"name":"Gartenstatue Stellen Sie Mann, Frau oder Paar gegen\u00fcber"}]},{"@type":"WebSite","@id":"https:\/\/dev.eliassen.nl\/de\/#website","url":"https:\/\/dev.eliassen.nl\/de\/","name":"Eliassen Home & Garden Pleasure","description":"","publisher":{"@id":"https:\/\/dev.eliassen.nl\/de\/#organization"},"alternateName":"Eliassen.nl","potentialAction":[{"@type":"SearchAction","target":{"@type":"EntryPoint","urlTemplate":"https:\/\/dev.eliassen.nl\/de\/?s={search_term_string}"},"query-input":{"@type":"PropertyValueSpecification","valueRequired":true,"valueName":"search_term_string"}}],"inLanguage":"de"},{"@type":"Organization","@id":"https:\/\/dev.eliassen.nl\/de\/#organization","name":"Eliassen Home & Garden Pleasure","url":"https:\/\/dev.eliassen.nl\/de\/","logo":{"@type":"ImageObject","inLanguage":"de","@id":"https:\/\/dev.eliassen.nl\/de\/#\/schema\/logo\/image\/","url":"https:\/\/www.eliassen.nl\/wp-content\/uploads\/2024\/01\/logo_4nd.jpg","contentUrl":"https:\/\/www.eliassen.nl\/wp-content\/uploads\/2024\/01\/logo_4nd.jpg","width":500,"height":500,"caption":"Eliassen Home & Garden Pleasure"},"image":{"@id":"https:\/\/dev.eliassen.nl\/de\/#\/schema\/logo\/image\/"},"sameAs":["https:\/\/www.facebook.com\/TuincentrumEliassenAmmerzoden","https:\/\/www.instagram.com\/eliassenhomeandgarden\/","https:\/\/nl.pinterest.com\/eliassenhomeandgarden\/","https:\/\/www.youtube.com\/@eliassenhomegardenpleasure4558"]}]}},"df_price":225,"df_sale_price":"","df_regular_price":225,"df_image_link":"https:\/\/dev.eliassen.nl\/wp-content\/uploads\/2024\/01\/naamloos_2nd.jpg","image":"https:\/\/dev.eliassen.nl\/wp-content\/uploads\/2024\/01\/naamloos_2nd.jpg","price_search":"<span class=\"woocommerce-Price-amount amount\"><bdi><span class=\"woocommerce-Price-currencySymbol\">&euro;<\/span>&nbsp;225,00<\/bdi><\/span>","category":"Andere Modelle Gartenstatuen","_links":{"self":[{"href":"https:\/\/dev.eliassen.nl\/de\/wp-json\/wp\/v2\/product\/128529","targetHints":{"allow":["GET"]}}],"collection":[{"href":"https:\/\/dev.eliassen.nl\/de\/wp-json\/wp\/v2\/product"}],"about":[{"href":"https:\/\/dev.eliassen.nl\/de\/wp-json\/wp\/v2\/types\/product"}],"wp:featuredmedia":[{"embeddable":true,"href":"https:\/\/dev.eliassen.nl\/de\/wp-json\/wp\/v2\/media\/9328"}],"wp:attachment":[{"href":"https:\/\/dev.eliassen.nl\/de\/wp-json\/wp\/v2\/media?parent=128529"}],"wp:term":[{"taxonomy":"product_brand","embeddable":true,"href":"https:\/\/dev.eliassen.nl\/de\/wp-json\/wp\/v2\/product_brand?post=128529"},{"taxonomy":"product_cat","embeddable":true,"href":"https:\/\/dev.eliassen.nl\/de\/wp-json\/wp\/v2\/product_cat?post=128529"},{"taxonomy":"product_tag","embeddable":true,"href":"https:\/\/dev.eliassen.nl\/de\/wp-json\/wp\/v2\/product_tag?post=128529"}],"curies":[{"name":"wp","href":"https:\/\/api.w.org\/{rel}","templated":true}]}}