{"id":128589,"date":"2019-10-28T16:46:02","date_gmt":"2019-10-28T15:46:02","guid":{"rendered":"https:\/\/www.eliassen.nl\/?product=blumenkasten-quadratisch-karz-50x50x50cm"},"modified":"2024-12-05T16:47:38","modified_gmt":"2024-12-05T15:47:38","slug":"blumenkasten-eckig-karz-50x50x50cm-hochglanz-in-3-farben","status":"publish","type":"product","link":"https:\/\/dev.eliassen.nl\/de\/blumenkasten-eckig-karz-50x50x50cm-hochglanz-in-3-farben\/","title":{"rendered":"Blumenkasten eckig Karz 50x50x50cm Hochglanz in 3 Farben"},"content":{"rendered":"<p>Bringen Sie mit diesem modernen Hochglanz-Blumenkasten Karz 50 x 50 x 50 cm pure Sch\u00f6nheit in Ihr Haus oder Ihren Garten.<\/p>\n<p>Dieser Karz Topf ist in 3 Farben erh\u00e4ltlich; schwarz, wei\u00df und rot.<\/p>\n<p>Hergestellt aus starkem Fiberstone, wundersch\u00f6n verarbeitet mit einem superstarken, gl\u00e4nzenden Hochglanzlack von super Qualit\u00e4t. Fiberstone wird aus gemahlenem Naturstein hergestellt, mit Polyester-Epoxidharz gemischt und mit Glasfasermatten verst\u00e4rkt. Diese Serie von Vasen und Pflanzgef\u00e4\u00dfen ist f\u00fcr den Innen- und Au\u00dfenbereich geeignet.<\/p>\n<p>Bohren Sie f\u00fcr den Au\u00dfenbereich zuerst L\u00f6cher in den Boden, um \u00fcbersch\u00fcssiges Wasser abzulassen.<\/p>\n<p><strong>Diese Serie kann auch in unserem Shop angesehen werden.<\/strong><\/p>\n<p><span style=\"color: #ff0000;\"><strong>W\u00e4hlen Sie hier oben Ihre Farbe aus.<\/strong><\/span><\/p>\n<ul>\n<li><span style=\"color: #000000;\">Gr\u00f6\u00dfe: 50 x 50 x 50 cm hoch<\/span><\/li>\n<li>Frostbest\u00e4ndig: Ja, wenn L\u00f6cher in den Boden gebohrt werden<\/li>\n<li>Material: Polyester-Faserstein<\/li>\n<li>In den Ecken verst\u00e4rkt.<\/li>\n<li>Eigener Bestand<\/li>\n<li>3 Jahre Garantie, ausgenommen \u00e4u\u00dfere Sch\u00e4den<\/li>\n<li>UV-best\u00e4ndig<\/li>\n<li>Eigener Import und Lager<\/li>\n<li>Schnell geliefert<\/li>\n<li>Verpackt in einem stabilen Karton<\/li>\n<\/ul>\n","protected":false},"excerpt":{"rendered":"<p>Bringen Sie mit diesem modernen Hochglanz-Blumenkasten Karz 50 x 50 x 50 cm pure Sch\u00f6nheit in Ihr Haus oder Ihren Garten. Dieser Karz Topf ist in 3 Farben erh\u00e4ltlich; schwarz, wei\u00df und rot. Hergestellt aus starkem Fiberstone, wundersch\u00f6n verarbeitet mit einem superstarken, gl\u00e4nzenden Hochglanzlack von super Qualit\u00e4t. Fiberstone wird aus gemahlenem Naturstein hergestellt, mit Polyester-Epoxidharz &hellip;<\/p>\n","protected":false},"featured_media":9457,"template":"","meta":{"_acf_changed":false},"product_brand":[6916],"product_cat":[722,725],"product_tag":[],"class_list":{"0":"post-128589","1":"product","2":"type-product","3":"status-publish","4":"has-post-thumbnail","6":"product_brand-eliassen-de","7":"product_cat-blumentoepfe-und-pflanzgefaesse","8":"product_cat-vasen-und-toepfe-im-modernen-design","10":"first","11":"instock","12":"sale","13":"taxable","14":"shipping-taxable","15":"purchasable","16":"product-type-variable"},"acf":[],"yoast_head":"<!-- This site is optimized with the Yoast SEO plugin v23.8 - https:\/\/yoast.com\/wordpress\/plugins\/seo\/ -->\n<title>Blumenkasten quadratisch 50x50x50cm Karz Hochglanz in 3 Farben<\/title>\n<meta name=\"description\" content=\"Blumenkasten Hochglanz quadratisch Karz 50x50x50cm in 3 Farben des starken Fiberstone. Veredelt mit superstarkem, gl\u00e4nzendem Hochglanzlack von super Qualit\u00e4t\" \/>\n<meta name=\"robots\" content=\"noindex, follow, max-snippet:-1, max-image-preview:large, max-video-preview:-1\" \/>\n<meta property=\"og:locale\" content=\"de_DE\" \/>\n<meta property=\"og:type\" content=\"article\" \/>\n<meta property=\"og:title\" content=\"Blumenkasten quadratisch 50x50x50cm Karz Hochglanz in 3 Farben\" \/>\n<meta property=\"og:description\" content=\"Blumenkasten Hochglanz quadratisch Karz 50x50x50cm in 3 Farben des starken Fiberstone. Veredelt mit superstarkem, gl\u00e4nzendem Hochglanzlack von super Qualit\u00e4t\" \/>\n<meta property=\"og:url\" content=\"https:\/\/dev.eliassen.nl\/de\/blumenkasten-eckig-karz-50x50x50cm-hochglanz-in-3-farben\/\" \/>\n<meta property=\"og:site_name\" content=\"Eliassen.nl\" \/>\n<meta property=\"article:publisher\" content=\"https:\/\/www.facebook.com\/TuincentrumEliassenAmmerzoden\" \/>\n<meta property=\"article:modified_time\" content=\"2024-12-05T15:47:38+00:00\" \/>\n<meta property=\"og:image\" content=\"https:\/\/dev.eliassen.nl\/wp-content\/uploads\/2024\/01\/bloembakvierkantkarz50x50x50cmhoogglansin3k_2nd.jpg\" \/>\n\t<meta property=\"og:image:width\" content=\"768\" \/>\n\t<meta property=\"og:image:height\" content=\"1024\" \/>\n\t<meta property=\"og:image:type\" content=\"image\/jpeg\" \/>\n<meta name=\"twitter:card\" content=\"summary_large_image\" \/>\n<script type=\"application\/ld+json\" class=\"yoast-schema-graph\">{\"@context\":\"https:\/\/schema.org\",\"@graph\":[{\"@type\":\"WebPage\",\"@id\":\"https:\/\/dev.eliassen.nl\/de\/blumenkasten-eckig-karz-50x50x50cm-hochglanz-in-3-farben\/\",\"url\":\"https:\/\/dev.eliassen.nl\/de\/blumenkasten-eckig-karz-50x50x50cm-hochglanz-in-3-farben\/\",\"name\":\"Blumenkasten quadratisch 50x50x50cm Karz Hochglanz in 3 Farben\",\"isPartOf\":{\"@id\":\"https:\/\/dev.eliassen.nl\/de\/#website\"},\"primaryImageOfPage\":{\"@id\":\"https:\/\/dev.eliassen.nl\/de\/blumenkasten-eckig-karz-50x50x50cm-hochglanz-in-3-farben\/#primaryimage\"},\"image\":{\"@id\":\"https:\/\/dev.eliassen.nl\/de\/blumenkasten-eckig-karz-50x50x50cm-hochglanz-in-3-farben\/#primaryimage\"},\"thumbnailUrl\":\"https:\/\/dev.eliassen.nl\/wp-content\/uploads\/2024\/01\/bloembakvierkantkarz50x50x50cmhoogglansin3k_2nd.jpg\",\"datePublished\":\"2019-10-28T15:46:02+00:00\",\"dateModified\":\"2024-12-05T15:47:38+00:00\",\"description\":\"Blumenkasten Hochglanz quadratisch Karz 50x50x50cm in 3 Farben des starken Fiberstone. Veredelt mit superstarkem, gl\u00e4nzendem Hochglanzlack von super Qualit\u00e4t\",\"breadcrumb\":{\"@id\":\"https:\/\/dev.eliassen.nl\/de\/blumenkasten-eckig-karz-50x50x50cm-hochglanz-in-3-farben\/#breadcrumb\"},\"inLanguage\":\"de\",\"potentialAction\":[{\"@type\":\"ReadAction\",\"target\":[\"https:\/\/dev.eliassen.nl\/de\/blumenkasten-eckig-karz-50x50x50cm-hochglanz-in-3-farben\/\"]}]},{\"@type\":\"ImageObject\",\"inLanguage\":\"de\",\"@id\":\"https:\/\/dev.eliassen.nl\/de\/blumenkasten-eckig-karz-50x50x50cm-hochglanz-in-3-farben\/#primaryimage\",\"url\":\"https:\/\/dev.eliassen.nl\/wp-content\/uploads\/2024\/01\/bloembakvierkantkarz50x50x50cmhoogglansin3k_2nd.jpg\",\"contentUrl\":\"https:\/\/dev.eliassen.nl\/wp-content\/uploads\/2024\/01\/bloembakvierkantkarz50x50x50cmhoogglansin3k_2nd.jpg\",\"width\":768,\"height\":1024,\"caption\":\"bloembak-vierkant-karz-50x50x50cm-hoogglans-in-3-k\"},{\"@type\":\"BreadcrumbList\",\"@id\":\"https:\/\/dev.eliassen.nl\/de\/blumenkasten-eckig-karz-50x50x50cm-hochglanz-in-3-farben\/#breadcrumb\",\"itemListElement\":[{\"@type\":\"ListItem\",\"position\":1,\"name\":\"Home\",\"item\":\"https:\/\/dev.eliassen.nl\/de\/\"},{\"@type\":\"ListItem\",\"position\":2,\"name\":\"Shop\",\"item\":\"https:\/\/dev.eliassen.nl\/nl\/winkel\/\"},{\"@type\":\"ListItem\",\"position\":3,\"name\":\"Blument\u00f6pfe und Pflanzgef\u00e4\u00dfe\",\"item\":\"https:\/\/dev.eliassen.nl\/de\/blumentoepfe-und-pflanzgefaesse\/\"},{\"@type\":\"ListItem\",\"position\":4,\"name\":\"Vasen und T\u00f6pfe im modernen Design\",\"item\":\"https:\/\/dev.eliassen.nl\/de\/blumentoepfe-und-pflanzgefaesse\/vasen-und-toepfe-im-modernen-design\/\"},{\"@type\":\"ListItem\",\"position\":5,\"name\":\"Blumenkasten eckig Karz 50x50x50cm Hochglanz in 3 Farben\"}]},{\"@type\":\"WebSite\",\"@id\":\"https:\/\/dev.eliassen.nl\/de\/#website\",\"url\":\"https:\/\/dev.eliassen.nl\/de\/\",\"name\":\"Eliassen Home & Garden Pleasure\",\"description\":\"\",\"publisher\":{\"@id\":\"https:\/\/dev.eliassen.nl\/de\/#organization\"},\"alternateName\":\"Eliassen.nl\",\"potentialAction\":[{\"@type\":\"SearchAction\",\"target\":{\"@type\":\"EntryPoint\",\"urlTemplate\":\"https:\/\/dev.eliassen.nl\/de\/?s={search_term_string}\"},\"query-input\":{\"@type\":\"PropertyValueSpecification\",\"valueRequired\":true,\"valueName\":\"search_term_string\"}}],\"inLanguage\":\"de\"},{\"@type\":\"Organization\",\"@id\":\"https:\/\/dev.eliassen.nl\/de\/#organization\",\"name\":\"Eliassen Home & Garden Pleasure\",\"url\":\"https:\/\/dev.eliassen.nl\/de\/\",\"logo\":{\"@type\":\"ImageObject\",\"inLanguage\":\"de\",\"@id\":\"https:\/\/dev.eliassen.nl\/de\/#\/schema\/logo\/image\/\",\"url\":\"https:\/\/www.eliassen.nl\/wp-content\/uploads\/2024\/01\/logo_4nd.jpg\",\"contentUrl\":\"https:\/\/www.eliassen.nl\/wp-content\/uploads\/2024\/01\/logo_4nd.jpg\",\"width\":500,\"height\":500,\"caption\":\"Eliassen Home & Garden Pleasure\"},\"image\":{\"@id\":\"https:\/\/dev.eliassen.nl\/de\/#\/schema\/logo\/image\/\"},\"sameAs\":[\"https:\/\/www.facebook.com\/TuincentrumEliassenAmmerzoden\",\"https:\/\/www.instagram.com\/eliassenhomeandgarden\/\",\"https:\/\/nl.pinterest.com\/eliassenhomeandgarden\/\",\"https:\/\/www.youtube.com\/@eliassenhomegardenpleasure4558\"]}]}<\/script>\n<!-- \/ Yoast SEO plugin. -->","yoast_head_json":{"title":"Blumenkasten quadratisch 50x50x50cm Karz Hochglanz in 3 Farben","description":"Blumenkasten Hochglanz quadratisch Karz 50x50x50cm in 3 Farben des starken Fiberstone. Veredelt mit superstarkem, gl\u00e4nzendem Hochglanzlack von super Qualit\u00e4t","robots":{"index":"noindex","follow":"follow","max-snippet":"max-snippet:-1","max-image-preview":"max-image-preview:large","max-video-preview":"max-video-preview:-1"},"og_locale":"de_DE","og_type":"article","og_title":"Blumenkasten quadratisch 50x50x50cm Karz Hochglanz in 3 Farben","og_description":"Blumenkasten Hochglanz quadratisch Karz 50x50x50cm in 3 Farben des starken Fiberstone. Veredelt mit superstarkem, gl\u00e4nzendem Hochglanzlack von super Qualit\u00e4t","og_url":"https:\/\/dev.eliassen.nl\/de\/blumenkasten-eckig-karz-50x50x50cm-hochglanz-in-3-farben\/","og_site_name":"Eliassen.nl","article_publisher":"https:\/\/www.facebook.com\/TuincentrumEliassenAmmerzoden","article_modified_time":"2024-12-05T15:47:38+00:00","og_image":[{"width":768,"height":1024,"url":"https:\/\/dev.eliassen.nl\/wp-content\/uploads\/2024\/01\/bloembakvierkantkarz50x50x50cmhoogglansin3k_2nd.jpg","type":"image\/jpeg"}],"twitter_card":"summary_large_image","schema":{"@context":"https:\/\/schema.org","@graph":[{"@type":"WebPage","@id":"https:\/\/dev.eliassen.nl\/de\/blumenkasten-eckig-karz-50x50x50cm-hochglanz-in-3-farben\/","url":"https:\/\/dev.eliassen.nl\/de\/blumenkasten-eckig-karz-50x50x50cm-hochglanz-in-3-farben\/","name":"Blumenkasten quadratisch 50x50x50cm Karz Hochglanz in 3 Farben","isPartOf":{"@id":"https:\/\/dev.eliassen.nl\/de\/#website"},"primaryImageOfPage":{"@id":"https:\/\/dev.eliassen.nl\/de\/blumenkasten-eckig-karz-50x50x50cm-hochglanz-in-3-farben\/#primaryimage"},"image":{"@id":"https:\/\/dev.eliassen.nl\/de\/blumenkasten-eckig-karz-50x50x50cm-hochglanz-in-3-farben\/#primaryimage"},"thumbnailUrl":"https:\/\/dev.eliassen.nl\/wp-content\/uploads\/2024\/01\/bloembakvierkantkarz50x50x50cmhoogglansin3k_2nd.jpg","datePublished":"2019-10-28T15:46:02+00:00","dateModified":"2024-12-05T15:47:38+00:00","description":"Blumenkasten Hochglanz quadratisch Karz 50x50x50cm in 3 Farben des starken Fiberstone. Veredelt mit superstarkem, gl\u00e4nzendem Hochglanzlack von super Qualit\u00e4t","breadcrumb":{"@id":"https:\/\/dev.eliassen.nl\/de\/blumenkasten-eckig-karz-50x50x50cm-hochglanz-in-3-farben\/#breadcrumb"},"inLanguage":"de","potentialAction":[{"@type":"ReadAction","target":["https:\/\/dev.eliassen.nl\/de\/blumenkasten-eckig-karz-50x50x50cm-hochglanz-in-3-farben\/"]}]},{"@type":"ImageObject","inLanguage":"de","@id":"https:\/\/dev.eliassen.nl\/de\/blumenkasten-eckig-karz-50x50x50cm-hochglanz-in-3-farben\/#primaryimage","url":"https:\/\/dev.eliassen.nl\/wp-content\/uploads\/2024\/01\/bloembakvierkantkarz50x50x50cmhoogglansin3k_2nd.jpg","contentUrl":"https:\/\/dev.eliassen.nl\/wp-content\/uploads\/2024\/01\/bloembakvierkantkarz50x50x50cmhoogglansin3k_2nd.jpg","width":768,"height":1024,"caption":"bloembak-vierkant-karz-50x50x50cm-hoogglans-in-3-k"},{"@type":"BreadcrumbList","@id":"https:\/\/dev.eliassen.nl\/de\/blumenkasten-eckig-karz-50x50x50cm-hochglanz-in-3-farben\/#breadcrumb","itemListElement":[{"@type":"ListItem","position":1,"name":"Home","item":"https:\/\/dev.eliassen.nl\/de\/"},{"@type":"ListItem","position":2,"name":"Shop","item":"https:\/\/dev.eliassen.nl\/nl\/winkel\/"},{"@type":"ListItem","position":3,"name":"Blument\u00f6pfe und Pflanzgef\u00e4\u00dfe","item":"https:\/\/dev.eliassen.nl\/de\/blumentoepfe-und-pflanzgefaesse\/"},{"@type":"ListItem","position":4,"name":"Vasen und T\u00f6pfe im modernen Design","item":"https:\/\/dev.eliassen.nl\/de\/blumentoepfe-und-pflanzgefaesse\/vasen-und-toepfe-im-modernen-design\/"},{"@type":"ListItem","position":5,"name":"Blumenkasten eckig Karz 50x50x50cm Hochglanz in 3 Farben"}]},{"@type":"WebSite","@id":"https:\/\/dev.eliassen.nl\/de\/#website","url":"https:\/\/dev.eliassen.nl\/de\/","name":"Eliassen Home & Garden Pleasure","description":"","publisher":{"@id":"https:\/\/dev.eliassen.nl\/de\/#organization"},"alternateName":"Eliassen.nl","potentialAction":[{"@type":"SearchAction","target":{"@type":"EntryPoint","urlTemplate":"https:\/\/dev.eliassen.nl\/de\/?s={search_term_string}"},"query-input":{"@type":"PropertyValueSpecification","valueRequired":true,"valueName":"search_term_string"}}],"inLanguage":"de"},{"@type":"Organization","@id":"https:\/\/dev.eliassen.nl\/de\/#organization","name":"Eliassen Home & Garden Pleasure","url":"https:\/\/dev.eliassen.nl\/de\/","logo":{"@type":"ImageObject","inLanguage":"de","@id":"https:\/\/dev.eliassen.nl\/de\/#\/schema\/logo\/image\/","url":"https:\/\/www.eliassen.nl\/wp-content\/uploads\/2024\/01\/logo_4nd.jpg","contentUrl":"https:\/\/www.eliassen.nl\/wp-content\/uploads\/2024\/01\/logo_4nd.jpg","width":500,"height":500,"caption":"Eliassen Home & Garden Pleasure"},"image":{"@id":"https:\/\/dev.eliassen.nl\/de\/#\/schema\/logo\/image\/"},"sameAs":["https:\/\/www.facebook.com\/TuincentrumEliassenAmmerzoden","https:\/\/www.instagram.com\/eliassenhomeandgarden\/","https:\/\/nl.pinterest.com\/eliassenhomeandgarden\/","https:\/\/www.youtube.com\/@eliassenhomegardenpleasure4558"]}]}},"df_price":69,"df_sale_price":"","df_regular_price":69,"df_image_link":"https:\/\/dev.eliassen.nl\/wp-content\/uploads\/2024\/01\/bloembakvierkantkarz50x50x50cmhoogglansin3k_2nd.jpg","image":"https:\/\/dev.eliassen.nl\/wp-content\/uploads\/2024\/01\/bloembakvierkantkarz50x50x50cmhoogglansin3k_2nd.jpg","price_search":"<span class=\"woocommerce-Price-amount amount\"><bdi><span class=\"woocommerce-Price-currencySymbol\">&euro;<\/span>&nbsp;69,00<\/bdi><\/span>","category":"Blument\u00f6pfe und Pflanzgef\u00e4\u00dfe","_links":{"self":[{"href":"https:\/\/dev.eliassen.nl\/de\/wp-json\/wp\/v2\/product\/128589","targetHints":{"allow":["GET"]}}],"collection":[{"href":"https:\/\/dev.eliassen.nl\/de\/wp-json\/wp\/v2\/product"}],"about":[{"href":"https:\/\/dev.eliassen.nl\/de\/wp-json\/wp\/v2\/types\/product"}],"wp:featuredmedia":[{"embeddable":true,"href":"https:\/\/dev.eliassen.nl\/de\/wp-json\/wp\/v2\/media\/9457"}],"wp:attachment":[{"href":"https:\/\/dev.eliassen.nl\/de\/wp-json\/wp\/v2\/media?parent=128589"}],"wp:term":[{"taxonomy":"product_brand","embeddable":true,"href":"https:\/\/dev.eliassen.nl\/de\/wp-json\/wp\/v2\/product_brand?post=128589"},{"taxonomy":"product_cat","embeddable":true,"href":"https:\/\/dev.eliassen.nl\/de\/wp-json\/wp\/v2\/product_cat?post=128589"},{"taxonomy":"product_tag","embeddable":true,"href":"https:\/\/dev.eliassen.nl\/de\/wp-json\/wp\/v2\/product_tag?post=128589"}],"curies":[{"name":"wp","href":"https:\/\/api.w.org\/{rel}","templated":true}]}}