{"id":128624,"date":"2019-10-28T16:47:00","date_gmt":"2019-10-28T15:47:00","guid":{"rendered":"https:\/\/www.eliassen.nl\/?product=teichpumpe-pontec-pondomax-in-2-versionen"},"modified":"2024-12-05T16:47:44","modified_gmt":"2024-12-05T15:47:44","slug":"teichpumpe-pontec-pondomax-in-2-versionen","status":"publish","type":"product","link":"https:\/\/dev.eliassen.nl\/de\/teichpumpe-pontec-pondomax-in-2-versionen\/","title":{"rendered":"Teichpumpe Pontec Pondomax in 2 Versionen"},"content":{"rendered":"<p><b>Beschreibung Pontec PondoMax 5000 Teichpumpe<\/b><\/p>\n<p>Die Pontec PondoMax ist eine Teichpumpe mit deutscher Oase-Technologie. In der Teichwelt ist diese Technologie noch immer unbestritten, was sich in der Pontec Teichpumpe widerspiegelt. Diese Modellpumpe ist ideal f\u00fcr Wasserf\u00e4lle und gro\u00dfe Modelle von Wasserornamenten.<\/p>\n<p>Die Pontec PondoMax 5000 Teichpumpe ist mit einem W\u00e4rmeschutz und einer kaskadierenden Schlaucht\u00fclle erh\u00e4ltlich. Die Pumpe hat standardm\u00e4\u00dfig ein 10 Meter langes Kabel und ist in der Teichwelt als energieeffiziente Teichpumpe bekannt.<\/p>\n<p>Diese Pumpe kann auch in unserem Gesch\u00e4ft gesammelt werden.<\/p>\n<p><b>Technische Spezifikationen Typ 5000:<\/b><\/p>\n<p>Nennspannungspumpe: 220-240 V \/ 50\/60 Hz \/<\/p>\n<p>Leistung: 60 Watt<\/p>\n<p>Filterpumpenkapazit\u00e4t: 5000 Liter \/ Stunde<\/p>\n<p>Kopf maximal: 2,60 Meter<\/p>\n<p>L\u00e4nge Stromkabel Pumpe: 10 Meter<\/p>\n<p>Inklusive Fu\u00dfrohranschluss: 25, 32 und 38 mm<\/p>\n<p>W\u00e4rmeschutz<\/p>\n<p>Garantie: 3 Jahre<\/p>\n<p>Teichpumpengr\u00f6\u00dfe: 280 x 235 x 150 mm<\/p>\n<p><b>Technische Spezifikationen Typ 8000:<\/b><\/p>\n<p>Nennspannungspumpe: 220-240 V \/ 50\/60 Hz \/<\/p>\n<p>Leistung: 70 Watt<\/p>\n<p>Filterpumpenkapazit\u00e4t: 8000 Liter \/ Stunde<\/p>\n<p>Kopf maximal: 2,80 Meter<\/p>\n<p>L\u00e4nge Stromkabel Pumpe: 10 Meter<\/p>\n<p>Inklusive Fu\u00dfrohranschluss: 25, 32 und 38 mm<\/p>\n<p>W\u00e4rmeschutz<\/p>\n<p>Garantie: 3 Jahre<\/p>\n<p>Teichpumpengr\u00f6\u00dfe: 280 x 235 x 150 mm<\/p>\n","protected":false},"excerpt":{"rendered":"<p>Beschreibung Pontec PondoMax 5000 Teichpumpe Die Pontec PondoMax ist eine Teichpumpe mit deutscher Oase-Technologie. In der Teichwelt ist diese Technologie noch immer unbestritten, was sich in der Pontec Teichpumpe widerspiegelt. Diese Modellpumpe ist ideal f\u00fcr Wasserf\u00e4lle und gro\u00dfe Modelle von Wasserornamenten. Die Pontec PondoMax 5000 Teichpumpe ist mit einem W\u00e4rmeschutz und einer kaskadierenden Schlaucht\u00fclle erh\u00e4ltlich. &hellip;<\/p>\n","protected":false},"featured_media":9538,"template":"","meta":{"_acf_changed":false},"product_brand":[6936],"product_cat":[545,536],"product_tag":[],"class_list":{"0":"post-128624","1":"product","2":"type-product","3":"status-publish","4":"has-post-thumbnail","6":"product_brand-pontec-de","7":"product_cat-teile-wasserspiele","8":"product_cat-wassereigenschaften","10":"first","11":"instock","12":"taxable","13":"shipping-taxable","14":"purchasable","15":"product-type-variable"},"acf":[],"yoast_head":"<!-- This site is optimized with the Yoast SEO plugin v23.8 - https:\/\/yoast.com\/wordpress\/plugins\/seo\/ -->\n<title>Teichpumpe Pontec Pondomax in 2 Versionen<\/title>\n<meta name=\"description\" content=\"Bij Eliassen koopt u Vijverpomp Pontec Pondomax in 2 uitvoeringen online of live te bekijken in de showroom. Bestel direct online.\" \/>\n<meta name=\"robots\" content=\"noindex, follow, max-snippet:-1, max-image-preview:large, max-video-preview:-1\" \/>\n<meta property=\"og:locale\" content=\"de_DE\" \/>\n<meta property=\"og:type\" content=\"article\" \/>\n<meta property=\"og:title\" content=\"Teichpumpe Pontec Pondomax in 2 Versionen\" \/>\n<meta property=\"og:description\" content=\"Bij Eliassen koopt u Vijverpomp Pontec Pondomax in 2 uitvoeringen online of live te bekijken in de showroom. Bestel direct online.\" \/>\n<meta property=\"og:url\" content=\"https:\/\/dev.eliassen.nl\/de\/teichpumpe-pontec-pondomax-in-2-versionen\/\" \/>\n<meta property=\"og:site_name\" content=\"Eliassen.nl\" \/>\n<meta property=\"article:publisher\" content=\"https:\/\/www.facebook.com\/TuincentrumEliassenAmmerzoden\" \/>\n<meta property=\"article:modified_time\" content=\"2024-12-05T15:47:44+00:00\" \/>\n<meta property=\"og:image\" content=\"https:\/\/dev.eliassen.nl\/wp-content\/uploads\/2024\/01\/sl640.jpg\" \/>\n\t<meta property=\"og:image:width\" content=\"572\" \/>\n\t<meta property=\"og:image:height\" content=\"572\" \/>\n\t<meta property=\"og:image:type\" content=\"image\/jpeg\" \/>\n<meta name=\"twitter:card\" content=\"summary_large_image\" \/>\n<script type=\"application\/ld+json\" class=\"yoast-schema-graph\">{\"@context\":\"https:\/\/schema.org\",\"@graph\":[{\"@type\":\"WebPage\",\"@id\":\"https:\/\/dev.eliassen.nl\/de\/teichpumpe-pontec-pondomax-in-2-versionen\/\",\"url\":\"https:\/\/dev.eliassen.nl\/de\/teichpumpe-pontec-pondomax-in-2-versionen\/\",\"name\":\"Teichpumpe Pontec Pondomax in 2 Versionen\",\"isPartOf\":{\"@id\":\"https:\/\/dev.eliassen.nl\/de\/#website\"},\"primaryImageOfPage\":{\"@id\":\"https:\/\/dev.eliassen.nl\/de\/teichpumpe-pontec-pondomax-in-2-versionen\/#primaryimage\"},\"image\":{\"@id\":\"https:\/\/dev.eliassen.nl\/de\/teichpumpe-pontec-pondomax-in-2-versionen\/#primaryimage\"},\"thumbnailUrl\":\"https:\/\/dev.eliassen.nl\/wp-content\/uploads\/2024\/01\/sl640.jpg\",\"datePublished\":\"2019-10-28T15:47:00+00:00\",\"dateModified\":\"2024-12-05T15:47:44+00:00\",\"description\":\"Bij Eliassen koopt u Vijverpomp Pontec Pondomax in 2 uitvoeringen online of live te bekijken in de showroom. Bestel direct online.\",\"breadcrumb\":{\"@id\":\"https:\/\/dev.eliassen.nl\/de\/teichpumpe-pontec-pondomax-in-2-versionen\/#breadcrumb\"},\"inLanguage\":\"de\",\"potentialAction\":[{\"@type\":\"ReadAction\",\"target\":[\"https:\/\/dev.eliassen.nl\/de\/teichpumpe-pontec-pondomax-in-2-versionen\/\"]}]},{\"@type\":\"ImageObject\",\"inLanguage\":\"de\",\"@id\":\"https:\/\/dev.eliassen.nl\/de\/teichpumpe-pontec-pondomax-in-2-versionen\/#primaryimage\",\"url\":\"https:\/\/dev.eliassen.nl\/wp-content\/uploads\/2024\/01\/sl640.jpg\",\"contentUrl\":\"https:\/\/dev.eliassen.nl\/wp-content\/uploads\/2024\/01\/sl640.jpg\",\"width\":572,\"height\":572,\"caption\":\"s-l640\"},{\"@type\":\"BreadcrumbList\",\"@id\":\"https:\/\/dev.eliassen.nl\/de\/teichpumpe-pontec-pondomax-in-2-versionen\/#breadcrumb\",\"itemListElement\":[{\"@type\":\"ListItem\",\"position\":1,\"name\":\"Home\",\"item\":\"https:\/\/dev.eliassen.nl\/de\/\"},{\"@type\":\"ListItem\",\"position\":2,\"name\":\"Shop\",\"item\":\"https:\/\/dev.eliassen.nl\/nl\/winkel\/\"},{\"@type\":\"ListItem\",\"position\":3,\"name\":\"Wasserspiele\",\"item\":\"https:\/\/dev.eliassen.nl\/de\/wassereigenschaften\/\"},{\"@type\":\"ListItem\",\"position\":4,\"name\":\"Teile Wasserspiele\",\"item\":\"https:\/\/dev.eliassen.nl\/de\/wassereigenschaften\/teile-wasserspiele\/\"},{\"@type\":\"ListItem\",\"position\":5,\"name\":\"Teichpumpe Pontec Pondomax in 2 Versionen\"}]},{\"@type\":\"WebSite\",\"@id\":\"https:\/\/dev.eliassen.nl\/de\/#website\",\"url\":\"https:\/\/dev.eliassen.nl\/de\/\",\"name\":\"Eliassen Home & Garden Pleasure\",\"description\":\"\",\"publisher\":{\"@id\":\"https:\/\/dev.eliassen.nl\/de\/#organization\"},\"alternateName\":\"Eliassen.nl\",\"potentialAction\":[{\"@type\":\"SearchAction\",\"target\":{\"@type\":\"EntryPoint\",\"urlTemplate\":\"https:\/\/dev.eliassen.nl\/de\/?s={search_term_string}\"},\"query-input\":{\"@type\":\"PropertyValueSpecification\",\"valueRequired\":true,\"valueName\":\"search_term_string\"}}],\"inLanguage\":\"de\"},{\"@type\":\"Organization\",\"@id\":\"https:\/\/dev.eliassen.nl\/de\/#organization\",\"name\":\"Eliassen Home & Garden Pleasure\",\"url\":\"https:\/\/dev.eliassen.nl\/de\/\",\"logo\":{\"@type\":\"ImageObject\",\"inLanguage\":\"de\",\"@id\":\"https:\/\/dev.eliassen.nl\/de\/#\/schema\/logo\/image\/\",\"url\":\"https:\/\/www.eliassen.nl\/wp-content\/uploads\/2024\/01\/logo_4nd.jpg\",\"contentUrl\":\"https:\/\/www.eliassen.nl\/wp-content\/uploads\/2024\/01\/logo_4nd.jpg\",\"width\":500,\"height\":500,\"caption\":\"Eliassen Home & Garden Pleasure\"},\"image\":{\"@id\":\"https:\/\/dev.eliassen.nl\/de\/#\/schema\/logo\/image\/\"},\"sameAs\":[\"https:\/\/www.facebook.com\/TuincentrumEliassenAmmerzoden\",\"https:\/\/www.instagram.com\/eliassenhomeandgarden\/\",\"https:\/\/nl.pinterest.com\/eliassenhomeandgarden\/\",\"https:\/\/www.youtube.com\/@eliassenhomegardenpleasure4558\"]}]}<\/script>\n<!-- \/ Yoast SEO plugin. -->","yoast_head_json":{"title":"Teichpumpe Pontec Pondomax in 2 Versionen","description":"Bij Eliassen koopt u Vijverpomp Pontec Pondomax in 2 uitvoeringen online of live te bekijken in de showroom. Bestel direct online.","robots":{"index":"noindex","follow":"follow","max-snippet":"max-snippet:-1","max-image-preview":"max-image-preview:large","max-video-preview":"max-video-preview:-1"},"og_locale":"de_DE","og_type":"article","og_title":"Teichpumpe Pontec Pondomax in 2 Versionen","og_description":"Bij Eliassen koopt u Vijverpomp Pontec Pondomax in 2 uitvoeringen online of live te bekijken in de showroom. Bestel direct online.","og_url":"https:\/\/dev.eliassen.nl\/de\/teichpumpe-pontec-pondomax-in-2-versionen\/","og_site_name":"Eliassen.nl","article_publisher":"https:\/\/www.facebook.com\/TuincentrumEliassenAmmerzoden","article_modified_time":"2024-12-05T15:47:44+00:00","og_image":[{"width":572,"height":572,"url":"https:\/\/dev.eliassen.nl\/wp-content\/uploads\/2024\/01\/sl640.jpg","type":"image\/jpeg"}],"twitter_card":"summary_large_image","schema":{"@context":"https:\/\/schema.org","@graph":[{"@type":"WebPage","@id":"https:\/\/dev.eliassen.nl\/de\/teichpumpe-pontec-pondomax-in-2-versionen\/","url":"https:\/\/dev.eliassen.nl\/de\/teichpumpe-pontec-pondomax-in-2-versionen\/","name":"Teichpumpe Pontec Pondomax in 2 Versionen","isPartOf":{"@id":"https:\/\/dev.eliassen.nl\/de\/#website"},"primaryImageOfPage":{"@id":"https:\/\/dev.eliassen.nl\/de\/teichpumpe-pontec-pondomax-in-2-versionen\/#primaryimage"},"image":{"@id":"https:\/\/dev.eliassen.nl\/de\/teichpumpe-pontec-pondomax-in-2-versionen\/#primaryimage"},"thumbnailUrl":"https:\/\/dev.eliassen.nl\/wp-content\/uploads\/2024\/01\/sl640.jpg","datePublished":"2019-10-28T15:47:00+00:00","dateModified":"2024-12-05T15:47:44+00:00","description":"Bij Eliassen koopt u Vijverpomp Pontec Pondomax in 2 uitvoeringen online of live te bekijken in de showroom. Bestel direct online.","breadcrumb":{"@id":"https:\/\/dev.eliassen.nl\/de\/teichpumpe-pontec-pondomax-in-2-versionen\/#breadcrumb"},"inLanguage":"de","potentialAction":[{"@type":"ReadAction","target":["https:\/\/dev.eliassen.nl\/de\/teichpumpe-pontec-pondomax-in-2-versionen\/"]}]},{"@type":"ImageObject","inLanguage":"de","@id":"https:\/\/dev.eliassen.nl\/de\/teichpumpe-pontec-pondomax-in-2-versionen\/#primaryimage","url":"https:\/\/dev.eliassen.nl\/wp-content\/uploads\/2024\/01\/sl640.jpg","contentUrl":"https:\/\/dev.eliassen.nl\/wp-content\/uploads\/2024\/01\/sl640.jpg","width":572,"height":572,"caption":"s-l640"},{"@type":"BreadcrumbList","@id":"https:\/\/dev.eliassen.nl\/de\/teichpumpe-pontec-pondomax-in-2-versionen\/#breadcrumb","itemListElement":[{"@type":"ListItem","position":1,"name":"Home","item":"https:\/\/dev.eliassen.nl\/de\/"},{"@type":"ListItem","position":2,"name":"Shop","item":"https:\/\/dev.eliassen.nl\/nl\/winkel\/"},{"@type":"ListItem","position":3,"name":"Wasserspiele","item":"https:\/\/dev.eliassen.nl\/de\/wassereigenschaften\/"},{"@type":"ListItem","position":4,"name":"Teile Wasserspiele","item":"https:\/\/dev.eliassen.nl\/de\/wassereigenschaften\/teile-wasserspiele\/"},{"@type":"ListItem","position":5,"name":"Teichpumpe Pontec Pondomax in 2 Versionen"}]},{"@type":"WebSite","@id":"https:\/\/dev.eliassen.nl\/de\/#website","url":"https:\/\/dev.eliassen.nl\/de\/","name":"Eliassen Home & Garden Pleasure","description":"","publisher":{"@id":"https:\/\/dev.eliassen.nl\/de\/#organization"},"alternateName":"Eliassen.nl","potentialAction":[{"@type":"SearchAction","target":{"@type":"EntryPoint","urlTemplate":"https:\/\/dev.eliassen.nl\/de\/?s={search_term_string}"},"query-input":{"@type":"PropertyValueSpecification","valueRequired":true,"valueName":"search_term_string"}}],"inLanguage":"de"},{"@type":"Organization","@id":"https:\/\/dev.eliassen.nl\/de\/#organization","name":"Eliassen Home & Garden Pleasure","url":"https:\/\/dev.eliassen.nl\/de\/","logo":{"@type":"ImageObject","inLanguage":"de","@id":"https:\/\/dev.eliassen.nl\/de\/#\/schema\/logo\/image\/","url":"https:\/\/www.eliassen.nl\/wp-content\/uploads\/2024\/01\/logo_4nd.jpg","contentUrl":"https:\/\/www.eliassen.nl\/wp-content\/uploads\/2024\/01\/logo_4nd.jpg","width":500,"height":500,"caption":"Eliassen Home & Garden Pleasure"},"image":{"@id":"https:\/\/dev.eliassen.nl\/de\/#\/schema\/logo\/image\/"},"sameAs":["https:\/\/www.facebook.com\/TuincentrumEliassenAmmerzoden","https:\/\/www.instagram.com\/eliassenhomeandgarden\/","https:\/\/nl.pinterest.com\/eliassenhomeandgarden\/","https:\/\/www.youtube.com\/@eliassenhomegardenpleasure4558"]}]}},"df_price":179.5,"df_sale_price":"","df_regular_price":179.5,"df_image_link":"https:\/\/dev.eliassen.nl\/wp-content\/uploads\/2024\/01\/sl640.jpg","image":"https:\/\/dev.eliassen.nl\/wp-content\/uploads\/2024\/01\/sl640.jpg","price_search":"<span class=\"woocommerce-Price-amount amount\"><bdi><span class=\"woocommerce-Price-currencySymbol\">&euro;<\/span>&nbsp;179,50<\/bdi><\/span>","category":"Teile Wasserspiele","_links":{"self":[{"href":"https:\/\/dev.eliassen.nl\/de\/wp-json\/wp\/v2\/product\/128624","targetHints":{"allow":["GET"]}}],"collection":[{"href":"https:\/\/dev.eliassen.nl\/de\/wp-json\/wp\/v2\/product"}],"about":[{"href":"https:\/\/dev.eliassen.nl\/de\/wp-json\/wp\/v2\/types\/product"}],"wp:featuredmedia":[{"embeddable":true,"href":"https:\/\/dev.eliassen.nl\/de\/wp-json\/wp\/v2\/media\/9538"}],"wp:attachment":[{"href":"https:\/\/dev.eliassen.nl\/de\/wp-json\/wp\/v2\/media?parent=128624"}],"wp:term":[{"taxonomy":"product_brand","embeddable":true,"href":"https:\/\/dev.eliassen.nl\/de\/wp-json\/wp\/v2\/product_brand?post=128624"},{"taxonomy":"product_cat","embeddable":true,"href":"https:\/\/dev.eliassen.nl\/de\/wp-json\/wp\/v2\/product_cat?post=128624"},{"taxonomy":"product_tag","embeddable":true,"href":"https:\/\/dev.eliassen.nl\/de\/wp-json\/wp\/v2\/product_tag?post=128624"}],"curies":[{"name":"wp","href":"https:\/\/api.w.org\/{rel}","templated":true}]}}