{"id":128662,"date":"2019-10-28T16:56:00","date_gmt":"2019-10-28T15:56:00","guid":{"rendered":"https:\/\/www.eliassen.nl\/?product=adezz-feuer-skala-in-5-groessen-103783379"},"modified":"2024-12-17T17:13:52","modified_gmt":"2024-12-17T16:13:52","slug":"adezz-feuerschale-in-6-grossen","status":"publish","type":"product","link":"https:\/\/dev.eliassen.nl\/de\/adezz-feuerschale-in-6-grossen\/","title":{"rendered":"Adezz-Feuerschale in 6 Gr\u00f6\u00dfen"},"content":{"rendered":"<p>Es genie\u00dft den Garten rund um diese runden Feuerschalen, die vollst\u00e4ndig aus 3 mm (!!) dickem CorTen-Stahl hergestellt sind. Corten-Stahl hat die Eigenschaft, dass sich nach 4-6 Wochen eine Rostschicht bildet, die auch die Schutzschicht f\u00fcr das Federrosten ist. Mit Cortenstahl ist Korrosion nicht m\u00f6glich, wodurch diese Feuerschalen praktisch unzerst\u00f6rbar sind. Die Rostschicht aus Cortenstahl gibt im Gegensatz zu normalem Rost keinen Rost ab. <br \/>Diese runden Feuerschalen sind in 6 Durchmessern bis Supergr\u00f6\u00dfe f\u00fcr Camping und \u00c4hnliches erh\u00e4ltlich. <br \/><strong><span style=\"color: #ff0000;\">W\u00e4hlen Sie oben Ihre Gr\u00f6\u00dfe aus<\/span><\/strong><\/p>\n<p>\u00fcber Menschen hinweg. Mail <span style=\"color: #ff0000;\">\u00a0<\/span> <a href=\"mailto:info@eliassen.nl\"><span style=\"color: #ff0000;\">HIER<\/span><\/a> wenn Sie eine Frage zu diesem Produkt haben.<\/p>\n<ul>\n<li><span style=\"color: #ff0000;\"><strong><span style=\"background-color: #ffffff;\">NIEDERL\u00c4NDISCHE KUNDEN: Bitte w\u00e4hlen Sie die Option &#8220;Abholung auf dem Artikel&#8221; im Warenkorb. Es werden keine Versandkosten berechnet und wir werden Ihre Bestellung so schnell wie m\u00f6glich versenden.<\/span><\/strong><\/span><\/li>\n<\/ul>\n<ul>\n<li>Material: 3mm Cortentaal, der 150cm ist 4mm dick, der 200cm ist 5mm dick<\/li>\n<li>Gr\u00f6\u00dfe: siehe oben in der Men\u00fcleiste<\/li>\n<li>Garantie: 5 Jahre<\/li>\n<li>Gewicht von 10 bis 120 kg<\/li>\n<li>Schnell geliefert<\/li>\n<li><strong>Kostenloser Versand innerhalb der Niederlande.<\/strong><\/li>\n<\/ul>\n","protected":false},"excerpt":{"rendered":"<p>Rufen Sie uns an oder mailen Sie uns f\u00fcr den besten Preis!<\/p>\n","protected":false},"featured_media":9625,"template":"","meta":{"_acf_changed":false},"product_brand":[6920],"product_cat":[764,752],"product_tag":[],"class_list":{"0":"post-128662","1":"product","2":"type-product","3":"status-publish","4":"has-post-thumbnail","6":"product_brand-adezz-de","7":"product_cat-terrassenkamine-feuerstellen","8":"product_cat-weitere-artikel","10":"first","11":"onbackorder","12":"taxable","13":"shipping-taxable","14":"purchasable","15":"product-type-variable"},"acf":[],"yoast_head":"<!-- This site is optimized with the Yoast SEO plugin v23.8 - https:\/\/yoast.com\/wordpress\/plugins\/seo\/ -->\n<title>Brand Adezz in 5 Messungen<\/title>\n<meta name=\"description\" content=\"Bij Eliassen koopt u Vuurschaal Adezz in 6 maten online of live te bekijken in de showroom. Wij hebben de mooiste tuin overig, terrashaarden vuurkorven\" \/>\n<meta name=\"robots\" content=\"noindex, follow, max-snippet:-1, max-image-preview:large, max-video-preview:-1\" \/>\n<meta property=\"og:locale\" content=\"de_DE\" \/>\n<meta property=\"og:type\" content=\"article\" \/>\n<meta property=\"og:title\" content=\"Brand Adezz in 5 Messungen\" \/>\n<meta property=\"og:description\" content=\"Bij Eliassen koopt u Vuurschaal Adezz in 6 maten online of live te bekijken in de showroom. Wij hebben de mooiste tuin overig, terrashaarden vuurkorven\" \/>\n<meta property=\"og:url\" content=\"https:\/\/dev.eliassen.nl\/de\/adezz-feuerschale-in-6-grossen\/\" \/>\n<meta property=\"og:site_name\" content=\"Eliassen.nl\" \/>\n<meta property=\"article:publisher\" content=\"https:\/\/www.facebook.com\/TuincentrumEliassenAmmerzoden\" \/>\n<meta property=\"article:modified_time\" content=\"2024-12-17T16:13:52+00:00\" \/>\n<meta property=\"og:image\" content=\"https:\/\/dev.eliassen.nl\/wp-content\/uploads\/2024\/01\/bns520210718004.jpg\" \/>\n\t<meta property=\"og:image:width\" content=\"699\" \/>\n\t<meta property=\"og:image:height\" content=\"699\" \/>\n\t<meta property=\"og:image:type\" content=\"image\/jpeg\" \/>\n<meta name=\"twitter:card\" content=\"summary_large_image\" \/>\n<script type=\"application\/ld+json\" class=\"yoast-schema-graph\">{\"@context\":\"https:\/\/schema.org\",\"@graph\":[{\"@type\":\"WebPage\",\"@id\":\"https:\/\/dev.eliassen.nl\/de\/adezz-feuerschale-in-6-grossen\/\",\"url\":\"https:\/\/dev.eliassen.nl\/de\/adezz-feuerschale-in-6-grossen\/\",\"name\":\"Brand Adezz in 5 Messungen\",\"isPartOf\":{\"@id\":\"https:\/\/dev.eliassen.nl\/de\/#website\"},\"primaryImageOfPage\":{\"@id\":\"https:\/\/dev.eliassen.nl\/de\/adezz-feuerschale-in-6-grossen\/#primaryimage\"},\"image\":{\"@id\":\"https:\/\/dev.eliassen.nl\/de\/adezz-feuerschale-in-6-grossen\/#primaryimage\"},\"thumbnailUrl\":\"https:\/\/dev.eliassen.nl\/wp-content\/uploads\/2024\/01\/bns520210718004.jpg\",\"datePublished\":\"2019-10-28T15:56:00+00:00\",\"dateModified\":\"2024-12-17T16:13:52+00:00\",\"description\":\"Bij Eliassen koopt u Vuurschaal Adezz in 6 maten online of live te bekijken in de showroom. Wij hebben de mooiste tuin overig, terrashaarden vuurkorven\",\"breadcrumb\":{\"@id\":\"https:\/\/dev.eliassen.nl\/de\/adezz-feuerschale-in-6-grossen\/#breadcrumb\"},\"inLanguage\":\"de\",\"potentialAction\":[{\"@type\":\"ReadAction\",\"target\":[\"https:\/\/dev.eliassen.nl\/de\/adezz-feuerschale-in-6-grossen\/\"]}]},{\"@type\":\"ImageObject\",\"inLanguage\":\"de\",\"@id\":\"https:\/\/dev.eliassen.nl\/de\/adezz-feuerschale-in-6-grossen\/#primaryimage\",\"url\":\"https:\/\/dev.eliassen.nl\/wp-content\/uploads\/2024\/01\/bns520210718004.jpg\",\"contentUrl\":\"https:\/\/dev.eliassen.nl\/wp-content\/uploads\/2024\/01\/bns520210718004.jpg\",\"width\":699,\"height\":699,\"caption\":\"BNS5-2021-07-18-004\"},{\"@type\":\"BreadcrumbList\",\"@id\":\"https:\/\/dev.eliassen.nl\/de\/adezz-feuerschale-in-6-grossen\/#breadcrumb\",\"itemListElement\":[{\"@type\":\"ListItem\",\"position\":1,\"name\":\"Home\",\"item\":\"https:\/\/dev.eliassen.nl\/de\/\"},{\"@type\":\"ListItem\",\"position\":2,\"name\":\"Shop\",\"item\":\"https:\/\/dev.eliassen.nl\/nl\/winkel\/\"},{\"@type\":\"ListItem\",\"position\":3,\"name\":\"Weitere Artikel\",\"item\":\"https:\/\/dev.eliassen.nl\/de\/weitere-artikel\/\"},{\"@type\":\"ListItem\",\"position\":4,\"name\":\"Terrassenkamine Feuerstellen\",\"item\":\"https:\/\/dev.eliassen.nl\/de\/garten-andere\/terrassenkamine-feuerstellen\/\"},{\"@type\":\"ListItem\",\"position\":5,\"name\":\"Adezz-Feuerschale in 6 Gr\u00f6\u00dfen\"}]},{\"@type\":\"WebSite\",\"@id\":\"https:\/\/dev.eliassen.nl\/de\/#website\",\"url\":\"https:\/\/dev.eliassen.nl\/de\/\",\"name\":\"Eliassen Home & Garden Pleasure\",\"description\":\"\",\"publisher\":{\"@id\":\"https:\/\/dev.eliassen.nl\/de\/#organization\"},\"alternateName\":\"Eliassen.nl\",\"potentialAction\":[{\"@type\":\"SearchAction\",\"target\":{\"@type\":\"EntryPoint\",\"urlTemplate\":\"https:\/\/dev.eliassen.nl\/de\/?s={search_term_string}\"},\"query-input\":{\"@type\":\"PropertyValueSpecification\",\"valueRequired\":true,\"valueName\":\"search_term_string\"}}],\"inLanguage\":\"de\"},{\"@type\":\"Organization\",\"@id\":\"https:\/\/dev.eliassen.nl\/de\/#organization\",\"name\":\"Eliassen Home & Garden Pleasure\",\"url\":\"https:\/\/dev.eliassen.nl\/de\/\",\"logo\":{\"@type\":\"ImageObject\",\"inLanguage\":\"de\",\"@id\":\"https:\/\/dev.eliassen.nl\/de\/#\/schema\/logo\/image\/\",\"url\":\"https:\/\/www.eliassen.nl\/wp-content\/uploads\/2024\/01\/logo_4nd.jpg\",\"contentUrl\":\"https:\/\/www.eliassen.nl\/wp-content\/uploads\/2024\/01\/logo_4nd.jpg\",\"width\":500,\"height\":500,\"caption\":\"Eliassen Home & Garden Pleasure\"},\"image\":{\"@id\":\"https:\/\/dev.eliassen.nl\/de\/#\/schema\/logo\/image\/\"},\"sameAs\":[\"https:\/\/www.facebook.com\/TuincentrumEliassenAmmerzoden\",\"https:\/\/www.instagram.com\/eliassenhomeandgarden\/\",\"https:\/\/nl.pinterest.com\/eliassenhomeandgarden\/\",\"https:\/\/www.youtube.com\/@eliassenhomegardenpleasure4558\"]}]}<\/script>\n<!-- \/ Yoast SEO plugin. -->","yoast_head_json":{"title":"Brand Adezz in 5 Messungen","description":"Bij Eliassen koopt u Vuurschaal Adezz in 6 maten online of live te bekijken in de showroom. Wij hebben de mooiste tuin overig, terrashaarden vuurkorven","robots":{"index":"noindex","follow":"follow","max-snippet":"max-snippet:-1","max-image-preview":"max-image-preview:large","max-video-preview":"max-video-preview:-1"},"og_locale":"de_DE","og_type":"article","og_title":"Brand Adezz in 5 Messungen","og_description":"Bij Eliassen koopt u Vuurschaal Adezz in 6 maten online of live te bekijken in de showroom. Wij hebben de mooiste tuin overig, terrashaarden vuurkorven","og_url":"https:\/\/dev.eliassen.nl\/de\/adezz-feuerschale-in-6-grossen\/","og_site_name":"Eliassen.nl","article_publisher":"https:\/\/www.facebook.com\/TuincentrumEliassenAmmerzoden","article_modified_time":"2024-12-17T16:13:52+00:00","og_image":[{"width":699,"height":699,"url":"https:\/\/dev.eliassen.nl\/wp-content\/uploads\/2024\/01\/bns520210718004.jpg","type":"image\/jpeg"}],"twitter_card":"summary_large_image","schema":{"@context":"https:\/\/schema.org","@graph":[{"@type":"WebPage","@id":"https:\/\/dev.eliassen.nl\/de\/adezz-feuerschale-in-6-grossen\/","url":"https:\/\/dev.eliassen.nl\/de\/adezz-feuerschale-in-6-grossen\/","name":"Brand Adezz in 5 Messungen","isPartOf":{"@id":"https:\/\/dev.eliassen.nl\/de\/#website"},"primaryImageOfPage":{"@id":"https:\/\/dev.eliassen.nl\/de\/adezz-feuerschale-in-6-grossen\/#primaryimage"},"image":{"@id":"https:\/\/dev.eliassen.nl\/de\/adezz-feuerschale-in-6-grossen\/#primaryimage"},"thumbnailUrl":"https:\/\/dev.eliassen.nl\/wp-content\/uploads\/2024\/01\/bns520210718004.jpg","datePublished":"2019-10-28T15:56:00+00:00","dateModified":"2024-12-17T16:13:52+00:00","description":"Bij Eliassen koopt u Vuurschaal Adezz in 6 maten online of live te bekijken in de showroom. Wij hebben de mooiste tuin overig, terrashaarden vuurkorven","breadcrumb":{"@id":"https:\/\/dev.eliassen.nl\/de\/adezz-feuerschale-in-6-grossen\/#breadcrumb"},"inLanguage":"de","potentialAction":[{"@type":"ReadAction","target":["https:\/\/dev.eliassen.nl\/de\/adezz-feuerschale-in-6-grossen\/"]}]},{"@type":"ImageObject","inLanguage":"de","@id":"https:\/\/dev.eliassen.nl\/de\/adezz-feuerschale-in-6-grossen\/#primaryimage","url":"https:\/\/dev.eliassen.nl\/wp-content\/uploads\/2024\/01\/bns520210718004.jpg","contentUrl":"https:\/\/dev.eliassen.nl\/wp-content\/uploads\/2024\/01\/bns520210718004.jpg","width":699,"height":699,"caption":"BNS5-2021-07-18-004"},{"@type":"BreadcrumbList","@id":"https:\/\/dev.eliassen.nl\/de\/adezz-feuerschale-in-6-grossen\/#breadcrumb","itemListElement":[{"@type":"ListItem","position":1,"name":"Home","item":"https:\/\/dev.eliassen.nl\/de\/"},{"@type":"ListItem","position":2,"name":"Shop","item":"https:\/\/dev.eliassen.nl\/nl\/winkel\/"},{"@type":"ListItem","position":3,"name":"Weitere Artikel","item":"https:\/\/dev.eliassen.nl\/de\/weitere-artikel\/"},{"@type":"ListItem","position":4,"name":"Terrassenkamine Feuerstellen","item":"https:\/\/dev.eliassen.nl\/de\/garten-andere\/terrassenkamine-feuerstellen\/"},{"@type":"ListItem","position":5,"name":"Adezz-Feuerschale in 6 Gr\u00f6\u00dfen"}]},{"@type":"WebSite","@id":"https:\/\/dev.eliassen.nl\/de\/#website","url":"https:\/\/dev.eliassen.nl\/de\/","name":"Eliassen Home & Garden Pleasure","description":"","publisher":{"@id":"https:\/\/dev.eliassen.nl\/de\/#organization"},"alternateName":"Eliassen.nl","potentialAction":[{"@type":"SearchAction","target":{"@type":"EntryPoint","urlTemplate":"https:\/\/dev.eliassen.nl\/de\/?s={search_term_string}"},"query-input":{"@type":"PropertyValueSpecification","valueRequired":true,"valueName":"search_term_string"}}],"inLanguage":"de"},{"@type":"Organization","@id":"https:\/\/dev.eliassen.nl\/de\/#organization","name":"Eliassen Home & Garden Pleasure","url":"https:\/\/dev.eliassen.nl\/de\/","logo":{"@type":"ImageObject","inLanguage":"de","@id":"https:\/\/dev.eliassen.nl\/de\/#\/schema\/logo\/image\/","url":"https:\/\/www.eliassen.nl\/wp-content\/uploads\/2024\/01\/logo_4nd.jpg","contentUrl":"https:\/\/www.eliassen.nl\/wp-content\/uploads\/2024\/01\/logo_4nd.jpg","width":500,"height":500,"caption":"Eliassen Home & Garden Pleasure"},"image":{"@id":"https:\/\/dev.eliassen.nl\/de\/#\/schema\/logo\/image\/"},"sameAs":["https:\/\/www.facebook.com\/TuincentrumEliassenAmmerzoden","https:\/\/www.instagram.com\/eliassenhomeandgarden\/","https:\/\/nl.pinterest.com\/eliassenhomeandgarden\/","https:\/\/www.youtube.com\/@eliassenhomegardenpleasure4558"]}]}},"df_price":1099,"df_sale_price":"","df_regular_price":1099,"df_image_link":"https:\/\/dev.eliassen.nl\/wp-content\/uploads\/2024\/01\/bns520210718004.jpg","image":"https:\/\/dev.eliassen.nl\/wp-content\/uploads\/2024\/01\/bns520210718004.jpg","price_search":"<span class=\"woocommerce-Price-amount amount\"><bdi><span class=\"woocommerce-Price-currencySymbol\">&euro;<\/span>&nbsp;1.099,00<\/bdi><\/span>","category":"Terrassenkamine Feuerstellen","_links":{"self":[{"href":"https:\/\/dev.eliassen.nl\/de\/wp-json\/wp\/v2\/product\/128662","targetHints":{"allow":["GET"]}}],"collection":[{"href":"https:\/\/dev.eliassen.nl\/de\/wp-json\/wp\/v2\/product"}],"about":[{"href":"https:\/\/dev.eliassen.nl\/de\/wp-json\/wp\/v2\/types\/product"}],"wp:featuredmedia":[{"embeddable":true,"href":"https:\/\/dev.eliassen.nl\/de\/wp-json\/wp\/v2\/media\/9625"}],"wp:attachment":[{"href":"https:\/\/dev.eliassen.nl\/de\/wp-json\/wp\/v2\/media?parent=128662"}],"wp:term":[{"taxonomy":"product_brand","embeddable":true,"href":"https:\/\/dev.eliassen.nl\/de\/wp-json\/wp\/v2\/product_brand?post=128662"},{"taxonomy":"product_cat","embeddable":true,"href":"https:\/\/dev.eliassen.nl\/de\/wp-json\/wp\/v2\/product_cat?post=128662"},{"taxonomy":"product_tag","embeddable":true,"href":"https:\/\/dev.eliassen.nl\/de\/wp-json\/wp\/v2\/product_tag?post=128662"}],"curies":[{"name":"wp","href":"https:\/\/api.w.org\/{rel}","templated":true}]}}