{"id":128680,"date":"2019-10-28T16:59:35","date_gmt":"2019-10-28T15:59:35","guid":{"rendered":"https:\/\/www.eliassen.nl\/?product=khmer-ornament"},"modified":"2025-04-14T12:48:53","modified_gmt":"2025-04-14T10:48:53","slug":"wasserspiel-buddha-gesicht-in-4-grossen","status":"publish","type":"product","link":"https:\/\/dev.eliassen.nl\/de\/wasserspiel-buddha-gesicht-in-4-grossen\/","title":{"rendered":"Wasserspiel Buddha Gesicht in 4 Gr\u00f6\u00dfen"},"content":{"rendered":"<p><strong>Dies ist eine lose Verzierung. Erkundigen Sie sich nach den anderen erforderlichen Teilen.<\/strong><\/p>\n<p>Ein braunes Buddha-Gesicht von 50, 84, 147 oder nicht weniger als 182 Zentimetern H\u00f6he. Ein wundersch\u00f6nes Wasserspiel eines vietnamesischen Buddha. Aus hochwertigem Steinguss. Wasser l\u00e4uft von vorne \u00fcber den Kopf. Gerader R\u00fccken, damit er auch dicht an einer Wand stehen kann.<\/p>\n<p>F\u00fcr eine echte orientalische Atmosph\u00e4re ist dieses Buddha-Wasserspiel auch stimmungsvoll, wenn Sie einen Scheinwerfer darauf richten. Weitere ben\u00f6tigte Artikel finden Sie in der Untergruppe &#8220;Notwendiges&#8221;.<\/p>\n<p>Tipp: Unsere eigenen polierten schwarzen Dekosteine, in 3 Gr\u00f6\u00dfen, eignen sich sehr gut zur Verarbeitung \u00fcber dem Gitter, sie bilden einen sehr sch\u00f6nen Kontrast zum Ornament. Vergessen Sie nicht, unseren Showroom mit 300 Modellen zu besuchen!<\/p>\n<p><strong>PASST AUF!<\/strong> Die Gr\u00f6\u00dfen 50 und 84 cm sind oben geschlossen, \u00fcber die das Wasser flie\u00dft, die gro\u00dfen Gr\u00f6\u00dfen 147 cm und 184 cm sind halbkreisf\u00f6rmig, die oben offen sind. <\/p>\n<p><iframe loading=\"lazy\" src=\"https:\/\/www.youtube.com\/embed\/l7sVnjhN8m0\" width=\"560\" height=\"315\" frameborder=\"0\" allowfullscreen=\"allowfullscreen\"><\/iframe><\/p>\n","protected":false},"excerpt":{"rendered":"<p>Dies ist eine lose Verzierung. Erkundigen Sie sich nach den anderen erforderlichen Teilen.<\/p>\n","protected":false},"featured_media":9694,"template":"","meta":{"_acf_changed":false},"product_brand":[6916],"product_cat":[563,539,551,572,536],"product_tag":[],"class_list":{"0":"post-128680","1":"product","2":"type-product","3":"status-publish","4":"has-post-thumbnail","6":"product_brand-eliassen-de","7":"product_cat-buddha-brunnen","8":"product_cat-einzigartige-eigene-modelle-von-losen-wasserspiele","9":"product_cat-lose-wasserspiele","10":"product_cat-wandbrunnen","11":"product_cat-wassereigenschaften","13":"first","14":"instock","15":"taxable","16":"shipping-taxable","17":"purchasable","18":"product-type-variable"},"acf":[],"yoast_head":"<!-- This site is optimized with the Yoast SEO plugin v23.8 - https:\/\/yoast.com\/wordpress\/plugins\/seo\/ -->\n<title>Wasserspiel Buddha Gesicht in 4 Gr\u00f6\u00dfen - Eliassen.nl<\/title>\n<meta name=\"description\" content=\"Wasserspiel Buddha Gesicht in 4 Gr\u00f6\u00dfen, damit Sie eine gro\u00dfe oder kleine Buddha Statue f\u00fcr Ihren Garten kaufen k\u00f6nnen. Aus hochwertigem Kunststein! Auch LIVE...\" \/>\n<meta name=\"robots\" content=\"noindex, follow, max-snippet:-1, max-image-preview:large, max-video-preview:-1\" \/>\n<meta property=\"og:locale\" content=\"de_DE\" \/>\n<meta property=\"og:type\" content=\"article\" \/>\n<meta property=\"og:title\" content=\"Wasserspiel Buddha Gesicht in 4 Gr\u00f6\u00dfen - Eliassen.nl\" \/>\n<meta property=\"og:description\" content=\"Wasserspiel Buddha Gesicht in 4 Gr\u00f6\u00dfen, damit Sie eine gro\u00dfe oder kleine Buddha Statue f\u00fcr Ihren Garten kaufen k\u00f6nnen. Aus hochwertigem Kunststein! Auch LIVE...\" \/>\n<meta property=\"og:url\" content=\"https:\/\/dev.eliassen.nl\/de\/wasserspiel-buddha-gesicht-in-4-grossen\/\" \/>\n<meta property=\"og:site_name\" content=\"Eliassen.nl\" \/>\n<meta property=\"article:publisher\" content=\"https:\/\/www.facebook.com\/TuincentrumEliassenAmmerzoden\" \/>\n<meta property=\"article:modified_time\" content=\"2025-04-14T10:48:53+00:00\" \/>\n<meta property=\"og:image\" content=\"https:\/\/dev.eliassen.nl\/wp-content\/uploads\/2024\/01\/mijnproject13.png\" \/>\n\t<meta property=\"og:image:width\" content=\"768\" \/>\n\t<meta property=\"og:image:height\" content=\"1024\" \/>\n\t<meta property=\"og:image:type\" content=\"image\/png\" \/>\n<meta name=\"twitter:card\" content=\"summary_large_image\" \/>\n<script type=\"application\/ld+json\" class=\"yoast-schema-graph\">{\"@context\":\"https:\/\/schema.org\",\"@graph\":[{\"@type\":\"WebPage\",\"@id\":\"https:\/\/dev.eliassen.nl\/de\/wasserspiel-buddha-gesicht-in-4-grossen\/\",\"url\":\"https:\/\/dev.eliassen.nl\/de\/wasserspiel-buddha-gesicht-in-4-grossen\/\",\"name\":\"Wasserspiel Buddha Gesicht in 4 Gr\u00f6\u00dfen - Eliassen.nl\",\"isPartOf\":{\"@id\":\"https:\/\/dev.eliassen.nl\/de\/#website\"},\"primaryImageOfPage\":{\"@id\":\"https:\/\/dev.eliassen.nl\/de\/wasserspiel-buddha-gesicht-in-4-grossen\/#primaryimage\"},\"image\":{\"@id\":\"https:\/\/dev.eliassen.nl\/de\/wasserspiel-buddha-gesicht-in-4-grossen\/#primaryimage\"},\"thumbnailUrl\":\"https:\/\/dev.eliassen.nl\/wp-content\/uploads\/2024\/01\/mijnproject13.png\",\"datePublished\":\"2019-10-28T15:59:35+00:00\",\"dateModified\":\"2025-04-14T10:48:53+00:00\",\"description\":\"Wasserspiel Buddha Gesicht in 4 Gr\u00f6\u00dfen, damit Sie eine gro\u00dfe oder kleine Buddha Statue f\u00fcr Ihren Garten kaufen k\u00f6nnen. Aus hochwertigem Kunststein! Auch LIVE...\",\"breadcrumb\":{\"@id\":\"https:\/\/dev.eliassen.nl\/de\/wasserspiel-buddha-gesicht-in-4-grossen\/#breadcrumb\"},\"inLanguage\":\"de\",\"potentialAction\":[{\"@type\":\"ReadAction\",\"target\":[\"https:\/\/dev.eliassen.nl\/de\/wasserspiel-buddha-gesicht-in-4-grossen\/\"]}]},{\"@type\":\"ImageObject\",\"inLanguage\":\"de\",\"@id\":\"https:\/\/dev.eliassen.nl\/de\/wasserspiel-buddha-gesicht-in-4-grossen\/#primaryimage\",\"url\":\"https:\/\/dev.eliassen.nl\/wp-content\/uploads\/2024\/01\/mijnproject13.png\",\"contentUrl\":\"https:\/\/dev.eliassen.nl\/wp-content\/uploads\/2024\/01\/mijnproject13.png\",\"width\":768,\"height\":1024,\"caption\":\"Mijn project (13)\"},{\"@type\":\"BreadcrumbList\",\"@id\":\"https:\/\/dev.eliassen.nl\/de\/wasserspiel-buddha-gesicht-in-4-grossen\/#breadcrumb\",\"itemListElement\":[{\"@type\":\"ListItem\",\"position\":1,\"name\":\"Home\",\"item\":\"https:\/\/dev.eliassen.nl\/de\/\"},{\"@type\":\"ListItem\",\"position\":2,\"name\":\"Shop\",\"item\":\"https:\/\/dev.eliassen.nl\/nl\/winkel\/\"},{\"@type\":\"ListItem\",\"position\":3,\"name\":\"Wasserspiele\",\"item\":\"https:\/\/dev.eliassen.nl\/de\/wassereigenschaften\/\"},{\"@type\":\"ListItem\",\"position\":4,\"name\":\"Buddha-Brunnen\",\"item\":\"https:\/\/dev.eliassen.nl\/de\/wassereigenschaften\/buddha-brunnen\/\"},{\"@type\":\"ListItem\",\"position\":5,\"name\":\"Wasserspiel Buddha Gesicht in 4 Gr\u00f6\u00dfen\"}]},{\"@type\":\"WebSite\",\"@id\":\"https:\/\/dev.eliassen.nl\/de\/#website\",\"url\":\"https:\/\/dev.eliassen.nl\/de\/\",\"name\":\"Eliassen Home & Garden Pleasure\",\"description\":\"\",\"publisher\":{\"@id\":\"https:\/\/dev.eliassen.nl\/de\/#organization\"},\"alternateName\":\"Eliassen.nl\",\"potentialAction\":[{\"@type\":\"SearchAction\",\"target\":{\"@type\":\"EntryPoint\",\"urlTemplate\":\"https:\/\/dev.eliassen.nl\/de\/?s={search_term_string}\"},\"query-input\":{\"@type\":\"PropertyValueSpecification\",\"valueRequired\":true,\"valueName\":\"search_term_string\"}}],\"inLanguage\":\"de\"},{\"@type\":\"Organization\",\"@id\":\"https:\/\/dev.eliassen.nl\/de\/#organization\",\"name\":\"Eliassen Home & Garden Pleasure\",\"url\":\"https:\/\/dev.eliassen.nl\/de\/\",\"logo\":{\"@type\":\"ImageObject\",\"inLanguage\":\"de\",\"@id\":\"https:\/\/dev.eliassen.nl\/de\/#\/schema\/logo\/image\/\",\"url\":\"https:\/\/www.eliassen.nl\/wp-content\/uploads\/2024\/01\/logo_4nd.jpg\",\"contentUrl\":\"https:\/\/www.eliassen.nl\/wp-content\/uploads\/2024\/01\/logo_4nd.jpg\",\"width\":500,\"height\":500,\"caption\":\"Eliassen Home & Garden Pleasure\"},\"image\":{\"@id\":\"https:\/\/dev.eliassen.nl\/de\/#\/schema\/logo\/image\/\"},\"sameAs\":[\"https:\/\/www.facebook.com\/TuincentrumEliassenAmmerzoden\",\"https:\/\/www.instagram.com\/eliassenhomeandgarden\/\",\"https:\/\/nl.pinterest.com\/eliassenhomeandgarden\/\",\"https:\/\/www.youtube.com\/@eliassenhomegardenpleasure4558\"]}]}<\/script>\n<!-- \/ Yoast SEO plugin. -->","yoast_head_json":{"title":"Wasserspiel Buddha Gesicht in 4 Gr\u00f6\u00dfen - Eliassen.nl","description":"Wasserspiel Buddha Gesicht in 4 Gr\u00f6\u00dfen, damit Sie eine gro\u00dfe oder kleine Buddha Statue f\u00fcr Ihren Garten kaufen k\u00f6nnen. Aus hochwertigem Kunststein! Auch LIVE...","robots":{"index":"noindex","follow":"follow","max-snippet":"max-snippet:-1","max-image-preview":"max-image-preview:large","max-video-preview":"max-video-preview:-1"},"og_locale":"de_DE","og_type":"article","og_title":"Wasserspiel Buddha Gesicht in 4 Gr\u00f6\u00dfen - Eliassen.nl","og_description":"Wasserspiel Buddha Gesicht in 4 Gr\u00f6\u00dfen, damit Sie eine gro\u00dfe oder kleine Buddha Statue f\u00fcr Ihren Garten kaufen k\u00f6nnen. Aus hochwertigem Kunststein! Auch LIVE...","og_url":"https:\/\/dev.eliassen.nl\/de\/wasserspiel-buddha-gesicht-in-4-grossen\/","og_site_name":"Eliassen.nl","article_publisher":"https:\/\/www.facebook.com\/TuincentrumEliassenAmmerzoden","article_modified_time":"2025-04-14T10:48:53+00:00","og_image":[{"width":768,"height":1024,"url":"https:\/\/dev.eliassen.nl\/wp-content\/uploads\/2024\/01\/mijnproject13.png","type":"image\/png"}],"twitter_card":"summary_large_image","schema":{"@context":"https:\/\/schema.org","@graph":[{"@type":"WebPage","@id":"https:\/\/dev.eliassen.nl\/de\/wasserspiel-buddha-gesicht-in-4-grossen\/","url":"https:\/\/dev.eliassen.nl\/de\/wasserspiel-buddha-gesicht-in-4-grossen\/","name":"Wasserspiel Buddha Gesicht in 4 Gr\u00f6\u00dfen - Eliassen.nl","isPartOf":{"@id":"https:\/\/dev.eliassen.nl\/de\/#website"},"primaryImageOfPage":{"@id":"https:\/\/dev.eliassen.nl\/de\/wasserspiel-buddha-gesicht-in-4-grossen\/#primaryimage"},"image":{"@id":"https:\/\/dev.eliassen.nl\/de\/wasserspiel-buddha-gesicht-in-4-grossen\/#primaryimage"},"thumbnailUrl":"https:\/\/dev.eliassen.nl\/wp-content\/uploads\/2024\/01\/mijnproject13.png","datePublished":"2019-10-28T15:59:35+00:00","dateModified":"2025-04-14T10:48:53+00:00","description":"Wasserspiel Buddha Gesicht in 4 Gr\u00f6\u00dfen, damit Sie eine gro\u00dfe oder kleine Buddha Statue f\u00fcr Ihren Garten kaufen k\u00f6nnen. Aus hochwertigem Kunststein! Auch LIVE...","breadcrumb":{"@id":"https:\/\/dev.eliassen.nl\/de\/wasserspiel-buddha-gesicht-in-4-grossen\/#breadcrumb"},"inLanguage":"de","potentialAction":[{"@type":"ReadAction","target":["https:\/\/dev.eliassen.nl\/de\/wasserspiel-buddha-gesicht-in-4-grossen\/"]}]},{"@type":"ImageObject","inLanguage":"de","@id":"https:\/\/dev.eliassen.nl\/de\/wasserspiel-buddha-gesicht-in-4-grossen\/#primaryimage","url":"https:\/\/dev.eliassen.nl\/wp-content\/uploads\/2024\/01\/mijnproject13.png","contentUrl":"https:\/\/dev.eliassen.nl\/wp-content\/uploads\/2024\/01\/mijnproject13.png","width":768,"height":1024,"caption":"Mijn project (13)"},{"@type":"BreadcrumbList","@id":"https:\/\/dev.eliassen.nl\/de\/wasserspiel-buddha-gesicht-in-4-grossen\/#breadcrumb","itemListElement":[{"@type":"ListItem","position":1,"name":"Home","item":"https:\/\/dev.eliassen.nl\/de\/"},{"@type":"ListItem","position":2,"name":"Shop","item":"https:\/\/dev.eliassen.nl\/nl\/winkel\/"},{"@type":"ListItem","position":3,"name":"Wasserspiele","item":"https:\/\/dev.eliassen.nl\/de\/wassereigenschaften\/"},{"@type":"ListItem","position":4,"name":"Buddha-Brunnen","item":"https:\/\/dev.eliassen.nl\/de\/wassereigenschaften\/buddha-brunnen\/"},{"@type":"ListItem","position":5,"name":"Wasserspiel Buddha Gesicht in 4 Gr\u00f6\u00dfen"}]},{"@type":"WebSite","@id":"https:\/\/dev.eliassen.nl\/de\/#website","url":"https:\/\/dev.eliassen.nl\/de\/","name":"Eliassen Home & Garden Pleasure","description":"","publisher":{"@id":"https:\/\/dev.eliassen.nl\/de\/#organization"},"alternateName":"Eliassen.nl","potentialAction":[{"@type":"SearchAction","target":{"@type":"EntryPoint","urlTemplate":"https:\/\/dev.eliassen.nl\/de\/?s={search_term_string}"},"query-input":{"@type":"PropertyValueSpecification","valueRequired":true,"valueName":"search_term_string"}}],"inLanguage":"de"},{"@type":"Organization","@id":"https:\/\/dev.eliassen.nl\/de\/#organization","name":"Eliassen Home & Garden Pleasure","url":"https:\/\/dev.eliassen.nl\/de\/","logo":{"@type":"ImageObject","inLanguage":"de","@id":"https:\/\/dev.eliassen.nl\/de\/#\/schema\/logo\/image\/","url":"https:\/\/www.eliassen.nl\/wp-content\/uploads\/2024\/01\/logo_4nd.jpg","contentUrl":"https:\/\/www.eliassen.nl\/wp-content\/uploads\/2024\/01\/logo_4nd.jpg","width":500,"height":500,"caption":"Eliassen Home & Garden Pleasure"},"image":{"@id":"https:\/\/dev.eliassen.nl\/de\/#\/schema\/logo\/image\/"},"sameAs":["https:\/\/www.facebook.com\/TuincentrumEliassenAmmerzoden","https:\/\/www.instagram.com\/eliassenhomeandgarden\/","https:\/\/nl.pinterest.com\/eliassenhomeandgarden\/","https:\/\/www.youtube.com\/@eliassenhomegardenpleasure4558"]}]}},"df_price":109,"df_sale_price":"","df_regular_price":109,"df_image_link":"https:\/\/dev.eliassen.nl\/wp-content\/uploads\/2024\/01\/mijnproject13.png","image":"https:\/\/dev.eliassen.nl\/wp-content\/uploads\/2024\/01\/mijnproject13.png","price_search":"<span class=\"woocommerce-Price-amount amount\"><bdi><span class=\"woocommerce-Price-currencySymbol\">&euro;<\/span>&nbsp;109,00<\/bdi><\/span>","category":"Buddha-Brunnen","_links":{"self":[{"href":"https:\/\/dev.eliassen.nl\/de\/wp-json\/wp\/v2\/product\/128680","targetHints":{"allow":["GET"]}}],"collection":[{"href":"https:\/\/dev.eliassen.nl\/de\/wp-json\/wp\/v2\/product"}],"about":[{"href":"https:\/\/dev.eliassen.nl\/de\/wp-json\/wp\/v2\/types\/product"}],"wp:featuredmedia":[{"embeddable":true,"href":"https:\/\/dev.eliassen.nl\/de\/wp-json\/wp\/v2\/media\/9694"}],"wp:attachment":[{"href":"https:\/\/dev.eliassen.nl\/de\/wp-json\/wp\/v2\/media?parent=128680"}],"wp:term":[{"taxonomy":"product_brand","embeddable":true,"href":"https:\/\/dev.eliassen.nl\/de\/wp-json\/wp\/v2\/product_brand?post=128680"},{"taxonomy":"product_cat","embeddable":true,"href":"https:\/\/dev.eliassen.nl\/de\/wp-json\/wp\/v2\/product_cat?post=128680"},{"taxonomy":"product_tag","embeddable":true,"href":"https:\/\/dev.eliassen.nl\/de\/wp-json\/wp\/v2\/product_tag?post=128680"}],"curies":[{"name":"wp","href":"https:\/\/api.w.org\/{rel}","templated":true}]}}