{"id":128693,"date":"2019-10-28T16:59:37","date_gmt":"2019-10-28T15:59:37","guid":{"rendered":"https:\/\/www.eliassen.nl\/?product=kei-wasserkugel-in-original-5-messungen-copy"},"modified":"2024-12-05T16:47:57","modified_gmt":"2024-12-05T15:47:57","slug":"boulder-wasserornament-in-eiform-in-2-grossen","status":"publish","type":"product","link":"https:\/\/dev.eliassen.nl\/de\/boulder-wasserornament-in-eiform-in-2-grossen\/","title":{"rendered":"Boulder-Wasserornament in Eiform in 2 Gr\u00f6\u00dfen"},"content":{"rendered":"<p><strong>Dies ist eine lose Verzierung. Erkundigen Sie sich nach den anderen erforderlichen Teilen.<\/strong><\/p>\n<p>Machen Sie Ihren Garten exklusiv und besonders mit diesen Wasserkugeln in Eiform aus wasserfestem Kunststein mit einer H\u00f6he von 60 oder 100 cm. Vollst\u00e4ndig eingelegt mit <span style=\"text-decoration: underline;\">ganzen<\/span> Flussbrocken, sehr exklusiv und arbeitsintensiv in der Herstellung. Da diese Kugeln von Hand und nicht von Maschinen hergestellt werden, k\u00f6nnen bei diesen Kugeln immer Unregelm\u00e4\u00dfigkeiten gefunden werden.<\/p>\n<p>Gibt ein sch\u00f6nes pl\u00e4tscherndes Ger\u00e4usch und ein sehr sch\u00f6nes Funkeln, besonders im Dunkeln mit einem Scheinwerfer.<\/p>\n<p><strong><span style=\"background-color: #ffffff;\">BITTE BEACHTEN:<\/span><\/strong> Wir haben die Originalkugeln, es gibt Nachahmungskugeln auf dem Markt, diese sind bemalt und bei diesen Kugeln sind nur Felsbrocken auf die Oberfl\u00e4che geklebt, die sich schnell l\u00f6sen. Au\u00dferdem geben diese Birnen keineswegs den sch\u00f6nen Kr\u00e4useleffekt !!<\/p>\n<p><strong>PS vergessen Sie nicht, unseren gr\u00f6\u00dften Ausstellungsraum mit 300 Modellen zu besuchen !!<\/strong><\/p>\n<p>Haben Sie eine Frage zu diesem Produkt? Sie k\u00f6nnen uns gerne kontaktieren.<\/p>\n<ul>\n<li>100 % Handarbeit<\/li>\n<li>Verwendung ganzer Flusskiesel, nicht halb geklebter<\/li>\n<li>100 % frostbest\u00e4ndig<\/li>\n<li>H\u00f6he 60 oder 100cm, Durchmesser bzw. etwa 41 und 85cm<\/li>\n<li>Sehr exklusiv\n<p><iframe loading=\"lazy\" src=\"\/\/www.youtube.com\/embed\/U_ahZ-FPgq0\" width=\"560\" height=\"315\" frameborder=\"0\" allowfullscreen=\"allowfullscreen\"><\/iframe><\/li>\n<\/ul>\n","protected":false},"excerpt":{"rendered":"<p>Dies ist eine lose Verzierung. Erkundigen Sie sich nach den anderen erforderlichen Teilen.<\/p>\n","protected":false},"featured_media":9745,"template":"","meta":{"_acf_changed":false},"product_brand":[6916],"product_cat":[539,551,569,536],"product_tag":[],"class_list":{"0":"post-128693","1":"product","2":"type-product","3":"status-publish","4":"has-post-thumbnail","6":"product_brand-eliassen-de","7":"product_cat-einzigartige-eigene-modelle-von-losen-wasserspiele","8":"product_cat-lose-wasserspiele","9":"product_cat-wasserbaelle","10":"product_cat-wassereigenschaften","12":"first","13":"outofstock","14":"taxable","15":"shipping-taxable","16":"purchasable","17":"product-type-variable"},"acf":[],"yoast_head":"<!-- This site is optimized with the Yoast SEO plugin v23.8 - https:\/\/yoast.com\/wordpress\/plugins\/seo\/ -->\n<title>Boulder-Wasserornament in Eiform in 2 Gr\u00f6\u00dfen - Eliassen.nl<\/title>\n<meta name=\"description\" content=\"Ein sehr exklusives Wasserspiel in Eiform aus wasserfestem Kunststein. 100 frostbest\u00e4ndig. Erh\u00e4ltlich in 2 Gr\u00f6\u00dfen. Auch LIVE in unserem Gesch\u00e4ft zu sehen!\" \/>\n<meta name=\"robots\" content=\"noindex, follow, max-snippet:-1, max-image-preview:large, max-video-preview:-1\" \/>\n<meta property=\"og:locale\" content=\"de_DE\" \/>\n<meta property=\"og:type\" content=\"article\" \/>\n<meta property=\"og:title\" content=\"Boulder-Wasserornament in Eiform in 2 Gr\u00f6\u00dfen - Eliassen.nl\" \/>\n<meta property=\"og:description\" content=\"Ein sehr exklusives Wasserspiel in Eiform aus wasserfestem Kunststein. 100 frostbest\u00e4ndig. Erh\u00e4ltlich in 2 Gr\u00f6\u00dfen. Auch LIVE in unserem Gesch\u00e4ft zu sehen!\" \/>\n<meta property=\"og:url\" content=\"https:\/\/dev.eliassen.nl\/de\/boulder-wasserornament-in-eiform-in-2-grossen\/\" \/>\n<meta property=\"og:site_name\" content=\"Eliassen.nl\" \/>\n<meta property=\"article:publisher\" content=\"https:\/\/www.facebook.com\/TuincentrumEliassenAmmerzoden\" \/>\n<meta property=\"article:modified_time\" content=\"2024-12-05T15:47:57+00:00\" \/>\n<meta property=\"og:image\" content=\"https:\/\/dev.eliassen.nl\/wp-content\/uploads\/2024\/01\/keiwaterornamenteivormin2mateneliassennl.jpg\" \/>\n\t<meta property=\"og:image:width\" content=\"900\" \/>\n\t<meta property=\"og:image:height\" content=\"1600\" \/>\n\t<meta property=\"og:image:type\" content=\"image\/jpeg\" \/>\n<meta name=\"twitter:card\" content=\"summary_large_image\" \/>\n<script type=\"application\/ld+json\" class=\"yoast-schema-graph\">{\"@context\":\"https:\/\/schema.org\",\"@graph\":[{\"@type\":\"WebPage\",\"@id\":\"https:\/\/dev.eliassen.nl\/de\/boulder-wasserornament-in-eiform-in-2-grossen\/\",\"url\":\"https:\/\/dev.eliassen.nl\/de\/boulder-wasserornament-in-eiform-in-2-grossen\/\",\"name\":\"Boulder-Wasserornament in Eiform in 2 Gr\u00f6\u00dfen - Eliassen.nl\",\"isPartOf\":{\"@id\":\"https:\/\/dev.eliassen.nl\/de\/#website\"},\"primaryImageOfPage\":{\"@id\":\"https:\/\/dev.eliassen.nl\/de\/boulder-wasserornament-in-eiform-in-2-grossen\/#primaryimage\"},\"image\":{\"@id\":\"https:\/\/dev.eliassen.nl\/de\/boulder-wasserornament-in-eiform-in-2-grossen\/#primaryimage\"},\"thumbnailUrl\":\"https:\/\/dev.eliassen.nl\/wp-content\/uploads\/2024\/01\/keiwaterornamenteivormin2mateneliassennl.jpg\",\"datePublished\":\"2019-10-28T15:59:37+00:00\",\"dateModified\":\"2024-12-05T15:47:57+00:00\",\"description\":\"Ein sehr exklusives Wasserspiel in Eiform aus wasserfestem Kunststein. 100 frostbest\u00e4ndig. Erh\u00e4ltlich in 2 Gr\u00f6\u00dfen. Auch LIVE in unserem Gesch\u00e4ft zu sehen!\",\"breadcrumb\":{\"@id\":\"https:\/\/dev.eliassen.nl\/de\/boulder-wasserornament-in-eiform-in-2-grossen\/#breadcrumb\"},\"inLanguage\":\"de\",\"potentialAction\":[{\"@type\":\"ReadAction\",\"target\":[\"https:\/\/dev.eliassen.nl\/de\/boulder-wasserornament-in-eiform-in-2-grossen\/\"]}]},{\"@type\":\"ImageObject\",\"inLanguage\":\"de\",\"@id\":\"https:\/\/dev.eliassen.nl\/de\/boulder-wasserornament-in-eiform-in-2-grossen\/#primaryimage\",\"url\":\"https:\/\/dev.eliassen.nl\/wp-content\/uploads\/2024\/01\/keiwaterornamenteivormin2mateneliassennl.jpg\",\"contentUrl\":\"https:\/\/dev.eliassen.nl\/wp-content\/uploads\/2024\/01\/keiwaterornamenteivormin2mateneliassennl.jpg\",\"width\":900,\"height\":1600,\"caption\":\"Kei-waterornament eivorm in 2 maten - Eliassen.nl\"},{\"@type\":\"BreadcrumbList\",\"@id\":\"https:\/\/dev.eliassen.nl\/de\/boulder-wasserornament-in-eiform-in-2-grossen\/#breadcrumb\",\"itemListElement\":[{\"@type\":\"ListItem\",\"position\":1,\"name\":\"Home\",\"item\":\"https:\/\/dev.eliassen.nl\/de\/\"},{\"@type\":\"ListItem\",\"position\":2,\"name\":\"Shop\",\"item\":\"https:\/\/dev.eliassen.nl\/nl\/winkel\/\"},{\"@type\":\"ListItem\",\"position\":3,\"name\":\"Wasserspiele\",\"item\":\"https:\/\/dev.eliassen.nl\/de\/wassereigenschaften\/\"},{\"@type\":\"ListItem\",\"position\":4,\"name\":\"Einzigartige eigene Modelle von losen Wasserspielen\",\"item\":\"https:\/\/dev.eliassen.nl\/de\/wassereigenschaften\/einzigartige-eigene-modelle-von-losen-wasserspiele\/\"},{\"@type\":\"ListItem\",\"position\":5,\"name\":\"Boulder-Wasserornament in Eiform in 2 Gr\u00f6\u00dfen\"}]},{\"@type\":\"WebSite\",\"@id\":\"https:\/\/dev.eliassen.nl\/de\/#website\",\"url\":\"https:\/\/dev.eliassen.nl\/de\/\",\"name\":\"Eliassen Home & Garden Pleasure\",\"description\":\"\",\"publisher\":{\"@id\":\"https:\/\/dev.eliassen.nl\/de\/#organization\"},\"alternateName\":\"Eliassen.nl\",\"potentialAction\":[{\"@type\":\"SearchAction\",\"target\":{\"@type\":\"EntryPoint\",\"urlTemplate\":\"https:\/\/dev.eliassen.nl\/de\/?s={search_term_string}\"},\"query-input\":{\"@type\":\"PropertyValueSpecification\",\"valueRequired\":true,\"valueName\":\"search_term_string\"}}],\"inLanguage\":\"de\"},{\"@type\":\"Organization\",\"@id\":\"https:\/\/dev.eliassen.nl\/de\/#organization\",\"name\":\"Eliassen Home & Garden Pleasure\",\"url\":\"https:\/\/dev.eliassen.nl\/de\/\",\"logo\":{\"@type\":\"ImageObject\",\"inLanguage\":\"de\",\"@id\":\"https:\/\/dev.eliassen.nl\/de\/#\/schema\/logo\/image\/\",\"url\":\"https:\/\/www.eliassen.nl\/wp-content\/uploads\/2024\/01\/logo_4nd.jpg\",\"contentUrl\":\"https:\/\/www.eliassen.nl\/wp-content\/uploads\/2024\/01\/logo_4nd.jpg\",\"width\":500,\"height\":500,\"caption\":\"Eliassen Home & Garden Pleasure\"},\"image\":{\"@id\":\"https:\/\/dev.eliassen.nl\/de\/#\/schema\/logo\/image\/\"},\"sameAs\":[\"https:\/\/www.facebook.com\/TuincentrumEliassenAmmerzoden\",\"https:\/\/www.instagram.com\/eliassenhomeandgarden\/\",\"https:\/\/nl.pinterest.com\/eliassenhomeandgarden\/\",\"https:\/\/www.youtube.com\/@eliassenhomegardenpleasure4558\"]}]}<\/script>\n<!-- \/ Yoast SEO plugin. -->","yoast_head_json":{"title":"Boulder-Wasserornament in Eiform in 2 Gr\u00f6\u00dfen - Eliassen.nl","description":"Ein sehr exklusives Wasserspiel in Eiform aus wasserfestem Kunststein. 100 frostbest\u00e4ndig. Erh\u00e4ltlich in 2 Gr\u00f6\u00dfen. Auch LIVE in unserem Gesch\u00e4ft zu sehen!","robots":{"index":"noindex","follow":"follow","max-snippet":"max-snippet:-1","max-image-preview":"max-image-preview:large","max-video-preview":"max-video-preview:-1"},"og_locale":"de_DE","og_type":"article","og_title":"Boulder-Wasserornament in Eiform in 2 Gr\u00f6\u00dfen - Eliassen.nl","og_description":"Ein sehr exklusives Wasserspiel in Eiform aus wasserfestem Kunststein. 100 frostbest\u00e4ndig. Erh\u00e4ltlich in 2 Gr\u00f6\u00dfen. Auch LIVE in unserem Gesch\u00e4ft zu sehen!","og_url":"https:\/\/dev.eliassen.nl\/de\/boulder-wasserornament-in-eiform-in-2-grossen\/","og_site_name":"Eliassen.nl","article_publisher":"https:\/\/www.facebook.com\/TuincentrumEliassenAmmerzoden","article_modified_time":"2024-12-05T15:47:57+00:00","og_image":[{"width":900,"height":1600,"url":"https:\/\/dev.eliassen.nl\/wp-content\/uploads\/2024\/01\/keiwaterornamenteivormin2mateneliassennl.jpg","type":"image\/jpeg"}],"twitter_card":"summary_large_image","schema":{"@context":"https:\/\/schema.org","@graph":[{"@type":"WebPage","@id":"https:\/\/dev.eliassen.nl\/de\/boulder-wasserornament-in-eiform-in-2-grossen\/","url":"https:\/\/dev.eliassen.nl\/de\/boulder-wasserornament-in-eiform-in-2-grossen\/","name":"Boulder-Wasserornament in Eiform in 2 Gr\u00f6\u00dfen - Eliassen.nl","isPartOf":{"@id":"https:\/\/dev.eliassen.nl\/de\/#website"},"primaryImageOfPage":{"@id":"https:\/\/dev.eliassen.nl\/de\/boulder-wasserornament-in-eiform-in-2-grossen\/#primaryimage"},"image":{"@id":"https:\/\/dev.eliassen.nl\/de\/boulder-wasserornament-in-eiform-in-2-grossen\/#primaryimage"},"thumbnailUrl":"https:\/\/dev.eliassen.nl\/wp-content\/uploads\/2024\/01\/keiwaterornamenteivormin2mateneliassennl.jpg","datePublished":"2019-10-28T15:59:37+00:00","dateModified":"2024-12-05T15:47:57+00:00","description":"Ein sehr exklusives Wasserspiel in Eiform aus wasserfestem Kunststein. 100 frostbest\u00e4ndig. Erh\u00e4ltlich in 2 Gr\u00f6\u00dfen. Auch LIVE in unserem Gesch\u00e4ft zu sehen!","breadcrumb":{"@id":"https:\/\/dev.eliassen.nl\/de\/boulder-wasserornament-in-eiform-in-2-grossen\/#breadcrumb"},"inLanguage":"de","potentialAction":[{"@type":"ReadAction","target":["https:\/\/dev.eliassen.nl\/de\/boulder-wasserornament-in-eiform-in-2-grossen\/"]}]},{"@type":"ImageObject","inLanguage":"de","@id":"https:\/\/dev.eliassen.nl\/de\/boulder-wasserornament-in-eiform-in-2-grossen\/#primaryimage","url":"https:\/\/dev.eliassen.nl\/wp-content\/uploads\/2024\/01\/keiwaterornamenteivormin2mateneliassennl.jpg","contentUrl":"https:\/\/dev.eliassen.nl\/wp-content\/uploads\/2024\/01\/keiwaterornamenteivormin2mateneliassennl.jpg","width":900,"height":1600,"caption":"Kei-waterornament eivorm in 2 maten - Eliassen.nl"},{"@type":"BreadcrumbList","@id":"https:\/\/dev.eliassen.nl\/de\/boulder-wasserornament-in-eiform-in-2-grossen\/#breadcrumb","itemListElement":[{"@type":"ListItem","position":1,"name":"Home","item":"https:\/\/dev.eliassen.nl\/de\/"},{"@type":"ListItem","position":2,"name":"Shop","item":"https:\/\/dev.eliassen.nl\/nl\/winkel\/"},{"@type":"ListItem","position":3,"name":"Wasserspiele","item":"https:\/\/dev.eliassen.nl\/de\/wassereigenschaften\/"},{"@type":"ListItem","position":4,"name":"Einzigartige eigene Modelle von losen Wasserspielen","item":"https:\/\/dev.eliassen.nl\/de\/wassereigenschaften\/einzigartige-eigene-modelle-von-losen-wasserspiele\/"},{"@type":"ListItem","position":5,"name":"Boulder-Wasserornament in Eiform in 2 Gr\u00f6\u00dfen"}]},{"@type":"WebSite","@id":"https:\/\/dev.eliassen.nl\/de\/#website","url":"https:\/\/dev.eliassen.nl\/de\/","name":"Eliassen Home & Garden Pleasure","description":"","publisher":{"@id":"https:\/\/dev.eliassen.nl\/de\/#organization"},"alternateName":"Eliassen.nl","potentialAction":[{"@type":"SearchAction","target":{"@type":"EntryPoint","urlTemplate":"https:\/\/dev.eliassen.nl\/de\/?s={search_term_string}"},"query-input":{"@type":"PropertyValueSpecification","valueRequired":true,"valueName":"search_term_string"}}],"inLanguage":"de"},{"@type":"Organization","@id":"https:\/\/dev.eliassen.nl\/de\/#organization","name":"Eliassen Home & Garden Pleasure","url":"https:\/\/dev.eliassen.nl\/de\/","logo":{"@type":"ImageObject","inLanguage":"de","@id":"https:\/\/dev.eliassen.nl\/de\/#\/schema\/logo\/image\/","url":"https:\/\/www.eliassen.nl\/wp-content\/uploads\/2024\/01\/logo_4nd.jpg","contentUrl":"https:\/\/www.eliassen.nl\/wp-content\/uploads\/2024\/01\/logo_4nd.jpg","width":500,"height":500,"caption":"Eliassen Home & Garden Pleasure"},"image":{"@id":"https:\/\/dev.eliassen.nl\/de\/#\/schema\/logo\/image\/"},"sameAs":["https:\/\/www.facebook.com\/TuincentrumEliassenAmmerzoden","https:\/\/www.instagram.com\/eliassenhomeandgarden\/","https:\/\/nl.pinterest.com\/eliassenhomeandgarden\/","https:\/\/www.youtube.com\/@eliassenhomegardenpleasure4558"]}]}},"df_price":375,"df_sale_price":"","df_regular_price":375,"df_image_link":"https:\/\/dev.eliassen.nl\/wp-content\/uploads\/2024\/01\/keiwaterornamenteivormin2mateneliassennl.jpg","image":"https:\/\/dev.eliassen.nl\/wp-content\/uploads\/2024\/01\/keiwaterornamenteivormin2mateneliassennl.jpg","price_search":"<span class=\"woocommerce-Price-amount amount\"><bdi><span class=\"woocommerce-Price-currencySymbol\">&euro;<\/span>&nbsp;375,00<\/bdi><\/span>","category":"Einzigartige eigene Modelle von losen Wasserspielen","_links":{"self":[{"href":"https:\/\/dev.eliassen.nl\/de\/wp-json\/wp\/v2\/product\/128693","targetHints":{"allow":["GET"]}}],"collection":[{"href":"https:\/\/dev.eliassen.nl\/de\/wp-json\/wp\/v2\/product"}],"about":[{"href":"https:\/\/dev.eliassen.nl\/de\/wp-json\/wp\/v2\/types\/product"}],"wp:featuredmedia":[{"embeddable":true,"href":"https:\/\/dev.eliassen.nl\/de\/wp-json\/wp\/v2\/media\/9745"}],"wp:attachment":[{"href":"https:\/\/dev.eliassen.nl\/de\/wp-json\/wp\/v2\/media?parent=128693"}],"wp:term":[{"taxonomy":"product_brand","embeddable":true,"href":"https:\/\/dev.eliassen.nl\/de\/wp-json\/wp\/v2\/product_brand?post=128693"},{"taxonomy":"product_cat","embeddable":true,"href":"https:\/\/dev.eliassen.nl\/de\/wp-json\/wp\/v2\/product_cat?post=128693"},{"taxonomy":"product_tag","embeddable":true,"href":"https:\/\/dev.eliassen.nl\/de\/wp-json\/wp\/v2\/product_tag?post=128693"}],"curies":[{"name":"wp","href":"https:\/\/api.w.org\/{rel}","templated":true}]}}