{"id":128791,"date":"2020-02-20T14:46:35","date_gmt":"2020-02-20T13:46:35","guid":{"rendered":"https:\/\/www.eliassen.nl\/?product=adezz-vuur-elementen-gas-cortenstaal"},"modified":"2024-12-17T17:14:14","modified_gmt":"2024-12-17T16:14:14","slug":"adezz-fire-elements-gas-cortenstahl","status":"publish","type":"product","link":"https:\/\/dev.eliassen.nl\/de\/adezz-fire-elements-gas-cortenstahl\/","title":{"rendered":"Adezz Fire Elements Gas-Cortenstahl"},"content":{"rendered":"<p>Echte Stimmungsmacher sind diese gasbefeuerten Kamine und atmosph\u00e4rischen Tische, die auch au\u00dferhalb sch\u00f6n anzusehen sind. Ein Flammenspiel bleibt faszinierend zu beobachten. Sie werden dieses Schauspiel zusammen mit anderen stundenlang genie\u00dfen, wenn Sie um diesen Feuertisch herum stehen oder sitzen. Dieser solide Garten- oder Terrassenheizer ist CE-gepr\u00fcft. Hergestellt aus sehr massivem 3 mm dickem Cortenstahl, kombiniert mit einem massiven Edelstahl-Gasbrenner mit Piezo-Z\u00fcndung. Alle quadratischen Modelle haben einen quadratischen Gasbrenner mit einer Leistung von 8,5 kW. Ausgestattet mit einer soliden T\u00fcr mit Magnetverschluss. Die niedrigen langen geschlossenen Versionen haben einen rechteckigen Gasbrenner von 11,8 kW. Die langen, niedrigen Kamine sind auf 1 oder 2 Seiten mit geh\u00e4rtetem, hitzebest\u00e4ndigem Glas ausgestattet.<\/p>\n<p>An den geschlossenen l\u00e4nglichen Kaminen muss auch ein Abgasrohr von 154 mm angebracht werden.<\/p>\n<p>In jedes Modell passt eine gro\u00dfe oder kleine Gasflasche, bei den langen geschlossenen Modellen muss man die Gaszufuhr mit einem Schlauch regulieren.<\/p>\n<p><strong>Sie k\u00f6nnen die hohe Version aus Cortenstahl in unserem Shop ansehen.<\/strong><\/p>\n<p><span style=\"color: #ff0000;\"><strong>Klicken Sie hier oben f\u00fcr Ihre Gr\u00f6\u00dfe.<\/strong><\/span><\/p>\n<ul>\n<li>Kostenloser Versand innerhalb der Niederlande<\/li>\n<li>5 Jahre Garantie<\/li>\n<li>Material 3 mm starker Cortenstahl<\/li>\n<li>Keine Rauchentwicklung<\/li>\n<li>Gewichte von 60 bis 80 kg<\/li>\n<\/ul>\n","protected":false},"excerpt":{"rendered":"<p>Echte Stimmungsmacher sind diese gasbefeuerten Kamine und atmosph\u00e4rischen Tische, die auch au\u00dferhalb sch\u00f6n anzusehen sind. Ein Flammenspiel bleibt faszinierend zu beobachten. Sie werden dieses Schauspiel zusammen mit anderen stundenlang genie\u00dfen, wenn Sie um diesen Feuertisch herum stehen oder sitzen. Dieser solide Garten- oder Terrassenheizer ist CE-gepr\u00fcft. Hergestellt aus sehr massivem 3 mm dickem Cortenstahl, kombiniert &hellip;<\/p>\n","protected":false},"featured_media":21304,"template":"","meta":{"_acf_changed":false},"product_brand":[],"product_cat":[773,764,752],"product_tag":[],"class_list":{"0":"post-128791","1":"product","2":"type-product","3":"status-publish","4":"has-post-thumbnail","6":"product_cat-adezz-produkte","7":"product_cat-terrassenkamine-feuerstellen","8":"product_cat-weitere-artikel","10":"first","11":"onbackorder","12":"taxable","13":"shipping-taxable","14":"purchasable","15":"product-type-variable"},"acf":[],"yoast_head":"<!-- This site is optimized with the Yoast SEO plugin v23.8 - https:\/\/yoast.com\/wordpress\/plugins\/seo\/ -->\n<title>Adezz Feuerelemente Gas-Cortenstahl - Eliassen<\/title>\n<meta name=\"description\" content=\"Auf der Suche nach einer Feuerstelle? Bestellen Sie jetzt Adezz Fire Elements Gas aus Cortenstahl. Auf unserer Website k\u00f6nnen Sie ganz einfach einen Terrasse...\" \/>\n<meta name=\"robots\" content=\"noindex, follow, max-snippet:-1, max-image-preview:large, max-video-preview:-1\" \/>\n<meta property=\"og:locale\" content=\"de_DE\" \/>\n<meta property=\"og:type\" content=\"article\" \/>\n<meta property=\"og:title\" content=\"Adezz Feuerelemente Gas-Cortenstahl - Eliassen\" \/>\n<meta property=\"og:description\" content=\"Auf der Suche nach einer Feuerstelle? Bestellen Sie jetzt Adezz Fire Elements Gas aus Cortenstahl. Auf unserer Website k\u00f6nnen Sie ganz einfach einen Terrasse...\" \/>\n<meta property=\"og:url\" content=\"https:\/\/dev.eliassen.nl\/de\/adezz-fire-elements-gas-cortenstahl\/\" \/>\n<meta property=\"og:site_name\" content=\"Eliassen.nl\" \/>\n<meta property=\"article:publisher\" content=\"https:\/\/www.facebook.com\/TuincentrumEliassenAmmerzoden\" \/>\n<meta property=\"article:modified_time\" content=\"2024-12-17T16:14:14+00:00\" \/>\n<meta property=\"og:image\" content=\"https:\/\/dev.eliassen.nl\/wp-content\/uploads\/2024\/01\/brannvbc420210718028.jpg\" \/>\n\t<meta property=\"og:image:width\" content=\"699\" \/>\n\t<meta property=\"og:image:height\" content=\"699\" \/>\n\t<meta property=\"og:image:type\" content=\"image\/jpeg\" \/>\n<meta name=\"twitter:card\" content=\"summary_large_image\" \/>\n<script type=\"application\/ld+json\" class=\"yoast-schema-graph\">{\"@context\":\"https:\/\/schema.org\",\"@graph\":[{\"@type\":\"WebPage\",\"@id\":\"https:\/\/dev.eliassen.nl\/de\/adezz-fire-elements-gas-cortenstahl\/\",\"url\":\"https:\/\/dev.eliassen.nl\/de\/adezz-fire-elements-gas-cortenstahl\/\",\"name\":\"Adezz Feuerelemente Gas-Cortenstahl - Eliassen\",\"isPartOf\":{\"@id\":\"https:\/\/dev.eliassen.nl\/de\/#website\"},\"primaryImageOfPage\":{\"@id\":\"https:\/\/dev.eliassen.nl\/de\/adezz-fire-elements-gas-cortenstahl\/#primaryimage\"},\"image\":{\"@id\":\"https:\/\/dev.eliassen.nl\/de\/adezz-fire-elements-gas-cortenstahl\/#primaryimage\"},\"thumbnailUrl\":\"https:\/\/dev.eliassen.nl\/wp-content\/uploads\/2024\/01\/brannvbc420210718028.jpg\",\"datePublished\":\"2020-02-20T13:46:35+00:00\",\"dateModified\":\"2024-12-17T16:14:14+00:00\",\"description\":\"Auf der Suche nach einer Feuerstelle? Bestellen Sie jetzt Adezz Fire Elements Gas aus Cortenstahl. Auf unserer Website k\u00f6nnen Sie ganz einfach einen Terrasse...\",\"breadcrumb\":{\"@id\":\"https:\/\/dev.eliassen.nl\/de\/adezz-fire-elements-gas-cortenstahl\/#breadcrumb\"},\"inLanguage\":\"de\",\"potentialAction\":[{\"@type\":\"ReadAction\",\"target\":[\"https:\/\/dev.eliassen.nl\/de\/adezz-fire-elements-gas-cortenstahl\/\"]}]},{\"@type\":\"ImageObject\",\"inLanguage\":\"de\",\"@id\":\"https:\/\/dev.eliassen.nl\/de\/adezz-fire-elements-gas-cortenstahl\/#primaryimage\",\"url\":\"https:\/\/dev.eliassen.nl\/wp-content\/uploads\/2024\/01\/brannvbc420210718028.jpg\",\"contentUrl\":\"https:\/\/dev.eliassen.nl\/wp-content\/uploads\/2024\/01\/brannvbc420210718028.jpg\",\"width\":699,\"height\":699,\"caption\":\"BRANN VBC4-2021-07-18-028\"},{\"@type\":\"BreadcrumbList\",\"@id\":\"https:\/\/dev.eliassen.nl\/de\/adezz-fire-elements-gas-cortenstahl\/#breadcrumb\",\"itemListElement\":[{\"@type\":\"ListItem\",\"position\":1,\"name\":\"Home\",\"item\":\"https:\/\/dev.eliassen.nl\/de\/\"},{\"@type\":\"ListItem\",\"position\":2,\"name\":\"Shop\",\"item\":\"https:\/\/dev.eliassen.nl\/nl\/winkel\/\"},{\"@type\":\"ListItem\",\"position\":3,\"name\":\"Weitere Artikel\",\"item\":\"https:\/\/dev.eliassen.nl\/de\/weitere-artikel\/\"},{\"@type\":\"ListItem\",\"position\":4,\"name\":\"Terrassenkamine Feuerstellen\",\"item\":\"https:\/\/dev.eliassen.nl\/de\/garten-andere\/terrassenkamine-feuerstellen\/\"},{\"@type\":\"ListItem\",\"position\":5,\"name\":\"Adezz Fire Elements Gas-Cortenstahl\"}]},{\"@type\":\"WebSite\",\"@id\":\"https:\/\/dev.eliassen.nl\/de\/#website\",\"url\":\"https:\/\/dev.eliassen.nl\/de\/\",\"name\":\"Eliassen Home & Garden Pleasure\",\"description\":\"\",\"publisher\":{\"@id\":\"https:\/\/dev.eliassen.nl\/de\/#organization\"},\"alternateName\":\"Eliassen.nl\",\"potentialAction\":[{\"@type\":\"SearchAction\",\"target\":{\"@type\":\"EntryPoint\",\"urlTemplate\":\"https:\/\/dev.eliassen.nl\/de\/?s={search_term_string}\"},\"query-input\":{\"@type\":\"PropertyValueSpecification\",\"valueRequired\":true,\"valueName\":\"search_term_string\"}}],\"inLanguage\":\"de\"},{\"@type\":\"Organization\",\"@id\":\"https:\/\/dev.eliassen.nl\/de\/#organization\",\"name\":\"Eliassen Home & Garden Pleasure\",\"url\":\"https:\/\/dev.eliassen.nl\/de\/\",\"logo\":{\"@type\":\"ImageObject\",\"inLanguage\":\"de\",\"@id\":\"https:\/\/dev.eliassen.nl\/de\/#\/schema\/logo\/image\/\",\"url\":\"https:\/\/www.eliassen.nl\/wp-content\/uploads\/2024\/01\/logo_4nd.jpg\",\"contentUrl\":\"https:\/\/www.eliassen.nl\/wp-content\/uploads\/2024\/01\/logo_4nd.jpg\",\"width\":500,\"height\":500,\"caption\":\"Eliassen Home & Garden Pleasure\"},\"image\":{\"@id\":\"https:\/\/dev.eliassen.nl\/de\/#\/schema\/logo\/image\/\"},\"sameAs\":[\"https:\/\/www.facebook.com\/TuincentrumEliassenAmmerzoden\",\"https:\/\/www.instagram.com\/eliassenhomeandgarden\/\",\"https:\/\/nl.pinterest.com\/eliassenhomeandgarden\/\",\"https:\/\/www.youtube.com\/@eliassenhomegardenpleasure4558\"]}]}<\/script>\n<!-- \/ Yoast SEO plugin. -->","yoast_head_json":{"title":"Adezz Feuerelemente Gas-Cortenstahl - Eliassen","description":"Auf der Suche nach einer Feuerstelle? Bestellen Sie jetzt Adezz Fire Elements Gas aus Cortenstahl. Auf unserer Website k\u00f6nnen Sie ganz einfach einen Terrasse...","robots":{"index":"noindex","follow":"follow","max-snippet":"max-snippet:-1","max-image-preview":"max-image-preview:large","max-video-preview":"max-video-preview:-1"},"og_locale":"de_DE","og_type":"article","og_title":"Adezz Feuerelemente Gas-Cortenstahl - Eliassen","og_description":"Auf der Suche nach einer Feuerstelle? Bestellen Sie jetzt Adezz Fire Elements Gas aus Cortenstahl. Auf unserer Website k\u00f6nnen Sie ganz einfach einen Terrasse...","og_url":"https:\/\/dev.eliassen.nl\/de\/adezz-fire-elements-gas-cortenstahl\/","og_site_name":"Eliassen.nl","article_publisher":"https:\/\/www.facebook.com\/TuincentrumEliassenAmmerzoden","article_modified_time":"2024-12-17T16:14:14+00:00","og_image":[{"width":699,"height":699,"url":"https:\/\/dev.eliassen.nl\/wp-content\/uploads\/2024\/01\/brannvbc420210718028.jpg","type":"image\/jpeg"}],"twitter_card":"summary_large_image","schema":{"@context":"https:\/\/schema.org","@graph":[{"@type":"WebPage","@id":"https:\/\/dev.eliassen.nl\/de\/adezz-fire-elements-gas-cortenstahl\/","url":"https:\/\/dev.eliassen.nl\/de\/adezz-fire-elements-gas-cortenstahl\/","name":"Adezz Feuerelemente Gas-Cortenstahl - Eliassen","isPartOf":{"@id":"https:\/\/dev.eliassen.nl\/de\/#website"},"primaryImageOfPage":{"@id":"https:\/\/dev.eliassen.nl\/de\/adezz-fire-elements-gas-cortenstahl\/#primaryimage"},"image":{"@id":"https:\/\/dev.eliassen.nl\/de\/adezz-fire-elements-gas-cortenstahl\/#primaryimage"},"thumbnailUrl":"https:\/\/dev.eliassen.nl\/wp-content\/uploads\/2024\/01\/brannvbc420210718028.jpg","datePublished":"2020-02-20T13:46:35+00:00","dateModified":"2024-12-17T16:14:14+00:00","description":"Auf der Suche nach einer Feuerstelle? Bestellen Sie jetzt Adezz Fire Elements Gas aus Cortenstahl. Auf unserer Website k\u00f6nnen Sie ganz einfach einen Terrasse...","breadcrumb":{"@id":"https:\/\/dev.eliassen.nl\/de\/adezz-fire-elements-gas-cortenstahl\/#breadcrumb"},"inLanguage":"de","potentialAction":[{"@type":"ReadAction","target":["https:\/\/dev.eliassen.nl\/de\/adezz-fire-elements-gas-cortenstahl\/"]}]},{"@type":"ImageObject","inLanguage":"de","@id":"https:\/\/dev.eliassen.nl\/de\/adezz-fire-elements-gas-cortenstahl\/#primaryimage","url":"https:\/\/dev.eliassen.nl\/wp-content\/uploads\/2024\/01\/brannvbc420210718028.jpg","contentUrl":"https:\/\/dev.eliassen.nl\/wp-content\/uploads\/2024\/01\/brannvbc420210718028.jpg","width":699,"height":699,"caption":"BRANN VBC4-2021-07-18-028"},{"@type":"BreadcrumbList","@id":"https:\/\/dev.eliassen.nl\/de\/adezz-fire-elements-gas-cortenstahl\/#breadcrumb","itemListElement":[{"@type":"ListItem","position":1,"name":"Home","item":"https:\/\/dev.eliassen.nl\/de\/"},{"@type":"ListItem","position":2,"name":"Shop","item":"https:\/\/dev.eliassen.nl\/nl\/winkel\/"},{"@type":"ListItem","position":3,"name":"Weitere Artikel","item":"https:\/\/dev.eliassen.nl\/de\/weitere-artikel\/"},{"@type":"ListItem","position":4,"name":"Terrassenkamine Feuerstellen","item":"https:\/\/dev.eliassen.nl\/de\/garten-andere\/terrassenkamine-feuerstellen\/"},{"@type":"ListItem","position":5,"name":"Adezz Fire Elements Gas-Cortenstahl"}]},{"@type":"WebSite","@id":"https:\/\/dev.eliassen.nl\/de\/#website","url":"https:\/\/dev.eliassen.nl\/de\/","name":"Eliassen Home & Garden Pleasure","description":"","publisher":{"@id":"https:\/\/dev.eliassen.nl\/de\/#organization"},"alternateName":"Eliassen.nl","potentialAction":[{"@type":"SearchAction","target":{"@type":"EntryPoint","urlTemplate":"https:\/\/dev.eliassen.nl\/de\/?s={search_term_string}"},"query-input":{"@type":"PropertyValueSpecification","valueRequired":true,"valueName":"search_term_string"}}],"inLanguage":"de"},{"@type":"Organization","@id":"https:\/\/dev.eliassen.nl\/de\/#organization","name":"Eliassen Home & Garden Pleasure","url":"https:\/\/dev.eliassen.nl\/de\/","logo":{"@type":"ImageObject","inLanguage":"de","@id":"https:\/\/dev.eliassen.nl\/de\/#\/schema\/logo\/image\/","url":"https:\/\/www.eliassen.nl\/wp-content\/uploads\/2024\/01\/logo_4nd.jpg","contentUrl":"https:\/\/www.eliassen.nl\/wp-content\/uploads\/2024\/01\/logo_4nd.jpg","width":500,"height":500,"caption":"Eliassen Home & Garden Pleasure"},"image":{"@id":"https:\/\/dev.eliassen.nl\/de\/#\/schema\/logo\/image\/"},"sameAs":["https:\/\/www.facebook.com\/TuincentrumEliassenAmmerzoden","https:\/\/www.instagram.com\/eliassenhomeandgarden\/","https:\/\/nl.pinterest.com\/eliassenhomeandgarden\/","https:\/\/www.youtube.com\/@eliassenhomegardenpleasure4558"]}]}},"df_price":559,"df_sale_price":"","df_regular_price":559,"df_image_link":"https:\/\/dev.eliassen.nl\/wp-content\/uploads\/2024\/01\/brannvbc420210718028.jpg","image":"https:\/\/dev.eliassen.nl\/wp-content\/uploads\/2024\/01\/brannvbc420210718028.jpg","price_search":"<span class=\"woocommerce-Price-amount amount\"><bdi><span class=\"woocommerce-Price-currencySymbol\">&euro;<\/span>&nbsp;559,00<\/bdi><\/span>","category":"Adezz-Produkte","_links":{"self":[{"href":"https:\/\/dev.eliassen.nl\/de\/wp-json\/wp\/v2\/product\/128791","targetHints":{"allow":["GET"]}}],"collection":[{"href":"https:\/\/dev.eliassen.nl\/de\/wp-json\/wp\/v2\/product"}],"about":[{"href":"https:\/\/dev.eliassen.nl\/de\/wp-json\/wp\/v2\/types\/product"}],"wp:featuredmedia":[{"embeddable":true,"href":"https:\/\/dev.eliassen.nl\/de\/wp-json\/wp\/v2\/media\/21304"}],"wp:attachment":[{"href":"https:\/\/dev.eliassen.nl\/de\/wp-json\/wp\/v2\/media?parent=128791"}],"wp:term":[{"taxonomy":"product_brand","embeddable":true,"href":"https:\/\/dev.eliassen.nl\/de\/wp-json\/wp\/v2\/product_brand?post=128791"},{"taxonomy":"product_cat","embeddable":true,"href":"https:\/\/dev.eliassen.nl\/de\/wp-json\/wp\/v2\/product_cat?post=128791"},{"taxonomy":"product_tag","embeddable":true,"href":"https:\/\/dev.eliassen.nl\/de\/wp-json\/wp\/v2\/product_tag?post=128791"}],"curies":[{"name":"wp","href":"https:\/\/api.w.org\/{rel}","templated":true}]}}