{"id":1288,"date":"2019-10-28T15:19:48","date_gmt":"2019-10-28T14:19:48","guid":{"rendered":"https:\/\/www.eliassen.nl\/?product=bronzedrachenbrunnen"},"modified":"2024-12-05T14:59:51","modified_gmt":"2024-12-05T13:59:51","slug":"brunnenstatue-bronzedrache","status":"publish","type":"product","link":"https:\/\/dev.eliassen.nl\/de\/product\/brunnenstatue-bronzedrache\/","title":{"rendered":"Brunnenstatue Bronzedrache"},"content":{"rendered":"<p>Wundersch\u00f6ne Statue\/Brunnen eines Drachens auf einem Felsen aus hochwertiger Bronze mit einem Kupfergehalt von mindestens 75 %, was eine sehr lange Lebensdauer garantiert.<br \/>Die meisten Statuen verf\u00fcgen an der Unterseite \u00fcber ein M8-Schraubgewinde, mit dem eine Statue beispielsweise an einer S\u00e4ule befestigt werden kann.<\/p>\n<ul>\n<li>Gr\u00f6\u00dfe: 63 x 50 x 40 cm.<\/li>\n<li>Kommt mit Zertifikat.<\/li>\n<li>Schnell geliefert <strong>.<\/strong><\/li>\n<li>30 Jahre Garantie.<\/li>\n<li><strong>Viele dieser Bronzestatuenserien k\u00f6nnen auch live in unserem Shop besichtigt werden.<\/strong><\/li>\n<\/ul>\n<p>Dieses Objekt kann auch am Teichrand, in einem Teich oder einfach auf einem Wasserbeh\u00e4lter, den Sie vergraben, platziert werden. Es verleiht Ihrem Garten mehr Dimension und bietet einen robusten Bronze-Look, der noch viele Jahre lang Freude bereiten wird.<\/p>\n<p>Hinweise zu weiteren Anforderungen:<\/p>\n<p>Wassernapf: 60 cm<br \/>Gitter-\/Deckelgr\u00f6\u00dfe: Deckel 60 cm<br \/>Pumpenkapazit\u00e4t: 1000 ltr<br \/>Schlauchgr\u00f6\u00dfe: 1\/2 Zoll<br \/>Steuerventil: ja<\/p>\n<h2 id=\"springaa8\" class=\"article-h2\">Drachen<\/h2>\n<p>Wir alle kennen Drachen \u2013 nur wissen wir nicht genau, woher sie kommen. Diese riesigen, schlangen\u00e4hnlichen, gefl\u00fcgelten Monster sind in der mythologischen \u00dcberlieferung der Welt so allgegenw\u00e4rtig, dass einige Kulturen glauben, dass sie wie Dinosaurier einst eine echte Spezies waren, aber ausgestorben sind. Ein Drache kann alles sein, von der Bewachung oder dem Schutz seines Herrn oder seiner Stadt mit der F\u00e4higkeit, Feuer zu spucken, bis hin zur Vermittlung von Weisheit und dem L\u00f6sen von R\u00e4tseln.<\/p>\n<p>Es ist interessant zu sehen, wie sich ein Fabelwesen in der europ\u00e4ischen Folklore und in der chinesischen Mythologie so \u00e4hnlich entwickelte.<\/p>\n","protected":false},"excerpt":{"rendered":"<p>Brunnen Drache Bronze<\/p>\n","protected":false},"featured_media":1282,"template":"","meta":{"_acf_changed":false},"product_brand":[6916],"product_cat":[593,613,590,635,536,7239],"product_tag":[],"class_list":{"0":"post-1288","1":"product","2":"type-product","3":"status-publish","4":"has-post-thumbnail","6":"product_brand-eliassen-de","7":"product_cat-bronzebrunnen","8":"product_cat-bronzestatuen","9":"product_cat-sprayfiguren-bronze","10":"product_cat-tierstatuen-aus-bronze","11":"product_cat-wassereigenschaften","12":"product_cat-statuen-skulpturen","14":"first","15":"onbackorder","16":"taxable","17":"shipping-taxable","18":"purchasable","19":"product-type-simple"},"acf":[],"yoast_head":"<!-- This site is optimized with the Yoast SEO plugin v23.8 - https:\/\/yoast.com\/wordpress\/plugins\/seo\/ -->\n<title>Brunnenstatue Bronze Drache | Eliassen<\/title>\n<meta name=\"description\" content=\"Bei Eliassen k\u00f6nnen Sie eine bronzene Drachenbrunnenstatue online kaufen oder sie live im Ausstellungsraum besichtigen. Wir haben die sch\u00f6nsten Wasserspiele,...\" \/>\n<meta name=\"robots\" content=\"noindex, follow, max-snippet:-1, max-image-preview:large, max-video-preview:-1\" \/>\n<meta property=\"og:locale\" content=\"de_DE\" \/>\n<meta property=\"og:type\" content=\"article\" \/>\n<meta property=\"og:title\" content=\"Brunnenstatue Bronze Drache | Eliassen\" \/>\n<meta property=\"og:description\" content=\"Bei Eliassen k\u00f6nnen Sie eine bronzene Drachenbrunnenstatue online kaufen oder sie live im Ausstellungsraum besichtigen. Wir haben die sch\u00f6nsten Wasserspiele,...\" \/>\n<meta property=\"og:url\" content=\"https:\/\/dev.eliassen.nl\/de\/product\/brunnenstatue-bronzedrache\/\" \/>\n<meta property=\"og:site_name\" content=\"Eliassen.nl\" \/>\n<meta property=\"article:publisher\" content=\"https:\/\/www.facebook.com\/TuincentrumEliassenAmmerzoden\" \/>\n<meta property=\"article:modified_time\" content=\"2024-12-05T13:59:51+00:00\" \/>\n<meta property=\"og:image\" content=\"https:\/\/dev.eliassen.nl\/wp-content\/uploads\/2024\/01\/fonteinbeeldbronsdraakeliassennl.jpg\" \/>\n\t<meta property=\"og:image:width\" content=\"536\" \/>\n\t<meta property=\"og:image:height\" content=\"604\" \/>\n\t<meta property=\"og:image:type\" content=\"image\/jpeg\" \/>\n<meta name=\"twitter:card\" content=\"summary_large_image\" \/>\n<script type=\"application\/ld+json\" class=\"yoast-schema-graph\">{\"@context\":\"https:\/\/schema.org\",\"@graph\":[{\"@type\":\"WebPage\",\"@id\":\"https:\/\/dev.eliassen.nl\/de\/product\/brunnenstatue-bronzedrache\/\",\"url\":\"https:\/\/dev.eliassen.nl\/de\/product\/brunnenstatue-bronzedrache\/\",\"name\":\"Brunnenstatue Bronze Drache | Eliassen\",\"isPartOf\":{\"@id\":\"https:\/\/dev.eliassen.nl\/de\/#website\"},\"primaryImageOfPage\":{\"@id\":\"https:\/\/dev.eliassen.nl\/de\/product\/brunnenstatue-bronzedrache\/#primaryimage\"},\"image\":{\"@id\":\"https:\/\/dev.eliassen.nl\/de\/product\/brunnenstatue-bronzedrache\/#primaryimage\"},\"thumbnailUrl\":\"https:\/\/dev.eliassen.nl\/wp-content\/uploads\/2024\/01\/fonteinbeeldbronsdraakeliassennl.jpg\",\"datePublished\":\"2019-10-28T14:19:48+00:00\",\"dateModified\":\"2024-12-05T13:59:51+00:00\",\"description\":\"Bei Eliassen k\u00f6nnen Sie eine bronzene Drachenbrunnenstatue online kaufen oder sie live im Ausstellungsraum besichtigen. Wir haben die sch\u00f6nsten Wasserspiele,...\",\"breadcrumb\":{\"@id\":\"https:\/\/dev.eliassen.nl\/de\/product\/brunnenstatue-bronzedrache\/#breadcrumb\"},\"inLanguage\":\"de\",\"potentialAction\":[{\"@type\":\"ReadAction\",\"target\":[\"https:\/\/dev.eliassen.nl\/de\/product\/brunnenstatue-bronzedrache\/\"]}]},{\"@type\":\"ImageObject\",\"inLanguage\":\"de\",\"@id\":\"https:\/\/dev.eliassen.nl\/de\/product\/brunnenstatue-bronzedrache\/#primaryimage\",\"url\":\"https:\/\/dev.eliassen.nl\/wp-content\/uploads\/2024\/01\/fonteinbeeldbronsdraakeliassennl.jpg\",\"contentUrl\":\"https:\/\/dev.eliassen.nl\/wp-content\/uploads\/2024\/01\/fonteinbeeldbronsdraakeliassennl.jpg\",\"width\":536,\"height\":604,\"caption\":\"Fontein beeld brons draak - Eliassen.nl\"},{\"@type\":\"BreadcrumbList\",\"@id\":\"https:\/\/dev.eliassen.nl\/de\/product\/brunnenstatue-bronzedrache\/#breadcrumb\",\"itemListElement\":[{\"@type\":\"ListItem\",\"position\":1,\"name\":\"Home\",\"item\":\"https:\/\/dev.eliassen.nl\/de\/\"},{\"@type\":\"ListItem\",\"position\":2,\"name\":\"Shop\",\"item\":\"https:\/\/dev.eliassen.nl\/nl\/winkel\/\"},{\"@type\":\"ListItem\",\"position\":3,\"name\":\"Wasserspiele\",\"item\":\"https:\/\/dev.eliassen.nl\/de\/wassereigenschaften\/\"},{\"@type\":\"ListItem\",\"position\":4,\"name\":\"Bronzebrunnen\",\"item\":\"https:\/\/dev.eliassen.nl\/de\/wassereigenschaften\/bronzebrunnen\/\"},{\"@type\":\"ListItem\",\"position\":5,\"name\":\"Brunnenstatue Bronzedrache\"}]},{\"@type\":\"WebSite\",\"@id\":\"https:\/\/dev.eliassen.nl\/de\/#website\",\"url\":\"https:\/\/dev.eliassen.nl\/de\/\",\"name\":\"Eliassen Home & Garden Pleasure\",\"description\":\"\",\"publisher\":{\"@id\":\"https:\/\/dev.eliassen.nl\/de\/#organization\"},\"alternateName\":\"Eliassen.nl\",\"potentialAction\":[{\"@type\":\"SearchAction\",\"target\":{\"@type\":\"EntryPoint\",\"urlTemplate\":\"https:\/\/dev.eliassen.nl\/de\/?s={search_term_string}\"},\"query-input\":{\"@type\":\"PropertyValueSpecification\",\"valueRequired\":true,\"valueName\":\"search_term_string\"}}],\"inLanguage\":\"de\"},{\"@type\":\"Organization\",\"@id\":\"https:\/\/dev.eliassen.nl\/de\/#organization\",\"name\":\"Eliassen Home & Garden Pleasure\",\"url\":\"https:\/\/dev.eliassen.nl\/de\/\",\"logo\":{\"@type\":\"ImageObject\",\"inLanguage\":\"de\",\"@id\":\"https:\/\/dev.eliassen.nl\/de\/#\/schema\/logo\/image\/\",\"url\":\"https:\/\/www.eliassen.nl\/wp-content\/uploads\/2024\/01\/logo_4nd.jpg\",\"contentUrl\":\"https:\/\/www.eliassen.nl\/wp-content\/uploads\/2024\/01\/logo_4nd.jpg\",\"width\":500,\"height\":500,\"caption\":\"Eliassen Home & Garden Pleasure\"},\"image\":{\"@id\":\"https:\/\/dev.eliassen.nl\/de\/#\/schema\/logo\/image\/\"},\"sameAs\":[\"https:\/\/www.facebook.com\/TuincentrumEliassenAmmerzoden\",\"https:\/\/www.instagram.com\/eliassenhomeandgarden\/\",\"https:\/\/nl.pinterest.com\/eliassenhomeandgarden\/\",\"https:\/\/www.youtube.com\/@eliassenhomegardenpleasure4558\"]}]}<\/script>\n<!-- \/ Yoast SEO plugin. -->","yoast_head_json":{"title":"Brunnenstatue Bronze Drache | Eliassen","description":"Bei Eliassen k\u00f6nnen Sie eine bronzene Drachenbrunnenstatue online kaufen oder sie live im Ausstellungsraum besichtigen. Wir haben die sch\u00f6nsten Wasserspiele,...","robots":{"index":"noindex","follow":"follow","max-snippet":"max-snippet:-1","max-image-preview":"max-image-preview:large","max-video-preview":"max-video-preview:-1"},"og_locale":"de_DE","og_type":"article","og_title":"Brunnenstatue Bronze Drache | Eliassen","og_description":"Bei Eliassen k\u00f6nnen Sie eine bronzene Drachenbrunnenstatue online kaufen oder sie live im Ausstellungsraum besichtigen. Wir haben die sch\u00f6nsten Wasserspiele,...","og_url":"https:\/\/dev.eliassen.nl\/de\/product\/brunnenstatue-bronzedrache\/","og_site_name":"Eliassen.nl","article_publisher":"https:\/\/www.facebook.com\/TuincentrumEliassenAmmerzoden","article_modified_time":"2024-12-05T13:59:51+00:00","og_image":[{"width":536,"height":604,"url":"https:\/\/dev.eliassen.nl\/wp-content\/uploads\/2024\/01\/fonteinbeeldbronsdraakeliassennl.jpg","type":"image\/jpeg"}],"twitter_card":"summary_large_image","schema":{"@context":"https:\/\/schema.org","@graph":[{"@type":"WebPage","@id":"https:\/\/dev.eliassen.nl\/de\/product\/brunnenstatue-bronzedrache\/","url":"https:\/\/dev.eliassen.nl\/de\/product\/brunnenstatue-bronzedrache\/","name":"Brunnenstatue Bronze Drache | Eliassen","isPartOf":{"@id":"https:\/\/dev.eliassen.nl\/de\/#website"},"primaryImageOfPage":{"@id":"https:\/\/dev.eliassen.nl\/de\/product\/brunnenstatue-bronzedrache\/#primaryimage"},"image":{"@id":"https:\/\/dev.eliassen.nl\/de\/product\/brunnenstatue-bronzedrache\/#primaryimage"},"thumbnailUrl":"https:\/\/dev.eliassen.nl\/wp-content\/uploads\/2024\/01\/fonteinbeeldbronsdraakeliassennl.jpg","datePublished":"2019-10-28T14:19:48+00:00","dateModified":"2024-12-05T13:59:51+00:00","description":"Bei Eliassen k\u00f6nnen Sie eine bronzene Drachenbrunnenstatue online kaufen oder sie live im Ausstellungsraum besichtigen. Wir haben die sch\u00f6nsten Wasserspiele,...","breadcrumb":{"@id":"https:\/\/dev.eliassen.nl\/de\/product\/brunnenstatue-bronzedrache\/#breadcrumb"},"inLanguage":"de","potentialAction":[{"@type":"ReadAction","target":["https:\/\/dev.eliassen.nl\/de\/product\/brunnenstatue-bronzedrache\/"]}]},{"@type":"ImageObject","inLanguage":"de","@id":"https:\/\/dev.eliassen.nl\/de\/product\/brunnenstatue-bronzedrache\/#primaryimage","url":"https:\/\/dev.eliassen.nl\/wp-content\/uploads\/2024\/01\/fonteinbeeldbronsdraakeliassennl.jpg","contentUrl":"https:\/\/dev.eliassen.nl\/wp-content\/uploads\/2024\/01\/fonteinbeeldbronsdraakeliassennl.jpg","width":536,"height":604,"caption":"Fontein beeld brons draak - Eliassen.nl"},{"@type":"BreadcrumbList","@id":"https:\/\/dev.eliassen.nl\/de\/product\/brunnenstatue-bronzedrache\/#breadcrumb","itemListElement":[{"@type":"ListItem","position":1,"name":"Home","item":"https:\/\/dev.eliassen.nl\/de\/"},{"@type":"ListItem","position":2,"name":"Shop","item":"https:\/\/dev.eliassen.nl\/nl\/winkel\/"},{"@type":"ListItem","position":3,"name":"Wasserspiele","item":"https:\/\/dev.eliassen.nl\/de\/wassereigenschaften\/"},{"@type":"ListItem","position":4,"name":"Bronzebrunnen","item":"https:\/\/dev.eliassen.nl\/de\/wassereigenschaften\/bronzebrunnen\/"},{"@type":"ListItem","position":5,"name":"Brunnenstatue Bronzedrache"}]},{"@type":"WebSite","@id":"https:\/\/dev.eliassen.nl\/de\/#website","url":"https:\/\/dev.eliassen.nl\/de\/","name":"Eliassen Home & Garden Pleasure","description":"","publisher":{"@id":"https:\/\/dev.eliassen.nl\/de\/#organization"},"alternateName":"Eliassen.nl","potentialAction":[{"@type":"SearchAction","target":{"@type":"EntryPoint","urlTemplate":"https:\/\/dev.eliassen.nl\/de\/?s={search_term_string}"},"query-input":{"@type":"PropertyValueSpecification","valueRequired":true,"valueName":"search_term_string"}}],"inLanguage":"de"},{"@type":"Organization","@id":"https:\/\/dev.eliassen.nl\/de\/#organization","name":"Eliassen Home & Garden Pleasure","url":"https:\/\/dev.eliassen.nl\/de\/","logo":{"@type":"ImageObject","inLanguage":"de","@id":"https:\/\/dev.eliassen.nl\/de\/#\/schema\/logo\/image\/","url":"https:\/\/www.eliassen.nl\/wp-content\/uploads\/2024\/01\/logo_4nd.jpg","contentUrl":"https:\/\/www.eliassen.nl\/wp-content\/uploads\/2024\/01\/logo_4nd.jpg","width":500,"height":500,"caption":"Eliassen Home & Garden Pleasure"},"image":{"@id":"https:\/\/dev.eliassen.nl\/de\/#\/schema\/logo\/image\/"},"sameAs":["https:\/\/www.facebook.com\/TuincentrumEliassenAmmerzoden","https:\/\/www.instagram.com\/eliassenhomeandgarden\/","https:\/\/nl.pinterest.com\/eliassenhomeandgarden\/","https:\/\/www.youtube.com\/@eliassenhomegardenpleasure4558"]}]}},"df_price":621,"df_sale_price":"","df_regular_price":621,"df_image_link":"https:\/\/dev.eliassen.nl\/wp-content\/uploads\/2024\/01\/fonteinbeeldbronsdraakeliassennl.jpg","image":"https:\/\/dev.eliassen.nl\/wp-content\/uploads\/2024\/01\/fonteinbeeldbronsdraakeliassennl.jpg","price_search":"<span class=\"woocommerce-Price-amount amount\"><bdi><span class=\"woocommerce-Price-currencySymbol\">&euro;<\/span>&nbsp;621,00<\/bdi><\/span>","category":"Bronzebrunnen","_links":{"self":[{"href":"https:\/\/dev.eliassen.nl\/de\/wp-json\/wp\/v2\/product\/1288","targetHints":{"allow":["GET"]}}],"collection":[{"href":"https:\/\/dev.eliassen.nl\/de\/wp-json\/wp\/v2\/product"}],"about":[{"href":"https:\/\/dev.eliassen.nl\/de\/wp-json\/wp\/v2\/types\/product"}],"wp:featuredmedia":[{"embeddable":true,"href":"https:\/\/dev.eliassen.nl\/de\/wp-json\/wp\/v2\/media\/1282"}],"wp:attachment":[{"href":"https:\/\/dev.eliassen.nl\/de\/wp-json\/wp\/v2\/media?parent=1288"}],"wp:term":[{"taxonomy":"product_brand","embeddable":true,"href":"https:\/\/dev.eliassen.nl\/de\/wp-json\/wp\/v2\/product_brand?post=1288"},{"taxonomy":"product_cat","embeddable":true,"href":"https:\/\/dev.eliassen.nl\/de\/wp-json\/wp\/v2\/product_cat?post=1288"},{"taxonomy":"product_tag","embeddable":true,"href":"https:\/\/dev.eliassen.nl\/de\/wp-json\/wp\/v2\/product_tag?post=1288"}],"curies":[{"name":"wp","href":"https:\/\/api.w.org\/{rel}","templated":true}]}}