{"id":128812,"date":"2021-02-17T13:39:12","date_gmt":"2021-02-17T13:39:12","guid":{"rendered":"https:\/\/www.eliassen.nl\/?product=waterornament-lamio-zuilen-in-verschillende-maten"},"modified":"2023-11-22T16:09:07","modified_gmt":"2023-11-22T16:09:07","slug":"lamio-wassersaulen-in-4-grossen","status":"publish","type":"product","link":"https:\/\/dev.eliassen.nl\/de\/lamio-wassersaulen-in-4-grossen\/","title":{"rendered":"Lamio-Wassers\u00e4ulen in 4 Gr\u00f6\u00dfen"},"content":{"rendered":"<p><video controls=\"controls\" width=\"500\" height=\"250\"><source src=\"https:\/\/cdn.webshopapp.com\/shops\/289658\/files\/444295061\/waterzuilen-lamio-in-4-maten-eliassennl.mp4\" type=\"video\/mp4\" \/><\/video><\/p>\n<p><strong>Dies ist ein separates Ornament. Bitte erkundigen Sie sich nach weiteren ben\u00f6tigten Teilen.<\/strong><\/p>\n<p>Gro\u00dfe und dicke Wassers\u00e4ulen, selbst hergestellt und entwickelt, nirgendwo anders erh\u00e4ltlich! Die polierten Oberfl\u00e4chen aus (teilweise) poliertem Granit sind ungleichm\u00e4\u00dfig versetzt und bleiben sch\u00f6n, im Gegensatz zu Blaustein, der gewartet werden muss.<\/p>\n<p>In den S\u00e4ulen kann eine LED-Leuchte angebracht werden, aber ein auf das pl\u00e4tschernde Wasser gerichteter Scheinwerfer sorgt f\u00fcr ein viel sch\u00f6neres Bild. Diese Hohls\u00e4ulen haben eine Dicke von 25 x 25 cm und sind in den H\u00f6hen 80, 100 und mindestens 120 cm erh\u00e4ltlich. Auch f\u00fcr gr\u00f6\u00dfere G\u00e4rten oder sch\u00f6n platziert auf dem Firmengel\u00e4nde geeignet. Kann auch als sehr gro\u00dfes 3-teiliges Set aufgebaut werden. Die Farbe kann vom Foto abweichen.<\/p>\n<ul>\n<li>Granit<\/li>\n<li>Bleibt sch\u00f6n<\/li>\n<li>In 80, 100 und 120 cm H\u00f6he<\/li>\n<li>Sehr einzigartiges Design, nur bei uns erh\u00e4ltlich.<\/li>\n<\/ul>\n<p>Haben Sie Fragen zu diesem Artikel oder ben\u00f6tigen Sie Ratschl\u00e4ge, wie Sie dieses Modell mit allen anderen Notwendigkeiten erg\u00e4nzen k\u00f6nnen? Sie k\u00f6nnen uns gerne kontaktieren.<\/p>\n","protected":false},"excerpt":{"rendered":"<p>Dies ist ein separates Ornament. Bitte erkundigen Sie sich nach weiteren ben\u00f6tigten Teilen.<\/p>\n","protected":false},"featured_media":26623,"template":"","meta":{"_acf_changed":false},"product_brand":[],"product_cat":[539,551,536],"product_tag":[],"class_list":{"0":"post-128812","1":"product","2":"type-product","3":"status-publish","4":"has-post-thumbnail","6":"product_cat-einzigartige-eigene-modelle-von-losen-wasserspiele","7":"product_cat-lose-wasserspiele","8":"product_cat-wassereigenschaften","10":"first","11":"instock","12":"taxable","13":"shipping-taxable","14":"purchasable","15":"product-type-variable"},"acf":[],"yoast_head":"<!-- This site is optimized with the Yoast SEO plugin v23.8 - https:\/\/yoast.com\/wordpress\/plugins\/seo\/ -->\n<title>Lamio Wassers\u00e4ule in 3 Gr\u00f6\u00dfen | Einzigartiges Design! | Eliassen.nl<\/title>\n<meta name=\"description\" content=\"Wassers\u00e4ulen, auch als 3er-Set erh\u00e4ltlich. Sehr einzigartiges Design und nur bei uns erh\u00e4ltlich! Sehen Sie sich \u00fcber 300 Wasserspiele LIVE in unserem Showroo...\" \/>\n<meta name=\"robots\" content=\"noindex, follow, max-snippet:-1, max-image-preview:large, max-video-preview:-1\" \/>\n<meta property=\"og:locale\" content=\"de_DE\" \/>\n<meta property=\"og:type\" content=\"article\" \/>\n<meta property=\"og:title\" content=\"Lamio Wassers\u00e4ule in 3 Gr\u00f6\u00dfen | Einzigartiges Design! | Eliassen.nl\" \/>\n<meta property=\"og:description\" content=\"Wassers\u00e4ulen, auch als 3er-Set erh\u00e4ltlich. Sehr einzigartiges Design und nur bei uns erh\u00e4ltlich! Sehen Sie sich \u00fcber 300 Wasserspiele LIVE in unserem Showroo...\" \/>\n<meta property=\"og:url\" content=\"https:\/\/dev.eliassen.nl\/de\/lamio-wassersaulen-in-4-grossen\/\" \/>\n<meta property=\"og:site_name\" content=\"Eliassen.nl\" \/>\n<meta property=\"article:publisher\" content=\"https:\/\/www.facebook.com\/TuincentrumEliassenAmmerzoden\" \/>\n<meta property=\"article:modified_time\" content=\"2023-11-22T16:09:07+00:00\" \/>\n<meta property=\"og:image\" content=\"https:\/\/dev.eliassen.nl\/wp-content\/uploads\/2024\/01\/waterzuilmetledverlichtingeliassennl.jpg\" \/>\n\t<meta property=\"og:image:width\" content=\"2048\" \/>\n\t<meta property=\"og:image:height\" content=\"2048\" \/>\n\t<meta property=\"og:image:type\" content=\"image\/jpeg\" \/>\n<meta name=\"twitter:card\" content=\"summary_large_image\" \/>\n<script type=\"application\/ld+json\" class=\"yoast-schema-graph\">{\"@context\":\"https:\/\/schema.org\",\"@graph\":[{\"@type\":\"WebPage\",\"@id\":\"https:\/\/dev.eliassen.nl\/de\/lamio-wassersaulen-in-4-grossen\/\",\"url\":\"https:\/\/dev.eliassen.nl\/de\/lamio-wassersaulen-in-4-grossen\/\",\"name\":\"Lamio Wassers\u00e4ule in 3 Gr\u00f6\u00dfen | Einzigartiges Design! | Eliassen.nl\",\"isPartOf\":{\"@id\":\"https:\/\/dev.eliassen.nl\/de\/#website\"},\"primaryImageOfPage\":{\"@id\":\"https:\/\/dev.eliassen.nl\/de\/lamio-wassersaulen-in-4-grossen\/#primaryimage\"},\"image\":{\"@id\":\"https:\/\/dev.eliassen.nl\/de\/lamio-wassersaulen-in-4-grossen\/#primaryimage\"},\"thumbnailUrl\":\"https:\/\/dev.eliassen.nl\/wp-content\/uploads\/2024\/01\/waterzuilmetledverlichtingeliassennl.jpg\",\"datePublished\":\"2021-02-17T13:39:12+00:00\",\"dateModified\":\"2023-11-22T16:09:07+00:00\",\"description\":\"Wassers\u00e4ulen, auch als 3er-Set erh\u00e4ltlich. Sehr einzigartiges Design und nur bei uns erh\u00e4ltlich! Sehen Sie sich \u00fcber 300 Wasserspiele LIVE in unserem Showroo...\",\"breadcrumb\":{\"@id\":\"https:\/\/dev.eliassen.nl\/de\/lamio-wassersaulen-in-4-grossen\/#breadcrumb\"},\"inLanguage\":\"de\",\"potentialAction\":[{\"@type\":\"ReadAction\",\"target\":[\"https:\/\/dev.eliassen.nl\/de\/lamio-wassersaulen-in-4-grossen\/\"]}]},{\"@type\":\"ImageObject\",\"inLanguage\":\"de\",\"@id\":\"https:\/\/dev.eliassen.nl\/de\/lamio-wassersaulen-in-4-grossen\/#primaryimage\",\"url\":\"https:\/\/dev.eliassen.nl\/wp-content\/uploads\/2024\/01\/waterzuilmetledverlichtingeliassennl.jpg\",\"contentUrl\":\"https:\/\/dev.eliassen.nl\/wp-content\/uploads\/2024\/01\/waterzuilmetledverlichtingeliassennl.jpg\",\"width\":2048,\"height\":2048,\"caption\":\"Waterzuil met ledverlichting - Eliassen.nl\"},{\"@type\":\"BreadcrumbList\",\"@id\":\"https:\/\/dev.eliassen.nl\/de\/lamio-wassersaulen-in-4-grossen\/#breadcrumb\",\"itemListElement\":[{\"@type\":\"ListItem\",\"position\":1,\"name\":\"Home\",\"item\":\"https:\/\/dev.eliassen.nl\/de\/\"},{\"@type\":\"ListItem\",\"position\":2,\"name\":\"Shop\",\"item\":\"https:\/\/dev.eliassen.nl\/nl\/winkel\/\"},{\"@type\":\"ListItem\",\"position\":3,\"name\":\"Wasserspiele\",\"item\":\"https:\/\/dev.eliassen.nl\/de\/wassereigenschaften\/\"},{\"@type\":\"ListItem\",\"position\":4,\"name\":\"Einzigartige eigene Modelle von losen Wasserspielen\",\"item\":\"https:\/\/dev.eliassen.nl\/de\/wassereigenschaften\/einzigartige-eigene-modelle-von-losen-wasserspiele\/\"},{\"@type\":\"ListItem\",\"position\":5,\"name\":\"Lamio-Wassers\u00e4ulen in 4 Gr\u00f6\u00dfen\"}]},{\"@type\":\"WebSite\",\"@id\":\"https:\/\/dev.eliassen.nl\/de\/#website\",\"url\":\"https:\/\/dev.eliassen.nl\/de\/\",\"name\":\"Eliassen Home & Garden Pleasure\",\"description\":\"\",\"publisher\":{\"@id\":\"https:\/\/dev.eliassen.nl\/de\/#organization\"},\"alternateName\":\"Eliassen.nl\",\"potentialAction\":[{\"@type\":\"SearchAction\",\"target\":{\"@type\":\"EntryPoint\",\"urlTemplate\":\"https:\/\/dev.eliassen.nl\/de\/?s={search_term_string}\"},\"query-input\":{\"@type\":\"PropertyValueSpecification\",\"valueRequired\":true,\"valueName\":\"search_term_string\"}}],\"inLanguage\":\"de\"},{\"@type\":\"Organization\",\"@id\":\"https:\/\/dev.eliassen.nl\/de\/#organization\",\"name\":\"Eliassen Home & Garden Pleasure\",\"url\":\"https:\/\/dev.eliassen.nl\/de\/\",\"logo\":{\"@type\":\"ImageObject\",\"inLanguage\":\"de\",\"@id\":\"https:\/\/dev.eliassen.nl\/de\/#\/schema\/logo\/image\/\",\"url\":\"https:\/\/www.eliassen.nl\/wp-content\/uploads\/2024\/01\/logo_4nd.jpg\",\"contentUrl\":\"https:\/\/www.eliassen.nl\/wp-content\/uploads\/2024\/01\/logo_4nd.jpg\",\"width\":500,\"height\":500,\"caption\":\"Eliassen Home & Garden Pleasure\"},\"image\":{\"@id\":\"https:\/\/dev.eliassen.nl\/de\/#\/schema\/logo\/image\/\"},\"sameAs\":[\"https:\/\/www.facebook.com\/TuincentrumEliassenAmmerzoden\",\"https:\/\/www.instagram.com\/eliassenhomeandgarden\/\",\"https:\/\/nl.pinterest.com\/eliassenhomeandgarden\/\",\"https:\/\/www.youtube.com\/@eliassenhomegardenpleasure4558\"]}]}<\/script>\n<!-- \/ Yoast SEO plugin. -->","yoast_head_json":{"title":"Lamio Wassers\u00e4ule in 3 Gr\u00f6\u00dfen | Einzigartiges Design! | Eliassen.nl","description":"Wassers\u00e4ulen, auch als 3er-Set erh\u00e4ltlich. Sehr einzigartiges Design und nur bei uns erh\u00e4ltlich! Sehen Sie sich \u00fcber 300 Wasserspiele LIVE in unserem Showroo...","robots":{"index":"noindex","follow":"follow","max-snippet":"max-snippet:-1","max-image-preview":"max-image-preview:large","max-video-preview":"max-video-preview:-1"},"og_locale":"de_DE","og_type":"article","og_title":"Lamio Wassers\u00e4ule in 3 Gr\u00f6\u00dfen | Einzigartiges Design! | Eliassen.nl","og_description":"Wassers\u00e4ulen, auch als 3er-Set erh\u00e4ltlich. Sehr einzigartiges Design und nur bei uns erh\u00e4ltlich! Sehen Sie sich \u00fcber 300 Wasserspiele LIVE in unserem Showroo...","og_url":"https:\/\/dev.eliassen.nl\/de\/lamio-wassersaulen-in-4-grossen\/","og_site_name":"Eliassen.nl","article_publisher":"https:\/\/www.facebook.com\/TuincentrumEliassenAmmerzoden","article_modified_time":"2023-11-22T16:09:07+00:00","og_image":[{"width":2048,"height":2048,"url":"https:\/\/dev.eliassen.nl\/wp-content\/uploads\/2024\/01\/waterzuilmetledverlichtingeliassennl.jpg","type":"image\/jpeg"}],"twitter_card":"summary_large_image","schema":{"@context":"https:\/\/schema.org","@graph":[{"@type":"WebPage","@id":"https:\/\/dev.eliassen.nl\/de\/lamio-wassersaulen-in-4-grossen\/","url":"https:\/\/dev.eliassen.nl\/de\/lamio-wassersaulen-in-4-grossen\/","name":"Lamio Wassers\u00e4ule in 3 Gr\u00f6\u00dfen | Einzigartiges Design! | Eliassen.nl","isPartOf":{"@id":"https:\/\/dev.eliassen.nl\/de\/#website"},"primaryImageOfPage":{"@id":"https:\/\/dev.eliassen.nl\/de\/lamio-wassersaulen-in-4-grossen\/#primaryimage"},"image":{"@id":"https:\/\/dev.eliassen.nl\/de\/lamio-wassersaulen-in-4-grossen\/#primaryimage"},"thumbnailUrl":"https:\/\/dev.eliassen.nl\/wp-content\/uploads\/2024\/01\/waterzuilmetledverlichtingeliassennl.jpg","datePublished":"2021-02-17T13:39:12+00:00","dateModified":"2023-11-22T16:09:07+00:00","description":"Wassers\u00e4ulen, auch als 3er-Set erh\u00e4ltlich. Sehr einzigartiges Design und nur bei uns erh\u00e4ltlich! Sehen Sie sich \u00fcber 300 Wasserspiele LIVE in unserem Showroo...","breadcrumb":{"@id":"https:\/\/dev.eliassen.nl\/de\/lamio-wassersaulen-in-4-grossen\/#breadcrumb"},"inLanguage":"de","potentialAction":[{"@type":"ReadAction","target":["https:\/\/dev.eliassen.nl\/de\/lamio-wassersaulen-in-4-grossen\/"]}]},{"@type":"ImageObject","inLanguage":"de","@id":"https:\/\/dev.eliassen.nl\/de\/lamio-wassersaulen-in-4-grossen\/#primaryimage","url":"https:\/\/dev.eliassen.nl\/wp-content\/uploads\/2024\/01\/waterzuilmetledverlichtingeliassennl.jpg","contentUrl":"https:\/\/dev.eliassen.nl\/wp-content\/uploads\/2024\/01\/waterzuilmetledverlichtingeliassennl.jpg","width":2048,"height":2048,"caption":"Waterzuil met ledverlichting - Eliassen.nl"},{"@type":"BreadcrumbList","@id":"https:\/\/dev.eliassen.nl\/de\/lamio-wassersaulen-in-4-grossen\/#breadcrumb","itemListElement":[{"@type":"ListItem","position":1,"name":"Home","item":"https:\/\/dev.eliassen.nl\/de\/"},{"@type":"ListItem","position":2,"name":"Shop","item":"https:\/\/dev.eliassen.nl\/nl\/winkel\/"},{"@type":"ListItem","position":3,"name":"Wasserspiele","item":"https:\/\/dev.eliassen.nl\/de\/wassereigenschaften\/"},{"@type":"ListItem","position":4,"name":"Einzigartige eigene Modelle von losen Wasserspielen","item":"https:\/\/dev.eliassen.nl\/de\/wassereigenschaften\/einzigartige-eigene-modelle-von-losen-wasserspiele\/"},{"@type":"ListItem","position":5,"name":"Lamio-Wassers\u00e4ulen in 4 Gr\u00f6\u00dfen"}]},{"@type":"WebSite","@id":"https:\/\/dev.eliassen.nl\/de\/#website","url":"https:\/\/dev.eliassen.nl\/de\/","name":"Eliassen Home & Garden Pleasure","description":"","publisher":{"@id":"https:\/\/dev.eliassen.nl\/de\/#organization"},"alternateName":"Eliassen.nl","potentialAction":[{"@type":"SearchAction","target":{"@type":"EntryPoint","urlTemplate":"https:\/\/dev.eliassen.nl\/de\/?s={search_term_string}"},"query-input":{"@type":"PropertyValueSpecification","valueRequired":true,"valueName":"search_term_string"}}],"inLanguage":"de"},{"@type":"Organization","@id":"https:\/\/dev.eliassen.nl\/de\/#organization","name":"Eliassen Home & Garden Pleasure","url":"https:\/\/dev.eliassen.nl\/de\/","logo":{"@type":"ImageObject","inLanguage":"de","@id":"https:\/\/dev.eliassen.nl\/de\/#\/schema\/logo\/image\/","url":"https:\/\/www.eliassen.nl\/wp-content\/uploads\/2024\/01\/logo_4nd.jpg","contentUrl":"https:\/\/www.eliassen.nl\/wp-content\/uploads\/2024\/01\/logo_4nd.jpg","width":500,"height":500,"caption":"Eliassen Home & Garden Pleasure"},"image":{"@id":"https:\/\/dev.eliassen.nl\/de\/#\/schema\/logo\/image\/"},"sameAs":["https:\/\/www.facebook.com\/TuincentrumEliassenAmmerzoden","https:\/\/www.instagram.com\/eliassenhomeandgarden\/","https:\/\/nl.pinterest.com\/eliassenhomeandgarden\/","https:\/\/www.youtube.com\/@eliassenhomegardenpleasure4558"]}]}},"df_price":190,"df_sale_price":"","df_regular_price":190,"df_image_link":"https:\/\/dev.eliassen.nl\/wp-content\/uploads\/2024\/01\/waterzuilmetledverlichtingeliassennl.jpg","image":"https:\/\/dev.eliassen.nl\/wp-content\/uploads\/2024\/01\/waterzuilmetledverlichtingeliassennl.jpg","price_search":"<span class=\"woocommerce-Price-amount amount\"><bdi><span class=\"woocommerce-Price-currencySymbol\">&euro;<\/span>&nbsp;190,00<\/bdi><\/span>","category":"Einzigartige eigene Modelle von losen Wasserspielen","_links":{"self":[{"href":"https:\/\/dev.eliassen.nl\/de\/wp-json\/wp\/v2\/product\/128812","targetHints":{"allow":["GET"]}}],"collection":[{"href":"https:\/\/dev.eliassen.nl\/de\/wp-json\/wp\/v2\/product"}],"about":[{"href":"https:\/\/dev.eliassen.nl\/de\/wp-json\/wp\/v2\/types\/product"}],"wp:featuredmedia":[{"embeddable":true,"href":"https:\/\/dev.eliassen.nl\/de\/wp-json\/wp\/v2\/media\/26623"}],"wp:attachment":[{"href":"https:\/\/dev.eliassen.nl\/de\/wp-json\/wp\/v2\/media?parent=128812"}],"wp:term":[{"taxonomy":"product_brand","embeddable":true,"href":"https:\/\/dev.eliassen.nl\/de\/wp-json\/wp\/v2\/product_brand?post=128812"},{"taxonomy":"product_cat","embeddable":true,"href":"https:\/\/dev.eliassen.nl\/de\/wp-json\/wp\/v2\/product_cat?post=128812"},{"taxonomy":"product_tag","embeddable":true,"href":"https:\/\/dev.eliassen.nl\/de\/wp-json\/wp\/v2\/product_tag?post=128812"}],"curies":[{"name":"wp","href":"https:\/\/api.w.org\/{rel}","templated":true}]}}