{"id":128826,"date":"2021-02-17T13:41:52","date_gmt":"2021-02-17T12:41:52","guid":{"rendered":"https:\/\/www.eliassen.nl\/?product=waterornament-ludo-zuilen-in-verschillende-maten"},"modified":"2023-07-14T11:29:20","modified_gmt":"2023-07-14T11:29:20","slug":"wasserspiel-ludo-saulen-aus-basaltstein-in-verschiedenen-grossen","status":"publish","type":"product","link":"https:\/\/dev.eliassen.nl\/de\/wasserspiel-ludo-saulen-aus-basaltstein-in-verschiedenen-grossen\/","title":{"rendered":"Wasserspiel Ludo-S\u00e4ulen aus Basaltstein in verschiedenen Gr\u00f6\u00dfen"},"content":{"rendered":"<p><strong>Dies ist eine lose Verzierung. Erkundigen Sie sich nach den anderen erforderlichen Teilen.<\/strong><\/p>\n<p>Wassers\u00e4ulen aus Basaltstein, mit polierten Seiten und Oberseite. In den S\u00e4ulen kann eine LED-Leuchte platziert werden, die aber mit einem Strahler noch sch\u00f6ner ausgeleuchtet wird. Diese S\u00e4ulen kommen in der Natur vor und k\u00f6nnen sich daher in Dicke und Farbe unterscheiden. Wirklich ein Set f\u00fcr den Liebhaber des nat\u00fcrlichen Looks. Wenn die S\u00e4ulen nass sind, sehen sie etwas dunkler aus (siehe Foto).<\/p>\n<p>Abmessungen der S\u00e4ulen sind: 60, 80 oder 100 cm hoch. <strong><em>S\u00e4ulen werden nur bei uns verkauft.<\/em><\/strong><\/p>\n<p>Diese S\u00e4ulen bieten das Beste aus beiden Welten. Oben poliert und an der Seite behalten Sie das urspr\u00fcngliche Aussehen. Suchen Sie ein nat\u00fcrliches Wasserspiel oder einen Springbrunnen? Dieses Ornament ist ein echtes nat\u00fcrliches Basaltsteinprodukt, das die Sch\u00f6nheit der Steinart unber\u00fchrt gelassen hat.<\/p>\n<ul>\n<li>Exklusives Naturprodukt<\/li>\n<li>Dicke ca. 300 cm pro S\u00e4ule<\/li>\n<li>H\u00f6he jeweils 60, 80 oder 100cm<\/li>\n<li>ab eigenem Lager verf\u00fcgbar<\/li>\n<li>Dies ist ein loser Schmuck, erkundigen Sie sich nach den anderen Lieferungen.<\/li>\n<\/ul>\n","protected":false},"excerpt":{"rendered":"<p>Dies ist eine lose Verzierung. Erkundigen Sie sich nach den anderen erforderlichen Teilen.<\/p>\n","protected":false},"featured_media":26662,"template":"","meta":{"_acf_changed":false},"product_brand":[],"product_cat":[539,551,536],"product_tag":[],"class_list":{"0":"post-128826","1":"product","2":"type-product","3":"status-publish","4":"has-post-thumbnail","6":"product_cat-einzigartige-eigene-modelle-von-losen-wasserspiele","7":"product_cat-lose-wasserspiele","8":"product_cat-wassereigenschaften","10":"first","11":"instock","12":"taxable","13":"shipping-taxable","14":"purchasable","15":"product-type-variable"},"acf":[],"yoast_head":"<!-- This site is optimized with the Yoast SEO plugin v23.8 - https:\/\/yoast.com\/wordpress\/plugins\/seo\/ -->\n<title>Wasserspiel Basaltstein Ludo in S\u00e4ulenform - Eliassen.nl<\/title>\n<meta name=\"description\" content=\"Wasserspiel Basaltstein poliert mit S\u00e4ule. Darin kann eine LED-Leuchte platziert werden. Wir haben eine gro\u00dfe Sammlung von nicht weniger als +300 Wasserspielen!\" \/>\n<meta name=\"robots\" content=\"noindex, follow, max-snippet:-1, max-image-preview:large, max-video-preview:-1\" \/>\n<meta property=\"og:locale\" content=\"de_DE\" \/>\n<meta property=\"og:type\" content=\"article\" \/>\n<meta property=\"og:title\" content=\"Wasserspiel Basaltstein Ludo in S\u00e4ulenform - Eliassen.nl\" \/>\n<meta property=\"og:description\" content=\"Wasserspiel Basaltstein poliert mit S\u00e4ule. Darin kann eine LED-Leuchte platziert werden. Wir haben eine gro\u00dfe Sammlung von nicht weniger als +300 Wasserspielen!\" \/>\n<meta property=\"og:url\" content=\"https:\/\/dev.eliassen.nl\/de\/wasserspiel-ludo-saulen-aus-basaltstein-in-verschiedenen-grossen\/\" \/>\n<meta property=\"og:site_name\" content=\"Eliassen.nl\" \/>\n<meta property=\"article:publisher\" content=\"https:\/\/www.facebook.com\/TuincentrumEliassenAmmerzoden\" \/>\n<meta property=\"article:modified_time\" content=\"2023-07-14T11:29:20+00:00\" \/>\n<meta property=\"og:image\" content=\"https:\/\/dev.eliassen.nl\/wp-content\/uploads\/2024\/01\/mijnproject20220930t150238003.png\" \/>\n\t<meta property=\"og:image:width\" content=\"1500\" \/>\n\t<meta property=\"og:image:height\" content=\"2000\" \/>\n\t<meta property=\"og:image:type\" content=\"image\/png\" \/>\n<meta name=\"twitter:card\" content=\"summary_large_image\" \/>\n<script type=\"application\/ld+json\" class=\"yoast-schema-graph\">{\"@context\":\"https:\/\/schema.org\",\"@graph\":[{\"@type\":\"WebPage\",\"@id\":\"https:\/\/dev.eliassen.nl\/de\/wasserspiel-ludo-saulen-aus-basaltstein-in-verschiedenen-grossen\/\",\"url\":\"https:\/\/dev.eliassen.nl\/de\/wasserspiel-ludo-saulen-aus-basaltstein-in-verschiedenen-grossen\/\",\"name\":\"Wasserspiel Basaltstein Ludo in S\u00e4ulenform - Eliassen.nl\",\"isPartOf\":{\"@id\":\"https:\/\/dev.eliassen.nl\/de\/#website\"},\"primaryImageOfPage\":{\"@id\":\"https:\/\/dev.eliassen.nl\/de\/wasserspiel-ludo-saulen-aus-basaltstein-in-verschiedenen-grossen\/#primaryimage\"},\"image\":{\"@id\":\"https:\/\/dev.eliassen.nl\/de\/wasserspiel-ludo-saulen-aus-basaltstein-in-verschiedenen-grossen\/#primaryimage\"},\"thumbnailUrl\":\"https:\/\/dev.eliassen.nl\/wp-content\/uploads\/2024\/01\/mijnproject20220930t150238003.png\",\"datePublished\":\"2021-02-17T12:41:52+00:00\",\"dateModified\":\"2023-07-14T11:29:20+00:00\",\"description\":\"Wasserspiel Basaltstein poliert mit S\u00e4ule. Darin kann eine LED-Leuchte platziert werden. Wir haben eine gro\u00dfe Sammlung von nicht weniger als +300 Wasserspielen!\",\"breadcrumb\":{\"@id\":\"https:\/\/dev.eliassen.nl\/de\/wasserspiel-ludo-saulen-aus-basaltstein-in-verschiedenen-grossen\/#breadcrumb\"},\"inLanguage\":\"de\",\"potentialAction\":[{\"@type\":\"ReadAction\",\"target\":[\"https:\/\/dev.eliassen.nl\/de\/wasserspiel-ludo-saulen-aus-basaltstein-in-verschiedenen-grossen\/\"]}]},{\"@type\":\"ImageObject\",\"inLanguage\":\"de\",\"@id\":\"https:\/\/dev.eliassen.nl\/de\/wasserspiel-ludo-saulen-aus-basaltstein-in-verschiedenen-grossen\/#primaryimage\",\"url\":\"https:\/\/dev.eliassen.nl\/wp-content\/uploads\/2024\/01\/mijnproject20220930t150238003.png\",\"contentUrl\":\"https:\/\/dev.eliassen.nl\/wp-content\/uploads\/2024\/01\/mijnproject20220930t150238003.png\",\"width\":1500,\"height\":2000,\"caption\":\"Mijn project - 2022-09-30T150238.003\"},{\"@type\":\"BreadcrumbList\",\"@id\":\"https:\/\/dev.eliassen.nl\/de\/wasserspiel-ludo-saulen-aus-basaltstein-in-verschiedenen-grossen\/#breadcrumb\",\"itemListElement\":[{\"@type\":\"ListItem\",\"position\":1,\"name\":\"Home\",\"item\":\"https:\/\/dev.eliassen.nl\/de\/\"},{\"@type\":\"ListItem\",\"position\":2,\"name\":\"Shop\",\"item\":\"https:\/\/dev.eliassen.nl\/nl\/winkel\/\"},{\"@type\":\"ListItem\",\"position\":3,\"name\":\"Wasserspiele\",\"item\":\"https:\/\/dev.eliassen.nl\/de\/wassereigenschaften\/\"},{\"@type\":\"ListItem\",\"position\":4,\"name\":\"Einzigartige eigene Modelle von losen Wasserspielen\",\"item\":\"https:\/\/dev.eliassen.nl\/de\/wassereigenschaften\/einzigartige-eigene-modelle-von-losen-wasserspiele\/\"},{\"@type\":\"ListItem\",\"position\":5,\"name\":\"Wasserspiel Ludo-S\u00e4ulen aus Basaltstein in verschiedenen Gr\u00f6\u00dfen\"}]},{\"@type\":\"WebSite\",\"@id\":\"https:\/\/dev.eliassen.nl\/de\/#website\",\"url\":\"https:\/\/dev.eliassen.nl\/de\/\",\"name\":\"Eliassen Home & Garden Pleasure\",\"description\":\"\",\"publisher\":{\"@id\":\"https:\/\/dev.eliassen.nl\/de\/#organization\"},\"alternateName\":\"Eliassen.nl\",\"potentialAction\":[{\"@type\":\"SearchAction\",\"target\":{\"@type\":\"EntryPoint\",\"urlTemplate\":\"https:\/\/dev.eliassen.nl\/de\/?s={search_term_string}\"},\"query-input\":{\"@type\":\"PropertyValueSpecification\",\"valueRequired\":true,\"valueName\":\"search_term_string\"}}],\"inLanguage\":\"de\"},{\"@type\":\"Organization\",\"@id\":\"https:\/\/dev.eliassen.nl\/de\/#organization\",\"name\":\"Eliassen Home & Garden Pleasure\",\"url\":\"https:\/\/dev.eliassen.nl\/de\/\",\"logo\":{\"@type\":\"ImageObject\",\"inLanguage\":\"de\",\"@id\":\"https:\/\/dev.eliassen.nl\/de\/#\/schema\/logo\/image\/\",\"url\":\"https:\/\/www.eliassen.nl\/wp-content\/uploads\/2024\/01\/logo_4nd.jpg\",\"contentUrl\":\"https:\/\/www.eliassen.nl\/wp-content\/uploads\/2024\/01\/logo_4nd.jpg\",\"width\":500,\"height\":500,\"caption\":\"Eliassen Home & Garden Pleasure\"},\"image\":{\"@id\":\"https:\/\/dev.eliassen.nl\/de\/#\/schema\/logo\/image\/\"},\"sameAs\":[\"https:\/\/www.facebook.com\/TuincentrumEliassenAmmerzoden\",\"https:\/\/www.instagram.com\/eliassenhomeandgarden\/\",\"https:\/\/nl.pinterest.com\/eliassenhomeandgarden\/\",\"https:\/\/www.youtube.com\/@eliassenhomegardenpleasure4558\"]}]}<\/script>\n<!-- \/ Yoast SEO plugin. -->","yoast_head_json":{"title":"Wasserspiel Basaltstein Ludo in S\u00e4ulenform - Eliassen.nl","description":"Wasserspiel Basaltstein poliert mit S\u00e4ule. Darin kann eine LED-Leuchte platziert werden. Wir haben eine gro\u00dfe Sammlung von nicht weniger als +300 Wasserspielen!","robots":{"index":"noindex","follow":"follow","max-snippet":"max-snippet:-1","max-image-preview":"max-image-preview:large","max-video-preview":"max-video-preview:-1"},"og_locale":"de_DE","og_type":"article","og_title":"Wasserspiel Basaltstein Ludo in S\u00e4ulenform - Eliassen.nl","og_description":"Wasserspiel Basaltstein poliert mit S\u00e4ule. Darin kann eine LED-Leuchte platziert werden. Wir haben eine gro\u00dfe Sammlung von nicht weniger als +300 Wasserspielen!","og_url":"https:\/\/dev.eliassen.nl\/de\/wasserspiel-ludo-saulen-aus-basaltstein-in-verschiedenen-grossen\/","og_site_name":"Eliassen.nl","article_publisher":"https:\/\/www.facebook.com\/TuincentrumEliassenAmmerzoden","article_modified_time":"2023-07-14T11:29:20+00:00","og_image":[{"width":1500,"height":2000,"url":"https:\/\/dev.eliassen.nl\/wp-content\/uploads\/2024\/01\/mijnproject20220930t150238003.png","type":"image\/png"}],"twitter_card":"summary_large_image","schema":{"@context":"https:\/\/schema.org","@graph":[{"@type":"WebPage","@id":"https:\/\/dev.eliassen.nl\/de\/wasserspiel-ludo-saulen-aus-basaltstein-in-verschiedenen-grossen\/","url":"https:\/\/dev.eliassen.nl\/de\/wasserspiel-ludo-saulen-aus-basaltstein-in-verschiedenen-grossen\/","name":"Wasserspiel Basaltstein Ludo in S\u00e4ulenform - Eliassen.nl","isPartOf":{"@id":"https:\/\/dev.eliassen.nl\/de\/#website"},"primaryImageOfPage":{"@id":"https:\/\/dev.eliassen.nl\/de\/wasserspiel-ludo-saulen-aus-basaltstein-in-verschiedenen-grossen\/#primaryimage"},"image":{"@id":"https:\/\/dev.eliassen.nl\/de\/wasserspiel-ludo-saulen-aus-basaltstein-in-verschiedenen-grossen\/#primaryimage"},"thumbnailUrl":"https:\/\/dev.eliassen.nl\/wp-content\/uploads\/2024\/01\/mijnproject20220930t150238003.png","datePublished":"2021-02-17T12:41:52+00:00","dateModified":"2023-07-14T11:29:20+00:00","description":"Wasserspiel Basaltstein poliert mit S\u00e4ule. Darin kann eine LED-Leuchte platziert werden. Wir haben eine gro\u00dfe Sammlung von nicht weniger als +300 Wasserspielen!","breadcrumb":{"@id":"https:\/\/dev.eliassen.nl\/de\/wasserspiel-ludo-saulen-aus-basaltstein-in-verschiedenen-grossen\/#breadcrumb"},"inLanguage":"de","potentialAction":[{"@type":"ReadAction","target":["https:\/\/dev.eliassen.nl\/de\/wasserspiel-ludo-saulen-aus-basaltstein-in-verschiedenen-grossen\/"]}]},{"@type":"ImageObject","inLanguage":"de","@id":"https:\/\/dev.eliassen.nl\/de\/wasserspiel-ludo-saulen-aus-basaltstein-in-verschiedenen-grossen\/#primaryimage","url":"https:\/\/dev.eliassen.nl\/wp-content\/uploads\/2024\/01\/mijnproject20220930t150238003.png","contentUrl":"https:\/\/dev.eliassen.nl\/wp-content\/uploads\/2024\/01\/mijnproject20220930t150238003.png","width":1500,"height":2000,"caption":"Mijn project - 2022-09-30T150238.003"},{"@type":"BreadcrumbList","@id":"https:\/\/dev.eliassen.nl\/de\/wasserspiel-ludo-saulen-aus-basaltstein-in-verschiedenen-grossen\/#breadcrumb","itemListElement":[{"@type":"ListItem","position":1,"name":"Home","item":"https:\/\/dev.eliassen.nl\/de\/"},{"@type":"ListItem","position":2,"name":"Shop","item":"https:\/\/dev.eliassen.nl\/nl\/winkel\/"},{"@type":"ListItem","position":3,"name":"Wasserspiele","item":"https:\/\/dev.eliassen.nl\/de\/wassereigenschaften\/"},{"@type":"ListItem","position":4,"name":"Einzigartige eigene Modelle von losen Wasserspielen","item":"https:\/\/dev.eliassen.nl\/de\/wassereigenschaften\/einzigartige-eigene-modelle-von-losen-wasserspiele\/"},{"@type":"ListItem","position":5,"name":"Wasserspiel Ludo-S\u00e4ulen aus Basaltstein in verschiedenen Gr\u00f6\u00dfen"}]},{"@type":"WebSite","@id":"https:\/\/dev.eliassen.nl\/de\/#website","url":"https:\/\/dev.eliassen.nl\/de\/","name":"Eliassen Home & Garden Pleasure","description":"","publisher":{"@id":"https:\/\/dev.eliassen.nl\/de\/#organization"},"alternateName":"Eliassen.nl","potentialAction":[{"@type":"SearchAction","target":{"@type":"EntryPoint","urlTemplate":"https:\/\/dev.eliassen.nl\/de\/?s={search_term_string}"},"query-input":{"@type":"PropertyValueSpecification","valueRequired":true,"valueName":"search_term_string"}}],"inLanguage":"de"},{"@type":"Organization","@id":"https:\/\/dev.eliassen.nl\/de\/#organization","name":"Eliassen Home & Garden Pleasure","url":"https:\/\/dev.eliassen.nl\/de\/","logo":{"@type":"ImageObject","inLanguage":"de","@id":"https:\/\/dev.eliassen.nl\/de\/#\/schema\/logo\/image\/","url":"https:\/\/www.eliassen.nl\/wp-content\/uploads\/2024\/01\/logo_4nd.jpg","contentUrl":"https:\/\/www.eliassen.nl\/wp-content\/uploads\/2024\/01\/logo_4nd.jpg","width":500,"height":500,"caption":"Eliassen Home & Garden Pleasure"},"image":{"@id":"https:\/\/dev.eliassen.nl\/de\/#\/schema\/logo\/image\/"},"sameAs":["https:\/\/www.facebook.com\/TuincentrumEliassenAmmerzoden","https:\/\/www.instagram.com\/eliassenhomeandgarden\/","https:\/\/nl.pinterest.com\/eliassenhomeandgarden\/","https:\/\/www.youtube.com\/@eliassenhomegardenpleasure4558"]}]}},"df_price":249,"df_sale_price":"","df_regular_price":249,"df_image_link":"https:\/\/dev.eliassen.nl\/wp-content\/uploads\/2024\/01\/mijnproject20220930t150238003.png","image":"https:\/\/dev.eliassen.nl\/wp-content\/uploads\/2024\/01\/mijnproject20220930t150238003.png","price_search":"<span class=\"woocommerce-Price-amount amount\"><bdi><span class=\"woocommerce-Price-currencySymbol\">&euro;<\/span>&nbsp;249,00<\/bdi><\/span>","category":"Einzigartige eigene Modelle von losen Wasserspielen","_links":{"self":[{"href":"https:\/\/dev.eliassen.nl\/de\/wp-json\/wp\/v2\/product\/128826","targetHints":{"allow":["GET"]}}],"collection":[{"href":"https:\/\/dev.eliassen.nl\/de\/wp-json\/wp\/v2\/product"}],"about":[{"href":"https:\/\/dev.eliassen.nl\/de\/wp-json\/wp\/v2\/types\/product"}],"wp:featuredmedia":[{"embeddable":true,"href":"https:\/\/dev.eliassen.nl\/de\/wp-json\/wp\/v2\/media\/26662"}],"wp:attachment":[{"href":"https:\/\/dev.eliassen.nl\/de\/wp-json\/wp\/v2\/media?parent=128826"}],"wp:term":[{"taxonomy":"product_brand","embeddable":true,"href":"https:\/\/dev.eliassen.nl\/de\/wp-json\/wp\/v2\/product_brand?post=128826"},{"taxonomy":"product_cat","embeddable":true,"href":"https:\/\/dev.eliassen.nl\/de\/wp-json\/wp\/v2\/product_cat?post=128826"},{"taxonomy":"product_tag","embeddable":true,"href":"https:\/\/dev.eliassen.nl\/de\/wp-json\/wp\/v2\/product_tag?post=128826"}],"curies":[{"name":"wp","href":"https:\/\/api.w.org\/{rel}","templated":true}]}}