{"id":13015,"date":"2019-10-28T17:35:08","date_gmt":"2019-10-28T16:35:08","guid":{"rendered":"https:\/\/www.eliassen.nl\/?product=wasserverzierung-grace-100cm"},"modified":"2024-12-05T15:18:38","modified_gmt":"2024-12-05T14:18:38","slug":"wasserelement-terrazzo-grace-100cm","status":"publish","type":"product","link":"https:\/\/dev.eliassen.nl\/de\/wasserelement-terrazzo-grace-100cm\/","title":{"rendered":"Wasserelement Terrazzo Grace 100cm"},"content":{"rendered":"<p><strong>Dies ist eine lose Verzierung. Erkundigen Sie sich nach den anderen erforderlichen Teilen.<\/strong><\/p>\n<p>Ein sch\u00f6nes Schmuckst\u00fcck in Ihrem Garten oder in Ihrer Firma. Dieses einzigartige gro\u00dfe Modell-Wasserelement ist aus hochwertigem <strong>massivem<\/strong> Terrazzo gefertigt, was eine sehr sch\u00f6ne Oberfl\u00e4chenstruktur garantiert. Dieser hochwertige Terrazzo-Stein beh\u00e4lt auch bei richtiger Pflege seine sch\u00f6ne Farbe, im Gegensatz zu billigem Qualit\u00e4ts-Terrazzo, der schnell grau wird.<\/p>\n<p>W\u00fcnschen Sie eine Beratung dar\u00fcber, was zur Vervollst\u00e4ndigung dieses Modells noch ben\u00f6tigt wird? Sie k\u00f6nnen uns gerne kontaktieren.<\/p>\n<ul>\n<li><span style=\"color: #000000;\">Gr\u00f6\u00dfe: 30 x 30 x 100 cm<\/span><\/li>\n<li><span style=\"color: #000000;\">Einzigartiges Modell, nirgendwo anders erh\u00e4ltlich!<\/span><\/li>\n<li><span style=\"color: #000000;\">Hochwertiger massiver Terrazzo<\/span><\/li>\n<li><span style=\"color: #000000;\">3 Jahre Garantie<\/span><\/li>\n<li><span style=\"color: #000000;\">Frostbest\u00e4ndig<\/span><\/li>\n<li><span style=\"color: #000000;\">Schnell geliefert<\/span><\/li>\n<\/ul>\n<p><strong><span style=\"color: #000000;\">Vergessen Sie nicht, unsere Show-Pr\u00e4sentation mit Wasserspielen, der gr\u00f6\u00dften Sammlung in den Benelux-L\u00e4ndern und guten Ratschl\u00e4gen zu besuchen!<\/span><\/strong><\/p>\n","protected":false},"excerpt":{"rendered":"<p>Dies ist eine lose Verzierung. Erkundigen Sie sich nach den anderen erforderlichen Teilen.<\/p>\n","protected":false},"featured_media":13006,"template":"","meta":{"_acf_changed":false},"product_brand":[6916],"product_cat":[539,551,536],"product_tag":[],"class_list":{"0":"post-13015","1":"product","2":"type-product","3":"status-publish","4":"has-post-thumbnail","6":"product_brand-eliassen-de","7":"product_cat-einzigartige-eigene-modelle-von-losen-wasserspiele","8":"product_cat-lose-wasserspiele","9":"product_cat-wassereigenschaften","11":"first","12":"instock","13":"taxable","14":"shipping-taxable","15":"purchasable","16":"product-type-simple"},"acf":[],"yoast_head":"<!-- This site is optimized with the Yoast SEO plugin v23.8 - https:\/\/yoast.com\/wordpress\/plugins\/seo\/ -->\n<title>Wasserelement Terrazzo Grace | 100cm | Einzigartiges Modell!<\/title>\n<meta name=\"description\" content=\"Wasserelement aus hochwertigem massivem Terrazzostein. Nirgendwo sonst zu kaufen! Frostbest\u00e4ndig. Bleibt sch\u00f6n in der Farbe. Auch LIVE in unserem Gesch\u00e4ft zu...\" \/>\n<meta name=\"robots\" content=\"noindex, follow, max-snippet:-1, max-image-preview:large, max-video-preview:-1\" \/>\n<meta property=\"og:locale\" content=\"de_DE\" \/>\n<meta property=\"og:type\" content=\"article\" \/>\n<meta property=\"og:title\" content=\"Wasserelement Terrazzo Grace | 100cm | Einzigartiges Modell!\" \/>\n<meta property=\"og:description\" content=\"Wasserelement aus hochwertigem massivem Terrazzostein. Nirgendwo sonst zu kaufen! Frostbest\u00e4ndig. Bleibt sch\u00f6n in der Farbe. Auch LIVE in unserem Gesch\u00e4ft zu...\" \/>\n<meta property=\"og:url\" content=\"https:\/\/dev.eliassen.nl\/de\/wasserelement-terrazzo-grace-100cm\/\" \/>\n<meta property=\"og:site_name\" content=\"Eliassen.nl\" \/>\n<meta property=\"article:publisher\" content=\"https:\/\/www.facebook.com\/TuincentrumEliassenAmmerzoden\" \/>\n<meta property=\"article:modified_time\" content=\"2024-12-05T14:18:38+00:00\" \/>\n<meta property=\"og:image\" content=\"https:\/\/dev.eliassen.nl\/wp-content\/uploads\/2024\/01\/mijnproject20220930t163939510.png\" \/>\n\t<meta property=\"og:image:width\" content=\"500\" \/>\n\t<meta property=\"og:image:height\" content=\"1000\" \/>\n\t<meta property=\"og:image:type\" content=\"image\/png\" \/>\n<meta name=\"twitter:card\" content=\"summary_large_image\" \/>\n<script type=\"application\/ld+json\" class=\"yoast-schema-graph\">{\"@context\":\"https:\/\/schema.org\",\"@graph\":[{\"@type\":\"WebPage\",\"@id\":\"https:\/\/dev.eliassen.nl\/de\/wasserelement-terrazzo-grace-100cm\/\",\"url\":\"https:\/\/dev.eliassen.nl\/de\/wasserelement-terrazzo-grace-100cm\/\",\"name\":\"Wasserelement Terrazzo Grace | 100cm | Einzigartiges Modell!\",\"isPartOf\":{\"@id\":\"https:\/\/dev.eliassen.nl\/de\/#website\"},\"primaryImageOfPage\":{\"@id\":\"https:\/\/dev.eliassen.nl\/de\/wasserelement-terrazzo-grace-100cm\/#primaryimage\"},\"image\":{\"@id\":\"https:\/\/dev.eliassen.nl\/de\/wasserelement-terrazzo-grace-100cm\/#primaryimage\"},\"thumbnailUrl\":\"https:\/\/dev.eliassen.nl\/wp-content\/uploads\/2024\/01\/mijnproject20220930t163939510.png\",\"datePublished\":\"2019-10-28T16:35:08+00:00\",\"dateModified\":\"2024-12-05T14:18:38+00:00\",\"description\":\"Wasserelement aus hochwertigem massivem Terrazzostein. Nirgendwo sonst zu kaufen! Frostbest\u00e4ndig. Bleibt sch\u00f6n in der Farbe. Auch LIVE in unserem Gesch\u00e4ft zu...\",\"breadcrumb\":{\"@id\":\"https:\/\/dev.eliassen.nl\/de\/wasserelement-terrazzo-grace-100cm\/#breadcrumb\"},\"inLanguage\":\"de\",\"potentialAction\":[{\"@type\":\"ReadAction\",\"target\":[\"https:\/\/dev.eliassen.nl\/de\/wasserelement-terrazzo-grace-100cm\/\"]}]},{\"@type\":\"ImageObject\",\"inLanguage\":\"de\",\"@id\":\"https:\/\/dev.eliassen.nl\/de\/wasserelement-terrazzo-grace-100cm\/#primaryimage\",\"url\":\"https:\/\/dev.eliassen.nl\/wp-content\/uploads\/2024\/01\/mijnproject20220930t163939510.png\",\"contentUrl\":\"https:\/\/dev.eliassen.nl\/wp-content\/uploads\/2024\/01\/mijnproject20220930t163939510.png\",\"width\":500,\"height\":1000,\"caption\":\"Mijn project - 2022-09-30T163939.510\"},{\"@type\":\"BreadcrumbList\",\"@id\":\"https:\/\/dev.eliassen.nl\/de\/wasserelement-terrazzo-grace-100cm\/#breadcrumb\",\"itemListElement\":[{\"@type\":\"ListItem\",\"position\":1,\"name\":\"Home\",\"item\":\"https:\/\/dev.eliassen.nl\/de\/\"},{\"@type\":\"ListItem\",\"position\":2,\"name\":\"Shop\",\"item\":\"https:\/\/dev.eliassen.nl\/nl\/winkel\/\"},{\"@type\":\"ListItem\",\"position\":3,\"name\":\"Wasserspiele\",\"item\":\"https:\/\/dev.eliassen.nl\/de\/wassereigenschaften\/\"},{\"@type\":\"ListItem\",\"position\":4,\"name\":\"Einzigartige eigene Modelle von losen Wasserspielen\",\"item\":\"https:\/\/dev.eliassen.nl\/de\/wassereigenschaften\/einzigartige-eigene-modelle-von-losen-wasserspiele\/\"},{\"@type\":\"ListItem\",\"position\":5,\"name\":\"Wasserelement Terrazzo Grace 100cm\"}]},{\"@type\":\"WebSite\",\"@id\":\"https:\/\/dev.eliassen.nl\/de\/#website\",\"url\":\"https:\/\/dev.eliassen.nl\/de\/\",\"name\":\"Eliassen Home & Garden Pleasure\",\"description\":\"\",\"publisher\":{\"@id\":\"https:\/\/dev.eliassen.nl\/de\/#organization\"},\"alternateName\":\"Eliassen.nl\",\"potentialAction\":[{\"@type\":\"SearchAction\",\"target\":{\"@type\":\"EntryPoint\",\"urlTemplate\":\"https:\/\/dev.eliassen.nl\/de\/?s={search_term_string}\"},\"query-input\":{\"@type\":\"PropertyValueSpecification\",\"valueRequired\":true,\"valueName\":\"search_term_string\"}}],\"inLanguage\":\"de\"},{\"@type\":\"Organization\",\"@id\":\"https:\/\/dev.eliassen.nl\/de\/#organization\",\"name\":\"Eliassen Home & Garden Pleasure\",\"url\":\"https:\/\/dev.eliassen.nl\/de\/\",\"logo\":{\"@type\":\"ImageObject\",\"inLanguage\":\"de\",\"@id\":\"https:\/\/dev.eliassen.nl\/de\/#\/schema\/logo\/image\/\",\"url\":\"https:\/\/www.eliassen.nl\/wp-content\/uploads\/2024\/01\/logo_4nd.jpg\",\"contentUrl\":\"https:\/\/www.eliassen.nl\/wp-content\/uploads\/2024\/01\/logo_4nd.jpg\",\"width\":500,\"height\":500,\"caption\":\"Eliassen Home & Garden Pleasure\"},\"image\":{\"@id\":\"https:\/\/dev.eliassen.nl\/de\/#\/schema\/logo\/image\/\"},\"sameAs\":[\"https:\/\/www.facebook.com\/TuincentrumEliassenAmmerzoden\",\"https:\/\/www.instagram.com\/eliassenhomeandgarden\/\",\"https:\/\/nl.pinterest.com\/eliassenhomeandgarden\/\",\"https:\/\/www.youtube.com\/@eliassenhomegardenpleasure4558\"]}]}<\/script>\n<!-- \/ Yoast SEO plugin. -->","yoast_head_json":{"title":"Wasserelement Terrazzo Grace | 100cm | Einzigartiges Modell!","description":"Wasserelement aus hochwertigem massivem Terrazzostein. Nirgendwo sonst zu kaufen! Frostbest\u00e4ndig. Bleibt sch\u00f6n in der Farbe. Auch LIVE in unserem Gesch\u00e4ft zu...","robots":{"index":"noindex","follow":"follow","max-snippet":"max-snippet:-1","max-image-preview":"max-image-preview:large","max-video-preview":"max-video-preview:-1"},"og_locale":"de_DE","og_type":"article","og_title":"Wasserelement Terrazzo Grace | 100cm | Einzigartiges Modell!","og_description":"Wasserelement aus hochwertigem massivem Terrazzostein. Nirgendwo sonst zu kaufen! Frostbest\u00e4ndig. Bleibt sch\u00f6n in der Farbe. Auch LIVE in unserem Gesch\u00e4ft zu...","og_url":"https:\/\/dev.eliassen.nl\/de\/wasserelement-terrazzo-grace-100cm\/","og_site_name":"Eliassen.nl","article_publisher":"https:\/\/www.facebook.com\/TuincentrumEliassenAmmerzoden","article_modified_time":"2024-12-05T14:18:38+00:00","og_image":[{"width":500,"height":1000,"url":"https:\/\/dev.eliassen.nl\/wp-content\/uploads\/2024\/01\/mijnproject20220930t163939510.png","type":"image\/png"}],"twitter_card":"summary_large_image","schema":{"@context":"https:\/\/schema.org","@graph":[{"@type":"WebPage","@id":"https:\/\/dev.eliassen.nl\/de\/wasserelement-terrazzo-grace-100cm\/","url":"https:\/\/dev.eliassen.nl\/de\/wasserelement-terrazzo-grace-100cm\/","name":"Wasserelement Terrazzo Grace | 100cm | Einzigartiges Modell!","isPartOf":{"@id":"https:\/\/dev.eliassen.nl\/de\/#website"},"primaryImageOfPage":{"@id":"https:\/\/dev.eliassen.nl\/de\/wasserelement-terrazzo-grace-100cm\/#primaryimage"},"image":{"@id":"https:\/\/dev.eliassen.nl\/de\/wasserelement-terrazzo-grace-100cm\/#primaryimage"},"thumbnailUrl":"https:\/\/dev.eliassen.nl\/wp-content\/uploads\/2024\/01\/mijnproject20220930t163939510.png","datePublished":"2019-10-28T16:35:08+00:00","dateModified":"2024-12-05T14:18:38+00:00","description":"Wasserelement aus hochwertigem massivem Terrazzostein. Nirgendwo sonst zu kaufen! Frostbest\u00e4ndig. Bleibt sch\u00f6n in der Farbe. Auch LIVE in unserem Gesch\u00e4ft zu...","breadcrumb":{"@id":"https:\/\/dev.eliassen.nl\/de\/wasserelement-terrazzo-grace-100cm\/#breadcrumb"},"inLanguage":"de","potentialAction":[{"@type":"ReadAction","target":["https:\/\/dev.eliassen.nl\/de\/wasserelement-terrazzo-grace-100cm\/"]}]},{"@type":"ImageObject","inLanguage":"de","@id":"https:\/\/dev.eliassen.nl\/de\/wasserelement-terrazzo-grace-100cm\/#primaryimage","url":"https:\/\/dev.eliassen.nl\/wp-content\/uploads\/2024\/01\/mijnproject20220930t163939510.png","contentUrl":"https:\/\/dev.eliassen.nl\/wp-content\/uploads\/2024\/01\/mijnproject20220930t163939510.png","width":500,"height":1000,"caption":"Mijn project - 2022-09-30T163939.510"},{"@type":"BreadcrumbList","@id":"https:\/\/dev.eliassen.nl\/de\/wasserelement-terrazzo-grace-100cm\/#breadcrumb","itemListElement":[{"@type":"ListItem","position":1,"name":"Home","item":"https:\/\/dev.eliassen.nl\/de\/"},{"@type":"ListItem","position":2,"name":"Shop","item":"https:\/\/dev.eliassen.nl\/nl\/winkel\/"},{"@type":"ListItem","position":3,"name":"Wasserspiele","item":"https:\/\/dev.eliassen.nl\/de\/wassereigenschaften\/"},{"@type":"ListItem","position":4,"name":"Einzigartige eigene Modelle von losen Wasserspielen","item":"https:\/\/dev.eliassen.nl\/de\/wassereigenschaften\/einzigartige-eigene-modelle-von-losen-wasserspiele\/"},{"@type":"ListItem","position":5,"name":"Wasserelement Terrazzo Grace 100cm"}]},{"@type":"WebSite","@id":"https:\/\/dev.eliassen.nl\/de\/#website","url":"https:\/\/dev.eliassen.nl\/de\/","name":"Eliassen Home & Garden Pleasure","description":"","publisher":{"@id":"https:\/\/dev.eliassen.nl\/de\/#organization"},"alternateName":"Eliassen.nl","potentialAction":[{"@type":"SearchAction","target":{"@type":"EntryPoint","urlTemplate":"https:\/\/dev.eliassen.nl\/de\/?s={search_term_string}"},"query-input":{"@type":"PropertyValueSpecification","valueRequired":true,"valueName":"search_term_string"}}],"inLanguage":"de"},{"@type":"Organization","@id":"https:\/\/dev.eliassen.nl\/de\/#organization","name":"Eliassen Home & Garden Pleasure","url":"https:\/\/dev.eliassen.nl\/de\/","logo":{"@type":"ImageObject","inLanguage":"de","@id":"https:\/\/dev.eliassen.nl\/de\/#\/schema\/logo\/image\/","url":"https:\/\/www.eliassen.nl\/wp-content\/uploads\/2024\/01\/logo_4nd.jpg","contentUrl":"https:\/\/www.eliassen.nl\/wp-content\/uploads\/2024\/01\/logo_4nd.jpg","width":500,"height":500,"caption":"Eliassen Home & Garden Pleasure"},"image":{"@id":"https:\/\/dev.eliassen.nl\/de\/#\/schema\/logo\/image\/"},"sameAs":["https:\/\/www.facebook.com\/TuincentrumEliassenAmmerzoden","https:\/\/www.instagram.com\/eliassenhomeandgarden\/","https:\/\/nl.pinterest.com\/eliassenhomeandgarden\/","https:\/\/www.youtube.com\/@eliassenhomegardenpleasure4558"]}]}},"df_price":395,"df_sale_price":"","df_regular_price":395,"df_image_link":"https:\/\/dev.eliassen.nl\/wp-content\/uploads\/2024\/01\/mijnproject20220930t163939510.png","image":"https:\/\/dev.eliassen.nl\/wp-content\/uploads\/2024\/01\/mijnproject20220930t163939510.png","price_search":"<span class=\"woocommerce-Price-amount amount\"><bdi><span class=\"woocommerce-Price-currencySymbol\">&euro;<\/span>&nbsp;395,00<\/bdi><\/span>","category":"Einzigartige eigene Modelle von losen Wasserspielen","_links":{"self":[{"href":"https:\/\/dev.eliassen.nl\/de\/wp-json\/wp\/v2\/product\/13015","targetHints":{"allow":["GET"]}}],"collection":[{"href":"https:\/\/dev.eliassen.nl\/de\/wp-json\/wp\/v2\/product"}],"about":[{"href":"https:\/\/dev.eliassen.nl\/de\/wp-json\/wp\/v2\/types\/product"}],"wp:featuredmedia":[{"embeddable":true,"href":"https:\/\/dev.eliassen.nl\/de\/wp-json\/wp\/v2\/media\/13006"}],"wp:attachment":[{"href":"https:\/\/dev.eliassen.nl\/de\/wp-json\/wp\/v2\/media?parent=13015"}],"wp:term":[{"taxonomy":"product_brand","embeddable":true,"href":"https:\/\/dev.eliassen.nl\/de\/wp-json\/wp\/v2\/product_brand?post=13015"},{"taxonomy":"product_cat","embeddable":true,"href":"https:\/\/dev.eliassen.nl\/de\/wp-json\/wp\/v2\/product_cat?post=13015"},{"taxonomy":"product_tag","embeddable":true,"href":"https:\/\/dev.eliassen.nl\/de\/wp-json\/wp\/v2\/product_tag?post=13015"}],"curies":[{"name":"wp","href":"https:\/\/api.w.org\/{rel}","templated":true}]}}