{"id":130505,"date":"2021-05-04T06:23:14","date_gmt":"2021-05-04T04:23:14","guid":{"rendered":"https:\/\/www.eliassen.nl\/?product=plantenbak-polyester-rond-bellis-150x60cm"},"modified":"2024-12-17T17:33:26","modified_gmt":"2024-12-17T16:33:26","slug":"pflanzgefass-polyester-round-bellis-150x60cm","status":"publish","type":"product","link":"https:\/\/dev.eliassen.nl\/de\/pflanzgefass-polyester-round-bellis-150x60cm\/","title":{"rendered":"Pflanzgef\u00e4\u00df aus Polyester, rund, Bellis, 150 x 60 cm"},"content":{"rendered":"<p><a href=\"https:\/\/cdn.adezz.com\/production\/ERP_handleidingen\/Productmodellen\/395\/15\/ADEZZ%20Plantenbakken%20Polyester_NL.pdf\"><strong>Handbuch<\/strong><\/a> <strong>| Skizzieren<\/strong><\/p>\n<p><strong><a href=\"https:\/\/www.youtube.com\/watch?v=zdflGbngZCM\" target=\"_blank\" rel=\"noopener\"><img decoding=\"async\" src=\"https:\/\/www.eliassen.nl\/wp-content\/uploads\/content\/youtube-play.png\" alt=\"\" width=\"27\" height=\"27\" \/><\/a><\/strong> Sehen <strong><a href=\"https:\/\/www.youtube.com\/watch?v=zdflGbngZCM\" target=\"_blank\" rel=\"noopener\">Sie sich<\/a><\/strong> <strong><a href=\"https:\/\/www.youtube.com\/watch?v=zdflGbngZCM\" target=\"_blank\" rel=\"noopener\">das Video an<\/a><\/strong><\/p>\n<p>Dieser extrem stabile runde Pflanzkasten in seidenmatter Farbe besteht aus hochwertigem, verst\u00e4rktem Fiberglas mit zus\u00e4tzlicher Verst\u00e4rkung an den Kanten. Sch\u00f6n in Firmen oder gro\u00dfen H\u00e4usern, aber auch ideal f\u00fcr die Platzierung auf Parkpl\u00e4tzen, Einfahrten und dergleichen, da dieser Pflanzk\u00fcbel sehr stabil ist.<\/p>\n<p>Die Standardfarbe ist Schwarzgrau RAL 7021. Weitere Farben sind:<\/p>\n<ul>\n<li>Lichtgrau RAL 7035<\/li>\n<li>Verkehrswei\u00df RAL 9016<\/li>\n<li>Anthrazitgrau RAL 7016<\/li>\n<li>Tiefschwarz RAL 9005<\/li>\n<li>Reinwei\u00df RAL 9010<\/li>\n<li>Beigegrau RAL 7006<\/li>\n<\/ul>\n<p>F\u00fcr eine andere Farbe senden Sie bitte eine E-Mail an: <a href=\"mailto:info@eliassen.nl\">info@elassen.nl<\/a><\/p>\n<p>Die Qualit\u00e4t runder Polyester-Pflanzgef\u00e4\u00dfe wird durch die Farbgebung, die sich durch das gesamte Material zieht, noch verst\u00e4rkt. Der obere Rand ist gefaltet, was diesem Pflanzgef\u00e4\u00df ein sch\u00f6nes, zeitloses Aussehen verleiht.<\/p>\n<p>Wir empfehlen, die Pflanzgef\u00e4\u00dfe zweimal im Jahr zu reinigen. Nicht mit Stahlwolle, Schleifpapier oder L\u00f6sungsmitteln wie Verd\u00fcnner, Terpentin usw. reinigen.<\/p>\n<p>Bei anderen Farben oder mit R\u00e4dern verl\u00e4ngert sich die Lieferzeit.<\/p>\n<ul>\n<li>Sehr stark und langlebig<\/li>\n<li>Leicht<\/li>\n<li>5 Jahre Garantie<\/li>\n<li>Mit Nocken an der Unterseite f\u00fcr gute Entw\u00e4sserung<\/li>\n<li><strong>Kostenloser<\/strong> Versand innerhalb der Niederlande<\/li>\n<li>Seidig gl\u00e4nzende Farbe<\/li>\n<li>Democontainer k\u00f6nnen Sie bei uns vor Ort besichtigen<\/li>\n<\/ul>\n<p><strong>Aufmerksamkeit!<br \/><\/strong> Wenn Sie niederl\u00e4ndischer Kunde sind, w\u00e4hlen Sie in Ihrem Warenkorb \u201eAbholung in der Filiale\u201c aus. Dann fallen keine Versandkosten an und wir versenden Ihre Bestellung so schnell wie m\u00f6glich.<\/p>\n","protected":false},"excerpt":{"rendered":"<p>Rufen Sie uns an oder schicken Sie uns eine E-Mail f\u00fcr den besten Preis!<\/p>\n","protected":false},"featured_media":39643,"template":"","meta":{"_acf_changed":false},"product_brand":[6920],"product_cat":[1160,773,722,860,878,1166],"product_tag":[],"class_list":{"0":"post-130505","1":"product","2":"type-product","3":"status-publish","4":"has-post-thumbnail","6":"product_brand-adezz-de","7":"product_cat-adezz-pflanzgefaesse-polyester","8":"product_cat-adezz-produkte","9":"product_cat-blumentoepfe-und-pflanzgefaesse","10":"product_cat-polyester-pflanzgefaesse","11":"product_cat-runden","14":"first","15":"onbackorder","16":"taxable","17":"shipping-taxable","18":"purchasable","19":"product-type-variable"},"acf":[],"yoast_head":"<!-- This site is optimized with the Yoast SEO plugin v23.8 - https:\/\/yoast.com\/wordpress\/plugins\/seo\/ -->\n<title>Plantenbak Polyester Rond Bellis 150x60cm<\/title>\n<meta name=\"robots\" content=\"noindex, follow, max-snippet:-1, max-image-preview:large, max-video-preview:-1\" \/>\n<meta property=\"og:locale\" content=\"de_DE\" \/>\n<meta property=\"og:type\" content=\"article\" \/>\n<meta property=\"og:title\" content=\"Plantenbak Polyester Rond Bellis 150x60cm\" \/>\n<meta property=\"og:description\" content=\"Rufen Sie uns an oder schicken Sie uns eine E-Mail f\u00fcr den besten Preis!\" \/>\n<meta property=\"og:url\" content=\"https:\/\/dev.eliassen.nl\/de\/pflanzgefass-polyester-round-bellis-150x60cm\/\" \/>\n<meta property=\"og:site_name\" content=\"Eliassen.nl\" \/>\n<meta property=\"article:publisher\" content=\"https:\/\/www.facebook.com\/TuincentrumEliassenAmmerzoden\" \/>\n<meta property=\"article:modified_time\" content=\"2024-12-17T16:33:26+00:00\" \/>\n<meta property=\"og:image\" content=\"https:\/\/dev.eliassen.nl\/wp-content\/uploads\/2024\/01\/bellispj1.jpg\" \/>\n\t<meta property=\"og:image:width\" content=\"699\" \/>\n\t<meta property=\"og:image:height\" content=\"699\" \/>\n\t<meta property=\"og:image:type\" content=\"image\/jpeg\" \/>\n<meta name=\"twitter:card\" content=\"summary_large_image\" \/>\n<script type=\"application\/ld+json\" class=\"yoast-schema-graph\">{\"@context\":\"https:\/\/schema.org\",\"@graph\":[{\"@type\":\"WebPage\",\"@id\":\"https:\/\/dev.eliassen.nl\/de\/pflanzgefass-polyester-round-bellis-150x60cm\/\",\"url\":\"https:\/\/dev.eliassen.nl\/de\/pflanzgefass-polyester-round-bellis-150x60cm\/\",\"name\":\"Plantenbak Polyester Rond Bellis 150x60cm\",\"isPartOf\":{\"@id\":\"https:\/\/dev.eliassen.nl\/de\/#website\"},\"primaryImageOfPage\":{\"@id\":\"https:\/\/dev.eliassen.nl\/de\/pflanzgefass-polyester-round-bellis-150x60cm\/#primaryimage\"},\"image\":{\"@id\":\"https:\/\/dev.eliassen.nl\/de\/pflanzgefass-polyester-round-bellis-150x60cm\/#primaryimage\"},\"thumbnailUrl\":\"https:\/\/dev.eliassen.nl\/wp-content\/uploads\/2024\/01\/bellispj1.jpg\",\"datePublished\":\"2021-05-04T04:23:14+00:00\",\"dateModified\":\"2024-12-17T16:33:26+00:00\",\"breadcrumb\":{\"@id\":\"https:\/\/dev.eliassen.nl\/de\/pflanzgefass-polyester-round-bellis-150x60cm\/#breadcrumb\"},\"inLanguage\":\"de\",\"potentialAction\":[{\"@type\":\"ReadAction\",\"target\":[\"https:\/\/dev.eliassen.nl\/de\/pflanzgefass-polyester-round-bellis-150x60cm\/\"]}]},{\"@type\":\"ImageObject\",\"inLanguage\":\"de\",\"@id\":\"https:\/\/dev.eliassen.nl\/de\/pflanzgefass-polyester-round-bellis-150x60cm\/#primaryimage\",\"url\":\"https:\/\/dev.eliassen.nl\/wp-content\/uploads\/2024\/01\/bellispj1.jpg\",\"contentUrl\":\"https:\/\/dev.eliassen.nl\/wp-content\/uploads\/2024\/01\/bellispj1.jpg\",\"width\":699,\"height\":699,\"caption\":\"BELLIS PJ1\"},{\"@type\":\"BreadcrumbList\",\"@id\":\"https:\/\/dev.eliassen.nl\/de\/pflanzgefass-polyester-round-bellis-150x60cm\/#breadcrumb\",\"itemListElement\":[{\"@type\":\"ListItem\",\"position\":1,\"name\":\"Home\",\"item\":\"https:\/\/dev.eliassen.nl\/de\/\"},{\"@type\":\"ListItem\",\"position\":2,\"name\":\"Shop\",\"item\":\"https:\/\/dev.eliassen.nl\/nl\/winkel\/\"},{\"@type\":\"ListItem\",\"position\":3,\"name\":\"Blument\u00f6pfe und Pflanzgef\u00e4\u00dfe\",\"item\":\"https:\/\/dev.eliassen.nl\/de\/blumentoepfe-und-pflanzgefaesse\/\"},{\"@type\":\"ListItem\",\"position\":4,\"name\":\"Polyester-Pflanzgef\u00e4\u00dfe\",\"item\":\"https:\/\/dev.eliassen.nl\/de\/blumentoepfe-und-pflanzgefaesse\/polyester-pflanzgefaesse\/\"},{\"@type\":\"ListItem\",\"position\":5,\"name\":\"runden\",\"item\":\"https:\/\/dev.eliassen.nl\/de\/blumentoepfe-und-pflanzgefaesse\/polyester-pflanzgefaesse\/runden\/\"},{\"@type\":\"ListItem\",\"position\":6,\"name\":\"Pflanzgef\u00e4\u00df aus Polyester, rund, Bellis, 150 x 60 cm\"}]},{\"@type\":\"WebSite\",\"@id\":\"https:\/\/dev.eliassen.nl\/de\/#website\",\"url\":\"https:\/\/dev.eliassen.nl\/de\/\",\"name\":\"Eliassen Home & Garden Pleasure\",\"description\":\"\",\"publisher\":{\"@id\":\"https:\/\/dev.eliassen.nl\/de\/#organization\"},\"alternateName\":\"Eliassen.nl\",\"potentialAction\":[{\"@type\":\"SearchAction\",\"target\":{\"@type\":\"EntryPoint\",\"urlTemplate\":\"https:\/\/dev.eliassen.nl\/de\/?s={search_term_string}\"},\"query-input\":{\"@type\":\"PropertyValueSpecification\",\"valueRequired\":true,\"valueName\":\"search_term_string\"}}],\"inLanguage\":\"de\"},{\"@type\":\"Organization\",\"@id\":\"https:\/\/dev.eliassen.nl\/de\/#organization\",\"name\":\"Eliassen Home & Garden Pleasure\",\"url\":\"https:\/\/dev.eliassen.nl\/de\/\",\"logo\":{\"@type\":\"ImageObject\",\"inLanguage\":\"de\",\"@id\":\"https:\/\/dev.eliassen.nl\/de\/#\/schema\/logo\/image\/\",\"url\":\"https:\/\/www.eliassen.nl\/wp-content\/uploads\/2024\/01\/logo_4nd.jpg\",\"contentUrl\":\"https:\/\/www.eliassen.nl\/wp-content\/uploads\/2024\/01\/logo_4nd.jpg\",\"width\":500,\"height\":500,\"caption\":\"Eliassen Home & Garden Pleasure\"},\"image\":{\"@id\":\"https:\/\/dev.eliassen.nl\/de\/#\/schema\/logo\/image\/\"},\"sameAs\":[\"https:\/\/www.facebook.com\/TuincentrumEliassenAmmerzoden\",\"https:\/\/www.instagram.com\/eliassenhomeandgarden\/\",\"https:\/\/nl.pinterest.com\/eliassenhomeandgarden\/\",\"https:\/\/www.youtube.com\/@eliassenhomegardenpleasure4558\"]}]}<\/script>\n<!-- \/ Yoast SEO plugin. -->","yoast_head_json":{"title":"Plantenbak Polyester Rond Bellis 150x60cm","robots":{"index":"noindex","follow":"follow","max-snippet":"max-snippet:-1","max-image-preview":"max-image-preview:large","max-video-preview":"max-video-preview:-1"},"og_locale":"de_DE","og_type":"article","og_title":"Plantenbak Polyester Rond Bellis 150x60cm","og_description":"Rufen Sie uns an oder schicken Sie uns eine E-Mail f\u00fcr den besten Preis!","og_url":"https:\/\/dev.eliassen.nl\/de\/pflanzgefass-polyester-round-bellis-150x60cm\/","og_site_name":"Eliassen.nl","article_publisher":"https:\/\/www.facebook.com\/TuincentrumEliassenAmmerzoden","article_modified_time":"2024-12-17T16:33:26+00:00","og_image":[{"width":699,"height":699,"url":"https:\/\/dev.eliassen.nl\/wp-content\/uploads\/2024\/01\/bellispj1.jpg","type":"image\/jpeg"}],"twitter_card":"summary_large_image","schema":{"@context":"https:\/\/schema.org","@graph":[{"@type":"WebPage","@id":"https:\/\/dev.eliassen.nl\/de\/pflanzgefass-polyester-round-bellis-150x60cm\/","url":"https:\/\/dev.eliassen.nl\/de\/pflanzgefass-polyester-round-bellis-150x60cm\/","name":"Plantenbak Polyester Rond Bellis 150x60cm","isPartOf":{"@id":"https:\/\/dev.eliassen.nl\/de\/#website"},"primaryImageOfPage":{"@id":"https:\/\/dev.eliassen.nl\/de\/pflanzgefass-polyester-round-bellis-150x60cm\/#primaryimage"},"image":{"@id":"https:\/\/dev.eliassen.nl\/de\/pflanzgefass-polyester-round-bellis-150x60cm\/#primaryimage"},"thumbnailUrl":"https:\/\/dev.eliassen.nl\/wp-content\/uploads\/2024\/01\/bellispj1.jpg","datePublished":"2021-05-04T04:23:14+00:00","dateModified":"2024-12-17T16:33:26+00:00","breadcrumb":{"@id":"https:\/\/dev.eliassen.nl\/de\/pflanzgefass-polyester-round-bellis-150x60cm\/#breadcrumb"},"inLanguage":"de","potentialAction":[{"@type":"ReadAction","target":["https:\/\/dev.eliassen.nl\/de\/pflanzgefass-polyester-round-bellis-150x60cm\/"]}]},{"@type":"ImageObject","inLanguage":"de","@id":"https:\/\/dev.eliassen.nl\/de\/pflanzgefass-polyester-round-bellis-150x60cm\/#primaryimage","url":"https:\/\/dev.eliassen.nl\/wp-content\/uploads\/2024\/01\/bellispj1.jpg","contentUrl":"https:\/\/dev.eliassen.nl\/wp-content\/uploads\/2024\/01\/bellispj1.jpg","width":699,"height":699,"caption":"BELLIS PJ1"},{"@type":"BreadcrumbList","@id":"https:\/\/dev.eliassen.nl\/de\/pflanzgefass-polyester-round-bellis-150x60cm\/#breadcrumb","itemListElement":[{"@type":"ListItem","position":1,"name":"Home","item":"https:\/\/dev.eliassen.nl\/de\/"},{"@type":"ListItem","position":2,"name":"Shop","item":"https:\/\/dev.eliassen.nl\/nl\/winkel\/"},{"@type":"ListItem","position":3,"name":"Blument\u00f6pfe und Pflanzgef\u00e4\u00dfe","item":"https:\/\/dev.eliassen.nl\/de\/blumentoepfe-und-pflanzgefaesse\/"},{"@type":"ListItem","position":4,"name":"Polyester-Pflanzgef\u00e4\u00dfe","item":"https:\/\/dev.eliassen.nl\/de\/blumentoepfe-und-pflanzgefaesse\/polyester-pflanzgefaesse\/"},{"@type":"ListItem","position":5,"name":"runden","item":"https:\/\/dev.eliassen.nl\/de\/blumentoepfe-und-pflanzgefaesse\/polyester-pflanzgefaesse\/runden\/"},{"@type":"ListItem","position":6,"name":"Pflanzgef\u00e4\u00df aus Polyester, rund, Bellis, 150 x 60 cm"}]},{"@type":"WebSite","@id":"https:\/\/dev.eliassen.nl\/de\/#website","url":"https:\/\/dev.eliassen.nl\/de\/","name":"Eliassen Home & Garden Pleasure","description":"","publisher":{"@id":"https:\/\/dev.eliassen.nl\/de\/#organization"},"alternateName":"Eliassen.nl","potentialAction":[{"@type":"SearchAction","target":{"@type":"EntryPoint","urlTemplate":"https:\/\/dev.eliassen.nl\/de\/?s={search_term_string}"},"query-input":{"@type":"PropertyValueSpecification","valueRequired":true,"valueName":"search_term_string"}}],"inLanguage":"de"},{"@type":"Organization","@id":"https:\/\/dev.eliassen.nl\/de\/#organization","name":"Eliassen Home & Garden Pleasure","url":"https:\/\/dev.eliassen.nl\/de\/","logo":{"@type":"ImageObject","inLanguage":"de","@id":"https:\/\/dev.eliassen.nl\/de\/#\/schema\/logo\/image\/","url":"https:\/\/www.eliassen.nl\/wp-content\/uploads\/2024\/01\/logo_4nd.jpg","contentUrl":"https:\/\/www.eliassen.nl\/wp-content\/uploads\/2024\/01\/logo_4nd.jpg","width":500,"height":500,"caption":"Eliassen Home & Garden Pleasure"},"image":{"@id":"https:\/\/dev.eliassen.nl\/de\/#\/schema\/logo\/image\/"},"sameAs":["https:\/\/www.facebook.com\/TuincentrumEliassenAmmerzoden","https:\/\/www.instagram.com\/eliassenhomeandgarden\/","https:\/\/nl.pinterest.com\/eliassenhomeandgarden\/","https:\/\/www.youtube.com\/@eliassenhomegardenpleasure4558"]}]}},"df_price":708,"df_sale_price":"","df_regular_price":708,"df_image_link":"https:\/\/dev.eliassen.nl\/wp-content\/uploads\/2024\/01\/bellispj1.jpg","image":"https:\/\/dev.eliassen.nl\/wp-content\/uploads\/2024\/01\/bellispj1.jpg","price_search":"<span class=\"woocommerce-Price-amount amount\"><bdi><span class=\"woocommerce-Price-currencySymbol\">&euro;<\/span>&nbsp;708,00<\/bdi><\/span>","category":"ADEZZ Pflanzgef\u00e4\u00dfe Polyester","_links":{"self":[{"href":"https:\/\/dev.eliassen.nl\/de\/wp-json\/wp\/v2\/product\/130505","targetHints":{"allow":["GET"]}}],"collection":[{"href":"https:\/\/dev.eliassen.nl\/de\/wp-json\/wp\/v2\/product"}],"about":[{"href":"https:\/\/dev.eliassen.nl\/de\/wp-json\/wp\/v2\/types\/product"}],"wp:featuredmedia":[{"embeddable":true,"href":"https:\/\/dev.eliassen.nl\/de\/wp-json\/wp\/v2\/media\/39643"}],"wp:attachment":[{"href":"https:\/\/dev.eliassen.nl\/de\/wp-json\/wp\/v2\/media?parent=130505"}],"wp:term":[{"taxonomy":"product_brand","embeddable":true,"href":"https:\/\/dev.eliassen.nl\/de\/wp-json\/wp\/v2\/product_brand?post=130505"},{"taxonomy":"product_cat","embeddable":true,"href":"https:\/\/dev.eliassen.nl\/de\/wp-json\/wp\/v2\/product_cat?post=130505"},{"taxonomy":"product_tag","embeddable":true,"href":"https:\/\/dev.eliassen.nl\/de\/wp-json\/wp\/v2\/product_tag?post=130505"}],"curies":[{"name":"wp","href":"https:\/\/api.w.org\/{rel}","templated":true}]}}