{"id":13078,"date":"2019-10-28T17:35:20","date_gmt":"2019-10-28T16:35:20","guid":{"rendered":"https:\/\/www.eliassen.nl\/?product=gartenstatuenengel-athen"},"modified":"2024-12-05T15:18:42","modified_gmt":"2024-12-05T14:18:42","slug":"figur-engel-mit-flugeln-athena","status":"publish","type":"product","link":"https:\/\/dev.eliassen.nl\/de\/figur-engel-mit-flugeln-athena\/","title":{"rendered":"Figur Engel mit Fl\u00fcgeln Athena"},"content":{"rendered":"<p>Eine besondere Engelsstatue mit Fl\u00fcgeln, die auf einem Felsen sitzt. Hergestellt aus bestem Kunststein. Sch\u00f6n detailliert.<\/p>\n<ul>\n<li>Massiver Steinguss<\/li>\n<li>Farbe nat\u00fcrlich<\/li>\n<li>Gr\u00f6\u00dfe 37 cm breit und 80 cm hoch<\/li>\n<li>25kg<\/li>\n<li>10 Jahre Garantie<\/li>\n<li>Wir bem\u00fchen uns, dieses Produkt immer in unserem Showroom zu haben, damit Sie dieses Modell auch live sehen k\u00f6nnen. Rufen Sie uns an oder mailen Sie uns, wenn Sie kommen m\u00f6chten, um Missverst\u00e4ndnisse zu vermeiden.<\/li>\n<\/ul>\n","protected":false},"excerpt":{"rendered":"<p>Eine besondere Engelsstatue mit Fl\u00fcgeln, die auf einem Felsen sitzt. Hergestellt aus bestem Kunststein. Sch\u00f6n detailliert. Massiver Steinguss Farbe nat\u00fcrlich Gr\u00f6\u00dfe 37 cm breit und 80 cm hoch 25kg 10 Jahre Garantie Wir bem\u00fchen uns, dieses Produkt immer in unserem Showroom zu haben, damit Sie dieses Modell auch live sehen k\u00f6nnen. Rufen Sie uns an &hellip;<\/p>\n","protected":false},"featured_media":13066,"template":"","meta":{"_acf_changed":false},"product_brand":[6916],"product_cat":[677,695,7076],"product_tag":[],"class_list":{"0":"post-13078","1":"product","2":"type-product","3":"status-publish","4":"has-post-thumbnail","6":"product_brand-eliassen-de","7":"product_cat-betonstatuen","8":"product_cat-engels-und-marienstatuen","9":"product_cat-statues-figures","11":"first","12":"instock","13":"taxable","14":"shipping-taxable","15":"purchasable","16":"product-type-simple"},"acf":[],"yoast_head":"<!-- This site is optimized with the Yoast SEO plugin v23.8 - https:\/\/yoast.com\/wordpress\/plugins\/seo\/ -->\n<title>Statue Engel mit Fl\u00fcgeln Athena | Aus Steinguss | Eliassen.nl<\/title>\n<meta name=\"description\" content=\"Engelsstatue Athena aus allerbestem Steinguss. Sch\u00f6n detailliert. Sehen Sie sich unsere gesamte Sammlung von Engelsstatuen in unserem Webshop an.\" \/>\n<meta name=\"robots\" content=\"noindex, follow, max-snippet:-1, max-image-preview:large, max-video-preview:-1\" \/>\n<meta property=\"og:locale\" content=\"de_DE\" \/>\n<meta property=\"og:type\" content=\"article\" \/>\n<meta property=\"og:title\" content=\"Statue Engel mit Fl\u00fcgeln Athena | Aus Steinguss | Eliassen.nl\" \/>\n<meta property=\"og:description\" content=\"Engelsstatue Athena aus allerbestem Steinguss. Sch\u00f6n detailliert. Sehen Sie sich unsere gesamte Sammlung von Engelsstatuen in unserem Webshop an.\" \/>\n<meta property=\"og:url\" content=\"https:\/\/dev.eliassen.nl\/de\/figur-engel-mit-flugeln-athena\/\" \/>\n<meta property=\"og:site_name\" content=\"Eliassen.nl\" \/>\n<meta property=\"article:publisher\" content=\"https:\/\/www.facebook.com\/TuincentrumEliassenAmmerzoden\" \/>\n<meta property=\"article:modified_time\" content=\"2024-12-05T14:18:42+00:00\" \/>\n<meta property=\"og:image\" content=\"https:\/\/dev.eliassen.nl\/wp-content\/uploads\/2024\/01\/beeldengelmetvleugelsathene.jpg\" \/>\n\t<meta property=\"og:image:width\" content=\"400\" \/>\n\t<meta property=\"og:image:height\" content=\"600\" \/>\n\t<meta property=\"og:image:type\" content=\"image\/jpeg\" \/>\n<meta name=\"twitter:card\" content=\"summary_large_image\" \/>\n<script type=\"application\/ld+json\" class=\"yoast-schema-graph\">{\"@context\":\"https:\/\/schema.org\",\"@graph\":[{\"@type\":\"WebPage\",\"@id\":\"https:\/\/dev.eliassen.nl\/de\/figur-engel-mit-flugeln-athena\/\",\"url\":\"https:\/\/dev.eliassen.nl\/de\/figur-engel-mit-flugeln-athena\/\",\"name\":\"Statue Engel mit Fl\u00fcgeln Athena | Aus Steinguss | Eliassen.nl\",\"isPartOf\":{\"@id\":\"https:\/\/dev.eliassen.nl\/de\/#website\"},\"primaryImageOfPage\":{\"@id\":\"https:\/\/dev.eliassen.nl\/de\/figur-engel-mit-flugeln-athena\/#primaryimage\"},\"image\":{\"@id\":\"https:\/\/dev.eliassen.nl\/de\/figur-engel-mit-flugeln-athena\/#primaryimage\"},\"thumbnailUrl\":\"https:\/\/dev.eliassen.nl\/wp-content\/uploads\/2024\/01\/beeldengelmetvleugelsathene.jpg\",\"datePublished\":\"2019-10-28T16:35:20+00:00\",\"dateModified\":\"2024-12-05T14:18:42+00:00\",\"description\":\"Engelsstatue Athena aus allerbestem Steinguss. Sch\u00f6n detailliert. Sehen Sie sich unsere gesamte Sammlung von Engelsstatuen in unserem Webshop an.\",\"breadcrumb\":{\"@id\":\"https:\/\/dev.eliassen.nl\/de\/figur-engel-mit-flugeln-athena\/#breadcrumb\"},\"inLanguage\":\"de\",\"potentialAction\":[{\"@type\":\"ReadAction\",\"target\":[\"https:\/\/dev.eliassen.nl\/de\/figur-engel-mit-flugeln-athena\/\"]}]},{\"@type\":\"ImageObject\",\"inLanguage\":\"de\",\"@id\":\"https:\/\/dev.eliassen.nl\/de\/figur-engel-mit-flugeln-athena\/#primaryimage\",\"url\":\"https:\/\/dev.eliassen.nl\/wp-content\/uploads\/2024\/01\/beeldengelmetvleugelsathene.jpg\",\"contentUrl\":\"https:\/\/dev.eliassen.nl\/wp-content\/uploads\/2024\/01\/beeldengelmetvleugelsathene.jpg\",\"width\":400,\"height\":600,\"caption\":\"Beeld Engel met vleugels Athene\"},{\"@type\":\"BreadcrumbList\",\"@id\":\"https:\/\/dev.eliassen.nl\/de\/figur-engel-mit-flugeln-athena\/#breadcrumb\",\"itemListElement\":[{\"@type\":\"ListItem\",\"position\":1,\"name\":\"Home\",\"item\":\"https:\/\/dev.eliassen.nl\/de\/\"},{\"@type\":\"ListItem\",\"position\":2,\"name\":\"Shop\",\"item\":\"https:\/\/dev.eliassen.nl\/nl\/winkel\/\"},{\"@type\":\"ListItem\",\"position\":3,\"name\":\"Statuen-Skulpturen\",\"item\":\"https:\/\/dev.eliassen.nl\/de\/statuen-skulpturen\/\"},{\"@type\":\"ListItem\",\"position\":4,\"name\":\"Betonstatuen\",\"item\":\"https:\/\/dev.eliassen.nl\/de\/bilder\/betonstatuen\/\"},{\"@type\":\"ListItem\",\"position\":5,\"name\":\"Engels- und Marienstatuen\",\"item\":\"https:\/\/dev.eliassen.nl\/de\/bilder\/betonstatuen\/engels-und-marienstatuen\/\"},{\"@type\":\"ListItem\",\"position\":6,\"name\":\"Figur Engel mit Fl\u00fcgeln Athena\"}]},{\"@type\":\"WebSite\",\"@id\":\"https:\/\/dev.eliassen.nl\/de\/#website\",\"url\":\"https:\/\/dev.eliassen.nl\/de\/\",\"name\":\"Eliassen Home & Garden Pleasure\",\"description\":\"\",\"publisher\":{\"@id\":\"https:\/\/dev.eliassen.nl\/de\/#organization\"},\"alternateName\":\"Eliassen.nl\",\"potentialAction\":[{\"@type\":\"SearchAction\",\"target\":{\"@type\":\"EntryPoint\",\"urlTemplate\":\"https:\/\/dev.eliassen.nl\/de\/?s={search_term_string}\"},\"query-input\":{\"@type\":\"PropertyValueSpecification\",\"valueRequired\":true,\"valueName\":\"search_term_string\"}}],\"inLanguage\":\"de\"},{\"@type\":\"Organization\",\"@id\":\"https:\/\/dev.eliassen.nl\/de\/#organization\",\"name\":\"Eliassen Home & Garden Pleasure\",\"url\":\"https:\/\/dev.eliassen.nl\/de\/\",\"logo\":{\"@type\":\"ImageObject\",\"inLanguage\":\"de\",\"@id\":\"https:\/\/dev.eliassen.nl\/de\/#\/schema\/logo\/image\/\",\"url\":\"https:\/\/www.eliassen.nl\/wp-content\/uploads\/2024\/01\/logo_4nd.jpg\",\"contentUrl\":\"https:\/\/www.eliassen.nl\/wp-content\/uploads\/2024\/01\/logo_4nd.jpg\",\"width\":500,\"height\":500,\"caption\":\"Eliassen Home & Garden Pleasure\"},\"image\":{\"@id\":\"https:\/\/dev.eliassen.nl\/de\/#\/schema\/logo\/image\/\"},\"sameAs\":[\"https:\/\/www.facebook.com\/TuincentrumEliassenAmmerzoden\",\"https:\/\/www.instagram.com\/eliassenhomeandgarden\/\",\"https:\/\/nl.pinterest.com\/eliassenhomeandgarden\/\",\"https:\/\/www.youtube.com\/@eliassenhomegardenpleasure4558\"]}]}<\/script>\n<!-- \/ Yoast SEO plugin. -->","yoast_head_json":{"title":"Statue Engel mit Fl\u00fcgeln Athena | Aus Steinguss | Eliassen.nl","description":"Engelsstatue Athena aus allerbestem Steinguss. Sch\u00f6n detailliert. Sehen Sie sich unsere gesamte Sammlung von Engelsstatuen in unserem Webshop an.","robots":{"index":"noindex","follow":"follow","max-snippet":"max-snippet:-1","max-image-preview":"max-image-preview:large","max-video-preview":"max-video-preview:-1"},"og_locale":"de_DE","og_type":"article","og_title":"Statue Engel mit Fl\u00fcgeln Athena | Aus Steinguss | Eliassen.nl","og_description":"Engelsstatue Athena aus allerbestem Steinguss. Sch\u00f6n detailliert. Sehen Sie sich unsere gesamte Sammlung von Engelsstatuen in unserem Webshop an.","og_url":"https:\/\/dev.eliassen.nl\/de\/figur-engel-mit-flugeln-athena\/","og_site_name":"Eliassen.nl","article_publisher":"https:\/\/www.facebook.com\/TuincentrumEliassenAmmerzoden","article_modified_time":"2024-12-05T14:18:42+00:00","og_image":[{"width":400,"height":600,"url":"https:\/\/dev.eliassen.nl\/wp-content\/uploads\/2024\/01\/beeldengelmetvleugelsathene.jpg","type":"image\/jpeg"}],"twitter_card":"summary_large_image","schema":{"@context":"https:\/\/schema.org","@graph":[{"@type":"WebPage","@id":"https:\/\/dev.eliassen.nl\/de\/figur-engel-mit-flugeln-athena\/","url":"https:\/\/dev.eliassen.nl\/de\/figur-engel-mit-flugeln-athena\/","name":"Statue Engel mit Fl\u00fcgeln Athena | Aus Steinguss | Eliassen.nl","isPartOf":{"@id":"https:\/\/dev.eliassen.nl\/de\/#website"},"primaryImageOfPage":{"@id":"https:\/\/dev.eliassen.nl\/de\/figur-engel-mit-flugeln-athena\/#primaryimage"},"image":{"@id":"https:\/\/dev.eliassen.nl\/de\/figur-engel-mit-flugeln-athena\/#primaryimage"},"thumbnailUrl":"https:\/\/dev.eliassen.nl\/wp-content\/uploads\/2024\/01\/beeldengelmetvleugelsathene.jpg","datePublished":"2019-10-28T16:35:20+00:00","dateModified":"2024-12-05T14:18:42+00:00","description":"Engelsstatue Athena aus allerbestem Steinguss. Sch\u00f6n detailliert. Sehen Sie sich unsere gesamte Sammlung von Engelsstatuen in unserem Webshop an.","breadcrumb":{"@id":"https:\/\/dev.eliassen.nl\/de\/figur-engel-mit-flugeln-athena\/#breadcrumb"},"inLanguage":"de","potentialAction":[{"@type":"ReadAction","target":["https:\/\/dev.eliassen.nl\/de\/figur-engel-mit-flugeln-athena\/"]}]},{"@type":"ImageObject","inLanguage":"de","@id":"https:\/\/dev.eliassen.nl\/de\/figur-engel-mit-flugeln-athena\/#primaryimage","url":"https:\/\/dev.eliassen.nl\/wp-content\/uploads\/2024\/01\/beeldengelmetvleugelsathene.jpg","contentUrl":"https:\/\/dev.eliassen.nl\/wp-content\/uploads\/2024\/01\/beeldengelmetvleugelsathene.jpg","width":400,"height":600,"caption":"Beeld Engel met vleugels Athene"},{"@type":"BreadcrumbList","@id":"https:\/\/dev.eliassen.nl\/de\/figur-engel-mit-flugeln-athena\/#breadcrumb","itemListElement":[{"@type":"ListItem","position":1,"name":"Home","item":"https:\/\/dev.eliassen.nl\/de\/"},{"@type":"ListItem","position":2,"name":"Shop","item":"https:\/\/dev.eliassen.nl\/nl\/winkel\/"},{"@type":"ListItem","position":3,"name":"Statuen-Skulpturen","item":"https:\/\/dev.eliassen.nl\/de\/statuen-skulpturen\/"},{"@type":"ListItem","position":4,"name":"Betonstatuen","item":"https:\/\/dev.eliassen.nl\/de\/bilder\/betonstatuen\/"},{"@type":"ListItem","position":5,"name":"Engels- und Marienstatuen","item":"https:\/\/dev.eliassen.nl\/de\/bilder\/betonstatuen\/engels-und-marienstatuen\/"},{"@type":"ListItem","position":6,"name":"Figur Engel mit Fl\u00fcgeln Athena"}]},{"@type":"WebSite","@id":"https:\/\/dev.eliassen.nl\/de\/#website","url":"https:\/\/dev.eliassen.nl\/de\/","name":"Eliassen Home & Garden Pleasure","description":"","publisher":{"@id":"https:\/\/dev.eliassen.nl\/de\/#organization"},"alternateName":"Eliassen.nl","potentialAction":[{"@type":"SearchAction","target":{"@type":"EntryPoint","urlTemplate":"https:\/\/dev.eliassen.nl\/de\/?s={search_term_string}"},"query-input":{"@type":"PropertyValueSpecification","valueRequired":true,"valueName":"search_term_string"}}],"inLanguage":"de"},{"@type":"Organization","@id":"https:\/\/dev.eliassen.nl\/de\/#organization","name":"Eliassen Home & Garden Pleasure","url":"https:\/\/dev.eliassen.nl\/de\/","logo":{"@type":"ImageObject","inLanguage":"de","@id":"https:\/\/dev.eliassen.nl\/de\/#\/schema\/logo\/image\/","url":"https:\/\/www.eliassen.nl\/wp-content\/uploads\/2024\/01\/logo_4nd.jpg","contentUrl":"https:\/\/www.eliassen.nl\/wp-content\/uploads\/2024\/01\/logo_4nd.jpg","width":500,"height":500,"caption":"Eliassen Home & Garden Pleasure"},"image":{"@id":"https:\/\/dev.eliassen.nl\/de\/#\/schema\/logo\/image\/"},"sameAs":["https:\/\/www.facebook.com\/TuincentrumEliassenAmmerzoden","https:\/\/www.instagram.com\/eliassenhomeandgarden\/","https:\/\/nl.pinterest.com\/eliassenhomeandgarden\/","https:\/\/www.youtube.com\/@eliassenhomegardenpleasure4558"]}]}},"df_price":219,"df_sale_price":"","df_regular_price":219,"df_image_link":"https:\/\/dev.eliassen.nl\/wp-content\/uploads\/2024\/01\/beeldengelmetvleugelsathene.jpg","image":"https:\/\/dev.eliassen.nl\/wp-content\/uploads\/2024\/01\/beeldengelmetvleugelsathene.jpg","price_search":"<span class=\"woocommerce-Price-amount amount\"><bdi><span class=\"woocommerce-Price-currencySymbol\">&euro;<\/span>&nbsp;219,00<\/bdi><\/span>","category":"Betonstatuen","_links":{"self":[{"href":"https:\/\/dev.eliassen.nl\/de\/wp-json\/wp\/v2\/product\/13078","targetHints":{"allow":["GET"]}}],"collection":[{"href":"https:\/\/dev.eliassen.nl\/de\/wp-json\/wp\/v2\/product"}],"about":[{"href":"https:\/\/dev.eliassen.nl\/de\/wp-json\/wp\/v2\/types\/product"}],"wp:featuredmedia":[{"embeddable":true,"href":"https:\/\/dev.eliassen.nl\/de\/wp-json\/wp\/v2\/media\/13066"}],"wp:attachment":[{"href":"https:\/\/dev.eliassen.nl\/de\/wp-json\/wp\/v2\/media?parent=13078"}],"wp:term":[{"taxonomy":"product_brand","embeddable":true,"href":"https:\/\/dev.eliassen.nl\/de\/wp-json\/wp\/v2\/product_brand?post=13078"},{"taxonomy":"product_cat","embeddable":true,"href":"https:\/\/dev.eliassen.nl\/de\/wp-json\/wp\/v2\/product_cat?post=13078"},{"taxonomy":"product_tag","embeddable":true,"href":"https:\/\/dev.eliassen.nl\/de\/wp-json\/wp\/v2\/product_tag?post=13078"}],"curies":[{"name":"wp","href":"https:\/\/api.w.org\/{rel}","templated":true}]}}