{"id":131585,"date":"2021-05-05T06:01:54","date_gmt":"2021-05-05T04:01:54","guid":{"rendered":"https:\/\/www.eliassen.nl\/?product=plantenbak-polyester-rechthoek-buxus-100x40x80cm"},"modified":"2024-12-17T17:47:28","modified_gmt":"2024-12-17T16:47:28","slug":"pflanzgefass-polyester-rechteck-buchsbaum-100x40x80cm","status":"publish","type":"product","link":"https:\/\/dev.eliassen.nl\/de\/pflanzgefass-polyester-rechteck-buchsbaum-100x40x80cm\/","title":{"rendered":"Pflanzgef\u00e4\u00df Polyester Rechteck Buchsbaum 100x40x80cm"},"content":{"rendered":"<p><strong><a href=\"https:\/\/cdn.adezz.com\/production\/ERP_handleidingen\/Productmodellen\/178\/311\/ADEZZ%20Plantzgef%C3%A4%C3%9Fe%20Polyester_DE.pdf\" target=\"_blank\" rel=\"noopener\">Handbuch<\/a> | <a href=\"https:\/\/cdn.adezz.com\/production\/ERP_handleidingen\/Producten\/2102\/202\/PB24.3%201000x400x800%20Sheet1.PDF\" target=\"_blank\" rel=\"noopener\">Skizzieren<\/a><\/strong><\/p>\n<p><strong><a href=\"https:\/\/www.youtube.com\/watch?v=zdflGbngZCM\" target=\"_blank\" rel=\"noopener\"><img decoding=\"async\" src=\"https:\/\/www.eliassen.nl\/wp-content\/uploads\/content\/youtube-play.png\" alt=\"\" width=\"27\" height=\"27\" \/><\/a><\/strong><strong><a href=\"https:\/\/www.youtube.com\/watch?v=zdflGbngZCM\" target=\"_blank\" rel=\"noopener\">Schau video<\/a><\/strong><\/p>\n<p>Dieser superstarke Pflanzer in Satinglanz besteht aus hochwertigem, verst\u00e4rktem Fiberglas mit zus\u00e4tzlicher Verst\u00e4rkung an den Ecken. Ideal auch f\u00fcr die Platzierung auf Parkpl\u00e4tzen, Einfahrten und dergleichen, da dieser Pflanzer sehr stark ist.<\/p>\n<p>Die Standardfarbe ist Schwarz Grau RAL 7021. Andere Farben sind:<\/p>\n<ul>\n<li>Hellgrau RAL 7035<\/li>\n<li>Verkehr wei\u00df RAL 9016<\/li>\n<li>Anthrazitgrau RAL 7016<\/li>\n<li>Tiefschwarzer RAL 9005<\/li>\n<li>Reinwei\u00df RAL 9010<\/li>\n<li>Beigegrau RAL 7006<\/li>\n<\/ul>\n<p>F\u00fcr eine andere Farbe <a href=\"mailto:info@eliassen.nl\">mailen Sie an: info@eliassen.nl<\/a><\/p>\n<p>Die Qualit\u00e4t aller Polyester-Pflanzgef\u00e4\u00dfe wird durch die F\u00e4rbung des gesamten Materials verbessert. Die Oberkante wurde zweimal umgebaut, was diesem Pflanzgef\u00e4\u00df einen sch\u00f6nen zeitlosen Look verleiht.<\/p>\n<p>Wir empfehlen, die Pflanzgef\u00e4\u00dfe zweimal im Jahr zu reinigen. Nicht mit Stahlwolle, Sandpapier oder L\u00f6sungsmitteln wie Verd\u00fcnner, Testbenzin usw. reinigen.<\/p>\n<p>Erh\u00e4ltlich in nicht weniger als 37 Gr\u00f6\u00dfen! Die Lieferzeit ist bei anderen Farben oder bei R\u00e4dern l\u00e4nger.<\/p>\n<ul>\n<li>Sehr stark und langlebig<\/li>\n<li>Leicht<\/li>\n<li>5 Jahre Garantie<\/li>\n<li>Mit Stollen am Boden f\u00fcr eine gute Drainage<\/li>\n<li><strong>Kostenloser<\/strong> Versand innerhalb der Niederlande<\/li>\n<li>Satin in Farbe<\/li>\n<li>Mit Isolierung in den W\u00e4nden<\/li>\n<li>Sehen Sie sich Demobeh\u00e4lter in unseren R\u00e4umlichkeiten an<\/li>\n<\/ul>\n<p><strong>Beachtung!<br \/><\/strong> Wenn Sie ein niederl\u00e4ndischer Kunde sind, w\u00e4hlen Sie in Ihrem Warenkorb &#8220;Abholung im Gesch\u00e4ft&#8221;. Dann werden keine Versandkosten berechnet und wir senden Ihre Bestellung so schnell wie m\u00f6glich.<\/p>\n","protected":false},"excerpt":{"rendered":"<p>Rufen Sie uns an oder mailen Sie uns f\u00fcr den besten Preis!<\/p>\n","protected":false},"featured_media":42268,"template":"","meta":{"_acf_changed":false},"product_brand":[6920],"product_cat":[1160,773,722,860,1163,872],"product_tag":[],"class_list":{"0":"post-131585","1":"product","2":"type-product","3":"status-publish","4":"has-post-thumbnail","6":"product_brand-adezz-de","7":"product_cat-adezz-pflanzgefaesse-polyester","8":"product_cat-adezz-produkte","9":"product_cat-blumentoepfe-und-pflanzgefaesse","10":"product_cat-polyester-pflanzgefaesse","11":"product_cat-rechteck","14":"first","15":"onbackorder","16":"taxable","17":"shipping-taxable","18":"purchasable","19":"product-type-variable"},"acf":[],"yoast_head":"<!-- This site is optimized with the Yoast SEO plugin v23.8 - https:\/\/yoast.com\/wordpress\/plugins\/seo\/ -->\n<title>Plantenbak Polyester Rechthoek Buxus 100x40x80cm<\/title>\n<meta name=\"robots\" content=\"noindex, follow, max-snippet:-1, max-image-preview:large, max-video-preview:-1\" \/>\n<meta property=\"og:locale\" content=\"de_DE\" \/>\n<meta property=\"og:type\" content=\"article\" \/>\n<meta property=\"og:title\" content=\"Plantenbak Polyester Rechthoek Buxus 100x40x80cm\" \/>\n<meta property=\"og:description\" content=\"Rufen Sie uns an oder mailen Sie uns f\u00fcr den besten Preis!\" \/>\n<meta property=\"og:url\" content=\"https:\/\/dev.eliassen.nl\/de\/pflanzgefass-polyester-rechteck-buchsbaum-100x40x80cm\/\" \/>\n<meta property=\"og:site_name\" content=\"Eliassen.nl\" \/>\n<meta property=\"article:publisher\" content=\"https:\/\/www.facebook.com\/TuincentrumEliassenAmmerzoden\" \/>\n<meta property=\"article:modified_time\" content=\"2024-12-17T16:47:28+00:00\" \/>\n<meta property=\"og:image\" content=\"https:\/\/dev.eliassen.nl\/wp-content\/uploads\/2024\/01\/pb32_2nd.png\" \/>\n\t<meta property=\"og:image:width\" content=\"699\" \/>\n\t<meta property=\"og:image:height\" content=\"699\" \/>\n\t<meta property=\"og:image:type\" content=\"image\/png\" \/>\n<meta name=\"twitter:card\" content=\"summary_large_image\" \/>\n<script type=\"application\/ld+json\" class=\"yoast-schema-graph\">{\"@context\":\"https:\/\/schema.org\",\"@graph\":[{\"@type\":\"WebPage\",\"@id\":\"https:\/\/dev.eliassen.nl\/de\/pflanzgefass-polyester-rechteck-buchsbaum-100x40x80cm\/\",\"url\":\"https:\/\/dev.eliassen.nl\/de\/pflanzgefass-polyester-rechteck-buchsbaum-100x40x80cm\/\",\"name\":\"Plantenbak Polyester Rechthoek Buxus 100x40x80cm\",\"isPartOf\":{\"@id\":\"https:\/\/dev.eliassen.nl\/de\/#website\"},\"primaryImageOfPage\":{\"@id\":\"https:\/\/dev.eliassen.nl\/de\/pflanzgefass-polyester-rechteck-buchsbaum-100x40x80cm\/#primaryimage\"},\"image\":{\"@id\":\"https:\/\/dev.eliassen.nl\/de\/pflanzgefass-polyester-rechteck-buchsbaum-100x40x80cm\/#primaryimage\"},\"thumbnailUrl\":\"https:\/\/dev.eliassen.nl\/wp-content\/uploads\/2024\/01\/pb32_2nd.png\",\"datePublished\":\"2021-05-05T04:01:54+00:00\",\"dateModified\":\"2024-12-17T16:47:28+00:00\",\"breadcrumb\":{\"@id\":\"https:\/\/dev.eliassen.nl\/de\/pflanzgefass-polyester-rechteck-buchsbaum-100x40x80cm\/#breadcrumb\"},\"inLanguage\":\"de\",\"potentialAction\":[{\"@type\":\"ReadAction\",\"target\":[\"https:\/\/dev.eliassen.nl\/de\/pflanzgefass-polyester-rechteck-buchsbaum-100x40x80cm\/\"]}]},{\"@type\":\"ImageObject\",\"inLanguage\":\"de\",\"@id\":\"https:\/\/dev.eliassen.nl\/de\/pflanzgefass-polyester-rechteck-buchsbaum-100x40x80cm\/#primaryimage\",\"url\":\"https:\/\/dev.eliassen.nl\/wp-content\/uploads\/2024\/01\/pb32_2nd.png\",\"contentUrl\":\"https:\/\/dev.eliassen.nl\/wp-content\/uploads\/2024\/01\/pb32_2nd.png\",\"width\":699,\"height\":699,\"caption\":\"PB32\"},{\"@type\":\"BreadcrumbList\",\"@id\":\"https:\/\/dev.eliassen.nl\/de\/pflanzgefass-polyester-rechteck-buchsbaum-100x40x80cm\/#breadcrumb\",\"itemListElement\":[{\"@type\":\"ListItem\",\"position\":1,\"name\":\"Home\",\"item\":\"https:\/\/dev.eliassen.nl\/de\/\"},{\"@type\":\"ListItem\",\"position\":2,\"name\":\"Shop\",\"item\":\"https:\/\/dev.eliassen.nl\/nl\/winkel\/\"},{\"@type\":\"ListItem\",\"position\":3,\"name\":\"Blument\u00f6pfe und Pflanzgef\u00e4\u00dfe\",\"item\":\"https:\/\/dev.eliassen.nl\/de\/blumentoepfe-und-pflanzgefaesse\/\"},{\"@type\":\"ListItem\",\"position\":4,\"name\":\"Polyester-Pflanzgef\u00e4\u00dfe\",\"item\":\"https:\/\/dev.eliassen.nl\/de\/blumentoepfe-und-pflanzgefaesse\/polyester-pflanzgefaesse\/\"},{\"@type\":\"ListItem\",\"position\":5,\"name\":\"Rechteck\",\"item\":\"https:\/\/dev.eliassen.nl\/de\/blumentoepfe-und-pflanzgefaesse\/polyester-pflanzgefaesse\/rechteck\/\"},{\"@type\":\"ListItem\",\"position\":6,\"name\":\"Pflanzgef\u00e4\u00df Polyester Rechteck Buchsbaum 100x40x80cm\"}]},{\"@type\":\"WebSite\",\"@id\":\"https:\/\/dev.eliassen.nl\/de\/#website\",\"url\":\"https:\/\/dev.eliassen.nl\/de\/\",\"name\":\"Eliassen Home & Garden Pleasure\",\"description\":\"\",\"publisher\":{\"@id\":\"https:\/\/dev.eliassen.nl\/de\/#organization\"},\"alternateName\":\"Eliassen.nl\",\"potentialAction\":[{\"@type\":\"SearchAction\",\"target\":{\"@type\":\"EntryPoint\",\"urlTemplate\":\"https:\/\/dev.eliassen.nl\/de\/?s={search_term_string}\"},\"query-input\":{\"@type\":\"PropertyValueSpecification\",\"valueRequired\":true,\"valueName\":\"search_term_string\"}}],\"inLanguage\":\"de\"},{\"@type\":\"Organization\",\"@id\":\"https:\/\/dev.eliassen.nl\/de\/#organization\",\"name\":\"Eliassen Home & Garden Pleasure\",\"url\":\"https:\/\/dev.eliassen.nl\/de\/\",\"logo\":{\"@type\":\"ImageObject\",\"inLanguage\":\"de\",\"@id\":\"https:\/\/dev.eliassen.nl\/de\/#\/schema\/logo\/image\/\",\"url\":\"https:\/\/www.eliassen.nl\/wp-content\/uploads\/2024\/01\/logo_4nd.jpg\",\"contentUrl\":\"https:\/\/www.eliassen.nl\/wp-content\/uploads\/2024\/01\/logo_4nd.jpg\",\"width\":500,\"height\":500,\"caption\":\"Eliassen Home & Garden Pleasure\"},\"image\":{\"@id\":\"https:\/\/dev.eliassen.nl\/de\/#\/schema\/logo\/image\/\"},\"sameAs\":[\"https:\/\/www.facebook.com\/TuincentrumEliassenAmmerzoden\",\"https:\/\/www.instagram.com\/eliassenhomeandgarden\/\",\"https:\/\/nl.pinterest.com\/eliassenhomeandgarden\/\",\"https:\/\/www.youtube.com\/@eliassenhomegardenpleasure4558\"]}]}<\/script>\n<!-- \/ Yoast SEO plugin. -->","yoast_head_json":{"title":"Plantenbak Polyester Rechthoek Buxus 100x40x80cm","robots":{"index":"noindex","follow":"follow","max-snippet":"max-snippet:-1","max-image-preview":"max-image-preview:large","max-video-preview":"max-video-preview:-1"},"og_locale":"de_DE","og_type":"article","og_title":"Plantenbak Polyester Rechthoek Buxus 100x40x80cm","og_description":"Rufen Sie uns an oder mailen Sie uns f\u00fcr den besten Preis!","og_url":"https:\/\/dev.eliassen.nl\/de\/pflanzgefass-polyester-rechteck-buchsbaum-100x40x80cm\/","og_site_name":"Eliassen.nl","article_publisher":"https:\/\/www.facebook.com\/TuincentrumEliassenAmmerzoden","article_modified_time":"2024-12-17T16:47:28+00:00","og_image":[{"width":699,"height":699,"url":"https:\/\/dev.eliassen.nl\/wp-content\/uploads\/2024\/01\/pb32_2nd.png","type":"image\/png"}],"twitter_card":"summary_large_image","schema":{"@context":"https:\/\/schema.org","@graph":[{"@type":"WebPage","@id":"https:\/\/dev.eliassen.nl\/de\/pflanzgefass-polyester-rechteck-buchsbaum-100x40x80cm\/","url":"https:\/\/dev.eliassen.nl\/de\/pflanzgefass-polyester-rechteck-buchsbaum-100x40x80cm\/","name":"Plantenbak Polyester Rechthoek Buxus 100x40x80cm","isPartOf":{"@id":"https:\/\/dev.eliassen.nl\/de\/#website"},"primaryImageOfPage":{"@id":"https:\/\/dev.eliassen.nl\/de\/pflanzgefass-polyester-rechteck-buchsbaum-100x40x80cm\/#primaryimage"},"image":{"@id":"https:\/\/dev.eliassen.nl\/de\/pflanzgefass-polyester-rechteck-buchsbaum-100x40x80cm\/#primaryimage"},"thumbnailUrl":"https:\/\/dev.eliassen.nl\/wp-content\/uploads\/2024\/01\/pb32_2nd.png","datePublished":"2021-05-05T04:01:54+00:00","dateModified":"2024-12-17T16:47:28+00:00","breadcrumb":{"@id":"https:\/\/dev.eliassen.nl\/de\/pflanzgefass-polyester-rechteck-buchsbaum-100x40x80cm\/#breadcrumb"},"inLanguage":"de","potentialAction":[{"@type":"ReadAction","target":["https:\/\/dev.eliassen.nl\/de\/pflanzgefass-polyester-rechteck-buchsbaum-100x40x80cm\/"]}]},{"@type":"ImageObject","inLanguage":"de","@id":"https:\/\/dev.eliassen.nl\/de\/pflanzgefass-polyester-rechteck-buchsbaum-100x40x80cm\/#primaryimage","url":"https:\/\/dev.eliassen.nl\/wp-content\/uploads\/2024\/01\/pb32_2nd.png","contentUrl":"https:\/\/dev.eliassen.nl\/wp-content\/uploads\/2024\/01\/pb32_2nd.png","width":699,"height":699,"caption":"PB32"},{"@type":"BreadcrumbList","@id":"https:\/\/dev.eliassen.nl\/de\/pflanzgefass-polyester-rechteck-buchsbaum-100x40x80cm\/#breadcrumb","itemListElement":[{"@type":"ListItem","position":1,"name":"Home","item":"https:\/\/dev.eliassen.nl\/de\/"},{"@type":"ListItem","position":2,"name":"Shop","item":"https:\/\/dev.eliassen.nl\/nl\/winkel\/"},{"@type":"ListItem","position":3,"name":"Blument\u00f6pfe und Pflanzgef\u00e4\u00dfe","item":"https:\/\/dev.eliassen.nl\/de\/blumentoepfe-und-pflanzgefaesse\/"},{"@type":"ListItem","position":4,"name":"Polyester-Pflanzgef\u00e4\u00dfe","item":"https:\/\/dev.eliassen.nl\/de\/blumentoepfe-und-pflanzgefaesse\/polyester-pflanzgefaesse\/"},{"@type":"ListItem","position":5,"name":"Rechteck","item":"https:\/\/dev.eliassen.nl\/de\/blumentoepfe-und-pflanzgefaesse\/polyester-pflanzgefaesse\/rechteck\/"},{"@type":"ListItem","position":6,"name":"Pflanzgef\u00e4\u00df Polyester Rechteck Buchsbaum 100x40x80cm"}]},{"@type":"WebSite","@id":"https:\/\/dev.eliassen.nl\/de\/#website","url":"https:\/\/dev.eliassen.nl\/de\/","name":"Eliassen Home & Garden Pleasure","description":"","publisher":{"@id":"https:\/\/dev.eliassen.nl\/de\/#organization"},"alternateName":"Eliassen.nl","potentialAction":[{"@type":"SearchAction","target":{"@type":"EntryPoint","urlTemplate":"https:\/\/dev.eliassen.nl\/de\/?s={search_term_string}"},"query-input":{"@type":"PropertyValueSpecification","valueRequired":true,"valueName":"search_term_string"}}],"inLanguage":"de"},{"@type":"Organization","@id":"https:\/\/dev.eliassen.nl\/de\/#organization","name":"Eliassen Home & Garden Pleasure","url":"https:\/\/dev.eliassen.nl\/de\/","logo":{"@type":"ImageObject","inLanguage":"de","@id":"https:\/\/dev.eliassen.nl\/de\/#\/schema\/logo\/image\/","url":"https:\/\/www.eliassen.nl\/wp-content\/uploads\/2024\/01\/logo_4nd.jpg","contentUrl":"https:\/\/www.eliassen.nl\/wp-content\/uploads\/2024\/01\/logo_4nd.jpg","width":500,"height":500,"caption":"Eliassen Home & Garden Pleasure"},"image":{"@id":"https:\/\/dev.eliassen.nl\/de\/#\/schema\/logo\/image\/"},"sameAs":["https:\/\/www.facebook.com\/TuincentrumEliassenAmmerzoden","https:\/\/www.instagram.com\/eliassenhomeandgarden\/","https:\/\/nl.pinterest.com\/eliassenhomeandgarden\/","https:\/\/www.youtube.com\/@eliassenhomegardenpleasure4558"]}]}},"df_price":423,"df_sale_price":"","df_regular_price":423,"df_image_link":"https:\/\/dev.eliassen.nl\/wp-content\/uploads\/2024\/01\/pb32_2nd.png","image":"https:\/\/dev.eliassen.nl\/wp-content\/uploads\/2024\/01\/pb32_2nd.png","price_search":"<span class=\"woocommerce-Price-amount amount\"><bdi><span class=\"woocommerce-Price-currencySymbol\">&euro;<\/span>&nbsp;423,00<\/bdi><\/span>","category":"ADEZZ Pflanzgef\u00e4\u00dfe Polyester","_links":{"self":[{"href":"https:\/\/dev.eliassen.nl\/de\/wp-json\/wp\/v2\/product\/131585","targetHints":{"allow":["GET"]}}],"collection":[{"href":"https:\/\/dev.eliassen.nl\/de\/wp-json\/wp\/v2\/product"}],"about":[{"href":"https:\/\/dev.eliassen.nl\/de\/wp-json\/wp\/v2\/types\/product"}],"wp:featuredmedia":[{"embeddable":true,"href":"https:\/\/dev.eliassen.nl\/de\/wp-json\/wp\/v2\/media\/42268"}],"wp:attachment":[{"href":"https:\/\/dev.eliassen.nl\/de\/wp-json\/wp\/v2\/media?parent=131585"}],"wp:term":[{"taxonomy":"product_brand","embeddable":true,"href":"https:\/\/dev.eliassen.nl\/de\/wp-json\/wp\/v2\/product_brand?post=131585"},{"taxonomy":"product_cat","embeddable":true,"href":"https:\/\/dev.eliassen.nl\/de\/wp-json\/wp\/v2\/product_cat?post=131585"},{"taxonomy":"product_tag","embeddable":true,"href":"https:\/\/dev.eliassen.nl\/de\/wp-json\/wp\/v2\/product_tag?post=131585"}],"curies":[{"name":"wp","href":"https:\/\/api.w.org\/{rel}","templated":true}]}}