{"id":134627,"date":"2021-05-12T07:09:39","date_gmt":"2021-05-12T05:09:39","guid":{"rendered":"https:\/\/www.eliassen.nl\/?product=plantenbak-polyester-rechthoek-buxus-100x50x50cm"},"modified":"2024-12-17T18:31:32","modified_gmt":"2024-12-17T17:31:32","slug":"pflanzgefass-polyester-rechteck-buchsbaum-100x50x50cm","status":"publish","type":"product","link":"https:\/\/dev.eliassen.nl\/de\/pflanzgefass-polyester-rechteck-buchsbaum-100x50x50cm\/","title":{"rendered":"Pflanzgef\u00e4\u00df Polyester Rechteck Buchsbaum 100x50x50cm"},"content":{"rendered":"<p><strong><a href=\"https:\/\/cdn.adezz.com\/production\/ERP_handleidingen\/Productmodellen\/395\/15\/ADEZZ%20Plantenbakken%20Polyester_NL.pdf\" target=\"_blank\" rel=\"noopener\">Handbuch<\/a> | <a href=\"https:\/\/cdn.adezz.com\/production\/ERP_handleidingen\/Producten\/1025\/193\/PB23.3%201000x500x500%20Sheet1.PDF\" target=\"_blank\" rel=\"noopener\">Skizzieren<\/a><\/strong><\/p>\n<p><strong><a href=\"https:\/\/www.youtube.com\/watch?v=zdflGbngZCM\" target=\"_blank\" rel=\"noopener\"><img decoding=\"async\" src=\"https:\/\/www.eliassen.nl\/wp-content\/uploads\/content\/youtube-play.png\" alt=\"\" width=\"27\" height=\"27\" \/><\/a><\/strong> <strong><a href=\"https:\/\/www.youtube.com\/watch?v=zdflGbngZCM\" target=\"_blank\" rel=\"noopener\">Video<\/a><\/strong> <strong><a href=\"https:\/\/www.youtube.com\/watch?v=zdflGbngZCM\" target=\"_blank\" rel=\"noopener\">ansehen<\/a><\/strong><\/p>\n<p>Dieser extrem stabile Pflanzk\u00fcbel in Seidenglanz besteht aus hochwertigem, glasfaserverst\u00e4rktem Kunststoff mit zus\u00e4tzlicher Verst\u00e4rkung an den Ecken. Ideal auch zum Aufstellen auf Parkpl\u00e4tzen, Einfahrten und dergleichen, da dieser Pflanzk\u00fcbel sehr stark ist.<\/p>\n<p>Die Standardfarbe ist Schwarzgrau RAL 7021. Andere Farben sind:<\/p>\n<ul>\n<li>Lichtgrau RAL 7035<\/li>\n<li>Verkehrswei\u00df RAL 9016<\/li>\n<li>Anthrazitgrau RAL 7016<\/li>\n<li>Tiefschwarz RAL 9005<\/li>\n<li>Reinwei\u00df RAL 9010<\/li>\n<li>Beigegrau RAL 7006<\/li>\n<\/ul>\n<p>F\u00fcr eine andere Farbe mailen Sie an: <a href=\"mailto:info@eliassen.nl\">info@eliassen.nl<\/a><\/p>\n<p>Die Qualit\u00e4t aller Polyester-Pflanzgef\u00e4\u00dfe wird durch die Farbgebung aufgewertet, die sich durch das gesamte Material zieht. Der obere Rand ist doppelt umgeformt, was diesem Pflanzgef\u00e4\u00df eine sch\u00f6ne zeitlose Optik verleiht.<\/p>\n<p>Wir empfehlen, die Pflanzgef\u00e4\u00dfe zweimal im Jahr zu reinigen. Nicht mit Stahlwolle, Schleifpapier oder L\u00f6sungsmitteln wie Verd\u00fcnner, Waschbenzin usw. reinigen.<\/p>\n<p>Erh\u00e4ltlich in nicht weniger als 37 Gr\u00f6\u00dfen! Bei anderen Farben oder R\u00e4dern verl\u00e4ngert sich die Lieferzeit.<\/p>\n<ul>\n<li>Sehr stark und langlebig<\/li>\n<li>Leicht<\/li>\n<li>5 Jahre Garantie<\/li>\n<li>Mit Nocken auf der Unterseite f\u00fcr eine gute Entw\u00e4sserung<\/li>\n<li><strong>Kostenloser<\/strong> Versand innerhalb der Niederlande<\/li>\n<li>Satinfarbe<\/li>\n<li>Mit Isolierung in den W\u00e4nden<\/li>\n<li>Demoboxen k\u00f6nnen bei uns im Gesch\u00e4ft eingesehen werden<\/li>\n<\/ul>\n<p><strong>Aufmerksamkeit!<br \/><\/strong> Wenn Sie ein niederl\u00e4ndischer Kunde sind, w\u00e4hlen Sie in Ihrem Warenkorb &#8220;Abholung im Gesch\u00e4ft&#8221;, dann werden keine Versandkosten berechnet und wir versenden Ihre Bestellung so schnell wie m\u00f6glich.<\/p>\n","protected":false},"excerpt":{"rendered":"<p>Rufen Sie uns an oder mailen Sie uns f\u00fcr den besten Preis!<\/p>\n","protected":false},"featured_media":50566,"template":"","meta":{"_acf_changed":false},"product_brand":[6920],"product_cat":[1160,773,722,860,1163,872],"product_tag":[],"class_list":{"0":"post-134627","1":"product","2":"type-product","3":"status-publish","4":"has-post-thumbnail","6":"product_brand-adezz-de","7":"product_cat-adezz-pflanzgefaesse-polyester","8":"product_cat-adezz-produkte","9":"product_cat-blumentoepfe-und-pflanzgefaesse","10":"product_cat-polyester-pflanzgefaesse","11":"product_cat-rechteck","14":"first","15":"onbackorder","16":"taxable","17":"shipping-taxable","18":"purchasable","19":"product-type-variable"},"acf":[],"yoast_head":"<!-- This site is optimized with the Yoast SEO plugin v23.8 - https:\/\/yoast.com\/wordpress\/plugins\/seo\/ -->\n<title>Pflanzgef\u00e4\u00df Polyester Rechteck Buchsbaum 100x50x50cm<\/title>\n<meta name=\"robots\" content=\"noindex, follow, max-snippet:-1, max-image-preview:large, max-video-preview:-1\" \/>\n<meta property=\"og:locale\" content=\"de_DE\" \/>\n<meta property=\"og:type\" content=\"article\" \/>\n<meta property=\"og:title\" content=\"Pflanzgef\u00e4\u00df Polyester Rechteck Buchsbaum 100x50x50cm\" \/>\n<meta property=\"og:description\" content=\"Rufen Sie uns an oder mailen Sie uns f\u00fcr den besten Preis!\" \/>\n<meta property=\"og:url\" content=\"https:\/\/dev.eliassen.nl\/de\/pflanzgefass-polyester-rechteck-buchsbaum-100x50x50cm\/\" \/>\n<meta property=\"og:site_name\" content=\"Eliassen.nl\" \/>\n<meta property=\"article:publisher\" content=\"https:\/\/www.facebook.com\/TuincentrumEliassenAmmerzoden\" \/>\n<meta property=\"article:modified_time\" content=\"2024-12-17T17:31:32+00:00\" \/>\n<meta property=\"og:image\" content=\"https:\/\/dev.eliassen.nl\/wp-content\/uploads\/2024\/01\/pb26.png\" \/>\n\t<meta property=\"og:image:width\" content=\"699\" \/>\n\t<meta property=\"og:image:height\" content=\"699\" \/>\n\t<meta property=\"og:image:type\" content=\"image\/png\" \/>\n<meta name=\"twitter:card\" content=\"summary_large_image\" \/>\n<script type=\"application\/ld+json\" class=\"yoast-schema-graph\">{\"@context\":\"https:\/\/schema.org\",\"@graph\":[{\"@type\":\"WebPage\",\"@id\":\"https:\/\/dev.eliassen.nl\/de\/pflanzgefass-polyester-rechteck-buchsbaum-100x50x50cm\/\",\"url\":\"https:\/\/dev.eliassen.nl\/de\/pflanzgefass-polyester-rechteck-buchsbaum-100x50x50cm\/\",\"name\":\"Pflanzgef\u00e4\u00df Polyester Rechteck Buchsbaum 100x50x50cm\",\"isPartOf\":{\"@id\":\"https:\/\/dev.eliassen.nl\/de\/#website\"},\"primaryImageOfPage\":{\"@id\":\"https:\/\/dev.eliassen.nl\/de\/pflanzgefass-polyester-rechteck-buchsbaum-100x50x50cm\/#primaryimage\"},\"image\":{\"@id\":\"https:\/\/dev.eliassen.nl\/de\/pflanzgefass-polyester-rechteck-buchsbaum-100x50x50cm\/#primaryimage\"},\"thumbnailUrl\":\"https:\/\/dev.eliassen.nl\/wp-content\/uploads\/2024\/01\/pb26.png\",\"datePublished\":\"2021-05-12T05:09:39+00:00\",\"dateModified\":\"2024-12-17T17:31:32+00:00\",\"breadcrumb\":{\"@id\":\"https:\/\/dev.eliassen.nl\/de\/pflanzgefass-polyester-rechteck-buchsbaum-100x50x50cm\/#breadcrumb\"},\"inLanguage\":\"de\",\"potentialAction\":[{\"@type\":\"ReadAction\",\"target\":[\"https:\/\/dev.eliassen.nl\/de\/pflanzgefass-polyester-rechteck-buchsbaum-100x50x50cm\/\"]}]},{\"@type\":\"ImageObject\",\"inLanguage\":\"de\",\"@id\":\"https:\/\/dev.eliassen.nl\/de\/pflanzgefass-polyester-rechteck-buchsbaum-100x50x50cm\/#primaryimage\",\"url\":\"https:\/\/dev.eliassen.nl\/wp-content\/uploads\/2024\/01\/pb26.png\",\"contentUrl\":\"https:\/\/dev.eliassen.nl\/wp-content\/uploads\/2024\/01\/pb26.png\",\"width\":699,\"height\":699,\"caption\":\"PB26\"},{\"@type\":\"BreadcrumbList\",\"@id\":\"https:\/\/dev.eliassen.nl\/de\/pflanzgefass-polyester-rechteck-buchsbaum-100x50x50cm\/#breadcrumb\",\"itemListElement\":[{\"@type\":\"ListItem\",\"position\":1,\"name\":\"Home\",\"item\":\"https:\/\/dev.eliassen.nl\/de\/\"},{\"@type\":\"ListItem\",\"position\":2,\"name\":\"Shop\",\"item\":\"https:\/\/dev.eliassen.nl\/nl\/winkel\/\"},{\"@type\":\"ListItem\",\"position\":3,\"name\":\"Blument\u00f6pfe und Pflanzgef\u00e4\u00dfe\",\"item\":\"https:\/\/dev.eliassen.nl\/de\/blumentoepfe-und-pflanzgefaesse\/\"},{\"@type\":\"ListItem\",\"position\":4,\"name\":\"Polyester-Pflanzgef\u00e4\u00dfe\",\"item\":\"https:\/\/dev.eliassen.nl\/de\/blumentoepfe-und-pflanzgefaesse\/polyester-pflanzgefaesse\/\"},{\"@type\":\"ListItem\",\"position\":5,\"name\":\"Rechteck\",\"item\":\"https:\/\/dev.eliassen.nl\/de\/blumentoepfe-und-pflanzgefaesse\/polyester-pflanzgefaesse\/rechteck\/\"},{\"@type\":\"ListItem\",\"position\":6,\"name\":\"Pflanzgef\u00e4\u00df Polyester Rechteck Buchsbaum 100x50x50cm\"}]},{\"@type\":\"WebSite\",\"@id\":\"https:\/\/dev.eliassen.nl\/de\/#website\",\"url\":\"https:\/\/dev.eliassen.nl\/de\/\",\"name\":\"Eliassen Home & Garden Pleasure\",\"description\":\"\",\"publisher\":{\"@id\":\"https:\/\/dev.eliassen.nl\/de\/#organization\"},\"alternateName\":\"Eliassen.nl\",\"potentialAction\":[{\"@type\":\"SearchAction\",\"target\":{\"@type\":\"EntryPoint\",\"urlTemplate\":\"https:\/\/dev.eliassen.nl\/de\/?s={search_term_string}\"},\"query-input\":{\"@type\":\"PropertyValueSpecification\",\"valueRequired\":true,\"valueName\":\"search_term_string\"}}],\"inLanguage\":\"de\"},{\"@type\":\"Organization\",\"@id\":\"https:\/\/dev.eliassen.nl\/de\/#organization\",\"name\":\"Eliassen Home & Garden Pleasure\",\"url\":\"https:\/\/dev.eliassen.nl\/de\/\",\"logo\":{\"@type\":\"ImageObject\",\"inLanguage\":\"de\",\"@id\":\"https:\/\/dev.eliassen.nl\/de\/#\/schema\/logo\/image\/\",\"url\":\"https:\/\/www.eliassen.nl\/wp-content\/uploads\/2024\/01\/logo_4nd.jpg\",\"contentUrl\":\"https:\/\/www.eliassen.nl\/wp-content\/uploads\/2024\/01\/logo_4nd.jpg\",\"width\":500,\"height\":500,\"caption\":\"Eliassen Home & Garden Pleasure\"},\"image\":{\"@id\":\"https:\/\/dev.eliassen.nl\/de\/#\/schema\/logo\/image\/\"},\"sameAs\":[\"https:\/\/www.facebook.com\/TuincentrumEliassenAmmerzoden\",\"https:\/\/www.instagram.com\/eliassenhomeandgarden\/\",\"https:\/\/nl.pinterest.com\/eliassenhomeandgarden\/\",\"https:\/\/www.youtube.com\/@eliassenhomegardenpleasure4558\"]}]}<\/script>\n<!-- \/ Yoast SEO plugin. -->","yoast_head_json":{"title":"Pflanzgef\u00e4\u00df Polyester Rechteck Buchsbaum 100x50x50cm","robots":{"index":"noindex","follow":"follow","max-snippet":"max-snippet:-1","max-image-preview":"max-image-preview:large","max-video-preview":"max-video-preview:-1"},"og_locale":"de_DE","og_type":"article","og_title":"Pflanzgef\u00e4\u00df Polyester Rechteck Buchsbaum 100x50x50cm","og_description":"Rufen Sie uns an oder mailen Sie uns f\u00fcr den besten Preis!","og_url":"https:\/\/dev.eliassen.nl\/de\/pflanzgefass-polyester-rechteck-buchsbaum-100x50x50cm\/","og_site_name":"Eliassen.nl","article_publisher":"https:\/\/www.facebook.com\/TuincentrumEliassenAmmerzoden","article_modified_time":"2024-12-17T17:31:32+00:00","og_image":[{"width":699,"height":699,"url":"https:\/\/dev.eliassen.nl\/wp-content\/uploads\/2024\/01\/pb26.png","type":"image\/png"}],"twitter_card":"summary_large_image","schema":{"@context":"https:\/\/schema.org","@graph":[{"@type":"WebPage","@id":"https:\/\/dev.eliassen.nl\/de\/pflanzgefass-polyester-rechteck-buchsbaum-100x50x50cm\/","url":"https:\/\/dev.eliassen.nl\/de\/pflanzgefass-polyester-rechteck-buchsbaum-100x50x50cm\/","name":"Pflanzgef\u00e4\u00df Polyester Rechteck Buchsbaum 100x50x50cm","isPartOf":{"@id":"https:\/\/dev.eliassen.nl\/de\/#website"},"primaryImageOfPage":{"@id":"https:\/\/dev.eliassen.nl\/de\/pflanzgefass-polyester-rechteck-buchsbaum-100x50x50cm\/#primaryimage"},"image":{"@id":"https:\/\/dev.eliassen.nl\/de\/pflanzgefass-polyester-rechteck-buchsbaum-100x50x50cm\/#primaryimage"},"thumbnailUrl":"https:\/\/dev.eliassen.nl\/wp-content\/uploads\/2024\/01\/pb26.png","datePublished":"2021-05-12T05:09:39+00:00","dateModified":"2024-12-17T17:31:32+00:00","breadcrumb":{"@id":"https:\/\/dev.eliassen.nl\/de\/pflanzgefass-polyester-rechteck-buchsbaum-100x50x50cm\/#breadcrumb"},"inLanguage":"de","potentialAction":[{"@type":"ReadAction","target":["https:\/\/dev.eliassen.nl\/de\/pflanzgefass-polyester-rechteck-buchsbaum-100x50x50cm\/"]}]},{"@type":"ImageObject","inLanguage":"de","@id":"https:\/\/dev.eliassen.nl\/de\/pflanzgefass-polyester-rechteck-buchsbaum-100x50x50cm\/#primaryimage","url":"https:\/\/dev.eliassen.nl\/wp-content\/uploads\/2024\/01\/pb26.png","contentUrl":"https:\/\/dev.eliassen.nl\/wp-content\/uploads\/2024\/01\/pb26.png","width":699,"height":699,"caption":"PB26"},{"@type":"BreadcrumbList","@id":"https:\/\/dev.eliassen.nl\/de\/pflanzgefass-polyester-rechteck-buchsbaum-100x50x50cm\/#breadcrumb","itemListElement":[{"@type":"ListItem","position":1,"name":"Home","item":"https:\/\/dev.eliassen.nl\/de\/"},{"@type":"ListItem","position":2,"name":"Shop","item":"https:\/\/dev.eliassen.nl\/nl\/winkel\/"},{"@type":"ListItem","position":3,"name":"Blument\u00f6pfe und Pflanzgef\u00e4\u00dfe","item":"https:\/\/dev.eliassen.nl\/de\/blumentoepfe-und-pflanzgefaesse\/"},{"@type":"ListItem","position":4,"name":"Polyester-Pflanzgef\u00e4\u00dfe","item":"https:\/\/dev.eliassen.nl\/de\/blumentoepfe-und-pflanzgefaesse\/polyester-pflanzgefaesse\/"},{"@type":"ListItem","position":5,"name":"Rechteck","item":"https:\/\/dev.eliassen.nl\/de\/blumentoepfe-und-pflanzgefaesse\/polyester-pflanzgefaesse\/rechteck\/"},{"@type":"ListItem","position":6,"name":"Pflanzgef\u00e4\u00df Polyester Rechteck Buchsbaum 100x50x50cm"}]},{"@type":"WebSite","@id":"https:\/\/dev.eliassen.nl\/de\/#website","url":"https:\/\/dev.eliassen.nl\/de\/","name":"Eliassen Home & Garden Pleasure","description":"","publisher":{"@id":"https:\/\/dev.eliassen.nl\/de\/#organization"},"alternateName":"Eliassen.nl","potentialAction":[{"@type":"SearchAction","target":{"@type":"EntryPoint","urlTemplate":"https:\/\/dev.eliassen.nl\/de\/?s={search_term_string}"},"query-input":{"@type":"PropertyValueSpecification","valueRequired":true,"valueName":"search_term_string"}}],"inLanguage":"de"},{"@type":"Organization","@id":"https:\/\/dev.eliassen.nl\/de\/#organization","name":"Eliassen Home & Garden Pleasure","url":"https:\/\/dev.eliassen.nl\/de\/","logo":{"@type":"ImageObject","inLanguage":"de","@id":"https:\/\/dev.eliassen.nl\/de\/#\/schema\/logo\/image\/","url":"https:\/\/www.eliassen.nl\/wp-content\/uploads\/2024\/01\/logo_4nd.jpg","contentUrl":"https:\/\/www.eliassen.nl\/wp-content\/uploads\/2024\/01\/logo_4nd.jpg","width":500,"height":500,"caption":"Eliassen Home & Garden Pleasure"},"image":{"@id":"https:\/\/dev.eliassen.nl\/de\/#\/schema\/logo\/image\/"},"sameAs":["https:\/\/www.facebook.com\/TuincentrumEliassenAmmerzoden","https:\/\/www.instagram.com\/eliassenhomeandgarden\/","https:\/\/nl.pinterest.com\/eliassenhomeandgarden\/","https:\/\/www.youtube.com\/@eliassenhomegardenpleasure4558"]}]}},"df_price":316,"df_sale_price":"","df_regular_price":316,"df_image_link":"https:\/\/dev.eliassen.nl\/wp-content\/uploads\/2024\/01\/pb26.png","image":"https:\/\/dev.eliassen.nl\/wp-content\/uploads\/2024\/01\/pb26.png","price_search":"<span class=\"woocommerce-Price-amount amount\"><bdi><span class=\"woocommerce-Price-currencySymbol\">&euro;<\/span>&nbsp;316,00<\/bdi><\/span>","category":"ADEZZ Pflanzgef\u00e4\u00dfe Polyester","_links":{"self":[{"href":"https:\/\/dev.eliassen.nl\/de\/wp-json\/wp\/v2\/product\/134627","targetHints":{"allow":["GET"]}}],"collection":[{"href":"https:\/\/dev.eliassen.nl\/de\/wp-json\/wp\/v2\/product"}],"about":[{"href":"https:\/\/dev.eliassen.nl\/de\/wp-json\/wp\/v2\/types\/product"}],"wp:featuredmedia":[{"embeddable":true,"href":"https:\/\/dev.eliassen.nl\/de\/wp-json\/wp\/v2\/media\/50566"}],"wp:attachment":[{"href":"https:\/\/dev.eliassen.nl\/de\/wp-json\/wp\/v2\/media?parent=134627"}],"wp:term":[{"taxonomy":"product_brand","embeddable":true,"href":"https:\/\/dev.eliassen.nl\/de\/wp-json\/wp\/v2\/product_brand?post=134627"},{"taxonomy":"product_cat","embeddable":true,"href":"https:\/\/dev.eliassen.nl\/de\/wp-json\/wp\/v2\/product_cat?post=134627"},{"taxonomy":"product_tag","embeddable":true,"href":"https:\/\/dev.eliassen.nl\/de\/wp-json\/wp\/v2\/product_tag?post=134627"}],"curies":[{"name":"wp","href":"https:\/\/api.w.org\/{rel}","templated":true}]}}