{"id":13492,"date":"2019-10-28T17:44:22","date_gmt":"2019-10-28T16:44:22","guid":{"rendered":"https:\/\/www.eliassen.nl\/?product=buddha-kopf-auf-die-haende"},"modified":"2024-12-05T15:19:27","modified_gmt":"2024-12-05T14:19:27","slug":"buddha-kopf-auf-die-hande","status":"publish","type":"product","link":"https:\/\/dev.eliassen.nl\/de\/buddha-kopf-auf-die-hande\/","title":{"rendered":"Buddha-Kopf auf H\u00e4nden"},"content":{"rendered":"<p>Ein wundersch\u00f6nes Modell des Kopfes eines gl\u00fccklichen <strong>buddhistischen M\u00f6nchs<\/strong> , der auf H\u00e4nden getragen wird, aus hochwertigem massivem Kunststein in brauner Farbe. Kann drinnen und drau\u00dfen platziert werden.<\/p>\n<ul>\n<li>H\u00f6he: 50 cm<\/li>\n<li>OPP-Gr\u00f6\u00dfe: 35 x 35 cm<\/li>\n<li>Farbe: braun\/schwarz<\/li>\n<li>Hochwertiger massiver Kunststein<\/li>\n<li>Geeignet f\u00fcr den Innen- und Au\u00dfenbereich<\/li>\n<li>Handgefertigt<\/li>\n<li>Schnell geliefert<\/li>\n<li><strong>Viele dieser Serien k\u00f6nnen auch in unserem Shop besichtigt werden<\/strong><\/li>\n<\/ul>\n<p>Der Happy Buddha ist ein chinesischer Weiser aus der fernen Vergangenheit. Nach seinem Tod galt er als Volksheld und galt als Wohlstandsbringer. Der Happy Buddha wird als kahlk\u00f6pfiger Mann mit dickem Bauch und fr\u00f6hlichem L\u00e4cheln dargestellt. An seinen gro\u00dfen Ohrl\u00e4ppchen kann man erkennen, dass er von Adel ist. Die Geschichte besagt, dass, wenn man den Happy Buddha in einem Raum gegen\u00fcber der T\u00fcr platziert, jedem, der den Raum betritt, viel Gl\u00fcck und ein Willkommen gew\u00fcnscht werden. Dar\u00fcber hinaus gilt der Happy Buddha als Bringer von Reichtum, Wohlstand und Gl\u00fcck.<br \/>Gro\u00dfer eigener Lagerbestand<\/p>\n<p><iframe loading=\"lazy\" src=\"\/\/www.youtube.com\/embed\/S0gTFnsRDJg\" width=\"560\" height=\"314\" allowfullscreen=\"allowfullscreen\"><\/iframe><\/p>\n","protected":false},"excerpt":{"rendered":"<p>\u2713 35x35x50cm hoch \u2713 Massiver Steinguss<\/p>\n","protected":false},"featured_media":13486,"template":"","meta":{"_acf_changed":false},"product_brand":[6916],"product_cat":[677,680,683,7076],"product_tag":[],"class_list":{"0":"post-13492","1":"product","2":"type-product","3":"status-publish","4":"has-post-thumbnail","6":"product_brand-eliassen-de","7":"product_cat-betonstatuen","8":"product_cat-buddha-statuen","9":"product_cat-statuen-buddhistischer-moenche","10":"product_cat-statues-figures","12":"first","13":"instock","14":"sale","15":"taxable","16":"shipping-taxable","17":"purchasable","18":"product-type-simple"},"acf":[],"yoast_head":"<!-- This site is optimized with the Yoast SEO plugin v23.8 - https:\/\/yoast.com\/wordpress\/plugins\/seo\/ -->\n<title>Buddha Kopf in den H\u00e4nden - Eliassen.nl<\/title>\n<meta name=\"description\" content=\"Buddha-Kopf auf die H\u00e4nde aus hochwertigem Kunststein. Gro\u00dfe Sammlung von Buddha-Bildern auf dem Display in unserem Showroom.\" \/>\n<meta name=\"robots\" content=\"noindex, follow, max-snippet:-1, max-image-preview:large, max-video-preview:-1\" \/>\n<meta property=\"og:locale\" content=\"de_DE\" \/>\n<meta property=\"og:type\" content=\"article\" \/>\n<meta property=\"og:title\" content=\"Buddha Kopf in den H\u00e4nden - Eliassen.nl\" \/>\n<meta property=\"og:description\" content=\"Buddha-Kopf auf die H\u00e4nde aus hochwertigem Kunststein. Gro\u00dfe Sammlung von Buddha-Bildern auf dem Display in unserem Showroom.\" \/>\n<meta property=\"og:url\" content=\"https:\/\/dev.eliassen.nl\/de\/buddha-kopf-auf-die-hande\/\" \/>\n<meta property=\"og:site_name\" content=\"Eliassen.nl\" \/>\n<meta property=\"article:publisher\" content=\"https:\/\/www.facebook.com\/TuincentrumEliassenAmmerzoden\" \/>\n<meta property=\"article:modified_time\" content=\"2024-12-05T14:19:27+00:00\" \/>\n<meta property=\"og:image\" content=\"https:\/\/dev.eliassen.nl\/wp-content\/uploads\/2024\/01\/88bf4de6f9newitemsindonesianartheadonhands.jpg\" \/>\n\t<meta property=\"og:image:width\" content=\"160\" \/>\n\t<meta property=\"og:image:height\" content=\"200\" \/>\n\t<meta property=\"og:image:type\" content=\"image\/jpeg\" \/>\n<meta name=\"twitter:card\" content=\"summary_large_image\" \/>\n<script type=\"application\/ld+json\" class=\"yoast-schema-graph\">{\"@context\":\"https:\/\/schema.org\",\"@graph\":[{\"@type\":\"WebPage\",\"@id\":\"https:\/\/dev.eliassen.nl\/de\/buddha-kopf-auf-die-hande\/\",\"url\":\"https:\/\/dev.eliassen.nl\/de\/buddha-kopf-auf-die-hande\/\",\"name\":\"Buddha Kopf in den H\u00e4nden - Eliassen.nl\",\"isPartOf\":{\"@id\":\"https:\/\/dev.eliassen.nl\/de\/#website\"},\"primaryImageOfPage\":{\"@id\":\"https:\/\/dev.eliassen.nl\/de\/buddha-kopf-auf-die-hande\/#primaryimage\"},\"image\":{\"@id\":\"https:\/\/dev.eliassen.nl\/de\/buddha-kopf-auf-die-hande\/#primaryimage\"},\"thumbnailUrl\":\"https:\/\/dev.eliassen.nl\/wp-content\/uploads\/2024\/01\/88bf4de6f9newitemsindonesianartheadonhands.jpg\",\"datePublished\":\"2019-10-28T16:44:22+00:00\",\"dateModified\":\"2024-12-05T14:19:27+00:00\",\"description\":\"Buddha-Kopf auf die H\u00e4nde aus hochwertigem Kunststein. Gro\u00dfe Sammlung von Buddha-Bildern auf dem Display in unserem Showroom.\",\"breadcrumb\":{\"@id\":\"https:\/\/dev.eliassen.nl\/de\/buddha-kopf-auf-die-hande\/#breadcrumb\"},\"inLanguage\":\"de\",\"potentialAction\":[{\"@type\":\"ReadAction\",\"target\":[\"https:\/\/dev.eliassen.nl\/de\/buddha-kopf-auf-die-hande\/\"]}]},{\"@type\":\"ImageObject\",\"inLanguage\":\"de\",\"@id\":\"https:\/\/dev.eliassen.nl\/de\/buddha-kopf-auf-die-hande\/#primaryimage\",\"url\":\"https:\/\/dev.eliassen.nl\/wp-content\/uploads\/2024\/01\/88bf4de6f9newitemsindonesianartheadonhands.jpg\",\"contentUrl\":\"https:\/\/dev.eliassen.nl\/wp-content\/uploads\/2024\/01\/88bf4de6f9newitemsindonesianartheadonhands.jpg\",\"width\":160,\"height\":200,\"caption\":\"88bf4de6f9-new-items-indonesian-art-head-on-hands\"},{\"@type\":\"BreadcrumbList\",\"@id\":\"https:\/\/dev.eliassen.nl\/de\/buddha-kopf-auf-die-hande\/#breadcrumb\",\"itemListElement\":[{\"@type\":\"ListItem\",\"position\":1,\"name\":\"Home\",\"item\":\"https:\/\/dev.eliassen.nl\/de\/\"},{\"@type\":\"ListItem\",\"position\":2,\"name\":\"Shop\",\"item\":\"https:\/\/dev.eliassen.nl\/nl\/winkel\/\"},{\"@type\":\"ListItem\",\"position\":3,\"name\":\"Statuen-Skulpturen\",\"item\":\"https:\/\/dev.eliassen.nl\/de\/statuen-skulpturen\/\"},{\"@type\":\"ListItem\",\"position\":4,\"name\":\"Betonstatuen\",\"item\":\"https:\/\/dev.eliassen.nl\/de\/bilder\/betonstatuen\/\"},{\"@type\":\"ListItem\",\"position\":5,\"name\":\"Buddha-Statuen\",\"item\":\"https:\/\/dev.eliassen.nl\/de\/bilder\/betonstatuen\/buddha-statuen\/\"},{\"@type\":\"ListItem\",\"position\":6,\"name\":\"Buddha-Kopf auf H\u00e4nden\"}]},{\"@type\":\"WebSite\",\"@id\":\"https:\/\/dev.eliassen.nl\/de\/#website\",\"url\":\"https:\/\/dev.eliassen.nl\/de\/\",\"name\":\"Eliassen Home & Garden Pleasure\",\"description\":\"\",\"publisher\":{\"@id\":\"https:\/\/dev.eliassen.nl\/de\/#organization\"},\"alternateName\":\"Eliassen.nl\",\"potentialAction\":[{\"@type\":\"SearchAction\",\"target\":{\"@type\":\"EntryPoint\",\"urlTemplate\":\"https:\/\/dev.eliassen.nl\/de\/?s={search_term_string}\"},\"query-input\":{\"@type\":\"PropertyValueSpecification\",\"valueRequired\":true,\"valueName\":\"search_term_string\"}}],\"inLanguage\":\"de\"},{\"@type\":\"Organization\",\"@id\":\"https:\/\/dev.eliassen.nl\/de\/#organization\",\"name\":\"Eliassen Home & Garden Pleasure\",\"url\":\"https:\/\/dev.eliassen.nl\/de\/\",\"logo\":{\"@type\":\"ImageObject\",\"inLanguage\":\"de\",\"@id\":\"https:\/\/dev.eliassen.nl\/de\/#\/schema\/logo\/image\/\",\"url\":\"https:\/\/www.eliassen.nl\/wp-content\/uploads\/2024\/01\/logo_4nd.jpg\",\"contentUrl\":\"https:\/\/www.eliassen.nl\/wp-content\/uploads\/2024\/01\/logo_4nd.jpg\",\"width\":500,\"height\":500,\"caption\":\"Eliassen Home & Garden Pleasure\"},\"image\":{\"@id\":\"https:\/\/dev.eliassen.nl\/de\/#\/schema\/logo\/image\/\"},\"sameAs\":[\"https:\/\/www.facebook.com\/TuincentrumEliassenAmmerzoden\",\"https:\/\/www.instagram.com\/eliassenhomeandgarden\/\",\"https:\/\/nl.pinterest.com\/eliassenhomeandgarden\/\",\"https:\/\/www.youtube.com\/@eliassenhomegardenpleasure4558\"]}]}<\/script>\n<!-- \/ Yoast SEO plugin. -->","yoast_head_json":{"title":"Buddha Kopf in den H\u00e4nden - Eliassen.nl","description":"Buddha-Kopf auf die H\u00e4nde aus hochwertigem Kunststein. Gro\u00dfe Sammlung von Buddha-Bildern auf dem Display in unserem Showroom.","robots":{"index":"noindex","follow":"follow","max-snippet":"max-snippet:-1","max-image-preview":"max-image-preview:large","max-video-preview":"max-video-preview:-1"},"og_locale":"de_DE","og_type":"article","og_title":"Buddha Kopf in den H\u00e4nden - Eliassen.nl","og_description":"Buddha-Kopf auf die H\u00e4nde aus hochwertigem Kunststein. Gro\u00dfe Sammlung von Buddha-Bildern auf dem Display in unserem Showroom.","og_url":"https:\/\/dev.eliassen.nl\/de\/buddha-kopf-auf-die-hande\/","og_site_name":"Eliassen.nl","article_publisher":"https:\/\/www.facebook.com\/TuincentrumEliassenAmmerzoden","article_modified_time":"2024-12-05T14:19:27+00:00","og_image":[{"width":160,"height":200,"url":"https:\/\/dev.eliassen.nl\/wp-content\/uploads\/2024\/01\/88bf4de6f9newitemsindonesianartheadonhands.jpg","type":"image\/jpeg"}],"twitter_card":"summary_large_image","schema":{"@context":"https:\/\/schema.org","@graph":[{"@type":"WebPage","@id":"https:\/\/dev.eliassen.nl\/de\/buddha-kopf-auf-die-hande\/","url":"https:\/\/dev.eliassen.nl\/de\/buddha-kopf-auf-die-hande\/","name":"Buddha Kopf in den H\u00e4nden - Eliassen.nl","isPartOf":{"@id":"https:\/\/dev.eliassen.nl\/de\/#website"},"primaryImageOfPage":{"@id":"https:\/\/dev.eliassen.nl\/de\/buddha-kopf-auf-die-hande\/#primaryimage"},"image":{"@id":"https:\/\/dev.eliassen.nl\/de\/buddha-kopf-auf-die-hande\/#primaryimage"},"thumbnailUrl":"https:\/\/dev.eliassen.nl\/wp-content\/uploads\/2024\/01\/88bf4de6f9newitemsindonesianartheadonhands.jpg","datePublished":"2019-10-28T16:44:22+00:00","dateModified":"2024-12-05T14:19:27+00:00","description":"Buddha-Kopf auf die H\u00e4nde aus hochwertigem Kunststein. Gro\u00dfe Sammlung von Buddha-Bildern auf dem Display in unserem Showroom.","breadcrumb":{"@id":"https:\/\/dev.eliassen.nl\/de\/buddha-kopf-auf-die-hande\/#breadcrumb"},"inLanguage":"de","potentialAction":[{"@type":"ReadAction","target":["https:\/\/dev.eliassen.nl\/de\/buddha-kopf-auf-die-hande\/"]}]},{"@type":"ImageObject","inLanguage":"de","@id":"https:\/\/dev.eliassen.nl\/de\/buddha-kopf-auf-die-hande\/#primaryimage","url":"https:\/\/dev.eliassen.nl\/wp-content\/uploads\/2024\/01\/88bf4de6f9newitemsindonesianartheadonhands.jpg","contentUrl":"https:\/\/dev.eliassen.nl\/wp-content\/uploads\/2024\/01\/88bf4de6f9newitemsindonesianartheadonhands.jpg","width":160,"height":200,"caption":"88bf4de6f9-new-items-indonesian-art-head-on-hands"},{"@type":"BreadcrumbList","@id":"https:\/\/dev.eliassen.nl\/de\/buddha-kopf-auf-die-hande\/#breadcrumb","itemListElement":[{"@type":"ListItem","position":1,"name":"Home","item":"https:\/\/dev.eliassen.nl\/de\/"},{"@type":"ListItem","position":2,"name":"Shop","item":"https:\/\/dev.eliassen.nl\/nl\/winkel\/"},{"@type":"ListItem","position":3,"name":"Statuen-Skulpturen","item":"https:\/\/dev.eliassen.nl\/de\/statuen-skulpturen\/"},{"@type":"ListItem","position":4,"name":"Betonstatuen","item":"https:\/\/dev.eliassen.nl\/de\/bilder\/betonstatuen\/"},{"@type":"ListItem","position":5,"name":"Buddha-Statuen","item":"https:\/\/dev.eliassen.nl\/de\/bilder\/betonstatuen\/buddha-statuen\/"},{"@type":"ListItem","position":6,"name":"Buddha-Kopf auf H\u00e4nden"}]},{"@type":"WebSite","@id":"https:\/\/dev.eliassen.nl\/de\/#website","url":"https:\/\/dev.eliassen.nl\/de\/","name":"Eliassen Home & Garden Pleasure","description":"","publisher":{"@id":"https:\/\/dev.eliassen.nl\/de\/#organization"},"alternateName":"Eliassen.nl","potentialAction":[{"@type":"SearchAction","target":{"@type":"EntryPoint","urlTemplate":"https:\/\/dev.eliassen.nl\/de\/?s={search_term_string}"},"query-input":{"@type":"PropertyValueSpecification","valueRequired":true,"valueName":"search_term_string"}}],"inLanguage":"de"},{"@type":"Organization","@id":"https:\/\/dev.eliassen.nl\/de\/#organization","name":"Eliassen Home & Garden Pleasure","url":"https:\/\/dev.eliassen.nl\/de\/","logo":{"@type":"ImageObject","inLanguage":"de","@id":"https:\/\/dev.eliassen.nl\/de\/#\/schema\/logo\/image\/","url":"https:\/\/www.eliassen.nl\/wp-content\/uploads\/2024\/01\/logo_4nd.jpg","contentUrl":"https:\/\/www.eliassen.nl\/wp-content\/uploads\/2024\/01\/logo_4nd.jpg","width":500,"height":500,"caption":"Eliassen Home & Garden Pleasure"},"image":{"@id":"https:\/\/dev.eliassen.nl\/de\/#\/schema\/logo\/image\/"},"sameAs":["https:\/\/www.facebook.com\/TuincentrumEliassenAmmerzoden","https:\/\/www.instagram.com\/eliassenhomeandgarden\/","https:\/\/nl.pinterest.com\/eliassenhomeandgarden\/","https:\/\/www.youtube.com\/@eliassenhomegardenpleasure4558"]}]}},"df_price":125,"df_sale_price":125,"df_regular_price":195,"df_image_link":"https:\/\/dev.eliassen.nl\/wp-content\/uploads\/2024\/01\/88bf4de6f9newitemsindonesianartheadonhands.jpg","image":"https:\/\/dev.eliassen.nl\/wp-content\/uploads\/2024\/01\/88bf4de6f9newitemsindonesianartheadonhands.jpg","price_search":"<span class=\"woocommerce-Price-amount amount\"><bdi><span class=\"woocommerce-Price-currencySymbol\">&euro;<\/span>&nbsp;125,00<\/bdi><\/span>","category":"Betonstatuen","_links":{"self":[{"href":"https:\/\/dev.eliassen.nl\/de\/wp-json\/wp\/v2\/product\/13492","targetHints":{"allow":["GET"]}}],"collection":[{"href":"https:\/\/dev.eliassen.nl\/de\/wp-json\/wp\/v2\/product"}],"about":[{"href":"https:\/\/dev.eliassen.nl\/de\/wp-json\/wp\/v2\/types\/product"}],"wp:featuredmedia":[{"embeddable":true,"href":"https:\/\/dev.eliassen.nl\/de\/wp-json\/wp\/v2\/media\/13486"}],"wp:attachment":[{"href":"https:\/\/dev.eliassen.nl\/de\/wp-json\/wp\/v2\/media?parent=13492"}],"wp:term":[{"taxonomy":"product_brand","embeddable":true,"href":"https:\/\/dev.eliassen.nl\/de\/wp-json\/wp\/v2\/product_brand?post=13492"},{"taxonomy":"product_cat","embeddable":true,"href":"https:\/\/dev.eliassen.nl\/de\/wp-json\/wp\/v2\/product_cat?post=13492"},{"taxonomy":"product_tag","embeddable":true,"href":"https:\/\/dev.eliassen.nl\/de\/wp-json\/wp\/v2\/product_tag?post=13492"}],"curies":[{"name":"wp","href":"https:\/\/api.w.org\/{rel}","templated":true}]}}