{"id":13540,"date":"2019-10-28T17:45:18","date_gmt":"2019-10-28T16:45:18","guid":{"rendered":"https:\/\/www.eliassen.nl\/?product=brunnen-mit-3-frauen"},"modified":"2024-12-05T15:19:34","modified_gmt":"2024-12-05T14:19:34","slug":"brunnen-bronze-mit-3-frauen","status":"publish","type":"product","link":"https:\/\/dev.eliassen.nl\/de\/brunnen-bronze-mit-3-frauen\/","title":{"rendered":"Brunnen Bronze mit 3 Frauen"},"content":{"rendered":"<p>Wundersch\u00f6n detaillierte Brunnen mit drei Frauen oben und unten von hoher Qualit\u00e4t Bronze mit einem Mindestgehalt an Kupfer von 75%, die eine sehr lange Lebensdauer garantiert.<\/p>\n<ul>\n<li>Gr\u00f6\u00dfe: 185 x 75 x 75 cm.<\/li>\n<li>Kommt mit Zertifikat.<\/li>\n<li>Schnell geliefert <strong>.<\/strong><\/li>\n<li>30 Jahre Garantie.<\/li>\n<li><strong>Sehr viel von dieser Serie von Bronzeskulpturen leben auch in unserem Fall.<\/strong><\/li>\n<\/ul>\n<p>Dieses Objekt kann auch in einen Teich gestellt werden, ohne Wasserb\u00e4lle zu laufen, aber auch auf einen Wassertank, den man eingr\u00e4bt und daher viel Wasser liefert, sowie das Wasser von den L\u00f6wenk\u00f6pfen der Unterschale. <\/p>\n<p>Beratung weitere Anforderungen: <\/p>\n<p>Wasserbeh\u00e4lter: 110cm <br \/>Gitter \/ Deckelgr\u00f6\u00dfe: Gitter 100x100cm + Klappe <br \/>Pumpenkapazit\u00e4t: 4000 ltr <br \/>Schlangengr\u00f6\u00dfe: 3\/4 Zoll <br \/>Steuerventil: ja<\/p>\n","protected":false},"excerpt":{"rendered":"<p>Wundersch\u00f6n detaillierte Brunnen mit drei Frauen oben und unten von hoher Qualit\u00e4t Bronze mit einem Mindestgehalt an Kupfer von 75%, die eine sehr lange Lebensdauer garantiert. Gr\u00f6\u00dfe: 185 x 75 x 75 cm. Kommt mit Zertifikat. Schnell geliefert . 30 Jahre Garantie. Sehr viel von dieser Serie von Bronzeskulpturen leben auch in unserem Fall. Dieses &hellip;<\/p>\n","protected":false},"featured_media":13537,"template":"","meta":{"_acf_changed":false},"product_brand":[6916],"product_cat":[644,593,613,536,7239],"product_tag":[],"class_list":{"0":"post-13540","1":"product","2":"type-product","3":"status-publish","4":"has-post-thumbnail","6":"product_brand-eliassen-de","7":"product_cat-andere-bronzestatuen","8":"product_cat-bronzebrunnen","9":"product_cat-bronzestatuen","10":"product_cat-wassereigenschaften","11":"product_cat-statuen-skulpturen","13":"first","14":"onbackorder","15":"taxable","16":"shipping-taxable","17":"purchasable","18":"product-type-simple"},"acf":[],"yoast_head":"<!-- This site is optimized with the Yoast SEO plugin v23.8 - https:\/\/yoast.com\/wordpress\/plugins\/seo\/ -->\n<title>Brunnen Bronze mit 3 Frauen<\/title>\n<meta name=\"description\" content=\"Bij Eliassen koopt u Fontein brons met 3 vrouwen online of live te bekijken in de showroom. Wij hebben de mooiste bronzen beelden, overige bronzen beelden\" \/>\n<meta name=\"robots\" content=\"noindex, follow, max-snippet:-1, max-image-preview:large, max-video-preview:-1\" \/>\n<meta property=\"og:locale\" content=\"de_DE\" \/>\n<meta property=\"og:type\" content=\"article\" \/>\n<meta property=\"og:title\" content=\"Brunnen Bronze mit 3 Frauen\" \/>\n<meta property=\"og:description\" content=\"Bij Eliassen koopt u Fontein brons met 3 vrouwen online of live te bekijken in de showroom. Wij hebben de mooiste bronzen beelden, overige bronzen beelden\" \/>\n<meta property=\"og:url\" content=\"https:\/\/dev.eliassen.nl\/de\/brunnen-bronze-mit-3-frauen\/\" \/>\n<meta property=\"og:site_name\" content=\"Eliassen.nl\" \/>\n<meta property=\"article:publisher\" content=\"https:\/\/www.facebook.com\/TuincentrumEliassenAmmerzoden\" \/>\n<meta property=\"article:modified_time\" content=\"2024-12-05T14:19:34+00:00\" \/>\n<meta property=\"og:image\" content=\"https:\/\/dev.eliassen.nl\/wp-content\/uploads\/2024\/01\/b47014jpg.jpg\" \/>\n\t<meta property=\"og:image:width\" content=\"767\" \/>\n\t<meta property=\"og:image:height\" content=\"1024\" \/>\n\t<meta property=\"og:image:type\" content=\"image\/jpeg\" \/>\n<meta name=\"twitter:card\" content=\"summary_large_image\" \/>\n<script type=\"application\/ld+json\" class=\"yoast-schema-graph\">{\"@context\":\"https:\/\/schema.org\",\"@graph\":[{\"@type\":\"WebPage\",\"@id\":\"https:\/\/dev.eliassen.nl\/de\/brunnen-bronze-mit-3-frauen\/\",\"url\":\"https:\/\/dev.eliassen.nl\/de\/brunnen-bronze-mit-3-frauen\/\",\"name\":\"Brunnen Bronze mit 3 Frauen\",\"isPartOf\":{\"@id\":\"https:\/\/dev.eliassen.nl\/de\/#website\"},\"primaryImageOfPage\":{\"@id\":\"https:\/\/dev.eliassen.nl\/de\/brunnen-bronze-mit-3-frauen\/#primaryimage\"},\"image\":{\"@id\":\"https:\/\/dev.eliassen.nl\/de\/brunnen-bronze-mit-3-frauen\/#primaryimage\"},\"thumbnailUrl\":\"https:\/\/dev.eliassen.nl\/wp-content\/uploads\/2024\/01\/b47014jpg.jpg\",\"datePublished\":\"2019-10-28T16:45:18+00:00\",\"dateModified\":\"2024-12-05T14:19:34+00:00\",\"description\":\"Bij Eliassen koopt u Fontein brons met 3 vrouwen online of live te bekijken in de showroom. Wij hebben de mooiste bronzen beelden, overige bronzen beelden\",\"breadcrumb\":{\"@id\":\"https:\/\/dev.eliassen.nl\/de\/brunnen-bronze-mit-3-frauen\/#breadcrumb\"},\"inLanguage\":\"de\",\"potentialAction\":[{\"@type\":\"ReadAction\",\"target\":[\"https:\/\/dev.eliassen.nl\/de\/brunnen-bronze-mit-3-frauen\/\"]}]},{\"@type\":\"ImageObject\",\"inLanguage\":\"de\",\"@id\":\"https:\/\/dev.eliassen.nl\/de\/brunnen-bronze-mit-3-frauen\/#primaryimage\",\"url\":\"https:\/\/dev.eliassen.nl\/wp-content\/uploads\/2024\/01\/b47014jpg.jpg\",\"contentUrl\":\"https:\/\/dev.eliassen.nl\/wp-content\/uploads\/2024\/01\/b47014jpg.jpg\",\"width\":767,\"height\":1024,\"caption\":\"b47014jpg\"},{\"@type\":\"BreadcrumbList\",\"@id\":\"https:\/\/dev.eliassen.nl\/de\/brunnen-bronze-mit-3-frauen\/#breadcrumb\",\"itemListElement\":[{\"@type\":\"ListItem\",\"position\":1,\"name\":\"Home\",\"item\":\"https:\/\/dev.eliassen.nl\/de\/\"},{\"@type\":\"ListItem\",\"position\":2,\"name\":\"Shop\",\"item\":\"https:\/\/dev.eliassen.nl\/nl\/winkel\/\"},{\"@type\":\"ListItem\",\"position\":3,\"name\":\"Bronzestatuen\",\"item\":\"https:\/\/dev.eliassen.nl\/de\/bilder\/bronzestatuen\/\"},{\"@type\":\"ListItem\",\"position\":4,\"name\":\"Andere Bronzestatuen\",\"item\":\"https:\/\/dev.eliassen.nl\/de\/bilder\/bronzestatuen\/andere-bronzestatuen\/\"},{\"@type\":\"ListItem\",\"position\":5,\"name\":\"Brunnen Bronze mit 3 Frauen\"}]},{\"@type\":\"WebSite\",\"@id\":\"https:\/\/dev.eliassen.nl\/de\/#website\",\"url\":\"https:\/\/dev.eliassen.nl\/de\/\",\"name\":\"Eliassen Home & Garden Pleasure\",\"description\":\"\",\"publisher\":{\"@id\":\"https:\/\/dev.eliassen.nl\/de\/#organization\"},\"alternateName\":\"Eliassen.nl\",\"potentialAction\":[{\"@type\":\"SearchAction\",\"target\":{\"@type\":\"EntryPoint\",\"urlTemplate\":\"https:\/\/dev.eliassen.nl\/de\/?s={search_term_string}\"},\"query-input\":{\"@type\":\"PropertyValueSpecification\",\"valueRequired\":true,\"valueName\":\"search_term_string\"}}],\"inLanguage\":\"de\"},{\"@type\":\"Organization\",\"@id\":\"https:\/\/dev.eliassen.nl\/de\/#organization\",\"name\":\"Eliassen Home & Garden Pleasure\",\"url\":\"https:\/\/dev.eliassen.nl\/de\/\",\"logo\":{\"@type\":\"ImageObject\",\"inLanguage\":\"de\",\"@id\":\"https:\/\/dev.eliassen.nl\/de\/#\/schema\/logo\/image\/\",\"url\":\"https:\/\/www.eliassen.nl\/wp-content\/uploads\/2024\/01\/logo_4nd.jpg\",\"contentUrl\":\"https:\/\/www.eliassen.nl\/wp-content\/uploads\/2024\/01\/logo_4nd.jpg\",\"width\":500,\"height\":500,\"caption\":\"Eliassen Home & Garden Pleasure\"},\"image\":{\"@id\":\"https:\/\/dev.eliassen.nl\/de\/#\/schema\/logo\/image\/\"},\"sameAs\":[\"https:\/\/www.facebook.com\/TuincentrumEliassenAmmerzoden\",\"https:\/\/www.instagram.com\/eliassenhomeandgarden\/\",\"https:\/\/nl.pinterest.com\/eliassenhomeandgarden\/\",\"https:\/\/www.youtube.com\/@eliassenhomegardenpleasure4558\"]}]}<\/script>\n<!-- \/ Yoast SEO plugin. -->","yoast_head_json":{"title":"Brunnen Bronze mit 3 Frauen","description":"Bij Eliassen koopt u Fontein brons met 3 vrouwen online of live te bekijken in de showroom. Wij hebben de mooiste bronzen beelden, overige bronzen beelden","robots":{"index":"noindex","follow":"follow","max-snippet":"max-snippet:-1","max-image-preview":"max-image-preview:large","max-video-preview":"max-video-preview:-1"},"og_locale":"de_DE","og_type":"article","og_title":"Brunnen Bronze mit 3 Frauen","og_description":"Bij Eliassen koopt u Fontein brons met 3 vrouwen online of live te bekijken in de showroom. Wij hebben de mooiste bronzen beelden, overige bronzen beelden","og_url":"https:\/\/dev.eliassen.nl\/de\/brunnen-bronze-mit-3-frauen\/","og_site_name":"Eliassen.nl","article_publisher":"https:\/\/www.facebook.com\/TuincentrumEliassenAmmerzoden","article_modified_time":"2024-12-05T14:19:34+00:00","og_image":[{"width":767,"height":1024,"url":"https:\/\/dev.eliassen.nl\/wp-content\/uploads\/2024\/01\/b47014jpg.jpg","type":"image\/jpeg"}],"twitter_card":"summary_large_image","schema":{"@context":"https:\/\/schema.org","@graph":[{"@type":"WebPage","@id":"https:\/\/dev.eliassen.nl\/de\/brunnen-bronze-mit-3-frauen\/","url":"https:\/\/dev.eliassen.nl\/de\/brunnen-bronze-mit-3-frauen\/","name":"Brunnen Bronze mit 3 Frauen","isPartOf":{"@id":"https:\/\/dev.eliassen.nl\/de\/#website"},"primaryImageOfPage":{"@id":"https:\/\/dev.eliassen.nl\/de\/brunnen-bronze-mit-3-frauen\/#primaryimage"},"image":{"@id":"https:\/\/dev.eliassen.nl\/de\/brunnen-bronze-mit-3-frauen\/#primaryimage"},"thumbnailUrl":"https:\/\/dev.eliassen.nl\/wp-content\/uploads\/2024\/01\/b47014jpg.jpg","datePublished":"2019-10-28T16:45:18+00:00","dateModified":"2024-12-05T14:19:34+00:00","description":"Bij Eliassen koopt u Fontein brons met 3 vrouwen online of live te bekijken in de showroom. Wij hebben de mooiste bronzen beelden, overige bronzen beelden","breadcrumb":{"@id":"https:\/\/dev.eliassen.nl\/de\/brunnen-bronze-mit-3-frauen\/#breadcrumb"},"inLanguage":"de","potentialAction":[{"@type":"ReadAction","target":["https:\/\/dev.eliassen.nl\/de\/brunnen-bronze-mit-3-frauen\/"]}]},{"@type":"ImageObject","inLanguage":"de","@id":"https:\/\/dev.eliassen.nl\/de\/brunnen-bronze-mit-3-frauen\/#primaryimage","url":"https:\/\/dev.eliassen.nl\/wp-content\/uploads\/2024\/01\/b47014jpg.jpg","contentUrl":"https:\/\/dev.eliassen.nl\/wp-content\/uploads\/2024\/01\/b47014jpg.jpg","width":767,"height":1024,"caption":"b47014jpg"},{"@type":"BreadcrumbList","@id":"https:\/\/dev.eliassen.nl\/de\/brunnen-bronze-mit-3-frauen\/#breadcrumb","itemListElement":[{"@type":"ListItem","position":1,"name":"Home","item":"https:\/\/dev.eliassen.nl\/de\/"},{"@type":"ListItem","position":2,"name":"Shop","item":"https:\/\/dev.eliassen.nl\/nl\/winkel\/"},{"@type":"ListItem","position":3,"name":"Bronzestatuen","item":"https:\/\/dev.eliassen.nl\/de\/bilder\/bronzestatuen\/"},{"@type":"ListItem","position":4,"name":"Andere Bronzestatuen","item":"https:\/\/dev.eliassen.nl\/de\/bilder\/bronzestatuen\/andere-bronzestatuen\/"},{"@type":"ListItem","position":5,"name":"Brunnen Bronze mit 3 Frauen"}]},{"@type":"WebSite","@id":"https:\/\/dev.eliassen.nl\/de\/#website","url":"https:\/\/dev.eliassen.nl\/de\/","name":"Eliassen Home & Garden Pleasure","description":"","publisher":{"@id":"https:\/\/dev.eliassen.nl\/de\/#organization"},"alternateName":"Eliassen.nl","potentialAction":[{"@type":"SearchAction","target":{"@type":"EntryPoint","urlTemplate":"https:\/\/dev.eliassen.nl\/de\/?s={search_term_string}"},"query-input":{"@type":"PropertyValueSpecification","valueRequired":true,"valueName":"search_term_string"}}],"inLanguage":"de"},{"@type":"Organization","@id":"https:\/\/dev.eliassen.nl\/de\/#organization","name":"Eliassen Home & Garden Pleasure","url":"https:\/\/dev.eliassen.nl\/de\/","logo":{"@type":"ImageObject","inLanguage":"de","@id":"https:\/\/dev.eliassen.nl\/de\/#\/schema\/logo\/image\/","url":"https:\/\/www.eliassen.nl\/wp-content\/uploads\/2024\/01\/logo_4nd.jpg","contentUrl":"https:\/\/www.eliassen.nl\/wp-content\/uploads\/2024\/01\/logo_4nd.jpg","width":500,"height":500,"caption":"Eliassen Home & Garden Pleasure"},"image":{"@id":"https:\/\/dev.eliassen.nl\/de\/#\/schema\/logo\/image\/"},"sameAs":["https:\/\/www.facebook.com\/TuincentrumEliassenAmmerzoden","https:\/\/www.instagram.com\/eliassenhomeandgarden\/","https:\/\/nl.pinterest.com\/eliassenhomeandgarden\/","https:\/\/www.youtube.com\/@eliassenhomegardenpleasure4558"]}]}},"df_price":7089,"df_sale_price":"","df_regular_price":7089,"df_image_link":"https:\/\/dev.eliassen.nl\/wp-content\/uploads\/2024\/01\/b47014jpg.jpg","image":"https:\/\/dev.eliassen.nl\/wp-content\/uploads\/2024\/01\/b47014jpg.jpg","price_search":"<span class=\"woocommerce-Price-amount amount\"><bdi><span class=\"woocommerce-Price-currencySymbol\">&euro;<\/span>&nbsp;7.089,00<\/bdi><\/span>","category":"Andere Bronzestatuen","_links":{"self":[{"href":"https:\/\/dev.eliassen.nl\/de\/wp-json\/wp\/v2\/product\/13540","targetHints":{"allow":["GET"]}}],"collection":[{"href":"https:\/\/dev.eliassen.nl\/de\/wp-json\/wp\/v2\/product"}],"about":[{"href":"https:\/\/dev.eliassen.nl\/de\/wp-json\/wp\/v2\/types\/product"}],"wp:featuredmedia":[{"embeddable":true,"href":"https:\/\/dev.eliassen.nl\/de\/wp-json\/wp\/v2\/media\/13537"}],"wp:attachment":[{"href":"https:\/\/dev.eliassen.nl\/de\/wp-json\/wp\/v2\/media?parent=13540"}],"wp:term":[{"taxonomy":"product_brand","embeddable":true,"href":"https:\/\/dev.eliassen.nl\/de\/wp-json\/wp\/v2\/product_brand?post=13540"},{"taxonomy":"product_cat","embeddable":true,"href":"https:\/\/dev.eliassen.nl\/de\/wp-json\/wp\/v2\/product_cat?post=13540"},{"taxonomy":"product_tag","embeddable":true,"href":"https:\/\/dev.eliassen.nl\/de\/wp-json\/wp\/v2\/product_tag?post=13540"}],"curies":[{"name":"wp","href":"https:\/\/api.w.org\/{rel}","templated":true}]}}