{"id":13555,"date":"2019-10-28T17:45:24","date_gmt":"2019-10-28T16:45:24","guid":{"rendered":"https:\/\/www.eliassen.nl\/?product=blumen-frau-bronze"},"modified":"2024-12-05T15:19:35","modified_gmt":"2024-12-05T14:19:35","slug":"sprayfigur-bronze-blumenfrau","status":"publish","type":"product","link":"https:\/\/dev.eliassen.nl\/de\/sprayfigur-bronze-blumenfrau\/","title":{"rendered":"Sprayfigur Bronze Blumenfrau"},"content":{"rendered":"<p>Wundersch\u00f6ne Statue\/Brunnen einer Blumenfrau aus hochwertiger Bronze mit einem Kupfergehalt von mindestens 75 %, was eine sehr lange Lebensdauer garantiert.<br \/>Alle unsere Bilder werden mit einem Zertifikat geliefert, das die Qualit\u00e4t garantiert.<br \/>Wir haben ein sehr gro\u00dfes Sortiment dieser Bilderserie in unserem Shop.<br \/>Die Ma\u00dfe dieser Statue betragen: 180 x 135 x 50 cm.<\/p>\n","protected":false},"excerpt":{"rendered":"<p>Wundersch\u00f6ne Statue\/Brunnen einer Blumenfrau aus hochwertiger Bronze mit einem Kupfergehalt von mindestens 75 %, was eine sehr lange Lebensdauer garantiert.Alle unsere Bilder werden mit einem Zertifikat geliefert, das die Qualit\u00e4t garantiert.Wir haben ein sehr gro\u00dfes Sortiment dieser Bilderserie in unserem Shop.Die Ma\u00dfe dieser Statue betragen: 180 x 135 x 50 cm.<\/p>\n","protected":false},"featured_media":13549,"template":"","meta":{"_acf_changed":false},"product_brand":[6916],"product_cat":[593,590,536],"product_tag":[],"class_list":{"0":"post-13555","1":"product","2":"type-product","3":"status-publish","4":"has-post-thumbnail","6":"product_brand-eliassen-de","7":"product_cat-bronzebrunnen","8":"product_cat-sprayfiguren-bronze","9":"product_cat-wassereigenschaften","11":"first","12":"onbackorder","13":"taxable","14":"shipping-taxable","15":"purchasable","16":"product-type-simple"},"acf":[],"yoast_head":"<!-- This site is optimized with the Yoast SEO plugin v23.8 - https:\/\/yoast.com\/wordpress\/plugins\/seo\/ -->\n<title>Sprayfigur Bronze Blumenfrau | Eliassen<\/title>\n<meta name=\"description\" content=\"Bei Eliassen k\u00f6nnen Sie die Sprayfigur Bronze-Blumenfrau online kaufen oder live im Showroom besichtigen. Wir haben die sch\u00f6nsten Wasserspiele, bronzene Spra...\" \/>\n<meta name=\"robots\" content=\"noindex, follow, max-snippet:-1, max-image-preview:large, max-video-preview:-1\" \/>\n<meta property=\"og:locale\" content=\"de_DE\" \/>\n<meta property=\"og:type\" content=\"article\" \/>\n<meta property=\"og:title\" content=\"Sprayfigur Bronze Blumenfrau | Eliassen\" \/>\n<meta property=\"og:description\" content=\"Bei Eliassen k\u00f6nnen Sie die Sprayfigur Bronze-Blumenfrau online kaufen oder live im Showroom besichtigen. Wir haben die sch\u00f6nsten Wasserspiele, bronzene Spra...\" \/>\n<meta property=\"og:url\" content=\"https:\/\/dev.eliassen.nl\/de\/sprayfigur-bronze-blumenfrau\/\" \/>\n<meta property=\"og:site_name\" content=\"Eliassen.nl\" \/>\n<meta property=\"article:publisher\" content=\"https:\/\/www.facebook.com\/TuincentrumEliassenAmmerzoden\" \/>\n<meta property=\"article:modified_time\" content=\"2024-12-05T14:19:35+00:00\" \/>\n<meta property=\"og:image\" content=\"https:\/\/dev.eliassen.nl\/wp-content\/uploads\/2024\/01\/b29380jpg.jpg\" \/>\n\t<meta property=\"og:image:width\" content=\"767\" \/>\n\t<meta property=\"og:image:height\" content=\"1024\" \/>\n\t<meta property=\"og:image:type\" content=\"image\/jpeg\" \/>\n<meta name=\"twitter:card\" content=\"summary_large_image\" \/>\n<script type=\"application\/ld+json\" class=\"yoast-schema-graph\">{\"@context\":\"https:\/\/schema.org\",\"@graph\":[{\"@type\":\"WebPage\",\"@id\":\"https:\/\/dev.eliassen.nl\/de\/sprayfigur-bronze-blumenfrau\/\",\"url\":\"https:\/\/dev.eliassen.nl\/de\/sprayfigur-bronze-blumenfrau\/\",\"name\":\"Sprayfigur Bronze Blumenfrau | Eliassen\",\"isPartOf\":{\"@id\":\"https:\/\/dev.eliassen.nl\/de\/#website\"},\"primaryImageOfPage\":{\"@id\":\"https:\/\/dev.eliassen.nl\/de\/sprayfigur-bronze-blumenfrau\/#primaryimage\"},\"image\":{\"@id\":\"https:\/\/dev.eliassen.nl\/de\/sprayfigur-bronze-blumenfrau\/#primaryimage\"},\"thumbnailUrl\":\"https:\/\/dev.eliassen.nl\/wp-content\/uploads\/2024\/01\/b29380jpg.jpg\",\"datePublished\":\"2019-10-28T16:45:24+00:00\",\"dateModified\":\"2024-12-05T14:19:35+00:00\",\"description\":\"Bei Eliassen k\u00f6nnen Sie die Sprayfigur Bronze-Blumenfrau online kaufen oder live im Showroom besichtigen. Wir haben die sch\u00f6nsten Wasserspiele, bronzene Spra...\",\"breadcrumb\":{\"@id\":\"https:\/\/dev.eliassen.nl\/de\/sprayfigur-bronze-blumenfrau\/#breadcrumb\"},\"inLanguage\":\"de\",\"potentialAction\":[{\"@type\":\"ReadAction\",\"target\":[\"https:\/\/dev.eliassen.nl\/de\/sprayfigur-bronze-blumenfrau\/\"]}]},{\"@type\":\"ImageObject\",\"inLanguage\":\"de\",\"@id\":\"https:\/\/dev.eliassen.nl\/de\/sprayfigur-bronze-blumenfrau\/#primaryimage\",\"url\":\"https:\/\/dev.eliassen.nl\/wp-content\/uploads\/2024\/01\/b29380jpg.jpg\",\"contentUrl\":\"https:\/\/dev.eliassen.nl\/wp-content\/uploads\/2024\/01\/b29380jpg.jpg\",\"width\":767,\"height\":1024,\"caption\":\"b29380jpg\"},{\"@type\":\"BreadcrumbList\",\"@id\":\"https:\/\/dev.eliassen.nl\/de\/sprayfigur-bronze-blumenfrau\/#breadcrumb\",\"itemListElement\":[{\"@type\":\"ListItem\",\"position\":1,\"name\":\"Home\",\"item\":\"https:\/\/dev.eliassen.nl\/de\/\"},{\"@type\":\"ListItem\",\"position\":2,\"name\":\"Shop\",\"item\":\"https:\/\/dev.eliassen.nl\/nl\/winkel\/\"},{\"@type\":\"ListItem\",\"position\":3,\"name\":\"Wasserspiele\",\"item\":\"https:\/\/dev.eliassen.nl\/de\/wassereigenschaften\/\"},{\"@type\":\"ListItem\",\"position\":4,\"name\":\"Bronzebrunnen\",\"item\":\"https:\/\/dev.eliassen.nl\/de\/wassereigenschaften\/bronzebrunnen\/\"},{\"@type\":\"ListItem\",\"position\":5,\"name\":\"Sprayfigur Bronze Blumenfrau\"}]},{\"@type\":\"WebSite\",\"@id\":\"https:\/\/dev.eliassen.nl\/de\/#website\",\"url\":\"https:\/\/dev.eliassen.nl\/de\/\",\"name\":\"Eliassen Home & Garden Pleasure\",\"description\":\"\",\"publisher\":{\"@id\":\"https:\/\/dev.eliassen.nl\/de\/#organization\"},\"alternateName\":\"Eliassen.nl\",\"potentialAction\":[{\"@type\":\"SearchAction\",\"target\":{\"@type\":\"EntryPoint\",\"urlTemplate\":\"https:\/\/dev.eliassen.nl\/de\/?s={search_term_string}\"},\"query-input\":{\"@type\":\"PropertyValueSpecification\",\"valueRequired\":true,\"valueName\":\"search_term_string\"}}],\"inLanguage\":\"de\"},{\"@type\":\"Organization\",\"@id\":\"https:\/\/dev.eliassen.nl\/de\/#organization\",\"name\":\"Eliassen Home & Garden Pleasure\",\"url\":\"https:\/\/dev.eliassen.nl\/de\/\",\"logo\":{\"@type\":\"ImageObject\",\"inLanguage\":\"de\",\"@id\":\"https:\/\/dev.eliassen.nl\/de\/#\/schema\/logo\/image\/\",\"url\":\"https:\/\/www.eliassen.nl\/wp-content\/uploads\/2024\/01\/logo_4nd.jpg\",\"contentUrl\":\"https:\/\/www.eliassen.nl\/wp-content\/uploads\/2024\/01\/logo_4nd.jpg\",\"width\":500,\"height\":500,\"caption\":\"Eliassen Home & Garden Pleasure\"},\"image\":{\"@id\":\"https:\/\/dev.eliassen.nl\/de\/#\/schema\/logo\/image\/\"},\"sameAs\":[\"https:\/\/www.facebook.com\/TuincentrumEliassenAmmerzoden\",\"https:\/\/www.instagram.com\/eliassenhomeandgarden\/\",\"https:\/\/nl.pinterest.com\/eliassenhomeandgarden\/\",\"https:\/\/www.youtube.com\/@eliassenhomegardenpleasure4558\"]}]}<\/script>\n<!-- \/ Yoast SEO plugin. -->","yoast_head_json":{"title":"Sprayfigur Bronze Blumenfrau | Eliassen","description":"Bei Eliassen k\u00f6nnen Sie die Sprayfigur Bronze-Blumenfrau online kaufen oder live im Showroom besichtigen. Wir haben die sch\u00f6nsten Wasserspiele, bronzene Spra...","robots":{"index":"noindex","follow":"follow","max-snippet":"max-snippet:-1","max-image-preview":"max-image-preview:large","max-video-preview":"max-video-preview:-1"},"og_locale":"de_DE","og_type":"article","og_title":"Sprayfigur Bronze Blumenfrau | Eliassen","og_description":"Bei Eliassen k\u00f6nnen Sie die Sprayfigur Bronze-Blumenfrau online kaufen oder live im Showroom besichtigen. Wir haben die sch\u00f6nsten Wasserspiele, bronzene Spra...","og_url":"https:\/\/dev.eliassen.nl\/de\/sprayfigur-bronze-blumenfrau\/","og_site_name":"Eliassen.nl","article_publisher":"https:\/\/www.facebook.com\/TuincentrumEliassenAmmerzoden","article_modified_time":"2024-12-05T14:19:35+00:00","og_image":[{"width":767,"height":1024,"url":"https:\/\/dev.eliassen.nl\/wp-content\/uploads\/2024\/01\/b29380jpg.jpg","type":"image\/jpeg"}],"twitter_card":"summary_large_image","schema":{"@context":"https:\/\/schema.org","@graph":[{"@type":"WebPage","@id":"https:\/\/dev.eliassen.nl\/de\/sprayfigur-bronze-blumenfrau\/","url":"https:\/\/dev.eliassen.nl\/de\/sprayfigur-bronze-blumenfrau\/","name":"Sprayfigur Bronze Blumenfrau | Eliassen","isPartOf":{"@id":"https:\/\/dev.eliassen.nl\/de\/#website"},"primaryImageOfPage":{"@id":"https:\/\/dev.eliassen.nl\/de\/sprayfigur-bronze-blumenfrau\/#primaryimage"},"image":{"@id":"https:\/\/dev.eliassen.nl\/de\/sprayfigur-bronze-blumenfrau\/#primaryimage"},"thumbnailUrl":"https:\/\/dev.eliassen.nl\/wp-content\/uploads\/2024\/01\/b29380jpg.jpg","datePublished":"2019-10-28T16:45:24+00:00","dateModified":"2024-12-05T14:19:35+00:00","description":"Bei Eliassen k\u00f6nnen Sie die Sprayfigur Bronze-Blumenfrau online kaufen oder live im Showroom besichtigen. Wir haben die sch\u00f6nsten Wasserspiele, bronzene Spra...","breadcrumb":{"@id":"https:\/\/dev.eliassen.nl\/de\/sprayfigur-bronze-blumenfrau\/#breadcrumb"},"inLanguage":"de","potentialAction":[{"@type":"ReadAction","target":["https:\/\/dev.eliassen.nl\/de\/sprayfigur-bronze-blumenfrau\/"]}]},{"@type":"ImageObject","inLanguage":"de","@id":"https:\/\/dev.eliassen.nl\/de\/sprayfigur-bronze-blumenfrau\/#primaryimage","url":"https:\/\/dev.eliassen.nl\/wp-content\/uploads\/2024\/01\/b29380jpg.jpg","contentUrl":"https:\/\/dev.eliassen.nl\/wp-content\/uploads\/2024\/01\/b29380jpg.jpg","width":767,"height":1024,"caption":"b29380jpg"},{"@type":"BreadcrumbList","@id":"https:\/\/dev.eliassen.nl\/de\/sprayfigur-bronze-blumenfrau\/#breadcrumb","itemListElement":[{"@type":"ListItem","position":1,"name":"Home","item":"https:\/\/dev.eliassen.nl\/de\/"},{"@type":"ListItem","position":2,"name":"Shop","item":"https:\/\/dev.eliassen.nl\/nl\/winkel\/"},{"@type":"ListItem","position":3,"name":"Wasserspiele","item":"https:\/\/dev.eliassen.nl\/de\/wassereigenschaften\/"},{"@type":"ListItem","position":4,"name":"Bronzebrunnen","item":"https:\/\/dev.eliassen.nl\/de\/wassereigenschaften\/bronzebrunnen\/"},{"@type":"ListItem","position":5,"name":"Sprayfigur Bronze Blumenfrau"}]},{"@type":"WebSite","@id":"https:\/\/dev.eliassen.nl\/de\/#website","url":"https:\/\/dev.eliassen.nl\/de\/","name":"Eliassen Home & Garden Pleasure","description":"","publisher":{"@id":"https:\/\/dev.eliassen.nl\/de\/#organization"},"alternateName":"Eliassen.nl","potentialAction":[{"@type":"SearchAction","target":{"@type":"EntryPoint","urlTemplate":"https:\/\/dev.eliassen.nl\/de\/?s={search_term_string}"},"query-input":{"@type":"PropertyValueSpecification","valueRequired":true,"valueName":"search_term_string"}}],"inLanguage":"de"},{"@type":"Organization","@id":"https:\/\/dev.eliassen.nl\/de\/#organization","name":"Eliassen Home & Garden Pleasure","url":"https:\/\/dev.eliassen.nl\/de\/","logo":{"@type":"ImageObject","inLanguage":"de","@id":"https:\/\/dev.eliassen.nl\/de\/#\/schema\/logo\/image\/","url":"https:\/\/www.eliassen.nl\/wp-content\/uploads\/2024\/01\/logo_4nd.jpg","contentUrl":"https:\/\/www.eliassen.nl\/wp-content\/uploads\/2024\/01\/logo_4nd.jpg","width":500,"height":500,"caption":"Eliassen Home & Garden Pleasure"},"image":{"@id":"https:\/\/dev.eliassen.nl\/de\/#\/schema\/logo\/image\/"},"sameAs":["https:\/\/www.facebook.com\/TuincentrumEliassenAmmerzoden","https:\/\/www.instagram.com\/eliassenhomeandgarden\/","https:\/\/nl.pinterest.com\/eliassenhomeandgarden\/","https:\/\/www.youtube.com\/@eliassenhomegardenpleasure4558"]}]}},"df_price":5755,"df_sale_price":"","df_regular_price":5755,"df_image_link":"https:\/\/dev.eliassen.nl\/wp-content\/uploads\/2024\/01\/b29380jpg.jpg","image":"https:\/\/dev.eliassen.nl\/wp-content\/uploads\/2024\/01\/b29380jpg.jpg","price_search":"<span class=\"woocommerce-Price-amount amount\"><bdi><span class=\"woocommerce-Price-currencySymbol\">&euro;<\/span>&nbsp;5.755,00<\/bdi><\/span>","category":"Bronzebrunnen","_links":{"self":[{"href":"https:\/\/dev.eliassen.nl\/de\/wp-json\/wp\/v2\/product\/13555","targetHints":{"allow":["GET"]}}],"collection":[{"href":"https:\/\/dev.eliassen.nl\/de\/wp-json\/wp\/v2\/product"}],"about":[{"href":"https:\/\/dev.eliassen.nl\/de\/wp-json\/wp\/v2\/types\/product"}],"wp:featuredmedia":[{"embeddable":true,"href":"https:\/\/dev.eliassen.nl\/de\/wp-json\/wp\/v2\/media\/13549"}],"wp:attachment":[{"href":"https:\/\/dev.eliassen.nl\/de\/wp-json\/wp\/v2\/media?parent=13555"}],"wp:term":[{"taxonomy":"product_brand","embeddable":true,"href":"https:\/\/dev.eliassen.nl\/de\/wp-json\/wp\/v2\/product_brand?post=13555"},{"taxonomy":"product_cat","embeddable":true,"href":"https:\/\/dev.eliassen.nl\/de\/wp-json\/wp\/v2\/product_cat?post=13555"},{"taxonomy":"product_tag","embeddable":true,"href":"https:\/\/dev.eliassen.nl\/de\/wp-json\/wp\/v2\/product_tag?post=13555"}],"curies":[{"name":"wp","href":"https:\/\/api.w.org\/{rel}","templated":true}]}}