{"id":135992,"date":"2021-09-13T18:29:41","date_gmt":"2021-09-13T16:29:41","guid":{"rendered":"https:\/\/www.eliassen.nl\/?product=adezz-watertafel-aluminium-vierkant-80x80x40cm"},"modified":"2025-04-05T13:36:34","modified_gmt":"2025-04-05T11:36:34","slug":"adezz-wassertisch-aluminium-square-80x80x40cm","status":"publish","type":"product","link":"https:\/\/dev.eliassen.nl\/de\/adezz-wassertisch-aluminium-square-80x80x40cm\/","title":{"rendered":"Adezz Wassertisch Aluminium Square 80x80x40cm"},"content":{"rendered":"<p><a href=\"https:\/\/cdn.adezz.com\/production\/ERP_handleidingen\/Productmodellen\/646\/593\/ADEZZ%20Wasserelemente%20DE.pdf\"><strong><u>Handbuch<\/u><\/strong> <\/a><strong><u>|<\/u> <a href=\"https:\/\/cdn.adezz.com\/production\/ERP_handleidingen\/Producten\/944\/311\/AB13.%20Sheet%201.PDF\"><u>Skizzieren<\/u><\/a><\/strong><\/p>\n<p><strong><a href=\"https:\/\/www.youtube.com\/watch?v=zdflGbngZCM\" target=\"_blank\" rel=\"noopener\"><img decoding=\"async\" src=\"https:\/\/www.eliassen.nl\/wp-content\/uploads\/content\/youtube-play.png\" alt=\"\" width=\"27\" height=\"27\" \/><\/a><\/strong><strong><a href=\"https:\/\/www.youtube.com\/watch?v=zdflGbngZCM\" target=\"_blank\" rel=\"noopener\">Schau video<\/a><\/strong><\/p>\n<p>Sehr sch\u00f6ner traditionell gefertigter und solide verarbeiteter Wassertisch aus 3 mm starkem Aluminium. Aluminium gibt nicht ab, ist leicht und rostet nicht. Oben bildet das Wasser eine 2cm dicke Wasserschicht, die dezent von den R\u00e4ndern abflie\u00dft. Auf Wunsch k\u00f6nnen auch Steine auf das Plateau gestreut werden.<\/p>\n<p>Oben verleiht ein LED-Licht dem Ganzen im Dunkeln eine sehr sch\u00f6ne Atmosph\u00e4re. Kabel laufen durch das Rohr im Boden.<\/p>\n<p>Da diese Modelle \u00fcber extra gro\u00dfe Abmessungen und einen sehr gro\u00dfen Wasservorrat verf\u00fcgen, eignen sich diese Wassertische auch sehr gut, um Unternehmen oder anderen \u00f6ffentlichen Geb\u00e4uden eine zus\u00e4tzliche Dimension zu verleihen.<\/p>\n<p>Der Wassertisch wird mit einem Oase LED-Licht und einer hochwertigen Pontec-Pumpe geliefert. Beide mit 10m Kabel.<\/p>\n<p>Standardm\u00e4\u00dfig sind diese Beh\u00e4lter kratzfest pulverbeschichtet in 3 Farben:<\/p>\n<ul>\n<li>Schwarzgrau (RAL 7021)<\/li>\n<li>Lichtgrau (RAL 7035)<\/li>\n<li>Verkehrswei\u00df (RAL 9016)<\/li>\n<\/ul>\n<p>Gegen Aufpreis von 75 Euro sind auch folgende RAL-Farben m\u00f6glich:<\/p>\n<ul>\n<li>Anthrazitgrau (RAL 7016)<\/li>\n<li>Tiefschwarz (RAL 9005)<\/li>\n<li>Reinwei\u00df (RAL 9010)<\/li>\n<\/ul>\n<p>Alle anderen RAL-Farben sind gegen Aufpreis von 126 Euro ebenfalls m\u00f6glich.<\/p>\n<ul>\n<li>Material: Pulverbeschichtetes Aluminium 3mm<\/li>\n<li>Inklusive Oase LED-Licht und Pumpe<\/li>\n<li>5 Jahre Garantie<\/li>\n<\/ul>\n<ul>\n<li>Kostenloser Versand innerhalb der Niederlande<\/li>\n<\/ul>\n<p>Kommen Sie und sehen Sie sich einen gro\u00dfen Teil unserer Kollektion <strong>live<\/strong> in unserem Ausstellungsraum an!<\/p>\n<p>Haben Sie eine Frage zu diesem Produkt? <a href=\"mailto:info@eliassen.nl\">Mailen Sie<\/a> uns und stellen Sie Ihre Frage.<\/p>\n","protected":false},"excerpt":{"rendered":"<p>Rufen Sie uns an oder mailen Sie uns f\u00fcr den besten Preis!<\/p>\n","protected":false},"featured_media":56827,"template":"","meta":{"_acf_changed":false},"product_brand":[6920],"product_cat":[1016,1025,773,557,536],"product_tag":[],"class_list":{"0":"post-135992","1":"product","2":"type-product","3":"status-publish","4":"has-post-thumbnail","6":"product_brand-adezz-de","7":"product_cat-adezz-aluminium-wassertische","8":"product_cat-adezz-aluminium-wassertische-quadratisch","9":"product_cat-adezz-produkte","10":"product_cat-wasserspiegel-wasserspiele-teichbecken-adezz","11":"product_cat-wassereigenschaften","13":"first","14":"onbackorder","15":"taxable","16":"shipping-taxable","17":"purchasable","18":"product-type-variable"},"acf":[],"yoast_head":"<!-- This site is optimized with the Yoast SEO plugin v23.8 - https:\/\/yoast.com\/wordpress\/plugins\/seo\/ -->\n<title>Adezz Wassertisch Aluminium Square 80x80x40cm<\/title>\n<meta name=\"robots\" content=\"noindex, follow, max-snippet:-1, max-image-preview:large, max-video-preview:-1\" \/>\n<meta property=\"og:locale\" content=\"de_DE\" \/>\n<meta property=\"og:type\" content=\"article\" \/>\n<meta property=\"og:title\" content=\"Adezz Wassertisch Aluminium Square 80x80x40cm\" \/>\n<meta property=\"og:description\" content=\"Rufen Sie uns an oder mailen Sie uns f\u00fcr den besten Preis!\" \/>\n<meta property=\"og:url\" content=\"https:\/\/dev.eliassen.nl\/de\/adezz-wassertisch-aluminium-square-80x80x40cm\/\" \/>\n<meta property=\"og:site_name\" content=\"Eliassen.nl\" \/>\n<meta property=\"article:publisher\" content=\"https:\/\/www.facebook.com\/TuincentrumEliassenAmmerzoden\" \/>\n<meta property=\"article:modified_time\" content=\"2025-04-05T11:36:34+00:00\" \/>\n<meta property=\"og:image\" content=\"https:\/\/dev.eliassen.nl\/wp-content\/uploads\/2024\/01\/ab320210718019.jpg\" \/>\n\t<meta property=\"og:image:width\" content=\"699\" \/>\n\t<meta property=\"og:image:height\" content=\"699\" \/>\n\t<meta property=\"og:image:type\" content=\"image\/jpeg\" \/>\n<meta name=\"twitter:card\" content=\"summary_large_image\" \/>\n<script type=\"application\/ld+json\" class=\"yoast-schema-graph\">{\"@context\":\"https:\/\/schema.org\",\"@graph\":[{\"@type\":\"WebPage\",\"@id\":\"https:\/\/dev.eliassen.nl\/de\/adezz-wassertisch-aluminium-square-80x80x40cm\/\",\"url\":\"https:\/\/dev.eliassen.nl\/de\/adezz-wassertisch-aluminium-square-80x80x40cm\/\",\"name\":\"Adezz Wassertisch Aluminium Square 80x80x40cm\",\"isPartOf\":{\"@id\":\"https:\/\/dev.eliassen.nl\/de\/#website\"},\"primaryImageOfPage\":{\"@id\":\"https:\/\/dev.eliassen.nl\/de\/adezz-wassertisch-aluminium-square-80x80x40cm\/#primaryimage\"},\"image\":{\"@id\":\"https:\/\/dev.eliassen.nl\/de\/adezz-wassertisch-aluminium-square-80x80x40cm\/#primaryimage\"},\"thumbnailUrl\":\"https:\/\/dev.eliassen.nl\/wp-content\/uploads\/2024\/01\/ab320210718019.jpg\",\"datePublished\":\"2021-09-13T16:29:41+00:00\",\"dateModified\":\"2025-04-05T11:36:34+00:00\",\"breadcrumb\":{\"@id\":\"https:\/\/dev.eliassen.nl\/de\/adezz-wassertisch-aluminium-square-80x80x40cm\/#breadcrumb\"},\"inLanguage\":\"de\",\"potentialAction\":[{\"@type\":\"ReadAction\",\"target\":[\"https:\/\/dev.eliassen.nl\/de\/adezz-wassertisch-aluminium-square-80x80x40cm\/\"]}]},{\"@type\":\"ImageObject\",\"inLanguage\":\"de\",\"@id\":\"https:\/\/dev.eliassen.nl\/de\/adezz-wassertisch-aluminium-square-80x80x40cm\/#primaryimage\",\"url\":\"https:\/\/dev.eliassen.nl\/wp-content\/uploads\/2024\/01\/ab320210718019.jpg\",\"contentUrl\":\"https:\/\/dev.eliassen.nl\/wp-content\/uploads\/2024\/01\/ab320210718019.jpg\",\"width\":699,\"height\":699,\"caption\":\"AB3-2021-07-18-019\"},{\"@type\":\"BreadcrumbList\",\"@id\":\"https:\/\/dev.eliassen.nl\/de\/adezz-wassertisch-aluminium-square-80x80x40cm\/#breadcrumb\",\"itemListElement\":[{\"@type\":\"ListItem\",\"position\":1,\"name\":\"Home\",\"item\":\"https:\/\/dev.eliassen.nl\/de\/\"},{\"@type\":\"ListItem\",\"position\":2,\"name\":\"Shop\",\"item\":\"https:\/\/dev.eliassen.nl\/nl\/winkel\/\"},{\"@type\":\"ListItem\",\"position\":3,\"name\":\"Adezz-Produkte\",\"item\":\"https:\/\/dev.eliassen.nl\/de\/adezz-produkte\/\"},{\"@type\":\"ListItem\",\"position\":4,\"name\":\"ADEZZ Aluminium-Wassertische\",\"item\":\"https:\/\/dev.eliassen.nl\/de\/adezz-produkte\/adezz-aluminium-wassertische\/\"},{\"@type\":\"ListItem\",\"position\":5,\"name\":\"ADEZZ Aluminium-Wassertische quadratisch\",\"item\":\"https:\/\/dev.eliassen.nl\/de\/adezz-produkte\/adezz-aluminium-wassertische\/adezz-aluminium-wassertische-quadratisch\/\"},{\"@type\":\"ListItem\",\"position\":6,\"name\":\"Adezz Wassertisch Aluminium Square 80x80x40cm\"}]},{\"@type\":\"WebSite\",\"@id\":\"https:\/\/dev.eliassen.nl\/de\/#website\",\"url\":\"https:\/\/dev.eliassen.nl\/de\/\",\"name\":\"Eliassen Home & Garden Pleasure\",\"description\":\"\",\"publisher\":{\"@id\":\"https:\/\/dev.eliassen.nl\/de\/#organization\"},\"alternateName\":\"Eliassen.nl\",\"potentialAction\":[{\"@type\":\"SearchAction\",\"target\":{\"@type\":\"EntryPoint\",\"urlTemplate\":\"https:\/\/dev.eliassen.nl\/de\/?s={search_term_string}\"},\"query-input\":{\"@type\":\"PropertyValueSpecification\",\"valueRequired\":true,\"valueName\":\"search_term_string\"}}],\"inLanguage\":\"de\"},{\"@type\":\"Organization\",\"@id\":\"https:\/\/dev.eliassen.nl\/de\/#organization\",\"name\":\"Eliassen Home & Garden Pleasure\",\"url\":\"https:\/\/dev.eliassen.nl\/de\/\",\"logo\":{\"@type\":\"ImageObject\",\"inLanguage\":\"de\",\"@id\":\"https:\/\/dev.eliassen.nl\/de\/#\/schema\/logo\/image\/\",\"url\":\"https:\/\/www.eliassen.nl\/wp-content\/uploads\/2024\/01\/logo_4nd.jpg\",\"contentUrl\":\"https:\/\/www.eliassen.nl\/wp-content\/uploads\/2024\/01\/logo_4nd.jpg\",\"width\":500,\"height\":500,\"caption\":\"Eliassen Home & Garden Pleasure\"},\"image\":{\"@id\":\"https:\/\/dev.eliassen.nl\/de\/#\/schema\/logo\/image\/\"},\"sameAs\":[\"https:\/\/www.facebook.com\/TuincentrumEliassenAmmerzoden\",\"https:\/\/www.instagram.com\/eliassenhomeandgarden\/\",\"https:\/\/nl.pinterest.com\/eliassenhomeandgarden\/\",\"https:\/\/www.youtube.com\/@eliassenhomegardenpleasure4558\"]}]}<\/script>\n<!-- \/ Yoast SEO plugin. -->","yoast_head_json":{"title":"Adezz Wassertisch Aluminium Square 80x80x40cm","robots":{"index":"noindex","follow":"follow","max-snippet":"max-snippet:-1","max-image-preview":"max-image-preview:large","max-video-preview":"max-video-preview:-1"},"og_locale":"de_DE","og_type":"article","og_title":"Adezz Wassertisch Aluminium Square 80x80x40cm","og_description":"Rufen Sie uns an oder mailen Sie uns f\u00fcr den besten Preis!","og_url":"https:\/\/dev.eliassen.nl\/de\/adezz-wassertisch-aluminium-square-80x80x40cm\/","og_site_name":"Eliassen.nl","article_publisher":"https:\/\/www.facebook.com\/TuincentrumEliassenAmmerzoden","article_modified_time":"2025-04-05T11:36:34+00:00","og_image":[{"width":699,"height":699,"url":"https:\/\/dev.eliassen.nl\/wp-content\/uploads\/2024\/01\/ab320210718019.jpg","type":"image\/jpeg"}],"twitter_card":"summary_large_image","schema":{"@context":"https:\/\/schema.org","@graph":[{"@type":"WebPage","@id":"https:\/\/dev.eliassen.nl\/de\/adezz-wassertisch-aluminium-square-80x80x40cm\/","url":"https:\/\/dev.eliassen.nl\/de\/adezz-wassertisch-aluminium-square-80x80x40cm\/","name":"Adezz Wassertisch Aluminium Square 80x80x40cm","isPartOf":{"@id":"https:\/\/dev.eliassen.nl\/de\/#website"},"primaryImageOfPage":{"@id":"https:\/\/dev.eliassen.nl\/de\/adezz-wassertisch-aluminium-square-80x80x40cm\/#primaryimage"},"image":{"@id":"https:\/\/dev.eliassen.nl\/de\/adezz-wassertisch-aluminium-square-80x80x40cm\/#primaryimage"},"thumbnailUrl":"https:\/\/dev.eliassen.nl\/wp-content\/uploads\/2024\/01\/ab320210718019.jpg","datePublished":"2021-09-13T16:29:41+00:00","dateModified":"2025-04-05T11:36:34+00:00","breadcrumb":{"@id":"https:\/\/dev.eliassen.nl\/de\/adezz-wassertisch-aluminium-square-80x80x40cm\/#breadcrumb"},"inLanguage":"de","potentialAction":[{"@type":"ReadAction","target":["https:\/\/dev.eliassen.nl\/de\/adezz-wassertisch-aluminium-square-80x80x40cm\/"]}]},{"@type":"ImageObject","inLanguage":"de","@id":"https:\/\/dev.eliassen.nl\/de\/adezz-wassertisch-aluminium-square-80x80x40cm\/#primaryimage","url":"https:\/\/dev.eliassen.nl\/wp-content\/uploads\/2024\/01\/ab320210718019.jpg","contentUrl":"https:\/\/dev.eliassen.nl\/wp-content\/uploads\/2024\/01\/ab320210718019.jpg","width":699,"height":699,"caption":"AB3-2021-07-18-019"},{"@type":"BreadcrumbList","@id":"https:\/\/dev.eliassen.nl\/de\/adezz-wassertisch-aluminium-square-80x80x40cm\/#breadcrumb","itemListElement":[{"@type":"ListItem","position":1,"name":"Home","item":"https:\/\/dev.eliassen.nl\/de\/"},{"@type":"ListItem","position":2,"name":"Shop","item":"https:\/\/dev.eliassen.nl\/nl\/winkel\/"},{"@type":"ListItem","position":3,"name":"Adezz-Produkte","item":"https:\/\/dev.eliassen.nl\/de\/adezz-produkte\/"},{"@type":"ListItem","position":4,"name":"ADEZZ Aluminium-Wassertische","item":"https:\/\/dev.eliassen.nl\/de\/adezz-produkte\/adezz-aluminium-wassertische\/"},{"@type":"ListItem","position":5,"name":"ADEZZ Aluminium-Wassertische quadratisch","item":"https:\/\/dev.eliassen.nl\/de\/adezz-produkte\/adezz-aluminium-wassertische\/adezz-aluminium-wassertische-quadratisch\/"},{"@type":"ListItem","position":6,"name":"Adezz Wassertisch Aluminium Square 80x80x40cm"}]},{"@type":"WebSite","@id":"https:\/\/dev.eliassen.nl\/de\/#website","url":"https:\/\/dev.eliassen.nl\/de\/","name":"Eliassen Home & Garden Pleasure","description":"","publisher":{"@id":"https:\/\/dev.eliassen.nl\/de\/#organization"},"alternateName":"Eliassen.nl","potentialAction":[{"@type":"SearchAction","target":{"@type":"EntryPoint","urlTemplate":"https:\/\/dev.eliassen.nl\/de\/?s={search_term_string}"},"query-input":{"@type":"PropertyValueSpecification","valueRequired":true,"valueName":"search_term_string"}}],"inLanguage":"de"},{"@type":"Organization","@id":"https:\/\/dev.eliassen.nl\/de\/#organization","name":"Eliassen Home & Garden Pleasure","url":"https:\/\/dev.eliassen.nl\/de\/","logo":{"@type":"ImageObject","inLanguage":"de","@id":"https:\/\/dev.eliassen.nl\/de\/#\/schema\/logo\/image\/","url":"https:\/\/www.eliassen.nl\/wp-content\/uploads\/2024\/01\/logo_4nd.jpg","contentUrl":"https:\/\/www.eliassen.nl\/wp-content\/uploads\/2024\/01\/logo_4nd.jpg","width":500,"height":500,"caption":"Eliassen Home & Garden Pleasure"},"image":{"@id":"https:\/\/dev.eliassen.nl\/de\/#\/schema\/logo\/image\/"},"sameAs":["https:\/\/www.facebook.com\/TuincentrumEliassenAmmerzoden","https:\/\/www.instagram.com\/eliassenhomeandgarden\/","https:\/\/nl.pinterest.com\/eliassenhomeandgarden\/","https:\/\/www.youtube.com\/@eliassenhomegardenpleasure4558"]}]}},"df_price":999,"df_sale_price":"","df_regular_price":999,"df_image_link":"https:\/\/dev.eliassen.nl\/wp-content\/uploads\/2024\/01\/ab320210718019.jpg","image":"https:\/\/dev.eliassen.nl\/wp-content\/uploads\/2024\/01\/ab320210718019.jpg","price_search":"<span class=\"woocommerce-Price-amount amount\"><bdi><span class=\"woocommerce-Price-currencySymbol\">&euro;<\/span>&nbsp;999,00<\/bdi><\/span>","category":"ADEZZ Aluminium-Wassertische","_links":{"self":[{"href":"https:\/\/dev.eliassen.nl\/de\/wp-json\/wp\/v2\/product\/135992","targetHints":{"allow":["GET"]}}],"collection":[{"href":"https:\/\/dev.eliassen.nl\/de\/wp-json\/wp\/v2\/product"}],"about":[{"href":"https:\/\/dev.eliassen.nl\/de\/wp-json\/wp\/v2\/types\/product"}],"wp:featuredmedia":[{"embeddable":true,"href":"https:\/\/dev.eliassen.nl\/de\/wp-json\/wp\/v2\/media\/56827"}],"wp:attachment":[{"href":"https:\/\/dev.eliassen.nl\/de\/wp-json\/wp\/v2\/media?parent=135992"}],"wp:term":[{"taxonomy":"product_brand","embeddable":true,"href":"https:\/\/dev.eliassen.nl\/de\/wp-json\/wp\/v2\/product_brand?post=135992"},{"taxonomy":"product_cat","embeddable":true,"href":"https:\/\/dev.eliassen.nl\/de\/wp-json\/wp\/v2\/product_cat?post=135992"},{"taxonomy":"product_tag","embeddable":true,"href":"https:\/\/dev.eliassen.nl\/de\/wp-json\/wp\/v2\/product_tag?post=135992"}],"curies":[{"name":"wp","href":"https:\/\/api.w.org\/{rel}","templated":true}]}}