{"id":137780,"date":"2022-02-12T16:09:48","date_gmt":"2022-02-12T15:09:48","guid":{"rendered":"https:\/\/www.eliassen.nl\/?product=plantenbak-hardhout-vierkant-sevilla-80x80x58cm"},"modified":"2024-12-17T19:09:16","modified_gmt":"2024-12-17T18:09:16","slug":"pflanzgefass-hartholz-quadratisch-sevilla-80x80x58cm","status":"publish","type":"product","link":"https:\/\/dev.eliassen.nl\/de\/pflanzgefass-hartholz-quadratisch-sevilla-80x80x58cm\/","title":{"rendered":"Pflanzgef\u00e4\u00df Hartholz quadratisch Sevilla 80x80x58cm"},"content":{"rendered":"<p><a href=\"https:\/\/cdn.adezz.com\/production\/ERP_handleidingen\/Productmodellen\/51\/202\/ADEZZ%20Plantenbakken%20Hardhout_NL.pdf\"><strong>Handbuch<\/strong><\/a> <strong>| <a href=\"https:\/\/cdn.adezz.com\/production\/ERP_handleidingen\/Producten\/2631\/547\/HS6.2-2021-Sevilla%20Sheet1.PDF\" target=\"_blank\" rel=\"noopener\">Skizzieren<\/a><\/strong><\/p>\n<p><strong><a href=\"https:\/\/www.youtube.com\/watch?v=zdflGbngZCM\" target=\"_blank\" rel=\"noopener\"><img decoding=\"async\" src=\"https:\/\/www.eliassen.nl\/wp-content\/uploads\/content\/youtube-play.png\" alt=\"\" width=\"27\" height=\"27\" \/><\/a><\/strong> <strong><a href=\"https:\/\/www.youtube.com\/watch?v=zdflGbngZCM\" target=\"_blank\" rel=\"noopener\">Video<\/a><\/strong> <strong><a href=\"https:\/\/www.youtube.com\/watch?v=zdflGbngZCM\" target=\"_blank\" rel=\"noopener\">ansehen<\/a><\/strong><\/p>\n<p>Wenn Sie ein Pflanzgef\u00e4\u00df mit einem nat\u00fcrlichen, rustikalen und warmen Aussehen suchen, dann ist dieses sehr langlebige Pflanzgef\u00e4\u00df aus der Sevilla-Serie von Adezz genau das Richtige f\u00fcr Sie! Hergestellt aus sehr hartem FSC-Hartholz mit Haltbarkeitsklasse 1 f\u00fcr jahrzehntelange Freude. Komplett verschraubt mit Edelstahl-Befestigungsmaterial. Innen sind diese Blumenk\u00e4sten mit Anti-Wurzel-Tuch bespannt, damit weder Wurzeln noch Erde nach au\u00dfen dringen. Die Sevilla-Pflanzgef\u00e4\u00dfe sind sowohl in gerader als auch in konischer Ausf\u00fchrung erh\u00e4ltlich.<\/p>\n<p>Auf Hartholz k\u00f6nnen einige Flecken auftreten, das sogenannte Ausbluten des Holzes. Das ist normal und vergeht nach einiger Zeit von selbst. Hartholz wird mit der Zeit grauer. Dem k\u00f6nnen Sie vorbeugen, indem Sie es 1-2x im Jahr mit einem Hartholz\u00f6l behandeln. Das Vergrauen des Holzes hat keinen Einfluss auf die Lebensdauer.<\/p>\n<ul>\n<li>Materialst\u00e4rke: 21 mm<\/li>\n<li>Korrosionsbest\u00e4ndige Schrauben<\/li>\n<li>10 Jahre Garantie<\/li>\n<li>Kostenloser Versand innerhalb der Niederlande.<\/li>\n<\/ul>\n<p><strong>Aufmerksamkeit!<br \/><\/strong> Wenn Sie ein niederl\u00e4ndischer Kunde sind, w\u00e4hlen Sie in Ihrem Warenkorb &#8220;Abholung im Gesch\u00e4ft&#8221;, dann werden keine Versandkosten berechnet und wir versenden Ihre Bestellung so schnell wie m\u00f6glich.<\/p>\n","protected":false},"excerpt":{"rendered":"<p>Rufen Sie uns an oder mailen Sie uns f\u00fcr den besten Preis!<\/p>\n","protected":false},"featured_media":69421,"template":"","meta":{"_acf_changed":false},"product_brand":[6920],"product_cat":[1151,1157,773,722,863,866],"product_tag":[],"class_list":{"0":"post-137780","1":"product","2":"type-product","3":"status-publish","4":"has-post-thumbnail","6":"product_brand-adezz-de","7":"product_cat-adezz-pflanzgefaesse-hartholz","8":"product_cat-adezz-pflanzgefaesse-hartholz-square","9":"product_cat-adezz-produkte","10":"product_cat-blumentoepfe-und-pflanzgefaesse","11":"product_cat-pflanzgefaesse-aus-hartholz-adezz","12":"product_cat-quadrat","14":"first","15":"onbackorder","16":"taxable","17":"shipping-taxable","18":"purchasable","19":"product-type-variable"},"acf":[],"yoast_head":"<!-- This site is optimized with the Yoast SEO plugin v23.8 - https:\/\/yoast.com\/wordpress\/plugins\/seo\/ -->\n<title>Pflanzgef\u00e4\u00df Hartholz quadratisch Sevilla 80x80x58cm<\/title>\n<meta name=\"robots\" content=\"noindex, follow, max-snippet:-1, max-image-preview:large, max-video-preview:-1\" \/>\n<meta property=\"og:locale\" content=\"de_DE\" \/>\n<meta property=\"og:type\" content=\"article\" \/>\n<meta property=\"og:title\" content=\"Pflanzgef\u00e4\u00df Hartholz quadratisch Sevilla 80x80x58cm\" \/>\n<meta property=\"og:description\" content=\"Rufen Sie uns an oder mailen Sie uns f\u00fcr den besten Preis!\" \/>\n<meta property=\"og:url\" content=\"https:\/\/dev.eliassen.nl\/de\/pflanzgefass-hartholz-quadratisch-sevilla-80x80x58cm\/\" \/>\n<meta property=\"og:site_name\" content=\"Eliassen.nl\" \/>\n<meta property=\"article:publisher\" content=\"https:\/\/www.facebook.com\/TuincentrumEliassenAmmerzoden\" \/>\n<meta property=\"article:modified_time\" content=\"2024-12-17T18:09:16+00:00\" \/>\n<meta property=\"og:image\" content=\"https:\/\/dev.eliassen.nl\/wp-content\/uploads\/2024\/01\/hs62.jpg\" \/>\n\t<meta property=\"og:image:width\" content=\"699\" \/>\n\t<meta property=\"og:image:height\" content=\"699\" \/>\n\t<meta property=\"og:image:type\" content=\"image\/jpeg\" \/>\n<meta name=\"twitter:card\" content=\"summary_large_image\" \/>\n<script type=\"application\/ld+json\" class=\"yoast-schema-graph\">{\"@context\":\"https:\/\/schema.org\",\"@graph\":[{\"@type\":\"WebPage\",\"@id\":\"https:\/\/dev.eliassen.nl\/de\/pflanzgefass-hartholz-quadratisch-sevilla-80x80x58cm\/\",\"url\":\"https:\/\/dev.eliassen.nl\/de\/pflanzgefass-hartholz-quadratisch-sevilla-80x80x58cm\/\",\"name\":\"Pflanzgef\u00e4\u00df Hartholz quadratisch Sevilla 80x80x58cm\",\"isPartOf\":{\"@id\":\"https:\/\/dev.eliassen.nl\/de\/#website\"},\"primaryImageOfPage\":{\"@id\":\"https:\/\/dev.eliassen.nl\/de\/pflanzgefass-hartholz-quadratisch-sevilla-80x80x58cm\/#primaryimage\"},\"image\":{\"@id\":\"https:\/\/dev.eliassen.nl\/de\/pflanzgefass-hartholz-quadratisch-sevilla-80x80x58cm\/#primaryimage\"},\"thumbnailUrl\":\"https:\/\/dev.eliassen.nl\/wp-content\/uploads\/2024\/01\/hs62.jpg\",\"datePublished\":\"2022-02-12T15:09:48+00:00\",\"dateModified\":\"2024-12-17T18:09:16+00:00\",\"breadcrumb\":{\"@id\":\"https:\/\/dev.eliassen.nl\/de\/pflanzgefass-hartholz-quadratisch-sevilla-80x80x58cm\/#breadcrumb\"},\"inLanguage\":\"de\",\"potentialAction\":[{\"@type\":\"ReadAction\",\"target\":[\"https:\/\/dev.eliassen.nl\/de\/pflanzgefass-hartholz-quadratisch-sevilla-80x80x58cm\/\"]}]},{\"@type\":\"ImageObject\",\"inLanguage\":\"de\",\"@id\":\"https:\/\/dev.eliassen.nl\/de\/pflanzgefass-hartholz-quadratisch-sevilla-80x80x58cm\/#primaryimage\",\"url\":\"https:\/\/dev.eliassen.nl\/wp-content\/uploads\/2024\/01\/hs62.jpg\",\"contentUrl\":\"https:\/\/dev.eliassen.nl\/wp-content\/uploads\/2024\/01\/hs62.jpg\",\"width\":699,\"height\":699,\"caption\":\"HS6.2\"},{\"@type\":\"BreadcrumbList\",\"@id\":\"https:\/\/dev.eliassen.nl\/de\/pflanzgefass-hartholz-quadratisch-sevilla-80x80x58cm\/#breadcrumb\",\"itemListElement\":[{\"@type\":\"ListItem\",\"position\":1,\"name\":\"Home\",\"item\":\"https:\/\/dev.eliassen.nl\/de\/\"},{\"@type\":\"ListItem\",\"position\":2,\"name\":\"Shop\",\"item\":\"https:\/\/dev.eliassen.nl\/nl\/winkel\/\"},{\"@type\":\"ListItem\",\"position\":3,\"name\":\"Adezz-Produkte\",\"item\":\"https:\/\/dev.eliassen.nl\/de\/adezz-produkte\/\"},{\"@type\":\"ListItem\",\"position\":4,\"name\":\"ADEZZ Pflanzgef\u00e4\u00dfe Hartholz\",\"item\":\"https:\/\/dev.eliassen.nl\/de\/adezz-produkte\/adezz-pflanzgefaesse-hartholz\/\"},{\"@type\":\"ListItem\",\"position\":5,\"name\":\"ADEZZ Pflanzgef\u00e4\u00dfe Hartholz SQUARE\",\"item\":\"https:\/\/dev.eliassen.nl\/de\/adezz-produkte\/adezz-pflanzgefaesse-hartholz\/adezz-pflanzgefaesse-hartholz-square\/\"},{\"@type\":\"ListItem\",\"position\":6,\"name\":\"Pflanzgef\u00e4\u00df Hartholz quadratisch Sevilla 80x80x58cm\"}]},{\"@type\":\"WebSite\",\"@id\":\"https:\/\/dev.eliassen.nl\/de\/#website\",\"url\":\"https:\/\/dev.eliassen.nl\/de\/\",\"name\":\"Eliassen Home & Garden Pleasure\",\"description\":\"\",\"publisher\":{\"@id\":\"https:\/\/dev.eliassen.nl\/de\/#organization\"},\"alternateName\":\"Eliassen.nl\",\"potentialAction\":[{\"@type\":\"SearchAction\",\"target\":{\"@type\":\"EntryPoint\",\"urlTemplate\":\"https:\/\/dev.eliassen.nl\/de\/?s={search_term_string}\"},\"query-input\":{\"@type\":\"PropertyValueSpecification\",\"valueRequired\":true,\"valueName\":\"search_term_string\"}}],\"inLanguage\":\"de\"},{\"@type\":\"Organization\",\"@id\":\"https:\/\/dev.eliassen.nl\/de\/#organization\",\"name\":\"Eliassen Home & Garden Pleasure\",\"url\":\"https:\/\/dev.eliassen.nl\/de\/\",\"logo\":{\"@type\":\"ImageObject\",\"inLanguage\":\"de\",\"@id\":\"https:\/\/dev.eliassen.nl\/de\/#\/schema\/logo\/image\/\",\"url\":\"https:\/\/www.eliassen.nl\/wp-content\/uploads\/2024\/01\/logo_4nd.jpg\",\"contentUrl\":\"https:\/\/www.eliassen.nl\/wp-content\/uploads\/2024\/01\/logo_4nd.jpg\",\"width\":500,\"height\":500,\"caption\":\"Eliassen Home & Garden Pleasure\"},\"image\":{\"@id\":\"https:\/\/dev.eliassen.nl\/de\/#\/schema\/logo\/image\/\"},\"sameAs\":[\"https:\/\/www.facebook.com\/TuincentrumEliassenAmmerzoden\",\"https:\/\/www.instagram.com\/eliassenhomeandgarden\/\",\"https:\/\/nl.pinterest.com\/eliassenhomeandgarden\/\",\"https:\/\/www.youtube.com\/@eliassenhomegardenpleasure4558\"]}]}<\/script>\n<!-- \/ Yoast SEO plugin. -->","yoast_head_json":{"title":"Pflanzgef\u00e4\u00df Hartholz quadratisch Sevilla 80x80x58cm","robots":{"index":"noindex","follow":"follow","max-snippet":"max-snippet:-1","max-image-preview":"max-image-preview:large","max-video-preview":"max-video-preview:-1"},"og_locale":"de_DE","og_type":"article","og_title":"Pflanzgef\u00e4\u00df Hartholz quadratisch Sevilla 80x80x58cm","og_description":"Rufen Sie uns an oder mailen Sie uns f\u00fcr den besten Preis!","og_url":"https:\/\/dev.eliassen.nl\/de\/pflanzgefass-hartholz-quadratisch-sevilla-80x80x58cm\/","og_site_name":"Eliassen.nl","article_publisher":"https:\/\/www.facebook.com\/TuincentrumEliassenAmmerzoden","article_modified_time":"2024-12-17T18:09:16+00:00","og_image":[{"width":699,"height":699,"url":"https:\/\/dev.eliassen.nl\/wp-content\/uploads\/2024\/01\/hs62.jpg","type":"image\/jpeg"}],"twitter_card":"summary_large_image","schema":{"@context":"https:\/\/schema.org","@graph":[{"@type":"WebPage","@id":"https:\/\/dev.eliassen.nl\/de\/pflanzgefass-hartholz-quadratisch-sevilla-80x80x58cm\/","url":"https:\/\/dev.eliassen.nl\/de\/pflanzgefass-hartholz-quadratisch-sevilla-80x80x58cm\/","name":"Pflanzgef\u00e4\u00df Hartholz quadratisch Sevilla 80x80x58cm","isPartOf":{"@id":"https:\/\/dev.eliassen.nl\/de\/#website"},"primaryImageOfPage":{"@id":"https:\/\/dev.eliassen.nl\/de\/pflanzgefass-hartholz-quadratisch-sevilla-80x80x58cm\/#primaryimage"},"image":{"@id":"https:\/\/dev.eliassen.nl\/de\/pflanzgefass-hartholz-quadratisch-sevilla-80x80x58cm\/#primaryimage"},"thumbnailUrl":"https:\/\/dev.eliassen.nl\/wp-content\/uploads\/2024\/01\/hs62.jpg","datePublished":"2022-02-12T15:09:48+00:00","dateModified":"2024-12-17T18:09:16+00:00","breadcrumb":{"@id":"https:\/\/dev.eliassen.nl\/de\/pflanzgefass-hartholz-quadratisch-sevilla-80x80x58cm\/#breadcrumb"},"inLanguage":"de","potentialAction":[{"@type":"ReadAction","target":["https:\/\/dev.eliassen.nl\/de\/pflanzgefass-hartholz-quadratisch-sevilla-80x80x58cm\/"]}]},{"@type":"ImageObject","inLanguage":"de","@id":"https:\/\/dev.eliassen.nl\/de\/pflanzgefass-hartholz-quadratisch-sevilla-80x80x58cm\/#primaryimage","url":"https:\/\/dev.eliassen.nl\/wp-content\/uploads\/2024\/01\/hs62.jpg","contentUrl":"https:\/\/dev.eliassen.nl\/wp-content\/uploads\/2024\/01\/hs62.jpg","width":699,"height":699,"caption":"HS6.2"},{"@type":"BreadcrumbList","@id":"https:\/\/dev.eliassen.nl\/de\/pflanzgefass-hartholz-quadratisch-sevilla-80x80x58cm\/#breadcrumb","itemListElement":[{"@type":"ListItem","position":1,"name":"Home","item":"https:\/\/dev.eliassen.nl\/de\/"},{"@type":"ListItem","position":2,"name":"Shop","item":"https:\/\/dev.eliassen.nl\/nl\/winkel\/"},{"@type":"ListItem","position":3,"name":"Adezz-Produkte","item":"https:\/\/dev.eliassen.nl\/de\/adezz-produkte\/"},{"@type":"ListItem","position":4,"name":"ADEZZ Pflanzgef\u00e4\u00dfe Hartholz","item":"https:\/\/dev.eliassen.nl\/de\/adezz-produkte\/adezz-pflanzgefaesse-hartholz\/"},{"@type":"ListItem","position":5,"name":"ADEZZ Pflanzgef\u00e4\u00dfe Hartholz SQUARE","item":"https:\/\/dev.eliassen.nl\/de\/adezz-produkte\/adezz-pflanzgefaesse-hartholz\/adezz-pflanzgefaesse-hartholz-square\/"},{"@type":"ListItem","position":6,"name":"Pflanzgef\u00e4\u00df Hartholz quadratisch Sevilla 80x80x58cm"}]},{"@type":"WebSite","@id":"https:\/\/dev.eliassen.nl\/de\/#website","url":"https:\/\/dev.eliassen.nl\/de\/","name":"Eliassen Home & Garden Pleasure","description":"","publisher":{"@id":"https:\/\/dev.eliassen.nl\/de\/#organization"},"alternateName":"Eliassen.nl","potentialAction":[{"@type":"SearchAction","target":{"@type":"EntryPoint","urlTemplate":"https:\/\/dev.eliassen.nl\/de\/?s={search_term_string}"},"query-input":{"@type":"PropertyValueSpecification","valueRequired":true,"valueName":"search_term_string"}}],"inLanguage":"de"},{"@type":"Organization","@id":"https:\/\/dev.eliassen.nl\/de\/#organization","name":"Eliassen Home & Garden Pleasure","url":"https:\/\/dev.eliassen.nl\/de\/","logo":{"@type":"ImageObject","inLanguage":"de","@id":"https:\/\/dev.eliassen.nl\/de\/#\/schema\/logo\/image\/","url":"https:\/\/www.eliassen.nl\/wp-content\/uploads\/2024\/01\/logo_4nd.jpg","contentUrl":"https:\/\/www.eliassen.nl\/wp-content\/uploads\/2024\/01\/logo_4nd.jpg","width":500,"height":500,"caption":"Eliassen Home & Garden Pleasure"},"image":{"@id":"https:\/\/dev.eliassen.nl\/de\/#\/schema\/logo\/image\/"},"sameAs":["https:\/\/www.facebook.com\/TuincentrumEliassenAmmerzoden","https:\/\/www.instagram.com\/eliassenhomeandgarden\/","https:\/\/nl.pinterest.com\/eliassenhomeandgarden\/","https:\/\/www.youtube.com\/@eliassenhomegardenpleasure4558"]}]}},"df_price":642,"df_sale_price":"","df_regular_price":642,"df_image_link":"https:\/\/dev.eliassen.nl\/wp-content\/uploads\/2024\/01\/hs62.jpg","image":"https:\/\/dev.eliassen.nl\/wp-content\/uploads\/2024\/01\/hs62.jpg","price_search":"<span class=\"woocommerce-Price-amount amount\"><bdi><span class=\"woocommerce-Price-currencySymbol\">&euro;<\/span>&nbsp;642,00<\/bdi><\/span>","category":"ADEZZ Pflanzgef\u00e4\u00dfe Hartholz","_links":{"self":[{"href":"https:\/\/dev.eliassen.nl\/de\/wp-json\/wp\/v2\/product\/137780","targetHints":{"allow":["GET"]}}],"collection":[{"href":"https:\/\/dev.eliassen.nl\/de\/wp-json\/wp\/v2\/product"}],"about":[{"href":"https:\/\/dev.eliassen.nl\/de\/wp-json\/wp\/v2\/types\/product"}],"wp:featuredmedia":[{"embeddable":true,"href":"https:\/\/dev.eliassen.nl\/de\/wp-json\/wp\/v2\/media\/69421"}],"wp:attachment":[{"href":"https:\/\/dev.eliassen.nl\/de\/wp-json\/wp\/v2\/media?parent=137780"}],"wp:term":[{"taxonomy":"product_brand","embeddable":true,"href":"https:\/\/dev.eliassen.nl\/de\/wp-json\/wp\/v2\/product_brand?post=137780"},{"taxonomy":"product_cat","embeddable":true,"href":"https:\/\/dev.eliassen.nl\/de\/wp-json\/wp\/v2\/product_cat?post=137780"},{"taxonomy":"product_tag","embeddable":true,"href":"https:\/\/dev.eliassen.nl\/de\/wp-json\/wp\/v2\/product_tag?post=137780"}],"curies":[{"name":"wp","href":"https:\/\/api.w.org\/{rel}","templated":true}]}}