{"id":137954,"date":"2022-10-18T14:22:28","date_gmt":"2022-10-18T12:22:28","guid":{"rendered":"https:\/\/www.eliassen.nl\/?product=amberblokjes-los-in-diverse-varianten-met-staffelk"},"modified":"2024-12-05T16:48:24","modified_gmt":"2024-12-05T15:48:24","slug":"lose-bernsteinwurfel-in-verschiedenen-duften","status":"publish","type":"product","link":"https:\/\/dev.eliassen.nl\/de\/lose-bernsteinwurfel-in-verschiedenen-duften\/","title":{"rendered":"Lose Bernsteinw\u00fcrfel in verschiedenen D\u00fcften"},"content":{"rendered":"<p>Original marokkanische Bernsteinw\u00fcrfel<\/p>\n<p>Bernstein ist eine seifige Substanz, die im Darm von Pottwalen gebildet wird, um den Darm vor scharfen Gegenst\u00e4nden wie Gr\u00e4ten etc. zu sch\u00fctzen. Es ist eine K\u00f6rpersubstanz des Wals, die beim Fund von Pottwalen gewonnen wird.<\/p>\n<p>Bernstein wird seit Jahrhunderten im n\u00f6rdlichen Arika f\u00fcr Handseife verwendet und oft mit Duft\u00f6l versehen.<\/p>\n<p>Unsere Duftw\u00fcrfel sind ca. 3,5&#215;4,5&#215;1,8 cm gro\u00df und enthalten \u00e4therische \u00d6le, absolut keine chemischen Duftstoffe. Mit einer sogenannten Reibe k\u00f6nnen Sie einen Teil des Blocks reiben, wodurch die Oberfl\u00e4che vergr\u00f6\u00dfert wird, was die Duftfreisetzung erh\u00f6ht.<\/p>\n<p>Sie k\u00f6nnen Bernsteinw\u00fcrfel auf verschiedene Arten verwenden:<\/p>\n<ul>\n<li>Auf Duftbrenner schmelzen<\/li>\n<li>Geriebene W\u00fcrfel in Beuteln f\u00fcr zB W\u00e4sche oder Garderobe<\/li>\n<li>Ganzer Block in einer Tasche f\u00fcr zB W\u00e4sche oder Garderobe<\/li>\n<li>Saugen Sie mit einem Staubsauger einige Kr\u00fcmel vom geriebenen Block auf, dann entweicht duftende Luft aus dem Staubsauger.<\/li>\n<li>Stellen Sie einen oder mehrere W\u00fcrfel dekorativ auf eine Untertasse<\/li>\n<li>Tragen Sie den Block in Kleidung (Achtung bei warmem Wetter)<\/li>\n<li>Im Auto in einem Dufts\u00e4ckchen<\/li>\n<li>Reiben Sie den Block auf Ihrer Haut, als w\u00e4re er Parf\u00fcm<\/li>\n<li>Wenn ein ganzer Block nicht mehr viel Duft abgibt, k\u00f6nnen Sie eine Schicht davon abreiben, der Duft ist dann wie vorher.<\/li>\n<\/ul>\n<p>\u00c4therisches \u00d6l oder Aroma\u00f6l ist ein \u00e4therisches \u00d6l, das aus Pflanzenmaterial gewonnen wird. Das \u00d6l wird durch Erhitzen, Destillieren oder Pressen gewonnen und ist meist sehr fl\u00fcchtig. Da jede Pflanze ihre eigenen Eigenschaften hat, hat jeder Duft seine eigene spezifische Wirkung und seinen eigenen Geruch.<\/p>\n<p>\u00a0<\/p>\n","protected":false},"excerpt":{"rendered":"<p>Original marokkanische Bernsteinw\u00fcrfel Bernstein ist eine seifige Substanz, die im Darm von Pottwalen gebildet wird, um den Darm vor scharfen Gegenst\u00e4nden wie Gr\u00e4ten etc. zu sch\u00fctzen. Es ist eine K\u00f6rpersubstanz des Wals, die beim Fund von Pottwalen gewonnen wird. Bernstein wird seit Jahrhunderten im n\u00f6rdlichen Arika f\u00fcr Handseife verwendet und oft mit Duft\u00f6l versehen. Unsere &hellip;<\/p>\n","protected":false},"featured_media":137914,"template":"","meta":{"_acf_changed":false},"product_brand":[],"product_cat":[1358],"product_tag":[],"class_list":{"0":"post-137954","1":"product","2":"type-product","3":"status-publish","4":"has-post-thumbnail","6":"product_cat-bernsteinwuerfel","8":"first","9":"instock","10":"taxable","11":"shipping-taxable","12":"purchasable","13":"product-type-variable"},"acf":[],"yoast_head":"<!-- This site is optimized with the Yoast SEO plugin v23.8 - https:\/\/yoast.com\/wordpress\/plugins\/seo\/ -->\n<title>Bernsteinw\u00fcrfel lose in verschiedenen D\u00fcften mit Mengenrabatt - eliassen.nl<\/title>\n<meta name=\"description\" content=\"M\u00f6chten Sie Bernsteinw\u00fcrfel kaufen? Sehen Sie sich unsere verschiedenen D\u00fcfte im Webshop oder im Gesch\u00e4ft mit Mengenrabatt an. \u2713 24 verschiedene D\u00fcfte und Fa...\" \/>\n<meta name=\"robots\" content=\"noindex, follow, max-snippet:-1, max-image-preview:large, max-video-preview:-1\" \/>\n<meta property=\"og:locale\" content=\"de_DE\" \/>\n<meta property=\"og:type\" content=\"article\" \/>\n<meta property=\"og:title\" content=\"Bernsteinw\u00fcrfel lose in verschiedenen D\u00fcften mit Mengenrabatt - eliassen.nl\" \/>\n<meta property=\"og:description\" content=\"M\u00f6chten Sie Bernsteinw\u00fcrfel kaufen? Sehen Sie sich unsere verschiedenen D\u00fcfte im Webshop oder im Gesch\u00e4ft mit Mengenrabatt an. \u2713 24 verschiedene D\u00fcfte und Fa...\" \/>\n<meta property=\"og:url\" content=\"https:\/\/dev.eliassen.nl\/de\/lose-bernsteinwurfel-in-verschiedenen-duften\/\" \/>\n<meta property=\"og:site_name\" content=\"Eliassen.nl\" \/>\n<meta property=\"article:publisher\" content=\"https:\/\/www.facebook.com\/TuincentrumEliassenAmmerzoden\" \/>\n<meta property=\"article:modified_time\" content=\"2024-12-05T15:48:24+00:00\" \/>\n<meta property=\"og:image\" content=\"https:\/\/dev.eliassen.nl\/wp-content\/uploads\/2024\/02\/amberblokjeslosindiversegeureneliassenletsm.jpg\" \/>\n\t<meta property=\"og:image:width\" content=\"2048\" \/>\n\t<meta property=\"og:image:height\" content=\"936\" \/>\n\t<meta property=\"og:image:type\" content=\"image\/jpeg\" \/>\n<meta name=\"twitter:card\" content=\"summary_large_image\" \/>\n<script type=\"application\/ld+json\" class=\"yoast-schema-graph\">{\"@context\":\"https:\/\/schema.org\",\"@graph\":[{\"@type\":\"WebPage\",\"@id\":\"https:\/\/dev.eliassen.nl\/de\/lose-bernsteinwurfel-in-verschiedenen-duften\/\",\"url\":\"https:\/\/dev.eliassen.nl\/de\/lose-bernsteinwurfel-in-verschiedenen-duften\/\",\"name\":\"Bernsteinw\u00fcrfel lose in verschiedenen D\u00fcften mit Mengenrabatt - eliassen.nl\",\"isPartOf\":{\"@id\":\"https:\/\/dev.eliassen.nl\/de\/#website\"},\"primaryImageOfPage\":{\"@id\":\"https:\/\/dev.eliassen.nl\/de\/lose-bernsteinwurfel-in-verschiedenen-duften\/#primaryimage\"},\"image\":{\"@id\":\"https:\/\/dev.eliassen.nl\/de\/lose-bernsteinwurfel-in-verschiedenen-duften\/#primaryimage\"},\"thumbnailUrl\":\"https:\/\/dev.eliassen.nl\/wp-content\/uploads\/2024\/02\/amberblokjeslosindiversegeureneliassenletsm.jpg\",\"datePublished\":\"2022-10-18T12:22:28+00:00\",\"dateModified\":\"2024-12-05T15:48:24+00:00\",\"description\":\"M\u00f6chten Sie Bernsteinw\u00fcrfel kaufen? Sehen Sie sich unsere verschiedenen D\u00fcfte im Webshop oder im Gesch\u00e4ft mit Mengenrabatt an. \u2713 24 verschiedene D\u00fcfte und Fa...\",\"breadcrumb\":{\"@id\":\"https:\/\/dev.eliassen.nl\/de\/lose-bernsteinwurfel-in-verschiedenen-duften\/#breadcrumb\"},\"inLanguage\":\"de\",\"potentialAction\":[{\"@type\":\"ReadAction\",\"target\":[\"https:\/\/dev.eliassen.nl\/de\/lose-bernsteinwurfel-in-verschiedenen-duften\/\"]}]},{\"@type\":\"ImageObject\",\"inLanguage\":\"de\",\"@id\":\"https:\/\/dev.eliassen.nl\/de\/lose-bernsteinwurfel-in-verschiedenen-duften\/#primaryimage\",\"url\":\"https:\/\/dev.eliassen.nl\/wp-content\/uploads\/2024\/02\/amberblokjeslosindiversegeureneliassenletsm.jpg\",\"contentUrl\":\"https:\/\/dev.eliassen.nl\/wp-content\/uploads\/2024\/02\/amberblokjeslosindiversegeureneliassenletsm.jpg\",\"width\":2048,\"height\":936,\"caption\":\"Amberblokjes los in diverse geuren eliassen lets make it cozy eliassen.nl\"},{\"@type\":\"BreadcrumbList\",\"@id\":\"https:\/\/dev.eliassen.nl\/de\/lose-bernsteinwurfel-in-verschiedenen-duften\/#breadcrumb\",\"itemListElement\":[{\"@type\":\"ListItem\",\"position\":1,\"name\":\"Home\",\"item\":\"https:\/\/dev.eliassen.nl\/de\/\"},{\"@type\":\"ListItem\",\"position\":2,\"name\":\"Shop\",\"item\":\"https:\/\/dev.eliassen.nl\/nl\/winkel\/\"},{\"@type\":\"ListItem\",\"position\":3,\"name\":\"Bernsteinw\u00fcrfel\",\"item\":\"https:\/\/dev.eliassen.nl\/de\/bernsteinwuerfel\/\"},{\"@type\":\"ListItem\",\"position\":4,\"name\":\"Lose Bernsteinw\u00fcrfel in verschiedenen D\u00fcften\"}]},{\"@type\":\"WebSite\",\"@id\":\"https:\/\/dev.eliassen.nl\/de\/#website\",\"url\":\"https:\/\/dev.eliassen.nl\/de\/\",\"name\":\"Eliassen Home & Garden Pleasure\",\"description\":\"\",\"publisher\":{\"@id\":\"https:\/\/dev.eliassen.nl\/de\/#organization\"},\"alternateName\":\"Eliassen.nl\",\"potentialAction\":[{\"@type\":\"SearchAction\",\"target\":{\"@type\":\"EntryPoint\",\"urlTemplate\":\"https:\/\/dev.eliassen.nl\/de\/?s={search_term_string}\"},\"query-input\":{\"@type\":\"PropertyValueSpecification\",\"valueRequired\":true,\"valueName\":\"search_term_string\"}}],\"inLanguage\":\"de\"},{\"@type\":\"Organization\",\"@id\":\"https:\/\/dev.eliassen.nl\/de\/#organization\",\"name\":\"Eliassen Home & Garden Pleasure\",\"url\":\"https:\/\/dev.eliassen.nl\/de\/\",\"logo\":{\"@type\":\"ImageObject\",\"inLanguage\":\"de\",\"@id\":\"https:\/\/dev.eliassen.nl\/de\/#\/schema\/logo\/image\/\",\"url\":\"https:\/\/www.eliassen.nl\/wp-content\/uploads\/2024\/01\/logo_4nd.jpg\",\"contentUrl\":\"https:\/\/www.eliassen.nl\/wp-content\/uploads\/2024\/01\/logo_4nd.jpg\",\"width\":500,\"height\":500,\"caption\":\"Eliassen Home & Garden Pleasure\"},\"image\":{\"@id\":\"https:\/\/dev.eliassen.nl\/de\/#\/schema\/logo\/image\/\"},\"sameAs\":[\"https:\/\/www.facebook.com\/TuincentrumEliassenAmmerzoden\",\"https:\/\/www.instagram.com\/eliassenhomeandgarden\/\",\"https:\/\/nl.pinterest.com\/eliassenhomeandgarden\/\",\"https:\/\/www.youtube.com\/@eliassenhomegardenpleasure4558\"]}]}<\/script>\n<!-- \/ Yoast SEO plugin. -->","yoast_head_json":{"title":"Bernsteinw\u00fcrfel lose in verschiedenen D\u00fcften mit Mengenrabatt - eliassen.nl","description":"M\u00f6chten Sie Bernsteinw\u00fcrfel kaufen? Sehen Sie sich unsere verschiedenen D\u00fcfte im Webshop oder im Gesch\u00e4ft mit Mengenrabatt an. \u2713 24 verschiedene D\u00fcfte und Fa...","robots":{"index":"noindex","follow":"follow","max-snippet":"max-snippet:-1","max-image-preview":"max-image-preview:large","max-video-preview":"max-video-preview:-1"},"og_locale":"de_DE","og_type":"article","og_title":"Bernsteinw\u00fcrfel lose in verschiedenen D\u00fcften mit Mengenrabatt - eliassen.nl","og_description":"M\u00f6chten Sie Bernsteinw\u00fcrfel kaufen? Sehen Sie sich unsere verschiedenen D\u00fcfte im Webshop oder im Gesch\u00e4ft mit Mengenrabatt an. \u2713 24 verschiedene D\u00fcfte und Fa...","og_url":"https:\/\/dev.eliassen.nl\/de\/lose-bernsteinwurfel-in-verschiedenen-duften\/","og_site_name":"Eliassen.nl","article_publisher":"https:\/\/www.facebook.com\/TuincentrumEliassenAmmerzoden","article_modified_time":"2024-12-05T15:48:24+00:00","og_image":[{"width":2048,"height":936,"url":"https:\/\/dev.eliassen.nl\/wp-content\/uploads\/2024\/02\/amberblokjeslosindiversegeureneliassenletsm.jpg","type":"image\/jpeg"}],"twitter_card":"summary_large_image","schema":{"@context":"https:\/\/schema.org","@graph":[{"@type":"WebPage","@id":"https:\/\/dev.eliassen.nl\/de\/lose-bernsteinwurfel-in-verschiedenen-duften\/","url":"https:\/\/dev.eliassen.nl\/de\/lose-bernsteinwurfel-in-verschiedenen-duften\/","name":"Bernsteinw\u00fcrfel lose in verschiedenen D\u00fcften mit Mengenrabatt - eliassen.nl","isPartOf":{"@id":"https:\/\/dev.eliassen.nl\/de\/#website"},"primaryImageOfPage":{"@id":"https:\/\/dev.eliassen.nl\/de\/lose-bernsteinwurfel-in-verschiedenen-duften\/#primaryimage"},"image":{"@id":"https:\/\/dev.eliassen.nl\/de\/lose-bernsteinwurfel-in-verschiedenen-duften\/#primaryimage"},"thumbnailUrl":"https:\/\/dev.eliassen.nl\/wp-content\/uploads\/2024\/02\/amberblokjeslosindiversegeureneliassenletsm.jpg","datePublished":"2022-10-18T12:22:28+00:00","dateModified":"2024-12-05T15:48:24+00:00","description":"M\u00f6chten Sie Bernsteinw\u00fcrfel kaufen? Sehen Sie sich unsere verschiedenen D\u00fcfte im Webshop oder im Gesch\u00e4ft mit Mengenrabatt an. \u2713 24 verschiedene D\u00fcfte und Fa...","breadcrumb":{"@id":"https:\/\/dev.eliassen.nl\/de\/lose-bernsteinwurfel-in-verschiedenen-duften\/#breadcrumb"},"inLanguage":"de","potentialAction":[{"@type":"ReadAction","target":["https:\/\/dev.eliassen.nl\/de\/lose-bernsteinwurfel-in-verschiedenen-duften\/"]}]},{"@type":"ImageObject","inLanguage":"de","@id":"https:\/\/dev.eliassen.nl\/de\/lose-bernsteinwurfel-in-verschiedenen-duften\/#primaryimage","url":"https:\/\/dev.eliassen.nl\/wp-content\/uploads\/2024\/02\/amberblokjeslosindiversegeureneliassenletsm.jpg","contentUrl":"https:\/\/dev.eliassen.nl\/wp-content\/uploads\/2024\/02\/amberblokjeslosindiversegeureneliassenletsm.jpg","width":2048,"height":936,"caption":"Amberblokjes los in diverse geuren eliassen lets make it cozy eliassen.nl"},{"@type":"BreadcrumbList","@id":"https:\/\/dev.eliassen.nl\/de\/lose-bernsteinwurfel-in-verschiedenen-duften\/#breadcrumb","itemListElement":[{"@type":"ListItem","position":1,"name":"Home","item":"https:\/\/dev.eliassen.nl\/de\/"},{"@type":"ListItem","position":2,"name":"Shop","item":"https:\/\/dev.eliassen.nl\/nl\/winkel\/"},{"@type":"ListItem","position":3,"name":"Bernsteinw\u00fcrfel","item":"https:\/\/dev.eliassen.nl\/de\/bernsteinwuerfel\/"},{"@type":"ListItem","position":4,"name":"Lose Bernsteinw\u00fcrfel in verschiedenen D\u00fcften"}]},{"@type":"WebSite","@id":"https:\/\/dev.eliassen.nl\/de\/#website","url":"https:\/\/dev.eliassen.nl\/de\/","name":"Eliassen Home & Garden Pleasure","description":"","publisher":{"@id":"https:\/\/dev.eliassen.nl\/de\/#organization"},"alternateName":"Eliassen.nl","potentialAction":[{"@type":"SearchAction","target":{"@type":"EntryPoint","urlTemplate":"https:\/\/dev.eliassen.nl\/de\/?s={search_term_string}"},"query-input":{"@type":"PropertyValueSpecification","valueRequired":true,"valueName":"search_term_string"}}],"inLanguage":"de"},{"@type":"Organization","@id":"https:\/\/dev.eliassen.nl\/de\/#organization","name":"Eliassen Home & Garden Pleasure","url":"https:\/\/dev.eliassen.nl\/de\/","logo":{"@type":"ImageObject","inLanguage":"de","@id":"https:\/\/dev.eliassen.nl\/de\/#\/schema\/logo\/image\/","url":"https:\/\/www.eliassen.nl\/wp-content\/uploads\/2024\/01\/logo_4nd.jpg","contentUrl":"https:\/\/www.eliassen.nl\/wp-content\/uploads\/2024\/01\/logo_4nd.jpg","width":500,"height":500,"caption":"Eliassen Home & Garden Pleasure"},"image":{"@id":"https:\/\/dev.eliassen.nl\/de\/#\/schema\/logo\/image\/"},"sameAs":["https:\/\/www.facebook.com\/TuincentrumEliassenAmmerzoden","https:\/\/www.instagram.com\/eliassenhomeandgarden\/","https:\/\/nl.pinterest.com\/eliassenhomeandgarden\/","https:\/\/www.youtube.com\/@eliassenhomegardenpleasure4558"]}]}},"df_price":2.5,"df_sale_price":"","df_regular_price":2.5,"df_image_link":"https:\/\/dev.eliassen.nl\/wp-content\/uploads\/2024\/02\/amberblokjeslosindiversegeureneliassenletsm.jpg","image":"https:\/\/dev.eliassen.nl\/wp-content\/uploads\/2024\/02\/amberblokjeslosindiversegeureneliassenletsm.jpg","price_search":"<span class=\"woocommerce-Price-amount amount\"><bdi><span class=\"woocommerce-Price-currencySymbol\">&euro;<\/span>&nbsp;2,50<\/bdi><\/span>","category":"Bernsteinw\u00fcrfel","_links":{"self":[{"href":"https:\/\/dev.eliassen.nl\/de\/wp-json\/wp\/v2\/product\/137954","targetHints":{"allow":["GET"]}}],"collection":[{"href":"https:\/\/dev.eliassen.nl\/de\/wp-json\/wp\/v2\/product"}],"about":[{"href":"https:\/\/dev.eliassen.nl\/de\/wp-json\/wp\/v2\/types\/product"}],"wp:featuredmedia":[{"embeddable":true,"href":"https:\/\/dev.eliassen.nl\/de\/wp-json\/wp\/v2\/media\/137914"}],"wp:attachment":[{"href":"https:\/\/dev.eliassen.nl\/de\/wp-json\/wp\/v2\/media?parent=137954"}],"wp:term":[{"taxonomy":"product_brand","embeddable":true,"href":"https:\/\/dev.eliassen.nl\/de\/wp-json\/wp\/v2\/product_brand?post=137954"},{"taxonomy":"product_cat","embeddable":true,"href":"https:\/\/dev.eliassen.nl\/de\/wp-json\/wp\/v2\/product_cat?post=137954"},{"taxonomy":"product_tag","embeddable":true,"href":"https:\/\/dev.eliassen.nl\/de\/wp-json\/wp\/v2\/product_tag?post=137954"}],"curies":[{"name":"wp","href":"https:\/\/api.w.org\/{rel}","templated":true}]}}