{"id":138070,"date":"2023-02-02T12:00:23","date_gmt":"2023-02-02T11:00:23","guid":{"rendered":"https:\/\/www.eliassen.nl\/?product=sokkel-klassiek-lyon-100cm"},"modified":"2024-12-17T19:11:24","modified_gmt":"2024-12-17T18:11:24","slug":"sockel-klassische-lyon-100cm","status":"publish","type":"product","link":"https:\/\/dev.eliassen.nl\/de\/sockel-klassische-lyon-100cm\/","title":{"rendered":"Sockel klassische Lyon 100cm"},"content":{"rendered":"<p>Wundersch\u00f6ner, klassisch elegant geformter Sockel zum Aufstellen eines Topfes, einer Vase, einer Statue oder einer gro\u00dfen Sonnenuhr. Eine Kombination mit diesem Sockel wird eine sch\u00f6ne Erg\u00e4nzung f\u00fcr Ihren Garten sein.<\/p>\n<p>Sie haben die M\u00f6glichkeit, diesen klassischen Sockel in 3 Farben zu bestellen, in den Farben Sandfarbe, Antikfarbe und Rostfarbe. Die Farben k\u00f6nnen tats\u00e4chlich vom Foto abweichen, da das Ausmalen Menschenarbeit ist. Dieses Betonsockelmodell wird das Gewicht der Statue oder des Topfes jahrzehntelang tragen! Durch Witterungseinfl\u00fcsse wird das Aussehen dieser Steins\u00e4ule erst nach Jahren sch\u00f6ner.<\/p>\n<p>Kommen Sie gerne vorbei, um sich die Farben dieser Betonsockel anzusehen und zu sehen, wie &#8220;sch\u00f6n&#8221; diese Serie ist, wir haben eine angemessene Sammlung davon auf unserem Ausstellungsgel\u00e4nde.<\/p>\n<ul>\n<li>Gr\u00f6\u00dfe: 42 x 42 (oben) 60 x 60 (unten) x 92 cm hoch<\/li>\n<li>Farbe: Sand, Antik oder Rost<\/li>\n<li>Gesch\u00e4tztes Gewicht: &gt;100 kg<\/li>\n<li>Hochwertiger Kunststein<\/li>\n<li>Handgemacht<\/li>\n<li>Durchschnittliche Lieferzeit: 6 Wochen<\/li>\n<li><strong>Viele dieser Serien k\u00f6nnen auch in unserem Shop angesehen werden<\/strong><\/li>\n<\/ul>\n","protected":false},"excerpt":{"rendered":"<p>Formsch\u00f6ner Sockel mit den Ma\u00dfen 60x60x92cm.<\/p>\n","protected":false},"featured_media":80893,"template":"","meta":{"_acf_changed":false},"product_brand":[],"product_cat":[791,782],"product_tag":[],"class_list":{"0":"post-138070","1":"product","2":"type-product","3":"status-publish","4":"has-post-thumbnail","6":"product_cat-betonsockel","7":"product_cat-sockel","9":"first","10":"onbackorder","11":"taxable","12":"shipping-taxable","13":"purchasable","14":"product-type-variable"},"acf":[],"yoast_head":"<!-- This site is optimized with the Yoast SEO plugin v23.8 - https:\/\/yoast.com\/wordpress\/plugins\/seo\/ -->\n<title>Sockel Classic Lyon 100cm - Eliassen Home &amp; Gardenpleasure<\/title>\n<meta name=\"description\" content=\"Suchen Sie einen sch\u00f6nen klassischen Sockel f\u00fcr Ihren Garten? Dann schauen Sie sich dieses anmutige Modell aus hochwertigem Beton an. Erh\u00e4ltlich in 3 Farben.\" \/>\n<meta name=\"robots\" content=\"noindex, follow, max-snippet:-1, max-image-preview:large, max-video-preview:-1\" \/>\n<meta property=\"og:locale\" content=\"de_DE\" \/>\n<meta property=\"og:type\" content=\"article\" \/>\n<meta property=\"og:title\" content=\"Sockel Classic Lyon 100cm - Eliassen Home &amp; Gardenpleasure\" \/>\n<meta property=\"og:description\" content=\"Suchen Sie einen sch\u00f6nen klassischen Sockel f\u00fcr Ihren Garten? Dann schauen Sie sich dieses anmutige Modell aus hochwertigem Beton an. Erh\u00e4ltlich in 3 Farben.\" \/>\n<meta property=\"og:url\" content=\"https:\/\/dev.eliassen.nl\/de\/sockel-klassische-lyon-100cm\/\" \/>\n<meta property=\"og:site_name\" content=\"Eliassen.nl\" \/>\n<meta property=\"article:publisher\" content=\"https:\/\/www.facebook.com\/TuincentrumEliassenAmmerzoden\" \/>\n<meta property=\"article:modified_time\" content=\"2024-12-17T18:11:24+00:00\" \/>\n<meta property=\"og:image\" content=\"https:\/\/dev.eliassen.nl\/wp-content\/uploads\/2024\/01\/sokkelklassieklyon100cmeliassennl.jpg\" \/>\n\t<meta property=\"og:image:width\" content=\"533\" \/>\n\t<meta property=\"og:image:height\" content=\"800\" \/>\n\t<meta property=\"og:image:type\" content=\"image\/jpeg\" \/>\n<meta name=\"twitter:card\" content=\"summary_large_image\" \/>\n<script type=\"application\/ld+json\" class=\"yoast-schema-graph\">{\"@context\":\"https:\/\/schema.org\",\"@graph\":[{\"@type\":\"WebPage\",\"@id\":\"https:\/\/dev.eliassen.nl\/de\/sockel-klassische-lyon-100cm\/\",\"url\":\"https:\/\/dev.eliassen.nl\/de\/sockel-klassische-lyon-100cm\/\",\"name\":\"Sockel Classic Lyon 100cm - Eliassen Home & Gardenpleasure\",\"isPartOf\":{\"@id\":\"https:\/\/dev.eliassen.nl\/de\/#website\"},\"primaryImageOfPage\":{\"@id\":\"https:\/\/dev.eliassen.nl\/de\/sockel-klassische-lyon-100cm\/#primaryimage\"},\"image\":{\"@id\":\"https:\/\/dev.eliassen.nl\/de\/sockel-klassische-lyon-100cm\/#primaryimage\"},\"thumbnailUrl\":\"https:\/\/dev.eliassen.nl\/wp-content\/uploads\/2024\/01\/sokkelklassieklyon100cmeliassennl.jpg\",\"datePublished\":\"2023-02-02T11:00:23+00:00\",\"dateModified\":\"2024-12-17T18:11:24+00:00\",\"description\":\"Suchen Sie einen sch\u00f6nen klassischen Sockel f\u00fcr Ihren Garten? Dann schauen Sie sich dieses anmutige Modell aus hochwertigem Beton an. Erh\u00e4ltlich in 3 Farben.\",\"breadcrumb\":{\"@id\":\"https:\/\/dev.eliassen.nl\/de\/sockel-klassische-lyon-100cm\/#breadcrumb\"},\"inLanguage\":\"de\",\"potentialAction\":[{\"@type\":\"ReadAction\",\"target\":[\"https:\/\/dev.eliassen.nl\/de\/sockel-klassische-lyon-100cm\/\"]}]},{\"@type\":\"ImageObject\",\"inLanguage\":\"de\",\"@id\":\"https:\/\/dev.eliassen.nl\/de\/sockel-klassische-lyon-100cm\/#primaryimage\",\"url\":\"https:\/\/dev.eliassen.nl\/wp-content\/uploads\/2024\/01\/sokkelklassieklyon100cmeliassennl.jpg\",\"contentUrl\":\"https:\/\/dev.eliassen.nl\/wp-content\/uploads\/2024\/01\/sokkelklassieklyon100cmeliassennl.jpg\",\"width\":533,\"height\":800,\"caption\":\"Sokkel klassiek Lyon 100cm - eliassen.nl\"},{\"@type\":\"BreadcrumbList\",\"@id\":\"https:\/\/dev.eliassen.nl\/de\/sockel-klassische-lyon-100cm\/#breadcrumb\",\"itemListElement\":[{\"@type\":\"ListItem\",\"position\":1,\"name\":\"Home\",\"item\":\"https:\/\/dev.eliassen.nl\/de\/\"},{\"@type\":\"ListItem\",\"position\":2,\"name\":\"Shop\",\"item\":\"https:\/\/dev.eliassen.nl\/nl\/winkel\/\"},{\"@type\":\"ListItem\",\"position\":3,\"name\":\"Sockel\",\"item\":\"https:\/\/dev.eliassen.nl\/de\/sockel\/\"},{\"@type\":\"ListItem\",\"position\":4,\"name\":\"Betonsockel\",\"item\":\"https:\/\/dev.eliassen.nl\/de\/sockel\/betonsockel\/\"},{\"@type\":\"ListItem\",\"position\":5,\"name\":\"Sockel klassische Lyon 100cm\"}]},{\"@type\":\"WebSite\",\"@id\":\"https:\/\/dev.eliassen.nl\/de\/#website\",\"url\":\"https:\/\/dev.eliassen.nl\/de\/\",\"name\":\"Eliassen Home & Garden Pleasure\",\"description\":\"\",\"publisher\":{\"@id\":\"https:\/\/dev.eliassen.nl\/de\/#organization\"},\"alternateName\":\"Eliassen.nl\",\"potentialAction\":[{\"@type\":\"SearchAction\",\"target\":{\"@type\":\"EntryPoint\",\"urlTemplate\":\"https:\/\/dev.eliassen.nl\/de\/?s={search_term_string}\"},\"query-input\":{\"@type\":\"PropertyValueSpecification\",\"valueRequired\":true,\"valueName\":\"search_term_string\"}}],\"inLanguage\":\"de\"},{\"@type\":\"Organization\",\"@id\":\"https:\/\/dev.eliassen.nl\/de\/#organization\",\"name\":\"Eliassen Home & Garden Pleasure\",\"url\":\"https:\/\/dev.eliassen.nl\/de\/\",\"logo\":{\"@type\":\"ImageObject\",\"inLanguage\":\"de\",\"@id\":\"https:\/\/dev.eliassen.nl\/de\/#\/schema\/logo\/image\/\",\"url\":\"https:\/\/www.eliassen.nl\/wp-content\/uploads\/2024\/01\/logo_4nd.jpg\",\"contentUrl\":\"https:\/\/www.eliassen.nl\/wp-content\/uploads\/2024\/01\/logo_4nd.jpg\",\"width\":500,\"height\":500,\"caption\":\"Eliassen Home & Garden Pleasure\"},\"image\":{\"@id\":\"https:\/\/dev.eliassen.nl\/de\/#\/schema\/logo\/image\/\"},\"sameAs\":[\"https:\/\/www.facebook.com\/TuincentrumEliassenAmmerzoden\",\"https:\/\/www.instagram.com\/eliassenhomeandgarden\/\",\"https:\/\/nl.pinterest.com\/eliassenhomeandgarden\/\",\"https:\/\/www.youtube.com\/@eliassenhomegardenpleasure4558\"]}]}<\/script>\n<!-- \/ Yoast SEO plugin. -->","yoast_head_json":{"title":"Sockel Classic Lyon 100cm - Eliassen Home & Gardenpleasure","description":"Suchen Sie einen sch\u00f6nen klassischen Sockel f\u00fcr Ihren Garten? Dann schauen Sie sich dieses anmutige Modell aus hochwertigem Beton an. Erh\u00e4ltlich in 3 Farben.","robots":{"index":"noindex","follow":"follow","max-snippet":"max-snippet:-1","max-image-preview":"max-image-preview:large","max-video-preview":"max-video-preview:-1"},"og_locale":"de_DE","og_type":"article","og_title":"Sockel Classic Lyon 100cm - Eliassen Home & Gardenpleasure","og_description":"Suchen Sie einen sch\u00f6nen klassischen Sockel f\u00fcr Ihren Garten? Dann schauen Sie sich dieses anmutige Modell aus hochwertigem Beton an. Erh\u00e4ltlich in 3 Farben.","og_url":"https:\/\/dev.eliassen.nl\/de\/sockel-klassische-lyon-100cm\/","og_site_name":"Eliassen.nl","article_publisher":"https:\/\/www.facebook.com\/TuincentrumEliassenAmmerzoden","article_modified_time":"2024-12-17T18:11:24+00:00","og_image":[{"width":533,"height":800,"url":"https:\/\/dev.eliassen.nl\/wp-content\/uploads\/2024\/01\/sokkelklassieklyon100cmeliassennl.jpg","type":"image\/jpeg"}],"twitter_card":"summary_large_image","schema":{"@context":"https:\/\/schema.org","@graph":[{"@type":"WebPage","@id":"https:\/\/dev.eliassen.nl\/de\/sockel-klassische-lyon-100cm\/","url":"https:\/\/dev.eliassen.nl\/de\/sockel-klassische-lyon-100cm\/","name":"Sockel Classic Lyon 100cm - Eliassen Home & Gardenpleasure","isPartOf":{"@id":"https:\/\/dev.eliassen.nl\/de\/#website"},"primaryImageOfPage":{"@id":"https:\/\/dev.eliassen.nl\/de\/sockel-klassische-lyon-100cm\/#primaryimage"},"image":{"@id":"https:\/\/dev.eliassen.nl\/de\/sockel-klassische-lyon-100cm\/#primaryimage"},"thumbnailUrl":"https:\/\/dev.eliassen.nl\/wp-content\/uploads\/2024\/01\/sokkelklassieklyon100cmeliassennl.jpg","datePublished":"2023-02-02T11:00:23+00:00","dateModified":"2024-12-17T18:11:24+00:00","description":"Suchen Sie einen sch\u00f6nen klassischen Sockel f\u00fcr Ihren Garten? Dann schauen Sie sich dieses anmutige Modell aus hochwertigem Beton an. Erh\u00e4ltlich in 3 Farben.","breadcrumb":{"@id":"https:\/\/dev.eliassen.nl\/de\/sockel-klassische-lyon-100cm\/#breadcrumb"},"inLanguage":"de","potentialAction":[{"@type":"ReadAction","target":["https:\/\/dev.eliassen.nl\/de\/sockel-klassische-lyon-100cm\/"]}]},{"@type":"ImageObject","inLanguage":"de","@id":"https:\/\/dev.eliassen.nl\/de\/sockel-klassische-lyon-100cm\/#primaryimage","url":"https:\/\/dev.eliassen.nl\/wp-content\/uploads\/2024\/01\/sokkelklassieklyon100cmeliassennl.jpg","contentUrl":"https:\/\/dev.eliassen.nl\/wp-content\/uploads\/2024\/01\/sokkelklassieklyon100cmeliassennl.jpg","width":533,"height":800,"caption":"Sokkel klassiek Lyon 100cm - eliassen.nl"},{"@type":"BreadcrumbList","@id":"https:\/\/dev.eliassen.nl\/de\/sockel-klassische-lyon-100cm\/#breadcrumb","itemListElement":[{"@type":"ListItem","position":1,"name":"Home","item":"https:\/\/dev.eliassen.nl\/de\/"},{"@type":"ListItem","position":2,"name":"Shop","item":"https:\/\/dev.eliassen.nl\/nl\/winkel\/"},{"@type":"ListItem","position":3,"name":"Sockel","item":"https:\/\/dev.eliassen.nl\/de\/sockel\/"},{"@type":"ListItem","position":4,"name":"Betonsockel","item":"https:\/\/dev.eliassen.nl\/de\/sockel\/betonsockel\/"},{"@type":"ListItem","position":5,"name":"Sockel klassische Lyon 100cm"}]},{"@type":"WebSite","@id":"https:\/\/dev.eliassen.nl\/de\/#website","url":"https:\/\/dev.eliassen.nl\/de\/","name":"Eliassen Home & Garden Pleasure","description":"","publisher":{"@id":"https:\/\/dev.eliassen.nl\/de\/#organization"},"alternateName":"Eliassen.nl","potentialAction":[{"@type":"SearchAction","target":{"@type":"EntryPoint","urlTemplate":"https:\/\/dev.eliassen.nl\/de\/?s={search_term_string}"},"query-input":{"@type":"PropertyValueSpecification","valueRequired":true,"valueName":"search_term_string"}}],"inLanguage":"de"},{"@type":"Organization","@id":"https:\/\/dev.eliassen.nl\/de\/#organization","name":"Eliassen Home & Garden Pleasure","url":"https:\/\/dev.eliassen.nl\/de\/","logo":{"@type":"ImageObject","inLanguage":"de","@id":"https:\/\/dev.eliassen.nl\/de\/#\/schema\/logo\/image\/","url":"https:\/\/www.eliassen.nl\/wp-content\/uploads\/2024\/01\/logo_4nd.jpg","contentUrl":"https:\/\/www.eliassen.nl\/wp-content\/uploads\/2024\/01\/logo_4nd.jpg","width":500,"height":500,"caption":"Eliassen Home & Garden Pleasure"},"image":{"@id":"https:\/\/dev.eliassen.nl\/de\/#\/schema\/logo\/image\/"},"sameAs":["https:\/\/www.facebook.com\/TuincentrumEliassenAmmerzoden","https:\/\/www.instagram.com\/eliassenhomeandgarden\/","https:\/\/nl.pinterest.com\/eliassenhomeandgarden\/","https:\/\/www.youtube.com\/@eliassenhomegardenpleasure4558"]}]}},"df_price":520,"df_sale_price":"","df_regular_price":520,"df_image_link":"https:\/\/dev.eliassen.nl\/wp-content\/uploads\/2024\/01\/sokkelklassieklyon100cmeliassennl.jpg","image":"https:\/\/dev.eliassen.nl\/wp-content\/uploads\/2024\/01\/sokkelklassieklyon100cmeliassennl.jpg","price_search":"<span class=\"woocommerce-Price-amount amount\"><bdi><span class=\"woocommerce-Price-currencySymbol\">&euro;<\/span>&nbsp;520,00<\/bdi><\/span>","category":"Betonsockel","_links":{"self":[{"href":"https:\/\/dev.eliassen.nl\/de\/wp-json\/wp\/v2\/product\/138070","targetHints":{"allow":["GET"]}}],"collection":[{"href":"https:\/\/dev.eliassen.nl\/de\/wp-json\/wp\/v2\/product"}],"about":[{"href":"https:\/\/dev.eliassen.nl\/de\/wp-json\/wp\/v2\/types\/product"}],"wp:featuredmedia":[{"embeddable":true,"href":"https:\/\/dev.eliassen.nl\/de\/wp-json\/wp\/v2\/media\/80893"}],"wp:attachment":[{"href":"https:\/\/dev.eliassen.nl\/de\/wp-json\/wp\/v2\/media?parent=138070"}],"wp:term":[{"taxonomy":"product_brand","embeddable":true,"href":"https:\/\/dev.eliassen.nl\/de\/wp-json\/wp\/v2\/product_brand?post=138070"},{"taxonomy":"product_cat","embeddable":true,"href":"https:\/\/dev.eliassen.nl\/de\/wp-json\/wp\/v2\/product_cat?post=138070"},{"taxonomy":"product_tag","embeddable":true,"href":"https:\/\/dev.eliassen.nl\/de\/wp-json\/wp\/v2\/product_tag?post=138070"}],"curies":[{"name":"wp","href":"https:\/\/api.w.org\/{rel}","templated":true}]}}