{"id":138286,"date":"2023-02-03T16:12:39","date_gmt":"2023-02-03T15:12:39","guid":{"rendered":"https:\/\/www.eliassen.nl\/?product=sokkel-klassiek-brest-90cm"},"modified":"2024-12-17T19:13:53","modified_gmt":"2024-12-17T18:13:53","slug":"sockel-klassische-brest-90cm","status":"publish","type":"product","link":"https:\/\/dev.eliassen.nl\/de\/sockel-klassische-brest-90cm\/","title":{"rendered":"Sockel klassische Brest 90cm"},"content":{"rendered":"<p>Wundersch\u00f6ner klassischer Sockel in Blockform zum Aufstellen eines Topfes, einer Vase, einer Statue oder einer gro\u00dfen Sonnenuhr. Eine Kombination mit diesem Sockel wird eine sch\u00f6ne Erg\u00e4nzung f\u00fcr Ihren gro\u00dfen Garten sein.<\/p>\n<p>Sie haben die M\u00f6glichkeit, diesen klassischen Sockel in 3 Farben zu bestellen, n\u00e4mlich in den Farben Sandfarbe, Antikfarbe und Rostfarbe. Die Farben k\u00f6nnen tats\u00e4chlich vom Foto abweichen, da das Ausmalen Menschenarbeit ist. Dieses Betonsockelmodell wird das Gewicht der Statue oder des Topfes jahrzehntelang tragen! Durch Witterungseinfl\u00fcsse wird das Aussehen dieser Steins\u00e4ule erst nach Jahren sch\u00f6ner.<\/p>\n<p>Kommen Sie gerne vorbei, um sich die Farben dieser Betonsockel anzusehen und zu sehen, wie &#8220;sch\u00f6n&#8221; diese Serie ist, wir haben eine angemessene Sammlung davon auf unserem Ausstellungsgel\u00e4nde.<\/p>\n<ul>\n<li>Gr\u00f6\u00dfe: 75 x 75 x 90 cm hoch<\/li>\n<li>Farbe: Sand, Antik oder Rost<\/li>\n<li>Gesch\u00e4tztes Gewicht: &gt; 100 kg<\/li>\n<li>Hochwertiger Kunststein<\/li>\n<li>Handgemacht<\/li>\n<li>Durchschnittliche Lieferzeit: 6 Wochen<\/li>\n<li><strong>Viele dieser Serien k\u00f6nnen auch in unserem Shop angesehen werden<\/strong><\/li>\n<\/ul>\n","protected":false},"excerpt":{"rendered":"<p>Wundersch\u00f6ner klassischer Sockel mit den Ma\u00dfen 75x75x90cm hoch. Erh\u00e4ltlich in 3 Farben.<\/p>\n","protected":false},"featured_media":81277,"template":"","meta":{"_acf_changed":false},"product_brand":[],"product_cat":[791,782],"product_tag":[],"class_list":{"0":"post-138286","1":"product","2":"type-product","3":"status-publish","4":"has-post-thumbnail","6":"product_cat-betonsockel","7":"product_cat-sockel","9":"first","10":"onbackorder","11":"taxable","12":"shipping-taxable","13":"purchasable","14":"product-type-variable"},"acf":[],"yoast_head":"<!-- This site is optimized with the Yoast SEO plugin v23.8 - https:\/\/yoast.com\/wordpress\/plugins\/seo\/ -->\n<title>Sockel Classic Brest 90cm - Eliassen Home &amp; Gardenpleasure<\/title>\n<meta name=\"description\" content=\"Auf der Suche nach einem sch\u00f6nen klassischen Sockel? Vielleicht ist dieses elegante Modell aus hochwertigem Beton genau das, wonach Sie suchen. Starke Qualit...\" \/>\n<meta name=\"robots\" content=\"noindex, follow, max-snippet:-1, max-image-preview:large, max-video-preview:-1\" \/>\n<meta property=\"og:locale\" content=\"de_DE\" \/>\n<meta property=\"og:type\" content=\"article\" \/>\n<meta property=\"og:title\" content=\"Sockel Classic Brest 90cm - Eliassen Home &amp; Gardenpleasure\" \/>\n<meta property=\"og:description\" content=\"Auf der Suche nach einem sch\u00f6nen klassischen Sockel? Vielleicht ist dieses elegante Modell aus hochwertigem Beton genau das, wonach Sie suchen. Starke Qualit...\" \/>\n<meta property=\"og:url\" content=\"https:\/\/dev.eliassen.nl\/de\/sockel-klassische-brest-90cm\/\" \/>\n<meta property=\"og:site_name\" content=\"Eliassen.nl\" \/>\n<meta property=\"article:publisher\" content=\"https:\/\/www.facebook.com\/TuincentrumEliassenAmmerzoden\" \/>\n<meta property=\"article:modified_time\" content=\"2024-12-17T18:13:53+00:00\" \/>\n<meta property=\"og:image\" content=\"https:\/\/dev.eliassen.nl\/wp-content\/uploads\/2024\/01\/sokkelklassiekbrest90cmeliassennl.jpg\" \/>\n\t<meta property=\"og:image:width\" content=\"800\" \/>\n\t<meta property=\"og:image:height\" content=\"737\" \/>\n\t<meta property=\"og:image:type\" content=\"image\/jpeg\" \/>\n<meta name=\"twitter:card\" content=\"summary_large_image\" \/>\n<script type=\"application\/ld+json\" class=\"yoast-schema-graph\">{\"@context\":\"https:\/\/schema.org\",\"@graph\":[{\"@type\":\"WebPage\",\"@id\":\"https:\/\/dev.eliassen.nl\/de\/sockel-klassische-brest-90cm\/\",\"url\":\"https:\/\/dev.eliassen.nl\/de\/sockel-klassische-brest-90cm\/\",\"name\":\"Sockel Classic Brest 90cm - Eliassen Home & Gardenpleasure\",\"isPartOf\":{\"@id\":\"https:\/\/dev.eliassen.nl\/de\/#website\"},\"primaryImageOfPage\":{\"@id\":\"https:\/\/dev.eliassen.nl\/de\/sockel-klassische-brest-90cm\/#primaryimage\"},\"image\":{\"@id\":\"https:\/\/dev.eliassen.nl\/de\/sockel-klassische-brest-90cm\/#primaryimage\"},\"thumbnailUrl\":\"https:\/\/dev.eliassen.nl\/wp-content\/uploads\/2024\/01\/sokkelklassiekbrest90cmeliassennl.jpg\",\"datePublished\":\"2023-02-03T15:12:39+00:00\",\"dateModified\":\"2024-12-17T18:13:53+00:00\",\"description\":\"Auf der Suche nach einem sch\u00f6nen klassischen Sockel? Vielleicht ist dieses elegante Modell aus hochwertigem Beton genau das, wonach Sie suchen. Starke Qualit...\",\"breadcrumb\":{\"@id\":\"https:\/\/dev.eliassen.nl\/de\/sockel-klassische-brest-90cm\/#breadcrumb\"},\"inLanguage\":\"de\",\"potentialAction\":[{\"@type\":\"ReadAction\",\"target\":[\"https:\/\/dev.eliassen.nl\/de\/sockel-klassische-brest-90cm\/\"]}]},{\"@type\":\"ImageObject\",\"inLanguage\":\"de\",\"@id\":\"https:\/\/dev.eliassen.nl\/de\/sockel-klassische-brest-90cm\/#primaryimage\",\"url\":\"https:\/\/dev.eliassen.nl\/wp-content\/uploads\/2024\/01\/sokkelklassiekbrest90cmeliassennl.jpg\",\"contentUrl\":\"https:\/\/dev.eliassen.nl\/wp-content\/uploads\/2024\/01\/sokkelklassiekbrest90cmeliassennl.jpg\",\"width\":800,\"height\":737,\"caption\":\"Sokkel klassiek Brest 90cm - eliassen.nl\"},{\"@type\":\"BreadcrumbList\",\"@id\":\"https:\/\/dev.eliassen.nl\/de\/sockel-klassische-brest-90cm\/#breadcrumb\",\"itemListElement\":[{\"@type\":\"ListItem\",\"position\":1,\"name\":\"Home\",\"item\":\"https:\/\/dev.eliassen.nl\/de\/\"},{\"@type\":\"ListItem\",\"position\":2,\"name\":\"Shop\",\"item\":\"https:\/\/dev.eliassen.nl\/nl\/winkel\/\"},{\"@type\":\"ListItem\",\"position\":3,\"name\":\"Sockel\",\"item\":\"https:\/\/dev.eliassen.nl\/de\/sockel\/\"},{\"@type\":\"ListItem\",\"position\":4,\"name\":\"Betonsockel\",\"item\":\"https:\/\/dev.eliassen.nl\/de\/sockel\/betonsockel\/\"},{\"@type\":\"ListItem\",\"position\":5,\"name\":\"Sockel klassische Brest 90cm\"}]},{\"@type\":\"WebSite\",\"@id\":\"https:\/\/dev.eliassen.nl\/de\/#website\",\"url\":\"https:\/\/dev.eliassen.nl\/de\/\",\"name\":\"Eliassen Home & Garden Pleasure\",\"description\":\"\",\"publisher\":{\"@id\":\"https:\/\/dev.eliassen.nl\/de\/#organization\"},\"alternateName\":\"Eliassen.nl\",\"potentialAction\":[{\"@type\":\"SearchAction\",\"target\":{\"@type\":\"EntryPoint\",\"urlTemplate\":\"https:\/\/dev.eliassen.nl\/de\/?s={search_term_string}\"},\"query-input\":{\"@type\":\"PropertyValueSpecification\",\"valueRequired\":true,\"valueName\":\"search_term_string\"}}],\"inLanguage\":\"de\"},{\"@type\":\"Organization\",\"@id\":\"https:\/\/dev.eliassen.nl\/de\/#organization\",\"name\":\"Eliassen Home & Garden Pleasure\",\"url\":\"https:\/\/dev.eliassen.nl\/de\/\",\"logo\":{\"@type\":\"ImageObject\",\"inLanguage\":\"de\",\"@id\":\"https:\/\/dev.eliassen.nl\/de\/#\/schema\/logo\/image\/\",\"url\":\"https:\/\/www.eliassen.nl\/wp-content\/uploads\/2024\/01\/logo_4nd.jpg\",\"contentUrl\":\"https:\/\/www.eliassen.nl\/wp-content\/uploads\/2024\/01\/logo_4nd.jpg\",\"width\":500,\"height\":500,\"caption\":\"Eliassen Home & Garden Pleasure\"},\"image\":{\"@id\":\"https:\/\/dev.eliassen.nl\/de\/#\/schema\/logo\/image\/\"},\"sameAs\":[\"https:\/\/www.facebook.com\/TuincentrumEliassenAmmerzoden\",\"https:\/\/www.instagram.com\/eliassenhomeandgarden\/\",\"https:\/\/nl.pinterest.com\/eliassenhomeandgarden\/\",\"https:\/\/www.youtube.com\/@eliassenhomegardenpleasure4558\"]}]}<\/script>\n<!-- \/ Yoast SEO plugin. -->","yoast_head_json":{"title":"Sockel Classic Brest 90cm - Eliassen Home & Gardenpleasure","description":"Auf der Suche nach einem sch\u00f6nen klassischen Sockel? Vielleicht ist dieses elegante Modell aus hochwertigem Beton genau das, wonach Sie suchen. Starke Qualit...","robots":{"index":"noindex","follow":"follow","max-snippet":"max-snippet:-1","max-image-preview":"max-image-preview:large","max-video-preview":"max-video-preview:-1"},"og_locale":"de_DE","og_type":"article","og_title":"Sockel Classic Brest 90cm - Eliassen Home & Gardenpleasure","og_description":"Auf der Suche nach einem sch\u00f6nen klassischen Sockel? Vielleicht ist dieses elegante Modell aus hochwertigem Beton genau das, wonach Sie suchen. Starke Qualit...","og_url":"https:\/\/dev.eliassen.nl\/de\/sockel-klassische-brest-90cm\/","og_site_name":"Eliassen.nl","article_publisher":"https:\/\/www.facebook.com\/TuincentrumEliassenAmmerzoden","article_modified_time":"2024-12-17T18:13:53+00:00","og_image":[{"width":800,"height":737,"url":"https:\/\/dev.eliassen.nl\/wp-content\/uploads\/2024\/01\/sokkelklassiekbrest90cmeliassennl.jpg","type":"image\/jpeg"}],"twitter_card":"summary_large_image","schema":{"@context":"https:\/\/schema.org","@graph":[{"@type":"WebPage","@id":"https:\/\/dev.eliassen.nl\/de\/sockel-klassische-brest-90cm\/","url":"https:\/\/dev.eliassen.nl\/de\/sockel-klassische-brest-90cm\/","name":"Sockel Classic Brest 90cm - Eliassen Home & Gardenpleasure","isPartOf":{"@id":"https:\/\/dev.eliassen.nl\/de\/#website"},"primaryImageOfPage":{"@id":"https:\/\/dev.eliassen.nl\/de\/sockel-klassische-brest-90cm\/#primaryimage"},"image":{"@id":"https:\/\/dev.eliassen.nl\/de\/sockel-klassische-brest-90cm\/#primaryimage"},"thumbnailUrl":"https:\/\/dev.eliassen.nl\/wp-content\/uploads\/2024\/01\/sokkelklassiekbrest90cmeliassennl.jpg","datePublished":"2023-02-03T15:12:39+00:00","dateModified":"2024-12-17T18:13:53+00:00","description":"Auf der Suche nach einem sch\u00f6nen klassischen Sockel? Vielleicht ist dieses elegante Modell aus hochwertigem Beton genau das, wonach Sie suchen. Starke Qualit...","breadcrumb":{"@id":"https:\/\/dev.eliassen.nl\/de\/sockel-klassische-brest-90cm\/#breadcrumb"},"inLanguage":"de","potentialAction":[{"@type":"ReadAction","target":["https:\/\/dev.eliassen.nl\/de\/sockel-klassische-brest-90cm\/"]}]},{"@type":"ImageObject","inLanguage":"de","@id":"https:\/\/dev.eliassen.nl\/de\/sockel-klassische-brest-90cm\/#primaryimage","url":"https:\/\/dev.eliassen.nl\/wp-content\/uploads\/2024\/01\/sokkelklassiekbrest90cmeliassennl.jpg","contentUrl":"https:\/\/dev.eliassen.nl\/wp-content\/uploads\/2024\/01\/sokkelklassiekbrest90cmeliassennl.jpg","width":800,"height":737,"caption":"Sokkel klassiek Brest 90cm - eliassen.nl"},{"@type":"BreadcrumbList","@id":"https:\/\/dev.eliassen.nl\/de\/sockel-klassische-brest-90cm\/#breadcrumb","itemListElement":[{"@type":"ListItem","position":1,"name":"Home","item":"https:\/\/dev.eliassen.nl\/de\/"},{"@type":"ListItem","position":2,"name":"Shop","item":"https:\/\/dev.eliassen.nl\/nl\/winkel\/"},{"@type":"ListItem","position":3,"name":"Sockel","item":"https:\/\/dev.eliassen.nl\/de\/sockel\/"},{"@type":"ListItem","position":4,"name":"Betonsockel","item":"https:\/\/dev.eliassen.nl\/de\/sockel\/betonsockel\/"},{"@type":"ListItem","position":5,"name":"Sockel klassische Brest 90cm"}]},{"@type":"WebSite","@id":"https:\/\/dev.eliassen.nl\/de\/#website","url":"https:\/\/dev.eliassen.nl\/de\/","name":"Eliassen Home & Garden Pleasure","description":"","publisher":{"@id":"https:\/\/dev.eliassen.nl\/de\/#organization"},"alternateName":"Eliassen.nl","potentialAction":[{"@type":"SearchAction","target":{"@type":"EntryPoint","urlTemplate":"https:\/\/dev.eliassen.nl\/de\/?s={search_term_string}"},"query-input":{"@type":"PropertyValueSpecification","valueRequired":true,"valueName":"search_term_string"}}],"inLanguage":"de"},{"@type":"Organization","@id":"https:\/\/dev.eliassen.nl\/de\/#organization","name":"Eliassen Home & Garden Pleasure","url":"https:\/\/dev.eliassen.nl\/de\/","logo":{"@type":"ImageObject","inLanguage":"de","@id":"https:\/\/dev.eliassen.nl\/de\/#\/schema\/logo\/image\/","url":"https:\/\/www.eliassen.nl\/wp-content\/uploads\/2024\/01\/logo_4nd.jpg","contentUrl":"https:\/\/www.eliassen.nl\/wp-content\/uploads\/2024\/01\/logo_4nd.jpg","width":500,"height":500,"caption":"Eliassen Home & Garden Pleasure"},"image":{"@id":"https:\/\/dev.eliassen.nl\/de\/#\/schema\/logo\/image\/"},"sameAs":["https:\/\/www.facebook.com\/TuincentrumEliassenAmmerzoden","https:\/\/www.instagram.com\/eliassenhomeandgarden\/","https:\/\/nl.pinterest.com\/eliassenhomeandgarden\/","https:\/\/www.youtube.com\/@eliassenhomegardenpleasure4558"]}]}},"df_price":795,"df_sale_price":"","df_regular_price":795,"df_image_link":"https:\/\/dev.eliassen.nl\/wp-content\/uploads\/2024\/01\/sokkelklassiekbrest90cmeliassennl.jpg","image":"https:\/\/dev.eliassen.nl\/wp-content\/uploads\/2024\/01\/sokkelklassiekbrest90cmeliassennl.jpg","price_search":"<span class=\"woocommerce-Price-amount amount\"><bdi><span class=\"woocommerce-Price-currencySymbol\">&euro;<\/span>&nbsp;795,00<\/bdi><\/span>","category":"Betonsockel","_links":{"self":[{"href":"https:\/\/dev.eliassen.nl\/de\/wp-json\/wp\/v2\/product\/138286","targetHints":{"allow":["GET"]}}],"collection":[{"href":"https:\/\/dev.eliassen.nl\/de\/wp-json\/wp\/v2\/product"}],"about":[{"href":"https:\/\/dev.eliassen.nl\/de\/wp-json\/wp\/v2\/types\/product"}],"wp:featuredmedia":[{"embeddable":true,"href":"https:\/\/dev.eliassen.nl\/de\/wp-json\/wp\/v2\/media\/81277"}],"wp:attachment":[{"href":"https:\/\/dev.eliassen.nl\/de\/wp-json\/wp\/v2\/media?parent=138286"}],"wp:term":[{"taxonomy":"product_brand","embeddable":true,"href":"https:\/\/dev.eliassen.nl\/de\/wp-json\/wp\/v2\/product_brand?post=138286"},{"taxonomy":"product_cat","embeddable":true,"href":"https:\/\/dev.eliassen.nl\/de\/wp-json\/wp\/v2\/product_cat?post=138286"},{"taxonomy":"product_tag","embeddable":true,"href":"https:\/\/dev.eliassen.nl\/de\/wp-json\/wp\/v2\/product_tag?post=138286"}],"curies":[{"name":"wp","href":"https:\/\/api.w.org\/{rel}","templated":true}]}}