{"id":138934,"date":"2023-02-17T10:12:55","date_gmt":"2023-02-17T09:12:55","guid":{"rendered":"https:\/\/www.eliassen.nl\/?product=beeld-klassiek-vrouw-baadster-164cm"},"modified":"2024-12-17T19:21:37","modified_gmt":"2024-12-17T18:21:37","slug":"bild-klassische-badende-frau-164cm","status":"publish","type":"product","link":"https:\/\/dev.eliassen.nl\/de\/bild-klassische-badende-frau-164cm\/","title":{"rendered":"Bild klassische Badende Frau 164cm"},"content":{"rendered":"<p>Mit unseren gro\u00dfen klassischen Skulpturen k\u00f6nnen Sie eine sch\u00f6ne warme Atmosph\u00e4re in Ihrem gro\u00dfen Garten, Ihrer Firma, Ihrem Park oder Ihrem Zuhause schaffen.<br \/>Die Statuen dieser Serie sind alle aus massivem Qualit\u00e4tsbeton mit sehr hohem Zementanteil gefertigt, sodass all diese Statuen allen Witterungseinfl\u00fcssen \u00fcber Jahrzehnte problemlos standhalten. Sie haben die M\u00f6glichkeit, diese Skulptur in 3 Farben zu bestellen, in den Farben Sandfarbe, Antikfarbe und Rostfarbe. Die Farben k\u00f6nnen tats\u00e4chlich vom Foto abweichen, da das Ausmalen Menschenarbeit ist. Diese barocke Betonstatue mit dem Abbild einer gro\u00dfen Badenden sorgt jahrzehntelang f\u00fcr die richtige Atmosph\u00e4re! Durch Witterungseinfl\u00fcsse wird das Aussehen dieser Skulptur erst nach Jahren sch\u00f6ner.<\/p>\n<p>Kommen Sie gerne vorbei, um sich die Farben dieser Bilder anzusehen und zu sehen, wie &#8220;sch\u00f6n&#8221; diese Serie ist, wir haben eine angemessene Sammlung davon auf unserem Ausstellungsgel\u00e4nde.<\/p>\n<ul>\n<li>Gr\u00f6\u00dfe: 38 cm Durchmesser Fu\u00df x 164 cm hoch<\/li>\n<li>Farbe: Sand, Antik oder Rost<\/li>\n<li>Gesch\u00e4tztes Gewicht: &gt; 150 kg<\/li>\n<li>Hochwertiger Kunststein<\/li>\n<li>Geeignet f\u00fcr den Innen- und Au\u00dfenbereich<\/li>\n<li>Handgefertigt<\/li>\n<li>Durchschnittliche Lieferzeit: 6 Wochen<\/li>\n<li><strong>Viele dieser Serien k\u00f6nnen auch in unserem Shop angesehen werden<\/strong><\/li>\n<\/ul>\n","protected":false},"excerpt":{"rendered":"<p>Gro\u00dfe klassische Gartenstatue mit den Ma\u00dfen 38 cm Durchmesser Fu\u00df x 164 cm hoch. Erh\u00e4ltlich in 3 Farben.<\/p>\n","protected":false},"featured_media":83092,"template":"","meta":{"_acf_changed":false},"product_brand":[],"product_cat":[677,1412,7076],"product_tag":[],"class_list":{"0":"post-138934","1":"product","2":"type-product","3":"status-publish","4":"has-post-thumbnail","6":"product_cat-betonstatuen","7":"product_cat-grosse-klassische-statuen","8":"product_cat-statues-figures","10":"first","11":"onbackorder","12":"taxable","13":"shipping-taxable","14":"purchasable","15":"product-type-variable"},"acf":[],"yoast_head":"<!-- This site is optimized with the Yoast SEO plugin v23.8 - https:\/\/yoast.com\/wordpress\/plugins\/seo\/ -->\n<title>Bildklassiker Badende Frau 164cm - Eliassen Home &amp; Gardenpleasure<\/title>\n<meta name=\"description\" content=\"M\u00f6chten Sie eine sch\u00f6ne Gartenskulptur aus Beton kaufen? Schauen Sie sich diese gro\u00dfe klassische Statue eines Badenden aus Beton an. Sie sind herzlich willko...\" \/>\n<meta name=\"robots\" content=\"noindex, follow, max-snippet:-1, max-image-preview:large, max-video-preview:-1\" \/>\n<meta property=\"og:locale\" content=\"de_DE\" \/>\n<meta property=\"og:type\" content=\"article\" \/>\n<meta property=\"og:title\" content=\"Bildklassiker Badende Frau 164cm - Eliassen Home &amp; Gardenpleasure\" \/>\n<meta property=\"og:description\" content=\"M\u00f6chten Sie eine sch\u00f6ne Gartenskulptur aus Beton kaufen? Schauen Sie sich diese gro\u00dfe klassische Statue eines Badenden aus Beton an. Sie sind herzlich willko...\" \/>\n<meta property=\"og:url\" content=\"https:\/\/dev.eliassen.nl\/de\/bild-klassische-badende-frau-164cm\/\" \/>\n<meta property=\"og:site_name\" content=\"Eliassen.nl\" \/>\n<meta property=\"article:publisher\" content=\"https:\/\/www.facebook.com\/TuincentrumEliassenAmmerzoden\" \/>\n<meta property=\"article:modified_time\" content=\"2024-12-17T18:21:37+00:00\" \/>\n<meta property=\"og:image\" content=\"https:\/\/dev.eliassen.nl\/wp-content\/uploads\/2024\/01\/beeldklassiekvrouwbaadster164cmeliassennl.jpg\" \/>\n\t<meta property=\"og:image:width\" content=\"259\" \/>\n\t<meta property=\"og:image:height\" content=\"771\" \/>\n\t<meta property=\"og:image:type\" content=\"image\/jpeg\" \/>\n<meta name=\"twitter:card\" content=\"summary_large_image\" \/>\n<script type=\"application\/ld+json\" class=\"yoast-schema-graph\">{\"@context\":\"https:\/\/schema.org\",\"@graph\":[{\"@type\":\"WebPage\",\"@id\":\"https:\/\/dev.eliassen.nl\/de\/bild-klassische-badende-frau-164cm\/\",\"url\":\"https:\/\/dev.eliassen.nl\/de\/bild-klassische-badende-frau-164cm\/\",\"name\":\"Bildklassiker Badende Frau 164cm - Eliassen Home & Gardenpleasure\",\"isPartOf\":{\"@id\":\"https:\/\/dev.eliassen.nl\/de\/#website\"},\"primaryImageOfPage\":{\"@id\":\"https:\/\/dev.eliassen.nl\/de\/bild-klassische-badende-frau-164cm\/#primaryimage\"},\"image\":{\"@id\":\"https:\/\/dev.eliassen.nl\/de\/bild-klassische-badende-frau-164cm\/#primaryimage\"},\"thumbnailUrl\":\"https:\/\/dev.eliassen.nl\/wp-content\/uploads\/2024\/01\/beeldklassiekvrouwbaadster164cmeliassennl.jpg\",\"datePublished\":\"2023-02-17T09:12:55+00:00\",\"dateModified\":\"2024-12-17T18:21:37+00:00\",\"description\":\"M\u00f6chten Sie eine sch\u00f6ne Gartenskulptur aus Beton kaufen? Schauen Sie sich diese gro\u00dfe klassische Statue eines Badenden aus Beton an. Sie sind herzlich willko...\",\"breadcrumb\":{\"@id\":\"https:\/\/dev.eliassen.nl\/de\/bild-klassische-badende-frau-164cm\/#breadcrumb\"},\"inLanguage\":\"de\",\"potentialAction\":[{\"@type\":\"ReadAction\",\"target\":[\"https:\/\/dev.eliassen.nl\/de\/bild-klassische-badende-frau-164cm\/\"]}]},{\"@type\":\"ImageObject\",\"inLanguage\":\"de\",\"@id\":\"https:\/\/dev.eliassen.nl\/de\/bild-klassische-badende-frau-164cm\/#primaryimage\",\"url\":\"https:\/\/dev.eliassen.nl\/wp-content\/uploads\/2024\/01\/beeldklassiekvrouwbaadster164cmeliassennl.jpg\",\"contentUrl\":\"https:\/\/dev.eliassen.nl\/wp-content\/uploads\/2024\/01\/beeldklassiekvrouwbaadster164cmeliassennl.jpg\",\"width\":259,\"height\":771,\"caption\":\"Beeld klassiek Vrouw Baadster 164cm - eliassen.nl\"},{\"@type\":\"BreadcrumbList\",\"@id\":\"https:\/\/dev.eliassen.nl\/de\/bild-klassische-badende-frau-164cm\/#breadcrumb\",\"itemListElement\":[{\"@type\":\"ListItem\",\"position\":1,\"name\":\"Home\",\"item\":\"https:\/\/dev.eliassen.nl\/de\/\"},{\"@type\":\"ListItem\",\"position\":2,\"name\":\"Shop\",\"item\":\"https:\/\/dev.eliassen.nl\/nl\/winkel\/\"},{\"@type\":\"ListItem\",\"position\":3,\"name\":\"Statuen-Skulpturen\",\"item\":\"https:\/\/dev.eliassen.nl\/de\/statuen-skulpturen\/\"},{\"@type\":\"ListItem\",\"position\":4,\"name\":\"Betonstatuen\",\"item\":\"https:\/\/dev.eliassen.nl\/de\/bilder\/betonstatuen\/\"},{\"@type\":\"ListItem\",\"position\":5,\"name\":\"Gro\u00dfe klassische Statuen\",\"item\":\"https:\/\/dev.eliassen.nl\/de\/bilder\/betonstatuen\/grosse-klassische-statuen\/\"},{\"@type\":\"ListItem\",\"position\":6,\"name\":\"Bild klassische Badende Frau 164cm\"}]},{\"@type\":\"WebSite\",\"@id\":\"https:\/\/dev.eliassen.nl\/de\/#website\",\"url\":\"https:\/\/dev.eliassen.nl\/de\/\",\"name\":\"Eliassen Home & Garden Pleasure\",\"description\":\"\",\"publisher\":{\"@id\":\"https:\/\/dev.eliassen.nl\/de\/#organization\"},\"alternateName\":\"Eliassen.nl\",\"potentialAction\":[{\"@type\":\"SearchAction\",\"target\":{\"@type\":\"EntryPoint\",\"urlTemplate\":\"https:\/\/dev.eliassen.nl\/de\/?s={search_term_string}\"},\"query-input\":{\"@type\":\"PropertyValueSpecification\",\"valueRequired\":true,\"valueName\":\"search_term_string\"}}],\"inLanguage\":\"de\"},{\"@type\":\"Organization\",\"@id\":\"https:\/\/dev.eliassen.nl\/de\/#organization\",\"name\":\"Eliassen Home & Garden Pleasure\",\"url\":\"https:\/\/dev.eliassen.nl\/de\/\",\"logo\":{\"@type\":\"ImageObject\",\"inLanguage\":\"de\",\"@id\":\"https:\/\/dev.eliassen.nl\/de\/#\/schema\/logo\/image\/\",\"url\":\"https:\/\/www.eliassen.nl\/wp-content\/uploads\/2024\/01\/logo_4nd.jpg\",\"contentUrl\":\"https:\/\/www.eliassen.nl\/wp-content\/uploads\/2024\/01\/logo_4nd.jpg\",\"width\":500,\"height\":500,\"caption\":\"Eliassen Home & Garden Pleasure\"},\"image\":{\"@id\":\"https:\/\/dev.eliassen.nl\/de\/#\/schema\/logo\/image\/\"},\"sameAs\":[\"https:\/\/www.facebook.com\/TuincentrumEliassenAmmerzoden\",\"https:\/\/www.instagram.com\/eliassenhomeandgarden\/\",\"https:\/\/nl.pinterest.com\/eliassenhomeandgarden\/\",\"https:\/\/www.youtube.com\/@eliassenhomegardenpleasure4558\"]}]}<\/script>\n<!-- \/ Yoast SEO plugin. -->","yoast_head_json":{"title":"Bildklassiker Badende Frau 164cm - Eliassen Home & Gardenpleasure","description":"M\u00f6chten Sie eine sch\u00f6ne Gartenskulptur aus Beton kaufen? Schauen Sie sich diese gro\u00dfe klassische Statue eines Badenden aus Beton an. Sie sind herzlich willko...","robots":{"index":"noindex","follow":"follow","max-snippet":"max-snippet:-1","max-image-preview":"max-image-preview:large","max-video-preview":"max-video-preview:-1"},"og_locale":"de_DE","og_type":"article","og_title":"Bildklassiker Badende Frau 164cm - Eliassen Home & Gardenpleasure","og_description":"M\u00f6chten Sie eine sch\u00f6ne Gartenskulptur aus Beton kaufen? Schauen Sie sich diese gro\u00dfe klassische Statue eines Badenden aus Beton an. Sie sind herzlich willko...","og_url":"https:\/\/dev.eliassen.nl\/de\/bild-klassische-badende-frau-164cm\/","og_site_name":"Eliassen.nl","article_publisher":"https:\/\/www.facebook.com\/TuincentrumEliassenAmmerzoden","article_modified_time":"2024-12-17T18:21:37+00:00","og_image":[{"width":259,"height":771,"url":"https:\/\/dev.eliassen.nl\/wp-content\/uploads\/2024\/01\/beeldklassiekvrouwbaadster164cmeliassennl.jpg","type":"image\/jpeg"}],"twitter_card":"summary_large_image","schema":{"@context":"https:\/\/schema.org","@graph":[{"@type":"WebPage","@id":"https:\/\/dev.eliassen.nl\/de\/bild-klassische-badende-frau-164cm\/","url":"https:\/\/dev.eliassen.nl\/de\/bild-klassische-badende-frau-164cm\/","name":"Bildklassiker Badende Frau 164cm - Eliassen Home & Gardenpleasure","isPartOf":{"@id":"https:\/\/dev.eliassen.nl\/de\/#website"},"primaryImageOfPage":{"@id":"https:\/\/dev.eliassen.nl\/de\/bild-klassische-badende-frau-164cm\/#primaryimage"},"image":{"@id":"https:\/\/dev.eliassen.nl\/de\/bild-klassische-badende-frau-164cm\/#primaryimage"},"thumbnailUrl":"https:\/\/dev.eliassen.nl\/wp-content\/uploads\/2024\/01\/beeldklassiekvrouwbaadster164cmeliassennl.jpg","datePublished":"2023-02-17T09:12:55+00:00","dateModified":"2024-12-17T18:21:37+00:00","description":"M\u00f6chten Sie eine sch\u00f6ne Gartenskulptur aus Beton kaufen? Schauen Sie sich diese gro\u00dfe klassische Statue eines Badenden aus Beton an. Sie sind herzlich willko...","breadcrumb":{"@id":"https:\/\/dev.eliassen.nl\/de\/bild-klassische-badende-frau-164cm\/#breadcrumb"},"inLanguage":"de","potentialAction":[{"@type":"ReadAction","target":["https:\/\/dev.eliassen.nl\/de\/bild-klassische-badende-frau-164cm\/"]}]},{"@type":"ImageObject","inLanguage":"de","@id":"https:\/\/dev.eliassen.nl\/de\/bild-klassische-badende-frau-164cm\/#primaryimage","url":"https:\/\/dev.eliassen.nl\/wp-content\/uploads\/2024\/01\/beeldklassiekvrouwbaadster164cmeliassennl.jpg","contentUrl":"https:\/\/dev.eliassen.nl\/wp-content\/uploads\/2024\/01\/beeldklassiekvrouwbaadster164cmeliassennl.jpg","width":259,"height":771,"caption":"Beeld klassiek Vrouw Baadster 164cm - eliassen.nl"},{"@type":"BreadcrumbList","@id":"https:\/\/dev.eliassen.nl\/de\/bild-klassische-badende-frau-164cm\/#breadcrumb","itemListElement":[{"@type":"ListItem","position":1,"name":"Home","item":"https:\/\/dev.eliassen.nl\/de\/"},{"@type":"ListItem","position":2,"name":"Shop","item":"https:\/\/dev.eliassen.nl\/nl\/winkel\/"},{"@type":"ListItem","position":3,"name":"Statuen-Skulpturen","item":"https:\/\/dev.eliassen.nl\/de\/statuen-skulpturen\/"},{"@type":"ListItem","position":4,"name":"Betonstatuen","item":"https:\/\/dev.eliassen.nl\/de\/bilder\/betonstatuen\/"},{"@type":"ListItem","position":5,"name":"Gro\u00dfe klassische Statuen","item":"https:\/\/dev.eliassen.nl\/de\/bilder\/betonstatuen\/grosse-klassische-statuen\/"},{"@type":"ListItem","position":6,"name":"Bild klassische Badende Frau 164cm"}]},{"@type":"WebSite","@id":"https:\/\/dev.eliassen.nl\/de\/#website","url":"https:\/\/dev.eliassen.nl\/de\/","name":"Eliassen Home & Garden Pleasure","description":"","publisher":{"@id":"https:\/\/dev.eliassen.nl\/de\/#organization"},"alternateName":"Eliassen.nl","potentialAction":[{"@type":"SearchAction","target":{"@type":"EntryPoint","urlTemplate":"https:\/\/dev.eliassen.nl\/de\/?s={search_term_string}"},"query-input":{"@type":"PropertyValueSpecification","valueRequired":true,"valueName":"search_term_string"}}],"inLanguage":"de"},{"@type":"Organization","@id":"https:\/\/dev.eliassen.nl\/de\/#organization","name":"Eliassen Home & Garden Pleasure","url":"https:\/\/dev.eliassen.nl\/de\/","logo":{"@type":"ImageObject","inLanguage":"de","@id":"https:\/\/dev.eliassen.nl\/de\/#\/schema\/logo\/image\/","url":"https:\/\/www.eliassen.nl\/wp-content\/uploads\/2024\/01\/logo_4nd.jpg","contentUrl":"https:\/\/www.eliassen.nl\/wp-content\/uploads\/2024\/01\/logo_4nd.jpg","width":500,"height":500,"caption":"Eliassen Home & Garden Pleasure"},"image":{"@id":"https:\/\/dev.eliassen.nl\/de\/#\/schema\/logo\/image\/"},"sameAs":["https:\/\/www.facebook.com\/TuincentrumEliassenAmmerzoden","https:\/\/www.instagram.com\/eliassenhomeandgarden\/","https:\/\/nl.pinterest.com\/eliassenhomeandgarden\/","https:\/\/www.youtube.com\/@eliassenhomegardenpleasure4558"]}]}},"df_price":725,"df_sale_price":"","df_regular_price":725,"df_image_link":"https:\/\/dev.eliassen.nl\/wp-content\/uploads\/2024\/01\/beeldklassiekvrouwbaadster164cmeliassennl.jpg","image":"https:\/\/dev.eliassen.nl\/wp-content\/uploads\/2024\/01\/beeldklassiekvrouwbaadster164cmeliassennl.jpg","price_search":"<span class=\"woocommerce-Price-amount amount\"><bdi><span class=\"woocommerce-Price-currencySymbol\">&euro;<\/span>&nbsp;725,00<\/bdi><\/span>","category":"Betonstatuen","_links":{"self":[{"href":"https:\/\/dev.eliassen.nl\/de\/wp-json\/wp\/v2\/product\/138934","targetHints":{"allow":["GET"]}}],"collection":[{"href":"https:\/\/dev.eliassen.nl\/de\/wp-json\/wp\/v2\/product"}],"about":[{"href":"https:\/\/dev.eliassen.nl\/de\/wp-json\/wp\/v2\/types\/product"}],"wp:featuredmedia":[{"embeddable":true,"href":"https:\/\/dev.eliassen.nl\/de\/wp-json\/wp\/v2\/media\/83092"}],"wp:attachment":[{"href":"https:\/\/dev.eliassen.nl\/de\/wp-json\/wp\/v2\/media?parent=138934"}],"wp:term":[{"taxonomy":"product_brand","embeddable":true,"href":"https:\/\/dev.eliassen.nl\/de\/wp-json\/wp\/v2\/product_brand?post=138934"},{"taxonomy":"product_cat","embeddable":true,"href":"https:\/\/dev.eliassen.nl\/de\/wp-json\/wp\/v2\/product_cat?post=138934"},{"taxonomy":"product_tag","embeddable":true,"href":"https:\/\/dev.eliassen.nl\/de\/wp-json\/wp\/v2\/product_tag?post=138934"}],"curies":[{"name":"wp","href":"https:\/\/api.w.org\/{rel}","templated":true}]}}