{"id":1390,"date":"2019-10-28T15:20:20","date_gmt":"2019-10-28T14:20:20","guid":{"rendered":"https:\/\/www.eliassen.nl\/?product=ubbink-genova-edelstahlwasserspiel"},"modified":"2024-12-05T15:00:38","modified_gmt":"2024-12-05T14:00:38","slug":"wasserspiel-aus-edelstahl-ubbink-genova","status":"publish","type":"product","link":"https:\/\/dev.eliassen.nl\/de\/product\/wasserspiel-aus-edelstahl-ubbink-genova\/","title":{"rendered":"Wasserspiel aus Edelstahl UBBINK Genova"},"content":{"rendered":"<p><strong>M\u00f6chten Sie hierf\u00fcr den Showroom besuchen? Bitte kontaktieren Sie uns vorab!<\/strong><\/p>\n<p>Modern, exklusiv und ganz besonders. Alles ist in geb\u00fcrsteter Edelstahlqualit\u00e4t. Sch\u00f6n im Garten, aber auch drinnen, spritzt nicht. Der Beh\u00e4lter kann mit Steinen bedeckt werden, die Sie im Zubeh\u00f6rbereich finden. Fl\u00e4chengr\u00f6\u00dfe 60x60cm, Gesamth\u00f6he 100cm.<\/p>\n<p>Inklusive Pumpe, 4000 Liter Abdeckplatte. Zur Versch\u00f6nerung k\u00f6nnen Sie auch Steine auf die Grundplatte streuen.<\/p>\n<p><strong>Vergessen Sie nicht, unser Ausstellungsgel\u00e4nde mit 300 Models zu besuchen!<\/strong><\/p>\n<ul>\n<li>Material: geb\u00fcrsteter Edelstahl<\/li>\n<li>Ornamentgr\u00f6\u00dfe: 60 x 60 x 100 cm hoch<\/li>\n<li>Kann ohne Aushub installiert werden.<\/li>\n<li>Mit Licht: nein<\/li>\n<li>1 Jahr Garantie<\/li>\n<li>Komplettes Set ohne Abschlusssteine<\/li>\n<li>Schnell geliefert.<\/li>\n<li>Kommen Sie gerne vorbei und schauen Sie sich unser Show-Setup mit mindestens 300 Arbeitsmodellen und guter Beratung an.<\/li>\n<\/ul>\n","protected":false},"excerpt":{"rendered":"<p>M\u00f6chten Sie hierf\u00fcr den Showroom besuchen? Bitte kontaktieren Sie uns vorab!<\/p>\n","protected":false},"featured_media":1375,"template":"","meta":{"_acf_changed":false},"product_brand":[6918],"product_cat":[548,575,536,566],"product_tag":[],"class_list":{"0":"post-1390","1":"product","2":"type-product","3":"status-publish","4":"has-post-thumbnail","6":"product_brand-ubbink-de","7":"product_cat-terrassenbrunnen","8":"product_cat-ubbink-wasserspiele","9":"product_cat-wassereigenschaften","10":"product_cat-wasserspiele-aus-edelstahl","12":"first","13":"onbackorder","14":"taxable","15":"shipping-taxable","16":"purchasable","17":"product-type-simple"},"acf":[],"yoast_head":"<!-- This site is optimized with the Yoast SEO plugin v23.8 - https:\/\/yoast.com\/wordpress\/plugins\/seo\/ -->\n<title>Wasserspiel Ubbink Genova Edelstahl - Eliassen<\/title>\n<meta name=\"description\" content=\"Auf der Suche nach einem Wasserspiel? Jetzt bestellen Wasserspiel Ubbink Genova Edelstahl. Sie k\u00f6nnen ganz einfach ein Wasserspiel auf unserer Website kaufen...\" \/>\n<meta name=\"robots\" content=\"noindex, follow, max-snippet:-1, max-image-preview:large, max-video-preview:-1\" \/>\n<meta property=\"og:locale\" content=\"de_DE\" \/>\n<meta property=\"og:type\" content=\"article\" \/>\n<meta property=\"og:title\" content=\"Wasserspiel Ubbink Genova Edelstahl - Eliassen\" \/>\n<meta property=\"og:description\" content=\"Auf der Suche nach einem Wasserspiel? Jetzt bestellen Wasserspiel Ubbink Genova Edelstahl. Sie k\u00f6nnen ganz einfach ein Wasserspiel auf unserer Website kaufen...\" \/>\n<meta property=\"og:url\" content=\"https:\/\/dev.eliassen.nl\/de\/product\/wasserspiel-aus-edelstahl-ubbink-genova\/\" \/>\n<meta property=\"og:site_name\" content=\"Eliassen.nl\" \/>\n<meta property=\"article:publisher\" content=\"https:\/\/www.facebook.com\/TuincentrumEliassenAmmerzoden\" \/>\n<meta property=\"article:modified_time\" content=\"2024-12-05T14:00:38+00:00\" \/>\n<meta property=\"og:image\" content=\"https:\/\/dev.eliassen.nl\/wp-content\/uploads\/2024\/01\/rvswaterornamentubbinkgenovaeliassennl.jpg\" \/>\n\t<meta property=\"og:image:width\" content=\"430\" \/>\n\t<meta property=\"og:image:height\" content=\"500\" \/>\n\t<meta property=\"og:image:type\" content=\"image\/jpeg\" \/>\n<meta name=\"twitter:card\" content=\"summary_large_image\" \/>\n<script type=\"application\/ld+json\" class=\"yoast-schema-graph\">{\"@context\":\"https:\/\/schema.org\",\"@graph\":[{\"@type\":\"WebPage\",\"@id\":\"https:\/\/dev.eliassen.nl\/de\/product\/wasserspiel-aus-edelstahl-ubbink-genova\/\",\"url\":\"https:\/\/dev.eliassen.nl\/de\/product\/wasserspiel-aus-edelstahl-ubbink-genova\/\",\"name\":\"Wasserspiel Ubbink Genova Edelstahl - Eliassen\",\"isPartOf\":{\"@id\":\"https:\/\/dev.eliassen.nl\/de\/#website\"},\"primaryImageOfPage\":{\"@id\":\"https:\/\/dev.eliassen.nl\/de\/product\/wasserspiel-aus-edelstahl-ubbink-genova\/#primaryimage\"},\"image\":{\"@id\":\"https:\/\/dev.eliassen.nl\/de\/product\/wasserspiel-aus-edelstahl-ubbink-genova\/#primaryimage\"},\"thumbnailUrl\":\"https:\/\/dev.eliassen.nl\/wp-content\/uploads\/2024\/01\/rvswaterornamentubbinkgenovaeliassennl.jpg\",\"datePublished\":\"2019-10-28T14:20:20+00:00\",\"dateModified\":\"2024-12-05T14:00:38+00:00\",\"description\":\"Auf der Suche nach einem Wasserspiel? Jetzt bestellen Wasserspiel Ubbink Genova Edelstahl. Sie k\u00f6nnen ganz einfach ein Wasserspiel auf unserer Website kaufen...\",\"breadcrumb\":{\"@id\":\"https:\/\/dev.eliassen.nl\/de\/product\/wasserspiel-aus-edelstahl-ubbink-genova\/#breadcrumb\"},\"inLanguage\":\"de\",\"potentialAction\":[{\"@type\":\"ReadAction\",\"target\":[\"https:\/\/dev.eliassen.nl\/de\/product\/wasserspiel-aus-edelstahl-ubbink-genova\/\"]}]},{\"@type\":\"ImageObject\",\"inLanguage\":\"de\",\"@id\":\"https:\/\/dev.eliassen.nl\/de\/product\/wasserspiel-aus-edelstahl-ubbink-genova\/#primaryimage\",\"url\":\"https:\/\/dev.eliassen.nl\/wp-content\/uploads\/2024\/01\/rvswaterornamentubbinkgenovaeliassennl.jpg\",\"contentUrl\":\"https:\/\/dev.eliassen.nl\/wp-content\/uploads\/2024\/01\/rvswaterornamentubbinkgenovaeliassennl.jpg\",\"width\":430,\"height\":500,\"caption\":\"RVS waterornament UBBINK Genova - Eliassen.nl\"},{\"@type\":\"BreadcrumbList\",\"@id\":\"https:\/\/dev.eliassen.nl\/de\/product\/wasserspiel-aus-edelstahl-ubbink-genova\/#breadcrumb\",\"itemListElement\":[{\"@type\":\"ListItem\",\"position\":1,\"name\":\"Home\",\"item\":\"https:\/\/dev.eliassen.nl\/de\/\"},{\"@type\":\"ListItem\",\"position\":2,\"name\":\"Shop\",\"item\":\"https:\/\/dev.eliassen.nl\/nl\/winkel\/\"},{\"@type\":\"ListItem\",\"position\":3,\"name\":\"Wasserspiele\",\"item\":\"https:\/\/dev.eliassen.nl\/de\/wassereigenschaften\/\"},{\"@type\":\"ListItem\",\"position\":4,\"name\":\"Terrassenbrunnen\",\"item\":\"https:\/\/dev.eliassen.nl\/de\/wassereigenschaften\/terrassenbrunnen\/\"},{\"@type\":\"ListItem\",\"position\":5,\"name\":\"Wasserspiel aus Edelstahl UBBINK Genova\"}]},{\"@type\":\"WebSite\",\"@id\":\"https:\/\/dev.eliassen.nl\/de\/#website\",\"url\":\"https:\/\/dev.eliassen.nl\/de\/\",\"name\":\"Eliassen Home & Garden Pleasure\",\"description\":\"\",\"publisher\":{\"@id\":\"https:\/\/dev.eliassen.nl\/de\/#organization\"},\"alternateName\":\"Eliassen.nl\",\"potentialAction\":[{\"@type\":\"SearchAction\",\"target\":{\"@type\":\"EntryPoint\",\"urlTemplate\":\"https:\/\/dev.eliassen.nl\/de\/?s={search_term_string}\"},\"query-input\":{\"@type\":\"PropertyValueSpecification\",\"valueRequired\":true,\"valueName\":\"search_term_string\"}}],\"inLanguage\":\"de\"},{\"@type\":\"Organization\",\"@id\":\"https:\/\/dev.eliassen.nl\/de\/#organization\",\"name\":\"Eliassen Home & Garden Pleasure\",\"url\":\"https:\/\/dev.eliassen.nl\/de\/\",\"logo\":{\"@type\":\"ImageObject\",\"inLanguage\":\"de\",\"@id\":\"https:\/\/dev.eliassen.nl\/de\/#\/schema\/logo\/image\/\",\"url\":\"https:\/\/www.eliassen.nl\/wp-content\/uploads\/2024\/01\/logo_4nd.jpg\",\"contentUrl\":\"https:\/\/www.eliassen.nl\/wp-content\/uploads\/2024\/01\/logo_4nd.jpg\",\"width\":500,\"height\":500,\"caption\":\"Eliassen Home & Garden Pleasure\"},\"image\":{\"@id\":\"https:\/\/dev.eliassen.nl\/de\/#\/schema\/logo\/image\/\"},\"sameAs\":[\"https:\/\/www.facebook.com\/TuincentrumEliassenAmmerzoden\",\"https:\/\/www.instagram.com\/eliassenhomeandgarden\/\",\"https:\/\/nl.pinterest.com\/eliassenhomeandgarden\/\",\"https:\/\/www.youtube.com\/@eliassenhomegardenpleasure4558\"]}]}<\/script>\n<!-- \/ Yoast SEO plugin. -->","yoast_head_json":{"title":"Wasserspiel Ubbink Genova Edelstahl - Eliassen","description":"Auf der Suche nach einem Wasserspiel? Jetzt bestellen Wasserspiel Ubbink Genova Edelstahl. Sie k\u00f6nnen ganz einfach ein Wasserspiel auf unserer Website kaufen...","robots":{"index":"noindex","follow":"follow","max-snippet":"max-snippet:-1","max-image-preview":"max-image-preview:large","max-video-preview":"max-video-preview:-1"},"og_locale":"de_DE","og_type":"article","og_title":"Wasserspiel Ubbink Genova Edelstahl - Eliassen","og_description":"Auf der Suche nach einem Wasserspiel? Jetzt bestellen Wasserspiel Ubbink Genova Edelstahl. Sie k\u00f6nnen ganz einfach ein Wasserspiel auf unserer Website kaufen...","og_url":"https:\/\/dev.eliassen.nl\/de\/product\/wasserspiel-aus-edelstahl-ubbink-genova\/","og_site_name":"Eliassen.nl","article_publisher":"https:\/\/www.facebook.com\/TuincentrumEliassenAmmerzoden","article_modified_time":"2024-12-05T14:00:38+00:00","og_image":[{"width":430,"height":500,"url":"https:\/\/dev.eliassen.nl\/wp-content\/uploads\/2024\/01\/rvswaterornamentubbinkgenovaeliassennl.jpg","type":"image\/jpeg"}],"twitter_card":"summary_large_image","schema":{"@context":"https:\/\/schema.org","@graph":[{"@type":"WebPage","@id":"https:\/\/dev.eliassen.nl\/de\/product\/wasserspiel-aus-edelstahl-ubbink-genova\/","url":"https:\/\/dev.eliassen.nl\/de\/product\/wasserspiel-aus-edelstahl-ubbink-genova\/","name":"Wasserspiel Ubbink Genova Edelstahl - Eliassen","isPartOf":{"@id":"https:\/\/dev.eliassen.nl\/de\/#website"},"primaryImageOfPage":{"@id":"https:\/\/dev.eliassen.nl\/de\/product\/wasserspiel-aus-edelstahl-ubbink-genova\/#primaryimage"},"image":{"@id":"https:\/\/dev.eliassen.nl\/de\/product\/wasserspiel-aus-edelstahl-ubbink-genova\/#primaryimage"},"thumbnailUrl":"https:\/\/dev.eliassen.nl\/wp-content\/uploads\/2024\/01\/rvswaterornamentubbinkgenovaeliassennl.jpg","datePublished":"2019-10-28T14:20:20+00:00","dateModified":"2024-12-05T14:00:38+00:00","description":"Auf der Suche nach einem Wasserspiel? Jetzt bestellen Wasserspiel Ubbink Genova Edelstahl. Sie k\u00f6nnen ganz einfach ein Wasserspiel auf unserer Website kaufen...","breadcrumb":{"@id":"https:\/\/dev.eliassen.nl\/de\/product\/wasserspiel-aus-edelstahl-ubbink-genova\/#breadcrumb"},"inLanguage":"de","potentialAction":[{"@type":"ReadAction","target":["https:\/\/dev.eliassen.nl\/de\/product\/wasserspiel-aus-edelstahl-ubbink-genova\/"]}]},{"@type":"ImageObject","inLanguage":"de","@id":"https:\/\/dev.eliassen.nl\/de\/product\/wasserspiel-aus-edelstahl-ubbink-genova\/#primaryimage","url":"https:\/\/dev.eliassen.nl\/wp-content\/uploads\/2024\/01\/rvswaterornamentubbinkgenovaeliassennl.jpg","contentUrl":"https:\/\/dev.eliassen.nl\/wp-content\/uploads\/2024\/01\/rvswaterornamentubbinkgenovaeliassennl.jpg","width":430,"height":500,"caption":"RVS waterornament UBBINK Genova - Eliassen.nl"},{"@type":"BreadcrumbList","@id":"https:\/\/dev.eliassen.nl\/de\/product\/wasserspiel-aus-edelstahl-ubbink-genova\/#breadcrumb","itemListElement":[{"@type":"ListItem","position":1,"name":"Home","item":"https:\/\/dev.eliassen.nl\/de\/"},{"@type":"ListItem","position":2,"name":"Shop","item":"https:\/\/dev.eliassen.nl\/nl\/winkel\/"},{"@type":"ListItem","position":3,"name":"Wasserspiele","item":"https:\/\/dev.eliassen.nl\/de\/wassereigenschaften\/"},{"@type":"ListItem","position":4,"name":"Terrassenbrunnen","item":"https:\/\/dev.eliassen.nl\/de\/wassereigenschaften\/terrassenbrunnen\/"},{"@type":"ListItem","position":5,"name":"Wasserspiel aus Edelstahl UBBINK Genova"}]},{"@type":"WebSite","@id":"https:\/\/dev.eliassen.nl\/de\/#website","url":"https:\/\/dev.eliassen.nl\/de\/","name":"Eliassen Home & Garden Pleasure","description":"","publisher":{"@id":"https:\/\/dev.eliassen.nl\/de\/#organization"},"alternateName":"Eliassen.nl","potentialAction":[{"@type":"SearchAction","target":{"@type":"EntryPoint","urlTemplate":"https:\/\/dev.eliassen.nl\/de\/?s={search_term_string}"},"query-input":{"@type":"PropertyValueSpecification","valueRequired":true,"valueName":"search_term_string"}}],"inLanguage":"de"},{"@type":"Organization","@id":"https:\/\/dev.eliassen.nl\/de\/#organization","name":"Eliassen Home & Garden Pleasure","url":"https:\/\/dev.eliassen.nl\/de\/","logo":{"@type":"ImageObject","inLanguage":"de","@id":"https:\/\/dev.eliassen.nl\/de\/#\/schema\/logo\/image\/","url":"https:\/\/www.eliassen.nl\/wp-content\/uploads\/2024\/01\/logo_4nd.jpg","contentUrl":"https:\/\/www.eliassen.nl\/wp-content\/uploads\/2024\/01\/logo_4nd.jpg","width":500,"height":500,"caption":"Eliassen Home & Garden Pleasure"},"image":{"@id":"https:\/\/dev.eliassen.nl\/de\/#\/schema\/logo\/image\/"},"sameAs":["https:\/\/www.facebook.com\/TuincentrumEliassenAmmerzoden","https:\/\/www.instagram.com\/eliassenhomeandgarden\/","https:\/\/nl.pinterest.com\/eliassenhomeandgarden\/","https:\/\/www.youtube.com\/@eliassenhomegardenpleasure4558"]}]}},"df_price":825,"df_sale_price":"","df_regular_price":825,"df_image_link":"https:\/\/dev.eliassen.nl\/wp-content\/uploads\/2024\/01\/rvswaterornamentubbinkgenovaeliassennl.jpg","image":"https:\/\/dev.eliassen.nl\/wp-content\/uploads\/2024\/01\/rvswaterornamentubbinkgenovaeliassennl.jpg","price_search":"<span class=\"woocommerce-Price-amount amount\"><bdi><span class=\"woocommerce-Price-currencySymbol\">&euro;<\/span>&nbsp;825,00<\/bdi><\/span>","category":"Terrassenbrunnen","_links":{"self":[{"href":"https:\/\/dev.eliassen.nl\/de\/wp-json\/wp\/v2\/product\/1390","targetHints":{"allow":["GET"]}}],"collection":[{"href":"https:\/\/dev.eliassen.nl\/de\/wp-json\/wp\/v2\/product"}],"about":[{"href":"https:\/\/dev.eliassen.nl\/de\/wp-json\/wp\/v2\/types\/product"}],"wp:featuredmedia":[{"embeddable":true,"href":"https:\/\/dev.eliassen.nl\/de\/wp-json\/wp\/v2\/media\/1375"}],"wp:attachment":[{"href":"https:\/\/dev.eliassen.nl\/de\/wp-json\/wp\/v2\/media?parent=1390"}],"wp:term":[{"taxonomy":"product_brand","embeddable":true,"href":"https:\/\/dev.eliassen.nl\/de\/wp-json\/wp\/v2\/product_brand?post=1390"},{"taxonomy":"product_cat","embeddable":true,"href":"https:\/\/dev.eliassen.nl\/de\/wp-json\/wp\/v2\/product_cat?post=1390"},{"taxonomy":"product_tag","embeddable":true,"href":"https:\/\/dev.eliassen.nl\/de\/wp-json\/wp\/v2\/product_tag?post=1390"}],"curies":[{"name":"wp","href":"https:\/\/api.w.org\/{rel}","templated":true}]}}