{"id":139558,"date":"2023-02-23T15:01:38","date_gmt":"2023-02-23T14:01:38","guid":{"rendered":"https:\/\/www.eliassen.nl\/?product=tuinvaas-klassiek-kanule-110cm"},"modified":"2024-12-17T19:28:52","modified_gmt":"2024-12-17T18:28:52","slug":"klassische-gartenvase-kanule-110cm","status":"publish","type":"product","link":"https:\/\/dev.eliassen.nl\/de\/klassische-gartenvase-kanule-110cm\/","title":{"rendered":"Klassische Gartenvase Kanule 110cm"},"content":{"rendered":"<p>Mit dieser klassischen Kanule-Gartenvase verleihen Sie Ihrem gro\u00dfen Garten, Ihrer Firma, Ihrem Park oder Ihrem Haus eine sch\u00f6ne und angemessene Atmosph\u00e4re.<br \/>Diese Gartenvase ist aus massivem Qualit\u00e4tsbeton mit einem sehr hohen Zementanteil gefertigt, sodass sie allen Witterungseinfl\u00fcssen problemlos \u00fcber Jahrzehnte hinweg standh\u00e4lt.<br \/>Durch Witterungseinfl\u00fcsse wird das Erscheinungsbild nach Jahren durch Witterungseinfl\u00fcsse und auf Wunsch durch Moosbildung noch sch\u00f6ner.<br \/>Es ist in 3 verschiedenen Farben erh\u00e4ltlich. Die Farben im echten Leben k\u00f6nnen leicht vom Foto abweichen, da die Farbgebung von Hand erfolgt.<\/p>\n<p><strong>In Kombination mit dem abgebildeten Sockel erhalten Sie 5 % Kombinationsrabatt!<\/strong><\/p>\n<p>Besuchen Sie gerne unseren Ausstellungsraum, um sich die Farben dieser Topfserie anzusehen und zu sehen, wie \u201esch\u00f6n\u201c diese Serie klassischer Gartenvasen ist. Auf unserem Ausstellungsgel\u00e4nde ist eine angemessene Sammlung dieser Serie aufgebaut!<\/p>\n<ul>\n<li>Gr\u00f6\u00dfe: Sockel 33 cm x 33 cm, Vase 110 cm Durchmesser, 75 cm hoch<\/li>\n<li>Farbe: Rost, Sand oder Antik<\/li>\n<li>Gesch\u00e4tztes Gewicht: &gt; 175 kg<\/li>\n<li>Hergestellt aus hochwertigem Kunststein<\/li>\n<li>Komplett handgefertigt und handbemalt<\/li>\n<li><strong>Ein Gro\u00dfteil dieser Serie kann auch in unserem Shop besichtigt werden<\/strong><\/li>\n<\/ul>\n","protected":false},"excerpt":{"rendered":"<p>Schlanke Gartenvase in den Gr\u00f6\u00dfen 110 cm Durchmesser und 75 cm H\u00f6he. Erh\u00e4ltlich in drei Farben.<\/p>\n","protected":false},"featured_media":84994,"template":"","meta":{"_acf_changed":false},"product_brand":[],"product_cat":[722,1415],"product_tag":[],"class_list":{"0":"post-139558","1":"product","2":"type-product","3":"status-publish","4":"has-post-thumbnail","6":"product_cat-blumentoepfe-und-pflanzgefaesse","7":"product_cat-grosse-klassische-gartenvasen","9":"first","10":"onbackorder","11":"taxable","12":"shipping-taxable","13":"purchasable","14":"product-type-variable"},"acf":[],"yoast_head":"<!-- This site is optimized with the Yoast SEO plugin v23.8 - https:\/\/yoast.com\/wordpress\/plugins\/seo\/ -->\n<title>Klassische Gartenvase Kanule 110 cm - Eliassen Home &amp; Gardenpleasure<\/title>\n<meta name=\"description\" content=\"M\u00f6chten Sie klassische Gartenvasen kaufen? Diese Serie verschiedener klassischer Gartenvasen ist aus hochwertigem Beton handgefertigt und handbemalt.\" \/>\n<meta name=\"robots\" content=\"noindex, follow, max-snippet:-1, max-image-preview:large, max-video-preview:-1\" \/>\n<meta property=\"og:locale\" content=\"de_DE\" \/>\n<meta property=\"og:type\" content=\"article\" \/>\n<meta property=\"og:title\" content=\"Klassische Gartenvase Kanule 110 cm - Eliassen Home &amp; Gardenpleasure\" \/>\n<meta property=\"og:description\" content=\"M\u00f6chten Sie klassische Gartenvasen kaufen? Diese Serie verschiedener klassischer Gartenvasen ist aus hochwertigem Beton handgefertigt und handbemalt.\" \/>\n<meta property=\"og:url\" content=\"https:\/\/dev.eliassen.nl\/de\/klassische-gartenvase-kanule-110cm\/\" \/>\n<meta property=\"og:site_name\" content=\"Eliassen.nl\" \/>\n<meta property=\"article:publisher\" content=\"https:\/\/www.facebook.com\/TuincentrumEliassenAmmerzoden\" \/>\n<meta property=\"article:modified_time\" content=\"2024-12-17T18:28:52+00:00\" \/>\n<meta property=\"og:image\" content=\"https:\/\/dev.eliassen.nl\/wp-content\/uploads\/2024\/01\/tuinvaasklassiekkanule110cmeliassennl.jpg\" \/>\n\t<meta property=\"og:image:width\" content=\"1852\" \/>\n\t<meta property=\"og:image:height\" content=\"2048\" \/>\n\t<meta property=\"og:image:type\" content=\"image\/jpeg\" \/>\n<meta name=\"twitter:card\" content=\"summary_large_image\" \/>\n<script type=\"application\/ld+json\" class=\"yoast-schema-graph\">{\"@context\":\"https:\/\/schema.org\",\"@graph\":[{\"@type\":\"WebPage\",\"@id\":\"https:\/\/dev.eliassen.nl\/de\/klassische-gartenvase-kanule-110cm\/\",\"url\":\"https:\/\/dev.eliassen.nl\/de\/klassische-gartenvase-kanule-110cm\/\",\"name\":\"Klassische Gartenvase Kanule 110 cm - Eliassen Home & Gardenpleasure\",\"isPartOf\":{\"@id\":\"https:\/\/dev.eliassen.nl\/de\/#website\"},\"primaryImageOfPage\":{\"@id\":\"https:\/\/dev.eliassen.nl\/de\/klassische-gartenvase-kanule-110cm\/#primaryimage\"},\"image\":{\"@id\":\"https:\/\/dev.eliassen.nl\/de\/klassische-gartenvase-kanule-110cm\/#primaryimage\"},\"thumbnailUrl\":\"https:\/\/dev.eliassen.nl\/wp-content\/uploads\/2024\/01\/tuinvaasklassiekkanule110cmeliassennl.jpg\",\"datePublished\":\"2023-02-23T14:01:38+00:00\",\"dateModified\":\"2024-12-17T18:28:52+00:00\",\"description\":\"M\u00f6chten Sie klassische Gartenvasen kaufen? Diese Serie verschiedener klassischer Gartenvasen ist aus hochwertigem Beton handgefertigt und handbemalt.\",\"breadcrumb\":{\"@id\":\"https:\/\/dev.eliassen.nl\/de\/klassische-gartenvase-kanule-110cm\/#breadcrumb\"},\"inLanguage\":\"de\",\"potentialAction\":[{\"@type\":\"ReadAction\",\"target\":[\"https:\/\/dev.eliassen.nl\/de\/klassische-gartenvase-kanule-110cm\/\"]}]},{\"@type\":\"ImageObject\",\"inLanguage\":\"de\",\"@id\":\"https:\/\/dev.eliassen.nl\/de\/klassische-gartenvase-kanule-110cm\/#primaryimage\",\"url\":\"https:\/\/dev.eliassen.nl\/wp-content\/uploads\/2024\/01\/tuinvaasklassiekkanule110cmeliassennl.jpg\",\"contentUrl\":\"https:\/\/dev.eliassen.nl\/wp-content\/uploads\/2024\/01\/tuinvaasklassiekkanule110cmeliassennl.jpg\",\"width\":1852,\"height\":2048,\"caption\":\"Tuinvaas klassiek Kanule 110cm - eliassen.nl\"},{\"@type\":\"BreadcrumbList\",\"@id\":\"https:\/\/dev.eliassen.nl\/de\/klassische-gartenvase-kanule-110cm\/#breadcrumb\",\"itemListElement\":[{\"@type\":\"ListItem\",\"position\":1,\"name\":\"Home\",\"item\":\"https:\/\/dev.eliassen.nl\/de\/\"},{\"@type\":\"ListItem\",\"position\":2,\"name\":\"Shop\",\"item\":\"https:\/\/dev.eliassen.nl\/nl\/winkel\/\"},{\"@type\":\"ListItem\",\"position\":3,\"name\":\"Blument\u00f6pfe und Pflanzgef\u00e4\u00dfe\",\"item\":\"https:\/\/dev.eliassen.nl\/de\/blumentoepfe-und-pflanzgefaesse\/\"},{\"@type\":\"ListItem\",\"position\":4,\"name\":\"Klassieke tuinvazen\",\"item\":\"https:\/\/dev.eliassen.nl\/nl\/bloempotten-en-bloembakken\/klassieke-tuinvazen\/\"},{\"@type\":\"ListItem\",\"position\":5,\"name\":\"Gro\u00dfe klassische Gartenvasen\",\"item\":\"https:\/\/dev.eliassen.nl\/de\/blumentoepfe-und-pflanzgefaesse\/klassische-gartenvasen\/grosse-klassische-gartenvasen\/\"},{\"@type\":\"ListItem\",\"position\":6,\"name\":\"Klassische Gartenvase Kanule 110cm\"}]},{\"@type\":\"WebSite\",\"@id\":\"https:\/\/dev.eliassen.nl\/de\/#website\",\"url\":\"https:\/\/dev.eliassen.nl\/de\/\",\"name\":\"Eliassen Home & Garden Pleasure\",\"description\":\"\",\"publisher\":{\"@id\":\"https:\/\/dev.eliassen.nl\/de\/#organization\"},\"alternateName\":\"Eliassen.nl\",\"potentialAction\":[{\"@type\":\"SearchAction\",\"target\":{\"@type\":\"EntryPoint\",\"urlTemplate\":\"https:\/\/dev.eliassen.nl\/de\/?s={search_term_string}\"},\"query-input\":{\"@type\":\"PropertyValueSpecification\",\"valueRequired\":true,\"valueName\":\"search_term_string\"}}],\"inLanguage\":\"de\"},{\"@type\":\"Organization\",\"@id\":\"https:\/\/dev.eliassen.nl\/de\/#organization\",\"name\":\"Eliassen Home & Garden Pleasure\",\"url\":\"https:\/\/dev.eliassen.nl\/de\/\",\"logo\":{\"@type\":\"ImageObject\",\"inLanguage\":\"de\",\"@id\":\"https:\/\/dev.eliassen.nl\/de\/#\/schema\/logo\/image\/\",\"url\":\"https:\/\/www.eliassen.nl\/wp-content\/uploads\/2024\/01\/logo_4nd.jpg\",\"contentUrl\":\"https:\/\/www.eliassen.nl\/wp-content\/uploads\/2024\/01\/logo_4nd.jpg\",\"width\":500,\"height\":500,\"caption\":\"Eliassen Home & Garden Pleasure\"},\"image\":{\"@id\":\"https:\/\/dev.eliassen.nl\/de\/#\/schema\/logo\/image\/\"},\"sameAs\":[\"https:\/\/www.facebook.com\/TuincentrumEliassenAmmerzoden\",\"https:\/\/www.instagram.com\/eliassenhomeandgarden\/\",\"https:\/\/nl.pinterest.com\/eliassenhomeandgarden\/\",\"https:\/\/www.youtube.com\/@eliassenhomegardenpleasure4558\"]}]}<\/script>\n<!-- \/ Yoast SEO plugin. -->","yoast_head_json":{"title":"Klassische Gartenvase Kanule 110 cm - Eliassen Home & Gardenpleasure","description":"M\u00f6chten Sie klassische Gartenvasen kaufen? Diese Serie verschiedener klassischer Gartenvasen ist aus hochwertigem Beton handgefertigt und handbemalt.","robots":{"index":"noindex","follow":"follow","max-snippet":"max-snippet:-1","max-image-preview":"max-image-preview:large","max-video-preview":"max-video-preview:-1"},"og_locale":"de_DE","og_type":"article","og_title":"Klassische Gartenvase Kanule 110 cm - Eliassen Home & Gardenpleasure","og_description":"M\u00f6chten Sie klassische Gartenvasen kaufen? Diese Serie verschiedener klassischer Gartenvasen ist aus hochwertigem Beton handgefertigt und handbemalt.","og_url":"https:\/\/dev.eliassen.nl\/de\/klassische-gartenvase-kanule-110cm\/","og_site_name":"Eliassen.nl","article_publisher":"https:\/\/www.facebook.com\/TuincentrumEliassenAmmerzoden","article_modified_time":"2024-12-17T18:28:52+00:00","og_image":[{"width":1852,"height":2048,"url":"https:\/\/dev.eliassen.nl\/wp-content\/uploads\/2024\/01\/tuinvaasklassiekkanule110cmeliassennl.jpg","type":"image\/jpeg"}],"twitter_card":"summary_large_image","schema":{"@context":"https:\/\/schema.org","@graph":[{"@type":"WebPage","@id":"https:\/\/dev.eliassen.nl\/de\/klassische-gartenvase-kanule-110cm\/","url":"https:\/\/dev.eliassen.nl\/de\/klassische-gartenvase-kanule-110cm\/","name":"Klassische Gartenvase Kanule 110 cm - Eliassen Home & Gardenpleasure","isPartOf":{"@id":"https:\/\/dev.eliassen.nl\/de\/#website"},"primaryImageOfPage":{"@id":"https:\/\/dev.eliassen.nl\/de\/klassische-gartenvase-kanule-110cm\/#primaryimage"},"image":{"@id":"https:\/\/dev.eliassen.nl\/de\/klassische-gartenvase-kanule-110cm\/#primaryimage"},"thumbnailUrl":"https:\/\/dev.eliassen.nl\/wp-content\/uploads\/2024\/01\/tuinvaasklassiekkanule110cmeliassennl.jpg","datePublished":"2023-02-23T14:01:38+00:00","dateModified":"2024-12-17T18:28:52+00:00","description":"M\u00f6chten Sie klassische Gartenvasen kaufen? Diese Serie verschiedener klassischer Gartenvasen ist aus hochwertigem Beton handgefertigt und handbemalt.","breadcrumb":{"@id":"https:\/\/dev.eliassen.nl\/de\/klassische-gartenvase-kanule-110cm\/#breadcrumb"},"inLanguage":"de","potentialAction":[{"@type":"ReadAction","target":["https:\/\/dev.eliassen.nl\/de\/klassische-gartenvase-kanule-110cm\/"]}]},{"@type":"ImageObject","inLanguage":"de","@id":"https:\/\/dev.eliassen.nl\/de\/klassische-gartenvase-kanule-110cm\/#primaryimage","url":"https:\/\/dev.eliassen.nl\/wp-content\/uploads\/2024\/01\/tuinvaasklassiekkanule110cmeliassennl.jpg","contentUrl":"https:\/\/dev.eliassen.nl\/wp-content\/uploads\/2024\/01\/tuinvaasklassiekkanule110cmeliassennl.jpg","width":1852,"height":2048,"caption":"Tuinvaas klassiek Kanule 110cm - eliassen.nl"},{"@type":"BreadcrumbList","@id":"https:\/\/dev.eliassen.nl\/de\/klassische-gartenvase-kanule-110cm\/#breadcrumb","itemListElement":[{"@type":"ListItem","position":1,"name":"Home","item":"https:\/\/dev.eliassen.nl\/de\/"},{"@type":"ListItem","position":2,"name":"Shop","item":"https:\/\/dev.eliassen.nl\/nl\/winkel\/"},{"@type":"ListItem","position":3,"name":"Blument\u00f6pfe und Pflanzgef\u00e4\u00dfe","item":"https:\/\/dev.eliassen.nl\/de\/blumentoepfe-und-pflanzgefaesse\/"},{"@type":"ListItem","position":4,"name":"Klassieke tuinvazen","item":"https:\/\/dev.eliassen.nl\/nl\/bloempotten-en-bloembakken\/klassieke-tuinvazen\/"},{"@type":"ListItem","position":5,"name":"Gro\u00dfe klassische Gartenvasen","item":"https:\/\/dev.eliassen.nl\/de\/blumentoepfe-und-pflanzgefaesse\/klassische-gartenvasen\/grosse-klassische-gartenvasen\/"},{"@type":"ListItem","position":6,"name":"Klassische Gartenvase Kanule 110cm"}]},{"@type":"WebSite","@id":"https:\/\/dev.eliassen.nl\/de\/#website","url":"https:\/\/dev.eliassen.nl\/de\/","name":"Eliassen Home & Garden Pleasure","description":"","publisher":{"@id":"https:\/\/dev.eliassen.nl\/de\/#organization"},"alternateName":"Eliassen.nl","potentialAction":[{"@type":"SearchAction","target":{"@type":"EntryPoint","urlTemplate":"https:\/\/dev.eliassen.nl\/de\/?s={search_term_string}"},"query-input":{"@type":"PropertyValueSpecification","valueRequired":true,"valueName":"search_term_string"}}],"inLanguage":"de"},{"@type":"Organization","@id":"https:\/\/dev.eliassen.nl\/de\/#organization","name":"Eliassen Home & Garden Pleasure","url":"https:\/\/dev.eliassen.nl\/de\/","logo":{"@type":"ImageObject","inLanguage":"de","@id":"https:\/\/dev.eliassen.nl\/de\/#\/schema\/logo\/image\/","url":"https:\/\/www.eliassen.nl\/wp-content\/uploads\/2024\/01\/logo_4nd.jpg","contentUrl":"https:\/\/www.eliassen.nl\/wp-content\/uploads\/2024\/01\/logo_4nd.jpg","width":500,"height":500,"caption":"Eliassen Home & Garden Pleasure"},"image":{"@id":"https:\/\/dev.eliassen.nl\/de\/#\/schema\/logo\/image\/"},"sameAs":["https:\/\/www.facebook.com\/TuincentrumEliassenAmmerzoden","https:\/\/www.instagram.com\/eliassenhomeandgarden\/","https:\/\/nl.pinterest.com\/eliassenhomeandgarden\/","https:\/\/www.youtube.com\/@eliassenhomegardenpleasure4558"]}]}},"df_price":575,"df_sale_price":"","df_regular_price":575,"df_image_link":"https:\/\/dev.eliassen.nl\/wp-content\/uploads\/2024\/01\/tuinvaasklassiekkanule110cmeliassennl.jpg","image":"https:\/\/dev.eliassen.nl\/wp-content\/uploads\/2024\/01\/tuinvaasklassiekkanule110cmeliassennl.jpg","price_search":"<span class=\"woocommerce-Price-amount amount\"><bdi><span class=\"woocommerce-Price-currencySymbol\">&euro;<\/span>&nbsp;575,00<\/bdi><\/span>","category":"Blument\u00f6pfe und Pflanzgef\u00e4\u00dfe","_links":{"self":[{"href":"https:\/\/dev.eliassen.nl\/de\/wp-json\/wp\/v2\/product\/139558","targetHints":{"allow":["GET"]}}],"collection":[{"href":"https:\/\/dev.eliassen.nl\/de\/wp-json\/wp\/v2\/product"}],"about":[{"href":"https:\/\/dev.eliassen.nl\/de\/wp-json\/wp\/v2\/types\/product"}],"wp:featuredmedia":[{"embeddable":true,"href":"https:\/\/dev.eliassen.nl\/de\/wp-json\/wp\/v2\/media\/84994"}],"wp:attachment":[{"href":"https:\/\/dev.eliassen.nl\/de\/wp-json\/wp\/v2\/media?parent=139558"}],"wp:term":[{"taxonomy":"product_brand","embeddable":true,"href":"https:\/\/dev.eliassen.nl\/de\/wp-json\/wp\/v2\/product_brand?post=139558"},{"taxonomy":"product_cat","embeddable":true,"href":"https:\/\/dev.eliassen.nl\/de\/wp-json\/wp\/v2\/product_cat?post=139558"},{"taxonomy":"product_tag","embeddable":true,"href":"https:\/\/dev.eliassen.nl\/de\/wp-json\/wp\/v2\/product_tag?post=139558"}],"curies":[{"name":"wp","href":"https:\/\/api.w.org\/{rel}","templated":true}]}}