{"id":13984,"date":"2019-10-28T17:51:47","date_gmt":"2019-10-28T16:51:47","guid":{"rendered":"https:\/\/www.eliassen.nl\/?product=hang-uhr-quadrat-roman"},"modified":"2024-12-05T15:20:24","modified_gmt":"2024-12-05T14:20:24","slug":"hangeuhr-quadratisch-roman","status":"publish","type":"product","link":"https:\/\/dev.eliassen.nl\/de\/hangeuhr-quadratisch-roman\/","title":{"rendered":"H\u00e4ngeuhr quadratisch Roman"},"content":{"rendered":"<p>Die Leute wollten schon immer wissen, wie sp\u00e4t es ist. In der Vergangenheit war eine Uhr unverzichtbar, um zu sehen, zu welcher Tageszeit die Menschen lebten. Auch heute noch ist die Uhr ein n\u00fctzlicher Gebrauchsgegenstand, wird aber zunehmend als sch\u00f6ne Wanddekoration gekauft. Diese gro\u00dfe r\u00f6mische H\u00e4ngeuhr ist komplett aus Metall gefertigt und mit einem Quarzwerk ausgestattet, das jahrelang mit einer guten AA-Batterie l\u00e4uft.<\/p>\n<p><strong>Sie k\u00f6nnen diese Uhr auch in unserem Gesch\u00e4ft besichtigen, wir haben fast die gesamte Uhrenserie in unserem Gesch\u00e4ft pr\u00e4sentiert!<\/strong><\/p>\n<p><em>Technische Spezifikationen:<\/em><\/p>\n<ul>\n<li>Garantie: 2 Jahre<\/li>\n<li>Abmessungen: 66x50x2 cm<\/li>\n<li>Material: Metall<\/li>\n<li>Zifferblattfarbe: grau, wellig<\/li>\n<li>Zeigerfarbe: Schwarz<\/li>\n<li>Stromversorgung: 1x AA-Batterie<\/li>\n<li>Einfach mit 1 Schraube aufzuh\u00e4ngen<\/li>\n<li>Verpackt in einem stabilen Karton.<\/li>\n<\/ul>\n","protected":false},"excerpt":{"rendered":"<p>Die Leute wollten schon immer wissen, wie sp\u00e4t es ist. In der Vergangenheit war eine Uhr unverzichtbar, um zu sehen, zu welcher Tageszeit die Menschen lebten. Auch heute noch ist die Uhr ein n\u00fctzlicher Gebrauchsgegenstand, wird aber zunehmend als sch\u00f6ne Wanddekoration gekauft. Diese gro\u00dfe r\u00f6mische H\u00e4ngeuhr ist komplett aus Metall gefertigt und mit einem Quarzwerk &hellip;<\/p>\n","protected":false},"featured_media":13981,"template":"","meta":{"_acf_changed":false},"product_brand":[6916],"product_cat":[509,521],"product_tag":[],"class_list":{"0":"post-13984","1":"product","2":"type-product","3":"status-publish","4":"has-post-thumbnail","6":"product_brand-eliassen-de","7":"product_cat-wanddekoration","8":"product_cat-wanduhren","10":"first","11":"instock","12":"sale","13":"taxable","14":"shipping-taxable","15":"purchasable","16":"product-type-simple"},"acf":[],"yoast_head":"<!-- This site is optimized with the Yoast SEO plugin v23.8 - https:\/\/yoast.com\/wordpress\/plugins\/seo\/ -->\n<title>Quadratische H\u00e4ngeuhr Roman | Eliassen<\/title>\n<meta name=\"description\" content=\"Bei Eliassen k\u00f6nnen Sie H\u00e4ngeuhr Quadrat Roman online kaufen oder live im Showroom anschauen. Wir haben die sch\u00f6nste Wanddekoration, Wanduhren\" \/>\n<meta name=\"robots\" content=\"noindex, follow, max-snippet:-1, max-image-preview:large, max-video-preview:-1\" \/>\n<meta property=\"og:locale\" content=\"de_DE\" \/>\n<meta property=\"og:type\" content=\"article\" \/>\n<meta property=\"og:title\" content=\"Quadratische H\u00e4ngeuhr Roman | Eliassen\" \/>\n<meta property=\"og:description\" content=\"Bei Eliassen k\u00f6nnen Sie H\u00e4ngeuhr Quadrat Roman online kaufen oder live im Showroom anschauen. Wir haben die sch\u00f6nste Wanddekoration, Wanduhren\" \/>\n<meta property=\"og:url\" content=\"https:\/\/dev.eliassen.nl\/de\/hangeuhr-quadratisch-roman\/\" \/>\n<meta property=\"og:site_name\" content=\"Eliassen.nl\" \/>\n<meta property=\"article:publisher\" content=\"https:\/\/www.facebook.com\/TuincentrumEliassenAmmerzoden\" \/>\n<meta property=\"article:modified_time\" content=\"2024-12-05T14:20:24+00:00\" \/>\n<meta property=\"og:image\" content=\"https:\/\/dev.eliassen.nl\/wp-content\/uploads\/2024\/01\/fl76344.jpg\" \/>\n\t<meta property=\"og:image:width\" content=\"1024\" \/>\n\t<meta property=\"og:image:height\" content=\"682\" \/>\n\t<meta property=\"og:image:type\" content=\"image\/jpeg\" \/>\n<meta name=\"twitter:card\" content=\"summary_large_image\" \/>\n<script type=\"application\/ld+json\" class=\"yoast-schema-graph\">{\"@context\":\"https:\/\/schema.org\",\"@graph\":[{\"@type\":\"WebPage\",\"@id\":\"https:\/\/dev.eliassen.nl\/de\/hangeuhr-quadratisch-roman\/\",\"url\":\"https:\/\/dev.eliassen.nl\/de\/hangeuhr-quadratisch-roman\/\",\"name\":\"Quadratische H\u00e4ngeuhr Roman | Eliassen\",\"isPartOf\":{\"@id\":\"https:\/\/dev.eliassen.nl\/de\/#website\"},\"primaryImageOfPage\":{\"@id\":\"https:\/\/dev.eliassen.nl\/de\/hangeuhr-quadratisch-roman\/#primaryimage\"},\"image\":{\"@id\":\"https:\/\/dev.eliassen.nl\/de\/hangeuhr-quadratisch-roman\/#primaryimage\"},\"thumbnailUrl\":\"https:\/\/dev.eliassen.nl\/wp-content\/uploads\/2024\/01\/fl76344.jpg\",\"datePublished\":\"2019-10-28T16:51:47+00:00\",\"dateModified\":\"2024-12-05T14:20:24+00:00\",\"description\":\"Bei Eliassen k\u00f6nnen Sie H\u00e4ngeuhr Quadrat Roman online kaufen oder live im Showroom anschauen. Wir haben die sch\u00f6nste Wanddekoration, Wanduhren\",\"breadcrumb\":{\"@id\":\"https:\/\/dev.eliassen.nl\/de\/hangeuhr-quadratisch-roman\/#breadcrumb\"},\"inLanguage\":\"de\",\"potentialAction\":[{\"@type\":\"ReadAction\",\"target\":[\"https:\/\/dev.eliassen.nl\/de\/hangeuhr-quadratisch-roman\/\"]}]},{\"@type\":\"ImageObject\",\"inLanguage\":\"de\",\"@id\":\"https:\/\/dev.eliassen.nl\/de\/hangeuhr-quadratisch-roman\/#primaryimage\",\"url\":\"https:\/\/dev.eliassen.nl\/wp-content\/uploads\/2024\/01\/fl76344.jpg\",\"contentUrl\":\"https:\/\/dev.eliassen.nl\/wp-content\/uploads\/2024\/01\/fl76344.jpg\",\"width\":1024,\"height\":682,\"caption\":\"fl76344\"},{\"@type\":\"BreadcrumbList\",\"@id\":\"https:\/\/dev.eliassen.nl\/de\/hangeuhr-quadratisch-roman\/#breadcrumb\",\"itemListElement\":[{\"@type\":\"ListItem\",\"position\":1,\"name\":\"Home\",\"item\":\"https:\/\/dev.eliassen.nl\/de\/\"},{\"@type\":\"ListItem\",\"position\":2,\"name\":\"Shop\",\"item\":\"https:\/\/dev.eliassen.nl\/nl\/winkel\/\"},{\"@type\":\"ListItem\",\"position\":3,\"name\":\"Wanddekoration\",\"item\":\"https:\/\/dev.eliassen.nl\/de\/wanddekoration\/\"},{\"@type\":\"ListItem\",\"position\":4,\"name\":\"Wanduhren\",\"item\":\"https:\/\/dev.eliassen.nl\/de\/wanddekoration\/wanduhren\/\"},{\"@type\":\"ListItem\",\"position\":5,\"name\":\"H\u00e4ngeuhr quadratisch Roman\"}]},{\"@type\":\"WebSite\",\"@id\":\"https:\/\/dev.eliassen.nl\/de\/#website\",\"url\":\"https:\/\/dev.eliassen.nl\/de\/\",\"name\":\"Eliassen Home & Garden Pleasure\",\"description\":\"\",\"publisher\":{\"@id\":\"https:\/\/dev.eliassen.nl\/de\/#organization\"},\"alternateName\":\"Eliassen.nl\",\"potentialAction\":[{\"@type\":\"SearchAction\",\"target\":{\"@type\":\"EntryPoint\",\"urlTemplate\":\"https:\/\/dev.eliassen.nl\/de\/?s={search_term_string}\"},\"query-input\":{\"@type\":\"PropertyValueSpecification\",\"valueRequired\":true,\"valueName\":\"search_term_string\"}}],\"inLanguage\":\"de\"},{\"@type\":\"Organization\",\"@id\":\"https:\/\/dev.eliassen.nl\/de\/#organization\",\"name\":\"Eliassen Home & Garden Pleasure\",\"url\":\"https:\/\/dev.eliassen.nl\/de\/\",\"logo\":{\"@type\":\"ImageObject\",\"inLanguage\":\"de\",\"@id\":\"https:\/\/dev.eliassen.nl\/de\/#\/schema\/logo\/image\/\",\"url\":\"https:\/\/www.eliassen.nl\/wp-content\/uploads\/2024\/01\/logo_4nd.jpg\",\"contentUrl\":\"https:\/\/www.eliassen.nl\/wp-content\/uploads\/2024\/01\/logo_4nd.jpg\",\"width\":500,\"height\":500,\"caption\":\"Eliassen Home & Garden Pleasure\"},\"image\":{\"@id\":\"https:\/\/dev.eliassen.nl\/de\/#\/schema\/logo\/image\/\"},\"sameAs\":[\"https:\/\/www.facebook.com\/TuincentrumEliassenAmmerzoden\",\"https:\/\/www.instagram.com\/eliassenhomeandgarden\/\",\"https:\/\/nl.pinterest.com\/eliassenhomeandgarden\/\",\"https:\/\/www.youtube.com\/@eliassenhomegardenpleasure4558\"]}]}<\/script>\n<!-- \/ Yoast SEO plugin. -->","yoast_head_json":{"title":"Quadratische H\u00e4ngeuhr Roman | Eliassen","description":"Bei Eliassen k\u00f6nnen Sie H\u00e4ngeuhr Quadrat Roman online kaufen oder live im Showroom anschauen. Wir haben die sch\u00f6nste Wanddekoration, Wanduhren","robots":{"index":"noindex","follow":"follow","max-snippet":"max-snippet:-1","max-image-preview":"max-image-preview:large","max-video-preview":"max-video-preview:-1"},"og_locale":"de_DE","og_type":"article","og_title":"Quadratische H\u00e4ngeuhr Roman | Eliassen","og_description":"Bei Eliassen k\u00f6nnen Sie H\u00e4ngeuhr Quadrat Roman online kaufen oder live im Showroom anschauen. Wir haben die sch\u00f6nste Wanddekoration, Wanduhren","og_url":"https:\/\/dev.eliassen.nl\/de\/hangeuhr-quadratisch-roman\/","og_site_name":"Eliassen.nl","article_publisher":"https:\/\/www.facebook.com\/TuincentrumEliassenAmmerzoden","article_modified_time":"2024-12-05T14:20:24+00:00","og_image":[{"width":1024,"height":682,"url":"https:\/\/dev.eliassen.nl\/wp-content\/uploads\/2024\/01\/fl76344.jpg","type":"image\/jpeg"}],"twitter_card":"summary_large_image","schema":{"@context":"https:\/\/schema.org","@graph":[{"@type":"WebPage","@id":"https:\/\/dev.eliassen.nl\/de\/hangeuhr-quadratisch-roman\/","url":"https:\/\/dev.eliassen.nl\/de\/hangeuhr-quadratisch-roman\/","name":"Quadratische H\u00e4ngeuhr Roman | Eliassen","isPartOf":{"@id":"https:\/\/dev.eliassen.nl\/de\/#website"},"primaryImageOfPage":{"@id":"https:\/\/dev.eliassen.nl\/de\/hangeuhr-quadratisch-roman\/#primaryimage"},"image":{"@id":"https:\/\/dev.eliassen.nl\/de\/hangeuhr-quadratisch-roman\/#primaryimage"},"thumbnailUrl":"https:\/\/dev.eliassen.nl\/wp-content\/uploads\/2024\/01\/fl76344.jpg","datePublished":"2019-10-28T16:51:47+00:00","dateModified":"2024-12-05T14:20:24+00:00","description":"Bei Eliassen k\u00f6nnen Sie H\u00e4ngeuhr Quadrat Roman online kaufen oder live im Showroom anschauen. Wir haben die sch\u00f6nste Wanddekoration, Wanduhren","breadcrumb":{"@id":"https:\/\/dev.eliassen.nl\/de\/hangeuhr-quadratisch-roman\/#breadcrumb"},"inLanguage":"de","potentialAction":[{"@type":"ReadAction","target":["https:\/\/dev.eliassen.nl\/de\/hangeuhr-quadratisch-roman\/"]}]},{"@type":"ImageObject","inLanguage":"de","@id":"https:\/\/dev.eliassen.nl\/de\/hangeuhr-quadratisch-roman\/#primaryimage","url":"https:\/\/dev.eliassen.nl\/wp-content\/uploads\/2024\/01\/fl76344.jpg","contentUrl":"https:\/\/dev.eliassen.nl\/wp-content\/uploads\/2024\/01\/fl76344.jpg","width":1024,"height":682,"caption":"fl76344"},{"@type":"BreadcrumbList","@id":"https:\/\/dev.eliassen.nl\/de\/hangeuhr-quadratisch-roman\/#breadcrumb","itemListElement":[{"@type":"ListItem","position":1,"name":"Home","item":"https:\/\/dev.eliassen.nl\/de\/"},{"@type":"ListItem","position":2,"name":"Shop","item":"https:\/\/dev.eliassen.nl\/nl\/winkel\/"},{"@type":"ListItem","position":3,"name":"Wanddekoration","item":"https:\/\/dev.eliassen.nl\/de\/wanddekoration\/"},{"@type":"ListItem","position":4,"name":"Wanduhren","item":"https:\/\/dev.eliassen.nl\/de\/wanddekoration\/wanduhren\/"},{"@type":"ListItem","position":5,"name":"H\u00e4ngeuhr quadratisch Roman"}]},{"@type":"WebSite","@id":"https:\/\/dev.eliassen.nl\/de\/#website","url":"https:\/\/dev.eliassen.nl\/de\/","name":"Eliassen Home & Garden Pleasure","description":"","publisher":{"@id":"https:\/\/dev.eliassen.nl\/de\/#organization"},"alternateName":"Eliassen.nl","potentialAction":[{"@type":"SearchAction","target":{"@type":"EntryPoint","urlTemplate":"https:\/\/dev.eliassen.nl\/de\/?s={search_term_string}"},"query-input":{"@type":"PropertyValueSpecification","valueRequired":true,"valueName":"search_term_string"}}],"inLanguage":"de"},{"@type":"Organization","@id":"https:\/\/dev.eliassen.nl\/de\/#organization","name":"Eliassen Home & Garden Pleasure","url":"https:\/\/dev.eliassen.nl\/de\/","logo":{"@type":"ImageObject","inLanguage":"de","@id":"https:\/\/dev.eliassen.nl\/de\/#\/schema\/logo\/image\/","url":"https:\/\/www.eliassen.nl\/wp-content\/uploads\/2024\/01\/logo_4nd.jpg","contentUrl":"https:\/\/www.eliassen.nl\/wp-content\/uploads\/2024\/01\/logo_4nd.jpg","width":500,"height":500,"caption":"Eliassen Home & Garden Pleasure"},"image":{"@id":"https:\/\/dev.eliassen.nl\/de\/#\/schema\/logo\/image\/"},"sameAs":["https:\/\/www.facebook.com\/TuincentrumEliassenAmmerzoden","https:\/\/www.instagram.com\/eliassenhomeandgarden\/","https:\/\/nl.pinterest.com\/eliassenhomeandgarden\/","https:\/\/www.youtube.com\/@eliassenhomegardenpleasure4558"]}]}},"df_price":44.5,"df_sale_price":44.5,"df_regular_price":64.5,"df_image_link":"https:\/\/dev.eliassen.nl\/wp-content\/uploads\/2024\/01\/fl76344.jpg","image":"https:\/\/dev.eliassen.nl\/wp-content\/uploads\/2024\/01\/fl76344.jpg","price_search":"<span class=\"woocommerce-Price-amount amount\"><bdi><span class=\"woocommerce-Price-currencySymbol\">&euro;<\/span>&nbsp;44,50<\/bdi><\/span>","category":"Wanddekoration","_links":{"self":[{"href":"https:\/\/dev.eliassen.nl\/de\/wp-json\/wp\/v2\/product\/13984","targetHints":{"allow":["GET"]}}],"collection":[{"href":"https:\/\/dev.eliassen.nl\/de\/wp-json\/wp\/v2\/product"}],"about":[{"href":"https:\/\/dev.eliassen.nl\/de\/wp-json\/wp\/v2\/types\/product"}],"wp:featuredmedia":[{"embeddable":true,"href":"https:\/\/dev.eliassen.nl\/de\/wp-json\/wp\/v2\/media\/13981"}],"wp:attachment":[{"href":"https:\/\/dev.eliassen.nl\/de\/wp-json\/wp\/v2\/media?parent=13984"}],"wp:term":[{"taxonomy":"product_brand","embeddable":true,"href":"https:\/\/dev.eliassen.nl\/de\/wp-json\/wp\/v2\/product_brand?post=13984"},{"taxonomy":"product_cat","embeddable":true,"href":"https:\/\/dev.eliassen.nl\/de\/wp-json\/wp\/v2\/product_cat?post=13984"},{"taxonomy":"product_tag","embeddable":true,"href":"https:\/\/dev.eliassen.nl\/de\/wp-json\/wp\/v2\/product_tag?post=13984"}],"curies":[{"name":"wp","href":"https:\/\/api.w.org\/{rel}","templated":true}]}}