{"id":14053,"date":"2019-10-28T17:53:22","date_gmt":"2019-10-28T16:53:22","guid":{"rendered":"https:\/\/www.eliassen.nl\/?product=saeule-hochglanz-urta-grau-100-cm-copy"},"modified":"2024-12-05T15:20:27","modified_gmt":"2024-12-05T14:20:27","slug":"sockel-wody-holz-45x45x100cm","status":"publish","type":"product","link":"https:\/\/dev.eliassen.nl\/de\/sockel-wody-holz-45x45x100cm\/","title":{"rendered":"Sockel Wody Holz 45x45x100cm"},"content":{"rendered":"<p>Bringen Sie mit diesem gro\u00dfen Holzsockel pure Sch\u00f6nheit aus der Natur in Ihr Zuhause.<\/p>\n<p>Hergestellt aus Hartholzlamellen, wundersch\u00f6n verarbeitet mit einem superstarken Mattglanzlack von super Qualit\u00e4t. Sch\u00f6n in Kombination mit einer Statue, einem Topf usw.<\/p>\n<p><strong>Dieser Sockel kann auch in unserem Shop besichtigt werden.<\/strong><\/p>\n<ul>\n<li><span style=\"color: #000000;\">Gr\u00f6\u00dfe: 45 x 45 x 100 cm hoch<\/span><\/li>\n<li><span style=\"color: #000000;\">Nur f\u00fcr den Innengebrauch.<\/span><\/li>\n<li><span style=\"color: #000000;\">Farbe: natur<\/span><\/li>\n<li>sehr stilvoll<\/li>\n<li>Maximale Belastung: 70 kg<\/li>\n<li>Material: Holz<\/li>\n<li>3 Jahre Garantie, ausgenommen Sch\u00e4den von au\u00dfen<\/li>\n<li>UV-best\u00e4ndig<\/li>\n<li>Eigener Import und Lager<\/li>\n<li>Schnell geliefert<\/li>\n<\/ul>\n","protected":false},"excerpt":{"rendered":"<p>Bringen Sie mit diesem gro\u00dfen Holzsockel pure Sch\u00f6nheit aus der Natur in Ihr Zuhause. Hergestellt aus Hartholzlamellen, wundersch\u00f6n verarbeitet mit einem superstarken Mattglanzlack von super Qualit\u00e4t. Sch\u00f6n in Kombination mit einer Statue, einem Topf usw. Dieser Sockel kann auch in unserem Shop besichtigt werden. Gr\u00f6\u00dfe: 45 x 45 x 100 cm hoch Nur f\u00fcr den &hellip;<\/p>\n","protected":false},"featured_media":14032,"template":"","meta":{"_acf_changed":false},"product_brand":[6916],"product_cat":[794,782],"product_tag":[],"class_list":{"0":"post-14053","1":"product","2":"type-product","3":"status-publish","4":"has-post-thumbnail","6":"product_brand-eliassen-de","7":"product_cat-holzsockel","8":"product_cat-sockel","10":"first","11":"outofstock","12":"taxable","13":"shipping-taxable","14":"purchasable","15":"product-type-simple"},"acf":[],"yoast_head":"<!-- This site is optimized with the Yoast SEO plugin v23.8 - https:\/\/yoast.com\/wordpress\/plugins\/seo\/ -->\n<title>Holzsockel f\u00fcr den Au\u00dfenbereich Wody 45 x 45 x 100<\/title>\n<meta name=\"description\" content=\"Einen Holzsockel f\u00fcr au\u00dfen oder innen kaufen? Hergestellt aus Hartholzlatten, wundersch\u00f6n verarbeitet. Besuchen Sie unseren Webshop oder kommen Sie und sehen...\" \/>\n<meta name=\"robots\" content=\"noindex, follow, max-snippet:-1, max-image-preview:large, max-video-preview:-1\" \/>\n<meta property=\"og:locale\" content=\"de_DE\" \/>\n<meta property=\"og:type\" content=\"article\" \/>\n<meta property=\"og:title\" content=\"Holzsockel f\u00fcr den Au\u00dfenbereich Wody 45 x 45 x 100\" \/>\n<meta property=\"og:description\" content=\"Einen Holzsockel f\u00fcr au\u00dfen oder innen kaufen? Hergestellt aus Hartholzlatten, wundersch\u00f6n verarbeitet. Besuchen Sie unseren Webshop oder kommen Sie und sehen...\" \/>\n<meta property=\"og:url\" content=\"https:\/\/dev.eliassen.nl\/de\/sockel-wody-holz-45x45x100cm\/\" \/>\n<meta property=\"og:site_name\" content=\"Eliassen.nl\" \/>\n<meta property=\"article:publisher\" content=\"https:\/\/www.facebook.com\/TuincentrumEliassenAmmerzoden\" \/>\n<meta property=\"article:modified_time\" content=\"2024-12-05T14:20:27+00:00\" \/>\n<meta property=\"og:image\" content=\"https:\/\/dev.eliassen.nl\/wp-content\/uploads\/2024\/01\/mijnproject95.png\" \/>\n\t<meta property=\"og:image:width\" content=\"750\" \/>\n\t<meta property=\"og:image:height\" content=\"1000\" \/>\n\t<meta property=\"og:image:type\" content=\"image\/png\" \/>\n<meta name=\"twitter:card\" content=\"summary_large_image\" \/>\n<script type=\"application\/ld+json\" class=\"yoast-schema-graph\">{\"@context\":\"https:\/\/schema.org\",\"@graph\":[{\"@type\":\"WebPage\",\"@id\":\"https:\/\/dev.eliassen.nl\/de\/sockel-wody-holz-45x45x100cm\/\",\"url\":\"https:\/\/dev.eliassen.nl\/de\/sockel-wody-holz-45x45x100cm\/\",\"name\":\"Holzsockel f\u00fcr den Au\u00dfenbereich Wody 45 x 45 x 100\",\"isPartOf\":{\"@id\":\"https:\/\/dev.eliassen.nl\/de\/#website\"},\"primaryImageOfPage\":{\"@id\":\"https:\/\/dev.eliassen.nl\/de\/sockel-wody-holz-45x45x100cm\/#primaryimage\"},\"image\":{\"@id\":\"https:\/\/dev.eliassen.nl\/de\/sockel-wody-holz-45x45x100cm\/#primaryimage\"},\"thumbnailUrl\":\"https:\/\/dev.eliassen.nl\/wp-content\/uploads\/2024\/01\/mijnproject95.png\",\"datePublished\":\"2019-10-28T16:53:22+00:00\",\"dateModified\":\"2024-12-05T14:20:27+00:00\",\"description\":\"Einen Holzsockel f\u00fcr au\u00dfen oder innen kaufen? Hergestellt aus Hartholzlatten, wundersch\u00f6n verarbeitet. Besuchen Sie unseren Webshop oder kommen Sie und sehen...\",\"breadcrumb\":{\"@id\":\"https:\/\/dev.eliassen.nl\/de\/sockel-wody-holz-45x45x100cm\/#breadcrumb\"},\"inLanguage\":\"de\",\"potentialAction\":[{\"@type\":\"ReadAction\",\"target\":[\"https:\/\/dev.eliassen.nl\/de\/sockel-wody-holz-45x45x100cm\/\"]}]},{\"@type\":\"ImageObject\",\"inLanguage\":\"de\",\"@id\":\"https:\/\/dev.eliassen.nl\/de\/sockel-wody-holz-45x45x100cm\/#primaryimage\",\"url\":\"https:\/\/dev.eliassen.nl\/wp-content\/uploads\/2024\/01\/mijnproject95.png\",\"contentUrl\":\"https:\/\/dev.eliassen.nl\/wp-content\/uploads\/2024\/01\/mijnproject95.png\",\"width\":750,\"height\":1000,\"caption\":\"Mijn project (95)\"},{\"@type\":\"BreadcrumbList\",\"@id\":\"https:\/\/dev.eliassen.nl\/de\/sockel-wody-holz-45x45x100cm\/#breadcrumb\",\"itemListElement\":[{\"@type\":\"ListItem\",\"position\":1,\"name\":\"Home\",\"item\":\"https:\/\/dev.eliassen.nl\/de\/\"},{\"@type\":\"ListItem\",\"position\":2,\"name\":\"Shop\",\"item\":\"https:\/\/dev.eliassen.nl\/nl\/winkel\/\"},{\"@type\":\"ListItem\",\"position\":3,\"name\":\"Sockel\",\"item\":\"https:\/\/dev.eliassen.nl\/de\/sockel\/\"},{\"@type\":\"ListItem\",\"position\":4,\"name\":\"Holzsockel\",\"item\":\"https:\/\/dev.eliassen.nl\/de\/sockel\/holzsockel\/\"},{\"@type\":\"ListItem\",\"position\":5,\"name\":\"Sockel Wody Holz 45x45x100cm\"}]},{\"@type\":\"WebSite\",\"@id\":\"https:\/\/dev.eliassen.nl\/de\/#website\",\"url\":\"https:\/\/dev.eliassen.nl\/de\/\",\"name\":\"Eliassen Home & Garden Pleasure\",\"description\":\"\",\"publisher\":{\"@id\":\"https:\/\/dev.eliassen.nl\/de\/#organization\"},\"alternateName\":\"Eliassen.nl\",\"potentialAction\":[{\"@type\":\"SearchAction\",\"target\":{\"@type\":\"EntryPoint\",\"urlTemplate\":\"https:\/\/dev.eliassen.nl\/de\/?s={search_term_string}\"},\"query-input\":{\"@type\":\"PropertyValueSpecification\",\"valueRequired\":true,\"valueName\":\"search_term_string\"}}],\"inLanguage\":\"de\"},{\"@type\":\"Organization\",\"@id\":\"https:\/\/dev.eliassen.nl\/de\/#organization\",\"name\":\"Eliassen Home & Garden Pleasure\",\"url\":\"https:\/\/dev.eliassen.nl\/de\/\",\"logo\":{\"@type\":\"ImageObject\",\"inLanguage\":\"de\",\"@id\":\"https:\/\/dev.eliassen.nl\/de\/#\/schema\/logo\/image\/\",\"url\":\"https:\/\/www.eliassen.nl\/wp-content\/uploads\/2024\/01\/logo_4nd.jpg\",\"contentUrl\":\"https:\/\/www.eliassen.nl\/wp-content\/uploads\/2024\/01\/logo_4nd.jpg\",\"width\":500,\"height\":500,\"caption\":\"Eliassen Home & Garden Pleasure\"},\"image\":{\"@id\":\"https:\/\/dev.eliassen.nl\/de\/#\/schema\/logo\/image\/\"},\"sameAs\":[\"https:\/\/www.facebook.com\/TuincentrumEliassenAmmerzoden\",\"https:\/\/www.instagram.com\/eliassenhomeandgarden\/\",\"https:\/\/nl.pinterest.com\/eliassenhomeandgarden\/\",\"https:\/\/www.youtube.com\/@eliassenhomegardenpleasure4558\"]}]}<\/script>\n<!-- \/ Yoast SEO plugin. -->","yoast_head_json":{"title":"Holzsockel f\u00fcr den Au\u00dfenbereich Wody 45 x 45 x 100","description":"Einen Holzsockel f\u00fcr au\u00dfen oder innen kaufen? Hergestellt aus Hartholzlatten, wundersch\u00f6n verarbeitet. Besuchen Sie unseren Webshop oder kommen Sie und sehen...","robots":{"index":"noindex","follow":"follow","max-snippet":"max-snippet:-1","max-image-preview":"max-image-preview:large","max-video-preview":"max-video-preview:-1"},"og_locale":"de_DE","og_type":"article","og_title":"Holzsockel f\u00fcr den Au\u00dfenbereich Wody 45 x 45 x 100","og_description":"Einen Holzsockel f\u00fcr au\u00dfen oder innen kaufen? Hergestellt aus Hartholzlatten, wundersch\u00f6n verarbeitet. Besuchen Sie unseren Webshop oder kommen Sie und sehen...","og_url":"https:\/\/dev.eliassen.nl\/de\/sockel-wody-holz-45x45x100cm\/","og_site_name":"Eliassen.nl","article_publisher":"https:\/\/www.facebook.com\/TuincentrumEliassenAmmerzoden","article_modified_time":"2024-12-05T14:20:27+00:00","og_image":[{"width":750,"height":1000,"url":"https:\/\/dev.eliassen.nl\/wp-content\/uploads\/2024\/01\/mijnproject95.png","type":"image\/png"}],"twitter_card":"summary_large_image","schema":{"@context":"https:\/\/schema.org","@graph":[{"@type":"WebPage","@id":"https:\/\/dev.eliassen.nl\/de\/sockel-wody-holz-45x45x100cm\/","url":"https:\/\/dev.eliassen.nl\/de\/sockel-wody-holz-45x45x100cm\/","name":"Holzsockel f\u00fcr den Au\u00dfenbereich Wody 45 x 45 x 100","isPartOf":{"@id":"https:\/\/dev.eliassen.nl\/de\/#website"},"primaryImageOfPage":{"@id":"https:\/\/dev.eliassen.nl\/de\/sockel-wody-holz-45x45x100cm\/#primaryimage"},"image":{"@id":"https:\/\/dev.eliassen.nl\/de\/sockel-wody-holz-45x45x100cm\/#primaryimage"},"thumbnailUrl":"https:\/\/dev.eliassen.nl\/wp-content\/uploads\/2024\/01\/mijnproject95.png","datePublished":"2019-10-28T16:53:22+00:00","dateModified":"2024-12-05T14:20:27+00:00","description":"Einen Holzsockel f\u00fcr au\u00dfen oder innen kaufen? Hergestellt aus Hartholzlatten, wundersch\u00f6n verarbeitet. Besuchen Sie unseren Webshop oder kommen Sie und sehen...","breadcrumb":{"@id":"https:\/\/dev.eliassen.nl\/de\/sockel-wody-holz-45x45x100cm\/#breadcrumb"},"inLanguage":"de","potentialAction":[{"@type":"ReadAction","target":["https:\/\/dev.eliassen.nl\/de\/sockel-wody-holz-45x45x100cm\/"]}]},{"@type":"ImageObject","inLanguage":"de","@id":"https:\/\/dev.eliassen.nl\/de\/sockel-wody-holz-45x45x100cm\/#primaryimage","url":"https:\/\/dev.eliassen.nl\/wp-content\/uploads\/2024\/01\/mijnproject95.png","contentUrl":"https:\/\/dev.eliassen.nl\/wp-content\/uploads\/2024\/01\/mijnproject95.png","width":750,"height":1000,"caption":"Mijn project (95)"},{"@type":"BreadcrumbList","@id":"https:\/\/dev.eliassen.nl\/de\/sockel-wody-holz-45x45x100cm\/#breadcrumb","itemListElement":[{"@type":"ListItem","position":1,"name":"Home","item":"https:\/\/dev.eliassen.nl\/de\/"},{"@type":"ListItem","position":2,"name":"Shop","item":"https:\/\/dev.eliassen.nl\/nl\/winkel\/"},{"@type":"ListItem","position":3,"name":"Sockel","item":"https:\/\/dev.eliassen.nl\/de\/sockel\/"},{"@type":"ListItem","position":4,"name":"Holzsockel","item":"https:\/\/dev.eliassen.nl\/de\/sockel\/holzsockel\/"},{"@type":"ListItem","position":5,"name":"Sockel Wody Holz 45x45x100cm"}]},{"@type":"WebSite","@id":"https:\/\/dev.eliassen.nl\/de\/#website","url":"https:\/\/dev.eliassen.nl\/de\/","name":"Eliassen Home & Garden Pleasure","description":"","publisher":{"@id":"https:\/\/dev.eliassen.nl\/de\/#organization"},"alternateName":"Eliassen.nl","potentialAction":[{"@type":"SearchAction","target":{"@type":"EntryPoint","urlTemplate":"https:\/\/dev.eliassen.nl\/de\/?s={search_term_string}"},"query-input":{"@type":"PropertyValueSpecification","valueRequired":true,"valueName":"search_term_string"}}],"inLanguage":"de"},{"@type":"Organization","@id":"https:\/\/dev.eliassen.nl\/de\/#organization","name":"Eliassen Home & Garden Pleasure","url":"https:\/\/dev.eliassen.nl\/de\/","logo":{"@type":"ImageObject","inLanguage":"de","@id":"https:\/\/dev.eliassen.nl\/de\/#\/schema\/logo\/image\/","url":"https:\/\/www.eliassen.nl\/wp-content\/uploads\/2024\/01\/logo_4nd.jpg","contentUrl":"https:\/\/www.eliassen.nl\/wp-content\/uploads\/2024\/01\/logo_4nd.jpg","width":500,"height":500,"caption":"Eliassen Home & Garden Pleasure"},"image":{"@id":"https:\/\/dev.eliassen.nl\/de\/#\/schema\/logo\/image\/"},"sameAs":["https:\/\/www.facebook.com\/TuincentrumEliassenAmmerzoden","https:\/\/www.instagram.com\/eliassenhomeandgarden\/","https:\/\/nl.pinterest.com\/eliassenhomeandgarden\/","https:\/\/www.youtube.com\/@eliassenhomegardenpleasure4558"]}]}},"df_price":159,"df_sale_price":"","df_regular_price":159,"df_image_link":"https:\/\/dev.eliassen.nl\/wp-content\/uploads\/2024\/01\/mijnproject95.png","image":"https:\/\/dev.eliassen.nl\/wp-content\/uploads\/2024\/01\/mijnproject95.png","price_search":"<span class=\"woocommerce-Price-amount amount\"><bdi><span class=\"woocommerce-Price-currencySymbol\">&euro;<\/span>&nbsp;159,00<\/bdi><\/span>","category":"Holzsockel","_links":{"self":[{"href":"https:\/\/dev.eliassen.nl\/de\/wp-json\/wp\/v2\/product\/14053","targetHints":{"allow":["GET"]}}],"collection":[{"href":"https:\/\/dev.eliassen.nl\/de\/wp-json\/wp\/v2\/product"}],"about":[{"href":"https:\/\/dev.eliassen.nl\/de\/wp-json\/wp\/v2\/types\/product"}],"wp:featuredmedia":[{"embeddable":true,"href":"https:\/\/dev.eliassen.nl\/de\/wp-json\/wp\/v2\/media\/14032"}],"wp:attachment":[{"href":"https:\/\/dev.eliassen.nl\/de\/wp-json\/wp\/v2\/media?parent=14053"}],"wp:term":[{"taxonomy":"product_brand","embeddable":true,"href":"https:\/\/dev.eliassen.nl\/de\/wp-json\/wp\/v2\/product_brand?post=14053"},{"taxonomy":"product_cat","embeddable":true,"href":"https:\/\/dev.eliassen.nl\/de\/wp-json\/wp\/v2\/product_cat?post=14053"},{"taxonomy":"product_tag","embeddable":true,"href":"https:\/\/dev.eliassen.nl\/de\/wp-json\/wp\/v2\/product_tag?post=14053"}],"curies":[{"name":"wp","href":"https:\/\/api.w.org\/{rel}","templated":true}]}}