{"id":140848,"date":"2023-03-09T10:00:23","date_gmt":"2023-03-09T09:00:23","guid":{"rendered":"https:\/\/www.eliassen.nl\/?product=fontein-klassiek-milaan-met-8-kanten-195cm"},"modified":"2024-12-05T16:56:51","modified_gmt":"2024-12-05T15:56:51","slug":"brunnen-classic-milan-mit-8-seiten-195cm","status":"publish","type":"product","link":"https:\/\/dev.eliassen.nl\/de\/brunnen-classic-milan-mit-8-seiten-195cm\/","title":{"rendered":"Brunnen Classic Milan mit 8 Seiten 195cm"},"content":{"rendered":"<p>Mit diesem achteckigen Dorfbrunnen schaffen Sie eine sch\u00f6ne warme Atmosph\u00e4re in Ihrem Garten oder Unternehmen an einem zentralen Ort, besonders wenn es dunkel ist und ein Unterwasserscheinwerfer vorhanden ist, damit die Wasserstrahlen und die Wasserversorgung sch\u00f6n beleuchtet werden. Dieser Modellbrunnen ist nach einem Originalmodell eines alten Bauern- und Dorfbrunnens gefertigt.<\/p>\n<p>Dieser Brunnen besteht aus massivem Qualit\u00e4tsbeton mit sehr hohem Zementanteil, der allen Witterungseinfl\u00fcssen problemlos \u00fcber Jahrzehnte standh\u00e4lt. Sie haben die M\u00f6glichkeit, diese Skulptur in 3 Farben zu bestellen, in den Farben Sandfarbe, Antikfarbe und Rostfarbe. Die Farben k\u00f6nnen tats\u00e4chlich vom Foto abweichen, da das Ausmalen Menschenarbeit ist. Dieses rechteckige Brunnenmodell wird jahrzehntelang die richtige Atmosph\u00e4re in Ihrem Garten schaffen! Aufgrund von Witterungseinfl\u00fcssen wird dieser erst nach Jahren durch Verwitterung sch\u00f6ner, wie ein echter Sandstein- oder Hartsteinbrunnen. Die genannten Preise verstehen sich ohne Pumpe, Folie, Spot und\/oder Transport.<\/p>\n<p>Kommen Sie gerne vorbei, um sich die Farben dieser Bilder anzusehen und zu sehen, wie &#8220;sch\u00f6n&#8221; diese Serie ist, wir haben eine angemessene Sammlung davon auf unserem Ausstellungsgel\u00e4nde.<\/p>\n<p><strong>W\u00e4hlen Sie oben Ihre Wunschfarbe aus<\/strong><\/p>\n<ul>\n<li>Gr\u00f6\u00dfe: 195 cm Durchmesser 180 cm hoch<\/li>\n<li>Farbe: Sand, Antik oder Rost<\/li>\n<li>Gesch\u00e4tztes Gewicht: &gt; 1300 kg<\/li>\n<li>Hochwertiger Kunststein<\/li>\n<li>Durchschnittliche Lieferzeit: 6 Wochen<\/li>\n<li>Vorkehrungen gegen Frostsch\u00e4den treffen<\/li>\n<li>Ohne Pumpe, Folie und Spot<\/li>\n<\/ul>\n","protected":false},"excerpt":{"rendered":"<p>Dies ist ein separater Brunnen. Erkundigen Sie sich nach den anderen erforderlichen Teilen.<\/p>\n","protected":false},"featured_media":87814,"template":"","meta":{"_acf_changed":false},"product_brand":[],"product_cat":[584,536],"product_tag":[],"class_list":{"0":"post-140848","1":"product","2":"type-product","3":"status-publish","4":"has-post-thumbnail","6":"product_cat-brunnen-aus-beton","7":"product_cat-wassereigenschaften","9":"first","10":"onbackorder","11":"taxable","12":"shipping-taxable","13":"purchasable","14":"product-type-variable"},"acf":[],"yoast_head":"<!-- This site is optimized with the Yoast SEO plugin v23.8 - https:\/\/yoast.com\/wordpress\/plugins\/seo\/ -->\n<title>Fontein klassiek Milaan met 8 kanten 195cm<\/title>\n<meta name=\"description\" content=\"Klassieke dorpsfonteinen ? Bekijk ze allemaal op onze shop of kom gerust live kijken !!\" \/>\n<meta name=\"robots\" content=\"noindex, follow, max-snippet:-1, max-image-preview:large, max-video-preview:-1\" \/>\n<meta property=\"og:locale\" content=\"de_DE\" \/>\n<meta property=\"og:type\" content=\"article\" \/>\n<meta property=\"og:title\" content=\"Fontein klassiek Milaan met 8 kanten 195cm\" \/>\n<meta property=\"og:description\" content=\"Klassieke dorpsfonteinen ? Bekijk ze allemaal op onze shop of kom gerust live kijken !!\" \/>\n<meta property=\"og:url\" content=\"https:\/\/dev.eliassen.nl\/de\/brunnen-classic-milan-mit-8-seiten-195cm\/\" \/>\n<meta property=\"og:site_name\" content=\"Eliassen.nl\" \/>\n<meta property=\"article:publisher\" content=\"https:\/\/www.facebook.com\/TuincentrumEliassenAmmerzoden\" \/>\n<meta property=\"article:modified_time\" content=\"2024-12-05T15:56:51+00:00\" \/>\n<meta property=\"og:image\" content=\"https:\/\/dev.eliassen.nl\/wp-content\/uploads\/2024\/01\/fonteinklassiekmilaanmet8kanten195cmelias.jpg\" \/>\n\t<meta property=\"og:image:width\" content=\"659\" \/>\n\t<meta property=\"og:image:height\" content=\"800\" \/>\n\t<meta property=\"og:image:type\" content=\"image\/jpeg\" \/>\n<meta name=\"twitter:card\" content=\"summary_large_image\" \/>\n<script type=\"application\/ld+json\" class=\"yoast-schema-graph\">{\"@context\":\"https:\/\/schema.org\",\"@graph\":[{\"@type\":\"WebPage\",\"@id\":\"https:\/\/dev.eliassen.nl\/de\/brunnen-classic-milan-mit-8-seiten-195cm\/\",\"url\":\"https:\/\/dev.eliassen.nl\/de\/brunnen-classic-milan-mit-8-seiten-195cm\/\",\"name\":\"Fontein klassiek Milaan met 8 kanten 195cm\",\"isPartOf\":{\"@id\":\"https:\/\/dev.eliassen.nl\/de\/#website\"},\"primaryImageOfPage\":{\"@id\":\"https:\/\/dev.eliassen.nl\/de\/brunnen-classic-milan-mit-8-seiten-195cm\/#primaryimage\"},\"image\":{\"@id\":\"https:\/\/dev.eliassen.nl\/de\/brunnen-classic-milan-mit-8-seiten-195cm\/#primaryimage\"},\"thumbnailUrl\":\"https:\/\/dev.eliassen.nl\/wp-content\/uploads\/2024\/01\/fonteinklassiekmilaanmet8kanten195cmelias.jpg\",\"datePublished\":\"2023-03-09T09:00:23+00:00\",\"dateModified\":\"2024-12-05T15:56:51+00:00\",\"description\":\"Klassieke dorpsfonteinen ? Bekijk ze allemaal op onze shop of kom gerust live kijken !!\",\"breadcrumb\":{\"@id\":\"https:\/\/dev.eliassen.nl\/de\/brunnen-classic-milan-mit-8-seiten-195cm\/#breadcrumb\"},\"inLanguage\":\"de\",\"potentialAction\":[{\"@type\":\"ReadAction\",\"target\":[\"https:\/\/dev.eliassen.nl\/de\/brunnen-classic-milan-mit-8-seiten-195cm\/\"]}]},{\"@type\":\"ImageObject\",\"inLanguage\":\"de\",\"@id\":\"https:\/\/dev.eliassen.nl\/de\/brunnen-classic-milan-mit-8-seiten-195cm\/#primaryimage\",\"url\":\"https:\/\/dev.eliassen.nl\/wp-content\/uploads\/2024\/01\/fonteinklassiekmilaanmet8kanten195cmelias.jpg\",\"contentUrl\":\"https:\/\/dev.eliassen.nl\/wp-content\/uploads\/2024\/01\/fonteinklassiekmilaanmet8kanten195cmelias.jpg\",\"width\":659,\"height\":800,\"caption\":\"Fontein klassiek Milaan met 8 kanten 195cm - eliassen.nl\"},{\"@type\":\"BreadcrumbList\",\"@id\":\"https:\/\/dev.eliassen.nl\/de\/brunnen-classic-milan-mit-8-seiten-195cm\/#breadcrumb\",\"itemListElement\":[{\"@type\":\"ListItem\",\"position\":1,\"name\":\"Home\",\"item\":\"https:\/\/dev.eliassen.nl\/de\/\"},{\"@type\":\"ListItem\",\"position\":2,\"name\":\"Shop\",\"item\":\"https:\/\/dev.eliassen.nl\/nl\/winkel\/\"},{\"@type\":\"ListItem\",\"position\":3,\"name\":\"Wasserspiele\",\"item\":\"https:\/\/dev.eliassen.nl\/de\/wassereigenschaften\/\"},{\"@type\":\"ListItem\",\"position\":4,\"name\":\"Brunnen aus Beton\",\"item\":\"https:\/\/dev.eliassen.nl\/de\/wassereigenschaften\/brunnen-aus-beton\/\"},{\"@type\":\"ListItem\",\"position\":5,\"name\":\"Brunnen Classic Milan mit 8 Seiten 195cm\"}]},{\"@type\":\"WebSite\",\"@id\":\"https:\/\/dev.eliassen.nl\/de\/#website\",\"url\":\"https:\/\/dev.eliassen.nl\/de\/\",\"name\":\"Eliassen Home & Garden Pleasure\",\"description\":\"\",\"publisher\":{\"@id\":\"https:\/\/dev.eliassen.nl\/de\/#organization\"},\"alternateName\":\"Eliassen.nl\",\"potentialAction\":[{\"@type\":\"SearchAction\",\"target\":{\"@type\":\"EntryPoint\",\"urlTemplate\":\"https:\/\/dev.eliassen.nl\/de\/?s={search_term_string}\"},\"query-input\":{\"@type\":\"PropertyValueSpecification\",\"valueRequired\":true,\"valueName\":\"search_term_string\"}}],\"inLanguage\":\"de\"},{\"@type\":\"Organization\",\"@id\":\"https:\/\/dev.eliassen.nl\/de\/#organization\",\"name\":\"Eliassen Home & Garden Pleasure\",\"url\":\"https:\/\/dev.eliassen.nl\/de\/\",\"logo\":{\"@type\":\"ImageObject\",\"inLanguage\":\"de\",\"@id\":\"https:\/\/dev.eliassen.nl\/de\/#\/schema\/logo\/image\/\",\"url\":\"https:\/\/www.eliassen.nl\/wp-content\/uploads\/2024\/01\/logo_4nd.jpg\",\"contentUrl\":\"https:\/\/www.eliassen.nl\/wp-content\/uploads\/2024\/01\/logo_4nd.jpg\",\"width\":500,\"height\":500,\"caption\":\"Eliassen Home & Garden Pleasure\"},\"image\":{\"@id\":\"https:\/\/dev.eliassen.nl\/de\/#\/schema\/logo\/image\/\"},\"sameAs\":[\"https:\/\/www.facebook.com\/TuincentrumEliassenAmmerzoden\",\"https:\/\/www.instagram.com\/eliassenhomeandgarden\/\",\"https:\/\/nl.pinterest.com\/eliassenhomeandgarden\/\",\"https:\/\/www.youtube.com\/@eliassenhomegardenpleasure4558\"]}]}<\/script>\n<!-- \/ Yoast SEO plugin. -->","yoast_head_json":{"title":"Fontein klassiek Milaan met 8 kanten 195cm","description":"Klassieke dorpsfonteinen ? Bekijk ze allemaal op onze shop of kom gerust live kijken !!","robots":{"index":"noindex","follow":"follow","max-snippet":"max-snippet:-1","max-image-preview":"max-image-preview:large","max-video-preview":"max-video-preview:-1"},"og_locale":"de_DE","og_type":"article","og_title":"Fontein klassiek Milaan met 8 kanten 195cm","og_description":"Klassieke dorpsfonteinen ? Bekijk ze allemaal op onze shop of kom gerust live kijken !!","og_url":"https:\/\/dev.eliassen.nl\/de\/brunnen-classic-milan-mit-8-seiten-195cm\/","og_site_name":"Eliassen.nl","article_publisher":"https:\/\/www.facebook.com\/TuincentrumEliassenAmmerzoden","article_modified_time":"2024-12-05T15:56:51+00:00","og_image":[{"width":659,"height":800,"url":"https:\/\/dev.eliassen.nl\/wp-content\/uploads\/2024\/01\/fonteinklassiekmilaanmet8kanten195cmelias.jpg","type":"image\/jpeg"}],"twitter_card":"summary_large_image","schema":{"@context":"https:\/\/schema.org","@graph":[{"@type":"WebPage","@id":"https:\/\/dev.eliassen.nl\/de\/brunnen-classic-milan-mit-8-seiten-195cm\/","url":"https:\/\/dev.eliassen.nl\/de\/brunnen-classic-milan-mit-8-seiten-195cm\/","name":"Fontein klassiek Milaan met 8 kanten 195cm","isPartOf":{"@id":"https:\/\/dev.eliassen.nl\/de\/#website"},"primaryImageOfPage":{"@id":"https:\/\/dev.eliassen.nl\/de\/brunnen-classic-milan-mit-8-seiten-195cm\/#primaryimage"},"image":{"@id":"https:\/\/dev.eliassen.nl\/de\/brunnen-classic-milan-mit-8-seiten-195cm\/#primaryimage"},"thumbnailUrl":"https:\/\/dev.eliassen.nl\/wp-content\/uploads\/2024\/01\/fonteinklassiekmilaanmet8kanten195cmelias.jpg","datePublished":"2023-03-09T09:00:23+00:00","dateModified":"2024-12-05T15:56:51+00:00","description":"Klassieke dorpsfonteinen ? Bekijk ze allemaal op onze shop of kom gerust live kijken !!","breadcrumb":{"@id":"https:\/\/dev.eliassen.nl\/de\/brunnen-classic-milan-mit-8-seiten-195cm\/#breadcrumb"},"inLanguage":"de","potentialAction":[{"@type":"ReadAction","target":["https:\/\/dev.eliassen.nl\/de\/brunnen-classic-milan-mit-8-seiten-195cm\/"]}]},{"@type":"ImageObject","inLanguage":"de","@id":"https:\/\/dev.eliassen.nl\/de\/brunnen-classic-milan-mit-8-seiten-195cm\/#primaryimage","url":"https:\/\/dev.eliassen.nl\/wp-content\/uploads\/2024\/01\/fonteinklassiekmilaanmet8kanten195cmelias.jpg","contentUrl":"https:\/\/dev.eliassen.nl\/wp-content\/uploads\/2024\/01\/fonteinklassiekmilaanmet8kanten195cmelias.jpg","width":659,"height":800,"caption":"Fontein klassiek Milaan met 8 kanten 195cm - eliassen.nl"},{"@type":"BreadcrumbList","@id":"https:\/\/dev.eliassen.nl\/de\/brunnen-classic-milan-mit-8-seiten-195cm\/#breadcrumb","itemListElement":[{"@type":"ListItem","position":1,"name":"Home","item":"https:\/\/dev.eliassen.nl\/de\/"},{"@type":"ListItem","position":2,"name":"Shop","item":"https:\/\/dev.eliassen.nl\/nl\/winkel\/"},{"@type":"ListItem","position":3,"name":"Wasserspiele","item":"https:\/\/dev.eliassen.nl\/de\/wassereigenschaften\/"},{"@type":"ListItem","position":4,"name":"Brunnen aus Beton","item":"https:\/\/dev.eliassen.nl\/de\/wassereigenschaften\/brunnen-aus-beton\/"},{"@type":"ListItem","position":5,"name":"Brunnen Classic Milan mit 8 Seiten 195cm"}]},{"@type":"WebSite","@id":"https:\/\/dev.eliassen.nl\/de\/#website","url":"https:\/\/dev.eliassen.nl\/de\/","name":"Eliassen Home & Garden Pleasure","description":"","publisher":{"@id":"https:\/\/dev.eliassen.nl\/de\/#organization"},"alternateName":"Eliassen.nl","potentialAction":[{"@type":"SearchAction","target":{"@type":"EntryPoint","urlTemplate":"https:\/\/dev.eliassen.nl\/de\/?s={search_term_string}"},"query-input":{"@type":"PropertyValueSpecification","valueRequired":true,"valueName":"search_term_string"}}],"inLanguage":"de"},{"@type":"Organization","@id":"https:\/\/dev.eliassen.nl\/de\/#organization","name":"Eliassen Home & Garden Pleasure","url":"https:\/\/dev.eliassen.nl\/de\/","logo":{"@type":"ImageObject","inLanguage":"de","@id":"https:\/\/dev.eliassen.nl\/de\/#\/schema\/logo\/image\/","url":"https:\/\/www.eliassen.nl\/wp-content\/uploads\/2024\/01\/logo_4nd.jpg","contentUrl":"https:\/\/www.eliassen.nl\/wp-content\/uploads\/2024\/01\/logo_4nd.jpg","width":500,"height":500,"caption":"Eliassen Home & Garden Pleasure"},"image":{"@id":"https:\/\/dev.eliassen.nl\/de\/#\/schema\/logo\/image\/"},"sameAs":["https:\/\/www.facebook.com\/TuincentrumEliassenAmmerzoden","https:\/\/www.instagram.com\/eliassenhomeandgarden\/","https:\/\/nl.pinterest.com\/eliassenhomeandgarden\/","https:\/\/www.youtube.com\/@eliassenhomegardenpleasure4558"]}]}},"df_price":1575,"df_sale_price":"","df_regular_price":1575,"df_image_link":"https:\/\/dev.eliassen.nl\/wp-content\/uploads\/2024\/01\/fonteinklassiekmilaanmet8kanten195cmelias.jpg","image":"https:\/\/dev.eliassen.nl\/wp-content\/uploads\/2024\/01\/fonteinklassiekmilaanmet8kanten195cmelias.jpg","price_search":"<span class=\"woocommerce-Price-amount amount\"><bdi><span class=\"woocommerce-Price-currencySymbol\">&euro;<\/span>&nbsp;1.575,00<\/bdi><\/span>","category":"Brunnen aus Beton","_links":{"self":[{"href":"https:\/\/dev.eliassen.nl\/de\/wp-json\/wp\/v2\/product\/140848","targetHints":{"allow":["GET"]}}],"collection":[{"href":"https:\/\/dev.eliassen.nl\/de\/wp-json\/wp\/v2\/product"}],"about":[{"href":"https:\/\/dev.eliassen.nl\/de\/wp-json\/wp\/v2\/types\/product"}],"wp:featuredmedia":[{"embeddable":true,"href":"https:\/\/dev.eliassen.nl\/de\/wp-json\/wp\/v2\/media\/87814"}],"wp:attachment":[{"href":"https:\/\/dev.eliassen.nl\/de\/wp-json\/wp\/v2\/media?parent=140848"}],"wp:term":[{"taxonomy":"product_brand","embeddable":true,"href":"https:\/\/dev.eliassen.nl\/de\/wp-json\/wp\/v2\/product_brand?post=140848"},{"taxonomy":"product_cat","embeddable":true,"href":"https:\/\/dev.eliassen.nl\/de\/wp-json\/wp\/v2\/product_cat?post=140848"},{"taxonomy":"product_tag","embeddable":true,"href":"https:\/\/dev.eliassen.nl\/de\/wp-json\/wp\/v2\/product_tag?post=140848"}],"curies":[{"name":"wp","href":"https:\/\/api.w.org\/{rel}","templated":true}]}}