{"id":140872,"date":"2023-03-09T10:07:34","date_gmt":"2023-03-09T09:07:34","guid":{"rendered":"https:\/\/www.eliassen.nl\/?product=fontein-klassiek-muurfontein-verona-163cm"},"modified":"2024-12-05T16:56:54","modified_gmt":"2024-12-05T15:56:54","slug":"brunnen-klassischer-wandbrunnen-verona-163cm","status":"publish","type":"product","link":"https:\/\/dev.eliassen.nl\/de\/brunnen-klassischer-wandbrunnen-verona-163cm\/","title":{"rendered":"Brunnen klassischer Wandbrunnen Verona 163cm"},"content":{"rendered":"<p>Mit diesem Brunnen k\u00f6nnen Sie eine sch\u00f6ne warme Atmosph\u00e4re in Ihrem Garten oder Unternehmen schaffen, insbesondere wenn es dunkel ist und ein Unterwasserstrahler vorhanden ist, damit der Wasserstrahl und die Wasserversorgung sch\u00f6n beleuchtet werden. Dieser Modellbrunnen ist nach dem Originalmodell des alten Bauern- und Dorfbrunnens gefertigt.<\/p>\n<p>Dieser Wandbrunnen besteht aus massivem Qualit\u00e4tsbeton mit einem sehr hohen Zementanteil, der allen Witterungseinfl\u00fcssen problemlos \u00fcber Jahrzehnte hinweg standh\u00e4lt. Sie haben die M\u00f6glichkeit, diese Skulptur in 3 Farben zu bestellen, in den Farben Sandfarbe, Antikfarbe und Rostfarbe. Die Farben k\u00f6nnen tats\u00e4chlich vom Foto abweichen, da das Ausmalen eine reine Handarbeit ist. Dieses rechteckige Brunnenmodell sorgt jahrzehntelang f\u00fcr die richtige Atmosph\u00e4re in Ihrem Garten! Aufgrund von Witterungseinfl\u00fcssen wird das Erscheinungsbild dieses Brunnens erst nach Jahren durch Witterungseinfl\u00fcsse sch\u00f6ner, wie zum Beispiel bei einem echten Sandstein- oder Hartsteinbrunnen. Die genannten Preise verstehen sich zuz\u00fcglich Pumpe, Spot und\/oder Transport.<\/p>\n<p>Kommen Sie gerne vorbei, um sich die Farben dieser Bilder anzusehen und zu sehen, wie \u201esch\u00f6n\u201c diese Serie ist. Wir haben eine ansehnliche Sammlung davon auf unserem Ausstellungsgel\u00e4nde.<\/p>\n<p><strong>W\u00e4hlen Sie oben Ihre Wunschfarbe<\/strong><\/p>\n<ul>\n<li>Gr\u00f6\u00dfe: 90x86x163cm hoch<\/li>\n<li>Farbe: Sand, Antik oder Rost<\/li>\n<li>Gesch\u00e4tztes Gewicht: &gt; 400 kg<\/li>\n<li>Hochwertiger Kunststein<\/li>\n<li>Durchschnittliche Lieferzeit: 6 Wochen<\/li>\n<li>Treffen Sie Vorkehrungen gegen Frostsch\u00e4den<\/li>\n<li>Ohne Pumpe und Spot<\/li>\n<\/ul>\n","protected":false},"excerpt":{"rendered":"<p>Dies ist ein separater Brunnen. Erkundigen Sie sich nach den weiteren ben\u00f6tigten Teilen.<\/p>\n","protected":false},"featured_media":87856,"template":"","meta":{"_acf_changed":false},"product_brand":[],"product_cat":[584,572,536],"product_tag":[],"class_list":{"0":"post-140872","1":"product","2":"type-product","3":"status-publish","4":"has-post-thumbnail","6":"product_cat-brunnen-aus-beton","7":"product_cat-wandbrunnen","8":"product_cat-wassereigenschaften","10":"first","11":"onbackorder","12":"taxable","13":"shipping-taxable","14":"purchasable","15":"product-type-variable"},"acf":[],"yoast_head":"<!-- This site is optimized with the Yoast SEO plugin v23.8 - https:\/\/yoast.com\/wordpress\/plugins\/seo\/ -->\n<title>Brunnen klassischer Wandbrunnen Verona 163cm<\/title>\n<meta name=\"description\" content=\"Klassische Wandbrunnen? Sehen Sie sie sich alle in unserem Shop an oder kommen Sie vorbei und schauen Sie live zu!\" \/>\n<meta name=\"robots\" content=\"noindex, follow, max-snippet:-1, max-image-preview:large, max-video-preview:-1\" \/>\n<meta property=\"og:locale\" content=\"de_DE\" \/>\n<meta property=\"og:type\" content=\"article\" \/>\n<meta property=\"og:title\" content=\"Brunnen klassischer Wandbrunnen Verona 163cm\" \/>\n<meta property=\"og:description\" content=\"Klassische Wandbrunnen? Sehen Sie sie sich alle in unserem Shop an oder kommen Sie vorbei und schauen Sie live zu!\" \/>\n<meta property=\"og:url\" content=\"https:\/\/dev.eliassen.nl\/de\/brunnen-klassischer-wandbrunnen-verona-163cm\/\" \/>\n<meta property=\"og:site_name\" content=\"Eliassen.nl\" \/>\n<meta property=\"article:publisher\" content=\"https:\/\/www.facebook.com\/TuincentrumEliassenAmmerzoden\" \/>\n<meta property=\"article:modified_time\" content=\"2024-12-05T15:56:54+00:00\" \/>\n<meta property=\"og:image\" content=\"https:\/\/dev.eliassen.nl\/wp-content\/uploads\/2024\/01\/fonteinklassiekmuurfonteinverona163cmeliass.jpg\" \/>\n\t<meta property=\"og:image:width\" content=\"567\" \/>\n\t<meta property=\"og:image:height\" content=\"800\" \/>\n\t<meta property=\"og:image:type\" content=\"image\/jpeg\" \/>\n<meta name=\"twitter:card\" content=\"summary_large_image\" \/>\n<script type=\"application\/ld+json\" class=\"yoast-schema-graph\">{\"@context\":\"https:\/\/schema.org\",\"@graph\":[{\"@type\":\"WebPage\",\"@id\":\"https:\/\/dev.eliassen.nl\/de\/brunnen-klassischer-wandbrunnen-verona-163cm\/\",\"url\":\"https:\/\/dev.eliassen.nl\/de\/brunnen-klassischer-wandbrunnen-verona-163cm\/\",\"name\":\"Brunnen klassischer Wandbrunnen Verona 163cm\",\"isPartOf\":{\"@id\":\"https:\/\/dev.eliassen.nl\/de\/#website\"},\"primaryImageOfPage\":{\"@id\":\"https:\/\/dev.eliassen.nl\/de\/brunnen-klassischer-wandbrunnen-verona-163cm\/#primaryimage\"},\"image\":{\"@id\":\"https:\/\/dev.eliassen.nl\/de\/brunnen-klassischer-wandbrunnen-verona-163cm\/#primaryimage\"},\"thumbnailUrl\":\"https:\/\/dev.eliassen.nl\/wp-content\/uploads\/2024\/01\/fonteinklassiekmuurfonteinverona163cmeliass.jpg\",\"datePublished\":\"2023-03-09T09:07:34+00:00\",\"dateModified\":\"2024-12-05T15:56:54+00:00\",\"description\":\"Klassische Wandbrunnen? Sehen Sie sie sich alle in unserem Shop an oder kommen Sie vorbei und schauen Sie live zu!\",\"breadcrumb\":{\"@id\":\"https:\/\/dev.eliassen.nl\/de\/brunnen-klassischer-wandbrunnen-verona-163cm\/#breadcrumb\"},\"inLanguage\":\"de\",\"potentialAction\":[{\"@type\":\"ReadAction\",\"target\":[\"https:\/\/dev.eliassen.nl\/de\/brunnen-klassischer-wandbrunnen-verona-163cm\/\"]}]},{\"@type\":\"ImageObject\",\"inLanguage\":\"de\",\"@id\":\"https:\/\/dev.eliassen.nl\/de\/brunnen-klassischer-wandbrunnen-verona-163cm\/#primaryimage\",\"url\":\"https:\/\/dev.eliassen.nl\/wp-content\/uploads\/2024\/01\/fonteinklassiekmuurfonteinverona163cmeliass.jpg\",\"contentUrl\":\"https:\/\/dev.eliassen.nl\/wp-content\/uploads\/2024\/01\/fonteinklassiekmuurfonteinverona163cmeliass.jpg\",\"width\":567,\"height\":800,\"caption\":\"Fontein klassiek Muurfontein Verona 163cm - eliassen.nl\"},{\"@type\":\"BreadcrumbList\",\"@id\":\"https:\/\/dev.eliassen.nl\/de\/brunnen-klassischer-wandbrunnen-verona-163cm\/#breadcrumb\",\"itemListElement\":[{\"@type\":\"ListItem\",\"position\":1,\"name\":\"Home\",\"item\":\"https:\/\/dev.eliassen.nl\/de\/\"},{\"@type\":\"ListItem\",\"position\":2,\"name\":\"Shop\",\"item\":\"https:\/\/dev.eliassen.nl\/nl\/winkel\/\"},{\"@type\":\"ListItem\",\"position\":3,\"name\":\"Wasserspiele\",\"item\":\"https:\/\/dev.eliassen.nl\/de\/wassereigenschaften\/\"},{\"@type\":\"ListItem\",\"position\":4,\"name\":\"Brunnen aus Beton\",\"item\":\"https:\/\/dev.eliassen.nl\/de\/wassereigenschaften\/brunnen-aus-beton\/\"},{\"@type\":\"ListItem\",\"position\":5,\"name\":\"Brunnen klassischer Wandbrunnen Verona 163cm\"}]},{\"@type\":\"WebSite\",\"@id\":\"https:\/\/dev.eliassen.nl\/de\/#website\",\"url\":\"https:\/\/dev.eliassen.nl\/de\/\",\"name\":\"Eliassen Home & Garden Pleasure\",\"description\":\"\",\"publisher\":{\"@id\":\"https:\/\/dev.eliassen.nl\/de\/#organization\"},\"alternateName\":\"Eliassen.nl\",\"potentialAction\":[{\"@type\":\"SearchAction\",\"target\":{\"@type\":\"EntryPoint\",\"urlTemplate\":\"https:\/\/dev.eliassen.nl\/de\/?s={search_term_string}\"},\"query-input\":{\"@type\":\"PropertyValueSpecification\",\"valueRequired\":true,\"valueName\":\"search_term_string\"}}],\"inLanguage\":\"de\"},{\"@type\":\"Organization\",\"@id\":\"https:\/\/dev.eliassen.nl\/de\/#organization\",\"name\":\"Eliassen Home & Garden Pleasure\",\"url\":\"https:\/\/dev.eliassen.nl\/de\/\",\"logo\":{\"@type\":\"ImageObject\",\"inLanguage\":\"de\",\"@id\":\"https:\/\/dev.eliassen.nl\/de\/#\/schema\/logo\/image\/\",\"url\":\"https:\/\/www.eliassen.nl\/wp-content\/uploads\/2024\/01\/logo_4nd.jpg\",\"contentUrl\":\"https:\/\/www.eliassen.nl\/wp-content\/uploads\/2024\/01\/logo_4nd.jpg\",\"width\":500,\"height\":500,\"caption\":\"Eliassen Home & Garden Pleasure\"},\"image\":{\"@id\":\"https:\/\/dev.eliassen.nl\/de\/#\/schema\/logo\/image\/\"},\"sameAs\":[\"https:\/\/www.facebook.com\/TuincentrumEliassenAmmerzoden\",\"https:\/\/www.instagram.com\/eliassenhomeandgarden\/\",\"https:\/\/nl.pinterest.com\/eliassenhomeandgarden\/\",\"https:\/\/www.youtube.com\/@eliassenhomegardenpleasure4558\"]}]}<\/script>\n<!-- \/ Yoast SEO plugin. -->","yoast_head_json":{"title":"Brunnen klassischer Wandbrunnen Verona 163cm","description":"Klassische Wandbrunnen? Sehen Sie sie sich alle in unserem Shop an oder kommen Sie vorbei und schauen Sie live zu!","robots":{"index":"noindex","follow":"follow","max-snippet":"max-snippet:-1","max-image-preview":"max-image-preview:large","max-video-preview":"max-video-preview:-1"},"og_locale":"de_DE","og_type":"article","og_title":"Brunnen klassischer Wandbrunnen Verona 163cm","og_description":"Klassische Wandbrunnen? Sehen Sie sie sich alle in unserem Shop an oder kommen Sie vorbei und schauen Sie live zu!","og_url":"https:\/\/dev.eliassen.nl\/de\/brunnen-klassischer-wandbrunnen-verona-163cm\/","og_site_name":"Eliassen.nl","article_publisher":"https:\/\/www.facebook.com\/TuincentrumEliassenAmmerzoden","article_modified_time":"2024-12-05T15:56:54+00:00","og_image":[{"width":567,"height":800,"url":"https:\/\/dev.eliassen.nl\/wp-content\/uploads\/2024\/01\/fonteinklassiekmuurfonteinverona163cmeliass.jpg","type":"image\/jpeg"}],"twitter_card":"summary_large_image","schema":{"@context":"https:\/\/schema.org","@graph":[{"@type":"WebPage","@id":"https:\/\/dev.eliassen.nl\/de\/brunnen-klassischer-wandbrunnen-verona-163cm\/","url":"https:\/\/dev.eliassen.nl\/de\/brunnen-klassischer-wandbrunnen-verona-163cm\/","name":"Brunnen klassischer Wandbrunnen Verona 163cm","isPartOf":{"@id":"https:\/\/dev.eliassen.nl\/de\/#website"},"primaryImageOfPage":{"@id":"https:\/\/dev.eliassen.nl\/de\/brunnen-klassischer-wandbrunnen-verona-163cm\/#primaryimage"},"image":{"@id":"https:\/\/dev.eliassen.nl\/de\/brunnen-klassischer-wandbrunnen-verona-163cm\/#primaryimage"},"thumbnailUrl":"https:\/\/dev.eliassen.nl\/wp-content\/uploads\/2024\/01\/fonteinklassiekmuurfonteinverona163cmeliass.jpg","datePublished":"2023-03-09T09:07:34+00:00","dateModified":"2024-12-05T15:56:54+00:00","description":"Klassische Wandbrunnen? Sehen Sie sie sich alle in unserem Shop an oder kommen Sie vorbei und schauen Sie live zu!","breadcrumb":{"@id":"https:\/\/dev.eliassen.nl\/de\/brunnen-klassischer-wandbrunnen-verona-163cm\/#breadcrumb"},"inLanguage":"de","potentialAction":[{"@type":"ReadAction","target":["https:\/\/dev.eliassen.nl\/de\/brunnen-klassischer-wandbrunnen-verona-163cm\/"]}]},{"@type":"ImageObject","inLanguage":"de","@id":"https:\/\/dev.eliassen.nl\/de\/brunnen-klassischer-wandbrunnen-verona-163cm\/#primaryimage","url":"https:\/\/dev.eliassen.nl\/wp-content\/uploads\/2024\/01\/fonteinklassiekmuurfonteinverona163cmeliass.jpg","contentUrl":"https:\/\/dev.eliassen.nl\/wp-content\/uploads\/2024\/01\/fonteinklassiekmuurfonteinverona163cmeliass.jpg","width":567,"height":800,"caption":"Fontein klassiek Muurfontein Verona 163cm - eliassen.nl"},{"@type":"BreadcrumbList","@id":"https:\/\/dev.eliassen.nl\/de\/brunnen-klassischer-wandbrunnen-verona-163cm\/#breadcrumb","itemListElement":[{"@type":"ListItem","position":1,"name":"Home","item":"https:\/\/dev.eliassen.nl\/de\/"},{"@type":"ListItem","position":2,"name":"Shop","item":"https:\/\/dev.eliassen.nl\/nl\/winkel\/"},{"@type":"ListItem","position":3,"name":"Wasserspiele","item":"https:\/\/dev.eliassen.nl\/de\/wassereigenschaften\/"},{"@type":"ListItem","position":4,"name":"Brunnen aus Beton","item":"https:\/\/dev.eliassen.nl\/de\/wassereigenschaften\/brunnen-aus-beton\/"},{"@type":"ListItem","position":5,"name":"Brunnen klassischer Wandbrunnen Verona 163cm"}]},{"@type":"WebSite","@id":"https:\/\/dev.eliassen.nl\/de\/#website","url":"https:\/\/dev.eliassen.nl\/de\/","name":"Eliassen Home & Garden Pleasure","description":"","publisher":{"@id":"https:\/\/dev.eliassen.nl\/de\/#organization"},"alternateName":"Eliassen.nl","potentialAction":[{"@type":"SearchAction","target":{"@type":"EntryPoint","urlTemplate":"https:\/\/dev.eliassen.nl\/de\/?s={search_term_string}"},"query-input":{"@type":"PropertyValueSpecification","valueRequired":true,"valueName":"search_term_string"}}],"inLanguage":"de"},{"@type":"Organization","@id":"https:\/\/dev.eliassen.nl\/de\/#organization","name":"Eliassen Home & Garden Pleasure","url":"https:\/\/dev.eliassen.nl\/de\/","logo":{"@type":"ImageObject","inLanguage":"de","@id":"https:\/\/dev.eliassen.nl\/de\/#\/schema\/logo\/image\/","url":"https:\/\/www.eliassen.nl\/wp-content\/uploads\/2024\/01\/logo_4nd.jpg","contentUrl":"https:\/\/www.eliassen.nl\/wp-content\/uploads\/2024\/01\/logo_4nd.jpg","width":500,"height":500,"caption":"Eliassen Home & Garden Pleasure"},"image":{"@id":"https:\/\/dev.eliassen.nl\/de\/#\/schema\/logo\/image\/"},"sameAs":["https:\/\/www.facebook.com\/TuincentrumEliassenAmmerzoden","https:\/\/www.instagram.com\/eliassenhomeandgarden\/","https:\/\/nl.pinterest.com\/eliassenhomeandgarden\/","https:\/\/www.youtube.com\/@eliassenhomegardenpleasure4558"]}]}},"df_price":1000,"df_sale_price":"","df_regular_price":1000,"df_image_link":"https:\/\/dev.eliassen.nl\/wp-content\/uploads\/2024\/01\/fonteinklassiekmuurfonteinverona163cmeliass.jpg","image":"https:\/\/dev.eliassen.nl\/wp-content\/uploads\/2024\/01\/fonteinklassiekmuurfonteinverona163cmeliass.jpg","price_search":"<span class=\"woocommerce-Price-amount amount\"><bdi><span class=\"woocommerce-Price-currencySymbol\">&euro;<\/span>&nbsp;1.000,00<\/bdi><\/span>","category":"Brunnen aus Beton","_links":{"self":[{"href":"https:\/\/dev.eliassen.nl\/de\/wp-json\/wp\/v2\/product\/140872","targetHints":{"allow":["GET"]}}],"collection":[{"href":"https:\/\/dev.eliassen.nl\/de\/wp-json\/wp\/v2\/product"}],"about":[{"href":"https:\/\/dev.eliassen.nl\/de\/wp-json\/wp\/v2\/types\/product"}],"wp:featuredmedia":[{"embeddable":true,"href":"https:\/\/dev.eliassen.nl\/de\/wp-json\/wp\/v2\/media\/87856"}],"wp:attachment":[{"href":"https:\/\/dev.eliassen.nl\/de\/wp-json\/wp\/v2\/media?parent=140872"}],"wp:term":[{"taxonomy":"product_brand","embeddable":true,"href":"https:\/\/dev.eliassen.nl\/de\/wp-json\/wp\/v2\/product_brand?post=140872"},{"taxonomy":"product_cat","embeddable":true,"href":"https:\/\/dev.eliassen.nl\/de\/wp-json\/wp\/v2\/product_cat?post=140872"},{"taxonomy":"product_tag","embeddable":true,"href":"https:\/\/dev.eliassen.nl\/de\/wp-json\/wp\/v2\/product_tag?post=140872"}],"curies":[{"name":"wp","href":"https:\/\/api.w.org\/{rel}","templated":true}]}}