{"id":140920,"date":"2023-05-24T11:31:49","date_gmt":"2023-05-24T09:31:49","guid":{"rendered":"https:\/\/www.eliassen.nl\/?product=waterzuilen-sonja-graniet-los-in-3-maten"},"modified":"2024-12-05T16:57:03","modified_gmt":"2024-12-05T15:57:03","slug":"wassersaule-sonja-basalt-in-3-grossen","status":"publish","type":"product","link":"https:\/\/dev.eliassen.nl\/de\/wassersaule-sonja-basalt-in-3-grossen\/","title":{"rendered":"Wassers\u00e4ule Sonja Basalt in 3 Gr\u00f6\u00dfen"},"content":{"rendered":"<p><strong>Dies ist ein separates Ornament. Bitte erkundigen Sie sich nach weiteren ben\u00f6tigten Teilen.<\/strong><\/p>\n<p>Wassers\u00e4ulen aus Basaltstein, mit polierter Spitze. In den S\u00e4ulen kann eine LED-Leuchte platziert werden, noch sch\u00f6ner ist es jedoch, sie mit einem Strahler zu beleuchten. Diese S\u00e4ulen kommen in der Natur vor und k\u00f6nnen daher in Dicke und Farbe unterschiedlich sein. Wirklich ein Set f\u00fcr den Liebhaber nat\u00fcrlicher Looks. Wenn die S\u00e4ulen nass sind, sehen sie etwas dunkler aus (siehe Foto).<\/p>\n<p>Die S\u00e4ulen haben eine H\u00f6he von 60, 80 oder 100 cm.<em>\u00a0<\/em><\/p>\n<p>Diese Kolumnen bieten das Beste aus beiden Welten. Auf der Oberseite und an zwei Seiten poliert und auf den anderen beiden Seiten wurde das urspr\u00fcngliche Aussehen beibehalten. Suchen Sie ein nat\u00fcrliches Wasserspiel oder einen Brunnen? Diese gedrehten Wassers\u00e4ulen aus Basaltstein sind ein echtes Naturprodukt, das die Sch\u00f6nheit des Steins unber\u00fchrt l\u00e4sst.<\/p>\n<ul>\n<li>Exklusives Naturprodukt<\/li>\n<li>Dicke ca. 20 cm pro S\u00e4ule<\/li>\n<li>H\u00f6he 60, 80 bzw. 100 cm<\/li>\n<li>Erh\u00e4ltlich aus eigenem Lagerbestand<\/li>\n<li>Dies ist ein separates Ornament, bitte erkundigen Sie sich nach weiteren Lieferungen.<\/li>\n<li><strong>W\u00c4HLEN SIE OBEN IHRE GEW\u00dcNSCHTE GR\u00d6SSE<\/strong><\/li>\n<\/ul>\n","protected":false},"excerpt":{"rendered":"<p>Dies ist ein separates Ornament. Bitte erkundigen Sie sich nach weiteren ben\u00f6tigten Teilen.<\/p>\n","protected":false},"featured_media":90049,"template":"","meta":{"_acf_changed":false},"product_brand":[],"product_cat":[539,551,536],"product_tag":[],"class_list":{"0":"post-140920","1":"product","2":"type-product","3":"status-publish","4":"has-post-thumbnail","6":"product_cat-einzigartige-eigene-modelle-von-losen-wasserspiele","7":"product_cat-lose-wasserspiele","8":"product_cat-wassereigenschaften","10":"first","11":"instock","12":"taxable","13":"shipping-taxable","14":"purchasable","15":"product-type-variable"},"acf":[],"yoast_head":"<!-- This site is optimized with the Yoast SEO plugin v23.8 - https:\/\/yoast.com\/wordpress\/plugins\/seo\/ -->\n<title>Wassers\u00e4ulen Sonja Granit lose in 3 Gr\u00f6\u00dfen<\/title>\n<meta name=\"description\" content=\"Basalt-Wassers\u00e4ulen-Set, die sch\u00f6nsten und g\u00fcnstigsten finden Sie bei uns!!\" \/>\n<meta name=\"robots\" content=\"noindex, follow, max-snippet:-1, max-image-preview:large, max-video-preview:-1\" \/>\n<meta property=\"og:locale\" content=\"de_DE\" \/>\n<meta property=\"og:type\" content=\"article\" \/>\n<meta property=\"og:title\" content=\"Wassers\u00e4ulen Sonja Granit lose in 3 Gr\u00f6\u00dfen\" \/>\n<meta property=\"og:description\" content=\"Basalt-Wassers\u00e4ulen-Set, die sch\u00f6nsten und g\u00fcnstigsten finden Sie bei uns!!\" \/>\n<meta property=\"og:url\" content=\"https:\/\/dev.eliassen.nl\/de\/wassersaule-sonja-basalt-in-3-grossen\/\" \/>\n<meta property=\"og:site_name\" content=\"Eliassen.nl\" \/>\n<meta property=\"article:publisher\" content=\"https:\/\/www.facebook.com\/TuincentrumEliassenAmmerzoden\" \/>\n<meta property=\"article:modified_time\" content=\"2024-12-05T15:57:03+00:00\" \/>\n<meta property=\"og:image\" content=\"https:\/\/dev.eliassen.nl\/wp-content\/uploads\/2024\/01\/waterzuilensonjaeliassen.png\" \/>\n\t<meta property=\"og:image:width\" content=\"874\" \/>\n\t<meta property=\"og:image:height\" content=\"1409\" \/>\n\t<meta property=\"og:image:type\" content=\"image\/png\" \/>\n<meta name=\"twitter:card\" content=\"summary_large_image\" \/>\n<script type=\"application\/ld+json\" class=\"yoast-schema-graph\">{\"@context\":\"https:\/\/schema.org\",\"@graph\":[{\"@type\":\"WebPage\",\"@id\":\"https:\/\/dev.eliassen.nl\/de\/wassersaule-sonja-basalt-in-3-grossen\/\",\"url\":\"https:\/\/dev.eliassen.nl\/de\/wassersaule-sonja-basalt-in-3-grossen\/\",\"name\":\"Wassers\u00e4ulen Sonja Granit lose in 3 Gr\u00f6\u00dfen\",\"isPartOf\":{\"@id\":\"https:\/\/dev.eliassen.nl\/de\/#website\"},\"primaryImageOfPage\":{\"@id\":\"https:\/\/dev.eliassen.nl\/de\/wassersaule-sonja-basalt-in-3-grossen\/#primaryimage\"},\"image\":{\"@id\":\"https:\/\/dev.eliassen.nl\/de\/wassersaule-sonja-basalt-in-3-grossen\/#primaryimage\"},\"thumbnailUrl\":\"https:\/\/dev.eliassen.nl\/wp-content\/uploads\/2024\/01\/waterzuilensonjaeliassen.png\",\"datePublished\":\"2023-05-24T09:31:49+00:00\",\"dateModified\":\"2024-12-05T15:57:03+00:00\",\"description\":\"Basalt-Wassers\u00e4ulen-Set, die sch\u00f6nsten und g\u00fcnstigsten finden Sie bei uns!!\",\"breadcrumb\":{\"@id\":\"https:\/\/dev.eliassen.nl\/de\/wassersaule-sonja-basalt-in-3-grossen\/#breadcrumb\"},\"inLanguage\":\"de\",\"potentialAction\":[{\"@type\":\"ReadAction\",\"target\":[\"https:\/\/dev.eliassen.nl\/de\/wassersaule-sonja-basalt-in-3-grossen\/\"]}]},{\"@type\":\"ImageObject\",\"inLanguage\":\"de\",\"@id\":\"https:\/\/dev.eliassen.nl\/de\/wassersaule-sonja-basalt-in-3-grossen\/#primaryimage\",\"url\":\"https:\/\/dev.eliassen.nl\/wp-content\/uploads\/2024\/01\/waterzuilensonjaeliassen.png\",\"contentUrl\":\"https:\/\/dev.eliassen.nl\/wp-content\/uploads\/2024\/01\/waterzuilensonjaeliassen.png\",\"width\":874,\"height\":1409,\"caption\":\"waterzuilen sonja eliassen\"},{\"@type\":\"BreadcrumbList\",\"@id\":\"https:\/\/dev.eliassen.nl\/de\/wassersaule-sonja-basalt-in-3-grossen\/#breadcrumb\",\"itemListElement\":[{\"@type\":\"ListItem\",\"position\":1,\"name\":\"Home\",\"item\":\"https:\/\/dev.eliassen.nl\/de\/\"},{\"@type\":\"ListItem\",\"position\":2,\"name\":\"Shop\",\"item\":\"https:\/\/dev.eliassen.nl\/nl\/winkel\/\"},{\"@type\":\"ListItem\",\"position\":3,\"name\":\"Wasserspiele\",\"item\":\"https:\/\/dev.eliassen.nl\/de\/wassereigenschaften\/\"},{\"@type\":\"ListItem\",\"position\":4,\"name\":\"Einzigartige eigene Modelle von losen Wasserspielen\",\"item\":\"https:\/\/dev.eliassen.nl\/de\/wassereigenschaften\/einzigartige-eigene-modelle-von-losen-wasserspiele\/\"},{\"@type\":\"ListItem\",\"position\":5,\"name\":\"Wassers\u00e4ule Sonja Basalt in 3 Gr\u00f6\u00dfen\"}]},{\"@type\":\"WebSite\",\"@id\":\"https:\/\/dev.eliassen.nl\/de\/#website\",\"url\":\"https:\/\/dev.eliassen.nl\/de\/\",\"name\":\"Eliassen Home & Garden Pleasure\",\"description\":\"\",\"publisher\":{\"@id\":\"https:\/\/dev.eliassen.nl\/de\/#organization\"},\"alternateName\":\"Eliassen.nl\",\"potentialAction\":[{\"@type\":\"SearchAction\",\"target\":{\"@type\":\"EntryPoint\",\"urlTemplate\":\"https:\/\/dev.eliassen.nl\/de\/?s={search_term_string}\"},\"query-input\":{\"@type\":\"PropertyValueSpecification\",\"valueRequired\":true,\"valueName\":\"search_term_string\"}}],\"inLanguage\":\"de\"},{\"@type\":\"Organization\",\"@id\":\"https:\/\/dev.eliassen.nl\/de\/#organization\",\"name\":\"Eliassen Home & Garden Pleasure\",\"url\":\"https:\/\/dev.eliassen.nl\/de\/\",\"logo\":{\"@type\":\"ImageObject\",\"inLanguage\":\"de\",\"@id\":\"https:\/\/dev.eliassen.nl\/de\/#\/schema\/logo\/image\/\",\"url\":\"https:\/\/www.eliassen.nl\/wp-content\/uploads\/2024\/01\/logo_4nd.jpg\",\"contentUrl\":\"https:\/\/www.eliassen.nl\/wp-content\/uploads\/2024\/01\/logo_4nd.jpg\",\"width\":500,\"height\":500,\"caption\":\"Eliassen Home & Garden Pleasure\"},\"image\":{\"@id\":\"https:\/\/dev.eliassen.nl\/de\/#\/schema\/logo\/image\/\"},\"sameAs\":[\"https:\/\/www.facebook.com\/TuincentrumEliassenAmmerzoden\",\"https:\/\/www.instagram.com\/eliassenhomeandgarden\/\",\"https:\/\/nl.pinterest.com\/eliassenhomeandgarden\/\",\"https:\/\/www.youtube.com\/@eliassenhomegardenpleasure4558\"]}]}<\/script>\n<!-- \/ Yoast SEO plugin. -->","yoast_head_json":{"title":"Wassers\u00e4ulen Sonja Granit lose in 3 Gr\u00f6\u00dfen","description":"Basalt-Wassers\u00e4ulen-Set, die sch\u00f6nsten und g\u00fcnstigsten finden Sie bei uns!!","robots":{"index":"noindex","follow":"follow","max-snippet":"max-snippet:-1","max-image-preview":"max-image-preview:large","max-video-preview":"max-video-preview:-1"},"og_locale":"de_DE","og_type":"article","og_title":"Wassers\u00e4ulen Sonja Granit lose in 3 Gr\u00f6\u00dfen","og_description":"Basalt-Wassers\u00e4ulen-Set, die sch\u00f6nsten und g\u00fcnstigsten finden Sie bei uns!!","og_url":"https:\/\/dev.eliassen.nl\/de\/wassersaule-sonja-basalt-in-3-grossen\/","og_site_name":"Eliassen.nl","article_publisher":"https:\/\/www.facebook.com\/TuincentrumEliassenAmmerzoden","article_modified_time":"2024-12-05T15:57:03+00:00","og_image":[{"width":874,"height":1409,"url":"https:\/\/dev.eliassen.nl\/wp-content\/uploads\/2024\/01\/waterzuilensonjaeliassen.png","type":"image\/png"}],"twitter_card":"summary_large_image","schema":{"@context":"https:\/\/schema.org","@graph":[{"@type":"WebPage","@id":"https:\/\/dev.eliassen.nl\/de\/wassersaule-sonja-basalt-in-3-grossen\/","url":"https:\/\/dev.eliassen.nl\/de\/wassersaule-sonja-basalt-in-3-grossen\/","name":"Wassers\u00e4ulen Sonja Granit lose in 3 Gr\u00f6\u00dfen","isPartOf":{"@id":"https:\/\/dev.eliassen.nl\/de\/#website"},"primaryImageOfPage":{"@id":"https:\/\/dev.eliassen.nl\/de\/wassersaule-sonja-basalt-in-3-grossen\/#primaryimage"},"image":{"@id":"https:\/\/dev.eliassen.nl\/de\/wassersaule-sonja-basalt-in-3-grossen\/#primaryimage"},"thumbnailUrl":"https:\/\/dev.eliassen.nl\/wp-content\/uploads\/2024\/01\/waterzuilensonjaeliassen.png","datePublished":"2023-05-24T09:31:49+00:00","dateModified":"2024-12-05T15:57:03+00:00","description":"Basalt-Wassers\u00e4ulen-Set, die sch\u00f6nsten und g\u00fcnstigsten finden Sie bei uns!!","breadcrumb":{"@id":"https:\/\/dev.eliassen.nl\/de\/wassersaule-sonja-basalt-in-3-grossen\/#breadcrumb"},"inLanguage":"de","potentialAction":[{"@type":"ReadAction","target":["https:\/\/dev.eliassen.nl\/de\/wassersaule-sonja-basalt-in-3-grossen\/"]}]},{"@type":"ImageObject","inLanguage":"de","@id":"https:\/\/dev.eliassen.nl\/de\/wassersaule-sonja-basalt-in-3-grossen\/#primaryimage","url":"https:\/\/dev.eliassen.nl\/wp-content\/uploads\/2024\/01\/waterzuilensonjaeliassen.png","contentUrl":"https:\/\/dev.eliassen.nl\/wp-content\/uploads\/2024\/01\/waterzuilensonjaeliassen.png","width":874,"height":1409,"caption":"waterzuilen sonja eliassen"},{"@type":"BreadcrumbList","@id":"https:\/\/dev.eliassen.nl\/de\/wassersaule-sonja-basalt-in-3-grossen\/#breadcrumb","itemListElement":[{"@type":"ListItem","position":1,"name":"Home","item":"https:\/\/dev.eliassen.nl\/de\/"},{"@type":"ListItem","position":2,"name":"Shop","item":"https:\/\/dev.eliassen.nl\/nl\/winkel\/"},{"@type":"ListItem","position":3,"name":"Wasserspiele","item":"https:\/\/dev.eliassen.nl\/de\/wassereigenschaften\/"},{"@type":"ListItem","position":4,"name":"Einzigartige eigene Modelle von losen Wasserspielen","item":"https:\/\/dev.eliassen.nl\/de\/wassereigenschaften\/einzigartige-eigene-modelle-von-losen-wasserspiele\/"},{"@type":"ListItem","position":5,"name":"Wassers\u00e4ule Sonja Basalt in 3 Gr\u00f6\u00dfen"}]},{"@type":"WebSite","@id":"https:\/\/dev.eliassen.nl\/de\/#website","url":"https:\/\/dev.eliassen.nl\/de\/","name":"Eliassen Home & Garden Pleasure","description":"","publisher":{"@id":"https:\/\/dev.eliassen.nl\/de\/#organization"},"alternateName":"Eliassen.nl","potentialAction":[{"@type":"SearchAction","target":{"@type":"EntryPoint","urlTemplate":"https:\/\/dev.eliassen.nl\/de\/?s={search_term_string}"},"query-input":{"@type":"PropertyValueSpecification","valueRequired":true,"valueName":"search_term_string"}}],"inLanguage":"de"},{"@type":"Organization","@id":"https:\/\/dev.eliassen.nl\/de\/#organization","name":"Eliassen Home & Garden Pleasure","url":"https:\/\/dev.eliassen.nl\/de\/","logo":{"@type":"ImageObject","inLanguage":"de","@id":"https:\/\/dev.eliassen.nl\/de\/#\/schema\/logo\/image\/","url":"https:\/\/www.eliassen.nl\/wp-content\/uploads\/2024\/01\/logo_4nd.jpg","contentUrl":"https:\/\/www.eliassen.nl\/wp-content\/uploads\/2024\/01\/logo_4nd.jpg","width":500,"height":500,"caption":"Eliassen Home & Garden Pleasure"},"image":{"@id":"https:\/\/dev.eliassen.nl\/de\/#\/schema\/logo\/image\/"},"sameAs":["https:\/\/www.facebook.com\/TuincentrumEliassenAmmerzoden","https:\/\/www.instagram.com\/eliassenhomeandgarden\/","https:\/\/nl.pinterest.com\/eliassenhomeandgarden\/","https:\/\/www.youtube.com\/@eliassenhomegardenpleasure4558"]}]}},"df_price":249,"df_sale_price":"","df_regular_price":249,"df_image_link":"https:\/\/dev.eliassen.nl\/wp-content\/uploads\/2024\/01\/waterzuilensonjaeliassen.png","image":"https:\/\/dev.eliassen.nl\/wp-content\/uploads\/2024\/01\/waterzuilensonjaeliassen.png","price_search":"<span class=\"woocommerce-Price-amount amount\"><bdi><span class=\"woocommerce-Price-currencySymbol\">&euro;<\/span>&nbsp;249,00<\/bdi><\/span>","category":"Einzigartige eigene Modelle von losen Wasserspielen","_links":{"self":[{"href":"https:\/\/dev.eliassen.nl\/de\/wp-json\/wp\/v2\/product\/140920","targetHints":{"allow":["GET"]}}],"collection":[{"href":"https:\/\/dev.eliassen.nl\/de\/wp-json\/wp\/v2\/product"}],"about":[{"href":"https:\/\/dev.eliassen.nl\/de\/wp-json\/wp\/v2\/types\/product"}],"wp:featuredmedia":[{"embeddable":true,"href":"https:\/\/dev.eliassen.nl\/de\/wp-json\/wp\/v2\/media\/90049"}],"wp:attachment":[{"href":"https:\/\/dev.eliassen.nl\/de\/wp-json\/wp\/v2\/media?parent=140920"}],"wp:term":[{"taxonomy":"product_brand","embeddable":true,"href":"https:\/\/dev.eliassen.nl\/de\/wp-json\/wp\/v2\/product_brand?post=140920"},{"taxonomy":"product_cat","embeddable":true,"href":"https:\/\/dev.eliassen.nl\/de\/wp-json\/wp\/v2\/product_cat?post=140920"},{"taxonomy":"product_tag","embeddable":true,"href":"https:\/\/dev.eliassen.nl\/de\/wp-json\/wp\/v2\/product_tag?post=140920"}],"curies":[{"name":"wp","href":"https:\/\/api.w.org\/{rel}","templated":true}]}}