{"id":140998,"date":"2023-07-03T11:20:29","date_gmt":"2023-07-03T09:20:29","guid":{"rendered":"https:\/\/www.eliassen.nl\/?product=fotolijst-barok-rozen-goud-in-3-maten"},"modified":"2024-12-05T16:57:17","modified_gmt":"2024-12-05T15:57:17","slug":"fotorahmen-barock-klassisch-rosegold-in-3-verschiedenen-grossen","status":"publish","type":"product","link":"https:\/\/dev.eliassen.nl\/de\/fotorahmen-barock-klassisch-rosegold-in-3-verschiedenen-grossen\/","title":{"rendered":"Fotorahmen Barock klassisch Ros\u00e9gold in 3 verschiedenen Gr\u00f6\u00dfen"},"content":{"rendered":"<p>Ein Foto Ihrer Liebsten oder Liebsten auf einem Schrank. Jeder kennt es, aber mit einem sch\u00f6nen Rahmen drumherum.<\/p>\n<p>Wir haben eine wundersch\u00f6ne Sammlung klassischer Bilderrahmen im Barock-Design in verschiedenen Fotogr\u00f6\u00dfen. Alles sorgf\u00e4ltig verarbeitet, jeweils mit Glas und einer sauber verarbeiteten R\u00fcckseite. Dieser Bilderrahmen verf\u00fcgt au\u00dferdem \u00fcber einen Haken, mit dem er an der Wand aufgeh\u00e4ngt werden kann.<\/p>\n<p>Geben Sie Ihrem sch\u00f6nen Foto den Rahmen, den es verdient. Dieser altgoldfarbene Fotorahmen mit klassischem Look und eleganten Kanten verdient einen sch\u00f6nen Platz in Ihrem Wohnzimmer, Wohnzimmer, K\u00fcche oder Schlafzimmer.<\/p>\n<p><strong>W\u00e4hlen Sie oben Ihre Gr\u00f6\u00dfe!<\/strong><\/p>\n<ul>\n<li>Fotogr\u00f6\u00dfe: 10x15cm &#8211; 13x18cm &#8211; 30x40cm<\/li>\n<li>Rahmengr\u00f6\u00dfe: 16,5 x 21 cm \u2013 20 x 23,5 cm \u2013 37 x 45,5 cm<\/li>\n<li>Material: Polyresin, Glas, R\u00fcckseite aus Velours<\/li>\n<li>Farbe: Altgold<\/li>\n<li>Kann auch aufgeh\u00e4ngt werden<\/li>\n<li>Klassisches Modell<\/li>\n<li>Eigener Bestand<\/li>\n<\/ul>\n<p>\u00a0<\/p>\n","protected":false},"excerpt":{"rendered":"<p>Hergestellt aus Polyresin, Glas und Velours<\/p>\n","protected":false},"featured_media":90700,"template":"","meta":{"_acf_changed":false},"product_brand":[],"product_cat":[1433,509],"product_tag":[],"class_list":{"0":"post-140998","1":"product","2":"type-product","3":"status-publish","4":"has-post-thumbnail","6":"product_cat-barocke-fotorahmen","7":"product_cat-wanddekoration","9":"first","10":"instock","11":"taxable","12":"shipping-taxable","13":"purchasable","14":"product-type-variable"},"acf":[],"yoast_head":"<!-- This site is optimized with the Yoast SEO plugin v23.8 - https:\/\/yoast.com\/wordpress\/plugins\/seo\/ -->\n<title>Fotorahmen Barock klassisch Ros\u00e9gold in 3 verschiedenen Gr\u00f6\u00dfen<\/title>\n<meta name=\"description\" content=\"Ein klassischer Bilderrahmen im Barockstil mit einer wundersch\u00f6nen Rosenseite f\u00fcr eine Fotogr\u00f6\u00dfe von 10x15cm, 13x18cm oder 30x40cm. Wundersch\u00f6ne altgoldfarbe...\" \/>\n<meta name=\"robots\" content=\"noindex, follow, max-snippet:-1, max-image-preview:large, max-video-preview:-1\" \/>\n<meta property=\"og:locale\" content=\"de_DE\" \/>\n<meta property=\"og:type\" content=\"article\" \/>\n<meta property=\"og:title\" content=\"Fotorahmen Barock klassisch Ros\u00e9gold in 3 verschiedenen Gr\u00f6\u00dfen\" \/>\n<meta property=\"og:description\" content=\"Ein klassischer Bilderrahmen im Barockstil mit einer wundersch\u00f6nen Rosenseite f\u00fcr eine Fotogr\u00f6\u00dfe von 10x15cm, 13x18cm oder 30x40cm. Wundersch\u00f6ne altgoldfarbe...\" \/>\n<meta property=\"og:url\" content=\"https:\/\/dev.eliassen.nl\/de\/fotorahmen-barock-klassisch-rosegold-in-3-verschiedenen-grossen\/\" \/>\n<meta property=\"og:site_name\" content=\"Eliassen.nl\" \/>\n<meta property=\"article:publisher\" content=\"https:\/\/www.facebook.com\/TuincentrumEliassenAmmerzoden\" \/>\n<meta property=\"article:modified_time\" content=\"2024-12-05T15:57:17+00:00\" \/>\n<meta property=\"og:image\" content=\"https:\/\/dev.eliassen.nl\/wp-content\/uploads\/2024\/01\/94651gfotolijstbarokrozengoudin3matenelia.jpg\" \/>\n\t<meta property=\"og:image:width\" content=\"1536\" \/>\n\t<meta property=\"og:image:height\" content=\"2048\" \/>\n\t<meta property=\"og:image:type\" content=\"image\/jpeg\" \/>\n<meta name=\"twitter:card\" content=\"summary_large_image\" \/>\n<script type=\"application\/ld+json\" class=\"yoast-schema-graph\">{\"@context\":\"https:\/\/schema.org\",\"@graph\":[{\"@type\":\"WebPage\",\"@id\":\"https:\/\/dev.eliassen.nl\/de\/fotorahmen-barock-klassisch-rosegold-in-3-verschiedenen-grossen\/\",\"url\":\"https:\/\/dev.eliassen.nl\/de\/fotorahmen-barock-klassisch-rosegold-in-3-verschiedenen-grossen\/\",\"name\":\"Fotorahmen Barock klassisch Ros\u00e9gold in 3 verschiedenen Gr\u00f6\u00dfen\",\"isPartOf\":{\"@id\":\"https:\/\/dev.eliassen.nl\/de\/#website\"},\"primaryImageOfPage\":{\"@id\":\"https:\/\/dev.eliassen.nl\/de\/fotorahmen-barock-klassisch-rosegold-in-3-verschiedenen-grossen\/#primaryimage\"},\"image\":{\"@id\":\"https:\/\/dev.eliassen.nl\/de\/fotorahmen-barock-klassisch-rosegold-in-3-verschiedenen-grossen\/#primaryimage\"},\"thumbnailUrl\":\"https:\/\/dev.eliassen.nl\/wp-content\/uploads\/2024\/01\/94651gfotolijstbarokrozengoudin3matenelia.jpg\",\"datePublished\":\"2023-07-03T09:20:29+00:00\",\"dateModified\":\"2024-12-05T15:57:17+00:00\",\"description\":\"Ein klassischer Bilderrahmen im Barockstil mit einer wundersch\u00f6nen Rosenseite f\u00fcr eine Fotogr\u00f6\u00dfe von 10x15cm, 13x18cm oder 30x40cm. Wundersch\u00f6ne altgoldfarbe...\",\"breadcrumb\":{\"@id\":\"https:\/\/dev.eliassen.nl\/de\/fotorahmen-barock-klassisch-rosegold-in-3-verschiedenen-grossen\/#breadcrumb\"},\"inLanguage\":\"de\",\"potentialAction\":[{\"@type\":\"ReadAction\",\"target\":[\"https:\/\/dev.eliassen.nl\/de\/fotorahmen-barock-klassisch-rosegold-in-3-verschiedenen-grossen\/\"]}]},{\"@type\":\"ImageObject\",\"inLanguage\":\"de\",\"@id\":\"https:\/\/dev.eliassen.nl\/de\/fotorahmen-barock-klassisch-rosegold-in-3-verschiedenen-grossen\/#primaryimage\",\"url\":\"https:\/\/dev.eliassen.nl\/wp-content\/uploads\/2024\/01\/94651gfotolijstbarokrozengoudin3matenelia.jpg\",\"contentUrl\":\"https:\/\/dev.eliassen.nl\/wp-content\/uploads\/2024\/01\/94651gfotolijstbarokrozengoudin3matenelia.jpg\",\"width\":1536,\"height\":2048,\"caption\":\"9465-1G Fotolijst Barok rozen goud in 3 maten eliassen.nl\"},{\"@type\":\"BreadcrumbList\",\"@id\":\"https:\/\/dev.eliassen.nl\/de\/fotorahmen-barock-klassisch-rosegold-in-3-verschiedenen-grossen\/#breadcrumb\",\"itemListElement\":[{\"@type\":\"ListItem\",\"position\":1,\"name\":\"Home\",\"item\":\"https:\/\/dev.eliassen.nl\/de\/\"},{\"@type\":\"ListItem\",\"position\":2,\"name\":\"Shop\",\"item\":\"https:\/\/dev.eliassen.nl\/nl\/winkel\/\"},{\"@type\":\"ListItem\",\"position\":3,\"name\":\"Wanddekoration\",\"item\":\"https:\/\/dev.eliassen.nl\/de\/wanddekoration\/\"},{\"@type\":\"ListItem\",\"position\":4,\"name\":\"Barocke Fotorahmen\",\"item\":\"https:\/\/dev.eliassen.nl\/de\/wanddekoration\/barocke-fotorahmen\/\"},{\"@type\":\"ListItem\",\"position\":5,\"name\":\"Fotorahmen Barock klassisch Ros\u00e9gold in 3 verschiedenen Gr\u00f6\u00dfen\"}]},{\"@type\":\"WebSite\",\"@id\":\"https:\/\/dev.eliassen.nl\/de\/#website\",\"url\":\"https:\/\/dev.eliassen.nl\/de\/\",\"name\":\"Eliassen Home & Garden Pleasure\",\"description\":\"\",\"publisher\":{\"@id\":\"https:\/\/dev.eliassen.nl\/de\/#organization\"},\"alternateName\":\"Eliassen.nl\",\"potentialAction\":[{\"@type\":\"SearchAction\",\"target\":{\"@type\":\"EntryPoint\",\"urlTemplate\":\"https:\/\/dev.eliassen.nl\/de\/?s={search_term_string}\"},\"query-input\":{\"@type\":\"PropertyValueSpecification\",\"valueRequired\":true,\"valueName\":\"search_term_string\"}}],\"inLanguage\":\"de\"},{\"@type\":\"Organization\",\"@id\":\"https:\/\/dev.eliassen.nl\/de\/#organization\",\"name\":\"Eliassen Home & Garden Pleasure\",\"url\":\"https:\/\/dev.eliassen.nl\/de\/\",\"logo\":{\"@type\":\"ImageObject\",\"inLanguage\":\"de\",\"@id\":\"https:\/\/dev.eliassen.nl\/de\/#\/schema\/logo\/image\/\",\"url\":\"https:\/\/www.eliassen.nl\/wp-content\/uploads\/2024\/01\/logo_4nd.jpg\",\"contentUrl\":\"https:\/\/www.eliassen.nl\/wp-content\/uploads\/2024\/01\/logo_4nd.jpg\",\"width\":500,\"height\":500,\"caption\":\"Eliassen Home & Garden Pleasure\"},\"image\":{\"@id\":\"https:\/\/dev.eliassen.nl\/de\/#\/schema\/logo\/image\/\"},\"sameAs\":[\"https:\/\/www.facebook.com\/TuincentrumEliassenAmmerzoden\",\"https:\/\/www.instagram.com\/eliassenhomeandgarden\/\",\"https:\/\/nl.pinterest.com\/eliassenhomeandgarden\/\",\"https:\/\/www.youtube.com\/@eliassenhomegardenpleasure4558\"]}]}<\/script>\n<!-- \/ Yoast SEO plugin. -->","yoast_head_json":{"title":"Fotorahmen Barock klassisch Ros\u00e9gold in 3 verschiedenen Gr\u00f6\u00dfen","description":"Ein klassischer Bilderrahmen im Barockstil mit einer wundersch\u00f6nen Rosenseite f\u00fcr eine Fotogr\u00f6\u00dfe von 10x15cm, 13x18cm oder 30x40cm. Wundersch\u00f6ne altgoldfarbe...","robots":{"index":"noindex","follow":"follow","max-snippet":"max-snippet:-1","max-image-preview":"max-image-preview:large","max-video-preview":"max-video-preview:-1"},"og_locale":"de_DE","og_type":"article","og_title":"Fotorahmen Barock klassisch Ros\u00e9gold in 3 verschiedenen Gr\u00f6\u00dfen","og_description":"Ein klassischer Bilderrahmen im Barockstil mit einer wundersch\u00f6nen Rosenseite f\u00fcr eine Fotogr\u00f6\u00dfe von 10x15cm, 13x18cm oder 30x40cm. Wundersch\u00f6ne altgoldfarbe...","og_url":"https:\/\/dev.eliassen.nl\/de\/fotorahmen-barock-klassisch-rosegold-in-3-verschiedenen-grossen\/","og_site_name":"Eliassen.nl","article_publisher":"https:\/\/www.facebook.com\/TuincentrumEliassenAmmerzoden","article_modified_time":"2024-12-05T15:57:17+00:00","og_image":[{"width":1536,"height":2048,"url":"https:\/\/dev.eliassen.nl\/wp-content\/uploads\/2024\/01\/94651gfotolijstbarokrozengoudin3matenelia.jpg","type":"image\/jpeg"}],"twitter_card":"summary_large_image","schema":{"@context":"https:\/\/schema.org","@graph":[{"@type":"WebPage","@id":"https:\/\/dev.eliassen.nl\/de\/fotorahmen-barock-klassisch-rosegold-in-3-verschiedenen-grossen\/","url":"https:\/\/dev.eliassen.nl\/de\/fotorahmen-barock-klassisch-rosegold-in-3-verschiedenen-grossen\/","name":"Fotorahmen Barock klassisch Ros\u00e9gold in 3 verschiedenen Gr\u00f6\u00dfen","isPartOf":{"@id":"https:\/\/dev.eliassen.nl\/de\/#website"},"primaryImageOfPage":{"@id":"https:\/\/dev.eliassen.nl\/de\/fotorahmen-barock-klassisch-rosegold-in-3-verschiedenen-grossen\/#primaryimage"},"image":{"@id":"https:\/\/dev.eliassen.nl\/de\/fotorahmen-barock-klassisch-rosegold-in-3-verschiedenen-grossen\/#primaryimage"},"thumbnailUrl":"https:\/\/dev.eliassen.nl\/wp-content\/uploads\/2024\/01\/94651gfotolijstbarokrozengoudin3matenelia.jpg","datePublished":"2023-07-03T09:20:29+00:00","dateModified":"2024-12-05T15:57:17+00:00","description":"Ein klassischer Bilderrahmen im Barockstil mit einer wundersch\u00f6nen Rosenseite f\u00fcr eine Fotogr\u00f6\u00dfe von 10x15cm, 13x18cm oder 30x40cm. Wundersch\u00f6ne altgoldfarbe...","breadcrumb":{"@id":"https:\/\/dev.eliassen.nl\/de\/fotorahmen-barock-klassisch-rosegold-in-3-verschiedenen-grossen\/#breadcrumb"},"inLanguage":"de","potentialAction":[{"@type":"ReadAction","target":["https:\/\/dev.eliassen.nl\/de\/fotorahmen-barock-klassisch-rosegold-in-3-verschiedenen-grossen\/"]}]},{"@type":"ImageObject","inLanguage":"de","@id":"https:\/\/dev.eliassen.nl\/de\/fotorahmen-barock-klassisch-rosegold-in-3-verschiedenen-grossen\/#primaryimage","url":"https:\/\/dev.eliassen.nl\/wp-content\/uploads\/2024\/01\/94651gfotolijstbarokrozengoudin3matenelia.jpg","contentUrl":"https:\/\/dev.eliassen.nl\/wp-content\/uploads\/2024\/01\/94651gfotolijstbarokrozengoudin3matenelia.jpg","width":1536,"height":2048,"caption":"9465-1G Fotolijst Barok rozen goud in 3 maten eliassen.nl"},{"@type":"BreadcrumbList","@id":"https:\/\/dev.eliassen.nl\/de\/fotorahmen-barock-klassisch-rosegold-in-3-verschiedenen-grossen\/#breadcrumb","itemListElement":[{"@type":"ListItem","position":1,"name":"Home","item":"https:\/\/dev.eliassen.nl\/de\/"},{"@type":"ListItem","position":2,"name":"Shop","item":"https:\/\/dev.eliassen.nl\/nl\/winkel\/"},{"@type":"ListItem","position":3,"name":"Wanddekoration","item":"https:\/\/dev.eliassen.nl\/de\/wanddekoration\/"},{"@type":"ListItem","position":4,"name":"Barocke Fotorahmen","item":"https:\/\/dev.eliassen.nl\/de\/wanddekoration\/barocke-fotorahmen\/"},{"@type":"ListItem","position":5,"name":"Fotorahmen Barock klassisch Ros\u00e9gold in 3 verschiedenen Gr\u00f6\u00dfen"}]},{"@type":"WebSite","@id":"https:\/\/dev.eliassen.nl\/de\/#website","url":"https:\/\/dev.eliassen.nl\/de\/","name":"Eliassen Home & Garden Pleasure","description":"","publisher":{"@id":"https:\/\/dev.eliassen.nl\/de\/#organization"},"alternateName":"Eliassen.nl","potentialAction":[{"@type":"SearchAction","target":{"@type":"EntryPoint","urlTemplate":"https:\/\/dev.eliassen.nl\/de\/?s={search_term_string}"},"query-input":{"@type":"PropertyValueSpecification","valueRequired":true,"valueName":"search_term_string"}}],"inLanguage":"de"},{"@type":"Organization","@id":"https:\/\/dev.eliassen.nl\/de\/#organization","name":"Eliassen Home & Garden Pleasure","url":"https:\/\/dev.eliassen.nl\/de\/","logo":{"@type":"ImageObject","inLanguage":"de","@id":"https:\/\/dev.eliassen.nl\/de\/#\/schema\/logo\/image\/","url":"https:\/\/www.eliassen.nl\/wp-content\/uploads\/2024\/01\/logo_4nd.jpg","contentUrl":"https:\/\/www.eliassen.nl\/wp-content\/uploads\/2024\/01\/logo_4nd.jpg","width":500,"height":500,"caption":"Eliassen Home & Garden Pleasure"},"image":{"@id":"https:\/\/dev.eliassen.nl\/de\/#\/schema\/logo\/image\/"},"sameAs":["https:\/\/www.facebook.com\/TuincentrumEliassenAmmerzoden","https:\/\/www.instagram.com\/eliassenhomeandgarden\/","https:\/\/nl.pinterest.com\/eliassenhomeandgarden\/","https:\/\/www.youtube.com\/@eliassenhomegardenpleasure4558"]}]}},"df_price":8.95,"df_sale_price":"","df_regular_price":8.95,"df_image_link":"https:\/\/dev.eliassen.nl\/wp-content\/uploads\/2024\/01\/94651gfotolijstbarokrozengoudin3matenelia.jpg","image":"https:\/\/dev.eliassen.nl\/wp-content\/uploads\/2024\/01\/94651gfotolijstbarokrozengoudin3matenelia.jpg","price_search":"<span class=\"woocommerce-Price-amount amount\"><bdi><span class=\"woocommerce-Price-currencySymbol\">&euro;<\/span>&nbsp;8,95<\/bdi><\/span>","category":"Barocke Fotorahmen","_links":{"self":[{"href":"https:\/\/dev.eliassen.nl\/de\/wp-json\/wp\/v2\/product\/140998","targetHints":{"allow":["GET"]}}],"collection":[{"href":"https:\/\/dev.eliassen.nl\/de\/wp-json\/wp\/v2\/product"}],"about":[{"href":"https:\/\/dev.eliassen.nl\/de\/wp-json\/wp\/v2\/types\/product"}],"wp:featuredmedia":[{"embeddable":true,"href":"https:\/\/dev.eliassen.nl\/de\/wp-json\/wp\/v2\/media\/90700"}],"wp:attachment":[{"href":"https:\/\/dev.eliassen.nl\/de\/wp-json\/wp\/v2\/media?parent=140998"}],"wp:term":[{"taxonomy":"product_brand","embeddable":true,"href":"https:\/\/dev.eliassen.nl\/de\/wp-json\/wp\/v2\/product_brand?post=140998"},{"taxonomy":"product_cat","embeddable":true,"href":"https:\/\/dev.eliassen.nl\/de\/wp-json\/wp\/v2\/product_cat?post=140998"},{"taxonomy":"product_tag","embeddable":true,"href":"https:\/\/dev.eliassen.nl\/de\/wp-json\/wp\/v2\/product_tag?post=140998"}],"curies":[{"name":"wp","href":"https:\/\/api.w.org\/{rel}","templated":true}]}}