{"id":141166,"date":"2023-07-25T16:49:15","date_gmt":"2023-07-25T14:49:15","guid":{"rendered":"https:\/\/www.eliassen.nl\/?product=beeld-klassiek-levensgrote-leeuw-los-of-als-paar-1"},"modified":"2024-12-16T14:59:57","modified_gmt":"2024-12-16T13:59:57","slug":"beeld-klassiek-levensgrote-leeuw-los-of-als-paar-136cm","status":"publish","type":"product","link":"https:\/\/dev.eliassen.nl\/de\/beeld-klassiek-levensgrote-leeuw-los-of-als-paar-136cm\/","title":{"rendered":"Klassische lebensgro\u00dfe L\u00f6wenstatue einzeln oder als Paar, 136 cm"},"content":{"rendered":"<p>Mit unseren gro\u00dfen klassischen Statuen k\u00f6nnen Sie eine sch\u00f6ne, warme Atmosph\u00e4re in Ihrem gro\u00dfen Garten, Unternehmen, Park oder Haus schaffen.<br \/>Die Statuen dieser Serie bestehen alle aus massivem Qualit\u00e4tsbeton mit einem sehr hohen Zementanteil, wodurch alle diese Statuen problemlos \u00fcber Jahrzehnte allen Witterungseinfl\u00fcssen standhalten. Sie haben die M\u00f6glichkeit, diese Statue in 3 Farben zu bestellen: in Sandfarbe, Antikfarbe und Rostfarbe. Die Farben k\u00f6nnen tats\u00e4chlich vom Foto abweichen, da das Ausmalen menschliche Arbeit ist. Diese barocke Betonstatue mit der Darstellung gro\u00dfer L\u00f6wen sorgt jahrzehntelang f\u00fcr die richtige Atmosph\u00e4re! Aufgrund von Witterungseinfl\u00fcssen wird das Aussehen dieser Statue im Laufe der Jahre immer sch\u00f6ner.<\/p>\n<p>Kommen Sie gerne vorbei, um sich die Farben dieser Bilder anzusehen und zu sehen, wie \u201esch\u00f6n\u201c diese Serie ist. Wir haben eine ansehnliche Sammlung davon auf unserem Ausstellungsgel\u00e4nde.<\/p>\n<ul>\n<li>Gr\u00f6\u00dfe: 55x105x136cm hoch<\/li>\n<li>Farbe: Sand, Antik oder Rost<\/li>\n<li>Hochwertiger Kunststein<\/li>\n<li>Geeignet f\u00fcr den Innen- und Au\u00dfenbereich<\/li>\n<li>Handgefertigt<\/li>\n<li>Durchschnittliche Lieferzeit: 5 Wochen<\/li>\n<li><strong>Viele dieser Serien k\u00f6nnen auch in unserem Shop besichtigt werden<\/strong><\/li>\n<\/ul>\n","protected":false},"excerpt":{"rendered":"<p>\u2713 55x105x136cm hoch \u2713 In 3 Farben<\/p>\n","protected":false},"featured_media":91936,"template":"","meta":{"_acf_changed":false},"product_brand":[],"product_cat":[677,1412,7239],"product_tag":[],"class_list":{"0":"post-141166","1":"product","2":"type-product","3":"status-publish","4":"has-post-thumbnail","6":"product_cat-betonstatuen","7":"product_cat-grosse-klassische-statuen","8":"product_cat-statuen-skulpturen","10":"first","11":"onbackorder","12":"taxable","13":"shipping-taxable","14":"product-type-variable"},"acf":[],"yoast_head":"<!-- This site is optimized with the Yoast SEO plugin v23.8 - https:\/\/yoast.com\/wordpress\/plugins\/seo\/ -->\n<title>Beeld klassiek levensgrote Leeuw los of als paar 136cm<\/title>\n<meta name=\"description\" content=\"Bent u opzoek naar een levensgrote leeuw? Dit klassieke model is een ware lust voor het oog. \u2713 Leverbaar in 3 verschillende kleuren \u2713 linkse en rechtse variant\" \/>\n<meta name=\"robots\" content=\"noindex, follow, max-snippet:-1, max-image-preview:large, max-video-preview:-1\" \/>\n<meta property=\"og:locale\" content=\"de_DE\" \/>\n<meta property=\"og:type\" content=\"article\" \/>\n<meta property=\"og:title\" content=\"Beeld klassiek levensgrote Leeuw los of als paar 136cm\" \/>\n<meta property=\"og:description\" content=\"Bent u opzoek naar een levensgrote leeuw? Dit klassieke model is een ware lust voor het oog. \u2713 Leverbaar in 3 verschillende kleuren \u2713 linkse en rechtse variant\" \/>\n<meta property=\"og:url\" content=\"https:\/\/dev.eliassen.nl\/de\/beeld-klassiek-levensgrote-leeuw-los-of-als-paar-136cm\/\" \/>\n<meta property=\"og:site_name\" content=\"Eliassen.nl\" \/>\n<meta property=\"article:publisher\" content=\"https:\/\/www.facebook.com\/TuincentrumEliassenAmmerzoden\" \/>\n<meta property=\"article:modified_time\" content=\"2024-12-16T13:59:57+00:00\" \/>\n<meta property=\"og:image\" content=\"https:\/\/dev.eliassen.nl\/wp-content\/uploads\/2024\/01\/5129biseliassennlbeeldklassieklevensgroteleeu.jpg\" \/>\n\t<meta property=\"og:image:width\" content=\"580\" \/>\n\t<meta property=\"og:image:height\" content=\"800\" \/>\n\t<meta property=\"og:image:type\" content=\"image\/jpeg\" \/>\n<meta name=\"twitter:card\" content=\"summary_large_image\" \/>\n<script type=\"application\/ld+json\" class=\"yoast-schema-graph\">{\"@context\":\"https:\/\/schema.org\",\"@graph\":[{\"@type\":\"WebPage\",\"@id\":\"https:\/\/dev.eliassen.nl\/de\/beeld-klassiek-levensgrote-leeuw-los-of-als-paar-136cm\/\",\"url\":\"https:\/\/dev.eliassen.nl\/de\/beeld-klassiek-levensgrote-leeuw-los-of-als-paar-136cm\/\",\"name\":\"Beeld klassiek levensgrote Leeuw los of als paar 136cm\",\"isPartOf\":{\"@id\":\"https:\/\/dev.eliassen.nl\/de\/#website\"},\"primaryImageOfPage\":{\"@id\":\"https:\/\/dev.eliassen.nl\/de\/beeld-klassiek-levensgrote-leeuw-los-of-als-paar-136cm\/#primaryimage\"},\"image\":{\"@id\":\"https:\/\/dev.eliassen.nl\/de\/beeld-klassiek-levensgrote-leeuw-los-of-als-paar-136cm\/#primaryimage\"},\"thumbnailUrl\":\"https:\/\/dev.eliassen.nl\/wp-content\/uploads\/2024\/01\/5129biseliassennlbeeldklassieklevensgroteleeu.jpg\",\"datePublished\":\"2023-07-25T14:49:15+00:00\",\"dateModified\":\"2024-12-16T13:59:57+00:00\",\"description\":\"Bent u opzoek naar een levensgrote leeuw? Dit klassieke model is een ware lust voor het oog. \u2713 Leverbaar in 3 verschillende kleuren \u2713 linkse en rechtse variant\",\"breadcrumb\":{\"@id\":\"https:\/\/dev.eliassen.nl\/de\/beeld-klassiek-levensgrote-leeuw-los-of-als-paar-136cm\/#breadcrumb\"},\"inLanguage\":\"de\",\"potentialAction\":[{\"@type\":\"ReadAction\",\"target\":[\"https:\/\/dev.eliassen.nl\/de\/beeld-klassiek-levensgrote-leeuw-los-of-als-paar-136cm\/\"]}]},{\"@type\":\"ImageObject\",\"inLanguage\":\"de\",\"@id\":\"https:\/\/dev.eliassen.nl\/de\/beeld-klassiek-levensgrote-leeuw-los-of-als-paar-136cm\/#primaryimage\",\"url\":\"https:\/\/dev.eliassen.nl\/wp-content\/uploads\/2024\/01\/5129biseliassennlbeeldklassieklevensgroteleeu.jpg\",\"contentUrl\":\"https:\/\/dev.eliassen.nl\/wp-content\/uploads\/2024\/01\/5129biseliassennlbeeldklassieklevensgroteleeu.jpg\",\"width\":580,\"height\":800,\"caption\":\"5129BIS eliassen.nl Beeld klassiek levensgrote Leeuw los of als paar\"},{\"@type\":\"BreadcrumbList\",\"@id\":\"https:\/\/dev.eliassen.nl\/de\/beeld-klassiek-levensgrote-leeuw-los-of-als-paar-136cm\/#breadcrumb\",\"itemListElement\":[{\"@type\":\"ListItem\",\"position\":1,\"name\":\"Home\",\"item\":\"https:\/\/dev.eliassen.nl\/de\/\"},{\"@type\":\"ListItem\",\"position\":2,\"name\":\"Shop\",\"item\":\"https:\/\/dev.eliassen.nl\/nl\/winkel\/\"},{\"@type\":\"ListItem\",\"position\":3,\"name\":\"Statuen-Skulpturen\",\"item\":\"https:\/\/dev.eliassen.nl\/de\/statuen-skulpturen\/\"},{\"@type\":\"ListItem\",\"position\":4,\"name\":\"Betonstatuen\",\"item\":\"https:\/\/dev.eliassen.nl\/de\/bilder\/betonstatuen\/\"},{\"@type\":\"ListItem\",\"position\":5,\"name\":\"Gro\u00dfe klassische Statuen\",\"item\":\"https:\/\/dev.eliassen.nl\/de\/bilder\/betonstatuen\/grosse-klassische-statuen\/\"},{\"@type\":\"ListItem\",\"position\":6,\"name\":\"Klassische lebensgro\u00dfe L\u00f6wenstatue einzeln oder als Paar, 136 cm\"}]},{\"@type\":\"WebSite\",\"@id\":\"https:\/\/dev.eliassen.nl\/de\/#website\",\"url\":\"https:\/\/dev.eliassen.nl\/de\/\",\"name\":\"Eliassen Home & Garden Pleasure\",\"description\":\"\",\"publisher\":{\"@id\":\"https:\/\/dev.eliassen.nl\/de\/#organization\"},\"alternateName\":\"Eliassen.nl\",\"potentialAction\":[{\"@type\":\"SearchAction\",\"target\":{\"@type\":\"EntryPoint\",\"urlTemplate\":\"https:\/\/dev.eliassen.nl\/de\/?s={search_term_string}\"},\"query-input\":{\"@type\":\"PropertyValueSpecification\",\"valueRequired\":true,\"valueName\":\"search_term_string\"}}],\"inLanguage\":\"de\"},{\"@type\":\"Organization\",\"@id\":\"https:\/\/dev.eliassen.nl\/de\/#organization\",\"name\":\"Eliassen Home & Garden Pleasure\",\"url\":\"https:\/\/dev.eliassen.nl\/de\/\",\"logo\":{\"@type\":\"ImageObject\",\"inLanguage\":\"de\",\"@id\":\"https:\/\/dev.eliassen.nl\/de\/#\/schema\/logo\/image\/\",\"url\":\"https:\/\/www.eliassen.nl\/wp-content\/uploads\/2024\/01\/logo_4nd.jpg\",\"contentUrl\":\"https:\/\/www.eliassen.nl\/wp-content\/uploads\/2024\/01\/logo_4nd.jpg\",\"width\":500,\"height\":500,\"caption\":\"Eliassen Home & Garden Pleasure\"},\"image\":{\"@id\":\"https:\/\/dev.eliassen.nl\/de\/#\/schema\/logo\/image\/\"},\"sameAs\":[\"https:\/\/www.facebook.com\/TuincentrumEliassenAmmerzoden\",\"https:\/\/www.instagram.com\/eliassenhomeandgarden\/\",\"https:\/\/nl.pinterest.com\/eliassenhomeandgarden\/\",\"https:\/\/www.youtube.com\/@eliassenhomegardenpleasure4558\"]}]}<\/script>\n<!-- \/ Yoast SEO plugin. -->","yoast_head_json":{"title":"Beeld klassiek levensgrote Leeuw los of als paar 136cm","description":"Bent u opzoek naar een levensgrote leeuw? Dit klassieke model is een ware lust voor het oog. \u2713 Leverbaar in 3 verschillende kleuren \u2713 linkse en rechtse variant","robots":{"index":"noindex","follow":"follow","max-snippet":"max-snippet:-1","max-image-preview":"max-image-preview:large","max-video-preview":"max-video-preview:-1"},"og_locale":"de_DE","og_type":"article","og_title":"Beeld klassiek levensgrote Leeuw los of als paar 136cm","og_description":"Bent u opzoek naar een levensgrote leeuw? Dit klassieke model is een ware lust voor het oog. \u2713 Leverbaar in 3 verschillende kleuren \u2713 linkse en rechtse variant","og_url":"https:\/\/dev.eliassen.nl\/de\/beeld-klassiek-levensgrote-leeuw-los-of-als-paar-136cm\/","og_site_name":"Eliassen.nl","article_publisher":"https:\/\/www.facebook.com\/TuincentrumEliassenAmmerzoden","article_modified_time":"2024-12-16T13:59:57+00:00","og_image":[{"width":580,"height":800,"url":"https:\/\/dev.eliassen.nl\/wp-content\/uploads\/2024\/01\/5129biseliassennlbeeldklassieklevensgroteleeu.jpg","type":"image\/jpeg"}],"twitter_card":"summary_large_image","schema":{"@context":"https:\/\/schema.org","@graph":[{"@type":"WebPage","@id":"https:\/\/dev.eliassen.nl\/de\/beeld-klassiek-levensgrote-leeuw-los-of-als-paar-136cm\/","url":"https:\/\/dev.eliassen.nl\/de\/beeld-klassiek-levensgrote-leeuw-los-of-als-paar-136cm\/","name":"Beeld klassiek levensgrote Leeuw los of als paar 136cm","isPartOf":{"@id":"https:\/\/dev.eliassen.nl\/de\/#website"},"primaryImageOfPage":{"@id":"https:\/\/dev.eliassen.nl\/de\/beeld-klassiek-levensgrote-leeuw-los-of-als-paar-136cm\/#primaryimage"},"image":{"@id":"https:\/\/dev.eliassen.nl\/de\/beeld-klassiek-levensgrote-leeuw-los-of-als-paar-136cm\/#primaryimage"},"thumbnailUrl":"https:\/\/dev.eliassen.nl\/wp-content\/uploads\/2024\/01\/5129biseliassennlbeeldklassieklevensgroteleeu.jpg","datePublished":"2023-07-25T14:49:15+00:00","dateModified":"2024-12-16T13:59:57+00:00","description":"Bent u opzoek naar een levensgrote leeuw? Dit klassieke model is een ware lust voor het oog. \u2713 Leverbaar in 3 verschillende kleuren \u2713 linkse en rechtse variant","breadcrumb":{"@id":"https:\/\/dev.eliassen.nl\/de\/beeld-klassiek-levensgrote-leeuw-los-of-als-paar-136cm\/#breadcrumb"},"inLanguage":"de","potentialAction":[{"@type":"ReadAction","target":["https:\/\/dev.eliassen.nl\/de\/beeld-klassiek-levensgrote-leeuw-los-of-als-paar-136cm\/"]}]},{"@type":"ImageObject","inLanguage":"de","@id":"https:\/\/dev.eliassen.nl\/de\/beeld-klassiek-levensgrote-leeuw-los-of-als-paar-136cm\/#primaryimage","url":"https:\/\/dev.eliassen.nl\/wp-content\/uploads\/2024\/01\/5129biseliassennlbeeldklassieklevensgroteleeu.jpg","contentUrl":"https:\/\/dev.eliassen.nl\/wp-content\/uploads\/2024\/01\/5129biseliassennlbeeldklassieklevensgroteleeu.jpg","width":580,"height":800,"caption":"5129BIS eliassen.nl Beeld klassiek levensgrote Leeuw los of als paar"},{"@type":"BreadcrumbList","@id":"https:\/\/dev.eliassen.nl\/de\/beeld-klassiek-levensgrote-leeuw-los-of-als-paar-136cm\/#breadcrumb","itemListElement":[{"@type":"ListItem","position":1,"name":"Home","item":"https:\/\/dev.eliassen.nl\/de\/"},{"@type":"ListItem","position":2,"name":"Shop","item":"https:\/\/dev.eliassen.nl\/nl\/winkel\/"},{"@type":"ListItem","position":3,"name":"Statuen-Skulpturen","item":"https:\/\/dev.eliassen.nl\/de\/statuen-skulpturen\/"},{"@type":"ListItem","position":4,"name":"Betonstatuen","item":"https:\/\/dev.eliassen.nl\/de\/bilder\/betonstatuen\/"},{"@type":"ListItem","position":5,"name":"Gro\u00dfe klassische Statuen","item":"https:\/\/dev.eliassen.nl\/de\/bilder\/betonstatuen\/grosse-klassische-statuen\/"},{"@type":"ListItem","position":6,"name":"Klassische lebensgro\u00dfe L\u00f6wenstatue einzeln oder als Paar, 136 cm"}]},{"@type":"WebSite","@id":"https:\/\/dev.eliassen.nl\/de\/#website","url":"https:\/\/dev.eliassen.nl\/de\/","name":"Eliassen Home & Garden Pleasure","description":"","publisher":{"@id":"https:\/\/dev.eliassen.nl\/de\/#organization"},"alternateName":"Eliassen.nl","potentialAction":[{"@type":"SearchAction","target":{"@type":"EntryPoint","urlTemplate":"https:\/\/dev.eliassen.nl\/de\/?s={search_term_string}"},"query-input":{"@type":"PropertyValueSpecification","valueRequired":true,"valueName":"search_term_string"}}],"inLanguage":"de"},{"@type":"Organization","@id":"https:\/\/dev.eliassen.nl\/de\/#organization","name":"Eliassen Home & Garden Pleasure","url":"https:\/\/dev.eliassen.nl\/de\/","logo":{"@type":"ImageObject","inLanguage":"de","@id":"https:\/\/dev.eliassen.nl\/de\/#\/schema\/logo\/image\/","url":"https:\/\/www.eliassen.nl\/wp-content\/uploads\/2024\/01\/logo_4nd.jpg","contentUrl":"https:\/\/www.eliassen.nl\/wp-content\/uploads\/2024\/01\/logo_4nd.jpg","width":500,"height":500,"caption":"Eliassen Home & Garden Pleasure"},"image":{"@id":"https:\/\/dev.eliassen.nl\/de\/#\/schema\/logo\/image\/"},"sameAs":["https:\/\/www.facebook.com\/TuincentrumEliassenAmmerzoden","https:\/\/www.instagram.com\/eliassenhomeandgarden\/","https:\/\/nl.pinterest.com\/eliassenhomeandgarden\/","https:\/\/www.youtube.com\/@eliassenhomegardenpleasure4558"]}]}},"df_price":"","df_sale_price":"","df_regular_price":"","df_image_link":"https:\/\/dev.eliassen.nl\/wp-content\/uploads\/2024\/01\/5129biseliassennlbeeldklassieklevensgroteleeu.jpg","image":"https:\/\/dev.eliassen.nl\/wp-content\/uploads\/2024\/01\/5129biseliassennlbeeldklassieklevensgroteleeu.jpg","price_search":"<span class=\"woocommerce-Price-amount amount\"><bdi><span class=\"woocommerce-Price-currencySymbol\">&euro;<\/span>&nbsp;0,00<\/bdi><\/span>","category":"Betonstatuen","_links":{"self":[{"href":"https:\/\/dev.eliassen.nl\/de\/wp-json\/wp\/v2\/product\/141166","targetHints":{"allow":["GET"]}}],"collection":[{"href":"https:\/\/dev.eliassen.nl\/de\/wp-json\/wp\/v2\/product"}],"about":[{"href":"https:\/\/dev.eliassen.nl\/de\/wp-json\/wp\/v2\/types\/product"}],"wp:featuredmedia":[{"embeddable":true,"href":"https:\/\/dev.eliassen.nl\/de\/wp-json\/wp\/v2\/media\/91936"}],"wp:attachment":[{"href":"https:\/\/dev.eliassen.nl\/de\/wp-json\/wp\/v2\/media?parent=141166"}],"wp:term":[{"taxonomy":"product_brand","embeddable":true,"href":"https:\/\/dev.eliassen.nl\/de\/wp-json\/wp\/v2\/product_brand?post=141166"},{"taxonomy":"product_cat","embeddable":true,"href":"https:\/\/dev.eliassen.nl\/de\/wp-json\/wp\/v2\/product_cat?post=141166"},{"taxonomy":"product_tag","embeddable":true,"href":"https:\/\/dev.eliassen.nl\/de\/wp-json\/wp\/v2\/product_tag?post=141166"}],"curies":[{"name":"wp","href":"https:\/\/api.w.org\/{rel}","templated":true}]}}