{"id":14125,"date":"2019-10-28T17:53:41","date_gmt":"2019-10-28T16:53:41","guid":{"rendered":"https:\/\/www.eliassen.nl\/?product=hundertfuesser-metall-75-cm-copy"},"modified":"2024-12-05T15:20:41","modified_gmt":"2024-12-05T14:20:41","slug":"raupe-metall-95-cm","status":"publish","type":"product","link":"https:\/\/dev.eliassen.nl\/de\/raupe-metall-95-cm\/","title":{"rendered":"Raupe Metall 95 cm"},"content":{"rendered":"<p>Wundersch\u00f6n veredelte, witzige Metallfigur eines gro\u00dfen Tausendf\u00fc\u00dflers. Ein Schmuckst\u00fcck in Ihrem Haus oder Garten und sch\u00f6n zum Verschenken. Komplett von Hand gefertigt und bemalt. <br \/>Da es sich um Handarbeit handelt, kann das Bild geringf\u00fcgig von Ihrem bestellten Exemplar abweichen. <\/p>\n<p><strong>Wir haben fast alles aus dieser Serie im Showroom, schauen Sie vorbei.<\/strong><\/p>\n<ul>\n<li>Gr\u00f6\u00dfe 16 x 34 x 95 cm.<\/li>\n<li>Schnell geliefert.<\/li>\n<li>100% Handarbeit.<\/li>\n<li>1 Jahr Garantie<\/li>\n<\/ul>\n","protected":false},"excerpt":{"rendered":"<p>Wundersch\u00f6n veredelte, witzige Metallfigur eines gro\u00dfen Tausendf\u00fc\u00dflers. Ein Schmuckst\u00fcck in Ihrem Haus oder Garten und sch\u00f6n zum Verschenken. Komplett von Hand gefertigt und bemalt. Da es sich um Handarbeit handelt, kann das Bild geringf\u00fcgig von Ihrem bestellten Exemplar abweichen. Wir haben fast alles aus dieser Serie im Showroom, schauen Sie vorbei. Gr\u00f6\u00dfe 16 x 34 &hellip;<\/p>\n","protected":false},"featured_media":14122,"template":"","meta":{"_acf_changed":false},"product_brand":[],"product_cat":[665,659],"product_tag":[],"class_list":{"0":"post-14125","1":"product","2":"type-product","3":"status-publish","4":"has-post-thumbnail","6":"product_cat-dekofiguren-aus-metall","7":"product_cat-dekoration-aus-metall","9":"first","10":"instock","11":"taxable","12":"shipping-taxable","13":"purchasable","14":"product-type-simple"},"acf":[],"yoast_head":"<!-- This site is optimized with the Yoast SEO plugin v23.8 - https:\/\/yoast.com\/wordpress\/plugins\/seo\/ -->\n<title>Metall Vogel Bea<\/title>\n<meta name=\"description\" content=\"Bij Eliassen koopt u Duizendpoot metaal 95cm online of live te bekijken in de showroom. Wij hebben de mooiste metalen decoratie, metalen decoratie figuren\" \/>\n<meta name=\"robots\" content=\"noindex, follow, max-snippet:-1, max-image-preview:large, max-video-preview:-1\" \/>\n<meta property=\"og:locale\" content=\"de_DE\" \/>\n<meta property=\"og:type\" content=\"article\" \/>\n<meta property=\"og:title\" content=\"Metall Vogel Bea\" \/>\n<meta property=\"og:description\" content=\"Bij Eliassen koopt u Duizendpoot metaal 95cm online of live te bekijken in de showroom. Wij hebben de mooiste metalen decoratie, metalen decoratie figuren\" \/>\n<meta property=\"og:url\" content=\"https:\/\/dev.eliassen.nl\/de\/raupe-metall-95-cm\/\" \/>\n<meta property=\"og:site_name\" content=\"Eliassen.nl\" \/>\n<meta property=\"article:publisher\" content=\"https:\/\/www.facebook.com\/TuincentrumEliassenAmmerzoden\" \/>\n<meta property=\"article:modified_time\" content=\"2024-12-05T14:20:41+00:00\" \/>\n<meta property=\"og:image\" content=\"https:\/\/dev.eliassen.nl\/wp-content\/uploads\/2024\/01\/md16106.jpg\" \/>\n\t<meta property=\"og:image:width\" content=\"1152\" \/>\n\t<meta property=\"og:image:height\" content=\"864\" \/>\n\t<meta property=\"og:image:type\" content=\"image\/jpeg\" \/>\n<meta name=\"twitter:card\" content=\"summary_large_image\" \/>\n<script type=\"application\/ld+json\" class=\"yoast-schema-graph\">{\"@context\":\"https:\/\/schema.org\",\"@graph\":[{\"@type\":\"WebPage\",\"@id\":\"https:\/\/dev.eliassen.nl\/de\/raupe-metall-95-cm\/\",\"url\":\"https:\/\/dev.eliassen.nl\/de\/raupe-metall-95-cm\/\",\"name\":\"Metall Vogel Bea\",\"isPartOf\":{\"@id\":\"https:\/\/dev.eliassen.nl\/de\/#website\"},\"primaryImageOfPage\":{\"@id\":\"https:\/\/dev.eliassen.nl\/de\/raupe-metall-95-cm\/#primaryimage\"},\"image\":{\"@id\":\"https:\/\/dev.eliassen.nl\/de\/raupe-metall-95-cm\/#primaryimage\"},\"thumbnailUrl\":\"https:\/\/dev.eliassen.nl\/wp-content\/uploads\/2024\/01\/md16106.jpg\",\"datePublished\":\"2019-10-28T16:53:41+00:00\",\"dateModified\":\"2024-12-05T14:20:41+00:00\",\"description\":\"Bij Eliassen koopt u Duizendpoot metaal 95cm online of live te bekijken in de showroom. Wij hebben de mooiste metalen decoratie, metalen decoratie figuren\",\"breadcrumb\":{\"@id\":\"https:\/\/dev.eliassen.nl\/de\/raupe-metall-95-cm\/#breadcrumb\"},\"inLanguage\":\"de\",\"potentialAction\":[{\"@type\":\"ReadAction\",\"target\":[\"https:\/\/dev.eliassen.nl\/de\/raupe-metall-95-cm\/\"]}]},{\"@type\":\"ImageObject\",\"inLanguage\":\"de\",\"@id\":\"https:\/\/dev.eliassen.nl\/de\/raupe-metall-95-cm\/#primaryimage\",\"url\":\"https:\/\/dev.eliassen.nl\/wp-content\/uploads\/2024\/01\/md16106.jpg\",\"contentUrl\":\"https:\/\/dev.eliassen.nl\/wp-content\/uploads\/2024\/01\/md16106.jpg\",\"width\":1152,\"height\":864,\"caption\":\"md16106\"},{\"@type\":\"BreadcrumbList\",\"@id\":\"https:\/\/dev.eliassen.nl\/de\/raupe-metall-95-cm\/#breadcrumb\",\"itemListElement\":[{\"@type\":\"ListItem\",\"position\":1,\"name\":\"Home\",\"item\":\"https:\/\/dev.eliassen.nl\/de\/\"},{\"@type\":\"ListItem\",\"position\":2,\"name\":\"Shop\",\"item\":\"https:\/\/dev.eliassen.nl\/nl\/winkel\/\"},{\"@type\":\"ListItem\",\"position\":3,\"name\":\"Dekoration aus Metall\",\"item\":\"https:\/\/dev.eliassen.nl\/de\/dekoration-aus-metall\/\"},{\"@type\":\"ListItem\",\"position\":4,\"name\":\"Dekofiguren aus Metall\",\"item\":\"https:\/\/dev.eliassen.nl\/de\/dekoration-aus-metall\/dekofiguren-aus-metall\/\"},{\"@type\":\"ListItem\",\"position\":5,\"name\":\"Raupe Metall 95 cm\"}]},{\"@type\":\"WebSite\",\"@id\":\"https:\/\/dev.eliassen.nl\/de\/#website\",\"url\":\"https:\/\/dev.eliassen.nl\/de\/\",\"name\":\"Eliassen Home & Garden Pleasure\",\"description\":\"\",\"publisher\":{\"@id\":\"https:\/\/dev.eliassen.nl\/de\/#organization\"},\"alternateName\":\"Eliassen.nl\",\"potentialAction\":[{\"@type\":\"SearchAction\",\"target\":{\"@type\":\"EntryPoint\",\"urlTemplate\":\"https:\/\/dev.eliassen.nl\/de\/?s={search_term_string}\"},\"query-input\":{\"@type\":\"PropertyValueSpecification\",\"valueRequired\":true,\"valueName\":\"search_term_string\"}}],\"inLanguage\":\"de\"},{\"@type\":\"Organization\",\"@id\":\"https:\/\/dev.eliassen.nl\/de\/#organization\",\"name\":\"Eliassen Home & Garden Pleasure\",\"url\":\"https:\/\/dev.eliassen.nl\/de\/\",\"logo\":{\"@type\":\"ImageObject\",\"inLanguage\":\"de\",\"@id\":\"https:\/\/dev.eliassen.nl\/de\/#\/schema\/logo\/image\/\",\"url\":\"https:\/\/www.eliassen.nl\/wp-content\/uploads\/2024\/01\/logo_4nd.jpg\",\"contentUrl\":\"https:\/\/www.eliassen.nl\/wp-content\/uploads\/2024\/01\/logo_4nd.jpg\",\"width\":500,\"height\":500,\"caption\":\"Eliassen Home & Garden Pleasure\"},\"image\":{\"@id\":\"https:\/\/dev.eliassen.nl\/de\/#\/schema\/logo\/image\/\"},\"sameAs\":[\"https:\/\/www.facebook.com\/TuincentrumEliassenAmmerzoden\",\"https:\/\/www.instagram.com\/eliassenhomeandgarden\/\",\"https:\/\/nl.pinterest.com\/eliassenhomeandgarden\/\",\"https:\/\/www.youtube.com\/@eliassenhomegardenpleasure4558\"]}]}<\/script>\n<!-- \/ Yoast SEO plugin. -->","yoast_head_json":{"title":"Metall Vogel Bea","description":"Bij Eliassen koopt u Duizendpoot metaal 95cm online of live te bekijken in de showroom. Wij hebben de mooiste metalen decoratie, metalen decoratie figuren","robots":{"index":"noindex","follow":"follow","max-snippet":"max-snippet:-1","max-image-preview":"max-image-preview:large","max-video-preview":"max-video-preview:-1"},"og_locale":"de_DE","og_type":"article","og_title":"Metall Vogel Bea","og_description":"Bij Eliassen koopt u Duizendpoot metaal 95cm online of live te bekijken in de showroom. Wij hebben de mooiste metalen decoratie, metalen decoratie figuren","og_url":"https:\/\/dev.eliassen.nl\/de\/raupe-metall-95-cm\/","og_site_name":"Eliassen.nl","article_publisher":"https:\/\/www.facebook.com\/TuincentrumEliassenAmmerzoden","article_modified_time":"2024-12-05T14:20:41+00:00","og_image":[{"width":1152,"height":864,"url":"https:\/\/dev.eliassen.nl\/wp-content\/uploads\/2024\/01\/md16106.jpg","type":"image\/jpeg"}],"twitter_card":"summary_large_image","schema":{"@context":"https:\/\/schema.org","@graph":[{"@type":"WebPage","@id":"https:\/\/dev.eliassen.nl\/de\/raupe-metall-95-cm\/","url":"https:\/\/dev.eliassen.nl\/de\/raupe-metall-95-cm\/","name":"Metall Vogel Bea","isPartOf":{"@id":"https:\/\/dev.eliassen.nl\/de\/#website"},"primaryImageOfPage":{"@id":"https:\/\/dev.eliassen.nl\/de\/raupe-metall-95-cm\/#primaryimage"},"image":{"@id":"https:\/\/dev.eliassen.nl\/de\/raupe-metall-95-cm\/#primaryimage"},"thumbnailUrl":"https:\/\/dev.eliassen.nl\/wp-content\/uploads\/2024\/01\/md16106.jpg","datePublished":"2019-10-28T16:53:41+00:00","dateModified":"2024-12-05T14:20:41+00:00","description":"Bij Eliassen koopt u Duizendpoot metaal 95cm online of live te bekijken in de showroom. Wij hebben de mooiste metalen decoratie, metalen decoratie figuren","breadcrumb":{"@id":"https:\/\/dev.eliassen.nl\/de\/raupe-metall-95-cm\/#breadcrumb"},"inLanguage":"de","potentialAction":[{"@type":"ReadAction","target":["https:\/\/dev.eliassen.nl\/de\/raupe-metall-95-cm\/"]}]},{"@type":"ImageObject","inLanguage":"de","@id":"https:\/\/dev.eliassen.nl\/de\/raupe-metall-95-cm\/#primaryimage","url":"https:\/\/dev.eliassen.nl\/wp-content\/uploads\/2024\/01\/md16106.jpg","contentUrl":"https:\/\/dev.eliassen.nl\/wp-content\/uploads\/2024\/01\/md16106.jpg","width":1152,"height":864,"caption":"md16106"},{"@type":"BreadcrumbList","@id":"https:\/\/dev.eliassen.nl\/de\/raupe-metall-95-cm\/#breadcrumb","itemListElement":[{"@type":"ListItem","position":1,"name":"Home","item":"https:\/\/dev.eliassen.nl\/de\/"},{"@type":"ListItem","position":2,"name":"Shop","item":"https:\/\/dev.eliassen.nl\/nl\/winkel\/"},{"@type":"ListItem","position":3,"name":"Dekoration aus Metall","item":"https:\/\/dev.eliassen.nl\/de\/dekoration-aus-metall\/"},{"@type":"ListItem","position":4,"name":"Dekofiguren aus Metall","item":"https:\/\/dev.eliassen.nl\/de\/dekoration-aus-metall\/dekofiguren-aus-metall\/"},{"@type":"ListItem","position":5,"name":"Raupe Metall 95 cm"}]},{"@type":"WebSite","@id":"https:\/\/dev.eliassen.nl\/de\/#website","url":"https:\/\/dev.eliassen.nl\/de\/","name":"Eliassen Home & Garden Pleasure","description":"","publisher":{"@id":"https:\/\/dev.eliassen.nl\/de\/#organization"},"alternateName":"Eliassen.nl","potentialAction":[{"@type":"SearchAction","target":{"@type":"EntryPoint","urlTemplate":"https:\/\/dev.eliassen.nl\/de\/?s={search_term_string}"},"query-input":{"@type":"PropertyValueSpecification","valueRequired":true,"valueName":"search_term_string"}}],"inLanguage":"de"},{"@type":"Organization","@id":"https:\/\/dev.eliassen.nl\/de\/#organization","name":"Eliassen Home & Garden Pleasure","url":"https:\/\/dev.eliassen.nl\/de\/","logo":{"@type":"ImageObject","inLanguage":"de","@id":"https:\/\/dev.eliassen.nl\/de\/#\/schema\/logo\/image\/","url":"https:\/\/www.eliassen.nl\/wp-content\/uploads\/2024\/01\/logo_4nd.jpg","contentUrl":"https:\/\/www.eliassen.nl\/wp-content\/uploads\/2024\/01\/logo_4nd.jpg","width":500,"height":500,"caption":"Eliassen Home & Garden Pleasure"},"image":{"@id":"https:\/\/dev.eliassen.nl\/de\/#\/schema\/logo\/image\/"},"sameAs":["https:\/\/www.facebook.com\/TuincentrumEliassenAmmerzoden","https:\/\/www.instagram.com\/eliassenhomeandgarden\/","https:\/\/nl.pinterest.com\/eliassenhomeandgarden\/","https:\/\/www.youtube.com\/@eliassenhomegardenpleasure4558"]}]}},"df_price":99,"df_sale_price":"","df_regular_price":99,"df_image_link":"https:\/\/dev.eliassen.nl\/wp-content\/uploads\/2024\/01\/md16106.jpg","image":"https:\/\/dev.eliassen.nl\/wp-content\/uploads\/2024\/01\/md16106.jpg","price_search":"<span class=\"woocommerce-Price-amount amount\"><bdi><span class=\"woocommerce-Price-currencySymbol\">&euro;<\/span>&nbsp;99,00<\/bdi><\/span>","category":"Dekofiguren aus Metall","_links":{"self":[{"href":"https:\/\/dev.eliassen.nl\/de\/wp-json\/wp\/v2\/product\/14125","targetHints":{"allow":["GET"]}}],"collection":[{"href":"https:\/\/dev.eliassen.nl\/de\/wp-json\/wp\/v2\/product"}],"about":[{"href":"https:\/\/dev.eliassen.nl\/de\/wp-json\/wp\/v2\/types\/product"}],"wp:featuredmedia":[{"embeddable":true,"href":"https:\/\/dev.eliassen.nl\/de\/wp-json\/wp\/v2\/media\/14122"}],"wp:attachment":[{"href":"https:\/\/dev.eliassen.nl\/de\/wp-json\/wp\/v2\/media?parent=14125"}],"wp:term":[{"taxonomy":"product_brand","embeddable":true,"href":"https:\/\/dev.eliassen.nl\/de\/wp-json\/wp\/v2\/product_brand?post=14125"},{"taxonomy":"product_cat","embeddable":true,"href":"https:\/\/dev.eliassen.nl\/de\/wp-json\/wp\/v2\/product_cat?post=14125"},{"taxonomy":"product_tag","embeddable":true,"href":"https:\/\/dev.eliassen.nl\/de\/wp-json\/wp\/v2\/product_tag?post=14125"}],"curies":[{"name":"wp","href":"https:\/\/api.w.org\/{rel}","templated":true}]}}