{"id":14323,"date":"2019-10-28T18:01:45","date_gmt":"2019-10-28T17:01:45","guid":{"rendered":"https:\/\/www.eliassen.nl\/?product=toucan-aufzublicken"},"modified":"2024-12-05T15:21:04","modified_gmt":"2024-12-05T14:21:04","slug":"toucan-vogelstatue-die-oben-schaut","status":"publish","type":"product","link":"https:\/\/dev.eliassen.nl\/de\/toucan-vogelstatue-die-oben-schaut\/","title":{"rendered":"Toucan-Vogelstatue, die oben schaut"},"content":{"rendered":"<p>Eine sehr einzigartige Statue, diese Tukan-Vogelstatue, die vollst\u00e4ndig von Hand aus einer harten Marmorart hergestellt wird. Sieht auch au\u00dfen sch\u00f6n aus. Sehr sch\u00f6n detailliertes Modell. Die Beine sind komplett ausgearbeitet.<\/p>\n<p>Kein Serienmodell, das einzige seiner Art und nirgendwo anders zu kaufen.<\/p>\n<ul>\n<li>Die Gr\u00f6\u00dfe betr\u00e4gt 62 x 45 x 20 cm.<\/li>\n<\/ul>\n","protected":false},"excerpt":{"rendered":"<p>Eine sehr einzigartige Statue, diese Tukan-Vogelstatue, die vollst\u00e4ndig von Hand aus einer harten Marmorart hergestellt wird. Sieht auch au\u00dfen sch\u00f6n aus. Sehr sch\u00f6n detailliertes Modell. Die Beine sind komplett ausgearbeitet. Kein Serienmodell, das einzige seiner Art und nirgendwo anders zu kaufen. Die Gr\u00f6\u00dfe betr\u00e4gt 62 x 45 x 20 cm.<\/p>\n","protected":false},"featured_media":14314,"template":"","meta":{"_acf_changed":false},"product_brand":[],"product_cat":[677,719,7076],"product_tag":[],"class_list":{"0":"post-14323","1":"product","2":"type-product","3":"status-publish","4":"has-post-thumbnail","6":"product_cat-betonstatuen","7":"product_cat-statuen-aus-naturstein","8":"product_cat-statues-figures","10":"first","11":"instock","12":"taxable","13":"shipping-taxable","14":"purchasable","15":"product-type-simple"},"acf":[],"yoast_head":"<!-- This site is optimized with the Yoast SEO plugin v23.8 - https:\/\/yoast.com\/wordpress\/plugins\/seo\/ -->\n<title>Vogelstatue Tukan nach oben schauend | Handarbeit | Eliassen.nl<\/title>\n<meta name=\"description\" content=\"Eine Vogelstatue kaufen? Schauen Sie sich diese wundersch\u00f6ne EINZIGARTIGE Tukan-Vogelfigur an. Sowohl f\u00fcr drinnen als auch drau\u00dfen geeignet. Nirgendwo sonst ...\" \/>\n<meta name=\"robots\" content=\"noindex, follow, max-snippet:-1, max-image-preview:large, max-video-preview:-1\" \/>\n<meta property=\"og:locale\" content=\"de_DE\" \/>\n<meta property=\"og:type\" content=\"article\" \/>\n<meta property=\"og:title\" content=\"Vogelstatue Tukan nach oben schauend | Handarbeit | Eliassen.nl\" \/>\n<meta property=\"og:description\" content=\"Eine Vogelstatue kaufen? Schauen Sie sich diese wundersch\u00f6ne EINZIGARTIGE Tukan-Vogelfigur an. Sowohl f\u00fcr drinnen als auch drau\u00dfen geeignet. Nirgendwo sonst ...\" \/>\n<meta property=\"og:url\" content=\"https:\/\/dev.eliassen.nl\/de\/toucan-vogelstatue-die-oben-schaut\/\" \/>\n<meta property=\"og:site_name\" content=\"Eliassen.nl\" \/>\n<meta property=\"article:publisher\" content=\"https:\/\/www.facebook.com\/TuincentrumEliassenAmmerzoden\" \/>\n<meta property=\"article:modified_time\" content=\"2024-12-05T14:21:04+00:00\" \/>\n<meta property=\"og:image\" content=\"https:\/\/dev.eliassen.nl\/wp-content\/uploads\/2024\/01\/toekanvogelbeeldomhoogkijkendeliassennl.png\" \/>\n\t<meta property=\"og:image:width\" content=\"563\" \/>\n\t<meta property=\"og:image:height\" content=\"1000\" \/>\n\t<meta property=\"og:image:type\" content=\"image\/png\" \/>\n<meta name=\"twitter:card\" content=\"summary_large_image\" \/>\n<script type=\"application\/ld+json\" class=\"yoast-schema-graph\">{\"@context\":\"https:\/\/schema.org\",\"@graph\":[{\"@type\":\"WebPage\",\"@id\":\"https:\/\/dev.eliassen.nl\/de\/toucan-vogelstatue-die-oben-schaut\/\",\"url\":\"https:\/\/dev.eliassen.nl\/de\/toucan-vogelstatue-die-oben-schaut\/\",\"name\":\"Vogelstatue Tukan nach oben schauend | Handarbeit | Eliassen.nl\",\"isPartOf\":{\"@id\":\"https:\/\/dev.eliassen.nl\/de\/#website\"},\"primaryImageOfPage\":{\"@id\":\"https:\/\/dev.eliassen.nl\/de\/toucan-vogelstatue-die-oben-schaut\/#primaryimage\"},\"image\":{\"@id\":\"https:\/\/dev.eliassen.nl\/de\/toucan-vogelstatue-die-oben-schaut\/#primaryimage\"},\"thumbnailUrl\":\"https:\/\/dev.eliassen.nl\/wp-content\/uploads\/2024\/01\/toekanvogelbeeldomhoogkijkendeliassennl.png\",\"datePublished\":\"2019-10-28T17:01:45+00:00\",\"dateModified\":\"2024-12-05T14:21:04+00:00\",\"description\":\"Eine Vogelstatue kaufen? Schauen Sie sich diese wundersch\u00f6ne EINZIGARTIGE Tukan-Vogelfigur an. Sowohl f\u00fcr drinnen als auch drau\u00dfen geeignet. Nirgendwo sonst ...\",\"breadcrumb\":{\"@id\":\"https:\/\/dev.eliassen.nl\/de\/toucan-vogelstatue-die-oben-schaut\/#breadcrumb\"},\"inLanguage\":\"de\",\"potentialAction\":[{\"@type\":\"ReadAction\",\"target\":[\"https:\/\/dev.eliassen.nl\/de\/toucan-vogelstatue-die-oben-schaut\/\"]}]},{\"@type\":\"ImageObject\",\"inLanguage\":\"de\",\"@id\":\"https:\/\/dev.eliassen.nl\/de\/toucan-vogelstatue-die-oben-schaut\/#primaryimage\",\"url\":\"https:\/\/dev.eliassen.nl\/wp-content\/uploads\/2024\/01\/toekanvogelbeeldomhoogkijkendeliassennl.png\",\"contentUrl\":\"https:\/\/dev.eliassen.nl\/wp-content\/uploads\/2024\/01\/toekanvogelbeeldomhoogkijkendeliassennl.png\",\"width\":563,\"height\":1000,\"caption\":\"Toekan vogel beeld omhoogkijkend eliassen.nl\"},{\"@type\":\"BreadcrumbList\",\"@id\":\"https:\/\/dev.eliassen.nl\/de\/toucan-vogelstatue-die-oben-schaut\/#breadcrumb\",\"itemListElement\":[{\"@type\":\"ListItem\",\"position\":1,\"name\":\"Home\",\"item\":\"https:\/\/dev.eliassen.nl\/de\/\"},{\"@type\":\"ListItem\",\"position\":2,\"name\":\"Shop\",\"item\":\"https:\/\/dev.eliassen.nl\/nl\/winkel\/\"},{\"@type\":\"ListItem\",\"position\":3,\"name\":\"Statuen-Skulpturen\",\"item\":\"https:\/\/dev.eliassen.nl\/de\/statuen-skulpturen\/\"},{\"@type\":\"ListItem\",\"position\":4,\"name\":\"Betonstatuen\",\"item\":\"https:\/\/dev.eliassen.nl\/de\/bilder\/betonstatuen\/\"},{\"@type\":\"ListItem\",\"position\":5,\"name\":\"Toucan-Vogelstatue, die oben schaut\"}]},{\"@type\":\"WebSite\",\"@id\":\"https:\/\/dev.eliassen.nl\/de\/#website\",\"url\":\"https:\/\/dev.eliassen.nl\/de\/\",\"name\":\"Eliassen Home & Garden Pleasure\",\"description\":\"\",\"publisher\":{\"@id\":\"https:\/\/dev.eliassen.nl\/de\/#organization\"},\"alternateName\":\"Eliassen.nl\",\"potentialAction\":[{\"@type\":\"SearchAction\",\"target\":{\"@type\":\"EntryPoint\",\"urlTemplate\":\"https:\/\/dev.eliassen.nl\/de\/?s={search_term_string}\"},\"query-input\":{\"@type\":\"PropertyValueSpecification\",\"valueRequired\":true,\"valueName\":\"search_term_string\"}}],\"inLanguage\":\"de\"},{\"@type\":\"Organization\",\"@id\":\"https:\/\/dev.eliassen.nl\/de\/#organization\",\"name\":\"Eliassen Home & Garden Pleasure\",\"url\":\"https:\/\/dev.eliassen.nl\/de\/\",\"logo\":{\"@type\":\"ImageObject\",\"inLanguage\":\"de\",\"@id\":\"https:\/\/dev.eliassen.nl\/de\/#\/schema\/logo\/image\/\",\"url\":\"https:\/\/www.eliassen.nl\/wp-content\/uploads\/2024\/01\/logo_4nd.jpg\",\"contentUrl\":\"https:\/\/www.eliassen.nl\/wp-content\/uploads\/2024\/01\/logo_4nd.jpg\",\"width\":500,\"height\":500,\"caption\":\"Eliassen Home & Garden Pleasure\"},\"image\":{\"@id\":\"https:\/\/dev.eliassen.nl\/de\/#\/schema\/logo\/image\/\"},\"sameAs\":[\"https:\/\/www.facebook.com\/TuincentrumEliassenAmmerzoden\",\"https:\/\/www.instagram.com\/eliassenhomeandgarden\/\",\"https:\/\/nl.pinterest.com\/eliassenhomeandgarden\/\",\"https:\/\/www.youtube.com\/@eliassenhomegardenpleasure4558\"]}]}<\/script>\n<!-- \/ Yoast SEO plugin. -->","yoast_head_json":{"title":"Vogelstatue Tukan nach oben schauend | Handarbeit | Eliassen.nl","description":"Eine Vogelstatue kaufen? Schauen Sie sich diese wundersch\u00f6ne EINZIGARTIGE Tukan-Vogelfigur an. Sowohl f\u00fcr drinnen als auch drau\u00dfen geeignet. Nirgendwo sonst ...","robots":{"index":"noindex","follow":"follow","max-snippet":"max-snippet:-1","max-image-preview":"max-image-preview:large","max-video-preview":"max-video-preview:-1"},"og_locale":"de_DE","og_type":"article","og_title":"Vogelstatue Tukan nach oben schauend | Handarbeit | Eliassen.nl","og_description":"Eine Vogelstatue kaufen? Schauen Sie sich diese wundersch\u00f6ne EINZIGARTIGE Tukan-Vogelfigur an. Sowohl f\u00fcr drinnen als auch drau\u00dfen geeignet. Nirgendwo sonst ...","og_url":"https:\/\/dev.eliassen.nl\/de\/toucan-vogelstatue-die-oben-schaut\/","og_site_name":"Eliassen.nl","article_publisher":"https:\/\/www.facebook.com\/TuincentrumEliassenAmmerzoden","article_modified_time":"2024-12-05T14:21:04+00:00","og_image":[{"width":563,"height":1000,"url":"https:\/\/dev.eliassen.nl\/wp-content\/uploads\/2024\/01\/toekanvogelbeeldomhoogkijkendeliassennl.png","type":"image\/png"}],"twitter_card":"summary_large_image","schema":{"@context":"https:\/\/schema.org","@graph":[{"@type":"WebPage","@id":"https:\/\/dev.eliassen.nl\/de\/toucan-vogelstatue-die-oben-schaut\/","url":"https:\/\/dev.eliassen.nl\/de\/toucan-vogelstatue-die-oben-schaut\/","name":"Vogelstatue Tukan nach oben schauend | Handarbeit | Eliassen.nl","isPartOf":{"@id":"https:\/\/dev.eliassen.nl\/de\/#website"},"primaryImageOfPage":{"@id":"https:\/\/dev.eliassen.nl\/de\/toucan-vogelstatue-die-oben-schaut\/#primaryimage"},"image":{"@id":"https:\/\/dev.eliassen.nl\/de\/toucan-vogelstatue-die-oben-schaut\/#primaryimage"},"thumbnailUrl":"https:\/\/dev.eliassen.nl\/wp-content\/uploads\/2024\/01\/toekanvogelbeeldomhoogkijkendeliassennl.png","datePublished":"2019-10-28T17:01:45+00:00","dateModified":"2024-12-05T14:21:04+00:00","description":"Eine Vogelstatue kaufen? Schauen Sie sich diese wundersch\u00f6ne EINZIGARTIGE Tukan-Vogelfigur an. Sowohl f\u00fcr drinnen als auch drau\u00dfen geeignet. Nirgendwo sonst ...","breadcrumb":{"@id":"https:\/\/dev.eliassen.nl\/de\/toucan-vogelstatue-die-oben-schaut\/#breadcrumb"},"inLanguage":"de","potentialAction":[{"@type":"ReadAction","target":["https:\/\/dev.eliassen.nl\/de\/toucan-vogelstatue-die-oben-schaut\/"]}]},{"@type":"ImageObject","inLanguage":"de","@id":"https:\/\/dev.eliassen.nl\/de\/toucan-vogelstatue-die-oben-schaut\/#primaryimage","url":"https:\/\/dev.eliassen.nl\/wp-content\/uploads\/2024\/01\/toekanvogelbeeldomhoogkijkendeliassennl.png","contentUrl":"https:\/\/dev.eliassen.nl\/wp-content\/uploads\/2024\/01\/toekanvogelbeeldomhoogkijkendeliassennl.png","width":563,"height":1000,"caption":"Toekan vogel beeld omhoogkijkend eliassen.nl"},{"@type":"BreadcrumbList","@id":"https:\/\/dev.eliassen.nl\/de\/toucan-vogelstatue-die-oben-schaut\/#breadcrumb","itemListElement":[{"@type":"ListItem","position":1,"name":"Home","item":"https:\/\/dev.eliassen.nl\/de\/"},{"@type":"ListItem","position":2,"name":"Shop","item":"https:\/\/dev.eliassen.nl\/nl\/winkel\/"},{"@type":"ListItem","position":3,"name":"Statuen-Skulpturen","item":"https:\/\/dev.eliassen.nl\/de\/statuen-skulpturen\/"},{"@type":"ListItem","position":4,"name":"Betonstatuen","item":"https:\/\/dev.eliassen.nl\/de\/bilder\/betonstatuen\/"},{"@type":"ListItem","position":5,"name":"Toucan-Vogelstatue, die oben schaut"}]},{"@type":"WebSite","@id":"https:\/\/dev.eliassen.nl\/de\/#website","url":"https:\/\/dev.eliassen.nl\/de\/","name":"Eliassen Home & Garden Pleasure","description":"","publisher":{"@id":"https:\/\/dev.eliassen.nl\/de\/#organization"},"alternateName":"Eliassen.nl","potentialAction":[{"@type":"SearchAction","target":{"@type":"EntryPoint","urlTemplate":"https:\/\/dev.eliassen.nl\/de\/?s={search_term_string}"},"query-input":{"@type":"PropertyValueSpecification","valueRequired":true,"valueName":"search_term_string"}}],"inLanguage":"de"},{"@type":"Organization","@id":"https:\/\/dev.eliassen.nl\/de\/#organization","name":"Eliassen Home & Garden Pleasure","url":"https:\/\/dev.eliassen.nl\/de\/","logo":{"@type":"ImageObject","inLanguage":"de","@id":"https:\/\/dev.eliassen.nl\/de\/#\/schema\/logo\/image\/","url":"https:\/\/www.eliassen.nl\/wp-content\/uploads\/2024\/01\/logo_4nd.jpg","contentUrl":"https:\/\/www.eliassen.nl\/wp-content\/uploads\/2024\/01\/logo_4nd.jpg","width":500,"height":500,"caption":"Eliassen Home & Garden Pleasure"},"image":{"@id":"https:\/\/dev.eliassen.nl\/de\/#\/schema\/logo\/image\/"},"sameAs":["https:\/\/www.facebook.com\/TuincentrumEliassenAmmerzoden","https:\/\/www.instagram.com\/eliassenhomeandgarden\/","https:\/\/nl.pinterest.com\/eliassenhomeandgarden\/","https:\/\/www.youtube.com\/@eliassenhomegardenpleasure4558"]}]}},"df_price":495,"df_sale_price":"","df_regular_price":495,"df_image_link":"https:\/\/dev.eliassen.nl\/wp-content\/uploads\/2024\/01\/toekanvogelbeeldomhoogkijkendeliassennl.png","image":"https:\/\/dev.eliassen.nl\/wp-content\/uploads\/2024\/01\/toekanvogelbeeldomhoogkijkendeliassennl.png","price_search":"<span class=\"woocommerce-Price-amount amount\"><bdi><span class=\"woocommerce-Price-currencySymbol\">&euro;<\/span>&nbsp;495,00<\/bdi><\/span>","category":"Betonstatuen","_links":{"self":[{"href":"https:\/\/dev.eliassen.nl\/de\/wp-json\/wp\/v2\/product\/14323","targetHints":{"allow":["GET"]}}],"collection":[{"href":"https:\/\/dev.eliassen.nl\/de\/wp-json\/wp\/v2\/product"}],"about":[{"href":"https:\/\/dev.eliassen.nl\/de\/wp-json\/wp\/v2\/types\/product"}],"wp:featuredmedia":[{"embeddable":true,"href":"https:\/\/dev.eliassen.nl\/de\/wp-json\/wp\/v2\/media\/14314"}],"wp:attachment":[{"href":"https:\/\/dev.eliassen.nl\/de\/wp-json\/wp\/v2\/media?parent=14323"}],"wp:term":[{"taxonomy":"product_brand","embeddable":true,"href":"https:\/\/dev.eliassen.nl\/de\/wp-json\/wp\/v2\/product_brand?post=14323"},{"taxonomy":"product_cat","embeddable":true,"href":"https:\/\/dev.eliassen.nl\/de\/wp-json\/wp\/v2\/product_cat?post=14323"},{"taxonomy":"product_tag","embeddable":true,"href":"https:\/\/dev.eliassen.nl\/de\/wp-json\/wp\/v2\/product_tag?post=14323"}],"curies":[{"name":"wp","href":"https:\/\/api.w.org\/{rel}","templated":true}]}}