{"id":14389,"date":"2019-10-28T18:02:27","date_gmt":"2019-10-28T17:02:27","guid":{"rendered":"https:\/\/www.eliassen.nl\/?product=3d-malerei-ruderer"},"modified":"2024-12-05T15:21:13","modified_gmt":"2024-12-05T14:21:13","slug":"3d-malerei-metallruderer-60x180cm","status":"publish","type":"product","link":"https:\/\/dev.eliassen.nl\/de\/3d-malerei-metallruderer-60x180cm\/","title":{"rendered":"3D-Malerei Metallruderer 60x180cm"},"content":{"rendered":"<p>3-D-Gem\u00e4lde eines Ruderpaares in einem indonesischen Ruderboot, vollst\u00e4ndig von Hand gefertigt. Ebenfalls aus Eisen, also auch der Hintergrund. Besondere Tiefenwirkung, da die Figur weiter als der Hintergrund herausragt.<\/p>\n<p>Eine sch\u00f6ne Wanddekoration in Ihrem Zuhause oder zum Beispiel drau\u00dfen unter einer Veranda. Da es sich um Handarbeit handelt, kann die tats\u00e4chliche Ausf\u00fchrung geringf\u00fcgig vom Foto abweichen. Kommen Sie gerne in unseren Shop und sehen Sie sich diese Serie an. Wir haben fast die gesamte Kollektion dieser Serie auf Lager, die die gr\u00f6\u00dfte in den Niederlanden ist!<\/p>\n<ul>\n<li>Gr\u00f6\u00dfe 60 x 180 cm<\/li>\n<li>Einfach mit 2 Schrauben aufzuh\u00e4ngen<\/li>\n<li>Schnell geliefert<\/li>\n<li>Gr\u00f6\u00dfte Sammlung in den Benelux-L\u00e4ndern, die auch live betrachtet werden kann<\/li>\n<\/ul>\n","protected":false},"excerpt":{"rendered":"<p>3-D-Gem\u00e4lde eines Ruderpaares in einem indonesischen Ruderboot, vollst\u00e4ndig von Hand gefertigt. Ebenfalls aus Eisen, also auch der Hintergrund. Besondere Tiefenwirkung, da die Figur weiter als der Hintergrund herausragt. Eine sch\u00f6ne Wanddekoration in Ihrem Zuhause oder zum Beispiel drau\u00dfen unter einer Veranda. Da es sich um Handarbeit handelt, kann die tats\u00e4chliche Ausf\u00fchrung geringf\u00fcgig vom Foto abweichen. &hellip;<\/p>\n","protected":false},"featured_media":14386,"template":"","meta":{"_acf_changed":false},"product_brand":[6928],"product_cat":[419,440,410,1355],"product_tag":[],"class_list":{"0":"post-14389","1":"product","2":"type-product","3":"status-publish","4":"has-post-thumbnail","6":"product_brand-gave-de","7":"product_cat-3d-gemaelde-aus-metall","8":"product_cat-andere-groessen-3d-gemaelde-aus-metall","9":"product_cat-gemaelde","10":"product_cat-sportdekoration","12":"first","13":"instock","14":"taxable","15":"shipping-taxable","16":"purchasable","17":"product-type-simple"},"acf":[],"yoast_head":"<!-- This site is optimized with the Yoast SEO plugin v23.8 - https:\/\/yoast.com\/wordpress\/plugins\/seo\/ -->\n<title>3D-Malerei Metall Ruderer | 60x180cm | Eliassen.nl<\/title>\n<meta name=\"description\" content=\"3D-Malerei Metallruderer bei einem Ruderrennen auf einem Ruderboot auf See. Handgefertigt. Sehen Sie sich LIVE mehr als 1.500 Gem\u00e4lde in...\" \/>\n<meta name=\"robots\" content=\"noindex, follow, max-snippet:-1, max-image-preview:large, max-video-preview:-1\" \/>\n<meta property=\"og:locale\" content=\"de_DE\" \/>\n<meta property=\"og:type\" content=\"article\" \/>\n<meta property=\"og:title\" content=\"3D-Malerei Metall Ruderer | 60x180cm | Eliassen.nl\" \/>\n<meta property=\"og:description\" content=\"3D-Malerei Metallruderer bei einem Ruderrennen auf einem Ruderboot auf See. Handgefertigt. Sehen Sie sich LIVE mehr als 1.500 Gem\u00e4lde in...\" \/>\n<meta property=\"og:url\" content=\"https:\/\/dev.eliassen.nl\/de\/3d-malerei-metallruderer-60x180cm\/\" \/>\n<meta property=\"og:site_name\" content=\"Eliassen.nl\" \/>\n<meta property=\"article:publisher\" content=\"https:\/\/www.facebook.com\/TuincentrumEliassenAmmerzoden\" \/>\n<meta property=\"article:modified_time\" content=\"2024-12-05T14:21:13+00:00\" \/>\n<meta property=\"og:image\" content=\"https:\/\/dev.eliassen.nl\/wp-content\/uploads\/2024\/01\/3dschilderijmetaalroeiers60x180cmeliassennl.jpg\" \/>\n\t<meta property=\"og:image:width\" content=\"800\" \/>\n\t<meta property=\"og:image:height\" content=\"250\" \/>\n\t<meta property=\"og:image:type\" content=\"image\/jpeg\" \/>\n<meta name=\"twitter:card\" content=\"summary_large_image\" \/>\n<script type=\"application\/ld+json\" class=\"yoast-schema-graph\">{\"@context\":\"https:\/\/schema.org\",\"@graph\":[{\"@type\":\"WebPage\",\"@id\":\"https:\/\/dev.eliassen.nl\/de\/3d-malerei-metallruderer-60x180cm\/\",\"url\":\"https:\/\/dev.eliassen.nl\/de\/3d-malerei-metallruderer-60x180cm\/\",\"name\":\"3D-Malerei Metall Ruderer | 60x180cm | Eliassen.nl\",\"isPartOf\":{\"@id\":\"https:\/\/dev.eliassen.nl\/de\/#website\"},\"primaryImageOfPage\":{\"@id\":\"https:\/\/dev.eliassen.nl\/de\/3d-malerei-metallruderer-60x180cm\/#primaryimage\"},\"image\":{\"@id\":\"https:\/\/dev.eliassen.nl\/de\/3d-malerei-metallruderer-60x180cm\/#primaryimage\"},\"thumbnailUrl\":\"https:\/\/dev.eliassen.nl\/wp-content\/uploads\/2024\/01\/3dschilderijmetaalroeiers60x180cmeliassennl.jpg\",\"datePublished\":\"2019-10-28T17:02:27+00:00\",\"dateModified\":\"2024-12-05T14:21:13+00:00\",\"description\":\"3D-Malerei Metallruderer bei einem Ruderrennen auf einem Ruderboot auf See. Handgefertigt. Sehen Sie sich LIVE mehr als 1.500 Gem\u00e4lde in...\",\"breadcrumb\":{\"@id\":\"https:\/\/dev.eliassen.nl\/de\/3d-malerei-metallruderer-60x180cm\/#breadcrumb\"},\"inLanguage\":\"de\",\"potentialAction\":[{\"@type\":\"ReadAction\",\"target\":[\"https:\/\/dev.eliassen.nl\/de\/3d-malerei-metallruderer-60x180cm\/\"]}]},{\"@type\":\"ImageObject\",\"inLanguage\":\"de\",\"@id\":\"https:\/\/dev.eliassen.nl\/de\/3d-malerei-metallruderer-60x180cm\/#primaryimage\",\"url\":\"https:\/\/dev.eliassen.nl\/wp-content\/uploads\/2024\/01\/3dschilderijmetaalroeiers60x180cmeliassennl.jpg\",\"contentUrl\":\"https:\/\/dev.eliassen.nl\/wp-content\/uploads\/2024\/01\/3dschilderijmetaalroeiers60x180cmeliassennl.jpg\",\"width\":800,\"height\":250,\"caption\":\"3D schilderij metaal Roeiers 60x180cm | Eliassen.nl\"},{\"@type\":\"BreadcrumbList\",\"@id\":\"https:\/\/dev.eliassen.nl\/de\/3d-malerei-metallruderer-60x180cm\/#breadcrumb\",\"itemListElement\":[{\"@type\":\"ListItem\",\"position\":1,\"name\":\"Home\",\"item\":\"https:\/\/dev.eliassen.nl\/de\/\"},{\"@type\":\"ListItem\",\"position\":2,\"name\":\"Shop\",\"item\":\"https:\/\/dev.eliassen.nl\/nl\/winkel\/\"},{\"@type\":\"ListItem\",\"position\":3,\"name\":\"Gem\u00e4lde\",\"item\":\"https:\/\/dev.eliassen.nl\/de\/gemaelde\/\"},{\"@type\":\"ListItem\",\"position\":4,\"name\":\"3D-Gem\u00e4lde aus Metall\",\"item\":\"https:\/\/dev.eliassen.nl\/de\/gemaelde\/3d-gemaelde-aus-metall\/\"},{\"@type\":\"ListItem\",\"position\":5,\"name\":\"Andere Gr\u00f6\u00dfen 3D-Gem\u00e4lde aus Metall\",\"item\":\"https:\/\/dev.eliassen.nl\/de\/gemaelde\/3d-gemaelde-aus-metall\/andere-groessen-3d-gemaelde-aus-metall\/\"},{\"@type\":\"ListItem\",\"position\":6,\"name\":\"3D-Malerei Metallruderer 60x180cm\"}]},{\"@type\":\"WebSite\",\"@id\":\"https:\/\/dev.eliassen.nl\/de\/#website\",\"url\":\"https:\/\/dev.eliassen.nl\/de\/\",\"name\":\"Eliassen Home & Garden Pleasure\",\"description\":\"\",\"publisher\":{\"@id\":\"https:\/\/dev.eliassen.nl\/de\/#organization\"},\"alternateName\":\"Eliassen.nl\",\"potentialAction\":[{\"@type\":\"SearchAction\",\"target\":{\"@type\":\"EntryPoint\",\"urlTemplate\":\"https:\/\/dev.eliassen.nl\/de\/?s={search_term_string}\"},\"query-input\":{\"@type\":\"PropertyValueSpecification\",\"valueRequired\":true,\"valueName\":\"search_term_string\"}}],\"inLanguage\":\"de\"},{\"@type\":\"Organization\",\"@id\":\"https:\/\/dev.eliassen.nl\/de\/#organization\",\"name\":\"Eliassen Home & Garden Pleasure\",\"url\":\"https:\/\/dev.eliassen.nl\/de\/\",\"logo\":{\"@type\":\"ImageObject\",\"inLanguage\":\"de\",\"@id\":\"https:\/\/dev.eliassen.nl\/de\/#\/schema\/logo\/image\/\",\"url\":\"https:\/\/www.eliassen.nl\/wp-content\/uploads\/2024\/01\/logo_4nd.jpg\",\"contentUrl\":\"https:\/\/www.eliassen.nl\/wp-content\/uploads\/2024\/01\/logo_4nd.jpg\",\"width\":500,\"height\":500,\"caption\":\"Eliassen Home & Garden Pleasure\"},\"image\":{\"@id\":\"https:\/\/dev.eliassen.nl\/de\/#\/schema\/logo\/image\/\"},\"sameAs\":[\"https:\/\/www.facebook.com\/TuincentrumEliassenAmmerzoden\",\"https:\/\/www.instagram.com\/eliassenhomeandgarden\/\",\"https:\/\/nl.pinterest.com\/eliassenhomeandgarden\/\",\"https:\/\/www.youtube.com\/@eliassenhomegardenpleasure4558\"]}]}<\/script>\n<!-- \/ Yoast SEO plugin. -->","yoast_head_json":{"title":"3D-Malerei Metall Ruderer | 60x180cm | Eliassen.nl","description":"3D-Malerei Metallruderer bei einem Ruderrennen auf einem Ruderboot auf See. Handgefertigt. Sehen Sie sich LIVE mehr als 1.500 Gem\u00e4lde in...","robots":{"index":"noindex","follow":"follow","max-snippet":"max-snippet:-1","max-image-preview":"max-image-preview:large","max-video-preview":"max-video-preview:-1"},"og_locale":"de_DE","og_type":"article","og_title":"3D-Malerei Metall Ruderer | 60x180cm | Eliassen.nl","og_description":"3D-Malerei Metallruderer bei einem Ruderrennen auf einem Ruderboot auf See. Handgefertigt. Sehen Sie sich LIVE mehr als 1.500 Gem\u00e4lde in...","og_url":"https:\/\/dev.eliassen.nl\/de\/3d-malerei-metallruderer-60x180cm\/","og_site_name":"Eliassen.nl","article_publisher":"https:\/\/www.facebook.com\/TuincentrumEliassenAmmerzoden","article_modified_time":"2024-12-05T14:21:13+00:00","og_image":[{"width":800,"height":250,"url":"https:\/\/dev.eliassen.nl\/wp-content\/uploads\/2024\/01\/3dschilderijmetaalroeiers60x180cmeliassennl.jpg","type":"image\/jpeg"}],"twitter_card":"summary_large_image","schema":{"@context":"https:\/\/schema.org","@graph":[{"@type":"WebPage","@id":"https:\/\/dev.eliassen.nl\/de\/3d-malerei-metallruderer-60x180cm\/","url":"https:\/\/dev.eliassen.nl\/de\/3d-malerei-metallruderer-60x180cm\/","name":"3D-Malerei Metall Ruderer | 60x180cm | Eliassen.nl","isPartOf":{"@id":"https:\/\/dev.eliassen.nl\/de\/#website"},"primaryImageOfPage":{"@id":"https:\/\/dev.eliassen.nl\/de\/3d-malerei-metallruderer-60x180cm\/#primaryimage"},"image":{"@id":"https:\/\/dev.eliassen.nl\/de\/3d-malerei-metallruderer-60x180cm\/#primaryimage"},"thumbnailUrl":"https:\/\/dev.eliassen.nl\/wp-content\/uploads\/2024\/01\/3dschilderijmetaalroeiers60x180cmeliassennl.jpg","datePublished":"2019-10-28T17:02:27+00:00","dateModified":"2024-12-05T14:21:13+00:00","description":"3D-Malerei Metallruderer bei einem Ruderrennen auf einem Ruderboot auf See. Handgefertigt. Sehen Sie sich LIVE mehr als 1.500 Gem\u00e4lde in...","breadcrumb":{"@id":"https:\/\/dev.eliassen.nl\/de\/3d-malerei-metallruderer-60x180cm\/#breadcrumb"},"inLanguage":"de","potentialAction":[{"@type":"ReadAction","target":["https:\/\/dev.eliassen.nl\/de\/3d-malerei-metallruderer-60x180cm\/"]}]},{"@type":"ImageObject","inLanguage":"de","@id":"https:\/\/dev.eliassen.nl\/de\/3d-malerei-metallruderer-60x180cm\/#primaryimage","url":"https:\/\/dev.eliassen.nl\/wp-content\/uploads\/2024\/01\/3dschilderijmetaalroeiers60x180cmeliassennl.jpg","contentUrl":"https:\/\/dev.eliassen.nl\/wp-content\/uploads\/2024\/01\/3dschilderijmetaalroeiers60x180cmeliassennl.jpg","width":800,"height":250,"caption":"3D schilderij metaal Roeiers 60x180cm | Eliassen.nl"},{"@type":"BreadcrumbList","@id":"https:\/\/dev.eliassen.nl\/de\/3d-malerei-metallruderer-60x180cm\/#breadcrumb","itemListElement":[{"@type":"ListItem","position":1,"name":"Home","item":"https:\/\/dev.eliassen.nl\/de\/"},{"@type":"ListItem","position":2,"name":"Shop","item":"https:\/\/dev.eliassen.nl\/nl\/winkel\/"},{"@type":"ListItem","position":3,"name":"Gem\u00e4lde","item":"https:\/\/dev.eliassen.nl\/de\/gemaelde\/"},{"@type":"ListItem","position":4,"name":"3D-Gem\u00e4lde aus Metall","item":"https:\/\/dev.eliassen.nl\/de\/gemaelde\/3d-gemaelde-aus-metall\/"},{"@type":"ListItem","position":5,"name":"Andere Gr\u00f6\u00dfen 3D-Gem\u00e4lde aus Metall","item":"https:\/\/dev.eliassen.nl\/de\/gemaelde\/3d-gemaelde-aus-metall\/andere-groessen-3d-gemaelde-aus-metall\/"},{"@type":"ListItem","position":6,"name":"3D-Malerei Metallruderer 60x180cm"}]},{"@type":"WebSite","@id":"https:\/\/dev.eliassen.nl\/de\/#website","url":"https:\/\/dev.eliassen.nl\/de\/","name":"Eliassen Home & Garden Pleasure","description":"","publisher":{"@id":"https:\/\/dev.eliassen.nl\/de\/#organization"},"alternateName":"Eliassen.nl","potentialAction":[{"@type":"SearchAction","target":{"@type":"EntryPoint","urlTemplate":"https:\/\/dev.eliassen.nl\/de\/?s={search_term_string}"},"query-input":{"@type":"PropertyValueSpecification","valueRequired":true,"valueName":"search_term_string"}}],"inLanguage":"de"},{"@type":"Organization","@id":"https:\/\/dev.eliassen.nl\/de\/#organization","name":"Eliassen Home & Garden Pleasure","url":"https:\/\/dev.eliassen.nl\/de\/","logo":{"@type":"ImageObject","inLanguage":"de","@id":"https:\/\/dev.eliassen.nl\/de\/#\/schema\/logo\/image\/","url":"https:\/\/www.eliassen.nl\/wp-content\/uploads\/2024\/01\/logo_4nd.jpg","contentUrl":"https:\/\/www.eliassen.nl\/wp-content\/uploads\/2024\/01\/logo_4nd.jpg","width":500,"height":500,"caption":"Eliassen Home & Garden Pleasure"},"image":{"@id":"https:\/\/dev.eliassen.nl\/de\/#\/schema\/logo\/image\/"},"sameAs":["https:\/\/www.facebook.com\/TuincentrumEliassenAmmerzoden","https:\/\/www.instagram.com\/eliassenhomeandgarden\/","https:\/\/nl.pinterest.com\/eliassenhomeandgarden\/","https:\/\/www.youtube.com\/@eliassenhomegardenpleasure4558"]}]}},"df_price":209,"df_sale_price":"","df_regular_price":209,"df_image_link":"https:\/\/dev.eliassen.nl\/wp-content\/uploads\/2024\/01\/3dschilderijmetaalroeiers60x180cmeliassennl.jpg","image":"https:\/\/dev.eliassen.nl\/wp-content\/uploads\/2024\/01\/3dschilderijmetaalroeiers60x180cmeliassennl.jpg","price_search":"<span class=\"woocommerce-Price-amount amount\"><bdi><span class=\"woocommerce-Price-currencySymbol\">&euro;<\/span>&nbsp;209,00<\/bdi><\/span>","category":"3D-Gem\u00e4lde aus Metall","_links":{"self":[{"href":"https:\/\/dev.eliassen.nl\/de\/wp-json\/wp\/v2\/product\/14389","targetHints":{"allow":["GET"]}}],"collection":[{"href":"https:\/\/dev.eliassen.nl\/de\/wp-json\/wp\/v2\/product"}],"about":[{"href":"https:\/\/dev.eliassen.nl\/de\/wp-json\/wp\/v2\/types\/product"}],"wp:featuredmedia":[{"embeddable":true,"href":"https:\/\/dev.eliassen.nl\/de\/wp-json\/wp\/v2\/media\/14386"}],"wp:attachment":[{"href":"https:\/\/dev.eliassen.nl\/de\/wp-json\/wp\/v2\/media?parent=14389"}],"wp:term":[{"taxonomy":"product_brand","embeddable":true,"href":"https:\/\/dev.eliassen.nl\/de\/wp-json\/wp\/v2\/product_brand?post=14389"},{"taxonomy":"product_cat","embeddable":true,"href":"https:\/\/dev.eliassen.nl\/de\/wp-json\/wp\/v2\/product_cat?post=14389"},{"taxonomy":"product_tag","embeddable":true,"href":"https:\/\/dev.eliassen.nl\/de\/wp-json\/wp\/v2\/product_tag?post=14389"}],"curies":[{"name":"wp","href":"https:\/\/api.w.org\/{rel}","templated":true}]}}