{"id":14455,"date":"2019-10-28T18:03:10","date_gmt":"2019-10-28T17:03:10","guid":{"rendered":"https:\/\/www.eliassen.nl\/?product=landkarte-von-palaeontologie"},"modified":"2024-12-05T15:21:23","modified_gmt":"2024-12-05T14:21:23","slug":"landkarte-von-palaontologie","status":"publish","type":"product","link":"https:\/\/dev.eliassen.nl\/de\/landkarte-von-palaontologie\/","title":{"rendered":"Landkarte von Pal\u00e4ontologie"},"content":{"rendered":"<p>Diese Wandkarte mit einem alten Bild einer alten wissenschaftlichen Karte ist ein erschwingliches St\u00fcck Wanddekoration f\u00fcr jeden m\u00f6glichen Innenraum. Dieser Schulschild ist aus echtem Leinen, also kein Papier. Die Gr\u00f6\u00dfe dieser Roll-up-Wanddekoration betr\u00e4gt 60x53xm.<\/p>\n<p><strong>Wir haben auch fast die gesamte Kollektion dieser Serie in dem Fall.<\/strong> <br \/><strong>Nirgendwo sonst finden Sie eine so gro\u00dfe Wanddekoration. Sie sind herzlich willkommen.<\/strong><\/p>\n<ul>\n<li>Material: Leinen mit Holzlatten und h\u00e4ngendem Seil.<\/li>\n<li>Gr\u00f6\u00dfe: 60x53cm<\/li>\n<li>Rollbar<\/li>\n<li>Ab Lager verf\u00fcgbar<\/li>\n<li>Nur f\u00fcr den Innenbereich.<\/li>\n<\/ul>\n","protected":false},"excerpt":{"rendered":"<p>Diese Wandkarte mit einem alten Bild einer alten wissenschaftlichen Karte ist ein erschwingliches St\u00fcck Wanddekoration f\u00fcr jeden m\u00f6glichen Innenraum. Dieser Schulschild ist aus echtem Leinen, also kein Papier. Die Gr\u00f6\u00dfe dieser Roll-up-Wanddekoration betr\u00e4gt 60x53xm. Wir haben auch fast die gesamte Kollektion dieser Serie in dem Fall. Nirgendwo sonst finden Sie eine so gro\u00dfe Wanddekoration. Sie &hellip;<\/p>\n","protected":false},"featured_media":14452,"template":"","meta":{"_acf_changed":false},"product_brand":[6916],"product_cat":[509,530],"product_tag":[],"class_list":{"0":"post-14455","1":"product","2":"type-product","3":"status-publish","4":"has-post-thumbnail","6":"product_brand-eliassen-de","7":"product_cat-wanddekoration","8":"product_cat-wandkarten-leinwand","10":"first","11":"instock","12":"taxable","13":"shipping-taxable","14":"purchasable","15":"product-type-simple"},"acf":[],"yoast_head":"<!-- This site is optimized with the Yoast SEO plugin v23.8 - https:\/\/yoast.com\/wordpress\/plugins\/seo\/ -->\n<title>Landkarte von Pal\u00e4ontologie<\/title>\n<meta name=\"description\" content=\"Wandkaart Palaeontological Map in prachtige stijl opgemaakt. We bieden diverse kaarten van de wereld en steden. Gemaakt van Linnen. Bekijk onze wandkaarten.\" \/>\n<meta name=\"robots\" content=\"noindex, follow, max-snippet:-1, max-image-preview:large, max-video-preview:-1\" \/>\n<meta property=\"og:locale\" content=\"de_DE\" \/>\n<meta property=\"og:type\" content=\"article\" \/>\n<meta property=\"og:title\" content=\"Landkarte von Pal\u00e4ontologie\" \/>\n<meta property=\"og:description\" content=\"Wandkaart Palaeontological Map in prachtige stijl opgemaakt. We bieden diverse kaarten van de wereld en steden. Gemaakt van Linnen. Bekijk onze wandkaarten.\" \/>\n<meta property=\"og:url\" content=\"https:\/\/dev.eliassen.nl\/de\/landkarte-von-palaontologie\/\" \/>\n<meta property=\"og:site_name\" content=\"Eliassen.nl\" \/>\n<meta property=\"article:publisher\" content=\"https:\/\/www.facebook.com\/TuincentrumEliassenAmmerzoden\" \/>\n<meta property=\"article:modified_time\" content=\"2024-12-05T14:21:23+00:00\" \/>\n<meta property=\"og:image\" content=\"https:\/\/dev.eliassen.nl\/wp-content\/uploads\/2024\/01\/sj008.jpg\" \/>\n\t<meta property=\"og:image:width\" content=\"1024\" \/>\n\t<meta property=\"og:image:height\" content=\"920\" \/>\n\t<meta property=\"og:image:type\" content=\"image\/jpeg\" \/>\n<meta name=\"twitter:card\" content=\"summary_large_image\" \/>\n<script type=\"application\/ld+json\" class=\"yoast-schema-graph\">{\"@context\":\"https:\/\/schema.org\",\"@graph\":[{\"@type\":\"WebPage\",\"@id\":\"https:\/\/dev.eliassen.nl\/de\/landkarte-von-palaontologie\/\",\"url\":\"https:\/\/dev.eliassen.nl\/de\/landkarte-von-palaontologie\/\",\"name\":\"Landkarte von Pal\u00e4ontologie\",\"isPartOf\":{\"@id\":\"https:\/\/dev.eliassen.nl\/de\/#website\"},\"primaryImageOfPage\":{\"@id\":\"https:\/\/dev.eliassen.nl\/de\/landkarte-von-palaontologie\/#primaryimage\"},\"image\":{\"@id\":\"https:\/\/dev.eliassen.nl\/de\/landkarte-von-palaontologie\/#primaryimage\"},\"thumbnailUrl\":\"https:\/\/dev.eliassen.nl\/wp-content\/uploads\/2024\/01\/sj008.jpg\",\"datePublished\":\"2019-10-28T17:03:10+00:00\",\"dateModified\":\"2024-12-05T14:21:23+00:00\",\"description\":\"Wandkaart Palaeontological Map in prachtige stijl opgemaakt. We bieden diverse kaarten van de wereld en steden. Gemaakt van Linnen. Bekijk onze wandkaarten.\",\"breadcrumb\":{\"@id\":\"https:\/\/dev.eliassen.nl\/de\/landkarte-von-palaontologie\/#breadcrumb\"},\"inLanguage\":\"de\",\"potentialAction\":[{\"@type\":\"ReadAction\",\"target\":[\"https:\/\/dev.eliassen.nl\/de\/landkarte-von-palaontologie\/\"]}]},{\"@type\":\"ImageObject\",\"inLanguage\":\"de\",\"@id\":\"https:\/\/dev.eliassen.nl\/de\/landkarte-von-palaontologie\/#primaryimage\",\"url\":\"https:\/\/dev.eliassen.nl\/wp-content\/uploads\/2024\/01\/sj008.jpg\",\"contentUrl\":\"https:\/\/dev.eliassen.nl\/wp-content\/uploads\/2024\/01\/sj008.jpg\",\"width\":1024,\"height\":920,\"caption\":\"sj-008\"},{\"@type\":\"BreadcrumbList\",\"@id\":\"https:\/\/dev.eliassen.nl\/de\/landkarte-von-palaontologie\/#breadcrumb\",\"itemListElement\":[{\"@type\":\"ListItem\",\"position\":1,\"name\":\"Home\",\"item\":\"https:\/\/dev.eliassen.nl\/de\/\"},{\"@type\":\"ListItem\",\"position\":2,\"name\":\"Shop\",\"item\":\"https:\/\/dev.eliassen.nl\/nl\/winkel\/\"},{\"@type\":\"ListItem\",\"position\":3,\"name\":\"Wanddekoration\",\"item\":\"https:\/\/dev.eliassen.nl\/de\/wanddekoration\/\"},{\"@type\":\"ListItem\",\"position\":4,\"name\":\"Wandkarten-Leinwand\",\"item\":\"https:\/\/dev.eliassen.nl\/de\/wanddekoration\/wandkarten-leinwand\/\"},{\"@type\":\"ListItem\",\"position\":5,\"name\":\"Landkarte von Pal\u00e4ontologie\"}]},{\"@type\":\"WebSite\",\"@id\":\"https:\/\/dev.eliassen.nl\/de\/#website\",\"url\":\"https:\/\/dev.eliassen.nl\/de\/\",\"name\":\"Eliassen Home & Garden Pleasure\",\"description\":\"\",\"publisher\":{\"@id\":\"https:\/\/dev.eliassen.nl\/de\/#organization\"},\"alternateName\":\"Eliassen.nl\",\"potentialAction\":[{\"@type\":\"SearchAction\",\"target\":{\"@type\":\"EntryPoint\",\"urlTemplate\":\"https:\/\/dev.eliassen.nl\/de\/?s={search_term_string}\"},\"query-input\":{\"@type\":\"PropertyValueSpecification\",\"valueRequired\":true,\"valueName\":\"search_term_string\"}}],\"inLanguage\":\"de\"},{\"@type\":\"Organization\",\"@id\":\"https:\/\/dev.eliassen.nl\/de\/#organization\",\"name\":\"Eliassen Home & Garden Pleasure\",\"url\":\"https:\/\/dev.eliassen.nl\/de\/\",\"logo\":{\"@type\":\"ImageObject\",\"inLanguage\":\"de\",\"@id\":\"https:\/\/dev.eliassen.nl\/de\/#\/schema\/logo\/image\/\",\"url\":\"https:\/\/www.eliassen.nl\/wp-content\/uploads\/2024\/01\/logo_4nd.jpg\",\"contentUrl\":\"https:\/\/www.eliassen.nl\/wp-content\/uploads\/2024\/01\/logo_4nd.jpg\",\"width\":500,\"height\":500,\"caption\":\"Eliassen Home & Garden Pleasure\"},\"image\":{\"@id\":\"https:\/\/dev.eliassen.nl\/de\/#\/schema\/logo\/image\/\"},\"sameAs\":[\"https:\/\/www.facebook.com\/TuincentrumEliassenAmmerzoden\",\"https:\/\/www.instagram.com\/eliassenhomeandgarden\/\",\"https:\/\/nl.pinterest.com\/eliassenhomeandgarden\/\",\"https:\/\/www.youtube.com\/@eliassenhomegardenpleasure4558\"]}]}<\/script>\n<!-- \/ Yoast SEO plugin. -->","yoast_head_json":{"title":"Landkarte von Pal\u00e4ontologie","description":"Wandkaart Palaeontological Map in prachtige stijl opgemaakt. We bieden diverse kaarten van de wereld en steden. Gemaakt van Linnen. Bekijk onze wandkaarten.","robots":{"index":"noindex","follow":"follow","max-snippet":"max-snippet:-1","max-image-preview":"max-image-preview:large","max-video-preview":"max-video-preview:-1"},"og_locale":"de_DE","og_type":"article","og_title":"Landkarte von Pal\u00e4ontologie","og_description":"Wandkaart Palaeontological Map in prachtige stijl opgemaakt. We bieden diverse kaarten van de wereld en steden. Gemaakt van Linnen. Bekijk onze wandkaarten.","og_url":"https:\/\/dev.eliassen.nl\/de\/landkarte-von-palaontologie\/","og_site_name":"Eliassen.nl","article_publisher":"https:\/\/www.facebook.com\/TuincentrumEliassenAmmerzoden","article_modified_time":"2024-12-05T14:21:23+00:00","og_image":[{"width":1024,"height":920,"url":"https:\/\/dev.eliassen.nl\/wp-content\/uploads\/2024\/01\/sj008.jpg","type":"image\/jpeg"}],"twitter_card":"summary_large_image","schema":{"@context":"https:\/\/schema.org","@graph":[{"@type":"WebPage","@id":"https:\/\/dev.eliassen.nl\/de\/landkarte-von-palaontologie\/","url":"https:\/\/dev.eliassen.nl\/de\/landkarte-von-palaontologie\/","name":"Landkarte von Pal\u00e4ontologie","isPartOf":{"@id":"https:\/\/dev.eliassen.nl\/de\/#website"},"primaryImageOfPage":{"@id":"https:\/\/dev.eliassen.nl\/de\/landkarte-von-palaontologie\/#primaryimage"},"image":{"@id":"https:\/\/dev.eliassen.nl\/de\/landkarte-von-palaontologie\/#primaryimage"},"thumbnailUrl":"https:\/\/dev.eliassen.nl\/wp-content\/uploads\/2024\/01\/sj008.jpg","datePublished":"2019-10-28T17:03:10+00:00","dateModified":"2024-12-05T14:21:23+00:00","description":"Wandkaart Palaeontological Map in prachtige stijl opgemaakt. We bieden diverse kaarten van de wereld en steden. Gemaakt van Linnen. Bekijk onze wandkaarten.","breadcrumb":{"@id":"https:\/\/dev.eliassen.nl\/de\/landkarte-von-palaontologie\/#breadcrumb"},"inLanguage":"de","potentialAction":[{"@type":"ReadAction","target":["https:\/\/dev.eliassen.nl\/de\/landkarte-von-palaontologie\/"]}]},{"@type":"ImageObject","inLanguage":"de","@id":"https:\/\/dev.eliassen.nl\/de\/landkarte-von-palaontologie\/#primaryimage","url":"https:\/\/dev.eliassen.nl\/wp-content\/uploads\/2024\/01\/sj008.jpg","contentUrl":"https:\/\/dev.eliassen.nl\/wp-content\/uploads\/2024\/01\/sj008.jpg","width":1024,"height":920,"caption":"sj-008"},{"@type":"BreadcrumbList","@id":"https:\/\/dev.eliassen.nl\/de\/landkarte-von-palaontologie\/#breadcrumb","itemListElement":[{"@type":"ListItem","position":1,"name":"Home","item":"https:\/\/dev.eliassen.nl\/de\/"},{"@type":"ListItem","position":2,"name":"Shop","item":"https:\/\/dev.eliassen.nl\/nl\/winkel\/"},{"@type":"ListItem","position":3,"name":"Wanddekoration","item":"https:\/\/dev.eliassen.nl\/de\/wanddekoration\/"},{"@type":"ListItem","position":4,"name":"Wandkarten-Leinwand","item":"https:\/\/dev.eliassen.nl\/de\/wanddekoration\/wandkarten-leinwand\/"},{"@type":"ListItem","position":5,"name":"Landkarte von Pal\u00e4ontologie"}]},{"@type":"WebSite","@id":"https:\/\/dev.eliassen.nl\/de\/#website","url":"https:\/\/dev.eliassen.nl\/de\/","name":"Eliassen Home & Garden Pleasure","description":"","publisher":{"@id":"https:\/\/dev.eliassen.nl\/de\/#organization"},"alternateName":"Eliassen.nl","potentialAction":[{"@type":"SearchAction","target":{"@type":"EntryPoint","urlTemplate":"https:\/\/dev.eliassen.nl\/de\/?s={search_term_string}"},"query-input":{"@type":"PropertyValueSpecification","valueRequired":true,"valueName":"search_term_string"}}],"inLanguage":"de"},{"@type":"Organization","@id":"https:\/\/dev.eliassen.nl\/de\/#organization","name":"Eliassen Home & Garden Pleasure","url":"https:\/\/dev.eliassen.nl\/de\/","logo":{"@type":"ImageObject","inLanguage":"de","@id":"https:\/\/dev.eliassen.nl\/de\/#\/schema\/logo\/image\/","url":"https:\/\/www.eliassen.nl\/wp-content\/uploads\/2024\/01\/logo_4nd.jpg","contentUrl":"https:\/\/www.eliassen.nl\/wp-content\/uploads\/2024\/01\/logo_4nd.jpg","width":500,"height":500,"caption":"Eliassen Home & Garden Pleasure"},"image":{"@id":"https:\/\/dev.eliassen.nl\/de\/#\/schema\/logo\/image\/"},"sameAs":["https:\/\/www.facebook.com\/TuincentrumEliassenAmmerzoden","https:\/\/www.instagram.com\/eliassenhomeandgarden\/","https:\/\/nl.pinterest.com\/eliassenhomeandgarden\/","https:\/\/www.youtube.com\/@eliassenhomegardenpleasure4558"]}]}},"df_price":12.5,"df_sale_price":"","df_regular_price":12.5,"df_image_link":"https:\/\/dev.eliassen.nl\/wp-content\/uploads\/2024\/01\/sj008.jpg","image":"https:\/\/dev.eliassen.nl\/wp-content\/uploads\/2024\/01\/sj008.jpg","price_search":"<span class=\"woocommerce-Price-amount amount\"><bdi><span class=\"woocommerce-Price-currencySymbol\">&euro;<\/span>&nbsp;12,50<\/bdi><\/span>","category":"Wanddekoration","_links":{"self":[{"href":"https:\/\/dev.eliassen.nl\/de\/wp-json\/wp\/v2\/product\/14455","targetHints":{"allow":["GET"]}}],"collection":[{"href":"https:\/\/dev.eliassen.nl\/de\/wp-json\/wp\/v2\/product"}],"about":[{"href":"https:\/\/dev.eliassen.nl\/de\/wp-json\/wp\/v2\/types\/product"}],"wp:featuredmedia":[{"embeddable":true,"href":"https:\/\/dev.eliassen.nl\/de\/wp-json\/wp\/v2\/media\/14452"}],"wp:attachment":[{"href":"https:\/\/dev.eliassen.nl\/de\/wp-json\/wp\/v2\/media?parent=14455"}],"wp:term":[{"taxonomy":"product_brand","embeddable":true,"href":"https:\/\/dev.eliassen.nl\/de\/wp-json\/wp\/v2\/product_brand?post=14455"},{"taxonomy":"product_cat","embeddable":true,"href":"https:\/\/dev.eliassen.nl\/de\/wp-json\/wp\/v2\/product_cat?post=14455"},{"taxonomy":"product_tag","embeddable":true,"href":"https:\/\/dev.eliassen.nl\/de\/wp-json\/wp\/v2\/product_tag?post=14455"}],"curies":[{"name":"wp","href":"https:\/\/api.w.org\/{rel}","templated":true}]}}