{"id":14506,"date":"2019-10-28T18:05:06","date_gmt":"2019-10-28T17:05:06","guid":{"rendered":"https:\/\/www.eliassen.nl\/?product=bronzestatue-fette-frau-frauenturnen-1"},"modified":"2024-12-05T15:21:25","modified_gmt":"2024-12-05T14:21:25","slug":"bronzeskulptur-dicke-frauenturnen-1","status":"publish","type":"product","link":"https:\/\/dev.eliassen.nl\/de\/bronzeskulptur-dicke-frauenturnen-1\/","title":{"rendered":"Bronzeskulptur Dicke Frauenturnen 1"},"content":{"rendered":"<p>Sch\u00f6ne moderne Skulptur einer fetten Frau, auf Marmorsockel, aus 100% hochwertiger Bronze mit einem Mindestkupfergehalt von 75%, die eine sehr lange Lebensdauer und keine unsch\u00f6nen Flecken garantiert. Ein sch\u00f6nes und haltbares Dekorationsobjekt f\u00fcr Zuhause, Gesch\u00e4ft oder Garten, aber auch f\u00fcr ein sch\u00f6nes Geschenk. Suchen Sie eine Bronzestatue f\u00fcr ein Jubil\u00e4um? Wir k\u00f6nnen Ihnen auch Textbilder auf dem Podest zur Verf\u00fcgung stellen. <br \/>Die Gr\u00f6\u00dfen sind inkl. Marmorsockel, wenn es auf dem Foto gezeigt wird. Die Farbe des Sockels kann abweichen, da es sich um Naturstein handelt.<\/p>\n<ul>\n<li>Gr\u00f6\u00dfe: H\u00f6he 26,8 cm Breite 15,7 cm L\u00e4nge 9,3 cm.<\/li>\n<li>Kommt mit Zertifikat.<\/li>\n<li>Schnell geliefert.<\/li>\n<li>30 Jahre Garantie.<\/li>\n<li><strong>Bei uns finden Sie die gr\u00f6\u00dfte Sammlung von Bronzestatuen, die live besichtigt werden k\u00f6nnen.<\/strong><\/li>\n<\/ul>\n","protected":false},"excerpt":{"rendered":"<p>Sch\u00f6ne moderne Skulptur einer fetten Frau, auf Marmorsockel, aus 100% hochwertiger Bronze mit einem Mindestkupfergehalt von 75%, die eine sehr lange Lebensdauer und keine unsch\u00f6nen Flecken garantiert. Ein sch\u00f6nes und haltbares Dekorationsobjekt f\u00fcr Zuhause, Gesch\u00e4ft oder Garten, aber auch f\u00fcr ein sch\u00f6nes Geschenk. Suchen Sie eine Bronzestatue f\u00fcr ein Jubil\u00e4um? Wir k\u00f6nnen Ihnen auch Textbilder &hellip;<\/p>\n","protected":false},"featured_media":14494,"template":"","meta":{"_acf_changed":false},"product_brand":[6916],"product_cat":[632,613,7239],"product_tag":[],"class_list":{"0":"post-14506","1":"product","2":"type-product","3":"status-publish","4":"has-post-thumbnail","6":"product_brand-eliassen-de","7":"product_cat-bilder-von-dicken-frauen","8":"product_cat-bronzestatuen","9":"product_cat-statuen-skulpturen","11":"first","12":"instock","13":"taxable","14":"shipping-taxable","15":"purchasable","16":"product-type-simple"},"acf":[],"yoast_head":"<!-- This site is optimized with the Yoast SEO plugin v23.8 - https:\/\/yoast.com\/wordpress\/plugins\/seo\/ -->\n<title>Bronzeskulptur Dicke Frauenturnen 1<\/title>\n<meta name=\"description\" content=\"Bij Eliassen koopt u Bronzen beeld Dikke vrouw gymnastiek 1 online of live te bekijken in de showroom. Bestel direct online.\" \/>\n<meta name=\"robots\" content=\"noindex, follow, max-snippet:-1, max-image-preview:large, max-video-preview:-1\" \/>\n<meta property=\"og:locale\" content=\"de_DE\" \/>\n<meta property=\"og:type\" content=\"article\" \/>\n<meta property=\"og:title\" content=\"Bronzeskulptur Dicke Frauenturnen 1\" \/>\n<meta property=\"og:description\" content=\"Bij Eliassen koopt u Bronzen beeld Dikke vrouw gymnastiek 1 online of live te bekijken in de showroom. Bestel direct online.\" \/>\n<meta property=\"og:url\" content=\"https:\/\/dev.eliassen.nl\/de\/bronzeskulptur-dicke-frauenturnen-1\/\" \/>\n<meta property=\"og:site_name\" content=\"Eliassen.nl\" \/>\n<meta property=\"article:publisher\" content=\"https:\/\/www.facebook.com\/TuincentrumEliassenAmmerzoden\" \/>\n<meta property=\"article:modified_time\" content=\"2024-12-05T14:21:25+00:00\" \/>\n<meta property=\"og:image\" content=\"https:\/\/dev.eliassen.nl\/wp-content\/uploads\/2024\/01\/sl108009.jpg\" \/>\n\t<meta property=\"og:image:width\" content=\"980\" \/>\n\t<meta property=\"og:image:height\" content=\"1024\" \/>\n\t<meta property=\"og:image:type\" content=\"image\/jpeg\" \/>\n<meta name=\"twitter:card\" content=\"summary_large_image\" \/>\n<script type=\"application\/ld+json\" class=\"yoast-schema-graph\">{\"@context\":\"https:\/\/schema.org\",\"@graph\":[{\"@type\":\"WebPage\",\"@id\":\"https:\/\/dev.eliassen.nl\/de\/bronzeskulptur-dicke-frauenturnen-1\/\",\"url\":\"https:\/\/dev.eliassen.nl\/de\/bronzeskulptur-dicke-frauenturnen-1\/\",\"name\":\"Bronzeskulptur Dicke Frauenturnen 1\",\"isPartOf\":{\"@id\":\"https:\/\/dev.eliassen.nl\/de\/#website\"},\"primaryImageOfPage\":{\"@id\":\"https:\/\/dev.eliassen.nl\/de\/bronzeskulptur-dicke-frauenturnen-1\/#primaryimage\"},\"image\":{\"@id\":\"https:\/\/dev.eliassen.nl\/de\/bronzeskulptur-dicke-frauenturnen-1\/#primaryimage\"},\"thumbnailUrl\":\"https:\/\/dev.eliassen.nl\/wp-content\/uploads\/2024\/01\/sl108009.jpg\",\"datePublished\":\"2019-10-28T17:05:06+00:00\",\"dateModified\":\"2024-12-05T14:21:25+00:00\",\"description\":\"Bij Eliassen koopt u Bronzen beeld Dikke vrouw gymnastiek 1 online of live te bekijken in de showroom. Bestel direct online.\",\"breadcrumb\":{\"@id\":\"https:\/\/dev.eliassen.nl\/de\/bronzeskulptur-dicke-frauenturnen-1\/#breadcrumb\"},\"inLanguage\":\"de\",\"potentialAction\":[{\"@type\":\"ReadAction\",\"target\":[\"https:\/\/dev.eliassen.nl\/de\/bronzeskulptur-dicke-frauenturnen-1\/\"]}]},{\"@type\":\"ImageObject\",\"inLanguage\":\"de\",\"@id\":\"https:\/\/dev.eliassen.nl\/de\/bronzeskulptur-dicke-frauenturnen-1\/#primaryimage\",\"url\":\"https:\/\/dev.eliassen.nl\/wp-content\/uploads\/2024\/01\/sl108009.jpg\",\"contentUrl\":\"https:\/\/dev.eliassen.nl\/wp-content\/uploads\/2024\/01\/sl108009.jpg\",\"width\":980,\"height\":1024,\"caption\":\"sl-108-009\"},{\"@type\":\"BreadcrumbList\",\"@id\":\"https:\/\/dev.eliassen.nl\/de\/bronzeskulptur-dicke-frauenturnen-1\/#breadcrumb\",\"itemListElement\":[{\"@type\":\"ListItem\",\"position\":1,\"name\":\"Home\",\"item\":\"https:\/\/dev.eliassen.nl\/de\/\"},{\"@type\":\"ListItem\",\"position\":2,\"name\":\"Shop\",\"item\":\"https:\/\/dev.eliassen.nl\/nl\/winkel\/\"},{\"@type\":\"ListItem\",\"position\":3,\"name\":\"Bronzestatuen\",\"item\":\"https:\/\/dev.eliassen.nl\/de\/bilder\/bronzestatuen\/\"},{\"@type\":\"ListItem\",\"position\":4,\"name\":\"Bilder von dicken Frauen\",\"item\":\"https:\/\/dev.eliassen.nl\/de\/bilder\/bronzestatuen\/bilder-von-dicken-frauen\/\"},{\"@type\":\"ListItem\",\"position\":5,\"name\":\"Bronzeskulptur Dicke Frauenturnen 1\"}]},{\"@type\":\"WebSite\",\"@id\":\"https:\/\/dev.eliassen.nl\/de\/#website\",\"url\":\"https:\/\/dev.eliassen.nl\/de\/\",\"name\":\"Eliassen Home & Garden Pleasure\",\"description\":\"\",\"publisher\":{\"@id\":\"https:\/\/dev.eliassen.nl\/de\/#organization\"},\"alternateName\":\"Eliassen.nl\",\"potentialAction\":[{\"@type\":\"SearchAction\",\"target\":{\"@type\":\"EntryPoint\",\"urlTemplate\":\"https:\/\/dev.eliassen.nl\/de\/?s={search_term_string}\"},\"query-input\":{\"@type\":\"PropertyValueSpecification\",\"valueRequired\":true,\"valueName\":\"search_term_string\"}}],\"inLanguage\":\"de\"},{\"@type\":\"Organization\",\"@id\":\"https:\/\/dev.eliassen.nl\/de\/#organization\",\"name\":\"Eliassen Home & Garden Pleasure\",\"url\":\"https:\/\/dev.eliassen.nl\/de\/\",\"logo\":{\"@type\":\"ImageObject\",\"inLanguage\":\"de\",\"@id\":\"https:\/\/dev.eliassen.nl\/de\/#\/schema\/logo\/image\/\",\"url\":\"https:\/\/www.eliassen.nl\/wp-content\/uploads\/2024\/01\/logo_4nd.jpg\",\"contentUrl\":\"https:\/\/www.eliassen.nl\/wp-content\/uploads\/2024\/01\/logo_4nd.jpg\",\"width\":500,\"height\":500,\"caption\":\"Eliassen Home & Garden Pleasure\"},\"image\":{\"@id\":\"https:\/\/dev.eliassen.nl\/de\/#\/schema\/logo\/image\/\"},\"sameAs\":[\"https:\/\/www.facebook.com\/TuincentrumEliassenAmmerzoden\",\"https:\/\/www.instagram.com\/eliassenhomeandgarden\/\",\"https:\/\/nl.pinterest.com\/eliassenhomeandgarden\/\",\"https:\/\/www.youtube.com\/@eliassenhomegardenpleasure4558\"]}]}<\/script>\n<!-- \/ Yoast SEO plugin. -->","yoast_head_json":{"title":"Bronzeskulptur Dicke Frauenturnen 1","description":"Bij Eliassen koopt u Bronzen beeld Dikke vrouw gymnastiek 1 online of live te bekijken in de showroom. Bestel direct online.","robots":{"index":"noindex","follow":"follow","max-snippet":"max-snippet:-1","max-image-preview":"max-image-preview:large","max-video-preview":"max-video-preview:-1"},"og_locale":"de_DE","og_type":"article","og_title":"Bronzeskulptur Dicke Frauenturnen 1","og_description":"Bij Eliassen koopt u Bronzen beeld Dikke vrouw gymnastiek 1 online of live te bekijken in de showroom. Bestel direct online.","og_url":"https:\/\/dev.eliassen.nl\/de\/bronzeskulptur-dicke-frauenturnen-1\/","og_site_name":"Eliassen.nl","article_publisher":"https:\/\/www.facebook.com\/TuincentrumEliassenAmmerzoden","article_modified_time":"2024-12-05T14:21:25+00:00","og_image":[{"width":980,"height":1024,"url":"https:\/\/dev.eliassen.nl\/wp-content\/uploads\/2024\/01\/sl108009.jpg","type":"image\/jpeg"}],"twitter_card":"summary_large_image","schema":{"@context":"https:\/\/schema.org","@graph":[{"@type":"WebPage","@id":"https:\/\/dev.eliassen.nl\/de\/bronzeskulptur-dicke-frauenturnen-1\/","url":"https:\/\/dev.eliassen.nl\/de\/bronzeskulptur-dicke-frauenturnen-1\/","name":"Bronzeskulptur Dicke Frauenturnen 1","isPartOf":{"@id":"https:\/\/dev.eliassen.nl\/de\/#website"},"primaryImageOfPage":{"@id":"https:\/\/dev.eliassen.nl\/de\/bronzeskulptur-dicke-frauenturnen-1\/#primaryimage"},"image":{"@id":"https:\/\/dev.eliassen.nl\/de\/bronzeskulptur-dicke-frauenturnen-1\/#primaryimage"},"thumbnailUrl":"https:\/\/dev.eliassen.nl\/wp-content\/uploads\/2024\/01\/sl108009.jpg","datePublished":"2019-10-28T17:05:06+00:00","dateModified":"2024-12-05T14:21:25+00:00","description":"Bij Eliassen koopt u Bronzen beeld Dikke vrouw gymnastiek 1 online of live te bekijken in de showroom. Bestel direct online.","breadcrumb":{"@id":"https:\/\/dev.eliassen.nl\/de\/bronzeskulptur-dicke-frauenturnen-1\/#breadcrumb"},"inLanguage":"de","potentialAction":[{"@type":"ReadAction","target":["https:\/\/dev.eliassen.nl\/de\/bronzeskulptur-dicke-frauenturnen-1\/"]}]},{"@type":"ImageObject","inLanguage":"de","@id":"https:\/\/dev.eliassen.nl\/de\/bronzeskulptur-dicke-frauenturnen-1\/#primaryimage","url":"https:\/\/dev.eliassen.nl\/wp-content\/uploads\/2024\/01\/sl108009.jpg","contentUrl":"https:\/\/dev.eliassen.nl\/wp-content\/uploads\/2024\/01\/sl108009.jpg","width":980,"height":1024,"caption":"sl-108-009"},{"@type":"BreadcrumbList","@id":"https:\/\/dev.eliassen.nl\/de\/bronzeskulptur-dicke-frauenturnen-1\/#breadcrumb","itemListElement":[{"@type":"ListItem","position":1,"name":"Home","item":"https:\/\/dev.eliassen.nl\/de\/"},{"@type":"ListItem","position":2,"name":"Shop","item":"https:\/\/dev.eliassen.nl\/nl\/winkel\/"},{"@type":"ListItem","position":3,"name":"Bronzestatuen","item":"https:\/\/dev.eliassen.nl\/de\/bilder\/bronzestatuen\/"},{"@type":"ListItem","position":4,"name":"Bilder von dicken Frauen","item":"https:\/\/dev.eliassen.nl\/de\/bilder\/bronzestatuen\/bilder-von-dicken-frauen\/"},{"@type":"ListItem","position":5,"name":"Bronzeskulptur Dicke Frauenturnen 1"}]},{"@type":"WebSite","@id":"https:\/\/dev.eliassen.nl\/de\/#website","url":"https:\/\/dev.eliassen.nl\/de\/","name":"Eliassen Home & Garden Pleasure","description":"","publisher":{"@id":"https:\/\/dev.eliassen.nl\/de\/#organization"},"alternateName":"Eliassen.nl","potentialAction":[{"@type":"SearchAction","target":{"@type":"EntryPoint","urlTemplate":"https:\/\/dev.eliassen.nl\/de\/?s={search_term_string}"},"query-input":{"@type":"PropertyValueSpecification","valueRequired":true,"valueName":"search_term_string"}}],"inLanguage":"de"},{"@type":"Organization","@id":"https:\/\/dev.eliassen.nl\/de\/#organization","name":"Eliassen Home & Garden Pleasure","url":"https:\/\/dev.eliassen.nl\/de\/","logo":{"@type":"ImageObject","inLanguage":"de","@id":"https:\/\/dev.eliassen.nl\/de\/#\/schema\/logo\/image\/","url":"https:\/\/www.eliassen.nl\/wp-content\/uploads\/2024\/01\/logo_4nd.jpg","contentUrl":"https:\/\/www.eliassen.nl\/wp-content\/uploads\/2024\/01\/logo_4nd.jpg","width":500,"height":500,"caption":"Eliassen Home & Garden Pleasure"},"image":{"@id":"https:\/\/dev.eliassen.nl\/de\/#\/schema\/logo\/image\/"},"sameAs":["https:\/\/www.facebook.com\/TuincentrumEliassenAmmerzoden","https:\/\/www.instagram.com\/eliassenhomeandgarden\/","https:\/\/nl.pinterest.com\/eliassenhomeandgarden\/","https:\/\/www.youtube.com\/@eliassenhomegardenpleasure4558"]}]}},"df_price":119,"df_sale_price":"","df_regular_price":119,"df_image_link":"https:\/\/dev.eliassen.nl\/wp-content\/uploads\/2024\/01\/sl108009.jpg","image":"https:\/\/dev.eliassen.nl\/wp-content\/uploads\/2024\/01\/sl108009.jpg","price_search":"<span class=\"woocommerce-Price-amount amount\"><bdi><span class=\"woocommerce-Price-currencySymbol\">&euro;<\/span>&nbsp;119,00<\/bdi><\/span>","category":"Bilder von dicken Frauen","_links":{"self":[{"href":"https:\/\/dev.eliassen.nl\/de\/wp-json\/wp\/v2\/product\/14506","targetHints":{"allow":["GET"]}}],"collection":[{"href":"https:\/\/dev.eliassen.nl\/de\/wp-json\/wp\/v2\/product"}],"about":[{"href":"https:\/\/dev.eliassen.nl\/de\/wp-json\/wp\/v2\/types\/product"}],"wp:featuredmedia":[{"embeddable":true,"href":"https:\/\/dev.eliassen.nl\/de\/wp-json\/wp\/v2\/media\/14494"}],"wp:attachment":[{"href":"https:\/\/dev.eliassen.nl\/de\/wp-json\/wp\/v2\/media?parent=14506"}],"wp:term":[{"taxonomy":"product_brand","embeddable":true,"href":"https:\/\/dev.eliassen.nl\/de\/wp-json\/wp\/v2\/product_brand?post=14506"},{"taxonomy":"product_cat","embeddable":true,"href":"https:\/\/dev.eliassen.nl\/de\/wp-json\/wp\/v2\/product_cat?post=14506"},{"taxonomy":"product_tag","embeddable":true,"href":"https:\/\/dev.eliassen.nl\/de\/wp-json\/wp\/v2\/product_tag?post=14506"}],"curies":[{"name":"wp","href":"https:\/\/api.w.org\/{rel}","templated":true}]}}