{"id":14695,"date":"2019-10-28T18:07:43","date_gmt":"2019-10-28T17:07:43","guid":{"rendered":"https:\/\/www.eliassen.nl\/?product=vogel-fantasie-rvs-bercadius-angler"},"modified":"2024-12-05T15:21:45","modified_gmt":"2024-12-05T14:21:45","slug":"bird-fantasy-edelstahl-bercadius-angler","status":"publish","type":"product","link":"https:\/\/dev.eliassen.nl\/de\/bird-fantasy-edelstahl-bercadius-angler\/","title":{"rendered":"Bird Fantasy Edelstahl Bercadius Angler"},"content":{"rendered":"<p>Spa\u00df im Garten, aber auch drinnen, diese exklusive Figur eines Fischvogels mit einer Per\u00fccke, mit einem nat\u00fcrlichen Schnabel wie K\u00f6rper. Stabiler Stand mit einer Lebensdauer unter normalen Bedingungen.Wir werden traditionell aus Edelstahl hergestellt. Da es sich um Handarbeit handelt, wird es in jeder Kopie mit dem Foto immer kleine Unterschiede geben, auch kann sich der Boulder in Farbe und Form unterscheiden, dies kann nicht beanstandet werden.<\/p>\n<ul>\n<li>Gr\u00f6\u00dfe 40 cm.<\/li>\n<li>Edelstahl Klasse 304.<\/li>\n<li>Praktisch wartungsfrei.<\/li>\n<li>Exklusive Ausf\u00fchrung.<\/li>\n<li>Schnell geliefert.<\/li>\n<li><strong>Fast alle diese Serien in unserem Fall<\/strong><\/li>\n<\/ul>\n","protected":false},"excerpt":{"rendered":"<p>Spa\u00df im Garten, aber auch drinnen, diese exklusive Figur eines Fischvogels mit einer Per\u00fccke, mit einem nat\u00fcrlichen Schnabel wie K\u00f6rper. Stabiler Stand mit einer Lebensdauer unter normalen Bedingungen.Wir werden traditionell aus Edelstahl hergestellt. Da es sich um Handarbeit handelt, wird es in jeder Kopie mit dem Foto immer kleine Unterschiede geben, auch kann sich der &hellip;<\/p>\n","protected":false},"featured_media":14683,"template":"","meta":{"_acf_changed":false},"product_brand":[],"product_cat":[659,671],"product_tag":[],"class_list":{"0":"post-14695","1":"product","2":"type-product","3":"status-publish","4":"has-post-thumbnail","6":"product_cat-dekoration-aus-metall","7":"product_cat-voegel-aus-edelstahl","9":"first","10":"instock","11":"taxable","12":"shipping-taxable","13":"purchasable","14":"product-type-simple"},"acf":[],"yoast_head":"<!-- This site is optimized with the Yoast SEO plugin v23.8 - https:\/\/yoast.com\/wordpress\/plugins\/seo\/ -->\n<title>Image Bird Edelstahl Bercadius Angler - Eliassen.nl<\/title>\n<meta name=\"description\" content=\"Bild Vogel RVS Bercadius Angler und viele andere Tierfiguren in unserem Webshop. Gro\u00dfe Sammlung von Figuren und Statuen in unserem ...\" \/>\n<meta name=\"robots\" content=\"noindex, follow, max-snippet:-1, max-image-preview:large, max-video-preview:-1\" \/>\n<meta property=\"og:locale\" content=\"de_DE\" \/>\n<meta property=\"og:type\" content=\"article\" \/>\n<meta property=\"og:title\" content=\"Image Bird Edelstahl Bercadius Angler - Eliassen.nl\" \/>\n<meta property=\"og:description\" content=\"Bild Vogel RVS Bercadius Angler und viele andere Tierfiguren in unserem Webshop. Gro\u00dfe Sammlung von Figuren und Statuen in unserem ...\" \/>\n<meta property=\"og:url\" content=\"https:\/\/dev.eliassen.nl\/de\/bird-fantasy-edelstahl-bercadius-angler\/\" \/>\n<meta property=\"og:site_name\" content=\"Eliassen.nl\" \/>\n<meta property=\"article:publisher\" content=\"https:\/\/www.facebook.com\/TuincentrumEliassenAmmerzoden\" \/>\n<meta property=\"article:modified_time\" content=\"2024-12-05T14:21:45+00:00\" \/>\n<meta property=\"og:image\" content=\"https:\/\/dev.eliassen.nl\/wp-content\/uploads\/2024\/01\/bercadiusangler.jpg\" \/>\n\t<meta property=\"og:image:width\" content=\"1024\" \/>\n\t<meta property=\"og:image:height\" content=\"685\" \/>\n\t<meta property=\"og:image:type\" content=\"image\/jpeg\" \/>\n<meta name=\"twitter:card\" content=\"summary_large_image\" \/>\n<script type=\"application\/ld+json\" class=\"yoast-schema-graph\">{\"@context\":\"https:\/\/schema.org\",\"@graph\":[{\"@type\":\"WebPage\",\"@id\":\"https:\/\/dev.eliassen.nl\/de\/bird-fantasy-edelstahl-bercadius-angler\/\",\"url\":\"https:\/\/dev.eliassen.nl\/de\/bird-fantasy-edelstahl-bercadius-angler\/\",\"name\":\"Image Bird Edelstahl Bercadius Angler - Eliassen.nl\",\"isPartOf\":{\"@id\":\"https:\/\/dev.eliassen.nl\/de\/#website\"},\"primaryImageOfPage\":{\"@id\":\"https:\/\/dev.eliassen.nl\/de\/bird-fantasy-edelstahl-bercadius-angler\/#primaryimage\"},\"image\":{\"@id\":\"https:\/\/dev.eliassen.nl\/de\/bird-fantasy-edelstahl-bercadius-angler\/#primaryimage\"},\"thumbnailUrl\":\"https:\/\/dev.eliassen.nl\/wp-content\/uploads\/2024\/01\/bercadiusangler.jpg\",\"datePublished\":\"2019-10-28T17:07:43+00:00\",\"dateModified\":\"2024-12-05T14:21:45+00:00\",\"description\":\"Bild Vogel RVS Bercadius Angler und viele andere Tierfiguren in unserem Webshop. Gro\u00dfe Sammlung von Figuren und Statuen in unserem ...\",\"breadcrumb\":{\"@id\":\"https:\/\/dev.eliassen.nl\/de\/bird-fantasy-edelstahl-bercadius-angler\/#breadcrumb\"},\"inLanguage\":\"de\",\"potentialAction\":[{\"@type\":\"ReadAction\",\"target\":[\"https:\/\/dev.eliassen.nl\/de\/bird-fantasy-edelstahl-bercadius-angler\/\"]}]},{\"@type\":\"ImageObject\",\"inLanguage\":\"de\",\"@id\":\"https:\/\/dev.eliassen.nl\/de\/bird-fantasy-edelstahl-bercadius-angler\/#primaryimage\",\"url\":\"https:\/\/dev.eliassen.nl\/wp-content\/uploads\/2024\/01\/bercadiusangler.jpg\",\"contentUrl\":\"https:\/\/dev.eliassen.nl\/wp-content\/uploads\/2024\/01\/bercadiusangler.jpg\",\"width\":1024,\"height\":685,\"caption\":\"bercadius-angler\"},{\"@type\":\"BreadcrumbList\",\"@id\":\"https:\/\/dev.eliassen.nl\/de\/bird-fantasy-edelstahl-bercadius-angler\/#breadcrumb\",\"itemListElement\":[{\"@type\":\"ListItem\",\"position\":1,\"name\":\"Home\",\"item\":\"https:\/\/dev.eliassen.nl\/de\/\"},{\"@type\":\"ListItem\",\"position\":2,\"name\":\"Shop\",\"item\":\"https:\/\/dev.eliassen.nl\/nl\/winkel\/\"},{\"@type\":\"ListItem\",\"position\":3,\"name\":\"Dekoration aus Metall\",\"item\":\"https:\/\/dev.eliassen.nl\/de\/dekoration-aus-metall\/\"},{\"@type\":\"ListItem\",\"position\":4,\"name\":\"V\u00f6gel aus Edelstahl\",\"item\":\"https:\/\/dev.eliassen.nl\/de\/dekoration-aus-metall\/voegel-aus-edelstahl\/\"},{\"@type\":\"ListItem\",\"position\":5,\"name\":\"Bird Fantasy Edelstahl Bercadius Angler\"}]},{\"@type\":\"WebSite\",\"@id\":\"https:\/\/dev.eliassen.nl\/de\/#website\",\"url\":\"https:\/\/dev.eliassen.nl\/de\/\",\"name\":\"Eliassen Home & Garden Pleasure\",\"description\":\"\",\"publisher\":{\"@id\":\"https:\/\/dev.eliassen.nl\/de\/#organization\"},\"alternateName\":\"Eliassen.nl\",\"potentialAction\":[{\"@type\":\"SearchAction\",\"target\":{\"@type\":\"EntryPoint\",\"urlTemplate\":\"https:\/\/dev.eliassen.nl\/de\/?s={search_term_string}\"},\"query-input\":{\"@type\":\"PropertyValueSpecification\",\"valueRequired\":true,\"valueName\":\"search_term_string\"}}],\"inLanguage\":\"de\"},{\"@type\":\"Organization\",\"@id\":\"https:\/\/dev.eliassen.nl\/de\/#organization\",\"name\":\"Eliassen Home & Garden Pleasure\",\"url\":\"https:\/\/dev.eliassen.nl\/de\/\",\"logo\":{\"@type\":\"ImageObject\",\"inLanguage\":\"de\",\"@id\":\"https:\/\/dev.eliassen.nl\/de\/#\/schema\/logo\/image\/\",\"url\":\"https:\/\/www.eliassen.nl\/wp-content\/uploads\/2024\/01\/logo_4nd.jpg\",\"contentUrl\":\"https:\/\/www.eliassen.nl\/wp-content\/uploads\/2024\/01\/logo_4nd.jpg\",\"width\":500,\"height\":500,\"caption\":\"Eliassen Home & Garden Pleasure\"},\"image\":{\"@id\":\"https:\/\/dev.eliassen.nl\/de\/#\/schema\/logo\/image\/\"},\"sameAs\":[\"https:\/\/www.facebook.com\/TuincentrumEliassenAmmerzoden\",\"https:\/\/www.instagram.com\/eliassenhomeandgarden\/\",\"https:\/\/nl.pinterest.com\/eliassenhomeandgarden\/\",\"https:\/\/www.youtube.com\/@eliassenhomegardenpleasure4558\"]}]}<\/script>\n<!-- \/ Yoast SEO plugin. -->","yoast_head_json":{"title":"Image Bird Edelstahl Bercadius Angler - Eliassen.nl","description":"Bild Vogel RVS Bercadius Angler und viele andere Tierfiguren in unserem Webshop. Gro\u00dfe Sammlung von Figuren und Statuen in unserem ...","robots":{"index":"noindex","follow":"follow","max-snippet":"max-snippet:-1","max-image-preview":"max-image-preview:large","max-video-preview":"max-video-preview:-1"},"og_locale":"de_DE","og_type":"article","og_title":"Image Bird Edelstahl Bercadius Angler - Eliassen.nl","og_description":"Bild Vogel RVS Bercadius Angler und viele andere Tierfiguren in unserem Webshop. Gro\u00dfe Sammlung von Figuren und Statuen in unserem ...","og_url":"https:\/\/dev.eliassen.nl\/de\/bird-fantasy-edelstahl-bercadius-angler\/","og_site_name":"Eliassen.nl","article_publisher":"https:\/\/www.facebook.com\/TuincentrumEliassenAmmerzoden","article_modified_time":"2024-12-05T14:21:45+00:00","og_image":[{"width":1024,"height":685,"url":"https:\/\/dev.eliassen.nl\/wp-content\/uploads\/2024\/01\/bercadiusangler.jpg","type":"image\/jpeg"}],"twitter_card":"summary_large_image","schema":{"@context":"https:\/\/schema.org","@graph":[{"@type":"WebPage","@id":"https:\/\/dev.eliassen.nl\/de\/bird-fantasy-edelstahl-bercadius-angler\/","url":"https:\/\/dev.eliassen.nl\/de\/bird-fantasy-edelstahl-bercadius-angler\/","name":"Image Bird Edelstahl Bercadius Angler - Eliassen.nl","isPartOf":{"@id":"https:\/\/dev.eliassen.nl\/de\/#website"},"primaryImageOfPage":{"@id":"https:\/\/dev.eliassen.nl\/de\/bird-fantasy-edelstahl-bercadius-angler\/#primaryimage"},"image":{"@id":"https:\/\/dev.eliassen.nl\/de\/bird-fantasy-edelstahl-bercadius-angler\/#primaryimage"},"thumbnailUrl":"https:\/\/dev.eliassen.nl\/wp-content\/uploads\/2024\/01\/bercadiusangler.jpg","datePublished":"2019-10-28T17:07:43+00:00","dateModified":"2024-12-05T14:21:45+00:00","description":"Bild Vogel RVS Bercadius Angler und viele andere Tierfiguren in unserem Webshop. Gro\u00dfe Sammlung von Figuren und Statuen in unserem ...","breadcrumb":{"@id":"https:\/\/dev.eliassen.nl\/de\/bird-fantasy-edelstahl-bercadius-angler\/#breadcrumb"},"inLanguage":"de","potentialAction":[{"@type":"ReadAction","target":["https:\/\/dev.eliassen.nl\/de\/bird-fantasy-edelstahl-bercadius-angler\/"]}]},{"@type":"ImageObject","inLanguage":"de","@id":"https:\/\/dev.eliassen.nl\/de\/bird-fantasy-edelstahl-bercadius-angler\/#primaryimage","url":"https:\/\/dev.eliassen.nl\/wp-content\/uploads\/2024\/01\/bercadiusangler.jpg","contentUrl":"https:\/\/dev.eliassen.nl\/wp-content\/uploads\/2024\/01\/bercadiusangler.jpg","width":1024,"height":685,"caption":"bercadius-angler"},{"@type":"BreadcrumbList","@id":"https:\/\/dev.eliassen.nl\/de\/bird-fantasy-edelstahl-bercadius-angler\/#breadcrumb","itemListElement":[{"@type":"ListItem","position":1,"name":"Home","item":"https:\/\/dev.eliassen.nl\/de\/"},{"@type":"ListItem","position":2,"name":"Shop","item":"https:\/\/dev.eliassen.nl\/nl\/winkel\/"},{"@type":"ListItem","position":3,"name":"Dekoration aus Metall","item":"https:\/\/dev.eliassen.nl\/de\/dekoration-aus-metall\/"},{"@type":"ListItem","position":4,"name":"V\u00f6gel aus Edelstahl","item":"https:\/\/dev.eliassen.nl\/de\/dekoration-aus-metall\/voegel-aus-edelstahl\/"},{"@type":"ListItem","position":5,"name":"Bird Fantasy Edelstahl Bercadius Angler"}]},{"@type":"WebSite","@id":"https:\/\/dev.eliassen.nl\/de\/#website","url":"https:\/\/dev.eliassen.nl\/de\/","name":"Eliassen Home & Garden Pleasure","description":"","publisher":{"@id":"https:\/\/dev.eliassen.nl\/de\/#organization"},"alternateName":"Eliassen.nl","potentialAction":[{"@type":"SearchAction","target":{"@type":"EntryPoint","urlTemplate":"https:\/\/dev.eliassen.nl\/de\/?s={search_term_string}"},"query-input":{"@type":"PropertyValueSpecification","valueRequired":true,"valueName":"search_term_string"}}],"inLanguage":"de"},{"@type":"Organization","@id":"https:\/\/dev.eliassen.nl\/de\/#organization","name":"Eliassen Home & Garden Pleasure","url":"https:\/\/dev.eliassen.nl\/de\/","logo":{"@type":"ImageObject","inLanguage":"de","@id":"https:\/\/dev.eliassen.nl\/de\/#\/schema\/logo\/image\/","url":"https:\/\/www.eliassen.nl\/wp-content\/uploads\/2024\/01\/logo_4nd.jpg","contentUrl":"https:\/\/www.eliassen.nl\/wp-content\/uploads\/2024\/01\/logo_4nd.jpg","width":500,"height":500,"caption":"Eliassen Home & Garden Pleasure"},"image":{"@id":"https:\/\/dev.eliassen.nl\/de\/#\/schema\/logo\/image\/"},"sameAs":["https:\/\/www.facebook.com\/TuincentrumEliassenAmmerzoden","https:\/\/www.instagram.com\/eliassenhomeandgarden\/","https:\/\/nl.pinterest.com\/eliassenhomeandgarden\/","https:\/\/www.youtube.com\/@eliassenhomegardenpleasure4558"]}]}},"df_price":38.5,"df_sale_price":"","df_regular_price":38.5,"df_image_link":"https:\/\/dev.eliassen.nl\/wp-content\/uploads\/2024\/01\/bercadiusangler.jpg","image":"https:\/\/dev.eliassen.nl\/wp-content\/uploads\/2024\/01\/bercadiusangler.jpg","price_search":"<span class=\"woocommerce-Price-amount amount\"><bdi><span class=\"woocommerce-Price-currencySymbol\">&euro;<\/span>&nbsp;38,50<\/bdi><\/span>","category":"Dekoration aus Metall","_links":{"self":[{"href":"https:\/\/dev.eliassen.nl\/de\/wp-json\/wp\/v2\/product\/14695","targetHints":{"allow":["GET"]}}],"collection":[{"href":"https:\/\/dev.eliassen.nl\/de\/wp-json\/wp\/v2\/product"}],"about":[{"href":"https:\/\/dev.eliassen.nl\/de\/wp-json\/wp\/v2\/types\/product"}],"wp:featuredmedia":[{"embeddable":true,"href":"https:\/\/dev.eliassen.nl\/de\/wp-json\/wp\/v2\/media\/14683"}],"wp:attachment":[{"href":"https:\/\/dev.eliassen.nl\/de\/wp-json\/wp\/v2\/media?parent=14695"}],"wp:term":[{"taxonomy":"product_brand","embeddable":true,"href":"https:\/\/dev.eliassen.nl\/de\/wp-json\/wp\/v2\/product_brand?post=14695"},{"taxonomy":"product_cat","embeddable":true,"href":"https:\/\/dev.eliassen.nl\/de\/wp-json\/wp\/v2\/product_cat?post=14695"},{"taxonomy":"product_tag","embeddable":true,"href":"https:\/\/dev.eliassen.nl\/de\/wp-json\/wp\/v2\/product_tag?post=14695"}],"curies":[{"name":"wp","href":"https:\/\/api.w.org\/{rel}","templated":true}]}}